{"id":5590,"date":"2022-02-22T02:20:06","date_gmt":"2022-02-22T02:20:06","guid":{"rendered":"https:\/\/medicinasinc.com\/da\/?post_type=product&#038;p=5590"},"modified":"2022-03-20T00:32:09","modified_gmt":"2022-03-20T00:32:09","slug":"kob-methiopropamin-pulver","status":"publish","type":"product","link":"https:\/\/medicinasinc.com\/da\/product\/kob-methiopropamin-pulver\/","title":{"rendered":"K\u00f8b Methiopropamin Pulver"},"content":{"rendered":"<p><strong>K\u00f8b MPA Methiopropamin Powder p\u00e5 internettet.<\/strong><\/p>\n<p>Methiopropamin, ogs\u00e5 kendt som MPA, Methedrene og Syndrax, er en strukturel analog af metamfetamin. Den har en thiophenring som metamfetamin. Methiopropamin siges blandt andet at for\u00e5rsage mild eufori og \u00f8get opm\u00e6rksomhed. Det er cirka en tredjedel s\u00e5 st\u00e6rkt som dextroamphetamin.<\/p>\n<p>Cas nummer: 801156-47-8<br \/> S\u00e5dan virker formlen: C8H13NS<br \/> IUPAC: 1-(Thiophen-2- yl) 2-methylaminopropan er navnet.<br \/> Udseende:<br \/> Renhed:<\/p>\n<div class=\"product-next-previous\">\n<div class=\"product-prev\"><\/div><\/div>\n","protected":false},"excerpt":{"rendered":"<p>I vores Bestglobalmeds.com online butik kan du k\u00f8be MPA Methiopropamin pulver til salg i Storbritannien, Europa og over hele verden! Vi har den bedste MPA Methiopropamin til salg, og du kan k\u00f8be den hos os!<\/p>\n<p>Shop efter MPA Methiopropamin Powder p\u00e5 nettet. Methiopropamin er navnet p\u00e5 l\u00e6gemidlet. Det samme som metamfetamin<br \/> 100 til 200 mg er den anbefalede dosis.<\/p>\n<p>K\u00f8b rent methiopropaminpulver af h\u00f8j kvalitet online med Bitcoin \u2013 du kan g\u00f8re dette.<\/p>\n<p>Shop for lovligt stoffer online, k\u00f8b forskningskemikalier, r\u00e5 farmaceutiske pulvere og mere i en butik.<\/p>\n<p>Methiopropamin (MPA) er et syntetisk stof, der ligner amfetamin meget og plejede at blive solgt som et &#8220;lovligt stof. alternativ&#8221; til kokain. Advisory Council on the Misuse of Drugs har anbefalet, at MPA klassificeres som et klasse B-l\u00e6gemiddel (ACMD).<\/p>\n","protected":false},"featured_media":5600,"comment_status":"open","ping_status":"closed","template":"","meta":[],"product_brand":[],"product_cat":[2014],"product_tag":[3244,3247,3240,3248,3234,3232,3246,3241,3243,3236,3242,3238,3239,3237,3235,3245,3233],"class_list":{"0":"post-5590","1":"product","2":"type-product","3":"status-publish","4":"has-post-thumbnail","6":"product_cat-kb-forskningskemikalier","7":"product_tag-bestil-methiopropamin-online","8":"product_tag-det-bedste-sted-at-kbe-methiopropamin-online","9":"product_tag-methiopropamin-detailhandel","10":"product_tag-hvor-kan-kbes-methiopropamin-online","11":"product_tag-methiopropamin-kb","12":"product_tag-kb-methiopropamin-online","13":"product_tag-leverandr-af-metiopropamin","14":"product_tag-methiopropamin-anmeldelser","15":"product_tag-methiopropamin-engros","16":"product_tag-methiopropamin-europa-engros","17":"product_tag-methiopropamin-leverandr","18":"product_tag-methiopropamin-orden","19":"product_tag-methiopropamin-reddit","20":"product_tag-methiopropamin-til-salg","21":"product_tag-methiopropamin-effekt","22":"product_tag-purchase-methiopropamine-online","23":"product_tag-hvordan-man-kber-methiopropamin-online","25":"first","26":"instock","27":"shipping-taxable","28":"purchasable","29":"product-type-variable","30":"has-default-attributes"},"yoast_head":"<!-- This site is optimized with the Yoast SEO plugin v27.3 - https:\/\/yoast.com\/product\/yoast-seo-wordpress\/ -->\n<title>K\u00f8b Methiopropamin Powder - K\u00f8b MPA - Bedste globale medicin<\/title>\n<meta name=\"description\" content=\"K\u00f8b MPA Methiopropamin pulver UK, Europa i vores Bestglobalmeds.com online shop med hurtig levering over hele verden! Den bedste MPA Methiopropamin til salg finder du her!\" \/>\n<meta name=\"robots\" content=\"index, follow, max-snippet:-1, max-image-preview:large, max-video-preview:-1\" \/>\n<link rel=\"canonical\" href=\"https:\/\/medicinasinc.com\/da\/product\/kob-methiopropamin-pulver\/\" \/>\n<meta property=\"og:locale\" content=\"en_US\" \/>\n<meta property=\"og:type\" content=\"article\" \/>\n<meta property=\"og:title\" content=\"K\u00f8b Methiopropamin Powder - K\u00f8b MPA - Bedste globale medicin\" \/>\n<meta property=\"og:description\" content=\"K\u00f8b MPA Methiopropamin pulver UK, Europa i vores Bestglobalmeds.com online shop med hurtig levering over hele verden! Den bedste MPA Methiopropamin til salg finder du her!\" \/>\n<meta property=\"og:url\" content=\"https:\/\/medicinasinc.com\/da\/product\/kob-methiopropamin-pulver\/\" \/>\n<meta property=\"og:site_name\" content=\"Medicinas Inc\" \/>\n<meta property=\"article:modified_time\" content=\"2022-03-20T00:32:09+00:00\" \/>\n<meta property=\"og:image\" content=\"https:\/\/medicinasinc.com\/da\/wp-content\/uploads\/sites\/8\/2022\/02\/Buy-Methiopropamine-powder.png\" \/>\n\t<meta property=\"og:image:width\" content=\"457\" \/>\n\t<meta property=\"og:image:height\" content=\"323\" \/>\n\t<meta property=\"og:image:type\" content=\"image\/png\" \/>\n<meta name=\"twitter:card\" content=\"summary_large_image\" \/>\n<meta name=\"twitter:label1\" content=\"Est. reading time\" \/>\n\t<meta name=\"twitter:data1\" content=\"1 minute\" \/>\n<script type=\"application\/ld+json\" class=\"yoast-schema-graph\">{\"@context\":\"https:\\\/\\\/schema.org\",\"@graph\":[{\"@type\":\"WebPage\",\"@id\":\"https:\\\/\\\/medicinasinc.com\\\/da\\\/product\\\/kob-methiopropamin-pulver\\\/\",\"url\":\"https:\\\/\\\/medicinasinc.com\\\/da\\\/product\\\/kob-methiopropamin-pulver\\\/\",\"name\":\"K\u00f8b Methiopropamin Powder - K\u00f8b MPA - Bedste globale medicin\",\"isPartOf\":{\"@id\":\"https:\\\/\\\/medicinasinc.com\\\/da\\\/#website\"},\"primaryImageOfPage\":{\"@id\":\"https:\\\/\\\/medicinasinc.com\\\/da\\\/product\\\/kob-methiopropamin-pulver\\\/#primaryimage\"},\"image\":{\"@id\":\"https:\\\/\\\/medicinasinc.com\\\/da\\\/product\\\/kob-methiopropamin-pulver\\\/#primaryimage\"},\"thumbnailUrl\":\"https:\\\/\\\/medicinasinc.com\\\/da\\\/wp-content\\\/uploads\\\/sites\\\/8\\\/2022\\\/02\\\/Buy-Methiopropamine-powder.png\",\"datePublished\":\"2022-02-22T02:20:06+00:00\",\"dateModified\":\"2022-03-20T00:32:09+00:00\",\"description\":\"K\u00f8b MPA Methiopropamin pulver UK, Europa i vores Bestglobalmeds.com online shop med hurtig levering over hele verden! Den bedste MPA Methiopropamin til salg finder du her!\",\"breadcrumb\":{\"@id\":\"https:\\\/\\\/medicinasinc.com\\\/da\\\/product\\\/kob-methiopropamin-pulver\\\/#breadcrumb\"},\"inLanguage\":\"en-US\",\"potentialAction\":[{\"@type\":\"ReadAction\",\"target\":[\"https:\\\/\\\/medicinasinc.com\\\/da\\\/product\\\/kob-methiopropamin-pulver\\\/\"]}]},{\"@type\":\"ImageObject\",\"inLanguage\":\"en-US\",\"@id\":\"https:\\\/\\\/medicinasinc.com\\\/da\\\/product\\\/kob-methiopropamin-pulver\\\/#primaryimage\",\"url\":\"https:\\\/\\\/medicinasinc.com\\\/da\\\/wp-content\\\/uploads\\\/sites\\\/8\\\/2022\\\/02\\\/Buy-Methiopropamine-powder.png\",\"contentUrl\":\"https:\\\/\\\/medicinasinc.com\\\/da\\\/wp-content\\\/uploads\\\/sites\\\/8\\\/2022\\\/02\\\/Buy-Methiopropamine-powder.png\",\"width\":457,\"height\":323},{\"@type\":\"BreadcrumbList\",\"@id\":\"https:\\\/\\\/medicinasinc.com\\\/da\\\/product\\\/kob-methiopropamin-pulver\\\/#breadcrumb\",\"itemListElement\":[{\"@type\":\"ListItem\",\"position\":1,\"name\":\"Butik\",\"item\":\"https:\\\/\\\/medicinasinc.com\\\/da\\\/butik\\\/\"},{\"@type\":\"ListItem\",\"position\":2,\"name\":\"K\u00f8b Methiopropamin Pulver\"}]},{\"@type\":\"WebSite\",\"@id\":\"https:\\\/\\\/medicinasinc.com\\\/da\\\/#website\",\"url\":\"https:\\\/\\\/medicinasinc.com\\\/da\\\/\",\"name\":\"Medicinas Inc\",\"description\":\"Health Medical Clinic\",\"potentialAction\":[{\"@type\":\"SearchAction\",\"target\":{\"@type\":\"EntryPoint\",\"urlTemplate\":\"https:\\\/\\\/medicinasinc.com\\\/da\\\/?s={search_term_string}\"},\"query-input\":{\"@type\":\"PropertyValueSpecification\",\"valueRequired\":true,\"valueName\":\"search_term_string\"}}],\"inLanguage\":\"en-US\"}]}<\/script>\n<!-- \/ Yoast SEO plugin. -->","yoast_head_json":{"title":"K\u00f8b Methiopropamin Powder - K\u00f8b MPA - Bedste globale medicin","description":"K\u00f8b MPA Methiopropamin pulver UK, Europa i vores Bestglobalmeds.com online shop med hurtig levering over hele verden! Den bedste MPA Methiopropamin til salg finder du her!","robots":{"index":"index","follow":"follow","max-snippet":"max-snippet:-1","max-image-preview":"max-image-preview:large","max-video-preview":"max-video-preview:-1"},"canonical":"https:\/\/medicinasinc.com\/da\/product\/kob-methiopropamin-pulver\/","og_locale":"en_US","og_type":"article","og_title":"K\u00f8b Methiopropamin Powder - K\u00f8b MPA - Bedste globale medicin","og_description":"K\u00f8b MPA Methiopropamin pulver UK, Europa i vores Bestglobalmeds.com online shop med hurtig levering over hele verden! Den bedste MPA Methiopropamin til salg finder du her!","og_url":"https:\/\/medicinasinc.com\/da\/product\/kob-methiopropamin-pulver\/","og_site_name":"Medicinas Inc","article_modified_time":"2022-03-20T00:32:09+00:00","og_image":[{"width":457,"height":323,"url":"https:\/\/medicinasinc.com\/da\/wp-content\/uploads\/sites\/8\/2022\/02\/Buy-Methiopropamine-powder.png","type":"image\/png"}],"twitter_card":"summary_large_image","twitter_misc":{"Est. reading time":"1 minute"},"schema":{"@context":"https:\/\/schema.org","@graph":[{"@type":"WebPage","@id":"https:\/\/medicinasinc.com\/da\/product\/kob-methiopropamin-pulver\/","url":"https:\/\/medicinasinc.com\/da\/product\/kob-methiopropamin-pulver\/","name":"K\u00f8b Methiopropamin Powder - K\u00f8b MPA - Bedste globale medicin","isPartOf":{"@id":"https:\/\/medicinasinc.com\/da\/#website"},"primaryImageOfPage":{"@id":"https:\/\/medicinasinc.com\/da\/product\/kob-methiopropamin-pulver\/#primaryimage"},"image":{"@id":"https:\/\/medicinasinc.com\/da\/product\/kob-methiopropamin-pulver\/#primaryimage"},"thumbnailUrl":"https:\/\/medicinasinc.com\/da\/wp-content\/uploads\/sites\/8\/2022\/02\/Buy-Methiopropamine-powder.png","datePublished":"2022-02-22T02:20:06+00:00","dateModified":"2022-03-20T00:32:09+00:00","description":"K\u00f8b MPA Methiopropamin pulver UK, Europa i vores Bestglobalmeds.com online shop med hurtig levering over hele verden! Den bedste MPA Methiopropamin til salg finder du her!","breadcrumb":{"@id":"https:\/\/medicinasinc.com\/da\/product\/kob-methiopropamin-pulver\/#breadcrumb"},"inLanguage":"en-US","potentialAction":[{"@type":"ReadAction","target":["https:\/\/medicinasinc.com\/da\/product\/kob-methiopropamin-pulver\/"]}]},{"@type":"ImageObject","inLanguage":"en-US","@id":"https:\/\/medicinasinc.com\/da\/product\/kob-methiopropamin-pulver\/#primaryimage","url":"https:\/\/medicinasinc.com\/da\/wp-content\/uploads\/sites\/8\/2022\/02\/Buy-Methiopropamine-powder.png","contentUrl":"https:\/\/medicinasinc.com\/da\/wp-content\/uploads\/sites\/8\/2022\/02\/Buy-Methiopropamine-powder.png","width":457,"height":323},{"@type":"BreadcrumbList","@id":"https:\/\/medicinasinc.com\/da\/product\/kob-methiopropamin-pulver\/#breadcrumb","itemListElement":[{"@type":"ListItem","position":1,"name":"Butik","item":"https:\/\/medicinasinc.com\/da\/butik\/"},{"@type":"ListItem","position":2,"name":"K\u00f8b Methiopropamin Pulver"}]},{"@type":"WebSite","@id":"https:\/\/medicinasinc.com\/da\/#website","url":"https:\/\/medicinasinc.com\/da\/","name":"Medicinas Inc","description":"Health Medical Clinic","potentialAction":[{"@type":"SearchAction","target":{"@type":"EntryPoint","urlTemplate":"https:\/\/medicinasinc.com\/da\/?s={search_term_string}"},"query-input":{"@type":"PropertyValueSpecification","valueRequired":true,"valueName":"search_term_string"}}],"inLanguage":"en-US"}]}},"_links":{"self":[{"href":"https:\/\/medicinasinc.com\/da\/wp-json\/wp\/v2\/product\/5590","targetHints":{"allow":["GET"]}}],"collection":[{"href":"https:\/\/medicinasinc.com\/da\/wp-json\/wp\/v2\/product"}],"about":[{"href":"https:\/\/medicinasinc.com\/da\/wp-json\/wp\/v2\/types\/product"}],"replies":[{"embeddable":true,"href":"https:\/\/medicinasinc.com\/da\/wp-json\/wp\/v2\/comments?post=5590"}],"wp:featuredmedia":[{"embeddable":true,"href":"https:\/\/medicinasinc.com\/da\/wp-json\/wp\/v2\/media\/5600"}],"wp:attachment":[{"href":"https:\/\/medicinasinc.com\/da\/wp-json\/wp\/v2\/media?parent=5590"}],"wp:term":[{"taxonomy":"product_brand","embeddable":true,"href":"https:\/\/medicinasinc.com\/da\/wp-json\/wp\/v2\/product_brand?post=5590"},{"taxonomy":"product_cat","embeddable":true,"href":"https:\/\/medicinasinc.com\/da\/wp-json\/wp\/v2\/product_cat?post=5590"},{"taxonomy":"product_tag","embeddable":true,"href":"https:\/\/medicinasinc.com\/da\/wp-json\/wp\/v2\/product_tag?post=5590"}],"curies":[{"name":"wp","href":"https:\/\/api.w.org\/{rel}","templated":true}]}}