{"id":5589,"date":"2022-02-22T02:18:17","date_gmt":"2022-02-22T02:18:17","guid":{"rendered":"https:\/\/medicinasinc.com\/da\/?post_type=product&#038;p=5589"},"modified":"2022-03-20T00:32:17","modified_gmt":"2022-03-20T00:32:17","slug":"kob-metizolam-2mg-pellets-online","status":"publish","type":"product","link":"https:\/\/medicinasinc.com\/da\/product\/kob-metizolam-2mg-pellets-online\/","title":{"rendered":"K\u00f8b Metizolam 2mg pellets online"},"content":{"rendered":"<p>Det bedste sted at k\u00f8be Metizolam 2mg pellets er online.<\/p>\n<p>K\u00f8b 2 mg pellets af Metizolam. Forkortelse for 4-(2-chlorphenyl)-2-ethyl-6H-thieno. [3,2-f] [1,2,4] triazolo[4,3-a][1,4] Et diazepin, som ogs\u00e5 kaldes etizolam, er N-desmethyl-versionen af \u200b\u200bdet. K\u00f8b derfor 2 mg pellets af Metizolam. Metizolam er en allosterisk modulator for Gaba-receptorer i laboratoriet. metizolam pulver er til salg p\u00e5 nettet.<\/p>\n<p>Vi har ogs\u00e5 kemikalier, der ikke er godkendt til in-vivo forskning K\u00f8b Metizolam 2mg Pellets, s\u00e5 hvis nogen ved et uheld indtager dem, skal de g\u00e5 til l\u00e6gen med det samme og f\u00e5 hj\u00e6lp. F\u00f8lg venligst standard laboratoriesikkerhedsregler, s\u00e5som at b\u00e6re den rigtige hud-, \u00f8jen- og t\u00f8jbeskyttelse.<\/p>\n<p>K\u00f8b 2 mg Metizolam. Pellets af metizolam kan k\u00f8bes i en butik.<br \/> K\u00f8b\u00a0Metizolam\u00a02mg Pellets af clonazolam er til salg online.<br \/> pulver af pyrazolam kan k\u00f8bes online.<br \/> online kan du k\u00f8be diclazepam til forskning. <br \/> shop for etizolam online<br \/> Fluclotizolam kan k\u00f8bes.<br \/> metizolam pulver er til salg p\u00e5 nettet.<br \/> Pulveret af metizolam er til salg p\u00e5 nettet. Metizolam, som ogs\u00e5 kaldes Desmethyletizol, er et thienodiazepin, der minder meget om Etizolam. Kun 2 mg pellets af Metizolam er tilg\u00e6ngelige. Til mere avancerede forskere, der \u00f8nsker at lave deres eget pulver, har vi det ogs\u00e5 i ren pulverform. Metizolam b\u00f8r, ligesom alle vores andre produkter, bruges p\u00e5 en sikker m\u00e5de af forskere. Dette produkt s\u00e6lges kun til forskningscentre, der allerede er oprettet. metizolam pulver er til salg p\u00e5 nettet.<\/p>\n<p>Etizolam er moderselskabet til Metizolam, som ogs\u00e5 kaldes Desmethyletizolam.<\/p>\n<p>De s\u00e6lges i form af pellets. Kun til forskning! Bestglobalmeds \u00f8nsker ikke, at folk skal bruge forskningskemikalier til andet end forskning. De s\u00e6lger kun Metizolam til forskningsbrug.<\/p>\n","protected":false},"excerpt":{"rendered":"<p>Det bedste sted at k\u00f8be Metizolam 2mg pellets til salg i Storbritannien og Europa er Bestglobalmeds.com. Vi har hurtig levering til hele verden. Her kan du k\u00f8be de bedste Metizolam 2mg pellets til salg.<\/p>\n<p>2mg pellets af metizolam pulver til salg online. Clonazolam pellets er p\u00e5 lager og kan sendes til hvor som helst i verden. I dag kan du k\u00f8be Clonazolam 0,5mg pellets fra butikken.<\/p>\n<p>K\u00f8b 2mg pellets af Metizolam online nu. Det er meget billigt med gratis forsendelse p\u00e5 bulkordrer. Topkvalitet er givet.<\/p>\n<p>Metizolam, ogs\u00e5 kendt som Desmethyletizolam, er et syntetisk d\u00e6mper af thienodiazepin-kemisk klasse. N\u00e5r det tages, siges det at have etizol-lignende virkninger som angstundertrykkelse, h\u00e6mning, sedation, muskelafslapning og hukommelsesundertrykkelse.<\/p>\n","protected":false},"featured_media":5598,"comment_status":"open","ping_status":"closed","template":"","meta":[],"product_brand":[],"product_cat":[2014],"product_tag":[3211,3216,3217,3219,3220,3231,3210,3213,3214,3212,3215,3218,3227,3222,3228,3223,3221,3225,3226,3224,3229,3230],"class_list":{"0":"post-5589","1":"product","2":"type-product","3":"status-publish","4":"has-post-thumbnail","6":"product_cat-kb-forskningskemikalier","7":"product_tag-buy-fluclotizolam","8":"product_tag-buy-metizolam-powder-online-uk","9":"product_tag-buy-metizolam-powder-online-usa","10":"product_tag-clonazolam-til-salg-online","11":"product_tag-etizolam-shop-online","12":"product_tag-forskning-kemikalier-til-salg","13":"product_tag-kb-diclazepam-online","14":"product_tag-kb-metizolam-pulver-online","15":"product_tag-kb-metizolam-powder-online-australia","16":"product_tag-kb-metizolam-2mg-pellets","17":"product_tag-kb-metizolam-pulver-online-canada","18":"product_tag-kb-pyrazolam-pulver-online","19":"product_tag-metizolam-2mg-pellets-detail","20":"product_tag-metizolam-2mg-pellets-effekt","21":"product_tag-metizolam-2mg-pellets-engros","22":"product_tag-metizolam-2mg-pellets-europa","23":"product_tag-metizolam-2mg-pellets-kb","24":"product_tag-metizolam-2mg-pellets-order","25":"product_tag-metizolam-2mg-pellets-reddit","26":"product_tag-metizolam-2mg-pellets-til-salg","27":"product_tag-metizolam-kb","28":"product_tag-metizolam-pulver-til-salg-online","30":"first","31":"instock","32":"shipping-taxable","33":"purchasable","34":"product-type-variable"},"yoast_head":"<!-- This site is optimized with the Yoast SEO plugin v27.3 - https:\/\/yoast.com\/product\/yoast-seo-wordpress\/ -->\n<title>K\u00f8b Metizolam 2mg pellets online - bedste globale medicin<\/title>\n<meta name=\"description\" content=\"s\u00f8ger at k\u00f8be Metizolam 2mg pellets til salg i Storbritannien, Europa i vores Bestglobalmeds-butik med hurtig verdensomsp\u00e6ndende forsendelse! De bedste Metizolam 2mg pellets til bestilling finder du her!\" \/>\n<meta name=\"robots\" content=\"index, follow, max-snippet:-1, max-image-preview:large, max-video-preview:-1\" \/>\n<link rel=\"canonical\" href=\"https:\/\/medicinasinc.com\/da\/product\/kob-metizolam-2mg-pellets-online\/\" \/>\n<meta property=\"og:locale\" content=\"en_US\" \/>\n<meta property=\"og:type\" content=\"article\" \/>\n<meta property=\"og:title\" content=\"K\u00f8b Metizolam 2mg pellets online - bedste globale medicin\" \/>\n<meta property=\"og:description\" content=\"s\u00f8ger at k\u00f8be Metizolam 2mg pellets til salg i Storbritannien, Europa i vores Bestglobalmeds-butik med hurtig verdensomsp\u00e6ndende forsendelse! De bedste Metizolam 2mg pellets til bestilling finder du her!\" \/>\n<meta property=\"og:url\" content=\"https:\/\/medicinasinc.com\/da\/product\/kob-metizolam-2mg-pellets-online\/\" \/>\n<meta property=\"og:site_name\" content=\"Medicinas Inc\" \/>\n<meta property=\"article:modified_time\" content=\"2022-03-20T00:32:17+00:00\" \/>\n<meta property=\"og:image\" content=\"https:\/\/medicinasinc.com\/da\/wp-content\/uploads\/sites\/8\/2022\/02\/Buy-Metizolam-2mg-Pellets.jpg\" \/>\n\t<meta property=\"og:image:width\" content=\"600\" \/>\n\t<meta property=\"og:image:height\" content=\"600\" \/>\n\t<meta property=\"og:image:type\" content=\"image\/jpeg\" \/>\n<meta name=\"twitter:card\" content=\"summary_large_image\" \/>\n<meta name=\"twitter:label1\" content=\"Est. reading time\" \/>\n\t<meta name=\"twitter:data1\" content=\"2 minutes\" \/>\n<script type=\"application\/ld+json\" class=\"yoast-schema-graph\">{\"@context\":\"https:\\\/\\\/schema.org\",\"@graph\":[{\"@type\":\"WebPage\",\"@id\":\"https:\\\/\\\/medicinasinc.com\\\/da\\\/product\\\/kob-metizolam-2mg-pellets-online\\\/\",\"url\":\"https:\\\/\\\/medicinasinc.com\\\/da\\\/product\\\/kob-metizolam-2mg-pellets-online\\\/\",\"name\":\"K\u00f8b Metizolam 2mg pellets online - bedste globale medicin\",\"isPartOf\":{\"@id\":\"https:\\\/\\\/medicinasinc.com\\\/da\\\/#website\"},\"primaryImageOfPage\":{\"@id\":\"https:\\\/\\\/medicinasinc.com\\\/da\\\/product\\\/kob-metizolam-2mg-pellets-online\\\/#primaryimage\"},\"image\":{\"@id\":\"https:\\\/\\\/medicinasinc.com\\\/da\\\/product\\\/kob-metizolam-2mg-pellets-online\\\/#primaryimage\"},\"thumbnailUrl\":\"https:\\\/\\\/medicinasinc.com\\\/da\\\/wp-content\\\/uploads\\\/sites\\\/8\\\/2022\\\/02\\\/Buy-Metizolam-2mg-Pellets.jpg\",\"datePublished\":\"2022-02-22T02:18:17+00:00\",\"dateModified\":\"2022-03-20T00:32:17+00:00\",\"description\":\"s\u00f8ger at k\u00f8be Metizolam 2mg pellets til salg i Storbritannien, Europa i vores Bestglobalmeds-butik med hurtig verdensomsp\u00e6ndende forsendelse! De bedste Metizolam 2mg pellets til bestilling finder du her!\",\"breadcrumb\":{\"@id\":\"https:\\\/\\\/medicinasinc.com\\\/da\\\/product\\\/kob-metizolam-2mg-pellets-online\\\/#breadcrumb\"},\"inLanguage\":\"en-US\",\"potentialAction\":[{\"@type\":\"ReadAction\",\"target\":[\"https:\\\/\\\/medicinasinc.com\\\/da\\\/product\\\/kob-metizolam-2mg-pellets-online\\\/\"]}]},{\"@type\":\"ImageObject\",\"inLanguage\":\"en-US\",\"@id\":\"https:\\\/\\\/medicinasinc.com\\\/da\\\/product\\\/kob-metizolam-2mg-pellets-online\\\/#primaryimage\",\"url\":\"https:\\\/\\\/medicinasinc.com\\\/da\\\/wp-content\\\/uploads\\\/sites\\\/8\\\/2022\\\/02\\\/Buy-Metizolam-2mg-Pellets.jpg\",\"contentUrl\":\"https:\\\/\\\/medicinasinc.com\\\/da\\\/wp-content\\\/uploads\\\/sites\\\/8\\\/2022\\\/02\\\/Buy-Metizolam-2mg-Pellets.jpg\",\"width\":600,\"height\":600},{\"@type\":\"BreadcrumbList\",\"@id\":\"https:\\\/\\\/medicinasinc.com\\\/da\\\/product\\\/kob-metizolam-2mg-pellets-online\\\/#breadcrumb\",\"itemListElement\":[{\"@type\":\"ListItem\",\"position\":1,\"name\":\"Butik\",\"item\":\"https:\\\/\\\/medicinasinc.com\\\/da\\\/butik\\\/\"},{\"@type\":\"ListItem\",\"position\":2,\"name\":\"K\u00f8b Metizolam 2mg pellets online\"}]},{\"@type\":\"WebSite\",\"@id\":\"https:\\\/\\\/medicinasinc.com\\\/da\\\/#website\",\"url\":\"https:\\\/\\\/medicinasinc.com\\\/da\\\/\",\"name\":\"Medicinas Inc\",\"description\":\"Health Medical Clinic\",\"potentialAction\":[{\"@type\":\"SearchAction\",\"target\":{\"@type\":\"EntryPoint\",\"urlTemplate\":\"https:\\\/\\\/medicinasinc.com\\\/da\\\/?s={search_term_string}\"},\"query-input\":{\"@type\":\"PropertyValueSpecification\",\"valueRequired\":true,\"valueName\":\"search_term_string\"}}],\"inLanguage\":\"en-US\"}]}<\/script>\n<!-- \/ Yoast SEO plugin. -->","yoast_head_json":{"title":"K\u00f8b Metizolam 2mg pellets online - bedste globale medicin","description":"s\u00f8ger at k\u00f8be Metizolam 2mg pellets til salg i Storbritannien, Europa i vores Bestglobalmeds-butik med hurtig verdensomsp\u00e6ndende forsendelse! De bedste Metizolam 2mg pellets til bestilling finder du her!","robots":{"index":"index","follow":"follow","max-snippet":"max-snippet:-1","max-image-preview":"max-image-preview:large","max-video-preview":"max-video-preview:-1"},"canonical":"https:\/\/medicinasinc.com\/da\/product\/kob-metizolam-2mg-pellets-online\/","og_locale":"en_US","og_type":"article","og_title":"K\u00f8b Metizolam 2mg pellets online - bedste globale medicin","og_description":"s\u00f8ger at k\u00f8be Metizolam 2mg pellets til salg i Storbritannien, Europa i vores Bestglobalmeds-butik med hurtig verdensomsp\u00e6ndende forsendelse! De bedste Metizolam 2mg pellets til bestilling finder du her!","og_url":"https:\/\/medicinasinc.com\/da\/product\/kob-metizolam-2mg-pellets-online\/","og_site_name":"Medicinas Inc","article_modified_time":"2022-03-20T00:32:17+00:00","og_image":[{"width":600,"height":600,"url":"https:\/\/medicinasinc.com\/da\/wp-content\/uploads\/sites\/8\/2022\/02\/Buy-Metizolam-2mg-Pellets.jpg","type":"image\/jpeg"}],"twitter_card":"summary_large_image","twitter_misc":{"Est. reading time":"2 minutes"},"schema":{"@context":"https:\/\/schema.org","@graph":[{"@type":"WebPage","@id":"https:\/\/medicinasinc.com\/da\/product\/kob-metizolam-2mg-pellets-online\/","url":"https:\/\/medicinasinc.com\/da\/product\/kob-metizolam-2mg-pellets-online\/","name":"K\u00f8b Metizolam 2mg pellets online - bedste globale medicin","isPartOf":{"@id":"https:\/\/medicinasinc.com\/da\/#website"},"primaryImageOfPage":{"@id":"https:\/\/medicinasinc.com\/da\/product\/kob-metizolam-2mg-pellets-online\/#primaryimage"},"image":{"@id":"https:\/\/medicinasinc.com\/da\/product\/kob-metizolam-2mg-pellets-online\/#primaryimage"},"thumbnailUrl":"https:\/\/medicinasinc.com\/da\/wp-content\/uploads\/sites\/8\/2022\/02\/Buy-Metizolam-2mg-Pellets.jpg","datePublished":"2022-02-22T02:18:17+00:00","dateModified":"2022-03-20T00:32:17+00:00","description":"s\u00f8ger at k\u00f8be Metizolam 2mg pellets til salg i Storbritannien, Europa i vores Bestglobalmeds-butik med hurtig verdensomsp\u00e6ndende forsendelse! De bedste Metizolam 2mg pellets til bestilling finder du her!","breadcrumb":{"@id":"https:\/\/medicinasinc.com\/da\/product\/kob-metizolam-2mg-pellets-online\/#breadcrumb"},"inLanguage":"en-US","potentialAction":[{"@type":"ReadAction","target":["https:\/\/medicinasinc.com\/da\/product\/kob-metizolam-2mg-pellets-online\/"]}]},{"@type":"ImageObject","inLanguage":"en-US","@id":"https:\/\/medicinasinc.com\/da\/product\/kob-metizolam-2mg-pellets-online\/#primaryimage","url":"https:\/\/medicinasinc.com\/da\/wp-content\/uploads\/sites\/8\/2022\/02\/Buy-Metizolam-2mg-Pellets.jpg","contentUrl":"https:\/\/medicinasinc.com\/da\/wp-content\/uploads\/sites\/8\/2022\/02\/Buy-Metizolam-2mg-Pellets.jpg","width":600,"height":600},{"@type":"BreadcrumbList","@id":"https:\/\/medicinasinc.com\/da\/product\/kob-metizolam-2mg-pellets-online\/#breadcrumb","itemListElement":[{"@type":"ListItem","position":1,"name":"Butik","item":"https:\/\/medicinasinc.com\/da\/butik\/"},{"@type":"ListItem","position":2,"name":"K\u00f8b Metizolam 2mg pellets online"}]},{"@type":"WebSite","@id":"https:\/\/medicinasinc.com\/da\/#website","url":"https:\/\/medicinasinc.com\/da\/","name":"Medicinas Inc","description":"Health Medical Clinic","potentialAction":[{"@type":"SearchAction","target":{"@type":"EntryPoint","urlTemplate":"https:\/\/medicinasinc.com\/da\/?s={search_term_string}"},"query-input":{"@type":"PropertyValueSpecification","valueRequired":true,"valueName":"search_term_string"}}],"inLanguage":"en-US"}]}},"_links":{"self":[{"href":"https:\/\/medicinasinc.com\/da\/wp-json\/wp\/v2\/product\/5589","targetHints":{"allow":["GET"]}}],"collection":[{"href":"https:\/\/medicinasinc.com\/da\/wp-json\/wp\/v2\/product"}],"about":[{"href":"https:\/\/medicinasinc.com\/da\/wp-json\/wp\/v2\/types\/product"}],"replies":[{"embeddable":true,"href":"https:\/\/medicinasinc.com\/da\/wp-json\/wp\/v2\/comments?post=5589"}],"wp:featuredmedia":[{"embeddable":true,"href":"https:\/\/medicinasinc.com\/da\/wp-json\/wp\/v2\/media\/5598"}],"wp:attachment":[{"href":"https:\/\/medicinasinc.com\/da\/wp-json\/wp\/v2\/media?parent=5589"}],"wp:term":[{"taxonomy":"product_brand","embeddable":true,"href":"https:\/\/medicinasinc.com\/da\/wp-json\/wp\/v2\/product_brand?post=5589"},{"taxonomy":"product_cat","embeddable":true,"href":"https:\/\/medicinasinc.com\/da\/wp-json\/wp\/v2\/product_cat?post=5589"},{"taxonomy":"product_tag","embeddable":true,"href":"https:\/\/medicinasinc.com\/da\/wp-json\/wp\/v2\/product_tag?post=5589"}],"curies":[{"name":"wp","href":"https:\/\/api.w.org\/{rel}","templated":true}]}}