{"id":5566,"date":"2022-02-22T01:53:35","date_gmt":"2022-02-22T01:53:35","guid":{"rendered":"https:\/\/medicinasinc.com\/da\/?post_type=product&#038;p=5566"},"modified":"2022-03-20T00:32:28","modified_gmt":"2022-03-20T00:32:28","slug":"metadon-hydrochlorid-usp-pulver-til-oral-brug","status":"publish","type":"product","link":"https:\/\/medicinasinc.com\/da\/product\/metadon-hydrochlorid-usp-pulver-til-oral-brug\/","title":{"rendered":"Metadon Hydrochlorid USP PULVER TIL ORAL BRUG"},"content":{"rendered":"<p>K\u00f8b af metadonhydrochloridpulver<\/p>\n<p>Metadon er et opioidl\u00e6gemiddel, der bruges til at behandle opioidafh\u00e6ngighed og st\u00e6rke smerter.<\/p>\n<p>Metadon kan tages som en pille eller oral opl\u00f8sning til lindre sv\u00e6re smerter.<\/p>\n<p>Drikke med frugtsmag er den mest almindelige form for metadon, n\u00e5r det bruges til behandling af opiatafh\u00e6ngighed. En gang dagligt opl\u00f8ses pulveret og sluges hel.<\/p>\n<p>Metadon er et l\u00e6gemiddel, der bruges til at behandle afh\u00e6ngighed.<\/p>\n<p>Heroin, oxycodon, fentanyl og hydromorfon kan alle erstattes med metadon i behandlingen af \u200b\u200bopioidafh\u00e6ngighed. Udtrykket &#8220;langtidsvirkende&#8221; refererer til en medicin, der har en langsommere inds\u00e6ttende virkning og varer l\u00e6ngere i kroppen. Metadons virkning kan vare alt fra 24 til 36 timer, afh\u00e6ngigt af doseringen. Korttidsvirkende opioider skal derimod tages tre til fire gange om dagen af \u200b\u200ben person, der fors\u00f8ger at undg\u00e5 abstinenser.<\/p>\n<p>S\u00e5 l\u00e6nge den korrekte dosering af metadon bruges, kan det lindre medicintrang og forebygge abstinenssymptomer. Risikoen for opioidmisbrug mindskes, og de, der er afh\u00e6ngige af opioider, har en bedre chance for at f\u00e5 deres liv tilbage p\u00e5 sporet. Metadonvedligeholdelse er en type opioid-agonistbehandling, der bruges til at behandle opioidafh\u00e6ngighed. Buprenorphin, en anden opioidagonist, bruges i behandlingen af \u200b\u200bopioidafh\u00e6ngighed, og det samme g\u00f8r metadon.<\/p>\n<p>Metadon og buprenorphin er begge effektive terapier mod opioidafh\u00e6ngighed, n\u00e5r de bruges i forbindelse med medicinsk og st\u00f8ttende behandling, uanset hvordan man er mere vellykket end den anden for nogle mennesker.<\/p>\n<p>Langtidsbehandling med metadon er p\u00e5kr\u00e6vet. Behandlingsvarigheden varierer fra nogle f\u00e5 m\u00e5neder til op mod to \u00e5rtier. N\u00e5r en metadonbruger beslutter sig for at stoppe med at tage stoffet, neds\u00e6tter deres l\u00e6ge gradvist m\u00e6ngden af \u200b\u200bmetadon, de tager over en periode p\u00e5 uger eller m\u00e5neder.<\/p>\n<p>Bivirkninger af metadon<\/p>\n<p>Blandt de mulige bivirkninger:<\/p>\n<p>Lyshovedet er for\u00e5rsaget af forstoppelse kraftig svedtendens mundt\u00f8rhed og \u00e6ndringer i k\u00f8n.<\/p>\n<p>&nbsp;<\/p>\n","protected":false},"excerpt":{"rendered":"<p>K\u00f8b Metho Methadon HCL-pulver online. Metho Metadon HCL-pulver engros\u00a099,8 % Pure @ engrospriser. Metho (Methadon HCL) behandler moderat til sv\u00e6r smerte.<\/p>\n","protected":false},"featured_media":5578,"comment_status":"open","ping_status":"closed","template":"","meta":[],"product_brand":[],"product_cat":[2014],"product_tag":[3190,3204,3209,3208,3207,3191,3197,3192,3193,3196,3198,3202,3195,3194,3201,3203,3199,3200,3206,3205],"class_list":{"0":"post-5566","1":"product","2":"type-product","3":"status-publish","4":"has-post-thumbnail","6":"product_cat-kb-forskningskemikalier","7":"product_tag-buy-methadone-hydrochloride","8":"product_tag-metadon-pulver-detail","9":"product_tag-engros-metadon-pulver","10":"product_tag-hvor-kan-bestilles-metadon-pulver","11":"product_tag-hvor-kan-kbes-metadon-pulver","12":"product_tag-kb-metadon-pulver","13":"product_tag-metadon-pulver-kb","14":"product_tag-kb-meto-hcl","15":"product_tag-k-c3-b8be-meto-pulver","16":"product_tag-metadon-pulver","17":"product_tag-metadon-pulver-effekt","18":"product_tag-metadon-pulver-orden","19":"product_tag-metadon-hydrochlorid-engros","20":"product_tag-metadon-hydrochlorid-effekt","21":"product_tag-metadon-pulver-online","22":"product_tag-metadon-pulver-reddit","23":"product_tag-metadon-pulver-til-salg","24":"product_tag-metadon-pulver-til-salg-online","25":"product_tag-methadone-powder-sell","26":"product_tag-metadon-pulver-salg","28":"first","29":"instock","30":"shipping-taxable","31":"purchasable","32":"product-type-variable","33":"has-default-attributes"},"yoast_head":"<!-- This site is optimized with the Yoast SEO plugin v27.3 - https:\/\/yoast.com\/product\/yoast-seo-wordpress\/ -->\n<title>Metadon Hydrochlorid USP PULVER TIL ORAL BRUG<\/title>\n<meta name=\"description\" content=\"K\u00f8b Metho Metadon HCL pulver online. Metho Metadon HCL pulver engros 99,8% Pure @ engrospriser. Metho (Methadon HCL) behandler moderat til sv\u00e6r smerte.\" \/>\n<meta name=\"robots\" content=\"index, follow, max-snippet:-1, max-image-preview:large, max-video-preview:-1\" \/>\n<link rel=\"canonical\" href=\"https:\/\/medicinasinc.com\/da\/product\/metadon-hydrochlorid-usp-pulver-til-oral-brug\/\" \/>\n<meta property=\"og:locale\" content=\"en_US\" \/>\n<meta property=\"og:type\" content=\"article\" \/>\n<meta property=\"og:title\" content=\"Metadon Hydrochlorid USP PULVER TIL ORAL BRUG\" \/>\n<meta property=\"og:description\" content=\"K\u00f8b Metho Metadon HCL pulver online. Metho Metadon HCL pulver engros 99,8% Pure @ engrospriser. Metho (Methadon HCL) behandler moderat til sv\u00e6r smerte.\" \/>\n<meta property=\"og:url\" content=\"https:\/\/medicinasinc.com\/da\/product\/metadon-hydrochlorid-usp-pulver-til-oral-brug\/\" \/>\n<meta property=\"og:site_name\" content=\"Medicinas Inc\" \/>\n<meta property=\"article:modified_time\" content=\"2022-03-20T00:32:28+00:00\" \/>\n<meta property=\"og:image\" content=\"https:\/\/medicinasinc.com\/da\/wp-content\/uploads\/sites\/8\/2022\/02\/Buy-Methadone.jpg\" \/>\n\t<meta property=\"og:image:width\" content=\"600\" \/>\n\t<meta property=\"og:image:height\" content=\"600\" \/>\n\t<meta property=\"og:image:type\" content=\"image\/jpeg\" \/>\n<meta name=\"twitter:card\" content=\"summary_large_image\" \/>\n<meta name=\"twitter:label1\" content=\"Est. reading time\" \/>\n\t<meta name=\"twitter:data1\" content=\"2 minutes\" \/>\n<script type=\"application\/ld+json\" class=\"yoast-schema-graph\">{\"@context\":\"https:\\\/\\\/schema.org\",\"@graph\":[{\"@type\":\"WebPage\",\"@id\":\"https:\\\/\\\/medicinasinc.com\\\/da\\\/product\\\/metadon-hydrochlorid-usp-pulver-til-oral-brug\\\/\",\"url\":\"https:\\\/\\\/medicinasinc.com\\\/da\\\/product\\\/metadon-hydrochlorid-usp-pulver-til-oral-brug\\\/\",\"name\":\"Metadon Hydrochlorid USP PULVER TIL ORAL BRUG\",\"isPartOf\":{\"@id\":\"https:\\\/\\\/medicinasinc.com\\\/da\\\/#website\"},\"primaryImageOfPage\":{\"@id\":\"https:\\\/\\\/medicinasinc.com\\\/da\\\/product\\\/metadon-hydrochlorid-usp-pulver-til-oral-brug\\\/#primaryimage\"},\"image\":{\"@id\":\"https:\\\/\\\/medicinasinc.com\\\/da\\\/product\\\/metadon-hydrochlorid-usp-pulver-til-oral-brug\\\/#primaryimage\"},\"thumbnailUrl\":\"https:\\\/\\\/medicinasinc.com\\\/da\\\/wp-content\\\/uploads\\\/sites\\\/8\\\/2022\\\/02\\\/Buy-Methadone.jpg\",\"datePublished\":\"2022-02-22T01:53:35+00:00\",\"dateModified\":\"2022-03-20T00:32:28+00:00\",\"description\":\"K\u00f8b Metho Metadon HCL pulver online. Metho Metadon HCL pulver engros 99,8% Pure @ engrospriser. Metho (Methadon HCL) behandler moderat til sv\u00e6r smerte.\",\"breadcrumb\":{\"@id\":\"https:\\\/\\\/medicinasinc.com\\\/da\\\/product\\\/metadon-hydrochlorid-usp-pulver-til-oral-brug\\\/#breadcrumb\"},\"inLanguage\":\"en-US\",\"potentialAction\":[{\"@type\":\"ReadAction\",\"target\":[\"https:\\\/\\\/medicinasinc.com\\\/da\\\/product\\\/metadon-hydrochlorid-usp-pulver-til-oral-brug\\\/\"]}]},{\"@type\":\"ImageObject\",\"inLanguage\":\"en-US\",\"@id\":\"https:\\\/\\\/medicinasinc.com\\\/da\\\/product\\\/metadon-hydrochlorid-usp-pulver-til-oral-brug\\\/#primaryimage\",\"url\":\"https:\\\/\\\/medicinasinc.com\\\/da\\\/wp-content\\\/uploads\\\/sites\\\/8\\\/2022\\\/02\\\/Buy-Methadone.jpg\",\"contentUrl\":\"https:\\\/\\\/medicinasinc.com\\\/da\\\/wp-content\\\/uploads\\\/sites\\\/8\\\/2022\\\/02\\\/Buy-Methadone.jpg\",\"width\":600,\"height\":600},{\"@type\":\"BreadcrumbList\",\"@id\":\"https:\\\/\\\/medicinasinc.com\\\/da\\\/product\\\/metadon-hydrochlorid-usp-pulver-til-oral-brug\\\/#breadcrumb\",\"itemListElement\":[{\"@type\":\"ListItem\",\"position\":1,\"name\":\"Butik\",\"item\":\"https:\\\/\\\/medicinasinc.com\\\/da\\\/butik\\\/\"},{\"@type\":\"ListItem\",\"position\":2,\"name\":\"Metadon Hydrochlorid USP PULVER TIL ORAL BRUG\"}]},{\"@type\":\"WebSite\",\"@id\":\"https:\\\/\\\/medicinasinc.com\\\/da\\\/#website\",\"url\":\"https:\\\/\\\/medicinasinc.com\\\/da\\\/\",\"name\":\"Medicinas Inc\",\"description\":\"Health Medical Clinic\",\"potentialAction\":[{\"@type\":\"SearchAction\",\"target\":{\"@type\":\"EntryPoint\",\"urlTemplate\":\"https:\\\/\\\/medicinasinc.com\\\/da\\\/?s={search_term_string}\"},\"query-input\":{\"@type\":\"PropertyValueSpecification\",\"valueRequired\":true,\"valueName\":\"search_term_string\"}}],\"inLanguage\":\"en-US\"}]}<\/script>\n<!-- \/ Yoast SEO plugin. -->","yoast_head_json":{"title":"Metadon Hydrochlorid USP PULVER TIL ORAL BRUG","description":"K\u00f8b Metho Metadon HCL pulver online. Metho Metadon HCL pulver engros 99,8% Pure @ engrospriser. Metho (Methadon HCL) behandler moderat til sv\u00e6r smerte.","robots":{"index":"index","follow":"follow","max-snippet":"max-snippet:-1","max-image-preview":"max-image-preview:large","max-video-preview":"max-video-preview:-1"},"canonical":"https:\/\/medicinasinc.com\/da\/product\/metadon-hydrochlorid-usp-pulver-til-oral-brug\/","og_locale":"en_US","og_type":"article","og_title":"Metadon Hydrochlorid USP PULVER TIL ORAL BRUG","og_description":"K\u00f8b Metho Metadon HCL pulver online. Metho Metadon HCL pulver engros 99,8% Pure @ engrospriser. Metho (Methadon HCL) behandler moderat til sv\u00e6r smerte.","og_url":"https:\/\/medicinasinc.com\/da\/product\/metadon-hydrochlorid-usp-pulver-til-oral-brug\/","og_site_name":"Medicinas Inc","article_modified_time":"2022-03-20T00:32:28+00:00","og_image":[{"width":600,"height":600,"url":"https:\/\/medicinasinc.com\/da\/wp-content\/uploads\/sites\/8\/2022\/02\/Buy-Methadone.jpg","type":"image\/jpeg"}],"twitter_card":"summary_large_image","twitter_misc":{"Est. reading time":"2 minutes"},"schema":{"@context":"https:\/\/schema.org","@graph":[{"@type":"WebPage","@id":"https:\/\/medicinasinc.com\/da\/product\/metadon-hydrochlorid-usp-pulver-til-oral-brug\/","url":"https:\/\/medicinasinc.com\/da\/product\/metadon-hydrochlorid-usp-pulver-til-oral-brug\/","name":"Metadon Hydrochlorid USP PULVER TIL ORAL BRUG","isPartOf":{"@id":"https:\/\/medicinasinc.com\/da\/#website"},"primaryImageOfPage":{"@id":"https:\/\/medicinasinc.com\/da\/product\/metadon-hydrochlorid-usp-pulver-til-oral-brug\/#primaryimage"},"image":{"@id":"https:\/\/medicinasinc.com\/da\/product\/metadon-hydrochlorid-usp-pulver-til-oral-brug\/#primaryimage"},"thumbnailUrl":"https:\/\/medicinasinc.com\/da\/wp-content\/uploads\/sites\/8\/2022\/02\/Buy-Methadone.jpg","datePublished":"2022-02-22T01:53:35+00:00","dateModified":"2022-03-20T00:32:28+00:00","description":"K\u00f8b Metho Metadon HCL pulver online. Metho Metadon HCL pulver engros 99,8% Pure @ engrospriser. Metho (Methadon HCL) behandler moderat til sv\u00e6r smerte.","breadcrumb":{"@id":"https:\/\/medicinasinc.com\/da\/product\/metadon-hydrochlorid-usp-pulver-til-oral-brug\/#breadcrumb"},"inLanguage":"en-US","potentialAction":[{"@type":"ReadAction","target":["https:\/\/medicinasinc.com\/da\/product\/metadon-hydrochlorid-usp-pulver-til-oral-brug\/"]}]},{"@type":"ImageObject","inLanguage":"en-US","@id":"https:\/\/medicinasinc.com\/da\/product\/metadon-hydrochlorid-usp-pulver-til-oral-brug\/#primaryimage","url":"https:\/\/medicinasinc.com\/da\/wp-content\/uploads\/sites\/8\/2022\/02\/Buy-Methadone.jpg","contentUrl":"https:\/\/medicinasinc.com\/da\/wp-content\/uploads\/sites\/8\/2022\/02\/Buy-Methadone.jpg","width":600,"height":600},{"@type":"BreadcrumbList","@id":"https:\/\/medicinasinc.com\/da\/product\/metadon-hydrochlorid-usp-pulver-til-oral-brug\/#breadcrumb","itemListElement":[{"@type":"ListItem","position":1,"name":"Butik","item":"https:\/\/medicinasinc.com\/da\/butik\/"},{"@type":"ListItem","position":2,"name":"Metadon Hydrochlorid USP PULVER TIL ORAL BRUG"}]},{"@type":"WebSite","@id":"https:\/\/medicinasinc.com\/da\/#website","url":"https:\/\/medicinasinc.com\/da\/","name":"Medicinas Inc","description":"Health Medical Clinic","potentialAction":[{"@type":"SearchAction","target":{"@type":"EntryPoint","urlTemplate":"https:\/\/medicinasinc.com\/da\/?s={search_term_string}"},"query-input":{"@type":"PropertyValueSpecification","valueRequired":true,"valueName":"search_term_string"}}],"inLanguage":"en-US"}]}},"_links":{"self":[{"href":"https:\/\/medicinasinc.com\/da\/wp-json\/wp\/v2\/product\/5566","targetHints":{"allow":["GET"]}}],"collection":[{"href":"https:\/\/medicinasinc.com\/da\/wp-json\/wp\/v2\/product"}],"about":[{"href":"https:\/\/medicinasinc.com\/da\/wp-json\/wp\/v2\/types\/product"}],"replies":[{"embeddable":true,"href":"https:\/\/medicinasinc.com\/da\/wp-json\/wp\/v2\/comments?post=5566"}],"wp:featuredmedia":[{"embeddable":true,"href":"https:\/\/medicinasinc.com\/da\/wp-json\/wp\/v2\/media\/5578"}],"wp:attachment":[{"href":"https:\/\/medicinasinc.com\/da\/wp-json\/wp\/v2\/media?parent=5566"}],"wp:term":[{"taxonomy":"product_brand","embeddable":true,"href":"https:\/\/medicinasinc.com\/da\/wp-json\/wp\/v2\/product_brand?post=5566"},{"taxonomy":"product_cat","embeddable":true,"href":"https:\/\/medicinasinc.com\/da\/wp-json\/wp\/v2\/product_cat?post=5566"},{"taxonomy":"product_tag","embeddable":true,"href":"https:\/\/medicinasinc.com\/da\/wp-json\/wp\/v2\/product_tag?post=5566"}],"curies":[{"name":"wp","href":"https:\/\/api.w.org\/{rel}","templated":true}]}}