{"id":5565,"date":"2022-02-22T01:51:04","date_gmt":"2022-02-22T01:51:04","guid":{"rendered":"https:\/\/medicinasinc.com\/da\/?post_type=product&#038;p=5565"},"modified":"2022-03-20T00:32:39","modified_gmt":"2022-03-20T00:32:39","slug":"kob-mdpv-methylendioxypyrovaleron-pulver","status":"publish","type":"product","link":"https:\/\/medicinasinc.com\/da\/product\/kob-mdpv-methylendioxypyrovaleron-pulver\/","title":{"rendered":"K\u00f8b MDPV (Methylenedioxypyrovalerone) pulver"},"content":{"rendered":"<p>MDPV kan k\u00f8bes her.<\/p>\n<p>k\u00f8b MDPV online til eget brug eller for at videres\u00e6lge. Vi kan garantere, at vores MDPV-pulver til salg er af den h\u00f8jeste kvalitet, der i \u00f8jeblikket er tilg\u00e6ngelig p\u00e5 markedet. Western Union, MoneyGram og bitcoins er blandt de betalingsmetoder, vi accepterer. Vi har ogs\u00e5 en lang r\u00e6kke forskellige forskningskemikalier til salg, herunder JWH-018. V\u00e6r venligst opm\u00e6rksom p\u00e5, at vi ikke er ansvarlige for, hvordan vores MDPV til salg i USA bruges af vores kunder.<\/p>\n<p>Et stimulans af cathinonklassen, MDPV (Methylenedioxypyrovalerone) pulver kan k\u00f8bes online. Det er en noradrenalin-dopamin genoptagelsesh\u00e6mmer og en psykotropisk stimulerende medicin. I 1960&#8217;erne skabte et team hos Boehringer Ingelheim det.<br \/> PULVERFORM AF MDPV (METHYLENEDIOXYPYROVALERONE):<br \/> P\u00e5 grund af dets fine tekstur og tendens til at kl\u00e6be sammen, n\u00e5r det uds\u00e6ttes for fugt, bliver hydrochloridsaltet ofte forvekslet med sukkerpulver.<br \/> MDPVs stimulerende egenskaber er blevet sammenlignet med egenskaberne for kokain, methylphenidat og amfetamin.<\/p>\n<div class=\"entry-content gbtr_product_description\">\n<h3 class=\"fusion-responsive-typography-calculated \" data-fontsize=\"16\" data-lineheight=\"24px\"><\/h3>\n<\/p><\/div>\n","protected":false},"excerpt":{"rendered":"<div class=\"woocommerce-product-details__short-description\">\n<p>K\u00f8b MDPV til salg online i Storbritannien, Europa her p\u00e5 Bestglobalmeds.com. At k\u00f8be forskningskemikalier Methylenedioxypyrovalerone online er meget vanskeligt. Men vi kan tilbyde topkvalitets MDPV til salg til meget lave priser. Intet godt kommer nemt, og det tager os meget arbejde at have den bedste kvalitet MDPV til salg.<\/p>\n<p><b>Methylenedioxypyrovalerone<\/b>\u00a0(MDPV) er et stimulerende middel af cathinon-klassen, der fungerer som en norepinephrin-dopamin reuptake inhibitor (NDRI). Det blev f\u00f8rst udviklet i 1960&#8217;erne af et team hos Boehringer Ingelheim.<\/p>\n<h3 class=\"fusion-responsive-typography-calculated\" data-fontsize=\"16\" data-lineheight=\"24px\">MDPV (Methylenedioxypyrovalerone) pulver er et stimulerende middel af cathinon-klassen.<\/h3>\n<\/p><\/div>\n","protected":false},"featured_media":5576,"comment_status":"open","ping_status":"closed","template":"","meta":[],"product_brand":[],"product_cat":[2014],"product_tag":[3136,3138,3139,3140,3141,3146,3147,3148,3149,3154,3159,3160,3161,3162,3189,3137,3142,3143,3144,3150,3151,3152,3153,3145,3155,3156,3158,3157,3163,3164,3165,3166,3167,3169,3174,3175,3176,3177,3182,3183,3170,3171,3172,3173,3178,3180,3179,3181,3168,3186,3188,3187,3184,3185],"class_list":{"0":"post-5565","1":"product","2":"type-product","3":"status-publish","4":"has-post-thumbnail","6":"product_cat-kb-forskningskemikalier","7":"product_tag-badesalt-til-salg","8":"product_tag-buy-mdpv","9":"product_tag-buy-mdpv-1g","10":"product_tag-buy-mdpv-cheap","11":"product_tag-buy-mdpv-europe","12":"product_tag-buy-mdpv-powder-online-free","13":"product_tag-buy-mdpv-powdera-online","14":"product_tag-buy-mdpv-powdera-online-casino","15":"product_tag-buy-mdpv-powdera-online-ecouter","16":"product_tag-buy-methylenedioxypyrovalerone-powder-online-indonesia","17":"product_tag-buy-methylenedioxypyrovalerone-powdera-online-com","18":"product_tag-buy-methylenedioxypyrovalerone-powdera-online-fr","19":"product_tag-buy-methylenedioxypyrovalerone-power-online","20":"product_tag-how-to-buy-mdpv","21":"product_tag-hvor-kan-kbes-mdpv","22":"product_tag-kb-dextromethorphan-pulver-online","23":"product_tag-kb-mdpv-online","24":"product_tag-kb-mdpv-online-usa","25":"product_tag-kb-mdpv-plante-mad","26":"product_tag-buy-mdpv-powdera-online-fr","27":"product_tag-kb-mdpv-power-online","28":"product_tag-kb-mdpv-dk","29":"product_tag-kb-mdpv-usa","30":"product_tag-kb-mdpv-pulver-online-2019","31":"product_tag-kb-methylendioxypyrovaleron-pulver-online-anmeldelse","32":"product_tag-kb-methylendioxypyrovaleron-pulver-online-anmeldelser","33":"product_tag-kb-methylendioxypyrovalerone-powdera-online-kouter","34":"product_tag-kb-methylendioxypyrovaleron-pulver-online","35":"product_tag-mdpv-badesalt-kb","36":"product_tag-mdpv-badesalt-kb-online","37":"product_tag-mdpv-badesalt-til-salg","38":"product_tag-mdpv-buy-uk","39":"product_tag-mdpv-buy-usa","40":"product_tag-mdpv-online-buy","41":"product_tag-mdpv-powder-for-sale-ebay","42":"product_tag-mdpv-powder-for-sale-florida","43":"product_tag-mdpv-powder-for-sale-michigan","44":"product_tag-mdpv-powder-for-sale-near-me","45":"product_tag-mdpv-powder-for-sale-without","46":"product_tag-mdpv-powders","47":"product_tag-mdpv-pulver-til-salg","48":"product_tag-mdpv-pulver-til-salg-2019","49":"product_tag-mdpv-pulver-til-salg-amazon","50":"product_tag-mdpv-pulver-til-salg-craigslist","51":"product_tag-mdpv-pulver-til-salg-dk","52":"product_tag-mdpv-pulver-til-salg-usa","53":"product_tag-mdpv-pulver-til-salg-forenede-stater","54":"product_tag-mdpv-pulver-til-salg-walmart","55":"product_tag-mdpv-lgemiddel","56":"product_tag-methylendioxypyrovaleron-pulver","57":"product_tag-methylendioxypyrovaleron-pulver-gennemgang","58":"product_tag-methylendioxypyrovaleron-pulver-foundation","59":"product_tag-methylenedioxypyrovalerone-buy","60":"product_tag-methylendioxypyrovaleron-kb-online","62":"first","63":"instock","64":"shipping-taxable","65":"purchasable","66":"product-type-variable","67":"has-default-attributes"},"yoast_head":"<!-- This site is optimized with the Yoast SEO plugin v27.3 - https:\/\/yoast.com\/product\/yoast-seo-wordpress\/ -->\n<title>K\u00f8b MDPV (Methylenedioxypyrovalerone) pulver - bedste globale medicin<\/title>\n<meta name=\"description\" content=\"K\u00f8b MDPV til salg online i Storbritannien, Europa her hos Bestglobalmeds. At k\u00f8be forskningskemikalier Methylenedioxypyrovalerone online er meget vanskeligt. Men vi kan tilbyde topkvalitets MDPV til salg til meget lave priser.\" \/>\n<meta name=\"robots\" content=\"index, follow, max-snippet:-1, max-image-preview:large, max-video-preview:-1\" \/>\n<link rel=\"canonical\" href=\"https:\/\/medicinasinc.com\/da\/product\/kob-mdpv-methylendioxypyrovaleron-pulver\/\" \/>\n<meta property=\"og:locale\" content=\"en_US\" \/>\n<meta property=\"og:type\" content=\"article\" \/>\n<meta property=\"og:title\" content=\"K\u00f8b MDPV (Methylenedioxypyrovalerone) pulver - bedste globale medicin\" \/>\n<meta property=\"og:description\" content=\"K\u00f8b MDPV til salg online i Storbritannien, Europa her hos Bestglobalmeds. At k\u00f8be forskningskemikalier Methylenedioxypyrovalerone online er meget vanskeligt. Men vi kan tilbyde topkvalitets MDPV til salg til meget lave priser.\" \/>\n<meta property=\"og:url\" content=\"https:\/\/medicinasinc.com\/da\/product\/kob-mdpv-methylendioxypyrovaleron-pulver\/\" \/>\n<meta property=\"og:site_name\" content=\"Medicinas Inc\" \/>\n<meta property=\"article:modified_time\" content=\"2022-03-20T00:32:39+00:00\" \/>\n<meta property=\"og:image\" content=\"https:\/\/medicinasinc.com\/da\/wp-content\/uploads\/sites\/8\/2022\/02\/buy-methylenedioxypyrovalerone.jpg\" \/>\n\t<meta property=\"og:image:width\" content=\"1400\" \/>\n\t<meta property=\"og:image:height\" content=\"700\" \/>\n\t<meta property=\"og:image:type\" content=\"image\/jpeg\" \/>\n<meta name=\"twitter:card\" content=\"summary_large_image\" \/>\n<meta name=\"twitter:label1\" content=\"Est. reading time\" \/>\n\t<meta name=\"twitter:data1\" content=\"1 minute\" \/>\n<script type=\"application\/ld+json\" class=\"yoast-schema-graph\">{\"@context\":\"https:\\\/\\\/schema.org\",\"@graph\":[{\"@type\":\"WebPage\",\"@id\":\"https:\\\/\\\/medicinasinc.com\\\/da\\\/product\\\/kob-mdpv-methylendioxypyrovaleron-pulver\\\/\",\"url\":\"https:\\\/\\\/medicinasinc.com\\\/da\\\/product\\\/kob-mdpv-methylendioxypyrovaleron-pulver\\\/\",\"name\":\"K\u00f8b MDPV (Methylenedioxypyrovalerone) pulver - bedste globale medicin\",\"isPartOf\":{\"@id\":\"https:\\\/\\\/medicinasinc.com\\\/da\\\/#website\"},\"primaryImageOfPage\":{\"@id\":\"https:\\\/\\\/medicinasinc.com\\\/da\\\/product\\\/kob-mdpv-methylendioxypyrovaleron-pulver\\\/#primaryimage\"},\"image\":{\"@id\":\"https:\\\/\\\/medicinasinc.com\\\/da\\\/product\\\/kob-mdpv-methylendioxypyrovaleron-pulver\\\/#primaryimage\"},\"thumbnailUrl\":\"https:\\\/\\\/medicinasinc.com\\\/da\\\/wp-content\\\/uploads\\\/sites\\\/8\\\/2022\\\/02\\\/buy-methylenedioxypyrovalerone.jpg\",\"datePublished\":\"2022-02-22T01:51:04+00:00\",\"dateModified\":\"2022-03-20T00:32:39+00:00\",\"description\":\"K\u00f8b MDPV til salg online i Storbritannien, Europa her hos Bestglobalmeds. At k\u00f8be forskningskemikalier Methylenedioxypyrovalerone online er meget vanskeligt. Men vi kan tilbyde topkvalitets MDPV til salg til meget lave priser.\",\"breadcrumb\":{\"@id\":\"https:\\\/\\\/medicinasinc.com\\\/da\\\/product\\\/kob-mdpv-methylendioxypyrovaleron-pulver\\\/#breadcrumb\"},\"inLanguage\":\"en-US\",\"potentialAction\":[{\"@type\":\"ReadAction\",\"target\":[\"https:\\\/\\\/medicinasinc.com\\\/da\\\/product\\\/kob-mdpv-methylendioxypyrovaleron-pulver\\\/\"]}]},{\"@type\":\"ImageObject\",\"inLanguage\":\"en-US\",\"@id\":\"https:\\\/\\\/medicinasinc.com\\\/da\\\/product\\\/kob-mdpv-methylendioxypyrovaleron-pulver\\\/#primaryimage\",\"url\":\"https:\\\/\\\/medicinasinc.com\\\/da\\\/wp-content\\\/uploads\\\/sites\\\/8\\\/2022\\\/02\\\/buy-methylenedioxypyrovalerone.jpg\",\"contentUrl\":\"https:\\\/\\\/medicinasinc.com\\\/da\\\/wp-content\\\/uploads\\\/sites\\\/8\\\/2022\\\/02\\\/buy-methylenedioxypyrovalerone.jpg\",\"width\":1400,\"height\":700},{\"@type\":\"BreadcrumbList\",\"@id\":\"https:\\\/\\\/medicinasinc.com\\\/da\\\/product\\\/kob-mdpv-methylendioxypyrovaleron-pulver\\\/#breadcrumb\",\"itemListElement\":[{\"@type\":\"ListItem\",\"position\":1,\"name\":\"Butik\",\"item\":\"https:\\\/\\\/medicinasinc.com\\\/da\\\/butik\\\/\"},{\"@type\":\"ListItem\",\"position\":2,\"name\":\"K\u00f8b MDPV (Methylenedioxypyrovalerone) pulver\"}]},{\"@type\":\"WebSite\",\"@id\":\"https:\\\/\\\/medicinasinc.com\\\/da\\\/#website\",\"url\":\"https:\\\/\\\/medicinasinc.com\\\/da\\\/\",\"name\":\"Medicinas Inc\",\"description\":\"Health Medical Clinic\",\"potentialAction\":[{\"@type\":\"SearchAction\",\"target\":{\"@type\":\"EntryPoint\",\"urlTemplate\":\"https:\\\/\\\/medicinasinc.com\\\/da\\\/?s={search_term_string}\"},\"query-input\":{\"@type\":\"PropertyValueSpecification\",\"valueRequired\":true,\"valueName\":\"search_term_string\"}}],\"inLanguage\":\"en-US\"}]}<\/script>\n<!-- \/ Yoast SEO plugin. -->","yoast_head_json":{"title":"K\u00f8b MDPV (Methylenedioxypyrovalerone) pulver - bedste globale medicin","description":"K\u00f8b MDPV til salg online i Storbritannien, Europa her hos Bestglobalmeds. At k\u00f8be forskningskemikalier Methylenedioxypyrovalerone online er meget vanskeligt. Men vi kan tilbyde topkvalitets MDPV til salg til meget lave priser.","robots":{"index":"index","follow":"follow","max-snippet":"max-snippet:-1","max-image-preview":"max-image-preview:large","max-video-preview":"max-video-preview:-1"},"canonical":"https:\/\/medicinasinc.com\/da\/product\/kob-mdpv-methylendioxypyrovaleron-pulver\/","og_locale":"en_US","og_type":"article","og_title":"K\u00f8b MDPV (Methylenedioxypyrovalerone) pulver - bedste globale medicin","og_description":"K\u00f8b MDPV til salg online i Storbritannien, Europa her hos Bestglobalmeds. At k\u00f8be forskningskemikalier Methylenedioxypyrovalerone online er meget vanskeligt. Men vi kan tilbyde topkvalitets MDPV til salg til meget lave priser.","og_url":"https:\/\/medicinasinc.com\/da\/product\/kob-mdpv-methylendioxypyrovaleron-pulver\/","og_site_name":"Medicinas Inc","article_modified_time":"2022-03-20T00:32:39+00:00","og_image":[{"width":1400,"height":700,"url":"https:\/\/medicinasinc.com\/da\/wp-content\/uploads\/sites\/8\/2022\/02\/buy-methylenedioxypyrovalerone.jpg","type":"image\/jpeg"}],"twitter_card":"summary_large_image","twitter_misc":{"Est. reading time":"1 minute"},"schema":{"@context":"https:\/\/schema.org","@graph":[{"@type":"WebPage","@id":"https:\/\/medicinasinc.com\/da\/product\/kob-mdpv-methylendioxypyrovaleron-pulver\/","url":"https:\/\/medicinasinc.com\/da\/product\/kob-mdpv-methylendioxypyrovaleron-pulver\/","name":"K\u00f8b MDPV (Methylenedioxypyrovalerone) pulver - bedste globale medicin","isPartOf":{"@id":"https:\/\/medicinasinc.com\/da\/#website"},"primaryImageOfPage":{"@id":"https:\/\/medicinasinc.com\/da\/product\/kob-mdpv-methylendioxypyrovaleron-pulver\/#primaryimage"},"image":{"@id":"https:\/\/medicinasinc.com\/da\/product\/kob-mdpv-methylendioxypyrovaleron-pulver\/#primaryimage"},"thumbnailUrl":"https:\/\/medicinasinc.com\/da\/wp-content\/uploads\/sites\/8\/2022\/02\/buy-methylenedioxypyrovalerone.jpg","datePublished":"2022-02-22T01:51:04+00:00","dateModified":"2022-03-20T00:32:39+00:00","description":"K\u00f8b MDPV til salg online i Storbritannien, Europa her hos Bestglobalmeds. At k\u00f8be forskningskemikalier Methylenedioxypyrovalerone online er meget vanskeligt. Men vi kan tilbyde topkvalitets MDPV til salg til meget lave priser.","breadcrumb":{"@id":"https:\/\/medicinasinc.com\/da\/product\/kob-mdpv-methylendioxypyrovaleron-pulver\/#breadcrumb"},"inLanguage":"en-US","potentialAction":[{"@type":"ReadAction","target":["https:\/\/medicinasinc.com\/da\/product\/kob-mdpv-methylendioxypyrovaleron-pulver\/"]}]},{"@type":"ImageObject","inLanguage":"en-US","@id":"https:\/\/medicinasinc.com\/da\/product\/kob-mdpv-methylendioxypyrovaleron-pulver\/#primaryimage","url":"https:\/\/medicinasinc.com\/da\/wp-content\/uploads\/sites\/8\/2022\/02\/buy-methylenedioxypyrovalerone.jpg","contentUrl":"https:\/\/medicinasinc.com\/da\/wp-content\/uploads\/sites\/8\/2022\/02\/buy-methylenedioxypyrovalerone.jpg","width":1400,"height":700},{"@type":"BreadcrumbList","@id":"https:\/\/medicinasinc.com\/da\/product\/kob-mdpv-methylendioxypyrovaleron-pulver\/#breadcrumb","itemListElement":[{"@type":"ListItem","position":1,"name":"Butik","item":"https:\/\/medicinasinc.com\/da\/butik\/"},{"@type":"ListItem","position":2,"name":"K\u00f8b MDPV (Methylenedioxypyrovalerone) pulver"}]},{"@type":"WebSite","@id":"https:\/\/medicinasinc.com\/da\/#website","url":"https:\/\/medicinasinc.com\/da\/","name":"Medicinas Inc","description":"Health Medical Clinic","potentialAction":[{"@type":"SearchAction","target":{"@type":"EntryPoint","urlTemplate":"https:\/\/medicinasinc.com\/da\/?s={search_term_string}"},"query-input":{"@type":"PropertyValueSpecification","valueRequired":true,"valueName":"search_term_string"}}],"inLanguage":"en-US"}]}},"_links":{"self":[{"href":"https:\/\/medicinasinc.com\/da\/wp-json\/wp\/v2\/product\/5565","targetHints":{"allow":["GET"]}}],"collection":[{"href":"https:\/\/medicinasinc.com\/da\/wp-json\/wp\/v2\/product"}],"about":[{"href":"https:\/\/medicinasinc.com\/da\/wp-json\/wp\/v2\/types\/product"}],"replies":[{"embeddable":true,"href":"https:\/\/medicinasinc.com\/da\/wp-json\/wp\/v2\/comments?post=5565"}],"wp:featuredmedia":[{"embeddable":true,"href":"https:\/\/medicinasinc.com\/da\/wp-json\/wp\/v2\/media\/5576"}],"wp:attachment":[{"href":"https:\/\/medicinasinc.com\/da\/wp-json\/wp\/v2\/media?parent=5565"}],"wp:term":[{"taxonomy":"product_brand","embeddable":true,"href":"https:\/\/medicinasinc.com\/da\/wp-json\/wp\/v2\/product_brand?post=5565"},{"taxonomy":"product_cat","embeddable":true,"href":"https:\/\/medicinasinc.com\/da\/wp-json\/wp\/v2\/product_cat?post=5565"},{"taxonomy":"product_tag","embeddable":true,"href":"https:\/\/medicinasinc.com\/da\/wp-json\/wp\/v2\/product_tag?post=5565"}],"curies":[{"name":"wp","href":"https:\/\/api.w.org\/{rel}","templated":true}]}}