{"id":5564,"date":"2022-02-22T01:48:50","date_gmt":"2022-02-22T01:48:50","guid":{"rendered":"https:\/\/medicinasinc.com\/da\/?post_type=product&#038;p=5564"},"modified":"2022-03-20T00:32:47","modified_gmt":"2022-03-20T00:32:47","slug":"kob-mdai-krystal-pulver","status":"publish","type":"product","link":"https:\/\/medicinasinc.com\/da\/product\/kob-mdai-krystal-pulver\/","title":{"rendered":"K\u00f8b MDAI Crystal &amp; Pulver"},"content":{"rendered":"<p>Shop online efter MDAI-krystaller og -pulver.<\/p>\n<p>MDAI-krystaller og -pulvere til salg til rabatpriser.<\/p>\n<p>K\u00f8b MDAI hos os.<\/p>\n<p>Vores prim\u00e6re m\u00e5l er at give kunderne avanceret information og f\u00f8rsteklasses tjenester. Efterforskningsgrupper og fuldskala produktionsfaciliteter kan finde RC i de m\u00e6ngder og kvalitet, de har brug for. En oversigt over RC, der im\u00f8dekommer alle dine interesser og m\u00e5l, kan findes lige her. Vores firma foresl\u00e5r verdens drivende kemikalier baseret p\u00e5 de seneste teknologiske fremskridt. Alle punkter p\u00e5 denne liste har ingen praktisk brug for mennesker.<\/p>\n<p>Brugen af \u200b\u200bmedicin i laboratoriet, til videnskabelige form\u00e5l og til unders\u00f8gelse b\u00f8r tilskyndes. De registrerede kemikalier kan kun bruges til udforskninger, fors\u00f8g og tests. Bunter for nylig produceret af Kinas f\u00f8rende forskningsfaciliteter p\u00e5 RC-markedet er nu tilg\u00e6ngelige.<\/p>\n<p>Hvis du laver en aftale nu, leverer vi din pakke hvor som helst i USA, Europa eller verden. For at im\u00f8dekomme dine behov samarbejder vi med en r\u00e6kke f\u00f8rende globale laboratorier, der planl\u00e6gger at opbygge RC, og din anmodning er af yderste vigtighed for vores firma.<\/p>\n<p>Vores leverand\u00f8r er baseret i USA og opererer over hele verden. P\u00e5 webstedet kan forbrugerne nemt tjekke estimeringen og tilg\u00e6ngeligheden af \u200b\u200bRC til deres egne behov. Kunder. Kontakt venligst vores venlige og flersprogede kundeservice for at l\u00e6re, hvordan du laver en foresp\u00f8rgsel. Hvis du er interesseret i at s\u00f8ge blandede eller nedsatte stoffer, bedes du kontakte os for mere information. Hvis du ikke kan finde det, du leder efter p\u00e5 vores side, s\u00e5 t\u00f8v ikke med at kontakte os for at f\u00e5 hj\u00e6lp. Kvalitet er den vigtigste overvejelse, n\u00e5r man anskaffer kemikalier til unders\u00f8gelse.<\/p>\n","protected":false},"excerpt":{"rendered":"<p>K\u00f8b MDAI Crystal &amp; Pulver til salg i Storbritannien, Europa billigt online. MDAI eller 5,6-methylendioxy-2-aminoindan K\u00f8b MDAI eller 5,6-methylendioxy-2-aminoindan .<\/p>\n","protected":false},"featured_media":5574,"comment_status":"open","ping_status":"closed","template":"","meta":[],"product_brand":[],"product_cat":[2014],"product_tag":[3093,3094,3095,3125,3126,3127,3129,3128,3130,3131,3132,3096,3099,3100,3101,3102,3103,2530,3104,3105,3107,3108,3135,2522,3098,2525,2532,3106,3097,3109,3115,3116,3112,3110,3113,3114,3111,3120,3121,3118,3119,3117,517,3122,2549,3123,3124,3133,3134],"class_list":{"0":"post-5564","1":"product","2":"type-product","3":"status-publish","4":"has-post-thumbnail","6":"product_cat-kb-forskningskemikalier","7":"product_tag-4mmc-til-salg","8":"product_tag-amfetamin-til-salg","9":"product_tag-bath-salts-for-sale","10":"product_tag-ordre-mdai-krystal","11":"product_tag-ordre-mdma","12":"product_tag-orden-miav-miav","13":"product_tag-bestille-mefedron-plante-mad","14":"product_tag-ordre-mefedron","15":"product_tag-bestil-meth-online","16":"product_tag-ordre-methylon","17":"product_tag-ordre-mkat","18":"product_tag-buy-amphetamine-speed","19":"product_tag-buy-lsd","20":"product_tag-buy-mdai","21":"product_tag-buy-mdai-crystal","22":"product_tag-buy-mdai-powder","23":"product_tag-buy-meow-meow","24":"product_tag-buy-mephedrone-online","25":"product_tag-buy-methylone","26":"product_tag-buy-mkat","27":"product_tag-buy-tryptamine","28":"product_tag-crystal-meth-til-salg","29":"product_tag-hvor-kan-kbes-mdai-pulver","30":"product_tag-kb-4mmc","31":"product_tag-kb-krystal-meth","32":"product_tag-kb-mefedron","33":"product_tag-kb-mefedron-plante-mad","34":"product_tag-kbe-phenethylamin","35":"product_tag-kb-badesalt","36":"product_tag-lsd-til-salg","37":"product_tag-mdai-krystal-detailhandel","38":"product_tag-mdai-krystal-engros","39":"product_tag-mdai-crystal-for-sale","40":"product_tag-mdai-krystal-kb","41":"product_tag-mdai-krystal-orden","42":"product_tag-mdai-crystal-reddit","43":"product_tag-mdai-krystal-effekt","44":"product_tag-mdai-powder-online","45":"product_tag-mdai-powder-order","46":"product_tag-mdai-pulver-kb","47":"product_tag-mdai-pulver-til-salg","48":"product_tag-mdai-til-salg","49":"product_tag-mdma-for-sale","50":"product_tag-mjav-mjav-udsalg","51":"product_tag-mefedron-til-salg","52":"product_tag-methylon-til-salg","53":"product_tag-mkat-til-salg","54":"product_tag-phenethylamin-til-salg","55":"product_tag-tryptamin-til-salg","57":"first","58":"instock","59":"shipping-taxable","60":"purchasable","61":"product-type-variable","62":"has-default-attributes"},"yoast_head":"<!-- This site is optimized with the Yoast SEO plugin v27.3 - https:\/\/yoast.com\/product\/yoast-seo-wordpress\/ -->\n<title>K\u00f8b MDAI Crystal &amp; Pudder billigt online - bedste globale medicin<\/title>\n<meta name=\"description\" content=\"K\u00f8b MDAI Crystal &amp; Pulver til salg i Storbritannien, Europa billigt online. MDAI eller 5,6-methylendioxy-2-aminoindan K\u00f8b MDAI eller 5,6-methylendioxy-2-aminoindan.\" \/>\n<meta name=\"robots\" content=\"index, follow, max-snippet:-1, max-image-preview:large, max-video-preview:-1\" \/>\n<link rel=\"canonical\" href=\"https:\/\/medicinasinc.com\/da\/product\/kob-mdai-krystal-pulver\/\" \/>\n<meta property=\"og:locale\" content=\"en_US\" \/>\n<meta property=\"og:type\" content=\"article\" \/>\n<meta property=\"og:title\" content=\"K\u00f8b MDAI Crystal &amp; Pudder billigt online - bedste globale medicin\" \/>\n<meta property=\"og:description\" content=\"K\u00f8b MDAI Crystal &amp; Pulver til salg i Storbritannien, Europa billigt online. MDAI eller 5,6-methylendioxy-2-aminoindan K\u00f8b MDAI eller 5,6-methylendioxy-2-aminoindan.\" \/>\n<meta property=\"og:url\" content=\"https:\/\/medicinasinc.com\/da\/product\/kob-mdai-krystal-pulver\/\" \/>\n<meta property=\"og:site_name\" content=\"Medicinas Inc\" \/>\n<meta property=\"article:modified_time\" content=\"2022-03-20T00:32:47+00:00\" \/>\n<meta property=\"og:image\" content=\"https:\/\/medicinasinc.com\/da\/wp-content\/uploads\/sites\/8\/2022\/02\/buy-mdai-crystal-powder-cheap-online.jpg\" \/>\n\t<meta property=\"og:image:width\" content=\"600\" \/>\n\t<meta property=\"og:image:height\" content=\"600\" \/>\n\t<meta property=\"og:image:type\" content=\"image\/jpeg\" \/>\n<meta name=\"twitter:card\" content=\"summary_large_image\" \/>\n<meta name=\"twitter:label1\" content=\"Est. reading time\" \/>\n\t<meta name=\"twitter:data1\" content=\"2 minutes\" \/>\n<script type=\"application\/ld+json\" class=\"yoast-schema-graph\">{\"@context\":\"https:\\\/\\\/schema.org\",\"@graph\":[{\"@type\":\"WebPage\",\"@id\":\"https:\\\/\\\/medicinasinc.com\\\/da\\\/product\\\/kob-mdai-krystal-pulver\\\/\",\"url\":\"https:\\\/\\\/medicinasinc.com\\\/da\\\/product\\\/kob-mdai-krystal-pulver\\\/\",\"name\":\"K\u00f8b MDAI Crystal &amp; Pudder billigt online - bedste globale medicin\",\"isPartOf\":{\"@id\":\"https:\\\/\\\/medicinasinc.com\\\/da\\\/#website\"},\"primaryImageOfPage\":{\"@id\":\"https:\\\/\\\/medicinasinc.com\\\/da\\\/product\\\/kob-mdai-krystal-pulver\\\/#primaryimage\"},\"image\":{\"@id\":\"https:\\\/\\\/medicinasinc.com\\\/da\\\/product\\\/kob-mdai-krystal-pulver\\\/#primaryimage\"},\"thumbnailUrl\":\"https:\\\/\\\/medicinasinc.com\\\/da\\\/wp-content\\\/uploads\\\/sites\\\/8\\\/2022\\\/02\\\/buy-mdai-crystal-powder-cheap-online.jpg\",\"datePublished\":\"2022-02-22T01:48:50+00:00\",\"dateModified\":\"2022-03-20T00:32:47+00:00\",\"description\":\"K\u00f8b MDAI Crystal &amp; Pulver til salg i Storbritannien, Europa billigt online. MDAI eller 5,6-methylendioxy-2-aminoindan K\u00f8b MDAI eller 5,6-methylendioxy-2-aminoindan.\",\"breadcrumb\":{\"@id\":\"https:\\\/\\\/medicinasinc.com\\\/da\\\/product\\\/kob-mdai-krystal-pulver\\\/#breadcrumb\"},\"inLanguage\":\"en-US\",\"potentialAction\":[{\"@type\":\"ReadAction\",\"target\":[\"https:\\\/\\\/medicinasinc.com\\\/da\\\/product\\\/kob-mdai-krystal-pulver\\\/\"]}]},{\"@type\":\"ImageObject\",\"inLanguage\":\"en-US\",\"@id\":\"https:\\\/\\\/medicinasinc.com\\\/da\\\/product\\\/kob-mdai-krystal-pulver\\\/#primaryimage\",\"url\":\"https:\\\/\\\/medicinasinc.com\\\/da\\\/wp-content\\\/uploads\\\/sites\\\/8\\\/2022\\\/02\\\/buy-mdai-crystal-powder-cheap-online.jpg\",\"contentUrl\":\"https:\\\/\\\/medicinasinc.com\\\/da\\\/wp-content\\\/uploads\\\/sites\\\/8\\\/2022\\\/02\\\/buy-mdai-crystal-powder-cheap-online.jpg\",\"width\":600,\"height\":600},{\"@type\":\"BreadcrumbList\",\"@id\":\"https:\\\/\\\/medicinasinc.com\\\/da\\\/product\\\/kob-mdai-krystal-pulver\\\/#breadcrumb\",\"itemListElement\":[{\"@type\":\"ListItem\",\"position\":1,\"name\":\"Butik\",\"item\":\"https:\\\/\\\/medicinasinc.com\\\/da\\\/butik\\\/\"},{\"@type\":\"ListItem\",\"position\":2,\"name\":\"K\u00f8b MDAI Crystal &amp; Pulver\"}]},{\"@type\":\"WebSite\",\"@id\":\"https:\\\/\\\/medicinasinc.com\\\/da\\\/#website\",\"url\":\"https:\\\/\\\/medicinasinc.com\\\/da\\\/\",\"name\":\"Medicinas Inc\",\"description\":\"Health Medical Clinic\",\"potentialAction\":[{\"@type\":\"SearchAction\",\"target\":{\"@type\":\"EntryPoint\",\"urlTemplate\":\"https:\\\/\\\/medicinasinc.com\\\/da\\\/?s={search_term_string}\"},\"query-input\":{\"@type\":\"PropertyValueSpecification\",\"valueRequired\":true,\"valueName\":\"search_term_string\"}}],\"inLanguage\":\"en-US\"}]}<\/script>\n<!-- \/ Yoast SEO plugin. -->","yoast_head_json":{"title":"K\u00f8b MDAI Crystal &amp; Pudder billigt online - bedste globale medicin","description":"K\u00f8b MDAI Crystal &amp; Pulver til salg i Storbritannien, Europa billigt online. MDAI eller 5,6-methylendioxy-2-aminoindan K\u00f8b MDAI eller 5,6-methylendioxy-2-aminoindan.","robots":{"index":"index","follow":"follow","max-snippet":"max-snippet:-1","max-image-preview":"max-image-preview:large","max-video-preview":"max-video-preview:-1"},"canonical":"https:\/\/medicinasinc.com\/da\/product\/kob-mdai-krystal-pulver\/","og_locale":"en_US","og_type":"article","og_title":"K\u00f8b MDAI Crystal &amp; Pudder billigt online - bedste globale medicin","og_description":"K\u00f8b MDAI Crystal &amp; Pulver til salg i Storbritannien, Europa billigt online. MDAI eller 5,6-methylendioxy-2-aminoindan K\u00f8b MDAI eller 5,6-methylendioxy-2-aminoindan.","og_url":"https:\/\/medicinasinc.com\/da\/product\/kob-mdai-krystal-pulver\/","og_site_name":"Medicinas Inc","article_modified_time":"2022-03-20T00:32:47+00:00","og_image":[{"width":600,"height":600,"url":"https:\/\/medicinasinc.com\/da\/wp-content\/uploads\/sites\/8\/2022\/02\/buy-mdai-crystal-powder-cheap-online.jpg","type":"image\/jpeg"}],"twitter_card":"summary_large_image","twitter_misc":{"Est. reading time":"2 minutes"},"schema":{"@context":"https:\/\/schema.org","@graph":[{"@type":"WebPage","@id":"https:\/\/medicinasinc.com\/da\/product\/kob-mdai-krystal-pulver\/","url":"https:\/\/medicinasinc.com\/da\/product\/kob-mdai-krystal-pulver\/","name":"K\u00f8b MDAI Crystal &amp; Pudder billigt online - bedste globale medicin","isPartOf":{"@id":"https:\/\/medicinasinc.com\/da\/#website"},"primaryImageOfPage":{"@id":"https:\/\/medicinasinc.com\/da\/product\/kob-mdai-krystal-pulver\/#primaryimage"},"image":{"@id":"https:\/\/medicinasinc.com\/da\/product\/kob-mdai-krystal-pulver\/#primaryimage"},"thumbnailUrl":"https:\/\/medicinasinc.com\/da\/wp-content\/uploads\/sites\/8\/2022\/02\/buy-mdai-crystal-powder-cheap-online.jpg","datePublished":"2022-02-22T01:48:50+00:00","dateModified":"2022-03-20T00:32:47+00:00","description":"K\u00f8b MDAI Crystal &amp; Pulver til salg i Storbritannien, Europa billigt online. MDAI eller 5,6-methylendioxy-2-aminoindan K\u00f8b MDAI eller 5,6-methylendioxy-2-aminoindan.","breadcrumb":{"@id":"https:\/\/medicinasinc.com\/da\/product\/kob-mdai-krystal-pulver\/#breadcrumb"},"inLanguage":"en-US","potentialAction":[{"@type":"ReadAction","target":["https:\/\/medicinasinc.com\/da\/product\/kob-mdai-krystal-pulver\/"]}]},{"@type":"ImageObject","inLanguage":"en-US","@id":"https:\/\/medicinasinc.com\/da\/product\/kob-mdai-krystal-pulver\/#primaryimage","url":"https:\/\/medicinasinc.com\/da\/wp-content\/uploads\/sites\/8\/2022\/02\/buy-mdai-crystal-powder-cheap-online.jpg","contentUrl":"https:\/\/medicinasinc.com\/da\/wp-content\/uploads\/sites\/8\/2022\/02\/buy-mdai-crystal-powder-cheap-online.jpg","width":600,"height":600},{"@type":"BreadcrumbList","@id":"https:\/\/medicinasinc.com\/da\/product\/kob-mdai-krystal-pulver\/#breadcrumb","itemListElement":[{"@type":"ListItem","position":1,"name":"Butik","item":"https:\/\/medicinasinc.com\/da\/butik\/"},{"@type":"ListItem","position":2,"name":"K\u00f8b MDAI Crystal &amp; Pulver"}]},{"@type":"WebSite","@id":"https:\/\/medicinasinc.com\/da\/#website","url":"https:\/\/medicinasinc.com\/da\/","name":"Medicinas Inc","description":"Health Medical Clinic","potentialAction":[{"@type":"SearchAction","target":{"@type":"EntryPoint","urlTemplate":"https:\/\/medicinasinc.com\/da\/?s={search_term_string}"},"query-input":{"@type":"PropertyValueSpecification","valueRequired":true,"valueName":"search_term_string"}}],"inLanguage":"en-US"}]}},"_links":{"self":[{"href":"https:\/\/medicinasinc.com\/da\/wp-json\/wp\/v2\/product\/5564","targetHints":{"allow":["GET"]}}],"collection":[{"href":"https:\/\/medicinasinc.com\/da\/wp-json\/wp\/v2\/product"}],"about":[{"href":"https:\/\/medicinasinc.com\/da\/wp-json\/wp\/v2\/types\/product"}],"replies":[{"embeddable":true,"href":"https:\/\/medicinasinc.com\/da\/wp-json\/wp\/v2\/comments?post=5564"}],"wp:featuredmedia":[{"embeddable":true,"href":"https:\/\/medicinasinc.com\/da\/wp-json\/wp\/v2\/media\/5574"}],"wp:attachment":[{"href":"https:\/\/medicinasinc.com\/da\/wp-json\/wp\/v2\/media?parent=5564"}],"wp:term":[{"taxonomy":"product_brand","embeddable":true,"href":"https:\/\/medicinasinc.com\/da\/wp-json\/wp\/v2\/product_brand?post=5564"},{"taxonomy":"product_cat","embeddable":true,"href":"https:\/\/medicinasinc.com\/da\/wp-json\/wp\/v2\/product_cat?post=5564"},{"taxonomy":"product_tag","embeddable":true,"href":"https:\/\/medicinasinc.com\/da\/wp-json\/wp\/v2\/product_tag?post=5564"}],"curies":[{"name":"wp","href":"https:\/\/api.w.org\/{rel}","templated":true}]}}