{"id":5563,"date":"2022-02-22T01:47:13","date_gmt":"2022-02-22T01:47:13","guid":{"rendered":"https:\/\/medicinasinc.com\/da\/?post_type=product&#038;p=5563"},"modified":"2022-03-20T00:32:56","modified_gmt":"2022-03-20T00:32:56","slug":"kob-elfenben-bolge-badesalt","status":"publish","type":"product","link":"https:\/\/medicinasinc.com\/da\/product\/kob-elfenben-bolge-badesalt\/","title":{"rendered":"K\u00f8b elfenbens b\u00f8lgebadesalt"},"content":{"rendered":"<p>Badesalte fra Best Global Meds er af den bedste kvalitet og vil efterlade dig ren og forfrisket efter en afslappende bl\u00f8dning. Fordi vi kun s\u00e6lger produkter af h\u00f8jeste kvalitet, kan du v\u00e6re sikker p\u00e5, at dit &#8220;k\u00f8b elfenbensb\u00f8lgebadesalt online&#8221; vil ankomme i perfekt stand. Ogs\u00e5 tilg\u00e6ngelig til rimelige priser i l\u00f8s v\u00e6gt og i detailhandlen er flere slags koncentrerede badesalte.<\/p>\n<p>Duften af \u200b\u200bvores badesalte fylder rummet!<\/p>\n<p>The Ivory Wave Bath Salts kan k\u00f8bes online.<\/p>\n<p>Hvor kan du k\u00f8be Ivory Wave Bath Salts via internettet? Elfenbensb\u00f8lgebadesalt kan k\u00f8bes online fra Chemicals Lab uden nogen indsats eller besv\u00e6r. Hver gang du k\u00f8ber elfenbensb\u00f8lgebadesalt fra vores onlineapotek, g\u00e5r vi ud over for at sikre, at du f\u00e5r den bedst mulige pris. Vores mission hos Best Global Meds er at s\u00e6nke vores kunders omkostninger og samtidig \u00f8ge den v\u00e6rdi, de modtager.<\/p>\n","protected":false},"excerpt":{"rendered":"<div class=\"woocommerce-product-details__short-description\">\n<p>Betaler du for meget for elfenbensb\u00f8lgebadesalt online? K\u00f8b elfenbensb\u00f8lgebadesalt til salg i Storbritannien, Europa online hos Best Global Meds. F\u00e5 mere at vide om elfenbensb\u00f8lgebadesalt til salg<\/p>\n<p>&nbsp;<\/p>\n<\/p><\/div>\n","protected":false},"featured_media":5572,"comment_status":"open","ping_status":"closed","template":"","meta":[],"product_brand":[],"product_cat":[2014],"product_tag":[3091,3082,3084,3083,3092,3081,3085,3086,3090,3087,3088,3089],"class_list":{"0":"post-5563","1":"product","2":"type-product","3":"status-publish","4":"has-post-thumbnail","6":"product_cat-kb-forskningskemikalier","7":"product_tag-bestil-elfenben-blge-badesalt-online","8":"product_tag-buy-lvory-wave-bath-salt","9":"product_tag-elfenben-blge-badesalt-til-salg","10":"product_tag-elfenben-blge-badesalte","11":"product_tag-hvor-kan-kbes-elfenben-blge-badesalt","12":"product_tag-kb-elfenben-blge-badesalt-online","13":"product_tag-elvory-blge-badesalt-kb","14":"product_tag-elvory-blge-badesalt-effekt","15":"product_tag-elvory-blge-bade-salt-engros","16":"product_tag-lvory-blge-bad-salt-europa","17":"product_tag-lvory-blge-badesalt-online","18":"product_tag-elvory-blge-bade-salt-orden","20":"first","21":"instock","22":"shipping-taxable","23":"purchasable","24":"product-type-variable"},"yoast_head":"<!-- This site is optimized with the Yoast SEO plugin v27.3 - https:\/\/yoast.com\/product\/yoast-seo-wordpress\/ -->\n<title>K\u00f8b Ivory Wave Bath Salt - Lvory Wave Bath Salt - Bedste globale medicin<\/title>\n<meta name=\"description\" content=\"Betaler du for meget for elfenbensb\u00f8lgebadesalt online? K\u00f8b elfenbensb\u00f8lgebadesalt til salg i Storbritannien, Europa online hos Best Global Meds. F\u00e5 mere at vide om elfenbensb\u00f8lgebadesalt til salg\" \/>\n<meta name=\"robots\" content=\"index, follow, max-snippet:-1, max-image-preview:large, max-video-preview:-1\" \/>\n<link rel=\"canonical\" href=\"https:\/\/medicinasinc.com\/da\/product\/kob-elfenben-bolge-badesalt\/\" \/>\n<meta property=\"og:locale\" content=\"en_US\" \/>\n<meta property=\"og:type\" content=\"article\" \/>\n<meta property=\"og:title\" content=\"K\u00f8b Ivory Wave Bath Salt - Lvory Wave Bath Salt - Bedste globale medicin\" \/>\n<meta property=\"og:description\" content=\"Betaler du for meget for elfenbensb\u00f8lgebadesalt online? K\u00f8b elfenbensb\u00f8lgebadesalt til salg i Storbritannien, Europa online hos Best Global Meds. F\u00e5 mere at vide om elfenbensb\u00f8lgebadesalt til salg\" \/>\n<meta property=\"og:url\" content=\"https:\/\/medicinasinc.com\/da\/product\/kob-elfenben-bolge-badesalt\/\" \/>\n<meta property=\"og:site_name\" content=\"Medicinas Inc\" \/>\n<meta property=\"article:modified_time\" content=\"2022-03-20T00:32:56+00:00\" \/>\n<meta property=\"og:image\" content=\"https:\/\/medicinasinc.com\/da\/wp-content\/uploads\/sites\/8\/2022\/02\/Buy-Lvory-Wave-Bath-Salt.jpg\" \/>\n\t<meta property=\"og:image:width\" content=\"450\" \/>\n\t<meta property=\"og:image:height\" content=\"316\" \/>\n\t<meta property=\"og:image:type\" content=\"image\/jpeg\" \/>\n<meta name=\"twitter:card\" content=\"summary_large_image\" \/>\n<meta name=\"twitter:label1\" content=\"Est. reading time\" \/>\n\t<meta name=\"twitter:data1\" content=\"1 minute\" \/>\n<script type=\"application\/ld+json\" class=\"yoast-schema-graph\">{\"@context\":\"https:\\\/\\\/schema.org\",\"@graph\":[{\"@type\":\"WebPage\",\"@id\":\"https:\\\/\\\/medicinasinc.com\\\/da\\\/product\\\/kob-elfenben-bolge-badesalt\\\/\",\"url\":\"https:\\\/\\\/medicinasinc.com\\\/da\\\/product\\\/kob-elfenben-bolge-badesalt\\\/\",\"name\":\"K\u00f8b Ivory Wave Bath Salt - Lvory Wave Bath Salt - Bedste globale medicin\",\"isPartOf\":{\"@id\":\"https:\\\/\\\/medicinasinc.com\\\/da\\\/#website\"},\"primaryImageOfPage\":{\"@id\":\"https:\\\/\\\/medicinasinc.com\\\/da\\\/product\\\/kob-elfenben-bolge-badesalt\\\/#primaryimage\"},\"image\":{\"@id\":\"https:\\\/\\\/medicinasinc.com\\\/da\\\/product\\\/kob-elfenben-bolge-badesalt\\\/#primaryimage\"},\"thumbnailUrl\":\"https:\\\/\\\/medicinasinc.com\\\/da\\\/wp-content\\\/uploads\\\/sites\\\/8\\\/2022\\\/02\\\/Buy-Lvory-Wave-Bath-Salt.jpg\",\"datePublished\":\"2022-02-22T01:47:13+00:00\",\"dateModified\":\"2022-03-20T00:32:56+00:00\",\"description\":\"Betaler du for meget for elfenbensb\u00f8lgebadesalt online? K\u00f8b elfenbensb\u00f8lgebadesalt til salg i Storbritannien, Europa online hos Best Global Meds. F\u00e5 mere at vide om elfenbensb\u00f8lgebadesalt til salg\",\"breadcrumb\":{\"@id\":\"https:\\\/\\\/medicinasinc.com\\\/da\\\/product\\\/kob-elfenben-bolge-badesalt\\\/#breadcrumb\"},\"inLanguage\":\"en-US\",\"potentialAction\":[{\"@type\":\"ReadAction\",\"target\":[\"https:\\\/\\\/medicinasinc.com\\\/da\\\/product\\\/kob-elfenben-bolge-badesalt\\\/\"]}]},{\"@type\":\"ImageObject\",\"inLanguage\":\"en-US\",\"@id\":\"https:\\\/\\\/medicinasinc.com\\\/da\\\/product\\\/kob-elfenben-bolge-badesalt\\\/#primaryimage\",\"url\":\"https:\\\/\\\/medicinasinc.com\\\/da\\\/wp-content\\\/uploads\\\/sites\\\/8\\\/2022\\\/02\\\/Buy-Lvory-Wave-Bath-Salt.jpg\",\"contentUrl\":\"https:\\\/\\\/medicinasinc.com\\\/da\\\/wp-content\\\/uploads\\\/sites\\\/8\\\/2022\\\/02\\\/Buy-Lvory-Wave-Bath-Salt.jpg\",\"width\":450,\"height\":316},{\"@type\":\"BreadcrumbList\",\"@id\":\"https:\\\/\\\/medicinasinc.com\\\/da\\\/product\\\/kob-elfenben-bolge-badesalt\\\/#breadcrumb\",\"itemListElement\":[{\"@type\":\"ListItem\",\"position\":1,\"name\":\"Butik\",\"item\":\"https:\\\/\\\/medicinasinc.com\\\/da\\\/butik\\\/\"},{\"@type\":\"ListItem\",\"position\":2,\"name\":\"K\u00f8b elfenbens b\u00f8lgebadesalt\"}]},{\"@type\":\"WebSite\",\"@id\":\"https:\\\/\\\/medicinasinc.com\\\/da\\\/#website\",\"url\":\"https:\\\/\\\/medicinasinc.com\\\/da\\\/\",\"name\":\"Medicinas Inc\",\"description\":\"Health Medical Clinic\",\"potentialAction\":[{\"@type\":\"SearchAction\",\"target\":{\"@type\":\"EntryPoint\",\"urlTemplate\":\"https:\\\/\\\/medicinasinc.com\\\/da\\\/?s={search_term_string}\"},\"query-input\":{\"@type\":\"PropertyValueSpecification\",\"valueRequired\":true,\"valueName\":\"search_term_string\"}}],\"inLanguage\":\"en-US\"}]}<\/script>\n<!-- \/ Yoast SEO plugin. -->","yoast_head_json":{"title":"K\u00f8b Ivory Wave Bath Salt - Lvory Wave Bath Salt - Bedste globale medicin","description":"Betaler du for meget for elfenbensb\u00f8lgebadesalt online? K\u00f8b elfenbensb\u00f8lgebadesalt til salg i Storbritannien, Europa online hos Best Global Meds. F\u00e5 mere at vide om elfenbensb\u00f8lgebadesalt til salg","robots":{"index":"index","follow":"follow","max-snippet":"max-snippet:-1","max-image-preview":"max-image-preview:large","max-video-preview":"max-video-preview:-1"},"canonical":"https:\/\/medicinasinc.com\/da\/product\/kob-elfenben-bolge-badesalt\/","og_locale":"en_US","og_type":"article","og_title":"K\u00f8b Ivory Wave Bath Salt - Lvory Wave Bath Salt - Bedste globale medicin","og_description":"Betaler du for meget for elfenbensb\u00f8lgebadesalt online? K\u00f8b elfenbensb\u00f8lgebadesalt til salg i Storbritannien, Europa online hos Best Global Meds. F\u00e5 mere at vide om elfenbensb\u00f8lgebadesalt til salg","og_url":"https:\/\/medicinasinc.com\/da\/product\/kob-elfenben-bolge-badesalt\/","og_site_name":"Medicinas Inc","article_modified_time":"2022-03-20T00:32:56+00:00","og_image":[{"width":450,"height":316,"url":"https:\/\/medicinasinc.com\/da\/wp-content\/uploads\/sites\/8\/2022\/02\/Buy-Lvory-Wave-Bath-Salt.jpg","type":"image\/jpeg"}],"twitter_card":"summary_large_image","twitter_misc":{"Est. reading time":"1 minute"},"schema":{"@context":"https:\/\/schema.org","@graph":[{"@type":"WebPage","@id":"https:\/\/medicinasinc.com\/da\/product\/kob-elfenben-bolge-badesalt\/","url":"https:\/\/medicinasinc.com\/da\/product\/kob-elfenben-bolge-badesalt\/","name":"K\u00f8b Ivory Wave Bath Salt - Lvory Wave Bath Salt - Bedste globale medicin","isPartOf":{"@id":"https:\/\/medicinasinc.com\/da\/#website"},"primaryImageOfPage":{"@id":"https:\/\/medicinasinc.com\/da\/product\/kob-elfenben-bolge-badesalt\/#primaryimage"},"image":{"@id":"https:\/\/medicinasinc.com\/da\/product\/kob-elfenben-bolge-badesalt\/#primaryimage"},"thumbnailUrl":"https:\/\/medicinasinc.com\/da\/wp-content\/uploads\/sites\/8\/2022\/02\/Buy-Lvory-Wave-Bath-Salt.jpg","datePublished":"2022-02-22T01:47:13+00:00","dateModified":"2022-03-20T00:32:56+00:00","description":"Betaler du for meget for elfenbensb\u00f8lgebadesalt online? K\u00f8b elfenbensb\u00f8lgebadesalt til salg i Storbritannien, Europa online hos Best Global Meds. F\u00e5 mere at vide om elfenbensb\u00f8lgebadesalt til salg","breadcrumb":{"@id":"https:\/\/medicinasinc.com\/da\/product\/kob-elfenben-bolge-badesalt\/#breadcrumb"},"inLanguage":"en-US","potentialAction":[{"@type":"ReadAction","target":["https:\/\/medicinasinc.com\/da\/product\/kob-elfenben-bolge-badesalt\/"]}]},{"@type":"ImageObject","inLanguage":"en-US","@id":"https:\/\/medicinasinc.com\/da\/product\/kob-elfenben-bolge-badesalt\/#primaryimage","url":"https:\/\/medicinasinc.com\/da\/wp-content\/uploads\/sites\/8\/2022\/02\/Buy-Lvory-Wave-Bath-Salt.jpg","contentUrl":"https:\/\/medicinasinc.com\/da\/wp-content\/uploads\/sites\/8\/2022\/02\/Buy-Lvory-Wave-Bath-Salt.jpg","width":450,"height":316},{"@type":"BreadcrumbList","@id":"https:\/\/medicinasinc.com\/da\/product\/kob-elfenben-bolge-badesalt\/#breadcrumb","itemListElement":[{"@type":"ListItem","position":1,"name":"Butik","item":"https:\/\/medicinasinc.com\/da\/butik\/"},{"@type":"ListItem","position":2,"name":"K\u00f8b elfenbens b\u00f8lgebadesalt"}]},{"@type":"WebSite","@id":"https:\/\/medicinasinc.com\/da\/#website","url":"https:\/\/medicinasinc.com\/da\/","name":"Medicinas Inc","description":"Health Medical Clinic","potentialAction":[{"@type":"SearchAction","target":{"@type":"EntryPoint","urlTemplate":"https:\/\/medicinasinc.com\/da\/?s={search_term_string}"},"query-input":{"@type":"PropertyValueSpecification","valueRequired":true,"valueName":"search_term_string"}}],"inLanguage":"en-US"}]}},"_links":{"self":[{"href":"https:\/\/medicinasinc.com\/da\/wp-json\/wp\/v2\/product\/5563","targetHints":{"allow":["GET"]}}],"collection":[{"href":"https:\/\/medicinasinc.com\/da\/wp-json\/wp\/v2\/product"}],"about":[{"href":"https:\/\/medicinasinc.com\/da\/wp-json\/wp\/v2\/types\/product"}],"replies":[{"embeddable":true,"href":"https:\/\/medicinasinc.com\/da\/wp-json\/wp\/v2\/comments?post=5563"}],"wp:featuredmedia":[{"embeddable":true,"href":"https:\/\/medicinasinc.com\/da\/wp-json\/wp\/v2\/media\/5572"}],"wp:attachment":[{"href":"https:\/\/medicinasinc.com\/da\/wp-json\/wp\/v2\/media?parent=5563"}],"wp:term":[{"taxonomy":"product_brand","embeddable":true,"href":"https:\/\/medicinasinc.com\/da\/wp-json\/wp\/v2\/product_brand?post=5563"},{"taxonomy":"product_cat","embeddable":true,"href":"https:\/\/medicinasinc.com\/da\/wp-json\/wp\/v2\/product_cat?post=5563"},{"taxonomy":"product_tag","embeddable":true,"href":"https:\/\/medicinasinc.com\/da\/wp-json\/wp\/v2\/product_tag?post=5563"}],"curies":[{"name":"wp","href":"https:\/\/api.w.org\/{rel}","templated":true}]}}