{"id":5549,"date":"2022-02-22T01:34:03","date_gmt":"2022-02-22T01:34:03","guid":{"rendered":"https:\/\/medicinasinc.com\/da\/?post_type=product&#038;p=5549"},"modified":"2022-03-20T00:33:05","modified_gmt":"2022-03-20T00:33:05","slug":"kob-jwh-210-kemisk-pulver","status":"publish","type":"product","link":"https:\/\/medicinasinc.com\/da\/product\/kob-jwh-210-kemisk-pulver\/","title":{"rendered":"K\u00f8b JWH-210 kemisk pulver"},"content":{"rendered":"<p>Det kemiske pulver af JWH-210 kan k\u00f8bes online.<\/p>\n<p>Shop efter JWH-210 Chemical Powder p\u00e5 internettet. Et af de mest brugte antidepressiva i USA er JWH-210. Cannabinoiden har en kraftig effekt.<\/p>\n<p>online WH-210-pulver<\/p>\n<p>Til smertelindring fungerer JWH-210-pulver fra naphthoylindol-familien som en cannabinoid-agonist ved b\u00e5de CB1- og CB2-receptorerne med en Ki-v\u00e6rdi p\u00e5 0,46 nM for CB1 og 0,69 nM for CB2. Som et 4-substitueret Naphthoyl-derivat har det en st\u00e6rkere bindingsaffinitet (dvs. lavere Ki) ved CB1 end b\u00e5de dets 4-methyl- og 4-N-propylhomologer, JWH-122 (CB1 Ki 0,69 nM) s\u00e5vel som JWH-182 (CB1 Ki 0,65 nM) og 4-methoxy-molekylet JWH-081 (CB1 Ki 1,2 nM). John W. Huffman, som gjorde opdagelsen, blev be\u00e6ret med \u00e6ren af \u200b\u200bat f\u00e5 sit fund opkaldt efter sig.<\/p>\n<p>Der er to typer cannabinoid-receptorer i kroppen: CB1 og CB2. JWH-210 er smertestillende og fungerer som en agonist for begge. CB1 Ki er ved 0,46 nM og CB2 Ki ved 0,69 nM. Et st\u00e6rkt 4-substitueret naphthoylderivat af naphthoylindol-serien, det har en h\u00f8jere affinitet for CB1-binding end JWH-122, JWH-182 og JWH-081 af den f\u00f8rste generation af syntetiske cannabinoider (1).<\/p>\n<p> Metaboliske veje: JWH-210 har flere kendte metabolitter, herunder N-pentansyre-metabolit (p\u00e5viselig i urin), N-(4-hydroxypentyl)-metabolit (p\u00e5viselig i urin og serum), N-(5-hydroxypentyl)-metabolit (p\u00e5viselig i urin) urin og serum), og 5 hydroxyindol-metabolit (p\u00e5viselig i urin og serum) (p\u00e5viselig i urin og serum). Det er ogs\u00e5 blevet anf\u00f8rt, at napthoylringen er blevet hydroxyleret (2).<\/p>\n<p>N\u00e5r det spr\u00f8jtes p\u00e5 planter, har JWH-210 samme virkninger og toksicitet som marihuana, if\u00f8lge brugere. Inden for 2-5 minutter efter injektion begynder virkningerne at kunne m\u00e6rkes. Lidt er kendt om virkningerne af JWH-210 alene, men syntetiske cannabinoider for\u00e5rsager almindeligvis hum\u00f8r og perceptuelle \u00e6ndringer, panikanfald og agitation, en h\u00f8j, der ligner cannabis, og mindre hallucinogene effekter (visuel og auditiv).<\/p>\n","protected":false},"excerpt":{"rendered":"<p>K\u00f8b JWH-210 kemisk pulver til salg online i Storbritannien, Europa, EU. JWH-210 Chemical Powder er et smertestillende kemikalie fra naphthoylindol-familien. <\/p>\n<h3 class=\"product_title\"> JWH-210 pulver online k\u00f8b original JWH-210 99 % renhed <\/h3>\n","protected":false},"featured_media":5560,"comment_status":"open","ping_status":"closed","template":"","meta":[],"product_brand":[],"product_cat":[2014],"product_tag":[3070,3071,3072,3073,3034,3080,3075,3076,3074,3077,3078,3079,3047],"class_list":{"0":"post-5549","1":"product","2":"type-product","3":"status-publish","4":"has-post-thumbnail","6":"product_cat-kb-forskningskemikalier","7":"product_tag-buy-jwh-210","8":"product_tag-buy-jwh-210-europe","9":"product_tag-buy-jwh-210-uk","10":"product_tag-buy-jwh-210-usa","11":"product_tag-jwh-018","12":"product_tag-jwh-210-gennemgang","13":"product_tag-jwh-210-dosering","14":"product_tag-jwh-210-legal-status-usa","15":"product_tag-jwh-210-kb","16":"product_tag-jwh-210-ordre","17":"product_tag-jwh-210-psykonaut","18":"product_tag-jwh-210-reddit","19":"product_tag-jwh-250","21":"first","22":"instock","23":"shipping-taxable","24":"purchasable","25":"product-type-variable","26":"has-default-attributes"},"yoast_head":"<!-- This site is optimized with the Yoast SEO plugin v27.3 - https:\/\/yoast.com\/product\/yoast-seo-wordpress\/ -->\n<title>K\u00f8b JWH-210 kemisk pulver - bedste globale medicin<\/title>\n<meta name=\"description\" content=\"K\u00f8b JWH-210 kemisk pulver til salg online i Storbritannien, Europa. JWH-210 Chemical Powder er et smertestillende kemikalie fra naphthoylindol-familien.\" \/>\n<meta name=\"robots\" content=\"index, follow, max-snippet:-1, max-image-preview:large, max-video-preview:-1\" \/>\n<link rel=\"canonical\" href=\"https:\/\/medicinasinc.com\/da\/product\/kob-jwh-210-kemisk-pulver\/\" \/>\n<meta property=\"og:locale\" content=\"en_US\" \/>\n<meta property=\"og:type\" content=\"article\" \/>\n<meta property=\"og:title\" content=\"K\u00f8b JWH-210 kemisk pulver - bedste globale medicin\" \/>\n<meta property=\"og:description\" content=\"K\u00f8b JWH-210 kemisk pulver til salg online i Storbritannien, Europa. JWH-210 Chemical Powder er et smertestillende kemikalie fra naphthoylindol-familien.\" \/>\n<meta property=\"og:url\" content=\"https:\/\/medicinasinc.com\/da\/product\/kob-jwh-210-kemisk-pulver\/\" \/>\n<meta property=\"og:site_name\" content=\"Medicinas Inc\" \/>\n<meta property=\"article:modified_time\" content=\"2022-03-20T00:33:05+00:00\" \/>\n<meta property=\"og:image\" content=\"https:\/\/medicinasinc.com\/da\/wp-content\/uploads\/sites\/8\/2022\/02\/Buy-JWH-210-Chemical-Powder-Online.jpg\" \/>\n\t<meta property=\"og:image:width\" content=\"600\" \/>\n\t<meta property=\"og:image:height\" content=\"600\" \/>\n\t<meta property=\"og:image:type\" content=\"image\/jpeg\" \/>\n<meta name=\"twitter:card\" content=\"summary_large_image\" \/>\n<meta name=\"twitter:label1\" content=\"Est. reading time\" \/>\n\t<meta name=\"twitter:data1\" content=\"2 minutes\" \/>\n<script type=\"application\/ld+json\" class=\"yoast-schema-graph\">{\"@context\":\"https:\\\/\\\/schema.org\",\"@graph\":[{\"@type\":\"WebPage\",\"@id\":\"https:\\\/\\\/medicinasinc.com\\\/da\\\/product\\\/kob-jwh-210-kemisk-pulver\\\/\",\"url\":\"https:\\\/\\\/medicinasinc.com\\\/da\\\/product\\\/kob-jwh-210-kemisk-pulver\\\/\",\"name\":\"K\u00f8b JWH-210 kemisk pulver - bedste globale medicin\",\"isPartOf\":{\"@id\":\"https:\\\/\\\/medicinasinc.com\\\/da\\\/#website\"},\"primaryImageOfPage\":{\"@id\":\"https:\\\/\\\/medicinasinc.com\\\/da\\\/product\\\/kob-jwh-210-kemisk-pulver\\\/#primaryimage\"},\"image\":{\"@id\":\"https:\\\/\\\/medicinasinc.com\\\/da\\\/product\\\/kob-jwh-210-kemisk-pulver\\\/#primaryimage\"},\"thumbnailUrl\":\"https:\\\/\\\/medicinasinc.com\\\/da\\\/wp-content\\\/uploads\\\/sites\\\/8\\\/2022\\\/02\\\/Buy-JWH-210-Chemical-Powder-Online.jpg\",\"datePublished\":\"2022-02-22T01:34:03+00:00\",\"dateModified\":\"2022-03-20T00:33:05+00:00\",\"description\":\"K\u00f8b JWH-210 kemisk pulver til salg online i Storbritannien, Europa. JWH-210 Chemical Powder er et smertestillende kemikalie fra naphthoylindol-familien.\",\"breadcrumb\":{\"@id\":\"https:\\\/\\\/medicinasinc.com\\\/da\\\/product\\\/kob-jwh-210-kemisk-pulver\\\/#breadcrumb\"},\"inLanguage\":\"en-US\",\"potentialAction\":[{\"@type\":\"ReadAction\",\"target\":[\"https:\\\/\\\/medicinasinc.com\\\/da\\\/product\\\/kob-jwh-210-kemisk-pulver\\\/\"]}]},{\"@type\":\"ImageObject\",\"inLanguage\":\"en-US\",\"@id\":\"https:\\\/\\\/medicinasinc.com\\\/da\\\/product\\\/kob-jwh-210-kemisk-pulver\\\/#primaryimage\",\"url\":\"https:\\\/\\\/medicinasinc.com\\\/da\\\/wp-content\\\/uploads\\\/sites\\\/8\\\/2022\\\/02\\\/Buy-JWH-210-Chemical-Powder-Online.jpg\",\"contentUrl\":\"https:\\\/\\\/medicinasinc.com\\\/da\\\/wp-content\\\/uploads\\\/sites\\\/8\\\/2022\\\/02\\\/Buy-JWH-210-Chemical-Powder-Online.jpg\",\"width\":600,\"height\":600},{\"@type\":\"BreadcrumbList\",\"@id\":\"https:\\\/\\\/medicinasinc.com\\\/da\\\/product\\\/kob-jwh-210-kemisk-pulver\\\/#breadcrumb\",\"itemListElement\":[{\"@type\":\"ListItem\",\"position\":1,\"name\":\"Butik\",\"item\":\"https:\\\/\\\/medicinasinc.com\\\/da\\\/butik\\\/\"},{\"@type\":\"ListItem\",\"position\":2,\"name\":\"K\u00f8b JWH-210 kemisk pulver\"}]},{\"@type\":\"WebSite\",\"@id\":\"https:\\\/\\\/medicinasinc.com\\\/da\\\/#website\",\"url\":\"https:\\\/\\\/medicinasinc.com\\\/da\\\/\",\"name\":\"Medicinas Inc\",\"description\":\"Health Medical Clinic\",\"potentialAction\":[{\"@type\":\"SearchAction\",\"target\":{\"@type\":\"EntryPoint\",\"urlTemplate\":\"https:\\\/\\\/medicinasinc.com\\\/da\\\/?s={search_term_string}\"},\"query-input\":{\"@type\":\"PropertyValueSpecification\",\"valueRequired\":true,\"valueName\":\"search_term_string\"}}],\"inLanguage\":\"en-US\"}]}<\/script>\n<!-- \/ Yoast SEO plugin. -->","yoast_head_json":{"title":"K\u00f8b JWH-210 kemisk pulver - bedste globale medicin","description":"K\u00f8b JWH-210 kemisk pulver til salg online i Storbritannien, Europa. JWH-210 Chemical Powder er et smertestillende kemikalie fra naphthoylindol-familien.","robots":{"index":"index","follow":"follow","max-snippet":"max-snippet:-1","max-image-preview":"max-image-preview:large","max-video-preview":"max-video-preview:-1"},"canonical":"https:\/\/medicinasinc.com\/da\/product\/kob-jwh-210-kemisk-pulver\/","og_locale":"en_US","og_type":"article","og_title":"K\u00f8b JWH-210 kemisk pulver - bedste globale medicin","og_description":"K\u00f8b JWH-210 kemisk pulver til salg online i Storbritannien, Europa. JWH-210 Chemical Powder er et smertestillende kemikalie fra naphthoylindol-familien.","og_url":"https:\/\/medicinasinc.com\/da\/product\/kob-jwh-210-kemisk-pulver\/","og_site_name":"Medicinas Inc","article_modified_time":"2022-03-20T00:33:05+00:00","og_image":[{"width":600,"height":600,"url":"https:\/\/medicinasinc.com\/da\/wp-content\/uploads\/sites\/8\/2022\/02\/Buy-JWH-210-Chemical-Powder-Online.jpg","type":"image\/jpeg"}],"twitter_card":"summary_large_image","twitter_misc":{"Est. reading time":"2 minutes"},"schema":{"@context":"https:\/\/schema.org","@graph":[{"@type":"WebPage","@id":"https:\/\/medicinasinc.com\/da\/product\/kob-jwh-210-kemisk-pulver\/","url":"https:\/\/medicinasinc.com\/da\/product\/kob-jwh-210-kemisk-pulver\/","name":"K\u00f8b JWH-210 kemisk pulver - bedste globale medicin","isPartOf":{"@id":"https:\/\/medicinasinc.com\/da\/#website"},"primaryImageOfPage":{"@id":"https:\/\/medicinasinc.com\/da\/product\/kob-jwh-210-kemisk-pulver\/#primaryimage"},"image":{"@id":"https:\/\/medicinasinc.com\/da\/product\/kob-jwh-210-kemisk-pulver\/#primaryimage"},"thumbnailUrl":"https:\/\/medicinasinc.com\/da\/wp-content\/uploads\/sites\/8\/2022\/02\/Buy-JWH-210-Chemical-Powder-Online.jpg","datePublished":"2022-02-22T01:34:03+00:00","dateModified":"2022-03-20T00:33:05+00:00","description":"K\u00f8b JWH-210 kemisk pulver til salg online i Storbritannien, Europa. JWH-210 Chemical Powder er et smertestillende kemikalie fra naphthoylindol-familien.","breadcrumb":{"@id":"https:\/\/medicinasinc.com\/da\/product\/kob-jwh-210-kemisk-pulver\/#breadcrumb"},"inLanguage":"en-US","potentialAction":[{"@type":"ReadAction","target":["https:\/\/medicinasinc.com\/da\/product\/kob-jwh-210-kemisk-pulver\/"]}]},{"@type":"ImageObject","inLanguage":"en-US","@id":"https:\/\/medicinasinc.com\/da\/product\/kob-jwh-210-kemisk-pulver\/#primaryimage","url":"https:\/\/medicinasinc.com\/da\/wp-content\/uploads\/sites\/8\/2022\/02\/Buy-JWH-210-Chemical-Powder-Online.jpg","contentUrl":"https:\/\/medicinasinc.com\/da\/wp-content\/uploads\/sites\/8\/2022\/02\/Buy-JWH-210-Chemical-Powder-Online.jpg","width":600,"height":600},{"@type":"BreadcrumbList","@id":"https:\/\/medicinasinc.com\/da\/product\/kob-jwh-210-kemisk-pulver\/#breadcrumb","itemListElement":[{"@type":"ListItem","position":1,"name":"Butik","item":"https:\/\/medicinasinc.com\/da\/butik\/"},{"@type":"ListItem","position":2,"name":"K\u00f8b JWH-210 kemisk pulver"}]},{"@type":"WebSite","@id":"https:\/\/medicinasinc.com\/da\/#website","url":"https:\/\/medicinasinc.com\/da\/","name":"Medicinas Inc","description":"Health Medical Clinic","potentialAction":[{"@type":"SearchAction","target":{"@type":"EntryPoint","urlTemplate":"https:\/\/medicinasinc.com\/da\/?s={search_term_string}"},"query-input":{"@type":"PropertyValueSpecification","valueRequired":true,"valueName":"search_term_string"}}],"inLanguage":"en-US"}]}},"_links":{"self":[{"href":"https:\/\/medicinasinc.com\/da\/wp-json\/wp\/v2\/product\/5549","targetHints":{"allow":["GET"]}}],"collection":[{"href":"https:\/\/medicinasinc.com\/da\/wp-json\/wp\/v2\/product"}],"about":[{"href":"https:\/\/medicinasinc.com\/da\/wp-json\/wp\/v2\/types\/product"}],"replies":[{"embeddable":true,"href":"https:\/\/medicinasinc.com\/da\/wp-json\/wp\/v2\/comments?post=5549"}],"wp:featuredmedia":[{"embeddable":true,"href":"https:\/\/medicinasinc.com\/da\/wp-json\/wp\/v2\/media\/5560"}],"wp:attachment":[{"href":"https:\/\/medicinasinc.com\/da\/wp-json\/wp\/v2\/media?parent=5549"}],"wp:term":[{"taxonomy":"product_brand","embeddable":true,"href":"https:\/\/medicinasinc.com\/da\/wp-json\/wp\/v2\/product_brand?post=5549"},{"taxonomy":"product_cat","embeddable":true,"href":"https:\/\/medicinasinc.com\/da\/wp-json\/wp\/v2\/product_cat?post=5549"},{"taxonomy":"product_tag","embeddable":true,"href":"https:\/\/medicinasinc.com\/da\/wp-json\/wp\/v2\/product_tag?post=5549"}],"curies":[{"name":"wp","href":"https:\/\/api.w.org\/{rel}","templated":true}]}}