{"id":5548,"date":"2022-02-22T01:32:32","date_gmt":"2022-02-22T01:32:32","guid":{"rendered":"https:\/\/medicinasinc.com\/da\/?post_type=product&#038;p=5548"},"modified":"2022-03-20T00:33:16","modified_gmt":"2022-03-20T00:33:16","slug":"kob-jwh-018-kemisk","status":"publish","type":"product","link":"https:\/\/medicinasinc.com\/da\/product\/kob-jwh-018-kemisk\/","title":{"rendered":"K\u00f8b JWH-018 Chemical"},"content":{"rendered":"<p>JWH-018 pulver kan k\u00f8bes ved hj\u00e6lp af western union\/MoneyGram eller bitcoins lige her p\u00e5 vores side. Det er garanteret at v\u00e6re mindst 99,8 procent rent. Ethvert parti af vores forskningskemikalier kan forsynes med et analysecertifikat (COA).<\/p>\n<p>Et gram JWH-018 hver ordreenhed indeholder minimum 99,8 % ren JWH-018.<\/p>\n<p>Til salg er JWH 018 spray.<\/p>\n<p>F\u00f8r vi g\u00e5r ind i JWH-018, vil vi gerne give dig en kort introduktion til CBD.<br \/> If\u00f8lge US Public Library of Medicine, CBD, en forkortelse for cannabidiol, er et syntetisk kemikalie, der stammer fra Cannabis sativa-planten, nogle gange kendt som cannabis eller hj\u00e6lp.<br \/> I produkter som olier og spiselige produkter bruges det til at fremkalde en f\u00f8lelse af ro og afslapning. Ligesom sin f\u00e6tter, THC (delta-9-tetrahydrocannabinoider), har CBD ikke en psykotropisk effekt p\u00e5 kroppen.<br \/> Zests hjemmedyrkede blanding &#8220;Zest&#8221; indeholder en konstrueret cannabinoid kendt som JWH-018. P\u00e5 grund af dens lignende berusende virkning som 9-THC, bruges denne Zest cannabinoid ulovligt. Mens JWH-018 er m\u00e6rkbart mere potent end tilsvarende cannabism\u00e5linger, byder den ogs\u00e5 p\u00e5 enorme udfordringer for p\u00e5visning ved standard 9-THC-testunders\u00f8gelser. JWH-018<br \/> JWH-018 blev f\u00f8jet til DEA&#8217;s liste over l\u00e6gemidler og syntetiske stoffer i juli 2009. Nogle jurisdiktioner har taget skridt til at forbyde salg eller ejerskab af Flavour (JWH-018), herunder Alabama, Arkansas , Georgia, Kansas, Kentucky, North Dakota og Tennessee p\u00e5 trods af de rapporterede fangster af Flavor i Ohio og Florida.<br \/> N\u00e5r det kommer til jwh-018 spray, er du kommet til det rigtige sted, hvis du vil have det bedste. Vi sender varer af h\u00f8j kvalitet i store m\u00e6ngder over hele verden. Jwh-018 sprayen kan blive din inden for de n\u00e6ste fem arbejdsdage, hvis du bestiller nu. Online k\u00f8b af jwh-018.<\/p>\n","protected":false},"excerpt":{"rendered":"<div class=\"woocommerce-product-details__short-description\">\n<p>Vi har JWH-018 til salg p\u00e5 vores hjemmeside. Aldrig f\u00f8r sete udgifter. En spray- og pulverversion af Best JWH-018 Essence kan nu k\u00f8bes. Bestglobalmeds.com er stedet for at k\u00f8be JWH-018 online.<\/p>\n<p>K\u00f8b JWH-018 fra en velrenommeret forhandler online. \u00d8nsker at k\u00f8be h\u00f8jkvalitets jwh-018 til en billig pris. Bestil hos os og slutt dig til r\u00e6kken af \u200b\u200btilfredse kunder.<\/p>\n<p>JWH-018<\/p>\n<p>Produktet er helt nyt.<\/p>\n<p>K\u00f8b JWH-018<\/p>\n<p>Aktivt stof:<br \/> Aktivt efter:<br \/> Aktivtid:<br \/> En ordreenhed:<\/p>\n<p>JWH-018<br \/> 20-30 min. efter brug<br \/> 4-5 timer<br \/> 1g af min 99<\/p>\n<\/p><\/div>\n","protected":false},"featured_media":5558,"comment_status":"open","ping_status":"closed","template":"","meta":[],"product_brand":[],"product_cat":[2014],"product_tag":[3050,3051,3053,3054,3055,3063,3067,3058,3059,3060,3061,3062,3065,3057,3064,3066,3068,3056,3052,3069],"class_list":{"0":"post-5548","1":"product","2":"type-product","3":"status-publish","4":"has-post-thumbnail","6":"product_cat-kb-forskningskemikalier","7":"product_tag-buy-jwh-018","8":"product_tag-buy-jwh-018-chemical","9":"product_tag-how-to-make-jwh-018-spray","10":"product_tag-jwh-pulver","11":"product_tag-jwh-018-alternativ","12":"product_tag-jwh-018-gennemgang","13":"product_tag-jwh-018-engros","14":"product_tag-jwh-018-online-kb","15":"product_tag-jwh-018-ordre","16":"product_tag-jwh-018-powder-price","17":"product_tag-jwh-018-price","18":"product_tag-jwh-018-reddit","19":"product_tag-jwh-018-spray-til-salg-dk","20":"product_tag-jwh-018-til-salg","21":"product_tag-jwh-018-udsalg","22":"product_tag-jwh-018-walmart","23":"product_tag-jwh-250-spray","24":"product_tag-jwh-018-k-c3-b8b","25":"product_tag-k-c3-b8b-jwh-018-pulver","26":"product_tag-produkter-der-indeholder-jwh-018","28":"first","29":"instock","30":"shipping-taxable","31":"purchasable","32":"product-type-variable","33":"has-default-attributes"},"yoast_head":"<!-- This site is optimized with the Yoast SEO plugin v27.3 - https:\/\/yoast.com\/product\/yoast-seo-wordpress\/ -->\n<title>K\u00f8b JWH-018 Chemical - JWH-018 Chemical Online - Bedste globale medicin<\/title>\n<meta name=\"description\" content=\"K\u00f8b JWH-018 Chemical Powder UK, UAE, Europa, Kina i vores Bestglobalmeds.com online shop med hurtig levering over hele verden! Den bedste JWH-018 til bestilling finder du her!\" \/>\n<meta name=\"robots\" content=\"index, follow, max-snippet:-1, max-image-preview:large, max-video-preview:-1\" \/>\n<link rel=\"canonical\" href=\"https:\/\/medicinasinc.com\/da\/product\/kob-jwh-018-kemisk\/\" \/>\n<meta property=\"og:locale\" content=\"en_US\" \/>\n<meta property=\"og:type\" content=\"article\" \/>\n<meta property=\"og:title\" content=\"K\u00f8b JWH-018 Chemical - JWH-018 Chemical Online - Bedste globale medicin\" \/>\n<meta property=\"og:description\" content=\"K\u00f8b JWH-018 Chemical Powder UK, UAE, Europa, Kina i vores Bestglobalmeds.com online shop med hurtig levering over hele verden! Den bedste JWH-018 til bestilling finder du her!\" \/>\n<meta property=\"og:url\" content=\"https:\/\/medicinasinc.com\/da\/product\/kob-jwh-018-kemisk\/\" \/>\n<meta property=\"og:site_name\" content=\"Medicinas Inc\" \/>\n<meta property=\"article:modified_time\" content=\"2022-03-20T00:33:16+00:00\" \/>\n<meta property=\"og:image\" content=\"https:\/\/medicinasinc.com\/da\/wp-content\/uploads\/sites\/8\/2022\/02\/Buy-JWH-018-Chemical.jpg\" \/>\n\t<meta property=\"og:image:width\" content=\"593\" \/>\n\t<meta property=\"og:image:height\" content=\"400\" \/>\n\t<meta property=\"og:image:type\" content=\"image\/jpeg\" \/>\n<meta name=\"twitter:card\" content=\"summary_large_image\" \/>\n<meta name=\"twitter:label1\" content=\"Est. reading time\" \/>\n\t<meta name=\"twitter:data1\" content=\"2 minutes\" \/>\n<script type=\"application\/ld+json\" class=\"yoast-schema-graph\">{\"@context\":\"https:\\\/\\\/schema.org\",\"@graph\":[{\"@type\":\"WebPage\",\"@id\":\"https:\\\/\\\/medicinasinc.com\\\/da\\\/product\\\/kob-jwh-018-kemisk\\\/\",\"url\":\"https:\\\/\\\/medicinasinc.com\\\/da\\\/product\\\/kob-jwh-018-kemisk\\\/\",\"name\":\"K\u00f8b JWH-018 Chemical - JWH-018 Chemical Online - Bedste globale medicin\",\"isPartOf\":{\"@id\":\"https:\\\/\\\/medicinasinc.com\\\/da\\\/#website\"},\"primaryImageOfPage\":{\"@id\":\"https:\\\/\\\/medicinasinc.com\\\/da\\\/product\\\/kob-jwh-018-kemisk\\\/#primaryimage\"},\"image\":{\"@id\":\"https:\\\/\\\/medicinasinc.com\\\/da\\\/product\\\/kob-jwh-018-kemisk\\\/#primaryimage\"},\"thumbnailUrl\":\"https:\\\/\\\/medicinasinc.com\\\/da\\\/wp-content\\\/uploads\\\/sites\\\/8\\\/2022\\\/02\\\/Buy-JWH-018-Chemical.jpg\",\"datePublished\":\"2022-02-22T01:32:32+00:00\",\"dateModified\":\"2022-03-20T00:33:16+00:00\",\"description\":\"K\u00f8b JWH-018 Chemical Powder UK, UAE, Europa, Kina i vores Bestglobalmeds.com online shop med hurtig levering over hele verden! Den bedste JWH-018 til bestilling finder du her!\",\"breadcrumb\":{\"@id\":\"https:\\\/\\\/medicinasinc.com\\\/da\\\/product\\\/kob-jwh-018-kemisk\\\/#breadcrumb\"},\"inLanguage\":\"en-US\",\"potentialAction\":[{\"@type\":\"ReadAction\",\"target\":[\"https:\\\/\\\/medicinasinc.com\\\/da\\\/product\\\/kob-jwh-018-kemisk\\\/\"]}]},{\"@type\":\"ImageObject\",\"inLanguage\":\"en-US\",\"@id\":\"https:\\\/\\\/medicinasinc.com\\\/da\\\/product\\\/kob-jwh-018-kemisk\\\/#primaryimage\",\"url\":\"https:\\\/\\\/medicinasinc.com\\\/da\\\/wp-content\\\/uploads\\\/sites\\\/8\\\/2022\\\/02\\\/Buy-JWH-018-Chemical.jpg\",\"contentUrl\":\"https:\\\/\\\/medicinasinc.com\\\/da\\\/wp-content\\\/uploads\\\/sites\\\/8\\\/2022\\\/02\\\/Buy-JWH-018-Chemical.jpg\",\"width\":593,\"height\":400},{\"@type\":\"BreadcrumbList\",\"@id\":\"https:\\\/\\\/medicinasinc.com\\\/da\\\/product\\\/kob-jwh-018-kemisk\\\/#breadcrumb\",\"itemListElement\":[{\"@type\":\"ListItem\",\"position\":1,\"name\":\"Butik\",\"item\":\"https:\\\/\\\/medicinasinc.com\\\/da\\\/butik\\\/\"},{\"@type\":\"ListItem\",\"position\":2,\"name\":\"K\u00f8b JWH-018 Chemical\"}]},{\"@type\":\"WebSite\",\"@id\":\"https:\\\/\\\/medicinasinc.com\\\/da\\\/#website\",\"url\":\"https:\\\/\\\/medicinasinc.com\\\/da\\\/\",\"name\":\"Medicinas Inc\",\"description\":\"Health Medical Clinic\",\"potentialAction\":[{\"@type\":\"SearchAction\",\"target\":{\"@type\":\"EntryPoint\",\"urlTemplate\":\"https:\\\/\\\/medicinasinc.com\\\/da\\\/?s={search_term_string}\"},\"query-input\":{\"@type\":\"PropertyValueSpecification\",\"valueRequired\":true,\"valueName\":\"search_term_string\"}}],\"inLanguage\":\"en-US\"}]}<\/script>\n<!-- \/ Yoast SEO plugin. -->","yoast_head_json":{"title":"K\u00f8b JWH-018 Chemical - JWH-018 Chemical Online - Bedste globale medicin","description":"K\u00f8b JWH-018 Chemical Powder UK, UAE, Europa, Kina i vores Bestglobalmeds.com online shop med hurtig levering over hele verden! Den bedste JWH-018 til bestilling finder du her!","robots":{"index":"index","follow":"follow","max-snippet":"max-snippet:-1","max-image-preview":"max-image-preview:large","max-video-preview":"max-video-preview:-1"},"canonical":"https:\/\/medicinasinc.com\/da\/product\/kob-jwh-018-kemisk\/","og_locale":"en_US","og_type":"article","og_title":"K\u00f8b JWH-018 Chemical - JWH-018 Chemical Online - Bedste globale medicin","og_description":"K\u00f8b JWH-018 Chemical Powder UK, UAE, Europa, Kina i vores Bestglobalmeds.com online shop med hurtig levering over hele verden! Den bedste JWH-018 til bestilling finder du her!","og_url":"https:\/\/medicinasinc.com\/da\/product\/kob-jwh-018-kemisk\/","og_site_name":"Medicinas Inc","article_modified_time":"2022-03-20T00:33:16+00:00","og_image":[{"width":593,"height":400,"url":"https:\/\/medicinasinc.com\/da\/wp-content\/uploads\/sites\/8\/2022\/02\/Buy-JWH-018-Chemical.jpg","type":"image\/jpeg"}],"twitter_card":"summary_large_image","twitter_misc":{"Est. reading time":"2 minutes"},"schema":{"@context":"https:\/\/schema.org","@graph":[{"@type":"WebPage","@id":"https:\/\/medicinasinc.com\/da\/product\/kob-jwh-018-kemisk\/","url":"https:\/\/medicinasinc.com\/da\/product\/kob-jwh-018-kemisk\/","name":"K\u00f8b JWH-018 Chemical - JWH-018 Chemical Online - Bedste globale medicin","isPartOf":{"@id":"https:\/\/medicinasinc.com\/da\/#website"},"primaryImageOfPage":{"@id":"https:\/\/medicinasinc.com\/da\/product\/kob-jwh-018-kemisk\/#primaryimage"},"image":{"@id":"https:\/\/medicinasinc.com\/da\/product\/kob-jwh-018-kemisk\/#primaryimage"},"thumbnailUrl":"https:\/\/medicinasinc.com\/da\/wp-content\/uploads\/sites\/8\/2022\/02\/Buy-JWH-018-Chemical.jpg","datePublished":"2022-02-22T01:32:32+00:00","dateModified":"2022-03-20T00:33:16+00:00","description":"K\u00f8b JWH-018 Chemical Powder UK, UAE, Europa, Kina i vores Bestglobalmeds.com online shop med hurtig levering over hele verden! Den bedste JWH-018 til bestilling finder du her!","breadcrumb":{"@id":"https:\/\/medicinasinc.com\/da\/product\/kob-jwh-018-kemisk\/#breadcrumb"},"inLanguage":"en-US","potentialAction":[{"@type":"ReadAction","target":["https:\/\/medicinasinc.com\/da\/product\/kob-jwh-018-kemisk\/"]}]},{"@type":"ImageObject","inLanguage":"en-US","@id":"https:\/\/medicinasinc.com\/da\/product\/kob-jwh-018-kemisk\/#primaryimage","url":"https:\/\/medicinasinc.com\/da\/wp-content\/uploads\/sites\/8\/2022\/02\/Buy-JWH-018-Chemical.jpg","contentUrl":"https:\/\/medicinasinc.com\/da\/wp-content\/uploads\/sites\/8\/2022\/02\/Buy-JWH-018-Chemical.jpg","width":593,"height":400},{"@type":"BreadcrumbList","@id":"https:\/\/medicinasinc.com\/da\/product\/kob-jwh-018-kemisk\/#breadcrumb","itemListElement":[{"@type":"ListItem","position":1,"name":"Butik","item":"https:\/\/medicinasinc.com\/da\/butik\/"},{"@type":"ListItem","position":2,"name":"K\u00f8b JWH-018 Chemical"}]},{"@type":"WebSite","@id":"https:\/\/medicinasinc.com\/da\/#website","url":"https:\/\/medicinasinc.com\/da\/","name":"Medicinas Inc","description":"Health Medical Clinic","potentialAction":[{"@type":"SearchAction","target":{"@type":"EntryPoint","urlTemplate":"https:\/\/medicinasinc.com\/da\/?s={search_term_string}"},"query-input":{"@type":"PropertyValueSpecification","valueRequired":true,"valueName":"search_term_string"}}],"inLanguage":"en-US"}]}},"_links":{"self":[{"href":"https:\/\/medicinasinc.com\/da\/wp-json\/wp\/v2\/product\/5548","targetHints":{"allow":["GET"]}}],"collection":[{"href":"https:\/\/medicinasinc.com\/da\/wp-json\/wp\/v2\/product"}],"about":[{"href":"https:\/\/medicinasinc.com\/da\/wp-json\/wp\/v2\/types\/product"}],"replies":[{"embeddable":true,"href":"https:\/\/medicinasinc.com\/da\/wp-json\/wp\/v2\/comments?post=5548"}],"wp:featuredmedia":[{"embeddable":true,"href":"https:\/\/medicinasinc.com\/da\/wp-json\/wp\/v2\/media\/5558"}],"wp:attachment":[{"href":"https:\/\/medicinasinc.com\/da\/wp-json\/wp\/v2\/media?parent=5548"}],"wp:term":[{"taxonomy":"product_brand","embeddable":true,"href":"https:\/\/medicinasinc.com\/da\/wp-json\/wp\/v2\/product_brand?post=5548"},{"taxonomy":"product_cat","embeddable":true,"href":"https:\/\/medicinasinc.com\/da\/wp-json\/wp\/v2\/product_cat?post=5548"},{"taxonomy":"product_tag","embeddable":true,"href":"https:\/\/medicinasinc.com\/da\/wp-json\/wp\/v2\/product_tag?post=5548"}],"curies":[{"name":"wp","href":"https:\/\/api.w.org\/{rel}","templated":true}]}}