{"id":5547,"date":"2022-02-22T01:30:48","date_gmt":"2022-02-22T01:30:48","guid":{"rendered":"https:\/\/medicinasinc.com\/da\/?post_type=product&#038;p=5547"},"modified":"2022-03-20T00:33:26","modified_gmt":"2022-03-20T00:33:26","slug":"kob-jwh-200-kemikalie","status":"publish","type":"product","link":"https:\/\/medicinasinc.com\/da\/product\/kob-jwh-200-kemikalie\/","title":{"rendered":"K\u00f8b JWH-200 Chemical"},"content":{"rendered":"<p>Foresp\u00f8rg om k\u00f8b af kemikaliet JWH-200<\/p>\n<p>I naphthoylindol-familien er AM-678 (1-pentyl-3-(1-naphthoyl)indol) et smertestillende middel, der er en komplet agonist ved b\u00e5de CB1 og CB2 cannabinoid receptorerne, med en lille pr\u00e6ference for CB2 receptoren. Det bruges i syntetiske cannabisprodukter, der s\u00e6lges lovligt som &#8220;r\u00f8gelsesblandinger&#8221; i nogle lande, fordi det har virkninger p\u00e5 dyr, der kan sammenlignes med tetrahydrocannabinol (THC), en cannabinoid, der naturligt findes i cannabis. Forskningskemikalier JWH-200<\/p>\n<p>Ved brug af Wistar-rotter, der havde f\u00e5et et ethanolekstrakt indeholdende JWH-200, blev l\u00e6gemidlets metaboliske aktivitet unders\u00f8gt. Dette blev efterfulgt af ekstraktion af JWH-200-metabolitter fra 24-timers urinpr\u00f8ver under anvendelse af b\u00e5de flydende og faste separationsfaser. De ekstraherede kemikalier blev separeret og identificeret ved anvendelse af GC-MS. Hovedsignalet var hydroxylerede N-dealkylerede metabolitter, ikke JWH-200 eller dets N-dealkylerede metabolit. Det observerede masseskift tyder p\u00e5, at molekylets naphthalen- og indol-hydroxylgrupper sandsynligvis vil underg\u00e5 hydroxylering. De hydroxylerede metabolitter var bredt konjugeret med glucuronid hos mennesker, selvom indolringen og pentylsidek\u00e6den var de prim\u00e6re steder for metabolisme.<\/p>\n<p>Kemisk forskning i brug af JWH-200<\/p>\n<p>Medierne har rapporterede mindst \u00e9t \u200b\u200btilf\u00e6lde af JWH-200-afh\u00e6ngighed. I otte m\u00e5neder drak brugeren JWH-018 p\u00e5 daglig basis. I sammenligning med virkningerne af cannabisafh\u00e6ngighed var abstinenssymptomerne mere alvorlige her. Efter behandling har JWH-200 vist sig at generere betydelige \u00e6ndringer i CB1-receptordensiteten. Mindre hurtigt end sammenlignelige cannabinoider, for\u00e5rsager det tolerance over for dets virkninger.<\/p>\n","protected":false},"excerpt":{"rendered":"<div class=\"woocommerce-product-details__short-description\">\n<p>K\u00f8b JWH-200 kemisk pulver\u00a0til salg i Storbritannien, Europa online. (1-(2-morpholin-4-ylethyl)indol-3-yl)-naphthalen-1-ylmethanon er et andet navn. Kom og k\u00f8b nu!. Vi har den bedste diskrete paknings- og forsendelsesmetode.<\/p>\n<\/p><\/div>\n","protected":false},"featured_media":5556,"comment_status":"open","ping_status":"closed","template":"","meta":[],"product_brand":[],"product_cat":[2014],"product_tag":[3029,3049,3034,3035,3043,3042,3037,3038,3046,3040,3041,3045,3039,3044,3047,3036,3030,3031,3032,3048,3033],"class_list":{"0":"post-5547","1":"product","2":"type-product","3":"status-publish","4":"has-post-thumbnail","6":"product_cat-kb-forskningskemikalier","7":"product_tag-am-2233","8":"product_tag-hvor-kan-bestilles-jwh-200-forskningskemikalier","9":"product_tag-jwh-018","10":"product_tag-jwh-073","11":"product_tag-jwh-200-gennemgang","12":"product_tag-jwh-200-detail","13":"product_tag-jwh-200-effekt","14":"product_tag-jwh-200-effekter","15":"product_tag-jwh-200-engros","16":"product_tag-jwh-200-order","17":"product_tag-jwh-200-reddit","18":"product_tag-jwh-200-slg","19":"product_tag-jwh-200-til-salg","20":"product_tag-jwh-200-udsalg","21":"product_tag-jwh-250","22":"product_tag-jwh-200-k-c3-b8b","23":"product_tag-k-c3-b8b-jwh-200-kemisk","24":"product_tag-k-c3-b8b-jwh-200-online","25":"product_tag-k-c3-b8b-jwh-200-forskningskemikalier","26":"product_tag-kb-jwh-200-forskningskemikalier","27":"product_tag-hvordan-bestiller-man-jwh-200-online","29":"first","30":"instock","31":"shipping-taxable","32":"purchasable","33":"product-type-variable","34":"has-default-attributes"},"yoast_head":"<!-- This site is optimized with the Yoast SEO plugin v27.3 - https:\/\/yoast.com\/product\/yoast-seo-wordpress\/ -->\n<title>K\u00f8b JWH-200 Chemical - JWH-200 Chemical - Bedste globale medicin<\/title>\n<meta name=\"description\" content=\"K\u00f8b JWH-200 kemisk pulver til salg i Storbritannien, Europa online. (1-(2-morpholin-4-ylethyl)indol-3-yl)-naphthalen-1-ylmethanon er et andet navn. Kom og k\u00f8b nu!. Vi har den bedste diskrete paknings- og forsendelsesmetode.\" \/>\n<meta name=\"robots\" content=\"index, follow, max-snippet:-1, max-image-preview:large, max-video-preview:-1\" \/>\n<link rel=\"canonical\" href=\"https:\/\/medicinasinc.com\/da\/product\/kob-jwh-200-kemikalie\/\" \/>\n<meta property=\"og:locale\" content=\"en_US\" \/>\n<meta property=\"og:type\" content=\"article\" \/>\n<meta property=\"og:title\" content=\"K\u00f8b JWH-200 Chemical - JWH-200 Chemical - Bedste globale medicin\" \/>\n<meta property=\"og:description\" content=\"K\u00f8b JWH-200 kemisk pulver til salg i Storbritannien, Europa online. (1-(2-morpholin-4-ylethyl)indol-3-yl)-naphthalen-1-ylmethanon er et andet navn. Kom og k\u00f8b nu!. Vi har den bedste diskrete paknings- og forsendelsesmetode.\" \/>\n<meta property=\"og:url\" content=\"https:\/\/medicinasinc.com\/da\/product\/kob-jwh-200-kemikalie\/\" \/>\n<meta property=\"og:site_name\" content=\"Medicinas Inc\" \/>\n<meta property=\"article:modified_time\" content=\"2022-03-20T00:33:26+00:00\" \/>\n<meta property=\"og:image\" content=\"https:\/\/medicinasinc.com\/da\/wp-content\/uploads\/sites\/8\/2022\/02\/Buy-JWH-200-Chemical.jpg\" \/>\n\t<meta property=\"og:image:width\" content=\"458\" \/>\n\t<meta property=\"og:image:height\" content=\"458\" \/>\n\t<meta property=\"og:image:type\" content=\"image\/jpeg\" \/>\n<meta name=\"twitter:card\" content=\"summary_large_image\" \/>\n<meta name=\"twitter:label1\" content=\"Est. reading time\" \/>\n\t<meta name=\"twitter:data1\" content=\"2 minutes\" \/>\n<script type=\"application\/ld+json\" class=\"yoast-schema-graph\">{\"@context\":\"https:\\\/\\\/schema.org\",\"@graph\":[{\"@type\":\"WebPage\",\"@id\":\"https:\\\/\\\/medicinasinc.com\\\/da\\\/product\\\/kob-jwh-200-kemikalie\\\/\",\"url\":\"https:\\\/\\\/medicinasinc.com\\\/da\\\/product\\\/kob-jwh-200-kemikalie\\\/\",\"name\":\"K\u00f8b JWH-200 Chemical - JWH-200 Chemical - Bedste globale medicin\",\"isPartOf\":{\"@id\":\"https:\\\/\\\/medicinasinc.com\\\/da\\\/#website\"},\"primaryImageOfPage\":{\"@id\":\"https:\\\/\\\/medicinasinc.com\\\/da\\\/product\\\/kob-jwh-200-kemikalie\\\/#primaryimage\"},\"image\":{\"@id\":\"https:\\\/\\\/medicinasinc.com\\\/da\\\/product\\\/kob-jwh-200-kemikalie\\\/#primaryimage\"},\"thumbnailUrl\":\"https:\\\/\\\/medicinasinc.com\\\/da\\\/wp-content\\\/uploads\\\/sites\\\/8\\\/2022\\\/02\\\/Buy-JWH-200-Chemical.jpg\",\"datePublished\":\"2022-02-22T01:30:48+00:00\",\"dateModified\":\"2022-03-20T00:33:26+00:00\",\"description\":\"K\u00f8b JWH-200 kemisk pulver til salg i Storbritannien, Europa online. (1-(2-morpholin-4-ylethyl)indol-3-yl)-naphthalen-1-ylmethanon er et andet navn. Kom og k\u00f8b nu!. Vi har den bedste diskrete paknings- og forsendelsesmetode.\",\"breadcrumb\":{\"@id\":\"https:\\\/\\\/medicinasinc.com\\\/da\\\/product\\\/kob-jwh-200-kemikalie\\\/#breadcrumb\"},\"inLanguage\":\"en-US\",\"potentialAction\":[{\"@type\":\"ReadAction\",\"target\":[\"https:\\\/\\\/medicinasinc.com\\\/da\\\/product\\\/kob-jwh-200-kemikalie\\\/\"]}]},{\"@type\":\"ImageObject\",\"inLanguage\":\"en-US\",\"@id\":\"https:\\\/\\\/medicinasinc.com\\\/da\\\/product\\\/kob-jwh-200-kemikalie\\\/#primaryimage\",\"url\":\"https:\\\/\\\/medicinasinc.com\\\/da\\\/wp-content\\\/uploads\\\/sites\\\/8\\\/2022\\\/02\\\/Buy-JWH-200-Chemical.jpg\",\"contentUrl\":\"https:\\\/\\\/medicinasinc.com\\\/da\\\/wp-content\\\/uploads\\\/sites\\\/8\\\/2022\\\/02\\\/Buy-JWH-200-Chemical.jpg\",\"width\":458,\"height\":458},{\"@type\":\"BreadcrumbList\",\"@id\":\"https:\\\/\\\/medicinasinc.com\\\/da\\\/product\\\/kob-jwh-200-kemikalie\\\/#breadcrumb\",\"itemListElement\":[{\"@type\":\"ListItem\",\"position\":1,\"name\":\"Butik\",\"item\":\"https:\\\/\\\/medicinasinc.com\\\/da\\\/butik\\\/\"},{\"@type\":\"ListItem\",\"position\":2,\"name\":\"K\u00f8b JWH-200 Chemical\"}]},{\"@type\":\"WebSite\",\"@id\":\"https:\\\/\\\/medicinasinc.com\\\/da\\\/#website\",\"url\":\"https:\\\/\\\/medicinasinc.com\\\/da\\\/\",\"name\":\"Medicinas Inc\",\"description\":\"Health Medical Clinic\",\"potentialAction\":[{\"@type\":\"SearchAction\",\"target\":{\"@type\":\"EntryPoint\",\"urlTemplate\":\"https:\\\/\\\/medicinasinc.com\\\/da\\\/?s={search_term_string}\"},\"query-input\":{\"@type\":\"PropertyValueSpecification\",\"valueRequired\":true,\"valueName\":\"search_term_string\"}}],\"inLanguage\":\"en-US\"}]}<\/script>\n<!-- \/ Yoast SEO plugin. -->","yoast_head_json":{"title":"K\u00f8b JWH-200 Chemical - JWH-200 Chemical - Bedste globale medicin","description":"K\u00f8b JWH-200 kemisk pulver til salg i Storbritannien, Europa online. (1-(2-morpholin-4-ylethyl)indol-3-yl)-naphthalen-1-ylmethanon er et andet navn. Kom og k\u00f8b nu!. Vi har den bedste diskrete paknings- og forsendelsesmetode.","robots":{"index":"index","follow":"follow","max-snippet":"max-snippet:-1","max-image-preview":"max-image-preview:large","max-video-preview":"max-video-preview:-1"},"canonical":"https:\/\/medicinasinc.com\/da\/product\/kob-jwh-200-kemikalie\/","og_locale":"en_US","og_type":"article","og_title":"K\u00f8b JWH-200 Chemical - JWH-200 Chemical - Bedste globale medicin","og_description":"K\u00f8b JWH-200 kemisk pulver til salg i Storbritannien, Europa online. (1-(2-morpholin-4-ylethyl)indol-3-yl)-naphthalen-1-ylmethanon er et andet navn. Kom og k\u00f8b nu!. Vi har den bedste diskrete paknings- og forsendelsesmetode.","og_url":"https:\/\/medicinasinc.com\/da\/product\/kob-jwh-200-kemikalie\/","og_site_name":"Medicinas Inc","article_modified_time":"2022-03-20T00:33:26+00:00","og_image":[{"width":458,"height":458,"url":"https:\/\/medicinasinc.com\/da\/wp-content\/uploads\/sites\/8\/2022\/02\/Buy-JWH-200-Chemical.jpg","type":"image\/jpeg"}],"twitter_card":"summary_large_image","twitter_misc":{"Est. reading time":"2 minutes"},"schema":{"@context":"https:\/\/schema.org","@graph":[{"@type":"WebPage","@id":"https:\/\/medicinasinc.com\/da\/product\/kob-jwh-200-kemikalie\/","url":"https:\/\/medicinasinc.com\/da\/product\/kob-jwh-200-kemikalie\/","name":"K\u00f8b JWH-200 Chemical - JWH-200 Chemical - Bedste globale medicin","isPartOf":{"@id":"https:\/\/medicinasinc.com\/da\/#website"},"primaryImageOfPage":{"@id":"https:\/\/medicinasinc.com\/da\/product\/kob-jwh-200-kemikalie\/#primaryimage"},"image":{"@id":"https:\/\/medicinasinc.com\/da\/product\/kob-jwh-200-kemikalie\/#primaryimage"},"thumbnailUrl":"https:\/\/medicinasinc.com\/da\/wp-content\/uploads\/sites\/8\/2022\/02\/Buy-JWH-200-Chemical.jpg","datePublished":"2022-02-22T01:30:48+00:00","dateModified":"2022-03-20T00:33:26+00:00","description":"K\u00f8b JWH-200 kemisk pulver til salg i Storbritannien, Europa online. (1-(2-morpholin-4-ylethyl)indol-3-yl)-naphthalen-1-ylmethanon er et andet navn. Kom og k\u00f8b nu!. Vi har den bedste diskrete paknings- og forsendelsesmetode.","breadcrumb":{"@id":"https:\/\/medicinasinc.com\/da\/product\/kob-jwh-200-kemikalie\/#breadcrumb"},"inLanguage":"en-US","potentialAction":[{"@type":"ReadAction","target":["https:\/\/medicinasinc.com\/da\/product\/kob-jwh-200-kemikalie\/"]}]},{"@type":"ImageObject","inLanguage":"en-US","@id":"https:\/\/medicinasinc.com\/da\/product\/kob-jwh-200-kemikalie\/#primaryimage","url":"https:\/\/medicinasinc.com\/da\/wp-content\/uploads\/sites\/8\/2022\/02\/Buy-JWH-200-Chemical.jpg","contentUrl":"https:\/\/medicinasinc.com\/da\/wp-content\/uploads\/sites\/8\/2022\/02\/Buy-JWH-200-Chemical.jpg","width":458,"height":458},{"@type":"BreadcrumbList","@id":"https:\/\/medicinasinc.com\/da\/product\/kob-jwh-200-kemikalie\/#breadcrumb","itemListElement":[{"@type":"ListItem","position":1,"name":"Butik","item":"https:\/\/medicinasinc.com\/da\/butik\/"},{"@type":"ListItem","position":2,"name":"K\u00f8b JWH-200 Chemical"}]},{"@type":"WebSite","@id":"https:\/\/medicinasinc.com\/da\/#website","url":"https:\/\/medicinasinc.com\/da\/","name":"Medicinas Inc","description":"Health Medical Clinic","potentialAction":[{"@type":"SearchAction","target":{"@type":"EntryPoint","urlTemplate":"https:\/\/medicinasinc.com\/da\/?s={search_term_string}"},"query-input":{"@type":"PropertyValueSpecification","valueRequired":true,"valueName":"search_term_string"}}],"inLanguage":"en-US"}]}},"_links":{"self":[{"href":"https:\/\/medicinasinc.com\/da\/wp-json\/wp\/v2\/product\/5547","targetHints":{"allow":["GET"]}}],"collection":[{"href":"https:\/\/medicinasinc.com\/da\/wp-json\/wp\/v2\/product"}],"about":[{"href":"https:\/\/medicinasinc.com\/da\/wp-json\/wp\/v2\/types\/product"}],"replies":[{"embeddable":true,"href":"https:\/\/medicinasinc.com\/da\/wp-json\/wp\/v2\/comments?post=5547"}],"wp:featuredmedia":[{"embeddable":true,"href":"https:\/\/medicinasinc.com\/da\/wp-json\/wp\/v2\/media\/5556"}],"wp:attachment":[{"href":"https:\/\/medicinasinc.com\/da\/wp-json\/wp\/v2\/media?parent=5547"}],"wp:term":[{"taxonomy":"product_brand","embeddable":true,"href":"https:\/\/medicinasinc.com\/da\/wp-json\/wp\/v2\/product_brand?post=5547"},{"taxonomy":"product_cat","embeddable":true,"href":"https:\/\/medicinasinc.com\/da\/wp-json\/wp\/v2\/product_cat?post=5547"},{"taxonomy":"product_tag","embeddable":true,"href":"https:\/\/medicinasinc.com\/da\/wp-json\/wp\/v2\/product_tag?post=5547"}],"curies":[{"name":"wp","href":"https:\/\/api.w.org\/{rel}","templated":true}]}}