{"id":5523,"date":"2022-02-22T01:06:52","date_gmt":"2022-02-22T01:06:52","guid":{"rendered":"https:\/\/medicinasinc.com\/da\/?post_type=product&#038;p=5523"},"modified":"2022-03-20T00:33:34","modified_gmt":"2022-03-20T00:33:34","slug":"kob-hdep-28-novel-ethylnaftidat","status":"publish","type":"product","link":"https:\/\/medicinasinc.com\/da\/product\/kob-hdep-28-novel-ethylnaftidat\/","title":{"rendered":"K\u00f8b hdep-28 Novel Ethylnaphtidate"},"content":{"rendered":"<p>Ethylnaphthidat HDEP-28 til salg<\/p>\n<p>3,4-methylendioxy-N-ethylcathinon n\u00e6vnes ofte som en entactogen energigiver. 1-(1,3-Benzodioxol-5-yl)-2-(ethylamino)-1-propanon er navnet p\u00e5 Ethylon. Den almindelige masse af C12H15NO3 er 221,251999 Da, mens den monoisotopiske masse er 221,104996 Da. Dette er den subnukleare formel. K\u00f8b kinesisk ethylen. Ethylon er en uvurderlig \u00e6delsten, der kan k\u00f8bes. Ethylen \u00e6delsten kan k\u00f8bes. Leverand\u00f8r af Ethylone. Ethylon er til salg. rabat Ethylone<\/p>\n<p>ACD\/Labs og ChemAxon samarbejdede om at gennemf\u00f8re en evaluering af Ethylone. Med hensyn til de egenskaber, som ACD\/Labs forudsagde, fandt de fire #H-sikkerhedsacceptorer, fire #Friligt drejende v\u00e6rdipapirer, en refraktionsrekord p\u00e5 1,54 med en overfladetrykfaktor p\u00e5 44,3470001220703dyne\/cm, en burst-motivation p\u00e5 172,845\u00b0C og en begr\u00e6nsning p\u00e5 362.188\u00b0C ved 760 mmHg.<\/p>\n<p>Dette er en almindelig h\u00e6ndelse i logik og videnskabelig software.<\/p>\n<p>Dette produkt er udviklet i et fors\u00f8g p\u00e5 at opfylde kravene i ISO17025:2005 og Guide 34:2009.<\/p>\n<p>Du kan regne med, at vi f\u00e5r arbejdet gjort hurtigt og effektivt, da vi er den bedste organisation i verden. Kunder kan kun forvente de bedste kvalitetsprodukter fra os! P\u00e5 en m\u00e5de, der i det v\u00e6sentlige er i overensstemmelse med, hvad vi ofte forventer, n\u00e5r vi k\u00f8ber noget<\/p>\n<p>S\u00e5 vi kan k\u00f8be produkter af h\u00f8jeste kvalitet til de mest rimelige priser, og vi kan give besparelserne videre til dig!<\/p>\n<p>Som f\u00f8lge heraf kr\u00e6ver vi, at alle vores kunder skal behandle deres varer for at sikre n\u00f8jagtighed og lovlighed. Fordi vi bekymrer os om vores kunder og deres tilfredshed, udf\u00f8rer vi vores egne test p\u00e5 hver forsendelse for at verificere, at kvaliteten af \u200b\u200bde resterende dele er 100 %.<\/p>\n<p>Vores virksomheds fremtid afh\u00e6nger af, at vi reagerer p\u00e5 din henvendelse i en venlig m\u00e5de, uanset hvor presserende det m\u00e5tte v\u00e6re. Uanset situationen kan du altid regne med, at vi giver dig den bedste medicin og delikat fyrv\u00e6rkeri til de bedste priser, alt sammen leveret p\u00e5 den mest diskrete m\u00e5de, du kan forestille dig! Hvis det ikke er for meget besv\u00e6r, s\u00e5 hav tro og giv din anmodning med overbevisning!<\/p>\n<p>P\u00e5 grund af vores demonstrerede styrke kan du s\u00e6tte din lid til os og forts\u00e6tte med at handle med os, n\u00e5r som helst du v\u00e6lger, s\u00e5 l\u00e6nge vi er omkring. Dit fald vil ikke blive tolereret.<\/p>\n<p>Det er nemt at f\u00f8lge din pakkes rejse takket v\u00e6re de medf\u00f8lgende numre, vi inkluderer med din forsendelse.<\/p>\n","protected":false},"excerpt":{"rendered":"<p>K\u00f8b Ethylnaphthidate HDEP-28 til salg i Storbritannien, Europa. Acetat af ethyl-2-(naphthalen-2-yl)-2-(piperidin-2-yl). Sp\u00f8rg om hdep-28, det nye ethylnaphthidate.<\/p>\n<p>K\u00f8b hdep-28 Novel Ethylnaphthidate 1 oz p\u00e5 Amazon.com<\/p>\n<p>Ethylnaphthidate, eller HDEP-28, er en erstatning for det forbudte phenidat serien.<\/p>\n<p>Kunder kan nu k\u00f8be Ethylnaphthidate.<br \/> HDEP-28, ogs\u00e5 kendt som ethylnapthidate, er beregnet til at tage rollen som den nyligt forbudte Phenidate kemiske serie.<br \/> Sammenlignet med &amp; #8216;Phenidater,&#8217; kunder, der bruger dette produkt i laboratoriet, b\u00f8r forvente et lignende spektrum af resultater.<br \/> IUPAC forudsiger, at forskere vil finde HDEP 28 \/ Ethylnaphhidate som en fremragende erstatning for ethylphenidat. 2-(naphthalen-2-yl)-2-(piperidin-2-yl)acetat <br \/> N\/A Formel C19H23NO2 Molekylv\u00e6gt er 297,40<\/p>\n","protected":false},"featured_media":5535,"comment_status":"open","ping_status":"closed","template":"","meta":[],"product_brand":[],"product_cat":[2014],"product_tag":[],"class_list":{"0":"post-5523","1":"product","2":"type-product","3":"status-publish","4":"has-post-thumbnail","6":"product_cat-kb-forskningskemikalier","8":"first","9":"instock","10":"shipping-taxable","11":"purchasable","12":"product-type-variable","13":"has-default-attributes"},"yoast_head":"<!-- This site is optimized with the Yoast SEO plugin v27.3 - https:\/\/yoast.com\/product\/yoast-seo-wordpress\/ -->\n<title>K\u00f8b hdep-28 Novel Ethylnaphtidate - Bedste globale medicin<\/title>\n<meta name=\"description\" content=\"K\u00f8b hdep-28 Novel Ethylnaphthidat til salg i Storbritannien, Europa online. IUPAC: ethyl-2-(naphthalen-2-yl)-2-(piperidin-2-yl)acetat. Bestil hdep-28 Novel Ethylnaphtidate\" \/>\n<meta name=\"robots\" content=\"index, follow, max-snippet:-1, max-image-preview:large, max-video-preview:-1\" \/>\n<link rel=\"canonical\" href=\"https:\/\/medicinasinc.com\/da\/product\/kob-hdep-28-novel-ethylnaftidat\/\" \/>\n<meta property=\"og:locale\" content=\"en_US\" \/>\n<meta property=\"og:type\" content=\"article\" \/>\n<meta property=\"og:title\" content=\"K\u00f8b hdep-28 Novel Ethylnaphtidate - Bedste globale medicin\" \/>\n<meta property=\"og:description\" content=\"K\u00f8b hdep-28 Novel Ethylnaphthidat til salg i Storbritannien, Europa online. IUPAC: ethyl-2-(naphthalen-2-yl)-2-(piperidin-2-yl)acetat. Bestil hdep-28 Novel Ethylnaphtidate\" \/>\n<meta property=\"og:url\" content=\"https:\/\/medicinasinc.com\/da\/product\/kob-hdep-28-novel-ethylnaftidat\/\" \/>\n<meta property=\"og:site_name\" content=\"Medicinas Inc\" \/>\n<meta property=\"article:modified_time\" content=\"2022-03-20T00:33:34+00:00\" \/>\n<meta property=\"og:image\" content=\"https:\/\/medicinasinc.com\/da\/wp-content\/uploads\/sites\/8\/2022\/02\/Buy-hdep-28-Novel-Ethylnaphthidate.jpg\" \/>\n\t<meta property=\"og:image:width\" content=\"600\" \/>\n\t<meta property=\"og:image:height\" content=\"600\" \/>\n\t<meta property=\"og:image:type\" content=\"image\/jpeg\" \/>\n<meta name=\"twitter:card\" content=\"summary_large_image\" \/>\n<meta name=\"twitter:label1\" content=\"Est. reading time\" \/>\n\t<meta name=\"twitter:data1\" content=\"2 minutes\" \/>\n<script type=\"application\/ld+json\" class=\"yoast-schema-graph\">{\"@context\":\"https:\\\/\\\/schema.org\",\"@graph\":[{\"@type\":\"WebPage\",\"@id\":\"https:\\\/\\\/medicinasinc.com\\\/da\\\/product\\\/kob-hdep-28-novel-ethylnaftidat\\\/\",\"url\":\"https:\\\/\\\/medicinasinc.com\\\/da\\\/product\\\/kob-hdep-28-novel-ethylnaftidat\\\/\",\"name\":\"K\u00f8b hdep-28 Novel Ethylnaphtidate - Bedste globale medicin\",\"isPartOf\":{\"@id\":\"https:\\\/\\\/medicinasinc.com\\\/da\\\/#website\"},\"primaryImageOfPage\":{\"@id\":\"https:\\\/\\\/medicinasinc.com\\\/da\\\/product\\\/kob-hdep-28-novel-ethylnaftidat\\\/#primaryimage\"},\"image\":{\"@id\":\"https:\\\/\\\/medicinasinc.com\\\/da\\\/product\\\/kob-hdep-28-novel-ethylnaftidat\\\/#primaryimage\"},\"thumbnailUrl\":\"https:\\\/\\\/medicinasinc.com\\\/da\\\/wp-content\\\/uploads\\\/sites\\\/8\\\/2022\\\/02\\\/Buy-hdep-28-Novel-Ethylnaphthidate.jpg\",\"datePublished\":\"2022-02-22T01:06:52+00:00\",\"dateModified\":\"2022-03-20T00:33:34+00:00\",\"description\":\"K\u00f8b hdep-28 Novel Ethylnaphthidat til salg i Storbritannien, Europa online. IUPAC: ethyl-2-(naphthalen-2-yl)-2-(piperidin-2-yl)acetat. Bestil hdep-28 Novel Ethylnaphtidate\",\"breadcrumb\":{\"@id\":\"https:\\\/\\\/medicinasinc.com\\\/da\\\/product\\\/kob-hdep-28-novel-ethylnaftidat\\\/#breadcrumb\"},\"inLanguage\":\"en-US\",\"potentialAction\":[{\"@type\":\"ReadAction\",\"target\":[\"https:\\\/\\\/medicinasinc.com\\\/da\\\/product\\\/kob-hdep-28-novel-ethylnaftidat\\\/\"]}]},{\"@type\":\"ImageObject\",\"inLanguage\":\"en-US\",\"@id\":\"https:\\\/\\\/medicinasinc.com\\\/da\\\/product\\\/kob-hdep-28-novel-ethylnaftidat\\\/#primaryimage\",\"url\":\"https:\\\/\\\/medicinasinc.com\\\/da\\\/wp-content\\\/uploads\\\/sites\\\/8\\\/2022\\\/02\\\/Buy-hdep-28-Novel-Ethylnaphthidate.jpg\",\"contentUrl\":\"https:\\\/\\\/medicinasinc.com\\\/da\\\/wp-content\\\/uploads\\\/sites\\\/8\\\/2022\\\/02\\\/Buy-hdep-28-Novel-Ethylnaphthidate.jpg\",\"width\":600,\"height\":600},{\"@type\":\"BreadcrumbList\",\"@id\":\"https:\\\/\\\/medicinasinc.com\\\/da\\\/product\\\/kob-hdep-28-novel-ethylnaftidat\\\/#breadcrumb\",\"itemListElement\":[{\"@type\":\"ListItem\",\"position\":1,\"name\":\"Butik\",\"item\":\"https:\\\/\\\/medicinasinc.com\\\/da\\\/butik\\\/\"},{\"@type\":\"ListItem\",\"position\":2,\"name\":\"K\u00f8b hdep-28 Novel Ethylnaphtidate\"}]},{\"@type\":\"WebSite\",\"@id\":\"https:\\\/\\\/medicinasinc.com\\\/da\\\/#website\",\"url\":\"https:\\\/\\\/medicinasinc.com\\\/da\\\/\",\"name\":\"Medicinas Inc\",\"description\":\"Health Medical Clinic\",\"potentialAction\":[{\"@type\":\"SearchAction\",\"target\":{\"@type\":\"EntryPoint\",\"urlTemplate\":\"https:\\\/\\\/medicinasinc.com\\\/da\\\/?s={search_term_string}\"},\"query-input\":{\"@type\":\"PropertyValueSpecification\",\"valueRequired\":true,\"valueName\":\"search_term_string\"}}],\"inLanguage\":\"en-US\"}]}<\/script>\n<!-- \/ Yoast SEO plugin. -->","yoast_head_json":{"title":"K\u00f8b hdep-28 Novel Ethylnaphtidate - Bedste globale medicin","description":"K\u00f8b hdep-28 Novel Ethylnaphthidat til salg i Storbritannien, Europa online. IUPAC: ethyl-2-(naphthalen-2-yl)-2-(piperidin-2-yl)acetat. Bestil hdep-28 Novel Ethylnaphtidate","robots":{"index":"index","follow":"follow","max-snippet":"max-snippet:-1","max-image-preview":"max-image-preview:large","max-video-preview":"max-video-preview:-1"},"canonical":"https:\/\/medicinasinc.com\/da\/product\/kob-hdep-28-novel-ethylnaftidat\/","og_locale":"en_US","og_type":"article","og_title":"K\u00f8b hdep-28 Novel Ethylnaphtidate - Bedste globale medicin","og_description":"K\u00f8b hdep-28 Novel Ethylnaphthidat til salg i Storbritannien, Europa online. IUPAC: ethyl-2-(naphthalen-2-yl)-2-(piperidin-2-yl)acetat. Bestil hdep-28 Novel Ethylnaphtidate","og_url":"https:\/\/medicinasinc.com\/da\/product\/kob-hdep-28-novel-ethylnaftidat\/","og_site_name":"Medicinas Inc","article_modified_time":"2022-03-20T00:33:34+00:00","og_image":[{"width":600,"height":600,"url":"https:\/\/medicinasinc.com\/da\/wp-content\/uploads\/sites\/8\/2022\/02\/Buy-hdep-28-Novel-Ethylnaphthidate.jpg","type":"image\/jpeg"}],"twitter_card":"summary_large_image","twitter_misc":{"Est. reading time":"2 minutes"},"schema":{"@context":"https:\/\/schema.org","@graph":[{"@type":"WebPage","@id":"https:\/\/medicinasinc.com\/da\/product\/kob-hdep-28-novel-ethylnaftidat\/","url":"https:\/\/medicinasinc.com\/da\/product\/kob-hdep-28-novel-ethylnaftidat\/","name":"K\u00f8b hdep-28 Novel Ethylnaphtidate - Bedste globale medicin","isPartOf":{"@id":"https:\/\/medicinasinc.com\/da\/#website"},"primaryImageOfPage":{"@id":"https:\/\/medicinasinc.com\/da\/product\/kob-hdep-28-novel-ethylnaftidat\/#primaryimage"},"image":{"@id":"https:\/\/medicinasinc.com\/da\/product\/kob-hdep-28-novel-ethylnaftidat\/#primaryimage"},"thumbnailUrl":"https:\/\/medicinasinc.com\/da\/wp-content\/uploads\/sites\/8\/2022\/02\/Buy-hdep-28-Novel-Ethylnaphthidate.jpg","datePublished":"2022-02-22T01:06:52+00:00","dateModified":"2022-03-20T00:33:34+00:00","description":"K\u00f8b hdep-28 Novel Ethylnaphthidat til salg i Storbritannien, Europa online. IUPAC: ethyl-2-(naphthalen-2-yl)-2-(piperidin-2-yl)acetat. Bestil hdep-28 Novel Ethylnaphtidate","breadcrumb":{"@id":"https:\/\/medicinasinc.com\/da\/product\/kob-hdep-28-novel-ethylnaftidat\/#breadcrumb"},"inLanguage":"en-US","potentialAction":[{"@type":"ReadAction","target":["https:\/\/medicinasinc.com\/da\/product\/kob-hdep-28-novel-ethylnaftidat\/"]}]},{"@type":"ImageObject","inLanguage":"en-US","@id":"https:\/\/medicinasinc.com\/da\/product\/kob-hdep-28-novel-ethylnaftidat\/#primaryimage","url":"https:\/\/medicinasinc.com\/da\/wp-content\/uploads\/sites\/8\/2022\/02\/Buy-hdep-28-Novel-Ethylnaphthidate.jpg","contentUrl":"https:\/\/medicinasinc.com\/da\/wp-content\/uploads\/sites\/8\/2022\/02\/Buy-hdep-28-Novel-Ethylnaphthidate.jpg","width":600,"height":600},{"@type":"BreadcrumbList","@id":"https:\/\/medicinasinc.com\/da\/product\/kob-hdep-28-novel-ethylnaftidat\/#breadcrumb","itemListElement":[{"@type":"ListItem","position":1,"name":"Butik","item":"https:\/\/medicinasinc.com\/da\/butik\/"},{"@type":"ListItem","position":2,"name":"K\u00f8b hdep-28 Novel Ethylnaphtidate"}]},{"@type":"WebSite","@id":"https:\/\/medicinasinc.com\/da\/#website","url":"https:\/\/medicinasinc.com\/da\/","name":"Medicinas Inc","description":"Health Medical Clinic","potentialAction":[{"@type":"SearchAction","target":{"@type":"EntryPoint","urlTemplate":"https:\/\/medicinasinc.com\/da\/?s={search_term_string}"},"query-input":{"@type":"PropertyValueSpecification","valueRequired":true,"valueName":"search_term_string"}}],"inLanguage":"en-US"}]}},"_links":{"self":[{"href":"https:\/\/medicinasinc.com\/da\/wp-json\/wp\/v2\/product\/5523","targetHints":{"allow":["GET"]}}],"collection":[{"href":"https:\/\/medicinasinc.com\/da\/wp-json\/wp\/v2\/product"}],"about":[{"href":"https:\/\/medicinasinc.com\/da\/wp-json\/wp\/v2\/types\/product"}],"replies":[{"embeddable":true,"href":"https:\/\/medicinasinc.com\/da\/wp-json\/wp\/v2\/comments?post=5523"}],"wp:featuredmedia":[{"embeddable":true,"href":"https:\/\/medicinasinc.com\/da\/wp-json\/wp\/v2\/media\/5535"}],"wp:attachment":[{"href":"https:\/\/medicinasinc.com\/da\/wp-json\/wp\/v2\/media?parent=5523"}],"wp:term":[{"taxonomy":"product_brand","embeddable":true,"href":"https:\/\/medicinasinc.com\/da\/wp-json\/wp\/v2\/product_brand?post=5523"},{"taxonomy":"product_cat","embeddable":true,"href":"https:\/\/medicinasinc.com\/da\/wp-json\/wp\/v2\/product_cat?post=5523"},{"taxonomy":"product_tag","embeddable":true,"href":"https:\/\/medicinasinc.com\/da\/wp-json\/wp\/v2\/product_tag?post=5523"}],"curies":[{"name":"wp","href":"https:\/\/api.w.org\/{rel}","templated":true}]}}