{"id":5522,"date":"2022-02-22T01:05:36","date_gmt":"2022-02-22T01:05:36","guid":{"rendered":"https:\/\/medicinasinc.com\/da\/?post_type=product&#038;p=5522"},"modified":"2022-03-20T00:33:42","modified_gmt":"2022-03-20T00:33:42","slug":"kob-fub-akb48-pulver","status":"publish","type":"product","link":"https:\/\/medicinasinc.com\/da\/product\/kob-fub-akb48-pulver\/","title":{"rendered":"K\u00f8b Fub Akb48 Powder"},"content":{"rendered":"<p>Rent Fub Akb48-pulver til k\u00f8b<\/p>\n<p>Hvis du gerne vil vide mere om virkningerne af FUB-AKB48 (ogs\u00e5 kendt som AFUBINACA eller FUB-APINACA) p\u00e5 CB1-receptoren, er dette den syntetiske cannabinoid for dig.<\/p>\n<p>For den kemiske formel, brug f\u00f8lgende: C25H26FN3O.<br \/> I IUPAC-nomenklaturen: N-[(4-fluorphenyl)methyl]-1-adamantan-1-yl<br \/> -1H-indazol<br \/> -3-carboxamid<br \/> Udseende:<br \/> Renhed:<\/p>\n","protected":false},"excerpt":{"rendered":"<p>Betal med Bitcoin for levering af FUB-AKB48-pulver til Europa. K\u00f8b FUB-AKB48 Powder i Europa fra en britisk udbyder til en lav pris. En europ\u00e6isk FUB-AKB48-pulverbutik, hvor du kan f\u00e5 FUB-AKB48-pulver med 99 procent renhed.<\/p>\n<p>Anskaffelse af 1 oz. af Pure Fub Akb48 Powder fra os i dag! Fake weed er en indol, der er blevet brugt til fremstilling af medicin og er nu tilg\u00e6ngelig til salg med syntetiske marihuana kombinerede aktive komponenter.<\/p>\n<p>Med Bitcoin kan du muligvis f\u00e5 rent og h\u00f8jkvalitets FUB-AKB48 Powder online, som samt lovlig medicin, forskningskemikalier og r\u00e5 medicinske pulvere.<\/p>\n","protected":false},"featured_media":5533,"comment_status":"open","ping_status":"closed","template":"","meta":[],"product_brand":[],"product_cat":[2596],"product_tag":[3013,3026,3016,3028,3017,3027,3015,3021,3022,3023,3024,3020,3019,3025,3018,3014],"class_list":{"0":"post-5522","1":"product","2":"type-product","3":"status-publish","4":"has-post-thumbnail","6":"product_cat-cannabinoider-til-salg","7":"product_tag-buy-fub-akb48-eu","8":"product_tag-fub-akb48-anmeldelse","9":"product_tag-fub-akb48-effekt","10":"product_tag-fub-akb48-engros","11":"product_tag-fub-akb48-for-sale","12":"product_tag-fub-akb48-forsendelse","13":"product_tag-fub-akb48-kina-leverandr-c3-b8r","14":"product_tag-fub-akb48-powder-for-sale","15":"product_tag-fub-akb48-powder-online","16":"product_tag-fub-akb48-powder-order","17":"product_tag-fub-akb48-pulver-renderer","18":"product_tag-fub-akb48-pulver-effekt","19":"product_tag-fub-akb48-pulver-kb","20":"product_tag-fub-akb48-reddit","21":"product_tag-fub-akb48-pulver","22":"product_tag-kb-fub-akb48-pulver","24":"first","25":"instock","26":"shipping-taxable","27":"purchasable","28":"product-type-variable","29":"has-default-attributes"},"yoast_head":"<!-- This site is optimized with the Yoast SEO plugin v27.3 - https:\/\/yoast.com\/product\/yoast-seo-wordpress\/ -->\n<title>K\u00f8b Fub Akb48 Powder - Fub Akb48 Online - Bedste globale medicin<\/title>\n<meta name=\"description\" content=\"K\u00f8b FUB-AKB48 Pulver til salg EU forsendelse, Bitcoin betaling. Billig FUB-AKB48 Pulverleverand\u00f8r UK - k\u00f8b forskningskemikalier i Europa. FUB-AKB48 Pulverbutik i Europa\" \/>\n<meta name=\"robots\" content=\"index, follow, max-snippet:-1, max-image-preview:large, max-video-preview:-1\" \/>\n<link rel=\"canonical\" href=\"https:\/\/medicinasinc.com\/da\/product\/kob-fub-akb48-pulver\/\" \/>\n<meta property=\"og:locale\" content=\"en_US\" \/>\n<meta property=\"og:type\" content=\"article\" \/>\n<meta property=\"og:title\" content=\"K\u00f8b Fub Akb48 Powder - Fub Akb48 Online - Bedste globale medicin\" \/>\n<meta property=\"og:description\" content=\"K\u00f8b FUB-AKB48 Pulver til salg EU forsendelse, Bitcoin betaling. Billig FUB-AKB48 Pulverleverand\u00f8r UK - k\u00f8b forskningskemikalier i Europa. FUB-AKB48 Pulverbutik i Europa\" \/>\n<meta property=\"og:url\" content=\"https:\/\/medicinasinc.com\/da\/product\/kob-fub-akb48-pulver\/\" \/>\n<meta property=\"og:site_name\" content=\"Medicinas Inc\" \/>\n<meta property=\"article:modified_time\" content=\"2022-03-20T00:33:42+00:00\" \/>\n<meta property=\"og:image\" content=\"https:\/\/medicinasinc.com\/da\/wp-content\/uploads\/sites\/8\/2022\/02\/Buy-Fub-Akb48-Powder.jpeg\" \/>\n\t<meta property=\"og:image:width\" content=\"800\" \/>\n\t<meta property=\"og:image:height\" content=\"438\" \/>\n\t<meta property=\"og:image:type\" content=\"image\/jpeg\" \/>\n<meta name=\"twitter:card\" content=\"summary_large_image\" \/>\n<meta name=\"twitter:label1\" content=\"Est. reading time\" \/>\n\t<meta name=\"twitter:data1\" content=\"1 minute\" \/>\n<script type=\"application\/ld+json\" class=\"yoast-schema-graph\">{\"@context\":\"https:\\\/\\\/schema.org\",\"@graph\":[{\"@type\":\"WebPage\",\"@id\":\"https:\\\/\\\/medicinasinc.com\\\/da\\\/product\\\/kob-fub-akb48-pulver\\\/\",\"url\":\"https:\\\/\\\/medicinasinc.com\\\/da\\\/product\\\/kob-fub-akb48-pulver\\\/\",\"name\":\"K\u00f8b Fub Akb48 Powder - Fub Akb48 Online - Bedste globale medicin\",\"isPartOf\":{\"@id\":\"https:\\\/\\\/medicinasinc.com\\\/da\\\/#website\"},\"primaryImageOfPage\":{\"@id\":\"https:\\\/\\\/medicinasinc.com\\\/da\\\/product\\\/kob-fub-akb48-pulver\\\/#primaryimage\"},\"image\":{\"@id\":\"https:\\\/\\\/medicinasinc.com\\\/da\\\/product\\\/kob-fub-akb48-pulver\\\/#primaryimage\"},\"thumbnailUrl\":\"https:\\\/\\\/medicinasinc.com\\\/da\\\/wp-content\\\/uploads\\\/sites\\\/8\\\/2022\\\/02\\\/Buy-Fub-Akb48-Powder.jpeg\",\"datePublished\":\"2022-02-22T01:05:36+00:00\",\"dateModified\":\"2022-03-20T00:33:42+00:00\",\"description\":\"K\u00f8b FUB-AKB48 Pulver til salg EU forsendelse, Bitcoin betaling. Billig FUB-AKB48 Pulverleverand\u00f8r UK - k\u00f8b forskningskemikalier i Europa. FUB-AKB48 Pulverbutik i Europa\",\"breadcrumb\":{\"@id\":\"https:\\\/\\\/medicinasinc.com\\\/da\\\/product\\\/kob-fub-akb48-pulver\\\/#breadcrumb\"},\"inLanguage\":\"en-US\",\"potentialAction\":[{\"@type\":\"ReadAction\",\"target\":[\"https:\\\/\\\/medicinasinc.com\\\/da\\\/product\\\/kob-fub-akb48-pulver\\\/\"]}]},{\"@type\":\"ImageObject\",\"inLanguage\":\"en-US\",\"@id\":\"https:\\\/\\\/medicinasinc.com\\\/da\\\/product\\\/kob-fub-akb48-pulver\\\/#primaryimage\",\"url\":\"https:\\\/\\\/medicinasinc.com\\\/da\\\/wp-content\\\/uploads\\\/sites\\\/8\\\/2022\\\/02\\\/Buy-Fub-Akb48-Powder.jpeg\",\"contentUrl\":\"https:\\\/\\\/medicinasinc.com\\\/da\\\/wp-content\\\/uploads\\\/sites\\\/8\\\/2022\\\/02\\\/Buy-Fub-Akb48-Powder.jpeg\",\"width\":800,\"height\":438},{\"@type\":\"BreadcrumbList\",\"@id\":\"https:\\\/\\\/medicinasinc.com\\\/da\\\/product\\\/kob-fub-akb48-pulver\\\/#breadcrumb\",\"itemListElement\":[{\"@type\":\"ListItem\",\"position\":1,\"name\":\"Butik\",\"item\":\"https:\\\/\\\/medicinasinc.com\\\/da\\\/butik\\\/\"},{\"@type\":\"ListItem\",\"position\":2,\"name\":\"K\u00f8b Fub Akb48 Powder\"}]},{\"@type\":\"WebSite\",\"@id\":\"https:\\\/\\\/medicinasinc.com\\\/da\\\/#website\",\"url\":\"https:\\\/\\\/medicinasinc.com\\\/da\\\/\",\"name\":\"Medicinas Inc\",\"description\":\"Health Medical Clinic\",\"potentialAction\":[{\"@type\":\"SearchAction\",\"target\":{\"@type\":\"EntryPoint\",\"urlTemplate\":\"https:\\\/\\\/medicinasinc.com\\\/da\\\/?s={search_term_string}\"},\"query-input\":{\"@type\":\"PropertyValueSpecification\",\"valueRequired\":true,\"valueName\":\"search_term_string\"}}],\"inLanguage\":\"en-US\"}]}<\/script>\n<!-- \/ Yoast SEO plugin. -->","yoast_head_json":{"title":"K\u00f8b Fub Akb48 Powder - Fub Akb48 Online - Bedste globale medicin","description":"K\u00f8b FUB-AKB48 Pulver til salg EU forsendelse, Bitcoin betaling. Billig FUB-AKB48 Pulverleverand\u00f8r UK - k\u00f8b forskningskemikalier i Europa. FUB-AKB48 Pulverbutik i Europa","robots":{"index":"index","follow":"follow","max-snippet":"max-snippet:-1","max-image-preview":"max-image-preview:large","max-video-preview":"max-video-preview:-1"},"canonical":"https:\/\/medicinasinc.com\/da\/product\/kob-fub-akb48-pulver\/","og_locale":"en_US","og_type":"article","og_title":"K\u00f8b Fub Akb48 Powder - Fub Akb48 Online - Bedste globale medicin","og_description":"K\u00f8b FUB-AKB48 Pulver til salg EU forsendelse, Bitcoin betaling. Billig FUB-AKB48 Pulverleverand\u00f8r UK - k\u00f8b forskningskemikalier i Europa. FUB-AKB48 Pulverbutik i Europa","og_url":"https:\/\/medicinasinc.com\/da\/product\/kob-fub-akb48-pulver\/","og_site_name":"Medicinas Inc","article_modified_time":"2022-03-20T00:33:42+00:00","og_image":[{"width":800,"height":438,"url":"https:\/\/medicinasinc.com\/da\/wp-content\/uploads\/sites\/8\/2022\/02\/Buy-Fub-Akb48-Powder.jpeg","type":"image\/jpeg"}],"twitter_card":"summary_large_image","twitter_misc":{"Est. reading time":"1 minute"},"schema":{"@context":"https:\/\/schema.org","@graph":[{"@type":"WebPage","@id":"https:\/\/medicinasinc.com\/da\/product\/kob-fub-akb48-pulver\/","url":"https:\/\/medicinasinc.com\/da\/product\/kob-fub-akb48-pulver\/","name":"K\u00f8b Fub Akb48 Powder - Fub Akb48 Online - Bedste globale medicin","isPartOf":{"@id":"https:\/\/medicinasinc.com\/da\/#website"},"primaryImageOfPage":{"@id":"https:\/\/medicinasinc.com\/da\/product\/kob-fub-akb48-pulver\/#primaryimage"},"image":{"@id":"https:\/\/medicinasinc.com\/da\/product\/kob-fub-akb48-pulver\/#primaryimage"},"thumbnailUrl":"https:\/\/medicinasinc.com\/da\/wp-content\/uploads\/sites\/8\/2022\/02\/Buy-Fub-Akb48-Powder.jpeg","datePublished":"2022-02-22T01:05:36+00:00","dateModified":"2022-03-20T00:33:42+00:00","description":"K\u00f8b FUB-AKB48 Pulver til salg EU forsendelse, Bitcoin betaling. Billig FUB-AKB48 Pulverleverand\u00f8r UK - k\u00f8b forskningskemikalier i Europa. FUB-AKB48 Pulverbutik i Europa","breadcrumb":{"@id":"https:\/\/medicinasinc.com\/da\/product\/kob-fub-akb48-pulver\/#breadcrumb"},"inLanguage":"en-US","potentialAction":[{"@type":"ReadAction","target":["https:\/\/medicinasinc.com\/da\/product\/kob-fub-akb48-pulver\/"]}]},{"@type":"ImageObject","inLanguage":"en-US","@id":"https:\/\/medicinasinc.com\/da\/product\/kob-fub-akb48-pulver\/#primaryimage","url":"https:\/\/medicinasinc.com\/da\/wp-content\/uploads\/sites\/8\/2022\/02\/Buy-Fub-Akb48-Powder.jpeg","contentUrl":"https:\/\/medicinasinc.com\/da\/wp-content\/uploads\/sites\/8\/2022\/02\/Buy-Fub-Akb48-Powder.jpeg","width":800,"height":438},{"@type":"BreadcrumbList","@id":"https:\/\/medicinasinc.com\/da\/product\/kob-fub-akb48-pulver\/#breadcrumb","itemListElement":[{"@type":"ListItem","position":1,"name":"Butik","item":"https:\/\/medicinasinc.com\/da\/butik\/"},{"@type":"ListItem","position":2,"name":"K\u00f8b Fub Akb48 Powder"}]},{"@type":"WebSite","@id":"https:\/\/medicinasinc.com\/da\/#website","url":"https:\/\/medicinasinc.com\/da\/","name":"Medicinas Inc","description":"Health Medical Clinic","potentialAction":[{"@type":"SearchAction","target":{"@type":"EntryPoint","urlTemplate":"https:\/\/medicinasinc.com\/da\/?s={search_term_string}"},"query-input":{"@type":"PropertyValueSpecification","valueRequired":true,"valueName":"search_term_string"}}],"inLanguage":"en-US"}]}},"_links":{"self":[{"href":"https:\/\/medicinasinc.com\/da\/wp-json\/wp\/v2\/product\/5522","targetHints":{"allow":["GET"]}}],"collection":[{"href":"https:\/\/medicinasinc.com\/da\/wp-json\/wp\/v2\/product"}],"about":[{"href":"https:\/\/medicinasinc.com\/da\/wp-json\/wp\/v2\/types\/product"}],"replies":[{"embeddable":true,"href":"https:\/\/medicinasinc.com\/da\/wp-json\/wp\/v2\/comments?post=5522"}],"wp:featuredmedia":[{"embeddable":true,"href":"https:\/\/medicinasinc.com\/da\/wp-json\/wp\/v2\/media\/5533"}],"wp:attachment":[{"href":"https:\/\/medicinasinc.com\/da\/wp-json\/wp\/v2\/media?parent=5522"}],"wp:term":[{"taxonomy":"product_brand","embeddable":true,"href":"https:\/\/medicinasinc.com\/da\/wp-json\/wp\/v2\/product_brand?post=5522"},{"taxonomy":"product_cat","embeddable":true,"href":"https:\/\/medicinasinc.com\/da\/wp-json\/wp\/v2\/product_cat?post=5522"},{"taxonomy":"product_tag","embeddable":true,"href":"https:\/\/medicinasinc.com\/da\/wp-json\/wp\/v2\/product_tag?post=5522"}],"curies":[{"name":"wp","href":"https:\/\/api.w.org\/{rel}","templated":true}]}}