{"id":5521,"date":"2022-02-22T01:04:16","date_gmt":"2022-02-22T01:04:16","guid":{"rendered":"https:\/\/medicinasinc.com\/da\/?post_type=product&#038;p=5521"},"modified":"2022-03-20T00:33:53","modified_gmt":"2022-03-20T00:33:53","slug":"kob-flubromazepam-4mg-pellets","status":"publish","type":"product","link":"https:\/\/medicinasinc.com\/da\/product\/kob-flubromazepam-4mg-pellets\/","title":{"rendered":"K\u00f8b Flubromazepam 4mg pellets"},"content":{"rendered":"<p>OVERKOMMELIGE FLUBROMAZEPAM 4MG-PELLETS LEVERET TIL EU<\/p>\n<p>Flubromazepam 4mg-pellets kan k\u00f8bes i Europa p\u00e5 dette sted.<\/p>\n<p>Du kan bruge Bitcoin til at betale for Flubromazepam-pellets 4 mg. <\/p>\n<p>Benzodiazepinderivatet Flubromazepam er det f\u00f8rste af sin slags. 7-brom-5-(2-fluorphenyl)-1,3-dihydro-1,4-benzodiazepin-2-on er det fulde kemiske navn. Dette l\u00e6gemiddel ligner strukturelt Bromazepam, et beroligende, angst- og s\u00f8vnmiddel, der ogs\u00e5 er kendt som et benzodiazepin.<\/p>\n<p>Et orange pellet-lignende udseende indikerer tilstedev\u00e6relsen af \u200b\u200b7-brom-5-(2) -fluorphenyl)-1,3-dihydro-1,4 benzodiazepin-2-on.<\/p>\n<p>Flubromazepam 4mg pellets kan k\u00f8bes online ved at bruge en Bitcoin-adresse.<\/p>\n<p>4mg pellets af Flubromazepam for Udsalg<\/p>\n<p>&nbsp;<\/p>\n<p>Flubromazepam 4mg Pellets kan k\u00f8bes over internettet.<br \/> Hvad bruges Flubromazepam til?<\/p>\n<p>Et benzodiazepinderivat, flubromazepam har eksisteret siden 1960, hvor den f\u00f8rste gang blev fremstillet. Indtil 2012, hvor det begyndte at blive promoveret som et unders\u00f8gelsesmateriale, var det aldrig blevet annonceret som et l\u00e6gemiddel, og mange havde glemt det indtil 2012. Flubromazepams formel er stort set identisk med phenazepam, et andet benzodiazepin, der blev popul\u00e6rt af farmaceutiske virksomheder i flere lande.<\/p>\n","protected":false},"excerpt":{"rendered":"<div class=\"woocommerce-product-details__short-description\">\n<p>K\u00f8b Flubromazepam 4mg Pellets til salg EU, Storbritannien, Europa forsendelse, Bitcoin betaling. Billig Flubromazepam 4mg Pellets leverand\u00f8r &#8211; k\u00f8b forskningskemikalier i Europa.<\/p>\n<p><em>K\u00f8b Flubromazepam<\/em>\u00a0(<em>4mg<\/em>)\u00a0<em>Piller<\/em>\u00a0til den bedste pris. Vi garanterer sikker verdensomsp\u00e6ndende forsendelse.<\/p>\n<p>K\u00f8b Flubromazepam 4mg pellets online. Flubromazepam er til salg i form af 4 mg pellets, farvet lys gul, en lidt anderledes gul nuance end den nuv\u00e6rende batch af Pyrazolam, der i \u00f8jeblikket er tilg\u00e6ngelig i USA.<\/p>\n<\/p><\/div>\n","protected":false},"featured_media":5531,"comment_status":"open","ping_status":"closed","template":"","meta":[],"product_brand":[],"product_cat":[2014],"product_tag":[3009,2998,2999,3000,3001,3002,3003,3004,3005,3006,3007,3008,3011,3012,3010],"class_list":{"0":"post-5521","1":"product","2":"type-product","3":"status-publish","4":"has-post-thumbnail","6":"product_cat-kb-forskningskemikalier","7":"product_tag-ordre-flubromazepam","8":"product_tag-buy-flubromazepam","9":"product_tag-buy-flubromazepam-pellets","10":"product_tag-flubromazepam","11":"product_tag-flubromazepam-4-mg","12":"product_tag-flubromazepam-4mg","13":"product_tag-flubromazepam-4mg-til-salg","14":"product_tag-flubromazepam-effekt","15":"product_tag-flubromazepam-europa-kb","16":"product_tag-flubromazepam-google","17":"product_tag-flubromazepam-pellets","18":"product_tag-flubromazepam-reddit","19":"product_tag-forsendelse-flubromazepam-4mg-palle","20":"product_tag-hvor-kan-kbes-kbes-flubromazepam-pellets","21":"product_tag-kvalitets-flubromazepam-4mg","23":"first","24":"instock","25":"shipping-taxable","26":"purchasable","27":"product-type-variable","28":"has-default-attributes"},"yoast_head":"<!-- This site is optimized with the Yoast SEO plugin v27.3 - https:\/\/yoast.com\/product\/yoast-seo-wordpress\/ -->\n<title>K\u00f8b Flubromazepam 4mg pellets - bedste bedste globale medicin<\/title>\n<meta name=\"description\" content=\"K\u00f8b Flubromazepam 4mg Pellets til salg EU, Storbritannien, Europa forsendelse, Bitcoin betaling. Billig Flubromazepam 4mg Pellets leverand\u00f8r - k\u00f8b forskningskemikalier i Europa.\" \/>\n<meta name=\"robots\" content=\"index, follow, max-snippet:-1, max-image-preview:large, max-video-preview:-1\" \/>\n<link rel=\"canonical\" href=\"https:\/\/medicinasinc.com\/da\/product\/kob-flubromazepam-4mg-pellets\/\" \/>\n<meta property=\"og:locale\" content=\"en_US\" \/>\n<meta property=\"og:type\" content=\"article\" \/>\n<meta property=\"og:title\" content=\"K\u00f8b Flubromazepam 4mg pellets - bedste bedste globale medicin\" \/>\n<meta property=\"og:description\" content=\"K\u00f8b Flubromazepam 4mg Pellets til salg EU, Storbritannien, Europa forsendelse, Bitcoin betaling. Billig Flubromazepam 4mg Pellets leverand\u00f8r - k\u00f8b forskningskemikalier i Europa.\" \/>\n<meta property=\"og:url\" content=\"https:\/\/medicinasinc.com\/da\/product\/kob-flubromazepam-4mg-pellets\/\" \/>\n<meta property=\"og:site_name\" content=\"Medicinas Inc\" \/>\n<meta property=\"article:modified_time\" content=\"2022-03-20T00:33:53+00:00\" \/>\n<meta property=\"og:image\" content=\"https:\/\/medicinasinc.com\/da\/wp-content\/uploads\/sites\/8\/2022\/02\/Buy-Flubromazepam-4mg-Pellets-1.jpg\" \/>\n\t<meta property=\"og:image:width\" content=\"350\" \/>\n\t<meta property=\"og:image:height\" content=\"350\" \/>\n\t<meta property=\"og:image:type\" content=\"image\/jpeg\" \/>\n<meta name=\"twitter:card\" content=\"summary_large_image\" \/>\n<meta name=\"twitter:label1\" content=\"Est. reading time\" \/>\n\t<meta name=\"twitter:data1\" content=\"1 minute\" \/>\n<script type=\"application\/ld+json\" class=\"yoast-schema-graph\">{\"@context\":\"https:\\\/\\\/schema.org\",\"@graph\":[{\"@type\":\"WebPage\",\"@id\":\"https:\\\/\\\/medicinasinc.com\\\/da\\\/product\\\/kob-flubromazepam-4mg-pellets\\\/\",\"url\":\"https:\\\/\\\/medicinasinc.com\\\/da\\\/product\\\/kob-flubromazepam-4mg-pellets\\\/\",\"name\":\"K\u00f8b Flubromazepam 4mg pellets - bedste bedste globale medicin\",\"isPartOf\":{\"@id\":\"https:\\\/\\\/medicinasinc.com\\\/da\\\/#website\"},\"primaryImageOfPage\":{\"@id\":\"https:\\\/\\\/medicinasinc.com\\\/da\\\/product\\\/kob-flubromazepam-4mg-pellets\\\/#primaryimage\"},\"image\":{\"@id\":\"https:\\\/\\\/medicinasinc.com\\\/da\\\/product\\\/kob-flubromazepam-4mg-pellets\\\/#primaryimage\"},\"thumbnailUrl\":\"https:\\\/\\\/medicinasinc.com\\\/da\\\/wp-content\\\/uploads\\\/sites\\\/8\\\/2022\\\/02\\\/Buy-Flubromazepam-4mg-Pellets-1.jpg\",\"datePublished\":\"2022-02-22T01:04:16+00:00\",\"dateModified\":\"2022-03-20T00:33:53+00:00\",\"description\":\"K\u00f8b Flubromazepam 4mg Pellets til salg EU, Storbritannien, Europa forsendelse, Bitcoin betaling. Billig Flubromazepam 4mg Pellets leverand\u00f8r - k\u00f8b forskningskemikalier i Europa.\",\"breadcrumb\":{\"@id\":\"https:\\\/\\\/medicinasinc.com\\\/da\\\/product\\\/kob-flubromazepam-4mg-pellets\\\/#breadcrumb\"},\"inLanguage\":\"en-US\",\"potentialAction\":[{\"@type\":\"ReadAction\",\"target\":[\"https:\\\/\\\/medicinasinc.com\\\/da\\\/product\\\/kob-flubromazepam-4mg-pellets\\\/\"]}]},{\"@type\":\"ImageObject\",\"inLanguage\":\"en-US\",\"@id\":\"https:\\\/\\\/medicinasinc.com\\\/da\\\/product\\\/kob-flubromazepam-4mg-pellets\\\/#primaryimage\",\"url\":\"https:\\\/\\\/medicinasinc.com\\\/da\\\/wp-content\\\/uploads\\\/sites\\\/8\\\/2022\\\/02\\\/Buy-Flubromazepam-4mg-Pellets-1.jpg\",\"contentUrl\":\"https:\\\/\\\/medicinasinc.com\\\/da\\\/wp-content\\\/uploads\\\/sites\\\/8\\\/2022\\\/02\\\/Buy-Flubromazepam-4mg-Pellets-1.jpg\",\"width\":350,\"height\":350},{\"@type\":\"BreadcrumbList\",\"@id\":\"https:\\\/\\\/medicinasinc.com\\\/da\\\/product\\\/kob-flubromazepam-4mg-pellets\\\/#breadcrumb\",\"itemListElement\":[{\"@type\":\"ListItem\",\"position\":1,\"name\":\"Butik\",\"item\":\"https:\\\/\\\/medicinasinc.com\\\/da\\\/butik\\\/\"},{\"@type\":\"ListItem\",\"position\":2,\"name\":\"K\u00f8b Flubromazepam 4mg pellets\"}]},{\"@type\":\"WebSite\",\"@id\":\"https:\\\/\\\/medicinasinc.com\\\/da\\\/#website\",\"url\":\"https:\\\/\\\/medicinasinc.com\\\/da\\\/\",\"name\":\"Medicinas Inc\",\"description\":\"Health Medical Clinic\",\"potentialAction\":[{\"@type\":\"SearchAction\",\"target\":{\"@type\":\"EntryPoint\",\"urlTemplate\":\"https:\\\/\\\/medicinasinc.com\\\/da\\\/?s={search_term_string}\"},\"query-input\":{\"@type\":\"PropertyValueSpecification\",\"valueRequired\":true,\"valueName\":\"search_term_string\"}}],\"inLanguage\":\"en-US\"}]}<\/script>\n<!-- \/ Yoast SEO plugin. -->","yoast_head_json":{"title":"K\u00f8b Flubromazepam 4mg pellets - bedste bedste globale medicin","description":"K\u00f8b Flubromazepam 4mg Pellets til salg EU, Storbritannien, Europa forsendelse, Bitcoin betaling. Billig Flubromazepam 4mg Pellets leverand\u00f8r - k\u00f8b forskningskemikalier i Europa.","robots":{"index":"index","follow":"follow","max-snippet":"max-snippet:-1","max-image-preview":"max-image-preview:large","max-video-preview":"max-video-preview:-1"},"canonical":"https:\/\/medicinasinc.com\/da\/product\/kob-flubromazepam-4mg-pellets\/","og_locale":"en_US","og_type":"article","og_title":"K\u00f8b Flubromazepam 4mg pellets - bedste bedste globale medicin","og_description":"K\u00f8b Flubromazepam 4mg Pellets til salg EU, Storbritannien, Europa forsendelse, Bitcoin betaling. Billig Flubromazepam 4mg Pellets leverand\u00f8r - k\u00f8b forskningskemikalier i Europa.","og_url":"https:\/\/medicinasinc.com\/da\/product\/kob-flubromazepam-4mg-pellets\/","og_site_name":"Medicinas Inc","article_modified_time":"2022-03-20T00:33:53+00:00","og_image":[{"width":350,"height":350,"url":"https:\/\/medicinasinc.com\/da\/wp-content\/uploads\/sites\/8\/2022\/02\/Buy-Flubromazepam-4mg-Pellets-1.jpg","type":"image\/jpeg"}],"twitter_card":"summary_large_image","twitter_misc":{"Est. reading time":"1 minute"},"schema":{"@context":"https:\/\/schema.org","@graph":[{"@type":"WebPage","@id":"https:\/\/medicinasinc.com\/da\/product\/kob-flubromazepam-4mg-pellets\/","url":"https:\/\/medicinasinc.com\/da\/product\/kob-flubromazepam-4mg-pellets\/","name":"K\u00f8b Flubromazepam 4mg pellets - bedste bedste globale medicin","isPartOf":{"@id":"https:\/\/medicinasinc.com\/da\/#website"},"primaryImageOfPage":{"@id":"https:\/\/medicinasinc.com\/da\/product\/kob-flubromazepam-4mg-pellets\/#primaryimage"},"image":{"@id":"https:\/\/medicinasinc.com\/da\/product\/kob-flubromazepam-4mg-pellets\/#primaryimage"},"thumbnailUrl":"https:\/\/medicinasinc.com\/da\/wp-content\/uploads\/sites\/8\/2022\/02\/Buy-Flubromazepam-4mg-Pellets-1.jpg","datePublished":"2022-02-22T01:04:16+00:00","dateModified":"2022-03-20T00:33:53+00:00","description":"K\u00f8b Flubromazepam 4mg Pellets til salg EU, Storbritannien, Europa forsendelse, Bitcoin betaling. Billig Flubromazepam 4mg Pellets leverand\u00f8r - k\u00f8b forskningskemikalier i Europa.","breadcrumb":{"@id":"https:\/\/medicinasinc.com\/da\/product\/kob-flubromazepam-4mg-pellets\/#breadcrumb"},"inLanguage":"en-US","potentialAction":[{"@type":"ReadAction","target":["https:\/\/medicinasinc.com\/da\/product\/kob-flubromazepam-4mg-pellets\/"]}]},{"@type":"ImageObject","inLanguage":"en-US","@id":"https:\/\/medicinasinc.com\/da\/product\/kob-flubromazepam-4mg-pellets\/#primaryimage","url":"https:\/\/medicinasinc.com\/da\/wp-content\/uploads\/sites\/8\/2022\/02\/Buy-Flubromazepam-4mg-Pellets-1.jpg","contentUrl":"https:\/\/medicinasinc.com\/da\/wp-content\/uploads\/sites\/8\/2022\/02\/Buy-Flubromazepam-4mg-Pellets-1.jpg","width":350,"height":350},{"@type":"BreadcrumbList","@id":"https:\/\/medicinasinc.com\/da\/product\/kob-flubromazepam-4mg-pellets\/#breadcrumb","itemListElement":[{"@type":"ListItem","position":1,"name":"Butik","item":"https:\/\/medicinasinc.com\/da\/butik\/"},{"@type":"ListItem","position":2,"name":"K\u00f8b Flubromazepam 4mg pellets"}]},{"@type":"WebSite","@id":"https:\/\/medicinasinc.com\/da\/#website","url":"https:\/\/medicinasinc.com\/da\/","name":"Medicinas Inc","description":"Health Medical Clinic","potentialAction":[{"@type":"SearchAction","target":{"@type":"EntryPoint","urlTemplate":"https:\/\/medicinasinc.com\/da\/?s={search_term_string}"},"query-input":{"@type":"PropertyValueSpecification","valueRequired":true,"valueName":"search_term_string"}}],"inLanguage":"en-US"}]}},"_links":{"self":[{"href":"https:\/\/medicinasinc.com\/da\/wp-json\/wp\/v2\/product\/5521","targetHints":{"allow":["GET"]}}],"collection":[{"href":"https:\/\/medicinasinc.com\/da\/wp-json\/wp\/v2\/product"}],"about":[{"href":"https:\/\/medicinasinc.com\/da\/wp-json\/wp\/v2\/types\/product"}],"replies":[{"embeddable":true,"href":"https:\/\/medicinasinc.com\/da\/wp-json\/wp\/v2\/comments?post=5521"}],"wp:featuredmedia":[{"embeddable":true,"href":"https:\/\/medicinasinc.com\/da\/wp-json\/wp\/v2\/media\/5531"}],"wp:attachment":[{"href":"https:\/\/medicinasinc.com\/da\/wp-json\/wp\/v2\/media?parent=5521"}],"wp:term":[{"taxonomy":"product_brand","embeddable":true,"href":"https:\/\/medicinasinc.com\/da\/wp-json\/wp\/v2\/product_brand?post=5521"},{"taxonomy":"product_cat","embeddable":true,"href":"https:\/\/medicinasinc.com\/da\/wp-json\/wp\/v2\/product_cat?post=5521"},{"taxonomy":"product_tag","embeddable":true,"href":"https:\/\/medicinasinc.com\/da\/wp-json\/wp\/v2\/product_tag?post=5521"}],"curies":[{"name":"wp","href":"https:\/\/api.w.org\/{rel}","templated":true}]}}