{"id":5520,"date":"2022-02-22T01:02:44","date_gmt":"2022-02-22T01:02:44","guid":{"rendered":"https:\/\/medicinasinc.com\/da\/?post_type=product&#038;p=5520"},"modified":"2022-03-20T00:34:01","modified_gmt":"2022-03-20T00:34:01","slug":"kob-fentanyl-tabletter","status":"publish","type":"product","link":"https:\/\/medicinasinc.com\/da\/product\/kob-fentanyl-tabletter\/","title":{"rendered":"K\u00f8b Fentanyl-tabletter"},"content":{"rendered":"<p>Fentanylpiller, ogs\u00e5 kendt som fentanil, er en meget st\u00e6rk syntetisk smertestillende opioid med kort virkningsvarighed og hurtigt inds\u00e6ttende. Opioidreceptorer stimuleres kraftigt af dette l\u00e6gemiddel. Fentanyls styrke siges at v\u00e6re 50-100 gange st\u00f8rre end morfins.<\/p>\n<p>Paul Janssens Fentanyl Pills blev dannet i 1960 og var en \u00f8jeblikkelig succes og fulgte i fodsporene p\u00e5 Demerols pethidin. Fentanyl blev skabt ved at teste analoger af det opioidaktive stof pethidin, som er strukturelt forbundet med fentanyl.<\/p>\n<p>Fentonisk citrat (fentanylcitrat, som er saltet, der dannes ved at blande fentanyl og citronsyre med en 1:1 ratio) ramte det medicinske marked i begyndelsen af \u200b\u200b60&#8217;erne under handelsnavnet Sublimaze p\u00e5 grund af dets omfattende brug. Sufentanil, alfentanil, remifentanil og lofentanil er kun nogle f\u00e5 af de mange fentanylanaloger, der siden er blevet skabt og taget i klinisk brug.<\/p>\n<p>Piller indeholdende fentanyl Palliativ brug af fentanyl begyndte i midten af \u200b\u200b1990&#8217;erne med udvikling af fentanylplaster, som hurtigt blev efterfulgt af fentanylpastiller, opl\u00f8sende tabletter og sublingual spray, som alle absorberes via mundoverfladen. Fentanyl var det mest almindeligt ordinerede syntetiske opioid i USA i 2012. P\u00e5 verdensplan blev det ansl\u00e5et, at der blev forbrugt 1700 kg plastik i 2013.<\/p>\n<p>Den rekreative brug af fentanyl har resulteret i tusindvis af overdosisd\u00f8dsfald pr. \u00e5r. Upassende medicinsk brug har ogs\u00e5 f\u00f8rt til d\u00f8dsfald. P\u00e5 grund af det h\u00f8je terapeutiske indeks (270) er fentanyl et meget sikkert kirurgisk bed\u00f8velsesmiddel, n\u00e5r det administreres under n\u00f8je overv\u00e5gning; men p\u00e5 grund af dens enorme styrke kr\u00e6ves pr\u00e6cise m\u00e5linger af ekstremt fortyndet opl\u00f8sning.<\/p>\n<p>en effektiv dosis og d\u00f8delig dosis af pulveriseret fentanyl ville v\u00e6re sv\u00e6r eller umulig at skelne med det blotte \u00f8je, hvis de blev placeret ved siden af hinanden; det er derfor, det er upraktisk pr\u00e6cist at kvantificere en dosis rent fentanylpulver uden moderne videnskabeligt udstyr.<\/p>\n<p>Bestil fentanylpiller, -pulver, -plastre og -v\u00e6ske online nu!<\/p>\n<div class=\"product -next-previous\">\n<div class=\"product-prev\"><\/div><\/div>\n","protected":false},"excerpt":{"rendered":"<p>Vores online forretning s\u00e6lger Fentanyl-tabletter til salg i Storbritannien, EU og Europa med hurtig verdensomsp\u00e6ndende forsendelse! Du finder den bedste Fentanyl til onlinek\u00f8b her!<\/p>\n<p>K\u00f8b Fentanyl-piller online i Storbritannien, Europa og resten af \u200b\u200bverden med hurtig international levering fra vores onlineapotek i dag! Du finder den bedste fentanyl til online k\u00f8b her! Sp\u00f8rg om, hvor du kan k\u00f8be fentanyltabletter.<\/p>\n<p>Piller indeholdende fentanyl Fentanylplasteret blev f\u00f8rst tilbudt til palliativ brug i midten af \u200b\u200b1990&#8217;erne, og fentanyl slikkepinden, opl\u00f8sende piller og sublingual spray blev alle frigivet i det f\u00f8lgende \u00e5rti gennem absorption gennem huden i munden.<\/p>\n","protected":false},"featured_media":5529,"comment_status":"open","ping_status":"closed","template":"","meta":[],"product_brand":[],"product_cat":[2014],"product_tag":[2990,2991,2992,2973,2841,2976,2977,2979,2996,2981,2982,2984,2980,2985,2986,2850,2987,2983,2997,2978,2975,2974,2843,2989,2993,2994,2995,2988],"class_list":{"0":"post-5520","1":"product","2":"type-product","3":"status-publish","4":"has-post-thumbnail","6":"product_cat-kb-forskningskemikalier","7":"product_tag-bestil-fentanyl-vske-online","8":"product_tag-bestil-fentanyl-online","9":"product_tag-bestil-fentanyl-plastre-online","10":"product_tag-buy-fentanyl-citrate-online","11":"product_tag-buy-fentanyl-online","12":"product_tag-buy-fentanyl-online-uk","13":"product_tag-buy-fentanyl-powder","14":"product_tag-carfentanil-for-sale","15":"product_tag-det-bedste-sted-at-kbe-fentanyl-vske-online","16":"product_tag-fentanyl-for-sale","17":"product_tag-fentanyl-for-sale-online","18":"product_tag-fentanyl-gips-online-apotek","19":"product_tag-fentanyl-kb-online","20":"product_tag-fentanyl-patches-for-sale","21":"product_tag-fentanyl-pills-for-sale","22":"product_tag-fentanyl-powder-for-sale","23":"product_tag-fentanyl-pulver-pris","24":"product_tag-fentanyl-vske-til-salg","25":"product_tag-hvor-kan-kbes-fentanyl-vske-online","26":"product_tag-kb-fentanyl-online","27":"product_tag-kb-fentanyl-uden-recept","28":"product_tag-kb-fentanyl-vske-online","29":"product_tag-kb-fentanyl-pulver-online","30":"product_tag-opiat-forskningskemikalier-til-salg","31":"product_tag-purchase-fentanyl-liquid-online","32":"product_tag-purchase-fentanyl-online","33":"product_tag-ren-fentanyl","34":"product_tag-hvordan-man-kber-fentanyl-vske-online","36":"first","37":"instock","38":"shipping-taxable","39":"purchasable","40":"product-type-variable","41":"has-default-attributes"},"yoast_head":"<!-- This site is optimized with the Yoast SEO plugin v27.3 - https:\/\/yoast.com\/product\/yoast-seo-wordpress\/ -->\n<title>K\u00f8b Fentanyl Tabletter - Fentanyl piller - Bedste globale medicin<\/title>\n<meta name=\"description\" content=\"K\u00f8b Fentanyl tabletter til salg UK, EU Europa i vores online butik med hurtig levering over hele verden! Den bedste Fentanyl til bestilling finder du her!\" \/>\n<meta name=\"robots\" content=\"index, follow, max-snippet:-1, max-image-preview:large, max-video-preview:-1\" \/>\n<link rel=\"canonical\" href=\"https:\/\/medicinasinc.com\/da\/product\/kob-fentanyl-tabletter\/\" \/>\n<meta property=\"og:locale\" content=\"en_US\" \/>\n<meta property=\"og:type\" content=\"article\" \/>\n<meta property=\"og:title\" content=\"K\u00f8b Fentanyl Tabletter - Fentanyl piller - Bedste globale medicin\" \/>\n<meta property=\"og:description\" content=\"K\u00f8b Fentanyl tabletter til salg UK, EU Europa i vores online butik med hurtig levering over hele verden! Den bedste Fentanyl til bestilling finder du her!\" \/>\n<meta property=\"og:url\" content=\"https:\/\/medicinasinc.com\/da\/product\/kob-fentanyl-tabletter\/\" \/>\n<meta property=\"og:site_name\" content=\"Medicinas Inc\" \/>\n<meta property=\"article:modified_time\" content=\"2022-03-20T00:34:01+00:00\" \/>\n<meta property=\"og:image\" content=\"https:\/\/medicinasinc.com\/da\/wp-content\/uploads\/sites\/8\/2022\/02\/Buy-Fentanyl-Tablets.jpg\" \/>\n\t<meta property=\"og:image:width\" content=\"600\" \/>\n\t<meta property=\"og:image:height\" content=\"600\" \/>\n\t<meta property=\"og:image:type\" content=\"image\/jpeg\" \/>\n<meta name=\"twitter:card\" content=\"summary_large_image\" \/>\n<meta name=\"twitter:label1\" content=\"Est. reading time\" \/>\n\t<meta name=\"twitter:data1\" content=\"2 minutes\" \/>\n<script type=\"application\/ld+json\" class=\"yoast-schema-graph\">{\"@context\":\"https:\\\/\\\/schema.org\",\"@graph\":[{\"@type\":\"WebPage\",\"@id\":\"https:\\\/\\\/medicinasinc.com\\\/da\\\/product\\\/kob-fentanyl-tabletter\\\/\",\"url\":\"https:\\\/\\\/medicinasinc.com\\\/da\\\/product\\\/kob-fentanyl-tabletter\\\/\",\"name\":\"K\u00f8b Fentanyl Tabletter - Fentanyl piller - Bedste globale medicin\",\"isPartOf\":{\"@id\":\"https:\\\/\\\/medicinasinc.com\\\/da\\\/#website\"},\"primaryImageOfPage\":{\"@id\":\"https:\\\/\\\/medicinasinc.com\\\/da\\\/product\\\/kob-fentanyl-tabletter\\\/#primaryimage\"},\"image\":{\"@id\":\"https:\\\/\\\/medicinasinc.com\\\/da\\\/product\\\/kob-fentanyl-tabletter\\\/#primaryimage\"},\"thumbnailUrl\":\"https:\\\/\\\/medicinasinc.com\\\/da\\\/wp-content\\\/uploads\\\/sites\\\/8\\\/2022\\\/02\\\/Buy-Fentanyl-Tablets.jpg\",\"datePublished\":\"2022-02-22T01:02:44+00:00\",\"dateModified\":\"2022-03-20T00:34:01+00:00\",\"description\":\"K\u00f8b Fentanyl tabletter til salg UK, EU Europa i vores online butik med hurtig levering over hele verden! Den bedste Fentanyl til bestilling finder du her!\",\"breadcrumb\":{\"@id\":\"https:\\\/\\\/medicinasinc.com\\\/da\\\/product\\\/kob-fentanyl-tabletter\\\/#breadcrumb\"},\"inLanguage\":\"en-US\",\"potentialAction\":[{\"@type\":\"ReadAction\",\"target\":[\"https:\\\/\\\/medicinasinc.com\\\/da\\\/product\\\/kob-fentanyl-tabletter\\\/\"]}]},{\"@type\":\"ImageObject\",\"inLanguage\":\"en-US\",\"@id\":\"https:\\\/\\\/medicinasinc.com\\\/da\\\/product\\\/kob-fentanyl-tabletter\\\/#primaryimage\",\"url\":\"https:\\\/\\\/medicinasinc.com\\\/da\\\/wp-content\\\/uploads\\\/sites\\\/8\\\/2022\\\/02\\\/Buy-Fentanyl-Tablets.jpg\",\"contentUrl\":\"https:\\\/\\\/medicinasinc.com\\\/da\\\/wp-content\\\/uploads\\\/sites\\\/8\\\/2022\\\/02\\\/Buy-Fentanyl-Tablets.jpg\",\"width\":600,\"height\":600},{\"@type\":\"BreadcrumbList\",\"@id\":\"https:\\\/\\\/medicinasinc.com\\\/da\\\/product\\\/kob-fentanyl-tabletter\\\/#breadcrumb\",\"itemListElement\":[{\"@type\":\"ListItem\",\"position\":1,\"name\":\"Butik\",\"item\":\"https:\\\/\\\/medicinasinc.com\\\/da\\\/butik\\\/\"},{\"@type\":\"ListItem\",\"position\":2,\"name\":\"K\u00f8b Fentanyl-tabletter\"}]},{\"@type\":\"WebSite\",\"@id\":\"https:\\\/\\\/medicinasinc.com\\\/da\\\/#website\",\"url\":\"https:\\\/\\\/medicinasinc.com\\\/da\\\/\",\"name\":\"Medicinas Inc\",\"description\":\"Health Medical Clinic\",\"potentialAction\":[{\"@type\":\"SearchAction\",\"target\":{\"@type\":\"EntryPoint\",\"urlTemplate\":\"https:\\\/\\\/medicinasinc.com\\\/da\\\/?s={search_term_string}\"},\"query-input\":{\"@type\":\"PropertyValueSpecification\",\"valueRequired\":true,\"valueName\":\"search_term_string\"}}],\"inLanguage\":\"en-US\"}]}<\/script>\n<!-- \/ Yoast SEO plugin. -->","yoast_head_json":{"title":"K\u00f8b Fentanyl Tabletter - Fentanyl piller - Bedste globale medicin","description":"K\u00f8b Fentanyl tabletter til salg UK, EU Europa i vores online butik med hurtig levering over hele verden! Den bedste Fentanyl til bestilling finder du her!","robots":{"index":"index","follow":"follow","max-snippet":"max-snippet:-1","max-image-preview":"max-image-preview:large","max-video-preview":"max-video-preview:-1"},"canonical":"https:\/\/medicinasinc.com\/da\/product\/kob-fentanyl-tabletter\/","og_locale":"en_US","og_type":"article","og_title":"K\u00f8b Fentanyl Tabletter - Fentanyl piller - Bedste globale medicin","og_description":"K\u00f8b Fentanyl tabletter til salg UK, EU Europa i vores online butik med hurtig levering over hele verden! Den bedste Fentanyl til bestilling finder du her!","og_url":"https:\/\/medicinasinc.com\/da\/product\/kob-fentanyl-tabletter\/","og_site_name":"Medicinas Inc","article_modified_time":"2022-03-20T00:34:01+00:00","og_image":[{"width":600,"height":600,"url":"https:\/\/medicinasinc.com\/da\/wp-content\/uploads\/sites\/8\/2022\/02\/Buy-Fentanyl-Tablets.jpg","type":"image\/jpeg"}],"twitter_card":"summary_large_image","twitter_misc":{"Est. reading time":"2 minutes"},"schema":{"@context":"https:\/\/schema.org","@graph":[{"@type":"WebPage","@id":"https:\/\/medicinasinc.com\/da\/product\/kob-fentanyl-tabletter\/","url":"https:\/\/medicinasinc.com\/da\/product\/kob-fentanyl-tabletter\/","name":"K\u00f8b Fentanyl Tabletter - Fentanyl piller - Bedste globale medicin","isPartOf":{"@id":"https:\/\/medicinasinc.com\/da\/#website"},"primaryImageOfPage":{"@id":"https:\/\/medicinasinc.com\/da\/product\/kob-fentanyl-tabletter\/#primaryimage"},"image":{"@id":"https:\/\/medicinasinc.com\/da\/product\/kob-fentanyl-tabletter\/#primaryimage"},"thumbnailUrl":"https:\/\/medicinasinc.com\/da\/wp-content\/uploads\/sites\/8\/2022\/02\/Buy-Fentanyl-Tablets.jpg","datePublished":"2022-02-22T01:02:44+00:00","dateModified":"2022-03-20T00:34:01+00:00","description":"K\u00f8b Fentanyl tabletter til salg UK, EU Europa i vores online butik med hurtig levering over hele verden! Den bedste Fentanyl til bestilling finder du her!","breadcrumb":{"@id":"https:\/\/medicinasinc.com\/da\/product\/kob-fentanyl-tabletter\/#breadcrumb"},"inLanguage":"en-US","potentialAction":[{"@type":"ReadAction","target":["https:\/\/medicinasinc.com\/da\/product\/kob-fentanyl-tabletter\/"]}]},{"@type":"ImageObject","inLanguage":"en-US","@id":"https:\/\/medicinasinc.com\/da\/product\/kob-fentanyl-tabletter\/#primaryimage","url":"https:\/\/medicinasinc.com\/da\/wp-content\/uploads\/sites\/8\/2022\/02\/Buy-Fentanyl-Tablets.jpg","contentUrl":"https:\/\/medicinasinc.com\/da\/wp-content\/uploads\/sites\/8\/2022\/02\/Buy-Fentanyl-Tablets.jpg","width":600,"height":600},{"@type":"BreadcrumbList","@id":"https:\/\/medicinasinc.com\/da\/product\/kob-fentanyl-tabletter\/#breadcrumb","itemListElement":[{"@type":"ListItem","position":1,"name":"Butik","item":"https:\/\/medicinasinc.com\/da\/butik\/"},{"@type":"ListItem","position":2,"name":"K\u00f8b Fentanyl-tabletter"}]},{"@type":"WebSite","@id":"https:\/\/medicinasinc.com\/da\/#website","url":"https:\/\/medicinasinc.com\/da\/","name":"Medicinas Inc","description":"Health Medical Clinic","potentialAction":[{"@type":"SearchAction","target":{"@type":"EntryPoint","urlTemplate":"https:\/\/medicinasinc.com\/da\/?s={search_term_string}"},"query-input":{"@type":"PropertyValueSpecification","valueRequired":true,"valueName":"search_term_string"}}],"inLanguage":"en-US"}]}},"_links":{"self":[{"href":"https:\/\/medicinasinc.com\/da\/wp-json\/wp\/v2\/product\/5520","targetHints":{"allow":["GET"]}}],"collection":[{"href":"https:\/\/medicinasinc.com\/da\/wp-json\/wp\/v2\/product"}],"about":[{"href":"https:\/\/medicinasinc.com\/da\/wp-json\/wp\/v2\/types\/product"}],"replies":[{"embeddable":true,"href":"https:\/\/medicinasinc.com\/da\/wp-json\/wp\/v2\/comments?post=5520"}],"wp:featuredmedia":[{"embeddable":true,"href":"https:\/\/medicinasinc.com\/da\/wp-json\/wp\/v2\/media\/5529"}],"wp:attachment":[{"href":"https:\/\/medicinasinc.com\/da\/wp-json\/wp\/v2\/media?parent=5520"}],"wp:term":[{"taxonomy":"product_brand","embeddable":true,"href":"https:\/\/medicinasinc.com\/da\/wp-json\/wp\/v2\/product_brand?post=5520"},{"taxonomy":"product_cat","embeddable":true,"href":"https:\/\/medicinasinc.com\/da\/wp-json\/wp\/v2\/product_cat?post=5520"},{"taxonomy":"product_tag","embeddable":true,"href":"https:\/\/medicinasinc.com\/da\/wp-json\/wp\/v2\/product_tag?post=5520"}],"curies":[{"name":"wp","href":"https:\/\/api.w.org\/{rel}","templated":true}]}}