{"id":5497,"date":"2022-02-22T00:36:43","date_gmt":"2022-02-22T00:36:43","guid":{"rendered":"https:\/\/medicinasinc.com\/da\/?post_type=product&#038;p=5497"},"modified":"2022-03-20T00:34:09","modified_gmt":"2022-03-20T00:34:09","slug":"kob-etizolam-pulver","status":"publish","type":"product","link":"https:\/\/medicinasinc.com\/da\/product\/kob-etizolam-pulver\/","title":{"rendered":"K\u00f8b Etizolam pulver"},"content":{"rendered":"<p>Etizolams kemi<\/p>\n<p>Etizolams kemiske navn er &#8220;4-(2-chlorphenyl)-2-ethyl-9-methyl-6H-thieno[3,2-f][1,2,4] triazolo[4,3-a][1,4]diazepin.&#8221; Dette l\u00e6gemiddels molekylv\u00e6gt blev bestemt til at v\u00e6re 342,07 g\/mol, og dets renhed blev ansl\u00e5et til at v\u00e6re 99,5 procent eller h\u00f8jere i sine fineste former. Dette l\u00e6gemiddels molekyle har vist sig at v\u00e6re stabilt i mindst to eller tre \u00e5r ved stuetemperatur eller mellem 20oC og 25oC, hvilket er den anbefalede opbevaringstemperatur. P\u00e5 trods af dets status som et forskningskemikalie har l\u00e6ger ordineret Etizolam til behandling af angstpatienter.<\/p>\n<p>Etizolams oprindelse og udvikling<\/p>\n<p>Etizolam, som er et gr\u00e5t forskningskemikalie, debuterede i 2011 som et over- beroligende medicin. P\u00e5 grund af dets billige omkostninger, store udvalg af produkter og talrige applikationer er det efterf\u00f8lgende blevet et popul\u00e6rt valg for mange mennesker. Det vides ikke, hvor formlen kom fra, men den har v\u00e6ret knyttet til forskning fra 1990&#8217;erne.<\/p>\n<p>For at behandle det, der plager dig, kan Etizolam blive ordineret.<\/p>\n<p>Anti-depressiv medicin. , muskelafslappende og angstd\u00e6mpende virkninger er kendt for at opst\u00e5, n\u00e5r Etizolam administreres, og det er blevet ordineret til medicinsk brug i s\u00e5danne tilf\u00e6lde. Selvom denne effekt ikke viser sig hos alle brugere, har medicinen potentiale til at \u00f8ge sulten. Stresslindring og hukommelsesreorganisering er yderligere to veldokumenterede anvendelser af denne medicin. Af rekreative \u00e5rsager er stoffet kendt for at for\u00e5rsage effekter s\u00e5som ego-oppustning, f\u00f8lelsesm\u00e6ssig undertrykkelse og en \u00f8get f\u00f8lelse af \u00e6druelighed, blandt andet. Folk har ogs\u00e5 brugt det til rekreative form\u00e5l.<\/p>\n<p>Hvad Etizolam g\u00f8r ved din krop<\/p>\n<p>En lang r\u00e6kke mennesker, fra videnskabsm\u00e6nd til den brede offentlighed, har brugt medicinen. N\u00e5r den bruges, har medicinen en r\u00e6kke forskellige p\u00e5virkninger p\u00e5 kroppen, sindet og opfattelsen af \u200b\u200bens eget selv. Stoffet f\u00e5r dig til at f\u00f8le dig svag og ude af stand til at regulere din krop. Der er en stigning i personens evne til at tr\u00e6kke vejret frit, s\u00e5vel som fysisk lyksalighed. S\u00f8vnighed og s\u00f8vnmangel kan ogs\u00e5 forekomme som en bivirkning af medicinen. Derudover har stoffet kognitive p\u00e5virkninger, da det p\u00e5virker kroppens evne til at gennemf\u00f8re regelm\u00e6ssige operationer ved at forstyrre den motoriske nervefunktion. Hippocampus-regionen i hjernen kan blive p\u00e5virket, hvilket kan f\u00f8re til kortvarigt hukommelsestab.<\/p>\n<p>Medicinen neds\u00e6tter ogs\u00e5 ens motivation og energiniveau, og det har ogs\u00e5 en effekt p\u00e5 ens hjernes evne til at begribe tanker .<\/p>\n<p>Toksicitet kan ogs\u00e5 v\u00e6re for\u00e5rsaget af tilstedev\u00e6relsen af \u200b\u200bkontaminanter i medicinen.<\/p>\n<p>Etizolam: Anbefalet dosering og bivirkninger i klinisk praksis<\/p>\n<p>Fra 0,2 mg til 5 mg, er l\u00e6gemidlets dosismuligheder vidtsp\u00e6ndende. Lette doser af medicinen er mellem 0,2 mg og 1 mg, mens den mest almindeligt ordinerede m\u00e6ngde er mellem 1-2 mg. En h\u00f8j dosis er en, der overstiger eller er lig med 5 milligram.<\/p>\n<p>Som et resultat ender mange mennesker med at tage en h\u00f8jere dosis for at opleve hele spektret af gunstige virkninger, som medicinen har v\u00e6ret opf\u00f8rt for . En h\u00f8jere dosis kan have en bredere r\u00e6kke af virkninger, men den har ogs\u00e5 mere farlige bivirkninger, s\u00e5som st\u00f8rre skader eller d\u00f8dsfald under de mest ekstreme omst\u00e6ndigheder.<\/p>\n<p>Det er lovligt at tage Etizolam<\/p>\n<p>P\u00e5 trods af dets klassificering som et kontrolleret og planlagt-I-stof er stoffets fremstilling, levering og besiddelse ikke forbudt i de fleste lande.<\/p>\n<p>Ved du, hvor man kan f\u00e5 fat i Etizolam-pulver?<\/p>\n<p>For laboratorier, apoteker, forskningsinstitutioner og mennesker tilbyder vores online medicinbutik FUB af h\u00f8j kvalitet \u2013 AKB48 til en rimelig pris.<\/p>\n","protected":false},"excerpt":{"rendered":"<div class=\"woocommerce-product-details__short-description\">\n<p>K\u00f8b Etizolam-pulver til salg Storbritannien, EU, Europa\u00a0tilg\u00e6ngelig til den laveste pris. Etizolam-pulver bruges som medicin til at behandle angst, s\u00f8vnl\u00f8shed og panikanfald.<\/p>\n<p>Etizolam-pulver kan k\u00f8bes online. Hvor kan man k\u00f8be Etizolam-pulver online?<\/p>\n<p>Etizolam-pulver af h\u00f8jeste kvalitet er tilg\u00e6ngeligt fra BestGlobalMeds.com, det mest p\u00e5lidelige internetapotek.<\/p>\n<p>Ud over Etizolam, andre m\u00e6rkenavne for det omfatter Etilaam og Etizest. Etizolam er en syntetisk designer-analog af thienodiazepin, der har depressive egenskaber, der kan sammenlignes med benzodiazepiner med hensyn til at reducere angst, stress og fremme muskelafslapning. Ud over tabletter, pulver og opl\u00f8sning er det et popul\u00e6rt forskningskemikalie.<\/p>\n<\/p><\/div>\n","protected":false},"featured_media":5509,"comment_status":"open","ping_status":"closed","template":"","meta":[],"product_brand":[],"product_cat":[2014],"product_tag":[2898,2933,2899,2904,2905,2906,2907,2912,2913,2927,2959,2958,2915,2916,2917,2921,2922,2923,2928,2929,2930,2935,2936,2937,2941,2942,2943,2944,2949,2950,2951,2952,2953,2924,2940,2920,2926,2934,2925,2946,2938,2939,2931,2932,2945,2947,2948,2955,2918,2919,2956,2957,2964,2968,2963,2969,2970,2971,2967,2966,2965,2900,2901,2902,2954,2910,2903,2909,2908,2911,2914,2961,2960,2962,2972],"class_list":{"0":"post-5497","1":"product","2":"type-product","3":"status-publish","4":"has-post-thumbnail","6":"product_cat-kb-forskningskemikalier","7":"product_tag-etizolam-pulver-1-g","8":"product_tag-etizolam-pulver-til-salg-anmeldelser","9":"product_tag-buy-aniracetam-powder","10":"product_tag-buy-etizolam-powder-by-the-gram-usa","11":"product_tag-buy-etizolam-powder-online","12":"product_tag-buy-etizolam-powder-uk","13":"product_tag-buy-etizolam-powder-usa","14":"product_tag-buy-etizolam-usa-overnight-delivery","15":"product_tag-buy-etizolam-with-paypal","16":"product_tag-etizolam-pulver-dosis","17":"product_tag-er-etizolam-sikker","18":"product_tag-er-etizolam-vanedannende-og-hvorfor-er-etizolam-misbruges","19":"product_tag-etizolam-1","20":"product_tag-etizol-30-ml","21":"product_tag-etizolam-dosering","22":"product_tag-etizolam-powder-buy","23":"product_tag-etizolam-powder-canada","24":"product_tag-etizolam-powder-china","25":"product_tag-etizolam-powder-dosing","26":"product_tag-etizolam-powder-eu","27":"product_tag-etizolam-powder-europe","28":"product_tag-etizolam-powder-measurement","29":"product_tag-etizolam-powder-online","30":"product_tag-etizolam-powder-price","31":"product_tag-etizolam-pulver-site","32":"product_tag-etizolam-powder-solubility","33":"product_tag-etizolam-powder-taste","34":"product_tag-etizolam-powder-to-solution","35":"product_tag-etizolam-powder-usa-vendor","36":"product_tag-etizolam-powder-uses","37":"product_tag-etizolam-powder-vendor","38":"product_tag-etizolam-powder-wholesale","39":"product_tag-etizolam-pulver","40":"product_tag-etizol-pulver-by","41":"product_tag-etizolam-pulver-anmeldelse","42":"product_tag-etizolam-pulver-australien","43":"product_tag-etizolam-pulver-dosering","44":"product_tag-etizolam-pulver-hj","45":"product_tag-etizolam-pulver-kreditkort","46":"product_tag-etizolam-pulver-us","47":"product_tag-etizolam-pulver-priser","48":"product_tag-etizolam-powder-reddit","49":"product_tag-etizolam-pulver-til-salg","50":"product_tag-etizolam-pulver-til-salg-kina","51":"product_tag-etizolam-pulver-dk","52":"product_tag-etizolam-pulver-usa","53":"product_tag-etizolam-pulver-usa-leverandr-c3-b8r","54":"product_tag-etizolam-tabletter","55":"product_tag-etizolam-til-salg-usa","56":"product_tag-etizolam-vske","57":"product_tag-etizolam-xanax-powder","58":"product_tag-how-to-ingest-etizolam-powder","59":"product_tag-hvad-bruger-mennesker-normalt-etizolam-til","60":"product_tag-hvad-er-betydningen-af-etizolam-vske","61":"product_tag-hvad-er-de-oplsningsmidler-brugt-til-konvertere-etizolam","62":"product_tag-hvor-kan-kbes-etizolam","63":"product_tag-hvor-kan-kbes-etizolam-online","64":"product_tag-hvor-kan-kbes-etizolam-pulver","65":"product_tag-hvad-er-etizolam-hj-lignende","66":"product_tag-hvad-er-etizolam-lignende","67":"product_tag-hvad-smager-etizolam-pulver","68":"product_tag-kb-etizolam-japan","69":"product_tag-kb-etizolam-online-forenede-stater","70":"product_tag-kb-etizolam-online-usa","71":"product_tag-etizolam-lsning-kb","72":"product_tag-kb-etizol-kraft","73":"product_tag-kb-etizol-pulver","74":"product_tag-kb-etizolam-pulver","75":"product_tag-k-c3-b8b-etizolam-pulver-usa-med-kreditkort","76":"product_tag-kb-etizolam-usa-indenlandsk","77":"product_tag-kb-vske-etizolam-usa","78":"product_tag-leje-etizol-pulver","79":"product_tag-pulver-i-en-oplsning","80":"product_tag-reddit-etizolam-leverandrer","81":"product_tag-vil-etizolam-pulver-oplses-i-olivenolie","83":"first","84":"instock","85":"shipping-taxable","86":"purchasable","87":"product-type-variable","88":"has-default-attributes"},"yoast_head":"<!-- This site is optimized with the Yoast SEO plugin v27.3 - https:\/\/yoast.com\/product\/yoast-seo-wordpress\/ -->\n<title>K\u00f8b Etizolam pulver - Etizolam pulver Europa - Bedste globale medicin<\/title>\n<meta name=\"description\" content=\"K\u00f8b Etizolam-pulver til salg Storbritannien, EU, Europa\u00a0tilg\u00e6ngelig til den laveste pris. Etizolam-pulver bruges som medicin til behandling af angst, s\u00f8vnl\u00f8shed og panikanfald.\" \/>\n<meta name=\"robots\" content=\"index, follow, max-snippet:-1, max-image-preview:large, max-video-preview:-1\" \/>\n<link rel=\"canonical\" href=\"https:\/\/medicinasinc.com\/da\/product\/kob-etizolam-pulver\/\" \/>\n<meta property=\"og:locale\" content=\"en_US\" \/>\n<meta property=\"og:type\" content=\"article\" \/>\n<meta property=\"og:title\" content=\"K\u00f8b Etizolam pulver - Etizolam pulver Europa - Bedste globale medicin\" \/>\n<meta property=\"og:description\" content=\"K\u00f8b Etizolam-pulver til salg Storbritannien, EU, Europa\u00a0tilg\u00e6ngelig til den laveste pris. Etizolam-pulver bruges som medicin til behandling af angst, s\u00f8vnl\u00f8shed og panikanfald.\" \/>\n<meta property=\"og:url\" content=\"https:\/\/medicinasinc.com\/da\/product\/kob-etizolam-pulver\/\" \/>\n<meta property=\"og:site_name\" content=\"Medicinas Inc\" \/>\n<meta property=\"article:modified_time\" content=\"2022-03-20T00:34:09+00:00\" \/>\n<meta property=\"og:image\" content=\"https:\/\/medicinasinc.com\/da\/wp-content\/uploads\/sites\/8\/2022\/02\/Buy_Etizolam_powder.jpg\" \/>\n\t<meta property=\"og:image:width\" content=\"500\" \/>\n\t<meta property=\"og:image:height\" content=\"500\" \/>\n\t<meta property=\"og:image:type\" content=\"image\/jpeg\" \/>\n<meta name=\"twitter:card\" content=\"summary_large_image\" \/>\n<meta name=\"twitter:label1\" content=\"Est. reading time\" \/>\n\t<meta name=\"twitter:data1\" content=\"3 minutes\" \/>\n<script type=\"application\/ld+json\" class=\"yoast-schema-graph\">{\"@context\":\"https:\\\/\\\/schema.org\",\"@graph\":[{\"@type\":\"WebPage\",\"@id\":\"https:\\\/\\\/medicinasinc.com\\\/da\\\/product\\\/kob-etizolam-pulver\\\/\",\"url\":\"https:\\\/\\\/medicinasinc.com\\\/da\\\/product\\\/kob-etizolam-pulver\\\/\",\"name\":\"K\u00f8b Etizolam pulver - Etizolam pulver Europa - Bedste globale medicin\",\"isPartOf\":{\"@id\":\"https:\\\/\\\/medicinasinc.com\\\/da\\\/#website\"},\"primaryImageOfPage\":{\"@id\":\"https:\\\/\\\/medicinasinc.com\\\/da\\\/product\\\/kob-etizolam-pulver\\\/#primaryimage\"},\"image\":{\"@id\":\"https:\\\/\\\/medicinasinc.com\\\/da\\\/product\\\/kob-etizolam-pulver\\\/#primaryimage\"},\"thumbnailUrl\":\"https:\\\/\\\/medicinasinc.com\\\/da\\\/wp-content\\\/uploads\\\/sites\\\/8\\\/2022\\\/02\\\/Buy_Etizolam_powder.jpg\",\"datePublished\":\"2022-02-22T00:36:43+00:00\",\"dateModified\":\"2022-03-20T00:34:09+00:00\",\"description\":\"K\u00f8b Etizolam-pulver til salg Storbritannien, EU, Europa\u00a0tilg\u00e6ngelig til den laveste pris. Etizolam-pulver bruges som medicin til behandling af angst, s\u00f8vnl\u00f8shed og panikanfald.\",\"breadcrumb\":{\"@id\":\"https:\\\/\\\/medicinasinc.com\\\/da\\\/product\\\/kob-etizolam-pulver\\\/#breadcrumb\"},\"inLanguage\":\"en-US\",\"potentialAction\":[{\"@type\":\"ReadAction\",\"target\":[\"https:\\\/\\\/medicinasinc.com\\\/da\\\/product\\\/kob-etizolam-pulver\\\/\"]}]},{\"@type\":\"ImageObject\",\"inLanguage\":\"en-US\",\"@id\":\"https:\\\/\\\/medicinasinc.com\\\/da\\\/product\\\/kob-etizolam-pulver\\\/#primaryimage\",\"url\":\"https:\\\/\\\/medicinasinc.com\\\/da\\\/wp-content\\\/uploads\\\/sites\\\/8\\\/2022\\\/02\\\/Buy_Etizolam_powder.jpg\",\"contentUrl\":\"https:\\\/\\\/medicinasinc.com\\\/da\\\/wp-content\\\/uploads\\\/sites\\\/8\\\/2022\\\/02\\\/Buy_Etizolam_powder.jpg\",\"width\":500,\"height\":500},{\"@type\":\"BreadcrumbList\",\"@id\":\"https:\\\/\\\/medicinasinc.com\\\/da\\\/product\\\/kob-etizolam-pulver\\\/#breadcrumb\",\"itemListElement\":[{\"@type\":\"ListItem\",\"position\":1,\"name\":\"Butik\",\"item\":\"https:\\\/\\\/medicinasinc.com\\\/da\\\/butik\\\/\"},{\"@type\":\"ListItem\",\"position\":2,\"name\":\"K\u00f8b Etizolam pulver\"}]},{\"@type\":\"WebSite\",\"@id\":\"https:\\\/\\\/medicinasinc.com\\\/da\\\/#website\",\"url\":\"https:\\\/\\\/medicinasinc.com\\\/da\\\/\",\"name\":\"Medicinas Inc\",\"description\":\"Health Medical Clinic\",\"potentialAction\":[{\"@type\":\"SearchAction\",\"target\":{\"@type\":\"EntryPoint\",\"urlTemplate\":\"https:\\\/\\\/medicinasinc.com\\\/da\\\/?s={search_term_string}\"},\"query-input\":{\"@type\":\"PropertyValueSpecification\",\"valueRequired\":true,\"valueName\":\"search_term_string\"}}],\"inLanguage\":\"en-US\"}]}<\/script>\n<!-- \/ Yoast SEO plugin. -->","yoast_head_json":{"title":"K\u00f8b Etizolam pulver - Etizolam pulver Europa - Bedste globale medicin","description":"K\u00f8b Etizolam-pulver til salg Storbritannien, EU, Europa\u00a0tilg\u00e6ngelig til den laveste pris. Etizolam-pulver bruges som medicin til behandling af angst, s\u00f8vnl\u00f8shed og panikanfald.","robots":{"index":"index","follow":"follow","max-snippet":"max-snippet:-1","max-image-preview":"max-image-preview:large","max-video-preview":"max-video-preview:-1"},"canonical":"https:\/\/medicinasinc.com\/da\/product\/kob-etizolam-pulver\/","og_locale":"en_US","og_type":"article","og_title":"K\u00f8b Etizolam pulver - Etizolam pulver Europa - Bedste globale medicin","og_description":"K\u00f8b Etizolam-pulver til salg Storbritannien, EU, Europa\u00a0tilg\u00e6ngelig til den laveste pris. Etizolam-pulver bruges som medicin til behandling af angst, s\u00f8vnl\u00f8shed og panikanfald.","og_url":"https:\/\/medicinasinc.com\/da\/product\/kob-etizolam-pulver\/","og_site_name":"Medicinas Inc","article_modified_time":"2022-03-20T00:34:09+00:00","og_image":[{"width":500,"height":500,"url":"https:\/\/medicinasinc.com\/da\/wp-content\/uploads\/sites\/8\/2022\/02\/Buy_Etizolam_powder.jpg","type":"image\/jpeg"}],"twitter_card":"summary_large_image","twitter_misc":{"Est. reading time":"3 minutes"},"schema":{"@context":"https:\/\/schema.org","@graph":[{"@type":"WebPage","@id":"https:\/\/medicinasinc.com\/da\/product\/kob-etizolam-pulver\/","url":"https:\/\/medicinasinc.com\/da\/product\/kob-etizolam-pulver\/","name":"K\u00f8b Etizolam pulver - Etizolam pulver Europa - Bedste globale medicin","isPartOf":{"@id":"https:\/\/medicinasinc.com\/da\/#website"},"primaryImageOfPage":{"@id":"https:\/\/medicinasinc.com\/da\/product\/kob-etizolam-pulver\/#primaryimage"},"image":{"@id":"https:\/\/medicinasinc.com\/da\/product\/kob-etizolam-pulver\/#primaryimage"},"thumbnailUrl":"https:\/\/medicinasinc.com\/da\/wp-content\/uploads\/sites\/8\/2022\/02\/Buy_Etizolam_powder.jpg","datePublished":"2022-02-22T00:36:43+00:00","dateModified":"2022-03-20T00:34:09+00:00","description":"K\u00f8b Etizolam-pulver til salg Storbritannien, EU, Europa\u00a0tilg\u00e6ngelig til den laveste pris. Etizolam-pulver bruges som medicin til behandling af angst, s\u00f8vnl\u00f8shed og panikanfald.","breadcrumb":{"@id":"https:\/\/medicinasinc.com\/da\/product\/kob-etizolam-pulver\/#breadcrumb"},"inLanguage":"en-US","potentialAction":[{"@type":"ReadAction","target":["https:\/\/medicinasinc.com\/da\/product\/kob-etizolam-pulver\/"]}]},{"@type":"ImageObject","inLanguage":"en-US","@id":"https:\/\/medicinasinc.com\/da\/product\/kob-etizolam-pulver\/#primaryimage","url":"https:\/\/medicinasinc.com\/da\/wp-content\/uploads\/sites\/8\/2022\/02\/Buy_Etizolam_powder.jpg","contentUrl":"https:\/\/medicinasinc.com\/da\/wp-content\/uploads\/sites\/8\/2022\/02\/Buy_Etizolam_powder.jpg","width":500,"height":500},{"@type":"BreadcrumbList","@id":"https:\/\/medicinasinc.com\/da\/product\/kob-etizolam-pulver\/#breadcrumb","itemListElement":[{"@type":"ListItem","position":1,"name":"Butik","item":"https:\/\/medicinasinc.com\/da\/butik\/"},{"@type":"ListItem","position":2,"name":"K\u00f8b Etizolam pulver"}]},{"@type":"WebSite","@id":"https:\/\/medicinasinc.com\/da\/#website","url":"https:\/\/medicinasinc.com\/da\/","name":"Medicinas Inc","description":"Health Medical Clinic","potentialAction":[{"@type":"SearchAction","target":{"@type":"EntryPoint","urlTemplate":"https:\/\/medicinasinc.com\/da\/?s={search_term_string}"},"query-input":{"@type":"PropertyValueSpecification","valueRequired":true,"valueName":"search_term_string"}}],"inLanguage":"en-US"}]}},"_links":{"self":[{"href":"https:\/\/medicinasinc.com\/da\/wp-json\/wp\/v2\/product\/5497","targetHints":{"allow":["GET"]}}],"collection":[{"href":"https:\/\/medicinasinc.com\/da\/wp-json\/wp\/v2\/product"}],"about":[{"href":"https:\/\/medicinasinc.com\/da\/wp-json\/wp\/v2\/types\/product"}],"replies":[{"embeddable":true,"href":"https:\/\/medicinasinc.com\/da\/wp-json\/wp\/v2\/comments?post=5497"}],"wp:featuredmedia":[{"embeddable":true,"href":"https:\/\/medicinasinc.com\/da\/wp-json\/wp\/v2\/media\/5509"}],"wp:attachment":[{"href":"https:\/\/medicinasinc.com\/da\/wp-json\/wp\/v2\/media?parent=5497"}],"wp:term":[{"taxonomy":"product_brand","embeddable":true,"href":"https:\/\/medicinasinc.com\/da\/wp-json\/wp\/v2\/product_brand?post=5497"},{"taxonomy":"product_cat","embeddable":true,"href":"https:\/\/medicinasinc.com\/da\/wp-json\/wp\/v2\/product_cat?post=5497"},{"taxonomy":"product_tag","embeddable":true,"href":"https:\/\/medicinasinc.com\/da\/wp-json\/wp\/v2\/product_tag?post=5497"}],"curies":[{"name":"wp","href":"https:\/\/api.w.org\/{rel}","templated":true}]}}