{"id":5496,"date":"2022-02-22T00:34:51","date_gmt":"2022-02-22T00:34:51","guid":{"rendered":"https:\/\/medicinasinc.com\/da\/?post_type=product&#038;p=5496"},"modified":"2022-03-20T00:34:18","modified_gmt":"2022-03-20T00:34:18","slug":"kob-fentanyl-citrat-injektion","status":"publish","type":"product","link":"https:\/\/medicinasinc.com\/da\/product\/kob-fentanyl-citrat-injektion\/","title":{"rendered":"K\u00f8b Fentanyl Citrate Injection"},"content":{"rendered":"<p>Den indeholder et fentanylcitrat svarende til en dosis p\u00e5 50 mikrogram pr. milliliter.<\/p>\n<p>Fentanylcitrat, 100 mikrogram pr. 2 ml ampul, er den aktive ingrediens i hver ampul.<\/p>\n<p> Der er ca. 500 mikrogram fentanylcitrat i hver 10 ml ampul.<\/p>\n<p>Fentanylcitrat, 2500 mikrogram pr. h\u00e6tteglas, er indeholdt i hvert h\u00e6tteglas.<\/p>\n<p>&nbsp;<\/p>\n<p> F\u00f8lgende er i denne medicin:<\/p>\n<p>\u2022 Hver 2 ml ampul indeholder 7,1 mg (eller 0,31 mmol) natrium, hvilket g\u00f8r den i det v\u00e6sentlige &#8220;natriumfri.&#8221;<\/p>\n<p>Hver 10 ml ampul indeholder 35,4 mg (eller 1,54 mmol) natrium, hvilket svarer til 2 % af WHOs anbefalede maksimale daglige indtag for en voksen p\u00e5 2 g natrium.<\/p>\n<p>9 procent af Verdenssundhedsorganisationens anbefalede maksimale daglige forbrug. 2 gram natrium til en voksen findes i et 50 ml h\u00e6tteglas indeholdende 177 mg natrium.<\/p>\n<p>Opioidanalgetikum fentanyl anvendes:<\/p>\n<p>&#8211; i beskedne doser til korte kirurgiske indgreb for at give smertestillende<\/p>\n<p>i l\u00f8bet af livet -besparende behandling til patienter, der er afh\u00e6ngige af ventilatorer<\/p>\n<p>bruger neuroleptika som en del af neuroleptanalgesi-tilgangen<\/p>\n<p>myokardieinfarktets smertefulde symptomer kan lindres ved brug af opioider<\/p>\n<p>Diskuter med patienter behovet for en afslutningsstrategi med fentanyl, f\u00f8r opioidbehandling p\u00e5begyndes, for at minimere risikoen for afh\u00e6ngighed og medicinabstinenssyndrom (se pkt. 4.4).<\/p>\n<p>Intraven\u00f8s bolus eller infusion administration.<\/p>\n<p>Subkutan injektion.<\/p>\n<p>S\u00e5 l\u00e6nge patientens luftveje kan reguleres, b\u00f8r fentanyl kun administreres i et kontrolleret milj\u00f8 (se pkt. 4.4 S\u00e6rlige advarsler og forsigtighedsregler vedr\u00f8rende brugen). <\/p>\n<p>Det foresl\u00e5s, at en kort intraven\u00f8s dosis af et anti-cholinergikum administreres lige f\u00f8r an\u00e6stesiinduktion for at undg\u00e5 bradykardi.<\/p>\n<p>Det anbefales at b\u00e6re handsker, mens ampullen \u00e5bnes.<\/p>\n","protected":false},"excerpt":{"rendered":"<p>K\u00f8b Fentanyl Citrate Injection 50 mikrogram\/ml Injection til salg fra de bedste forskningslaboratorier i Storbritannien, Europa, Kina, EU. Diskret forsendelse p\u00e5 alle ordre %100 garanti, Bestil Fentanyl 50ml<\/p>\n<p>K\u00f8b 50 mikrogram\/ml Fentanyl Citrate Injection fra de f\u00f8rende forskningslaboratorier i Storbritannien, Europa, Kina og EU. Bestil Fentanyl 50mg med fuld tillid, vel vidende at din pakke ankommer diskret.<\/p>\n<p>Injektion af Fentanyl 50 mikrogram\/ml.<br \/> Injektion af Fentanyl, 100 mikrogram i 2 milliliter v\u00e6ske<br \/> Injektion af Fentanyl 250 mikrogram\/ml.<br \/> Injektion af Fentanyl 500 mikrogram\/10ml<br \/> Injektion af Fentanyl 1000 mikrogram\/20ml<br \/> Injektion af Fentanyl 2500 mikrogram\/50 ml<\/p>\n<p>Den indeholder en fentanylcitrat svarende til en dosis p\u00e5 50 mikrogram pr. milliliter.<\/p>\n<p>Fentanylcitrat, 100 mikrogram pr. 2 ml ampul, er den aktive ingrediens i hver ampul.<\/p>\n<p>Ca. 500 mikrogram fentanylcitrat er indeholdt i hver 10 ml ampul.<\/p>\n<p>Fentanylcitrat, 2500 mikrogram pr. h\u00e6tteglas, er indeholdt i hvert h\u00e6tteglas.<\/p>\n","protected":false},"featured_media":5507,"comment_status":"open","ping_status":"closed","template":"","meta":[],"product_brand":[],"product_cat":[2014],"product_tag":[2893,2892,2869,2870,2871,2872,2877,2878,2879,2880,2881,2882,2883,2885,2884,2886,2887,2888,2889,2890,2897,2895,2896,2891,2867,2868,2873,2874,2875,2876,2894],"class_list":{"0":"post-5496","1":"product","2":"type-product","3":"status-publish","4":"has-post-thumbnail","6":"product_cat-kb-forskningskemikalier","7":"product_tag-bestil-fentanyl-citrat-injektion-online","8":"product_tag-ordre-fentanyl-citrat-injektion","9":"product_tag-buy-fentanyl-1000-microgram-20ml-injection","10":"product_tag-buy-fentanyl-1000-microgram-20ml-injection-online","11":"product_tag-buy-fentanyl-250-microgram-5ml-injection","12":"product_tag-buy-fentanyl-250-microgram-5ml-injection-online","13":"product_tag-buy-fentanyl-500-microgram-10ml-injection-online","14":"product_tag-buy-fentanyl-citrate-injection","15":"product_tag-buy-fentanyl-citrate-injection-online","16":"product_tag-fentanyl-100-mikrogram-2ml-injektion","17":"product_tag-fentanyl-1000-microgram-20ml-injection","18":"product_tag-fentanyl-250-microgram-5ml-injection","19":"product_tag-fentanyl-2500-mikrogram-50ml-injektion","20":"product_tag-fentanyl-50-micrograms-ml-injection","21":"product_tag-fentanyl-50-mikrogram-ml-injektion","22":"product_tag-fentanyl-50-mikrogram-ml-oplsning-til-injektion","23":"product_tag-fentanyl-500-mikrogram-10ml-injektion","24":"product_tag-fentanylcitrat-injektion","25":"product_tag-fentanylcitrat-injektionspriser","26":"product_tag-how-to-buy-fentanyl-citrate-injection-online","27":"product_tag-hvor-kan-bestilles-fentanyl-citrat-injektion-online","28":"product_tag-hvor-kan-kbes-fentanyl-citrat-injektion","29":"product_tag-hvor-kan-kbes-fentanyl-citrat-injektion-online","30":"product_tag-hvordan-bestiller-man-fentanyl-citrat-injektion-online","31":"product_tag-k-c3-b8b-fentanyl-100-mikrogram-2ml-injektion","32":"product_tag-kb-fentanyl-100-mikrogram-2ml-injection-online","33":"product_tag-k-c3-b8b-fentanyl-2500-mikrogram-50ml-injektion","34":"product_tag-kb-fentanyl-2500-mikrogram-50ml-injection-online","35":"product_tag-kb-fentanyl-50-mikrogram-ml-injection-online","36":"product_tag-k-c3-b8b-fentanyl-500-mikrogram-10ml-injektion","37":"product_tag-priser-p-fentanyl-citrat-injektion","39":"first","40":"instock","41":"shipping-taxable","42":"purchasable","43":"product-type-variable"},"yoast_head":"<!-- This site is optimized with the Yoast SEO plugin v27.3 - https:\/\/yoast.com\/product\/yoast-seo-wordpress\/ -->\n<title>K\u00f8b Fentanyl Citrate Injection - Bedste bedste globale medicin<\/title>\n<meta name=\"description\" content=\"K\u00f8b Fentanyl Citrate Injection 50 mikrogram\/ml Injection til salg fra de bedste forskningslaboratorier i Storbritannien, Europa, Kina, EU. Diskret forsendelse p\u00e5 alle ordre 0 garanti, Bestil Fentanyl 50ml\" \/>\n<meta name=\"robots\" content=\"index, follow, max-snippet:-1, max-image-preview:large, max-video-preview:-1\" \/>\n<link rel=\"canonical\" href=\"https:\/\/medicinasinc.com\/da\/product\/kob-fentanyl-citrat-injektion\/\" \/>\n<meta property=\"og:locale\" content=\"en_US\" \/>\n<meta property=\"og:type\" content=\"article\" \/>\n<meta property=\"og:title\" content=\"K\u00f8b Fentanyl Citrate Injection - Bedste bedste globale medicin\" \/>\n<meta property=\"og:description\" content=\"K\u00f8b Fentanyl Citrate Injection 50 mikrogram\/ml Injection til salg fra de bedste forskningslaboratorier i Storbritannien, Europa, Kina, EU. Diskret forsendelse p\u00e5 alle ordre 0 garanti, Bestil Fentanyl 50ml\" \/>\n<meta property=\"og:url\" content=\"https:\/\/medicinasinc.com\/da\/product\/kob-fentanyl-citrat-injektion\/\" \/>\n<meta property=\"og:site_name\" content=\"Medicinas Inc\" \/>\n<meta property=\"article:modified_time\" content=\"2022-03-20T00:34:18+00:00\" \/>\n<meta property=\"og:image\" content=\"https:\/\/medicinasinc.com\/da\/wp-content\/uploads\/sites\/8\/2022\/02\/Fentanyl-50-microgram.jpg\" \/>\n\t<meta property=\"og:image:width\" content=\"1996\" \/>\n\t<meta property=\"og:image:height\" content=\"1128\" \/>\n\t<meta property=\"og:image:type\" content=\"image\/jpeg\" \/>\n<meta name=\"twitter:card\" content=\"summary_large_image\" \/>\n<meta name=\"twitter:label1\" content=\"Est. reading time\" \/>\n\t<meta name=\"twitter:data1\" content=\"2 minutes\" \/>\n<script type=\"application\/ld+json\" class=\"yoast-schema-graph\">{\"@context\":\"https:\\\/\\\/schema.org\",\"@graph\":[{\"@type\":\"WebPage\",\"@id\":\"https:\\\/\\\/medicinasinc.com\\\/da\\\/product\\\/kob-fentanyl-citrat-injektion\\\/\",\"url\":\"https:\\\/\\\/medicinasinc.com\\\/da\\\/product\\\/kob-fentanyl-citrat-injektion\\\/\",\"name\":\"K\u00f8b Fentanyl Citrate Injection - Bedste bedste globale medicin\",\"isPartOf\":{\"@id\":\"https:\\\/\\\/medicinasinc.com\\\/da\\\/#website\"},\"primaryImageOfPage\":{\"@id\":\"https:\\\/\\\/medicinasinc.com\\\/da\\\/product\\\/kob-fentanyl-citrat-injektion\\\/#primaryimage\"},\"image\":{\"@id\":\"https:\\\/\\\/medicinasinc.com\\\/da\\\/product\\\/kob-fentanyl-citrat-injektion\\\/#primaryimage\"},\"thumbnailUrl\":\"https:\\\/\\\/medicinasinc.com\\\/da\\\/wp-content\\\/uploads\\\/sites\\\/8\\\/2022\\\/02\\\/Fentanyl-50-microgram.jpg\",\"datePublished\":\"2022-02-22T00:34:51+00:00\",\"dateModified\":\"2022-03-20T00:34:18+00:00\",\"description\":\"K\u00f8b Fentanyl Citrate Injection 50 mikrogram\\\/ml Injection til salg fra de bedste forskningslaboratorier i Storbritannien, Europa, Kina, EU. Diskret forsendelse p\u00e5 alle ordre 0 garanti, Bestil Fentanyl 50ml\",\"breadcrumb\":{\"@id\":\"https:\\\/\\\/medicinasinc.com\\\/da\\\/product\\\/kob-fentanyl-citrat-injektion\\\/#breadcrumb\"},\"inLanguage\":\"en-US\",\"potentialAction\":[{\"@type\":\"ReadAction\",\"target\":[\"https:\\\/\\\/medicinasinc.com\\\/da\\\/product\\\/kob-fentanyl-citrat-injektion\\\/\"]}]},{\"@type\":\"ImageObject\",\"inLanguage\":\"en-US\",\"@id\":\"https:\\\/\\\/medicinasinc.com\\\/da\\\/product\\\/kob-fentanyl-citrat-injektion\\\/#primaryimage\",\"url\":\"https:\\\/\\\/medicinasinc.com\\\/da\\\/wp-content\\\/uploads\\\/sites\\\/8\\\/2022\\\/02\\\/Fentanyl-50-microgram.jpg\",\"contentUrl\":\"https:\\\/\\\/medicinasinc.com\\\/da\\\/wp-content\\\/uploads\\\/sites\\\/8\\\/2022\\\/02\\\/Fentanyl-50-microgram.jpg\",\"width\":1996,\"height\":1128},{\"@type\":\"BreadcrumbList\",\"@id\":\"https:\\\/\\\/medicinasinc.com\\\/da\\\/product\\\/kob-fentanyl-citrat-injektion\\\/#breadcrumb\",\"itemListElement\":[{\"@type\":\"ListItem\",\"position\":1,\"name\":\"Butik\",\"item\":\"https:\\\/\\\/medicinasinc.com\\\/da\\\/butik\\\/\"},{\"@type\":\"ListItem\",\"position\":2,\"name\":\"K\u00f8b Fentanyl Citrate Injection\"}]},{\"@type\":\"WebSite\",\"@id\":\"https:\\\/\\\/medicinasinc.com\\\/da\\\/#website\",\"url\":\"https:\\\/\\\/medicinasinc.com\\\/da\\\/\",\"name\":\"Medicinas Inc\",\"description\":\"Health Medical Clinic\",\"potentialAction\":[{\"@type\":\"SearchAction\",\"target\":{\"@type\":\"EntryPoint\",\"urlTemplate\":\"https:\\\/\\\/medicinasinc.com\\\/da\\\/?s={search_term_string}\"},\"query-input\":{\"@type\":\"PropertyValueSpecification\",\"valueRequired\":true,\"valueName\":\"search_term_string\"}}],\"inLanguage\":\"en-US\"}]}<\/script>\n<!-- \/ Yoast SEO plugin. -->","yoast_head_json":{"title":"K\u00f8b Fentanyl Citrate Injection - Bedste bedste globale medicin","description":"K\u00f8b Fentanyl Citrate Injection 50 mikrogram\/ml Injection til salg fra de bedste forskningslaboratorier i Storbritannien, Europa, Kina, EU. Diskret forsendelse p\u00e5 alle ordre 0 garanti, Bestil Fentanyl 50ml","robots":{"index":"index","follow":"follow","max-snippet":"max-snippet:-1","max-image-preview":"max-image-preview:large","max-video-preview":"max-video-preview:-1"},"canonical":"https:\/\/medicinasinc.com\/da\/product\/kob-fentanyl-citrat-injektion\/","og_locale":"en_US","og_type":"article","og_title":"K\u00f8b Fentanyl Citrate Injection - Bedste bedste globale medicin","og_description":"K\u00f8b Fentanyl Citrate Injection 50 mikrogram\/ml Injection til salg fra de bedste forskningslaboratorier i Storbritannien, Europa, Kina, EU. Diskret forsendelse p\u00e5 alle ordre 0 garanti, Bestil Fentanyl 50ml","og_url":"https:\/\/medicinasinc.com\/da\/product\/kob-fentanyl-citrat-injektion\/","og_site_name":"Medicinas Inc","article_modified_time":"2022-03-20T00:34:18+00:00","og_image":[{"width":1996,"height":1128,"url":"https:\/\/medicinasinc.com\/da\/wp-content\/uploads\/sites\/8\/2022\/02\/Fentanyl-50-microgram.jpg","type":"image\/jpeg"}],"twitter_card":"summary_large_image","twitter_misc":{"Est. reading time":"2 minutes"},"schema":{"@context":"https:\/\/schema.org","@graph":[{"@type":"WebPage","@id":"https:\/\/medicinasinc.com\/da\/product\/kob-fentanyl-citrat-injektion\/","url":"https:\/\/medicinasinc.com\/da\/product\/kob-fentanyl-citrat-injektion\/","name":"K\u00f8b Fentanyl Citrate Injection - Bedste bedste globale medicin","isPartOf":{"@id":"https:\/\/medicinasinc.com\/da\/#website"},"primaryImageOfPage":{"@id":"https:\/\/medicinasinc.com\/da\/product\/kob-fentanyl-citrat-injektion\/#primaryimage"},"image":{"@id":"https:\/\/medicinasinc.com\/da\/product\/kob-fentanyl-citrat-injektion\/#primaryimage"},"thumbnailUrl":"https:\/\/medicinasinc.com\/da\/wp-content\/uploads\/sites\/8\/2022\/02\/Fentanyl-50-microgram.jpg","datePublished":"2022-02-22T00:34:51+00:00","dateModified":"2022-03-20T00:34:18+00:00","description":"K\u00f8b Fentanyl Citrate Injection 50 mikrogram\/ml Injection til salg fra de bedste forskningslaboratorier i Storbritannien, Europa, Kina, EU. Diskret forsendelse p\u00e5 alle ordre 0 garanti, Bestil Fentanyl 50ml","breadcrumb":{"@id":"https:\/\/medicinasinc.com\/da\/product\/kob-fentanyl-citrat-injektion\/#breadcrumb"},"inLanguage":"en-US","potentialAction":[{"@type":"ReadAction","target":["https:\/\/medicinasinc.com\/da\/product\/kob-fentanyl-citrat-injektion\/"]}]},{"@type":"ImageObject","inLanguage":"en-US","@id":"https:\/\/medicinasinc.com\/da\/product\/kob-fentanyl-citrat-injektion\/#primaryimage","url":"https:\/\/medicinasinc.com\/da\/wp-content\/uploads\/sites\/8\/2022\/02\/Fentanyl-50-microgram.jpg","contentUrl":"https:\/\/medicinasinc.com\/da\/wp-content\/uploads\/sites\/8\/2022\/02\/Fentanyl-50-microgram.jpg","width":1996,"height":1128},{"@type":"BreadcrumbList","@id":"https:\/\/medicinasinc.com\/da\/product\/kob-fentanyl-citrat-injektion\/#breadcrumb","itemListElement":[{"@type":"ListItem","position":1,"name":"Butik","item":"https:\/\/medicinasinc.com\/da\/butik\/"},{"@type":"ListItem","position":2,"name":"K\u00f8b Fentanyl Citrate Injection"}]},{"@type":"WebSite","@id":"https:\/\/medicinasinc.com\/da\/#website","url":"https:\/\/medicinasinc.com\/da\/","name":"Medicinas Inc","description":"Health Medical Clinic","potentialAction":[{"@type":"SearchAction","target":{"@type":"EntryPoint","urlTemplate":"https:\/\/medicinasinc.com\/da\/?s={search_term_string}"},"query-input":{"@type":"PropertyValueSpecification","valueRequired":true,"valueName":"search_term_string"}}],"inLanguage":"en-US"}]}},"_links":{"self":[{"href":"https:\/\/medicinasinc.com\/da\/wp-json\/wp\/v2\/product\/5496","targetHints":{"allow":["GET"]}}],"collection":[{"href":"https:\/\/medicinasinc.com\/da\/wp-json\/wp\/v2\/product"}],"about":[{"href":"https:\/\/medicinasinc.com\/da\/wp-json\/wp\/v2\/types\/product"}],"replies":[{"embeddable":true,"href":"https:\/\/medicinasinc.com\/da\/wp-json\/wp\/v2\/comments?post=5496"}],"wp:featuredmedia":[{"embeddable":true,"href":"https:\/\/medicinasinc.com\/da\/wp-json\/wp\/v2\/media\/5507"}],"wp:attachment":[{"href":"https:\/\/medicinasinc.com\/da\/wp-json\/wp\/v2\/media?parent=5496"}],"wp:term":[{"taxonomy":"product_brand","embeddable":true,"href":"https:\/\/medicinasinc.com\/da\/wp-json\/wp\/v2\/product_brand?post=5496"},{"taxonomy":"product_cat","embeddable":true,"href":"https:\/\/medicinasinc.com\/da\/wp-json\/wp\/v2\/product_cat?post=5496"},{"taxonomy":"product_tag","embeddable":true,"href":"https:\/\/medicinasinc.com\/da\/wp-json\/wp\/v2\/product_tag?post=5496"}],"curies":[{"name":"wp","href":"https:\/\/api.w.org\/{rel}","templated":true}]}}