{"id":5495,"date":"2022-02-22T00:33:03","date_gmt":"2022-02-22T00:33:03","guid":{"rendered":"https:\/\/medicinasinc.com\/da\/?post_type=product&#038;p=5495"},"modified":"2022-03-20T00:34:29","modified_gmt":"2022-03-20T00:34:29","slug":"kob-fentanyl-pulver","status":"publish","type":"product","link":"https:\/\/medicinasinc.com\/da\/product\/kob-fentanyl-pulver\/","title":{"rendered":"K\u00f8b fentanylpulver"},"content":{"rendered":"<p>Online k\u00f8b af fentanylpulver<\/p>\n<p>Du kan muligvis f\u00e5 fentanylpulver til salg hos os til en god pris. F\u0435nt\u0430n\u0443l Powd\u0435r f\u00e5s i h\u00f8j renhed. Det er en fantastisk aftale! De mest effektive l\u00e6gemidler rundt om i verden<\/p>\n<p>Hvad er fentanylpulver?<\/p>\n<p>Fentanyl, ogs\u00e5 kendt som fentanil, er et opioid, der bruges som smertestillende middel og i kombination med anden bed\u00f8velsesmedicin . For det meste varer virkningerne mindre end en time eller to. Fentanyl er tilg\u00e6ngelig i en r\u00e6kke forskellige former, herunder injektioner, hudplastre og oral absorption. F\u0435nt\u0430n\u0443l er ogs\u00e5 lejlighedsvis tilg\u00e6ngelig som et pulver. Laboratorier bruger almindeligvis P\u043ewd\u0435r.<\/p>\n<p>&nbsp;<\/p>\n<p>K\u00f8b Fentanylpulver online hos Best globale medicin<\/p>\n<p>Du undrer dig m\u00e5ske p\u00e5 dette tidspunkt, hvad et opioid er. Opioider er en klasse af stoffer. Opioider er stoffer, der interagerer med opioidreceptorer for at frembringe opiumlignende effekter. Vicodin, oxycontin, oxycodon og percocet falder alle ind under denne kategori. Fentanyl indg\u00e5r ogs\u00e5 i beroligende midler. Et beroligende middel er en type medicin eller stof, der bruges til at berolige centralnervesystemet. Man kan sige, at fentanyl bruges til at berolige centralnervesystemet. u-47700 Powder er ogs\u00e5 et godt dempende middel. Det bedste sted at f\u00e5 Fentanyl er online.<\/p>\n<p>Kvalme, forstoppelse, tr\u00e6thed og forvirring er blandt de mest almindelige bivirkninger. Reduktion af indsatsen for at tr\u00e6kke vejret (respirationsdepression), serotoneinsyndrom og lavt blodtryk er alle mulige bivirkninger af l\u00e6gemidlet. Ved at aktivere -opioidreceptorerne virker fentanyl delvist. For en given m\u00e6ngde er den 75 gange st\u00e6rkere end morph. Nogle fentanylanaloger kan v\u00e6re 10.000 gange mere potente end morfin. Fentanylpulver til salg<\/p>\n","protected":false},"excerpt":{"rendered":"<p>Ved hj\u00e6lp af vores Bestglobalmeds.com hjemmeside kan du k\u00f8be FENTANYL POWDER til salg i Storbritannien og EU. Du vil finde den mest overkommelige FENTANYL her!<\/p>\n<p>Fentanyl i pulverform, blotter-papir og bulkfremstilling i Kina er nogle af de m\u00e5der, hvorp\u00e5 ikke-farmaceutisk fentanyl s\u00e6lges.<\/p>\n<p>Fentanyl bruges til at behandle smerter, der ikke kan lindres med anden medicin, s\u00e5som kroniske eller ulidelige smerter. En narkotisk smertestillende medicin, dette l\u00e6gemiddel er ordineret.<br \/> Vi sender diskret og giver en pengene-tilbage-garanti, n\u00e5r du bestiller din Fentanyl hos os.<\/p>\n","protected":false},"featured_media":5505,"comment_status":"open","ping_status":"closed","template":"","meta":[],"product_brand":[],"product_cat":[2014],"product_tag":[2856,2857,2858,2859,2841,2842,2861,2850,2851,2848,2854,2849,2852,2853,2862,2863,2864,2865,2866,2839,2840,2846,2844,2845,2843,2847,2860,2855],"class_list":{"0":"post-5495","1":"product","2":"type-product","3":"status-publish","4":"has-post-thumbnail","6":"product_cat-kb-forskningskemikalier","7":"product_tag-bestille-fentanyl-pulver-nr-mig","8":"product_tag-bestil-fentanyl-pulver-online","9":"product_tag-bestil-rent-fentanyl-hcl-pulver-online","10":"product_tag-bestil-rent-fentanyl-pulver-online","11":"product_tag-buy-fentanyl-online","12":"product_tag-buy-fentanyl-powder-on-dark-web","13":"product_tag-det-bedste-sted-at-kbe-fentanyl-pulver-online","14":"product_tag-fentanyl-powder-for-sale","15":"product_tag-fentanyl-powder-for-sale-online","16":"product_tag-fentanyl-pulver-effekt","17":"product_tag-fentanyl-pulver-forsendelse","18":"product_tag-fentanyl-pulver-europa","19":"product_tag-fentanylpulver-natten-over","20":"product_tag-fentanyl-pulver-reddit","21":"product_tag-hvor-kan-jeg-kbe-fentanyl-pulver-online","22":"product_tag-hvor-kan-kbes-fentanyl-hcl-pulver-online","23":"product_tag-hvor-kan-kbes-fentanyl-pulver-online","24":"product_tag-hvor-kan-kbes-ren-fentanyl-hcl-pulver-online","25":"product_tag-hvor-kan-kbes-rent-fentanyl-pulver-online","26":"product_tag-kb-fentanyl-hcl-online","27":"product_tag-kb-fentanyl-hcl-pulver-online","28":"product_tag-k-c3-b8b-fentanyl-pulver-med-paypal","29":"product_tag-kb-fentanyl-pulver-sikker","30":"product_tag-kb-fentanyl-pulver-usa","31":"product_tag-kb-fentanyl-pulver-online","32":"product_tag-kb-leje-fentanyl-pulver-online","33":"product_tag-purchase-fentanyl-powder-online","34":"product_tag-hvordan-man-kber-fentanyl-pulver-online","36":"first","37":"instock","38":"shipping-taxable","39":"purchasable","40":"product-type-variable","41":"has-default-attributes"},"yoast_head":"<!-- This site is optimized with the Yoast SEO plugin v27.3 - https:\/\/yoast.com\/product\/yoast-seo-wordpress\/ -->\n<title>K\u00f8b Fentanyl Powder Online - Bedste bedste globale medicin<\/title>\n<meta name=\"description\" content=\"K\u00f8b FENTANYL POWDER til salg UK, EU Europe i vores Bestglobalmeds.com online shop med hurtig levering over hele verden! Den bedste FENTANYL til bestilling finder du her!\" \/>\n<meta name=\"robots\" content=\"index, follow, max-snippet:-1, max-image-preview:large, max-video-preview:-1\" \/>\n<link rel=\"canonical\" href=\"https:\/\/medicinasinc.com\/da\/product\/kob-fentanyl-pulver\/\" \/>\n<meta property=\"og:locale\" content=\"en_US\" \/>\n<meta property=\"og:type\" content=\"article\" \/>\n<meta property=\"og:title\" content=\"K\u00f8b Fentanyl Powder Online - Bedste bedste globale medicin\" \/>\n<meta property=\"og:description\" content=\"K\u00f8b FENTANYL POWDER til salg UK, EU Europe i vores Bestglobalmeds.com online shop med hurtig levering over hele verden! Den bedste FENTANYL til bestilling finder du her!\" \/>\n<meta property=\"og:url\" content=\"https:\/\/medicinasinc.com\/da\/product\/kob-fentanyl-pulver\/\" \/>\n<meta property=\"og:site_name\" content=\"Medicinas Inc\" \/>\n<meta property=\"article:modified_time\" content=\"2022-03-20T00:34:29+00:00\" \/>\n<meta property=\"og:image\" content=\"https:\/\/medicinasinc.com\/da\/wp-content\/uploads\/sites\/8\/2022\/02\/Buy-Fentanyl-Powder-Online.jpg\" \/>\n\t<meta property=\"og:image:width\" content=\"768\" \/>\n\t<meta property=\"og:image:height\" content=\"768\" \/>\n\t<meta property=\"og:image:type\" content=\"image\/jpeg\" \/>\n<meta name=\"twitter:card\" content=\"summary_large_image\" \/>\n<meta name=\"twitter:label1\" content=\"Est. reading time\" \/>\n\t<meta name=\"twitter:data1\" content=\"2 minutes\" \/>\n<script type=\"application\/ld+json\" class=\"yoast-schema-graph\">{\"@context\":\"https:\\\/\\\/schema.org\",\"@graph\":[{\"@type\":\"WebPage\",\"@id\":\"https:\\\/\\\/medicinasinc.com\\\/da\\\/product\\\/kob-fentanyl-pulver\\\/\",\"url\":\"https:\\\/\\\/medicinasinc.com\\\/da\\\/product\\\/kob-fentanyl-pulver\\\/\",\"name\":\"K\u00f8b Fentanyl Powder Online - Bedste bedste globale medicin\",\"isPartOf\":{\"@id\":\"https:\\\/\\\/medicinasinc.com\\\/da\\\/#website\"},\"primaryImageOfPage\":{\"@id\":\"https:\\\/\\\/medicinasinc.com\\\/da\\\/product\\\/kob-fentanyl-pulver\\\/#primaryimage\"},\"image\":{\"@id\":\"https:\\\/\\\/medicinasinc.com\\\/da\\\/product\\\/kob-fentanyl-pulver\\\/#primaryimage\"},\"thumbnailUrl\":\"https:\\\/\\\/medicinasinc.com\\\/da\\\/wp-content\\\/uploads\\\/sites\\\/8\\\/2022\\\/02\\\/Buy-Fentanyl-Powder-Online.jpg\",\"datePublished\":\"2022-02-22T00:33:03+00:00\",\"dateModified\":\"2022-03-20T00:34:29+00:00\",\"description\":\"K\u00f8b FENTANYL POWDER til salg UK, EU Europe i vores Bestglobalmeds.com online shop med hurtig levering over hele verden! Den bedste FENTANYL til bestilling finder du her!\",\"breadcrumb\":{\"@id\":\"https:\\\/\\\/medicinasinc.com\\\/da\\\/product\\\/kob-fentanyl-pulver\\\/#breadcrumb\"},\"inLanguage\":\"en-US\",\"potentialAction\":[{\"@type\":\"ReadAction\",\"target\":[\"https:\\\/\\\/medicinasinc.com\\\/da\\\/product\\\/kob-fentanyl-pulver\\\/\"]}]},{\"@type\":\"ImageObject\",\"inLanguage\":\"en-US\",\"@id\":\"https:\\\/\\\/medicinasinc.com\\\/da\\\/product\\\/kob-fentanyl-pulver\\\/#primaryimage\",\"url\":\"https:\\\/\\\/medicinasinc.com\\\/da\\\/wp-content\\\/uploads\\\/sites\\\/8\\\/2022\\\/02\\\/Buy-Fentanyl-Powder-Online.jpg\",\"contentUrl\":\"https:\\\/\\\/medicinasinc.com\\\/da\\\/wp-content\\\/uploads\\\/sites\\\/8\\\/2022\\\/02\\\/Buy-Fentanyl-Powder-Online.jpg\",\"width\":768,\"height\":768},{\"@type\":\"BreadcrumbList\",\"@id\":\"https:\\\/\\\/medicinasinc.com\\\/da\\\/product\\\/kob-fentanyl-pulver\\\/#breadcrumb\",\"itemListElement\":[{\"@type\":\"ListItem\",\"position\":1,\"name\":\"Butik\",\"item\":\"https:\\\/\\\/medicinasinc.com\\\/da\\\/butik\\\/\"},{\"@type\":\"ListItem\",\"position\":2,\"name\":\"K\u00f8b fentanylpulver\"}]},{\"@type\":\"WebSite\",\"@id\":\"https:\\\/\\\/medicinasinc.com\\\/da\\\/#website\",\"url\":\"https:\\\/\\\/medicinasinc.com\\\/da\\\/\",\"name\":\"Medicinas Inc\",\"description\":\"Health Medical Clinic\",\"potentialAction\":[{\"@type\":\"SearchAction\",\"target\":{\"@type\":\"EntryPoint\",\"urlTemplate\":\"https:\\\/\\\/medicinasinc.com\\\/da\\\/?s={search_term_string}\"},\"query-input\":{\"@type\":\"PropertyValueSpecification\",\"valueRequired\":true,\"valueName\":\"search_term_string\"}}],\"inLanguage\":\"en-US\"}]}<\/script>\n<!-- \/ Yoast SEO plugin. -->","yoast_head_json":{"title":"K\u00f8b Fentanyl Powder Online - Bedste bedste globale medicin","description":"K\u00f8b FENTANYL POWDER til salg UK, EU Europe i vores Bestglobalmeds.com online shop med hurtig levering over hele verden! Den bedste FENTANYL til bestilling finder du her!","robots":{"index":"index","follow":"follow","max-snippet":"max-snippet:-1","max-image-preview":"max-image-preview:large","max-video-preview":"max-video-preview:-1"},"canonical":"https:\/\/medicinasinc.com\/da\/product\/kob-fentanyl-pulver\/","og_locale":"en_US","og_type":"article","og_title":"K\u00f8b Fentanyl Powder Online - Bedste bedste globale medicin","og_description":"K\u00f8b FENTANYL POWDER til salg UK, EU Europe i vores Bestglobalmeds.com online shop med hurtig levering over hele verden! Den bedste FENTANYL til bestilling finder du her!","og_url":"https:\/\/medicinasinc.com\/da\/product\/kob-fentanyl-pulver\/","og_site_name":"Medicinas Inc","article_modified_time":"2022-03-20T00:34:29+00:00","og_image":[{"width":768,"height":768,"url":"https:\/\/medicinasinc.com\/da\/wp-content\/uploads\/sites\/8\/2022\/02\/Buy-Fentanyl-Powder-Online.jpg","type":"image\/jpeg"}],"twitter_card":"summary_large_image","twitter_misc":{"Est. reading time":"2 minutes"},"schema":{"@context":"https:\/\/schema.org","@graph":[{"@type":"WebPage","@id":"https:\/\/medicinasinc.com\/da\/product\/kob-fentanyl-pulver\/","url":"https:\/\/medicinasinc.com\/da\/product\/kob-fentanyl-pulver\/","name":"K\u00f8b Fentanyl Powder Online - Bedste bedste globale medicin","isPartOf":{"@id":"https:\/\/medicinasinc.com\/da\/#website"},"primaryImageOfPage":{"@id":"https:\/\/medicinasinc.com\/da\/product\/kob-fentanyl-pulver\/#primaryimage"},"image":{"@id":"https:\/\/medicinasinc.com\/da\/product\/kob-fentanyl-pulver\/#primaryimage"},"thumbnailUrl":"https:\/\/medicinasinc.com\/da\/wp-content\/uploads\/sites\/8\/2022\/02\/Buy-Fentanyl-Powder-Online.jpg","datePublished":"2022-02-22T00:33:03+00:00","dateModified":"2022-03-20T00:34:29+00:00","description":"K\u00f8b FENTANYL POWDER til salg UK, EU Europe i vores Bestglobalmeds.com online shop med hurtig levering over hele verden! Den bedste FENTANYL til bestilling finder du her!","breadcrumb":{"@id":"https:\/\/medicinasinc.com\/da\/product\/kob-fentanyl-pulver\/#breadcrumb"},"inLanguage":"en-US","potentialAction":[{"@type":"ReadAction","target":["https:\/\/medicinasinc.com\/da\/product\/kob-fentanyl-pulver\/"]}]},{"@type":"ImageObject","inLanguage":"en-US","@id":"https:\/\/medicinasinc.com\/da\/product\/kob-fentanyl-pulver\/#primaryimage","url":"https:\/\/medicinasinc.com\/da\/wp-content\/uploads\/sites\/8\/2022\/02\/Buy-Fentanyl-Powder-Online.jpg","contentUrl":"https:\/\/medicinasinc.com\/da\/wp-content\/uploads\/sites\/8\/2022\/02\/Buy-Fentanyl-Powder-Online.jpg","width":768,"height":768},{"@type":"BreadcrumbList","@id":"https:\/\/medicinasinc.com\/da\/product\/kob-fentanyl-pulver\/#breadcrumb","itemListElement":[{"@type":"ListItem","position":1,"name":"Butik","item":"https:\/\/medicinasinc.com\/da\/butik\/"},{"@type":"ListItem","position":2,"name":"K\u00f8b fentanylpulver"}]},{"@type":"WebSite","@id":"https:\/\/medicinasinc.com\/da\/#website","url":"https:\/\/medicinasinc.com\/da\/","name":"Medicinas Inc","description":"Health Medical Clinic","potentialAction":[{"@type":"SearchAction","target":{"@type":"EntryPoint","urlTemplate":"https:\/\/medicinasinc.com\/da\/?s={search_term_string}"},"query-input":{"@type":"PropertyValueSpecification","valueRequired":true,"valueName":"search_term_string"}}],"inLanguage":"en-US"}]}},"_links":{"self":[{"href":"https:\/\/medicinasinc.com\/da\/wp-json\/wp\/v2\/product\/5495","targetHints":{"allow":["GET"]}}],"collection":[{"href":"https:\/\/medicinasinc.com\/da\/wp-json\/wp\/v2\/product"}],"about":[{"href":"https:\/\/medicinasinc.com\/da\/wp-json\/wp\/v2\/types\/product"}],"replies":[{"embeddable":true,"href":"https:\/\/medicinasinc.com\/da\/wp-json\/wp\/v2\/comments?post=5495"}],"wp:featuredmedia":[{"embeddable":true,"href":"https:\/\/medicinasinc.com\/da\/wp-json\/wp\/v2\/media\/5505"}],"wp:attachment":[{"href":"https:\/\/medicinasinc.com\/da\/wp-json\/wp\/v2\/media?parent=5495"}],"wp:term":[{"taxonomy":"product_brand","embeddable":true,"href":"https:\/\/medicinasinc.com\/da\/wp-json\/wp\/v2\/product_brand?post=5495"},{"taxonomy":"product_cat","embeddable":true,"href":"https:\/\/medicinasinc.com\/da\/wp-json\/wp\/v2\/product_cat?post=5495"},{"taxonomy":"product_tag","embeddable":true,"href":"https:\/\/medicinasinc.com\/da\/wp-json\/wp\/v2\/product_tag?post=5495"}],"curies":[{"name":"wp","href":"https:\/\/api.w.org\/{rel}","templated":true}]}}