{"id":5494,"date":"2022-02-22T00:31:52","date_gmt":"2022-02-22T00:31:52","guid":{"rendered":"https:\/\/medicinasinc.com\/da\/?post_type=product&#038;p=5494"},"modified":"2022-03-20T00:34:37","modified_gmt":"2022-03-20T00:34:37","slug":"kob-diclazepam-2-mg-pellets","status":"publish","type":"product","link":"https:\/\/medicinasinc.com\/da\/product\/kob-diclazepam-2-mg-pellets\/","title":{"rendered":"K\u00f8b Diclazepam 2 mg pellets"},"content":{"rendered":"<p><strong>HVOR KAN JEG F\u00c5 DICLAZEPAM 2MG PELLETS I EU?<\/strong><\/p>\n<p>2 mg Diclazepam I Europa kan du finde en facilitet, der opbevarer piller. Bitcoin kan bruges til at k\u00f8be 2mg Diclazepam Pellets online.<\/p>\n<p>En af de seneste benzodiazepiner, der er blevet gjort tilg\u00e6ngelige for fors\u00f8g, er diclazepam eller chlorodiazepam. Dette stof er ogs\u00e5 diazepam og declorazepams 1-methyl-homolog. Dets fulde kemiske navn er 7-chlor-5-(2-clorophenyl)-1-methyl-1,3-dihydro-2H-1,4-benzodiazepin-2-on. Fordi dette molekyle er s\u00e5 nyt, er der adskillige muligheder for forskning.<\/p>\n<p>IUPAC-nomenklaturen for denne forbindelse lyder som f\u00f8lger: 7,5-chlor-5-(2-chlorphenyl)-1-methyl-1 ,3-dihydro-2H-1,4-benzodiazepin-2-on<br \/> CAS-nummer: 2894-68-0 0<br \/> Synonymer: Benzodiazepinet chlorodiazepoxid (2&#8242;-chlor-diazepoxid)<br \/> Dette er den kemiske formel for C16H12Cl2-N2O<br \/> 95,8 procent af dens oprindelige form.<br \/> Hvide pellets er den mest almindelige farve.<\/p>\n<p>Det er nemt at k\u00f8be Diclazepam 2mg pellets online med Bitcoin.<\/p>\n<p>Omkostningerne ved Diclazepam 2mg pellets<\/p>\n","protected":false},"excerpt":{"rendered":"<p>K\u00f8b Diclazepam Pellet, Billig Diclazepam 2mg Pellet Til salg Storbritannien, Europa, K\u00f8b Diclazepam af h\u00f8j kvalitet i UK Natten til levering, Diclazepam Pris.<\/p>\n<p>K\u00f8b Diclazepam 2mg Pellets med gratis forsendelse til Den Europ\u00e6iske Union. Europas st\u00f8rste forhandler af Diclazepam 2mg pellets. 2mg Diclazepam Pellets kan k\u00f8bes online ved hj\u00e6lp af Bitcoin.<\/p>\n<p>Diclazepam tilbydes typisk online af &#8216;headshops&#8217; eller&#8217;forskningskemikalie&#8217; s\u00e6lgere i form af hvide, 1 mg pellets og, sj\u00e6ldnere, lilla, 2 mg pellets.<\/p>\n<p>K\u00f8b Diclazepam 2 mg pellets Online er en dagligdags betegnelse for 7-chlor-5-1-methyl-1 ,3-dihydro-2H-1,4-benzodiazepin-2-on.<\/p>\n<p>Online k\u00f8b af Diclazepam Pellets 2mg. Diclazepam (ogs\u00e5 kendt som Chlorodiazepam) er et syntetisk benzodiazepin-depressivt middel, der, n\u00e5r det tages, udviser sammenlignelige virkninger med diazepam, herunder angstundertrykkelse, desinhibering, antikonvulsiv, hypnotisk, muskelafslappende og hukommelsestab. [2<\/p>\n","protected":false},"featured_media":5503,"comment_status":"open","ping_status":"closed","template":"","meta":[],"product_brand":[],"product_cat":[1117],"product_tag":[2836,2835,2838,2834,2837],"class_list":{"0":"post-5494","1":"product","2":"type-product","3":"status-publish","4":"has-post-thumbnail","6":"product_cat-kob-smerte-sove-sex-piller","7":"product_tag-ordre-diclazepam-2-mg","8":"product_tag-diclazepam-2-mg","9":"product_tag-hvor-kan-kbes-diclazepam-2-mg-pellets","10":"product_tag-kb-diclazepam-2-mg-pellets","11":"product_tag-kvalitets-diclazepam-2-mg","13":"first","14":"instock","15":"shipping-taxable","16":"purchasable","17":"product-type-variable","18":"has-default-attributes"},"yoast_head":"<!-- This site is optimized with the Yoast SEO plugin v27.3 - https:\/\/yoast.com\/product\/yoast-seo-wordpress\/ -->\n<title>K\u00f8b Diclazepam 2 mg pellets - Diclazepam Til salg - Bedste globale medicin<\/title>\n<meta name=\"description\" content=\"K\u00f8b Diclazepam Pellet, Billig Diclazepam 2mg Pellet Til salg Storbritannien, Europa, K\u00f8b h\u00f8j kvalitet af Diclazepam i Storbritannien Overnatningslevering, Diclazepam Pris.\" \/>\n<meta name=\"robots\" content=\"index, follow, max-snippet:-1, max-image-preview:large, max-video-preview:-1\" \/>\n<link rel=\"canonical\" href=\"https:\/\/medicinasinc.com\/da\/product\/kob-diclazepam-2-mg-pellets\/\" \/>\n<meta property=\"og:locale\" content=\"en_US\" \/>\n<meta property=\"og:type\" content=\"article\" \/>\n<meta property=\"og:title\" content=\"K\u00f8b Diclazepam 2 mg pellets - Diclazepam Til salg - Bedste globale medicin\" \/>\n<meta property=\"og:description\" content=\"K\u00f8b Diclazepam Pellet, Billig Diclazepam 2mg Pellet Til salg Storbritannien, Europa, K\u00f8b h\u00f8j kvalitet af Diclazepam i Storbritannien Overnatningslevering, Diclazepam Pris.\" \/>\n<meta property=\"og:url\" content=\"https:\/\/medicinasinc.com\/da\/product\/kob-diclazepam-2-mg-pellets\/\" \/>\n<meta property=\"og:site_name\" content=\"Medicinas Inc\" \/>\n<meta property=\"article:modified_time\" content=\"2022-03-20T00:34:37+00:00\" \/>\n<meta property=\"og:image\" content=\"https:\/\/medicinasinc.com\/da\/wp-content\/uploads\/sites\/8\/2022\/02\/Buy-Diclazepam-Pellets-2mg.jpg\" \/>\n\t<meta property=\"og:image:width\" content=\"566\" \/>\n\t<meta property=\"og:image:height\" content=\"462\" \/>\n\t<meta property=\"og:image:type\" content=\"image\/jpeg\" \/>\n<meta name=\"twitter:card\" content=\"summary_large_image\" \/>\n<meta name=\"twitter:label1\" content=\"Est. reading time\" \/>\n\t<meta name=\"twitter:data1\" content=\"1 minute\" \/>\n<script type=\"application\/ld+json\" class=\"yoast-schema-graph\">{\"@context\":\"https:\\\/\\\/schema.org\",\"@graph\":[{\"@type\":\"WebPage\",\"@id\":\"https:\\\/\\\/medicinasinc.com\\\/da\\\/product\\\/kob-diclazepam-2-mg-pellets\\\/\",\"url\":\"https:\\\/\\\/medicinasinc.com\\\/da\\\/product\\\/kob-diclazepam-2-mg-pellets\\\/\",\"name\":\"K\u00f8b Diclazepam 2 mg pellets - Diclazepam Til salg - Bedste globale medicin\",\"isPartOf\":{\"@id\":\"https:\\\/\\\/medicinasinc.com\\\/da\\\/#website\"},\"primaryImageOfPage\":{\"@id\":\"https:\\\/\\\/medicinasinc.com\\\/da\\\/product\\\/kob-diclazepam-2-mg-pellets\\\/#primaryimage\"},\"image\":{\"@id\":\"https:\\\/\\\/medicinasinc.com\\\/da\\\/product\\\/kob-diclazepam-2-mg-pellets\\\/#primaryimage\"},\"thumbnailUrl\":\"https:\\\/\\\/medicinasinc.com\\\/da\\\/wp-content\\\/uploads\\\/sites\\\/8\\\/2022\\\/02\\\/Buy-Diclazepam-Pellets-2mg.jpg\",\"datePublished\":\"2022-02-22T00:31:52+00:00\",\"dateModified\":\"2022-03-20T00:34:37+00:00\",\"description\":\"K\u00f8b Diclazepam Pellet, Billig Diclazepam 2mg Pellet Til salg Storbritannien, Europa, K\u00f8b h\u00f8j kvalitet af Diclazepam i Storbritannien Overnatningslevering, Diclazepam Pris.\",\"breadcrumb\":{\"@id\":\"https:\\\/\\\/medicinasinc.com\\\/da\\\/product\\\/kob-diclazepam-2-mg-pellets\\\/#breadcrumb\"},\"inLanguage\":\"en-US\",\"potentialAction\":[{\"@type\":\"ReadAction\",\"target\":[\"https:\\\/\\\/medicinasinc.com\\\/da\\\/product\\\/kob-diclazepam-2-mg-pellets\\\/\"]}]},{\"@type\":\"ImageObject\",\"inLanguage\":\"en-US\",\"@id\":\"https:\\\/\\\/medicinasinc.com\\\/da\\\/product\\\/kob-diclazepam-2-mg-pellets\\\/#primaryimage\",\"url\":\"https:\\\/\\\/medicinasinc.com\\\/da\\\/wp-content\\\/uploads\\\/sites\\\/8\\\/2022\\\/02\\\/Buy-Diclazepam-Pellets-2mg.jpg\",\"contentUrl\":\"https:\\\/\\\/medicinasinc.com\\\/da\\\/wp-content\\\/uploads\\\/sites\\\/8\\\/2022\\\/02\\\/Buy-Diclazepam-Pellets-2mg.jpg\",\"width\":566,\"height\":462},{\"@type\":\"BreadcrumbList\",\"@id\":\"https:\\\/\\\/medicinasinc.com\\\/da\\\/product\\\/kob-diclazepam-2-mg-pellets\\\/#breadcrumb\",\"itemListElement\":[{\"@type\":\"ListItem\",\"position\":1,\"name\":\"Butik\",\"item\":\"https:\\\/\\\/medicinasinc.com\\\/da\\\/butik\\\/\"},{\"@type\":\"ListItem\",\"position\":2,\"name\":\"K\u00f8b Diclazepam 2 mg pellets\"}]},{\"@type\":\"WebSite\",\"@id\":\"https:\\\/\\\/medicinasinc.com\\\/da\\\/#website\",\"url\":\"https:\\\/\\\/medicinasinc.com\\\/da\\\/\",\"name\":\"Medicinas Inc\",\"description\":\"Health Medical Clinic\",\"potentialAction\":[{\"@type\":\"SearchAction\",\"target\":{\"@type\":\"EntryPoint\",\"urlTemplate\":\"https:\\\/\\\/medicinasinc.com\\\/da\\\/?s={search_term_string}\"},\"query-input\":{\"@type\":\"PropertyValueSpecification\",\"valueRequired\":true,\"valueName\":\"search_term_string\"}}],\"inLanguage\":\"en-US\"}]}<\/script>\n<!-- \/ Yoast SEO plugin. -->","yoast_head_json":{"title":"K\u00f8b Diclazepam 2 mg pellets - Diclazepam Til salg - Bedste globale medicin","description":"K\u00f8b Diclazepam Pellet, Billig Diclazepam 2mg Pellet Til salg Storbritannien, Europa, K\u00f8b h\u00f8j kvalitet af Diclazepam i Storbritannien Overnatningslevering, Diclazepam Pris.","robots":{"index":"index","follow":"follow","max-snippet":"max-snippet:-1","max-image-preview":"max-image-preview:large","max-video-preview":"max-video-preview:-1"},"canonical":"https:\/\/medicinasinc.com\/da\/product\/kob-diclazepam-2-mg-pellets\/","og_locale":"en_US","og_type":"article","og_title":"K\u00f8b Diclazepam 2 mg pellets - Diclazepam Til salg - Bedste globale medicin","og_description":"K\u00f8b Diclazepam Pellet, Billig Diclazepam 2mg Pellet Til salg Storbritannien, Europa, K\u00f8b h\u00f8j kvalitet af Diclazepam i Storbritannien Overnatningslevering, Diclazepam Pris.","og_url":"https:\/\/medicinasinc.com\/da\/product\/kob-diclazepam-2-mg-pellets\/","og_site_name":"Medicinas Inc","article_modified_time":"2022-03-20T00:34:37+00:00","og_image":[{"width":566,"height":462,"url":"https:\/\/medicinasinc.com\/da\/wp-content\/uploads\/sites\/8\/2022\/02\/Buy-Diclazepam-Pellets-2mg.jpg","type":"image\/jpeg"}],"twitter_card":"summary_large_image","twitter_misc":{"Est. reading time":"1 minute"},"schema":{"@context":"https:\/\/schema.org","@graph":[{"@type":"WebPage","@id":"https:\/\/medicinasinc.com\/da\/product\/kob-diclazepam-2-mg-pellets\/","url":"https:\/\/medicinasinc.com\/da\/product\/kob-diclazepam-2-mg-pellets\/","name":"K\u00f8b Diclazepam 2 mg pellets - Diclazepam Til salg - Bedste globale medicin","isPartOf":{"@id":"https:\/\/medicinasinc.com\/da\/#website"},"primaryImageOfPage":{"@id":"https:\/\/medicinasinc.com\/da\/product\/kob-diclazepam-2-mg-pellets\/#primaryimage"},"image":{"@id":"https:\/\/medicinasinc.com\/da\/product\/kob-diclazepam-2-mg-pellets\/#primaryimage"},"thumbnailUrl":"https:\/\/medicinasinc.com\/da\/wp-content\/uploads\/sites\/8\/2022\/02\/Buy-Diclazepam-Pellets-2mg.jpg","datePublished":"2022-02-22T00:31:52+00:00","dateModified":"2022-03-20T00:34:37+00:00","description":"K\u00f8b Diclazepam Pellet, Billig Diclazepam 2mg Pellet Til salg Storbritannien, Europa, K\u00f8b h\u00f8j kvalitet af Diclazepam i Storbritannien Overnatningslevering, Diclazepam Pris.","breadcrumb":{"@id":"https:\/\/medicinasinc.com\/da\/product\/kob-diclazepam-2-mg-pellets\/#breadcrumb"},"inLanguage":"en-US","potentialAction":[{"@type":"ReadAction","target":["https:\/\/medicinasinc.com\/da\/product\/kob-diclazepam-2-mg-pellets\/"]}]},{"@type":"ImageObject","inLanguage":"en-US","@id":"https:\/\/medicinasinc.com\/da\/product\/kob-diclazepam-2-mg-pellets\/#primaryimage","url":"https:\/\/medicinasinc.com\/da\/wp-content\/uploads\/sites\/8\/2022\/02\/Buy-Diclazepam-Pellets-2mg.jpg","contentUrl":"https:\/\/medicinasinc.com\/da\/wp-content\/uploads\/sites\/8\/2022\/02\/Buy-Diclazepam-Pellets-2mg.jpg","width":566,"height":462},{"@type":"BreadcrumbList","@id":"https:\/\/medicinasinc.com\/da\/product\/kob-diclazepam-2-mg-pellets\/#breadcrumb","itemListElement":[{"@type":"ListItem","position":1,"name":"Butik","item":"https:\/\/medicinasinc.com\/da\/butik\/"},{"@type":"ListItem","position":2,"name":"K\u00f8b Diclazepam 2 mg pellets"}]},{"@type":"WebSite","@id":"https:\/\/medicinasinc.com\/da\/#website","url":"https:\/\/medicinasinc.com\/da\/","name":"Medicinas Inc","description":"Health Medical Clinic","potentialAction":[{"@type":"SearchAction","target":{"@type":"EntryPoint","urlTemplate":"https:\/\/medicinasinc.com\/da\/?s={search_term_string}"},"query-input":{"@type":"PropertyValueSpecification","valueRequired":true,"valueName":"search_term_string"}}],"inLanguage":"en-US"}]}},"_links":{"self":[{"href":"https:\/\/medicinasinc.com\/da\/wp-json\/wp\/v2\/product\/5494","targetHints":{"allow":["GET"]}}],"collection":[{"href":"https:\/\/medicinasinc.com\/da\/wp-json\/wp\/v2\/product"}],"about":[{"href":"https:\/\/medicinasinc.com\/da\/wp-json\/wp\/v2\/types\/product"}],"replies":[{"embeddable":true,"href":"https:\/\/medicinasinc.com\/da\/wp-json\/wp\/v2\/comments?post=5494"}],"wp:featuredmedia":[{"embeddable":true,"href":"https:\/\/medicinasinc.com\/da\/wp-json\/wp\/v2\/media\/5503"}],"wp:attachment":[{"href":"https:\/\/medicinasinc.com\/da\/wp-json\/wp\/v2\/media?parent=5494"}],"wp:term":[{"taxonomy":"product_brand","embeddable":true,"href":"https:\/\/medicinasinc.com\/da\/wp-json\/wp\/v2\/product_brand?post=5494"},{"taxonomy":"product_cat","embeddable":true,"href":"https:\/\/medicinasinc.com\/da\/wp-json\/wp\/v2\/product_cat?post=5494"},{"taxonomy":"product_tag","embeddable":true,"href":"https:\/\/medicinasinc.com\/da\/wp-json\/wp\/v2\/product_tag?post=5494"}],"curies":[{"name":"wp","href":"https:\/\/api.w.org\/{rel}","templated":true}]}}