{"id":5471,"date":"2022-02-22T00:08:30","date_gmt":"2022-02-22T00:08:30","guid":{"rendered":"https:\/\/medicinasinc.com\/da\/?post_type=product&#038;p=5471"},"modified":"2022-03-20T00:34:47","modified_gmt":"2022-03-20T00:34:47","slug":"kob-krystal-meth-metamfetamin","status":"publish","type":"product","link":"https:\/\/medicinasinc.com\/da\/product\/kob-krystal-meth-metamfetamin\/","title":{"rendered":"K\u00f8b Crystal Meth (metamfetamin)"},"content":{"rendered":"<p><strong>Hvor kan man k\u00f8be Crystal Meth &#8211; Metamfetamin<\/strong><\/p>\n<p>Villig til at k\u00f8be Crystal Meth, ofte kendt som \u00e6delstensmeth, er et centralnervesystem (CNS) stimulerende medicin, som har betydelig ligheder med amfetamin, verdens n\u00e6stmest popul\u00e6re klasse af ulovlig medicin, bag maryjane.<br \/> Som med amfetamin fremmer det \u00f8get aktivitet, nedsat appetit og en generel f\u00f8lelse af velv\u00e6re.<\/p>\n<p>Der er nogle f\u00e5 anerkendte farmaceutiske anvendelser for Crystal Meth \u2013 Metamfetamin, herunder behandling af narkolepsi, manglende evne til at koncentrere sig regelm\u00e6ssigt og til forbig\u00e5ende brug, s\u00e5som kraftighed; ikke desto mindre er disse medicinske anvendelser begr\u00e6nset.<\/p>\n<p>Crystal Meth kan ligesom kokain ryges. Chemical Inc. s\u00e6lger Crystal Meth &#8211; Methamphetamine.<\/p>\n<p>Hvilke egenskaber har Crystal Meth \u2013 Methamphetamines?<\/p>\n<p>Metamfetaminer bruges til at behandle f\u00f8lgende tilstande:<\/p>\n<p>ADHDNarkolepsi<\/p>\n<p>Den medicinske anvendelse er begr\u00e6nset.<\/p>\n<p>Crystal Meth &#8211; Metamfetamin kan ligesom kokain ryges.<\/p>\n<figure class=\"wp-caption alignleft\"><img loading=\"lazy\" decoding=\"async\" class=\" n3VNCb\" src=\"https:\/\/www.detoxplusuk.com\/wp-content\/uploads\/sites\/8\/2019\/01\/Crystal-meth-e1546508093797.png\" alt=\"Crystal Meth - Methamphetamine | chemical Inc\" width=\"600\" height=\"351\" data-iml=\"71374\" \/><figcaption class=\"wp-caption-text\">K\u00f8b Crystal Meth med Bitcoins<\/figcaption><\/figure>\n<h2><strong>Hvad er funktionerne ved metamfetamin?<\/strong><\/h2>\n<p><span class=\"tagify__tag-text\">Crystal Meth \u2013 Metamfetamin<\/span>\u00a0er til behandling af:<\/p>\n<ul>\n<li> ADHD Narkolepsi<\/li>\n<li>Fedme Det for\u00e5rsager s\u00e5ledes udvidet handling, mindsket sult og generel f\u00f8lelse af velstand. P\u00e5 det tidspunkt, hvor det bruges i overflod, har det en gradvis destruktiv indvirkning p\u00e5 det fokale sansesystem.<\/li>\n<\/ul>\n<h2><\/h2>\n<h2><\/h2>\n<h2><strong>Hvad er forholdsregler for\u00a0<\/strong>Crystal Meth<strong>?<\/strong><\/h2>\n<ul>\n<li>Hvis du tror, \u200b\u200bdu har vist sig at v\u00e6re gravid, mens du bruger stoffet, skal du straks fort\u00e6lle det til din specialist for at opretholde en strategisk afstand fra vanskeligheder.<\/li>\n<li>Hvis du oplever hjertesygdomme,<\/li>\n<\/ul>\n<h2><strong>Hvad er bivirkningerne af\u00a0<\/strong>Crystal Meth<strong>? <\/strong><\/h2>\n<p>Uvenlige virkninger af metamfetamin omfatter:<\/p>\n<ul>\n<li>En stigning i puls<\/li>\n<li>\u00d8get kropstemperatur<\/li>\n<li>En stigning i afslapningshastighed<\/li>\n<li>Udvidede elever<\/li>\n<li>Sk\u00e6lven F\u00f8lelser af henrykkelse<\/li>\n<li>\u00d8get angst<\/li>\n<li>Irritabilitet<\/li>\n<li>Paranoia<\/li>\n<li>Voldelig og flyvsk adf\u00e6rd<\/li>\n<li>Midlertidig hyperaktivitet S\u00f8g efter en specialist for terapeutisk overvejelse.<\/li>\n<\/ul>\n<h2><strong>Hvad sker der n hvis du g\u00e5r glip af eller overdoserer\u00a0<\/strong>Crystal Meth<strong>?<\/strong><\/h2>\n<p>Det er alt andet end en stor pr\u00f8velse at g\u00e5 ned over en portion metamfetamin, men du kan tage lige den tid, du husker det, b\u00f8r dog afholde sig fra at tage dobbelte m\u00e5linger.<\/p>\n<p>&nbsp;<\/p>\n<p><span class=\"tagify__tag-text\">metamfetamin<\/span>\u00a0foresl\u00e5s at holde centrum, n\u00e5r der er overdoseret, det kan ligefrem udl\u00f8se \u00e6gte medicinske tilstande, s\u00e5 det er det bedste valg at s\u00f8ge efter krisehj\u00e6lp fra eksperter i velv\u00e6re. <span class=\"tagify__tag-text\"><a href=\"https:\/\/www.bestglobalmeds.com\/product\/research-chemicals\/buy-crystal-meth\/\">Bestil Crystal Meth<\/a>\u00a0\u2013 Metamfetamin online<\/span>\u00a0hos Chemical Inc<\/p>\n<h2><strong>Hvordan opbevares metamfetaminer?<\/strong><\/h2>\n<p>Hvor der ikke er lys og varme, skal metamfetaminer opbevares der ved stuetemperatur. Skyl heller ikke denne medicin. Dine b\u00f8rn og k\u00e6ledyr m\u00e5 p\u00e5 ingen m\u00e5de forbinde denne medicin.<\/p>\n<h2><strong>Hvor kan man k\u00f8be\u00a0<\/strong>Crystal Meth\u00a0<strong>online?<\/strong><\/h2>\n<p>Men, du kan k\u00f8be Crystal Meth \u2013 Metamfetamin online i den mest troede onlinebutik \u2013 Chemical Inc.<\/p>\n<p>K\u00f8b metamfetamin uden afhj\u00e6lpning, metamfetaminer, der kan k\u00f8bes online, bedste tilf\u00e6lde koster.<br \/> K\u00f8b det bedste medicin her p\u00e5 dette tidspunkt! <span class=\"tagify__tag-text\">K\u00f8b Crystal Meth online<\/span><\/p>\n<h3><b>Meth-brugere b\u00f8r ikke vente med at s\u00f8ge behandling<\/b><\/h3>\n<p>Mens mange fysiske symptomer kan vendes med den rette behandling, de fremskredne \u00e6ldningseffekter og karies i t\u00e6nderne er sv\u00e6re at vende, og skaden ofte permanent.<\/p>\n<p>Yderligere kan metamfetaminbrug for\u00e5rsage psykose eller psykotisk adf\u00e6rd, hvor brugere mister kontakten med virkeligheden og oplever st\u00e6rke vrangforestillinger, paranoia, hallucinationer og tvangspr\u00e6get adf\u00e6rd, der forhindrer dem i virkelig at indse den skade, de g\u00f8r p\u00e5 sig selv.<\/p>\n<p>Det er bydende n\u00f8dvendigt, at misbrugeren r\u00e6kker ud og finder hj\u00e6lp med det samme, eller lider af disse. fysiske og psykologiske virkninger og andre almindelige symptomer s\u00e5som \u00f8delagte forhold, \u00f8konomisk n\u00f8d og kriminelle anklager.<\/p>\n<p>Afh\u00e6ngighed ber\u00f8rer n\u00e6sten enhver familie og h\u00e6rger fysisk og mental sundhed, forhold og privat\u00f8konomi. M\u00f8dre, f\u00e6dre, br\u00f8dre, s\u00f8stre, d\u00f8tre og s\u00f8nner.<\/p>\n<p>Ingen er immun over for den skr\u00e6mmende langsigtede virkning af h\u00e5rdt stofmisbrug.<br \/> Det f\u00f8lgende er en n\u00f8gtern skildring af RIGTIGE individer.<\/p>\n<p>Vil du v\u00e6re blevet ofre for fristelsen af \u200b\u200bstofbrug \u2013 i dette tilf\u00e6lde metamfetamin \u2013 med dets \u00f8del\u00e6ggende virkninger er alt for tydelige.<br \/> Hvis du eller en du holder af lider af en metamfetaminafh\u00e6ngighed, eller Hvis du gerne vil vide mere, kan du bes\u00f8ge f\u00f8lgende websteder for at f\u00e5 hj\u00e6lp til at f\u00e5 hj\u00e6lp til genopretning.<\/p>\n","protected":false},"excerpt":{"rendered":"<div class=\"woocommerce-product-details__short-description\">\n<p>K\u00f8b Crystal Meth til salg Storbritannien, EU, Europa, USA, Kina for at behandle kr\u00e6ft ved hj\u00e6lp af bestglobalmeds.com. Det bedste sted, hvor du kan k\u00f8be metamfetamin billigt online.<\/p>\n<p>K\u00f8b billig Crystal Meth online Uden recept s\u00e6lger vi Crystal Meth online og sender globalt inden for 24\/48 timer. Bestil nu.<\/p>\n<p>Udtrykket &#8220;crystal meth&#8221; henviser til krystalmetamfetamin, et kraftfuldt og st\u00e6rkt vanedannende stimulans, der p\u00e5virker centralnervesystemet.<\/p>\n<p>Du kan nu k\u00f8be krystalmeth online og f\u00e5 det leveret dagen efter. Den mest aktuelle eller mest rene form for krystalmetamfetamin er n\u00e6sten ren. Det er lugtfrit og ikke-giftigt.<\/p>\n<p>Methamrh\u0435t\u0430mn\u0435 Jeg er en tendens til centralnerv\u00f8s \u0443t\u0435m stimulans th\u0430t m\u043et\u0443\u0435d \u0430 en r\u0435\u0441r\u0435\u0430t\u043en\u0430l l\u00e6gemiddel \u0430nd l\u0435 \u0441\u043et\u0435nt \u0441\u0435ntral nerv\u00f8s \u0443t\u0435m stimulans th\u0430t m\u043et\u0443\u0435d \u0430 en r\u0435\u0441r\u0435\u0430t\u043en\u0430l drug \u0430nd \u0435 \u0441\u043em\u043en \u0443t\u0435m&gt; op mod <\/p><\/div>\n","protected":false},"featured_media":5483,"comment_status":"open","ping_status":"closed","template":"","meta":[],"product_brand":[],"product_cat":[2014],"product_tag":[2830,2829,2800,2804,2802,2803,2814,2807,2812,2811,2806,2809,2810,2813,2815,2817,2819,2818,2805,2816,2823,2820,2801,2799,2808,2821,2822,2824,2825,2826,2827,2828,2831,2832,2833],"class_list":{"0":"post-5471","1":"product","2":"type-product","3":"status-publish","4":"has-post-thumbnail","6":"product_cat-kb-forskningskemikalier","7":"product_tag-rdr-rtl-mth-n-drknt","8":"product_tag-rdr-krystal-m-n-tr","9":"product_tag-bu-crystal-mth-nln","10":"product_tag-candyfloss","11":"product_tag-chrtn","12":"product_tag-chlk","13":"product_tag-ck","14":"product_tag-krystal-m-effekt","15":"product_tag-crystal-mth-shipping","16":"product_tag-crystal-mth-reddit","17":"product_tag-krystal-mth-australien","18":"product_tag-crystal-mth-for-sale","19":"product_tag-krystal-m-tyskland","20":"product_tag-krystal-mth-uk","21":"product_tag-dunk","22":"product_tag-g-hurtigt","23":"product_tag-gk","24":"product_tag-go-go-ju","25":"product_tag-hndsving","26":"product_tag-fr","27":"product_tag-n-dz","28":"product_tag-is","29":"product_tag-bu-rtl-meth-on-deepweb","30":"product_tag-buy-crystal-med-in-australiaale-near-you","31":"product_tag-krystal-m-europa","32":"product_tag-l-a-gl","33":"product_tag-meth","34":"product_tag-pk","35":"product_tag-raket-brndstof","36":"product_tag-sb-snacks","37":"product_tag-tweek","38":"product_tag-i-d0-b0-d1-95h","39":"product_tag-rtl-meth-h","40":"product_tag-rtl-mth-for-l-online","41":"product_tag-rtl-mth-vndr-n-usa","43":"first","44":"instock","45":"shipping-taxable","46":"purchasable","47":"product-type-variable","48":"has-default-attributes"},"yoast_head":"<!-- This site is optimized with the Yoast SEO plugin v27.3 - https:\/\/yoast.com\/product\/yoast-seo-wordpress\/ -->\n<title>K\u00f8b Crystal Meth (metamfetamin) - bedste bedste globale medicin<\/title>\n<meta name=\"description\" content=\"K\u00f8b Crystal Meth til salg Storbritannien, EU, Europa, USA, Kina for at behandle kr\u00e6ft ved hj\u00e6lp af bestglobalmeds.com. Det bedste sted, hvor du kan k\u00f8be metamfetamin billigt online.\" \/>\n<meta name=\"robots\" content=\"index, follow, max-snippet:-1, max-image-preview:large, max-video-preview:-1\" \/>\n<link rel=\"canonical\" href=\"https:\/\/medicinasinc.com\/da\/product\/kob-krystal-meth-metamfetamin\/\" \/>\n<meta property=\"og:locale\" content=\"en_US\" \/>\n<meta property=\"og:type\" content=\"article\" \/>\n<meta property=\"og:title\" content=\"K\u00f8b Crystal Meth (metamfetamin) - bedste bedste globale medicin\" \/>\n<meta property=\"og:description\" content=\"K\u00f8b Crystal Meth til salg Storbritannien, EU, Europa, USA, Kina for at behandle kr\u00e6ft ved hj\u00e6lp af bestglobalmeds.com. Det bedste sted, hvor du kan k\u00f8be metamfetamin billigt online.\" \/>\n<meta property=\"og:url\" content=\"https:\/\/medicinasinc.com\/da\/product\/kob-krystal-meth-metamfetamin\/\" \/>\n<meta property=\"og:site_name\" content=\"Medicinas Inc\" \/>\n<meta property=\"article:modified_time\" content=\"2022-03-20T00:34:47+00:00\" \/>\n<meta property=\"og:image\" content=\"https:\/\/medicinasinc.com\/da\/wp-content\/uploads\/sites\/8\/2022\/02\/Buy-Crystal-Meth.jpg\" \/>\n\t<meta property=\"og:image:width\" content=\"1024\" \/>\n\t<meta property=\"og:image:height\" content=\"768\" \/>\n\t<meta property=\"og:image:type\" content=\"image\/jpeg\" \/>\n<meta name=\"twitter:card\" content=\"summary_large_image\" \/>\n<meta name=\"twitter:label1\" content=\"Est. reading time\" \/>\n\t<meta name=\"twitter:data1\" content=\"3 minutes\" \/>\n<script type=\"application\/ld+json\" class=\"yoast-schema-graph\">{\"@context\":\"https:\\\/\\\/schema.org\",\"@graph\":[{\"@type\":\"WebPage\",\"@id\":\"https:\\\/\\\/medicinasinc.com\\\/da\\\/product\\\/kob-krystal-meth-metamfetamin\\\/\",\"url\":\"https:\\\/\\\/medicinasinc.com\\\/da\\\/product\\\/kob-krystal-meth-metamfetamin\\\/\",\"name\":\"K\u00f8b Crystal Meth (metamfetamin) - bedste bedste globale medicin\",\"isPartOf\":{\"@id\":\"https:\\\/\\\/medicinasinc.com\\\/da\\\/#website\"},\"primaryImageOfPage\":{\"@id\":\"https:\\\/\\\/medicinasinc.com\\\/da\\\/product\\\/kob-krystal-meth-metamfetamin\\\/#primaryimage\"},\"image\":{\"@id\":\"https:\\\/\\\/medicinasinc.com\\\/da\\\/product\\\/kob-krystal-meth-metamfetamin\\\/#primaryimage\"},\"thumbnailUrl\":\"https:\\\/\\\/medicinasinc.com\\\/da\\\/wp-content\\\/uploads\\\/sites\\\/8\\\/2022\\\/02\\\/Buy-Crystal-Meth.jpg\",\"datePublished\":\"2022-02-22T00:08:30+00:00\",\"dateModified\":\"2022-03-20T00:34:47+00:00\",\"description\":\"K\u00f8b Crystal Meth til salg Storbritannien, EU, Europa, USA, Kina for at behandle kr\u00e6ft ved hj\u00e6lp af bestglobalmeds.com. Det bedste sted, hvor du kan k\u00f8be metamfetamin billigt online.\",\"breadcrumb\":{\"@id\":\"https:\\\/\\\/medicinasinc.com\\\/da\\\/product\\\/kob-krystal-meth-metamfetamin\\\/#breadcrumb\"},\"inLanguage\":\"en-US\",\"potentialAction\":[{\"@type\":\"ReadAction\",\"target\":[\"https:\\\/\\\/medicinasinc.com\\\/da\\\/product\\\/kob-krystal-meth-metamfetamin\\\/\"]}]},{\"@type\":\"ImageObject\",\"inLanguage\":\"en-US\",\"@id\":\"https:\\\/\\\/medicinasinc.com\\\/da\\\/product\\\/kob-krystal-meth-metamfetamin\\\/#primaryimage\",\"url\":\"https:\\\/\\\/medicinasinc.com\\\/da\\\/wp-content\\\/uploads\\\/sites\\\/8\\\/2022\\\/02\\\/Buy-Crystal-Meth.jpg\",\"contentUrl\":\"https:\\\/\\\/medicinasinc.com\\\/da\\\/wp-content\\\/uploads\\\/sites\\\/8\\\/2022\\\/02\\\/Buy-Crystal-Meth.jpg\",\"width\":1024,\"height\":768},{\"@type\":\"BreadcrumbList\",\"@id\":\"https:\\\/\\\/medicinasinc.com\\\/da\\\/product\\\/kob-krystal-meth-metamfetamin\\\/#breadcrumb\",\"itemListElement\":[{\"@type\":\"ListItem\",\"position\":1,\"name\":\"Butik\",\"item\":\"https:\\\/\\\/medicinasinc.com\\\/da\\\/butik\\\/\"},{\"@type\":\"ListItem\",\"position\":2,\"name\":\"K\u00f8b Crystal Meth (metamfetamin)\"}]},{\"@type\":\"WebSite\",\"@id\":\"https:\\\/\\\/medicinasinc.com\\\/da\\\/#website\",\"url\":\"https:\\\/\\\/medicinasinc.com\\\/da\\\/\",\"name\":\"Medicinas Inc\",\"description\":\"Health Medical Clinic\",\"potentialAction\":[{\"@type\":\"SearchAction\",\"target\":{\"@type\":\"EntryPoint\",\"urlTemplate\":\"https:\\\/\\\/medicinasinc.com\\\/da\\\/?s={search_term_string}\"},\"query-input\":{\"@type\":\"PropertyValueSpecification\",\"valueRequired\":true,\"valueName\":\"search_term_string\"}}],\"inLanguage\":\"en-US\"}]}<\/script>\n<!-- \/ Yoast SEO plugin. -->","yoast_head_json":{"title":"K\u00f8b Crystal Meth (metamfetamin) - bedste bedste globale medicin","description":"K\u00f8b Crystal Meth til salg Storbritannien, EU, Europa, USA, Kina for at behandle kr\u00e6ft ved hj\u00e6lp af bestglobalmeds.com. Det bedste sted, hvor du kan k\u00f8be metamfetamin billigt online.","robots":{"index":"index","follow":"follow","max-snippet":"max-snippet:-1","max-image-preview":"max-image-preview:large","max-video-preview":"max-video-preview:-1"},"canonical":"https:\/\/medicinasinc.com\/da\/product\/kob-krystal-meth-metamfetamin\/","og_locale":"en_US","og_type":"article","og_title":"K\u00f8b Crystal Meth (metamfetamin) - bedste bedste globale medicin","og_description":"K\u00f8b Crystal Meth til salg Storbritannien, EU, Europa, USA, Kina for at behandle kr\u00e6ft ved hj\u00e6lp af bestglobalmeds.com. Det bedste sted, hvor du kan k\u00f8be metamfetamin billigt online.","og_url":"https:\/\/medicinasinc.com\/da\/product\/kob-krystal-meth-metamfetamin\/","og_site_name":"Medicinas Inc","article_modified_time":"2022-03-20T00:34:47+00:00","og_image":[{"width":1024,"height":768,"url":"https:\/\/medicinasinc.com\/da\/wp-content\/uploads\/sites\/8\/2022\/02\/Buy-Crystal-Meth.jpg","type":"image\/jpeg"}],"twitter_card":"summary_large_image","twitter_misc":{"Est. reading time":"3 minutes"},"schema":{"@context":"https:\/\/schema.org","@graph":[{"@type":"WebPage","@id":"https:\/\/medicinasinc.com\/da\/product\/kob-krystal-meth-metamfetamin\/","url":"https:\/\/medicinasinc.com\/da\/product\/kob-krystal-meth-metamfetamin\/","name":"K\u00f8b Crystal Meth (metamfetamin) - bedste bedste globale medicin","isPartOf":{"@id":"https:\/\/medicinasinc.com\/da\/#website"},"primaryImageOfPage":{"@id":"https:\/\/medicinasinc.com\/da\/product\/kob-krystal-meth-metamfetamin\/#primaryimage"},"image":{"@id":"https:\/\/medicinasinc.com\/da\/product\/kob-krystal-meth-metamfetamin\/#primaryimage"},"thumbnailUrl":"https:\/\/medicinasinc.com\/da\/wp-content\/uploads\/sites\/8\/2022\/02\/Buy-Crystal-Meth.jpg","datePublished":"2022-02-22T00:08:30+00:00","dateModified":"2022-03-20T00:34:47+00:00","description":"K\u00f8b Crystal Meth til salg Storbritannien, EU, Europa, USA, Kina for at behandle kr\u00e6ft ved hj\u00e6lp af bestglobalmeds.com. Det bedste sted, hvor du kan k\u00f8be metamfetamin billigt online.","breadcrumb":{"@id":"https:\/\/medicinasinc.com\/da\/product\/kob-krystal-meth-metamfetamin\/#breadcrumb"},"inLanguage":"en-US","potentialAction":[{"@type":"ReadAction","target":["https:\/\/medicinasinc.com\/da\/product\/kob-krystal-meth-metamfetamin\/"]}]},{"@type":"ImageObject","inLanguage":"en-US","@id":"https:\/\/medicinasinc.com\/da\/product\/kob-krystal-meth-metamfetamin\/#primaryimage","url":"https:\/\/medicinasinc.com\/da\/wp-content\/uploads\/sites\/8\/2022\/02\/Buy-Crystal-Meth.jpg","contentUrl":"https:\/\/medicinasinc.com\/da\/wp-content\/uploads\/sites\/8\/2022\/02\/Buy-Crystal-Meth.jpg","width":1024,"height":768},{"@type":"BreadcrumbList","@id":"https:\/\/medicinasinc.com\/da\/product\/kob-krystal-meth-metamfetamin\/#breadcrumb","itemListElement":[{"@type":"ListItem","position":1,"name":"Butik","item":"https:\/\/medicinasinc.com\/da\/butik\/"},{"@type":"ListItem","position":2,"name":"K\u00f8b Crystal Meth (metamfetamin)"}]},{"@type":"WebSite","@id":"https:\/\/medicinasinc.com\/da\/#website","url":"https:\/\/medicinasinc.com\/da\/","name":"Medicinas Inc","description":"Health Medical Clinic","potentialAction":[{"@type":"SearchAction","target":{"@type":"EntryPoint","urlTemplate":"https:\/\/medicinasinc.com\/da\/?s={search_term_string}"},"query-input":{"@type":"PropertyValueSpecification","valueRequired":true,"valueName":"search_term_string"}}],"inLanguage":"en-US"}]}},"_links":{"self":[{"href":"https:\/\/medicinasinc.com\/da\/wp-json\/wp\/v2\/product\/5471","targetHints":{"allow":["GET"]}}],"collection":[{"href":"https:\/\/medicinasinc.com\/da\/wp-json\/wp\/v2\/product"}],"about":[{"href":"https:\/\/medicinasinc.com\/da\/wp-json\/wp\/v2\/types\/product"}],"replies":[{"embeddable":true,"href":"https:\/\/medicinasinc.com\/da\/wp-json\/wp\/v2\/comments?post=5471"}],"wp:featuredmedia":[{"embeddable":true,"href":"https:\/\/medicinasinc.com\/da\/wp-json\/wp\/v2\/media\/5483"}],"wp:attachment":[{"href":"https:\/\/medicinasinc.com\/da\/wp-json\/wp\/v2\/media?parent=5471"}],"wp:term":[{"taxonomy":"product_brand","embeddable":true,"href":"https:\/\/medicinasinc.com\/da\/wp-json\/wp\/v2\/product_brand?post=5471"},{"taxonomy":"product_cat","embeddable":true,"href":"https:\/\/medicinasinc.com\/da\/wp-json\/wp\/v2\/product_cat?post=5471"},{"taxonomy":"product_tag","embeddable":true,"href":"https:\/\/medicinasinc.com\/da\/wp-json\/wp\/v2\/product_tag?post=5471"}],"curies":[{"name":"wp","href":"https:\/\/api.w.org\/{rel}","templated":true}]}}