{"id":5470,"date":"2022-02-22T00:06:57","date_gmt":"2022-02-22T00:06:57","guid":{"rendered":"https:\/\/medicinasinc.com\/da\/?post_type=product&#038;p=5470"},"modified":"2022-03-20T00:34:56","modified_gmt":"2022-03-20T00:34:56","slug":"kob-th-pvp-krystal","status":"publish","type":"product","link":"https:\/\/medicinasinc.com\/da\/product\/kob-th-pvp-krystal\/","title":{"rendered":"K\u00f8b TH-PVP Crystal"},"content":{"rendered":"<p>K\u00f8b TH-PVP krystal med rabat online.<\/p>\n<p>K\u00f8b TH-PVP krystal med rabat online.<\/p>\n<p>K\u00f8b TH-PVP online fra verdens mest velrenommerede kontortransportfirma .<\/p>\n<p>TH-PVP er ligesom PVP en energigiver. Lidt er kendt om dette kemikalie i denne henseende, hvilket skaber en enorm mulighed for forskning.<\/p>\n<p>Vi er den bedste leverand\u00f8r af TH-PVP i Kina og betragtes bredt som den bedste TH-PVP Reddit-forhandler. Hvis du leder efter en legitim TH-PVP-s\u00e6lger, skal du ikke g\u00e5 l\u00e6ngere end til os.<\/p>\n<p>K\u00d8B TH-PVP ONLINE FRA VORES BUTIK<\/p>\n<p>Hvis du leder efter en TH -PVP-butik p\u00e5 nettet, der giver dig mulighed for sikkert at k\u00f8be en TH-PVP-perle, Classicarabians er dit bedste bud. Vi har en r\u00e6kke forskellige syntetiske stoffer til forskningsform\u00e5l ved h\u00e5nden, sammen med TH-PVP og andre TH-PVP-\u00e6kvivalenter. Vores teknik er ret klar og ukompliceret at bruge den avancerede adgang til at f\u00e5 TH-PVP \u00e6delstene online billigt fra producenter og leverand\u00f8rer i Kina.<\/p>\n<p>Hvis du bor i USA, Canada, Storbritannien, Australien eller Europa og har brug for en vare hurtigst muligt, tilbyder vi verdensomsp\u00e6ndende forsendelse. Uanset hvad opfordrer vi til, at du g\u00f8r dig bekendt med anvendelserne og symptomerne p\u00e5 TH-PVP, f\u00f8r du anmoder. Derudover b\u00f8r du v\u00e6re opm\u00e6rksom p\u00e5 visse reelle konsekvenser forbundet med at k\u00f8be TH-PVP \u00e6delstene online uden en kur i din stat. Classicarabians er den st\u00f8rste s\u00e6lger af TH-PVP online, hvilket giver dig mulighed for at supplere din logiske unders\u00f8gelse med de lettest tilg\u00e6ngelige stofmaterialer. Uanset hvad opfordrer vi til, at du g\u00f8r dig bekendt med anvendelserne og symptomerne p\u00e5 TH-PVP, f\u00f8r du anmoder. Derudover b\u00f8r du v\u00e6re opm\u00e6rksom p\u00e5 visse reelle konsekvenser forbundet med at k\u00f8be TH-PVP \u00e6delstene online uden en kur i din stat.<\/p>\n<p>Vi leverer den st\u00f8rste m\u00e6ngde og kvalitet af ting. G\u00f8r en indsats for ikke at spilde din tid. Send din anmodning nu, og varen bliver leveret til dit hjem. Derudover har vi d\u00f8dsstjernevoks.<\/p>\n","protected":false},"excerpt":{"rendered":"<div class=\"woocommerce-product-details__short-description\">\n<div class=\"char\">SPECIFIKATION<\/div>\n<div class=\"specification\">\n<div class=\"sprow\"><span class=\"spname\">Produktnavn:<\/span><span class=\"sptext\">TH-PVP<\/span><\/div>\n<div class=\"sprow\"><span class=\"spname\">IUPAC-navn:<\/span> <span class=\"sptext\">2-(pyrrolidin-1-yl)-1-(5,6,7,8-tetrahydronaphthalen-2-yl)pentan-1-on<\/span><\/div>\n<div class=\"sprow\"><span class=\"spname\">Andre navne:<\/span><span class=\"sptext\">TH-\u03b1-PVP<\/span><\/div>\n<div class=\"sprow\"> <span class=\"spname\">Cas Number:<\/span><span class=\"sptext\">583123-2-1<\/span><\/div>\n<div class=\"sprow\"><span class=\"spname \">Molekyl\u00e6r formel:<\/span><span class=\"sptext\">C19H27NO<\/span><\/div>\n<div class=\"sprow\"><span class=\"spname\">Effekt:<\/span><span class=\"sptext\">stimulerende, psykedelisk<\/span><\/div>\n<div class=\"sprow\"><span class=\"spname\">Stofets renhed:<\/span><span class=\"sptext\"> 99,9 %<\/span><\/div>\n<div class=\"sprow\"><\/div>\n<\/p><\/div>\n<p><em>K\u00f8b<\/em>\u00a0h\u00f8jkvalitets\u00a0<em>TH pvp p\u00e5 linje<\/em>\u00a0til engrospriser Kina\u00a0<em>TH pvp<\/em>\u00a0leverand\u00f8r. &#8230; hvor du kan\u00a0<em>k\u00f8be<\/em>\u00a0th-pvp\u00a0<em>krystal online billigt<\/em>\u00a0til engros\u00a0<em>priser<\/em><\/p>\n<p><em>K\u00f8b TH<\/em> &#8211;<em>PVP<\/em>\u00a0Rock\u00a0<em>Crystal<\/em> fra Approved Drug Supplies til bedste pris p\u00e5 Bestglobalmeds.com<\/p>\n<p>K\u00f8b TH-PVP Crystal til den laveste pris online. Verdensomsp\u00e6ndende forsendelse er garanteret sikker og sikker hos os. th-pvp\u00a0anmeldelse<\/p>\n<p>Hvor kan man k\u00f8be billig TH-PVP-krystal?<\/p>\n<p>Krystaller til salg | K\u00f8b TH-PVP Crystal online | K\u00f8b TH-PVP Krystalpulver til salg | K\u00f8b billigt TH-PVP Krystalpulver | Hvor kan man k\u00f8be TH-PVP Krystalpulver online | \u00c6gte TH-PVP Crystal online.<\/p>\n<\/p><\/div>\n","protected":false},"featured_media":5481,"comment_status":"open","ping_status":"closed","template":"","meta":[],"product_brand":[],"product_cat":[2014],"product_tag":[2783,2784,2785,2780,2781,2798,2778,2779,2786,2782,2787,2793,2788,2791,2792,2794,2795,2789,2790,2796,2797],"class_list":{"0":"post-5470","1":"product","2":"type-product","3":"status-publish","4":"has-post-thumbnail","6":"product_cat-kb-forskningskemikalier","7":"product_tag-orden-te-pvp-bjergkrystal","8":"product_tag-ordre-th-pvp-rock-crystal-eu","9":"product_tag-bestil-th-pvp-rock-crystal-online","10":"product_tag-buy-th-pvp-rock-crystal-stimulants","11":"product_tag-buy-th-pvp-rock-crystal-usa","12":"product_tag-hvor-kan-kbes-th-pvp-bjergkrystal","13":"product_tag-kb-th-pvp-bjergkrystal","14":"product_tag-kb-th-pvp-rock-crystal-online","15":"product_tag-kbte-th-pvp-bjergkrystal","16":"product_tag-mail-th-pvp-rock-crystal","17":"product_tag-th-pvp-bjergkrystal","18":"product_tag-th-pvp-rock-crystal-anmeldelse","19":"product_tag-th-pvp-bjergkrystal-australien","20":"product_tag-th-pvp-rock-crystal-online","21":"product_tag-th-pvp-rock-crystal-reddit","22":"product_tag-th-pvp-bjergkrystal-stimulerende-midler","23":"product_tag-th-pvp-bjergkrystal-stimulanter-til-salg","24":"product_tag-th-pvp-bjergkrystal-til-salg","25":"product_tag-th-pvp-bjergkrystal-til-salg-dk","26":"product_tag-th-pvp-bjergkrystal-leverandr","27":"product_tag-th-pvp-rock-crystal-vendor","29":"first","30":"instock","31":"shipping-taxable","32":"purchasable","33":"product-type-variable","34":"has-default-attributes"},"yoast_head":"<!-- This site is optimized with the Yoast SEO plugin v27.3 - https:\/\/yoast.com\/product\/yoast-seo-wordpress\/ -->\n<title>K\u00f8b billig TH-PVP Crystal Online - Bedste globale medicin<\/title>\n<meta name=\"description\" content=\"K\u00f8b billig TH-PVP krystal online. \u00c6gte TH-PVP krystal online \u2013 TH-PVP krystal til salg | K\u00f8b TH-PVP Crystal online | K\u00f8b TH-PVP Krystalpulver til salg| K\u00f8b billigt TH-PVP Krystalpulver | Hvor kan man k\u00f8be TH-PVP Krystalpulver online.\" \/>\n<meta name=\"robots\" content=\"index, follow, max-snippet:-1, max-image-preview:large, max-video-preview:-1\" \/>\n<link rel=\"canonical\" href=\"https:\/\/medicinasinc.com\/da\/product\/kob-th-pvp-krystal\/\" \/>\n<meta property=\"og:locale\" content=\"en_US\" \/>\n<meta property=\"og:type\" content=\"article\" \/>\n<meta property=\"og:title\" content=\"K\u00f8b billig TH-PVP Crystal Online - Bedste globale medicin\" \/>\n<meta property=\"og:description\" content=\"K\u00f8b billig TH-PVP krystal online. \u00c6gte TH-PVP krystal online \u2013 TH-PVP krystal til salg | K\u00f8b TH-PVP Crystal online | K\u00f8b TH-PVP Krystalpulver til salg| K\u00f8b billigt TH-PVP Krystalpulver | Hvor kan man k\u00f8be TH-PVP Krystalpulver online.\" \/>\n<meta property=\"og:url\" content=\"https:\/\/medicinasinc.com\/da\/product\/kob-th-pvp-krystal\/\" \/>\n<meta property=\"og:site_name\" content=\"Medicinas Inc\" \/>\n<meta property=\"article:modified_time\" content=\"2022-03-20T00:34:56+00:00\" \/>\n<meta property=\"og:image\" content=\"https:\/\/medicinasinc.com\/da\/wp-content\/uploads\/sites\/8\/2022\/02\/buy-cheap-th-pvp-crystal-online.jpg\" \/>\n\t<meta property=\"og:image:width\" content=\"600\" \/>\n\t<meta property=\"og:image:height\" content=\"600\" \/>\n\t<meta property=\"og:image:type\" content=\"image\/jpeg\" \/>\n<meta name=\"twitter:card\" content=\"summary_large_image\" \/>\n<meta name=\"twitter:label1\" content=\"Est. reading time\" \/>\n\t<meta name=\"twitter:data1\" content=\"2 minutes\" \/>\n<script type=\"application\/ld+json\" class=\"yoast-schema-graph\">{\"@context\":\"https:\\\/\\\/schema.org\",\"@graph\":[{\"@type\":\"WebPage\",\"@id\":\"https:\\\/\\\/medicinasinc.com\\\/da\\\/product\\\/kob-th-pvp-krystal\\\/\",\"url\":\"https:\\\/\\\/medicinasinc.com\\\/da\\\/product\\\/kob-th-pvp-krystal\\\/\",\"name\":\"K\u00f8b billig TH-PVP Crystal Online - Bedste globale medicin\",\"isPartOf\":{\"@id\":\"https:\\\/\\\/medicinasinc.com\\\/da\\\/#website\"},\"primaryImageOfPage\":{\"@id\":\"https:\\\/\\\/medicinasinc.com\\\/da\\\/product\\\/kob-th-pvp-krystal\\\/#primaryimage\"},\"image\":{\"@id\":\"https:\\\/\\\/medicinasinc.com\\\/da\\\/product\\\/kob-th-pvp-krystal\\\/#primaryimage\"},\"thumbnailUrl\":\"https:\\\/\\\/medicinasinc.com\\\/da\\\/wp-content\\\/uploads\\\/sites\\\/8\\\/2022\\\/02\\\/buy-cheap-th-pvp-crystal-online.jpg\",\"datePublished\":\"2022-02-22T00:06:57+00:00\",\"dateModified\":\"2022-03-20T00:34:56+00:00\",\"description\":\"K\u00f8b billig TH-PVP krystal online. \u00c6gte TH-PVP krystal online \u2013 TH-PVP krystal til salg | K\u00f8b TH-PVP Crystal online | K\u00f8b TH-PVP Krystalpulver til salg| K\u00f8b billigt TH-PVP Krystalpulver | Hvor kan man k\u00f8be TH-PVP Krystalpulver online.\",\"breadcrumb\":{\"@id\":\"https:\\\/\\\/medicinasinc.com\\\/da\\\/product\\\/kob-th-pvp-krystal\\\/#breadcrumb\"},\"inLanguage\":\"en-US\",\"potentialAction\":[{\"@type\":\"ReadAction\",\"target\":[\"https:\\\/\\\/medicinasinc.com\\\/da\\\/product\\\/kob-th-pvp-krystal\\\/\"]}]},{\"@type\":\"ImageObject\",\"inLanguage\":\"en-US\",\"@id\":\"https:\\\/\\\/medicinasinc.com\\\/da\\\/product\\\/kob-th-pvp-krystal\\\/#primaryimage\",\"url\":\"https:\\\/\\\/medicinasinc.com\\\/da\\\/wp-content\\\/uploads\\\/sites\\\/8\\\/2022\\\/02\\\/buy-cheap-th-pvp-crystal-online.jpg\",\"contentUrl\":\"https:\\\/\\\/medicinasinc.com\\\/da\\\/wp-content\\\/uploads\\\/sites\\\/8\\\/2022\\\/02\\\/buy-cheap-th-pvp-crystal-online.jpg\",\"width\":600,\"height\":600},{\"@type\":\"BreadcrumbList\",\"@id\":\"https:\\\/\\\/medicinasinc.com\\\/da\\\/product\\\/kob-th-pvp-krystal\\\/#breadcrumb\",\"itemListElement\":[{\"@type\":\"ListItem\",\"position\":1,\"name\":\"Butik\",\"item\":\"https:\\\/\\\/medicinasinc.com\\\/da\\\/butik\\\/\"},{\"@type\":\"ListItem\",\"position\":2,\"name\":\"K\u00f8b TH-PVP Crystal\"}]},{\"@type\":\"WebSite\",\"@id\":\"https:\\\/\\\/medicinasinc.com\\\/da\\\/#website\",\"url\":\"https:\\\/\\\/medicinasinc.com\\\/da\\\/\",\"name\":\"Medicinas Inc\",\"description\":\"Health Medical Clinic\",\"potentialAction\":[{\"@type\":\"SearchAction\",\"target\":{\"@type\":\"EntryPoint\",\"urlTemplate\":\"https:\\\/\\\/medicinasinc.com\\\/da\\\/?s={search_term_string}\"},\"query-input\":{\"@type\":\"PropertyValueSpecification\",\"valueRequired\":true,\"valueName\":\"search_term_string\"}}],\"inLanguage\":\"en-US\"}]}<\/script>\n<!-- \/ Yoast SEO plugin. -->","yoast_head_json":{"title":"K\u00f8b billig TH-PVP Crystal Online - Bedste globale medicin","description":"K\u00f8b billig TH-PVP krystal online. \u00c6gte TH-PVP krystal online \u2013 TH-PVP krystal til salg | K\u00f8b TH-PVP Crystal online | K\u00f8b TH-PVP Krystalpulver til salg| K\u00f8b billigt TH-PVP Krystalpulver | Hvor kan man k\u00f8be TH-PVP Krystalpulver online.","robots":{"index":"index","follow":"follow","max-snippet":"max-snippet:-1","max-image-preview":"max-image-preview:large","max-video-preview":"max-video-preview:-1"},"canonical":"https:\/\/medicinasinc.com\/da\/product\/kob-th-pvp-krystal\/","og_locale":"en_US","og_type":"article","og_title":"K\u00f8b billig TH-PVP Crystal Online - Bedste globale medicin","og_description":"K\u00f8b billig TH-PVP krystal online. \u00c6gte TH-PVP krystal online \u2013 TH-PVP krystal til salg | K\u00f8b TH-PVP Crystal online | K\u00f8b TH-PVP Krystalpulver til salg| K\u00f8b billigt TH-PVP Krystalpulver | Hvor kan man k\u00f8be TH-PVP Krystalpulver online.","og_url":"https:\/\/medicinasinc.com\/da\/product\/kob-th-pvp-krystal\/","og_site_name":"Medicinas Inc","article_modified_time":"2022-03-20T00:34:56+00:00","og_image":[{"width":600,"height":600,"url":"https:\/\/medicinasinc.com\/da\/wp-content\/uploads\/sites\/8\/2022\/02\/buy-cheap-th-pvp-crystal-online.jpg","type":"image\/jpeg"}],"twitter_card":"summary_large_image","twitter_misc":{"Est. reading time":"2 minutes"},"schema":{"@context":"https:\/\/schema.org","@graph":[{"@type":"WebPage","@id":"https:\/\/medicinasinc.com\/da\/product\/kob-th-pvp-krystal\/","url":"https:\/\/medicinasinc.com\/da\/product\/kob-th-pvp-krystal\/","name":"K\u00f8b billig TH-PVP Crystal Online - Bedste globale medicin","isPartOf":{"@id":"https:\/\/medicinasinc.com\/da\/#website"},"primaryImageOfPage":{"@id":"https:\/\/medicinasinc.com\/da\/product\/kob-th-pvp-krystal\/#primaryimage"},"image":{"@id":"https:\/\/medicinasinc.com\/da\/product\/kob-th-pvp-krystal\/#primaryimage"},"thumbnailUrl":"https:\/\/medicinasinc.com\/da\/wp-content\/uploads\/sites\/8\/2022\/02\/buy-cheap-th-pvp-crystal-online.jpg","datePublished":"2022-02-22T00:06:57+00:00","dateModified":"2022-03-20T00:34:56+00:00","description":"K\u00f8b billig TH-PVP krystal online. \u00c6gte TH-PVP krystal online \u2013 TH-PVP krystal til salg | K\u00f8b TH-PVP Crystal online | K\u00f8b TH-PVP Krystalpulver til salg| K\u00f8b billigt TH-PVP Krystalpulver | Hvor kan man k\u00f8be TH-PVP Krystalpulver online.","breadcrumb":{"@id":"https:\/\/medicinasinc.com\/da\/product\/kob-th-pvp-krystal\/#breadcrumb"},"inLanguage":"en-US","potentialAction":[{"@type":"ReadAction","target":["https:\/\/medicinasinc.com\/da\/product\/kob-th-pvp-krystal\/"]}]},{"@type":"ImageObject","inLanguage":"en-US","@id":"https:\/\/medicinasinc.com\/da\/product\/kob-th-pvp-krystal\/#primaryimage","url":"https:\/\/medicinasinc.com\/da\/wp-content\/uploads\/sites\/8\/2022\/02\/buy-cheap-th-pvp-crystal-online.jpg","contentUrl":"https:\/\/medicinasinc.com\/da\/wp-content\/uploads\/sites\/8\/2022\/02\/buy-cheap-th-pvp-crystal-online.jpg","width":600,"height":600},{"@type":"BreadcrumbList","@id":"https:\/\/medicinasinc.com\/da\/product\/kob-th-pvp-krystal\/#breadcrumb","itemListElement":[{"@type":"ListItem","position":1,"name":"Butik","item":"https:\/\/medicinasinc.com\/da\/butik\/"},{"@type":"ListItem","position":2,"name":"K\u00f8b TH-PVP Crystal"}]},{"@type":"WebSite","@id":"https:\/\/medicinasinc.com\/da\/#website","url":"https:\/\/medicinasinc.com\/da\/","name":"Medicinas Inc","description":"Health Medical Clinic","potentialAction":[{"@type":"SearchAction","target":{"@type":"EntryPoint","urlTemplate":"https:\/\/medicinasinc.com\/da\/?s={search_term_string}"},"query-input":{"@type":"PropertyValueSpecification","valueRequired":true,"valueName":"search_term_string"}}],"inLanguage":"en-US"}]}},"_links":{"self":[{"href":"https:\/\/medicinasinc.com\/da\/wp-json\/wp\/v2\/product\/5470","targetHints":{"allow":["GET"]}}],"collection":[{"href":"https:\/\/medicinasinc.com\/da\/wp-json\/wp\/v2\/product"}],"about":[{"href":"https:\/\/medicinasinc.com\/da\/wp-json\/wp\/v2\/types\/product"}],"replies":[{"embeddable":true,"href":"https:\/\/medicinasinc.com\/da\/wp-json\/wp\/v2\/comments?post=5470"}],"wp:featuredmedia":[{"embeddable":true,"href":"https:\/\/medicinasinc.com\/da\/wp-json\/wp\/v2\/media\/5481"}],"wp:attachment":[{"href":"https:\/\/medicinasinc.com\/da\/wp-json\/wp\/v2\/media?parent=5470"}],"wp:term":[{"taxonomy":"product_brand","embeddable":true,"href":"https:\/\/medicinasinc.com\/da\/wp-json\/wp\/v2\/product_brand?post=5470"},{"taxonomy":"product_cat","embeddable":true,"href":"https:\/\/medicinasinc.com\/da\/wp-json\/wp\/v2\/product_cat?post=5470"},{"taxonomy":"product_tag","embeddable":true,"href":"https:\/\/medicinasinc.com\/da\/wp-json\/wp\/v2\/product_tag?post=5470"}],"curies":[{"name":"wp","href":"https:\/\/api.w.org\/{rel}","templated":true}]}}