{"id":5469,"date":"2022-02-22T00:05:12","date_gmt":"2022-02-22T00:05:12","guid":{"rendered":"https:\/\/medicinasinc.com\/da\/?post_type=product&#038;p=5469"},"modified":"2022-03-20T00:35:07","modified_gmt":"2022-03-20T00:35:07","slug":"kob-klonazolam-pulver","status":"publish","type":"product","link":"https:\/\/medicinasinc.com\/da\/product\/kob-klonazolam-pulver\/","title":{"rendered":"K\u00f8b Clonazolam Powder"},"content":{"rendered":"<h1 style=\"font-weight: 600\"><b><strong>K\u00f8b Clonazolam Powder\u00a0<\/strong><\/b><\/h1>\n<p style=\"font-weight: 400\">High Store Europas f\u00f8rende Clonazolam Chemical Wholesale Supplier<\/p>\n<h2 style=\"font-weight: 600\">CLONAZOLAM Powder EU Supplier, UK<\/h2>\n<ul style=\"font-weight: 400\">\n<li>Sporet\u00a0 &#8211; Tracked Forsikret eller normal levering<\/li>\n<li>Bankoverf\u00f8rsel eller bitcoin-betalingsoplysninger ved udtjekning .<\/li>\n<li>Forsendelse mandag til fredag<\/li>\n<li><b><strong>Bem\u00e6rk venligst, at du kun er d\u00e6kket for tab efter 30 dage 1 x gratis genforsendelse p\u00e5 en sporet forsikret tjeneste &#8211; Beklager ingen undtagelser !<\/strong><\/b><\/li>\n<\/ul>\n<h3 style=\"font-weight: 600\"><\/h3>\n<h3 style=\"font-weight: 600\"><b><strong>Clonazolam Powder\u00a0<\/strong><\/b><\/h3>\n<ul style=\"font-weight: 400\">\n<li><b><a href=\"https:\/\/psychonautwiki.org\/wiki\/Sedation\">Sedation<\/a><\/b>\u00a0&#8211; Clonazolam har potentialet til at v\u00e6re ekstremt beroligende og resulterer ofte i en overv\u00e6ldende sl\u00f8v tilstand. P\u00e5 h\u00f8jere niveauer for\u00e5rsager dette, at brugerne pludselig f\u00f8ler, at de er ekstremt s\u00f8vnmangel og ikke har sovet i dagevis, hvilket tvinger dem til at s\u00e6tte sig ned og generelt f\u00f8le, som om de konstant er p\u00e5 gr\u00e6nsen til at besvime i stedet for at deltage i fysiske aktiviteter. Denne f\u00f8lelse af s\u00f8vnmangel \u00f8ges proportionalt med dosis og bliver til sidst kraftig nok til at tvinge en person til fuldst\u00e6ndig bevidstl\u00f8shed.<\/li>\n<li><b><a href=\"https:\/\/psychonautwiki.org\/wiki\/Muscle_relaxation\"> Muskelafsp\u00e6nding<\/a><\/b>\u00a0&#8211; Denne effekt er s\u00e6rlig st\u00e6rk sammenlignet med andre benzodiazepiner s\u00e5som\u00a0<a href=\"https:\/\/psychonautwiki.org\/wiki\/Alprazolam\">alprazolam<\/a>.<\/li>\n<li><b><a href=\"https:\/\/psychonautwiki.org\/wiki\/Motor_control_loss\">Tab af motorkontrol<\/a><\/b><\/li>\n<li><b><a href=\"https:\/\/psychonautwiki.org\/wiki\/Dizziness\">Svimmelhed<\/a><\/b><\/li>\n<li><b><a href=\"https:\/\/psychonautwiki.org\/wiki\/Increased_libido\">\u00d8get libido<\/a><\/b><\/li>\n<li><b><a href=\"https:\/\/psychonautwiki.org\/wiki\/Respiratory_depression\">\u00c5ndedr\u00e6tsdepression<\/a><\/b><\/li>\n<\/ul>\n<p style=\"font-weight: 400\"><b><strong>Clonazolam\u00a0<\/strong><\/b>er i benzodiazepinklassen. Benzodiazepiner indeholder en benzenring fusioneret til en diazepinring, som er en syvleddet ring, der har de to nitrogenbestanddele placeret ved R1 og R4. Benzylringen af \u200b\u200bclonazolam er substitueret ved R8 med en nitrogruppe NO2-. Diazepinringen er ogs\u00e5 bundet ved R6 til en 2-chloreret phenylring.<\/p>\n<p style=\"font-weight: 400\"><a href=\"https:\/\/www.bestglobalmeds.com\/product\/ research-chemicals\/buy-clonazolam-powder\/\">Clonazolam<\/a> indeholder en 1-methyleret triazolring fusioneret til og inkorporerer R1 og R2 af dens diazepinring. Clonazolam tilh\u00f8rer en klasse af benzodiazepiner, der indeholder denne fusionerede triazolring, kaldet triazolobenzodiazepiner, kendetegnet ved suffikset -zolam. Andre nitrobenzodiazepiner omfatter clonazepam og flunitrazepam.<\/p>\n<p style=\"font-weight: 400\">6-(2-chlorphenyl)-1-methyl-8-nitro-4H-s-triazolo- (4,3- a)-(1,4)-benzodiazepin<\/p>\n<p>Dette produkt s\u00e6lges kun til forskningsform\u00e5l og m\u00e5 ikke bruges til andre form\u00e5l, herunder, men ikke begr\u00e6nset til, in vivo diagnostiske form\u00e5l, i f\u00f8devarer, i l\u00e6gemidler, i medicinsk udstyr og\/eller kosmetik til mennesker og\/eller dyr.<\/p>\n<p style=\"font-weight: 400\">F\u00f8r du bestiller, skal du s\u00f8rge for, at du er ordentligt udstyret til forskningskemikalier og at dit arbejdsomr\u00e5de er godt ventileret.<\/p>\n<p style=\"font-weight: 400\">Du skal v\u00e6re 18 \u00e5r eller derover for at bestille dette produkt.<\/p>\n","protected":false},"excerpt":{"rendered":"<div class=\"woocommerce-product-details__short-description\">\n<p>K\u00f8b rent Clonazolam-pulver af h\u00f8j kvalitet Europa, Storbritannien, EU online med Bitcoin &#8211; K\u00f8b lovlige stoffer online, k\u00f8b clonazolam-kemikalier, k\u00f8b r\u00e5 farmaceutiske pulvere.<\/p>\n<p>Med Bitcoin kan du k\u00f8be rent Clonazolam-pulver af h\u00f8j kvalitet online. Du kan k\u00f8be lovlig medicin, forskningskemikalier og farmaceutiske r\u00e5pulvere overalt p\u00e5 internettet.<\/p>\n<p>K\u00f8b Clonazolam for at mindske dine angst- og panikanfald. Det har en positiv effekt p\u00e5 dit mentale velbefindende.<\/p>\n<p>Hvor kan jeg f\u00e5 Clonazolam i U.S.A.? S\u00e6lger af clonazolam, hurtig levering, god kvalitet og mulighed for nemt at undg\u00e5 told<\/p>\n<p>Shop efter clonazolam-pulver p\u00e5 internettet. Clonazolam er strukturelt identisk med Clonazepam, med undtagelse af 1,2,4-triazolringen fusioneret til benzenringen. Hvad bruges Clonazolam til, og hvordan hj\u00e6lper det mennesker? I mellemtiden er Clonazolam udelukkende tilg\u00e6ngelig til forskningsform\u00e5l og ikke til konsum.<\/p>\n<\/p><\/div>\n","protected":false},"featured_media":5479,"comment_status":"open","ping_status":"closed","template":"","meta":[],"product_brand":[],"product_cat":[2014],"product_tag":[2772,2748,2751,2752,2753,2755,2765,2756,2759,2760,2761,2764,2758,2762,2763,2757,2766,2768,2776,2775,2777,2769,2749,2750,2754,2767,2774,2773,2771,2770],"class_list":{"0":"post-5469","1":"product","2":"type-product","3":"status-publish","4":"has-post-thumbnail","6":"product_cat-kb-forskningskemikalier","7":"product_tag-bestil-c-lam-trott-2019-pulver","8":"product_tag-buy-cheap-clonazolam-powder-online","9":"product_tag-buy-clonazolam-online","10":"product_tag-buy-clonazolam-powder","11":"product_tag-buy-clonazolam-powder-online","12":"product_tag-clonazolam","13":"product_tag-clonazolam-forskning","14":"product_tag-clonazolam-kb","15":"product_tag-clonazolam-powder-education","16":"product_tag-clonazolam-powder-eu","17":"product_tag-clonazolam-powder-in-canada","18":"product_tag-clonazolam-pris","19":"product_tag-clonazolam-pulver","20":"product_tag-clonazolam-pulver-online","21":"product_tag-clonazolam-pulver-pris","22":"product_tag-clonazolam-til-salg","23":"product_tag-clonitrazolam-pulver-bedste-pris-online","24":"product_tag-eclonazolam-powder-for-sale","25":"product_tag-hvor-kan-kbes-klonazolam-pulver-online","26":"product_tag-hvor-kan-kbes-klonazolam-pulver","27":"product_tag-hvor-kan-kbes-clonitrazolam-pulver-online","28":"product_tag-hvordan-man-indtager-klonazolam-pulver","29":"product_tag-kb-klon-musling-pulver","30":"product_tag-kbe-clonazolam","31":"product_tag-k-c3-b8b-leje-klonazolam-pulver-online","32":"product_tag-krystallinsk-klonazolam-pulver","33":"product_tag-kvalitets-clonazolam-pulver","34":"product_tag-pure-clonazolam-powder","35":"product_tag-hvordan-bestiller-man-klonazolam-pulver-online","36":"product_tag-hvordan-du-fr-rent-klonazolam-pulver-online","38":"first","39":"instock","40":"shipping-taxable","41":"purchasable","42":"product-type-variable","43":"has-default-attributes"},"yoast_head":"<!-- This site is optimized with the Yoast SEO plugin v27.3 - https:\/\/yoast.com\/product\/yoast-seo-wordpress\/ -->\n<title>K\u00f8b Clonazolam Powder - Clonazolam Powder - Bedste bedste globale medicin<\/title>\n<meta name=\"description\" content=\"K\u00f8b rent h\u00f8jkvalitets Clonazolam-pulver Europa, Storbritannien, EU online med Bitcoin - K\u00f8b lovlige stoffer online, k\u00f8b clonazolam-kemikalier, k\u00f8b r\u00e5 farmaceutiske pulvere.\" \/>\n<meta name=\"robots\" content=\"index, follow, max-snippet:-1, max-image-preview:large, max-video-preview:-1\" \/>\n<link rel=\"canonical\" href=\"https:\/\/medicinasinc.com\/da\/product\/kob-klonazolam-pulver\/\" \/>\n<meta property=\"og:locale\" content=\"en_US\" \/>\n<meta property=\"og:type\" content=\"article\" \/>\n<meta property=\"og:title\" content=\"K\u00f8b Clonazolam Powder - Clonazolam Powder - Bedste bedste globale medicin\" \/>\n<meta property=\"og:description\" content=\"K\u00f8b rent h\u00f8jkvalitets Clonazolam-pulver Europa, Storbritannien, EU online med Bitcoin - K\u00f8b lovlige stoffer online, k\u00f8b clonazolam-kemikalier, k\u00f8b r\u00e5 farmaceutiske pulvere.\" \/>\n<meta property=\"og:url\" content=\"https:\/\/medicinasinc.com\/da\/product\/kob-klonazolam-pulver\/\" \/>\n<meta property=\"og:site_name\" content=\"Medicinas Inc\" \/>\n<meta property=\"article:modified_time\" content=\"2022-03-20T00:35:07+00:00\" \/>\n<meta property=\"og:image\" content=\"https:\/\/medicinasinc.com\/da\/wp-content\/uploads\/sites\/8\/2022\/02\/Buy-Clonazolam-Powder.jpeg\" \/>\n\t<meta property=\"og:image:width\" content=\"566\" \/>\n\t<meta property=\"og:image:height\" content=\"600\" \/>\n\t<meta property=\"og:image:type\" content=\"image\/jpeg\" \/>\n<meta name=\"twitter:card\" content=\"summary_large_image\" \/>\n<meta name=\"twitter:label1\" content=\"Est. reading time\" \/>\n\t<meta name=\"twitter:data1\" content=\"2 minutes\" \/>\n<script type=\"application\/ld+json\" class=\"yoast-schema-graph\">{\"@context\":\"https:\\\/\\\/schema.org\",\"@graph\":[{\"@type\":\"WebPage\",\"@id\":\"https:\\\/\\\/medicinasinc.com\\\/da\\\/product\\\/kob-klonazolam-pulver\\\/\",\"url\":\"https:\\\/\\\/medicinasinc.com\\\/da\\\/product\\\/kob-klonazolam-pulver\\\/\",\"name\":\"K\u00f8b Clonazolam Powder - Clonazolam Powder - Bedste bedste globale medicin\",\"isPartOf\":{\"@id\":\"https:\\\/\\\/medicinasinc.com\\\/da\\\/#website\"},\"primaryImageOfPage\":{\"@id\":\"https:\\\/\\\/medicinasinc.com\\\/da\\\/product\\\/kob-klonazolam-pulver\\\/#primaryimage\"},\"image\":{\"@id\":\"https:\\\/\\\/medicinasinc.com\\\/da\\\/product\\\/kob-klonazolam-pulver\\\/#primaryimage\"},\"thumbnailUrl\":\"https:\\\/\\\/medicinasinc.com\\\/da\\\/wp-content\\\/uploads\\\/sites\\\/8\\\/2022\\\/02\\\/Buy-Clonazolam-Powder.jpeg\",\"datePublished\":\"2022-02-22T00:05:12+00:00\",\"dateModified\":\"2022-03-20T00:35:07+00:00\",\"description\":\"K\u00f8b rent h\u00f8jkvalitets Clonazolam-pulver Europa, Storbritannien, EU online med Bitcoin - K\u00f8b lovlige stoffer online, k\u00f8b clonazolam-kemikalier, k\u00f8b r\u00e5 farmaceutiske pulvere.\",\"breadcrumb\":{\"@id\":\"https:\\\/\\\/medicinasinc.com\\\/da\\\/product\\\/kob-klonazolam-pulver\\\/#breadcrumb\"},\"inLanguage\":\"en-US\",\"potentialAction\":[{\"@type\":\"ReadAction\",\"target\":[\"https:\\\/\\\/medicinasinc.com\\\/da\\\/product\\\/kob-klonazolam-pulver\\\/\"]}]},{\"@type\":\"ImageObject\",\"inLanguage\":\"en-US\",\"@id\":\"https:\\\/\\\/medicinasinc.com\\\/da\\\/product\\\/kob-klonazolam-pulver\\\/#primaryimage\",\"url\":\"https:\\\/\\\/medicinasinc.com\\\/da\\\/wp-content\\\/uploads\\\/sites\\\/8\\\/2022\\\/02\\\/Buy-Clonazolam-Powder.jpeg\",\"contentUrl\":\"https:\\\/\\\/medicinasinc.com\\\/da\\\/wp-content\\\/uploads\\\/sites\\\/8\\\/2022\\\/02\\\/Buy-Clonazolam-Powder.jpeg\",\"width\":566,\"height\":600},{\"@type\":\"BreadcrumbList\",\"@id\":\"https:\\\/\\\/medicinasinc.com\\\/da\\\/product\\\/kob-klonazolam-pulver\\\/#breadcrumb\",\"itemListElement\":[{\"@type\":\"ListItem\",\"position\":1,\"name\":\"Butik\",\"item\":\"https:\\\/\\\/medicinasinc.com\\\/da\\\/butik\\\/\"},{\"@type\":\"ListItem\",\"position\":2,\"name\":\"K\u00f8b Clonazolam Powder\"}]},{\"@type\":\"WebSite\",\"@id\":\"https:\\\/\\\/medicinasinc.com\\\/da\\\/#website\",\"url\":\"https:\\\/\\\/medicinasinc.com\\\/da\\\/\",\"name\":\"Medicinas Inc\",\"description\":\"Health Medical Clinic\",\"potentialAction\":[{\"@type\":\"SearchAction\",\"target\":{\"@type\":\"EntryPoint\",\"urlTemplate\":\"https:\\\/\\\/medicinasinc.com\\\/da\\\/?s={search_term_string}\"},\"query-input\":{\"@type\":\"PropertyValueSpecification\",\"valueRequired\":true,\"valueName\":\"search_term_string\"}}],\"inLanguage\":\"en-US\"}]}<\/script>\n<!-- \/ Yoast SEO plugin. -->","yoast_head_json":{"title":"K\u00f8b Clonazolam Powder - Clonazolam Powder - Bedste bedste globale medicin","description":"K\u00f8b rent h\u00f8jkvalitets Clonazolam-pulver Europa, Storbritannien, EU online med Bitcoin - K\u00f8b lovlige stoffer online, k\u00f8b clonazolam-kemikalier, k\u00f8b r\u00e5 farmaceutiske pulvere.","robots":{"index":"index","follow":"follow","max-snippet":"max-snippet:-1","max-image-preview":"max-image-preview:large","max-video-preview":"max-video-preview:-1"},"canonical":"https:\/\/medicinasinc.com\/da\/product\/kob-klonazolam-pulver\/","og_locale":"en_US","og_type":"article","og_title":"K\u00f8b Clonazolam Powder - Clonazolam Powder - Bedste bedste globale medicin","og_description":"K\u00f8b rent h\u00f8jkvalitets Clonazolam-pulver Europa, Storbritannien, EU online med Bitcoin - K\u00f8b lovlige stoffer online, k\u00f8b clonazolam-kemikalier, k\u00f8b r\u00e5 farmaceutiske pulvere.","og_url":"https:\/\/medicinasinc.com\/da\/product\/kob-klonazolam-pulver\/","og_site_name":"Medicinas Inc","article_modified_time":"2022-03-20T00:35:07+00:00","og_image":[{"width":566,"height":600,"url":"https:\/\/medicinasinc.com\/da\/wp-content\/uploads\/sites\/8\/2022\/02\/Buy-Clonazolam-Powder.jpeg","type":"image\/jpeg"}],"twitter_card":"summary_large_image","twitter_misc":{"Est. reading time":"2 minutes"},"schema":{"@context":"https:\/\/schema.org","@graph":[{"@type":"WebPage","@id":"https:\/\/medicinasinc.com\/da\/product\/kob-klonazolam-pulver\/","url":"https:\/\/medicinasinc.com\/da\/product\/kob-klonazolam-pulver\/","name":"K\u00f8b Clonazolam Powder - Clonazolam Powder - Bedste bedste globale medicin","isPartOf":{"@id":"https:\/\/medicinasinc.com\/da\/#website"},"primaryImageOfPage":{"@id":"https:\/\/medicinasinc.com\/da\/product\/kob-klonazolam-pulver\/#primaryimage"},"image":{"@id":"https:\/\/medicinasinc.com\/da\/product\/kob-klonazolam-pulver\/#primaryimage"},"thumbnailUrl":"https:\/\/medicinasinc.com\/da\/wp-content\/uploads\/sites\/8\/2022\/02\/Buy-Clonazolam-Powder.jpeg","datePublished":"2022-02-22T00:05:12+00:00","dateModified":"2022-03-20T00:35:07+00:00","description":"K\u00f8b rent h\u00f8jkvalitets Clonazolam-pulver Europa, Storbritannien, EU online med Bitcoin - K\u00f8b lovlige stoffer online, k\u00f8b clonazolam-kemikalier, k\u00f8b r\u00e5 farmaceutiske pulvere.","breadcrumb":{"@id":"https:\/\/medicinasinc.com\/da\/product\/kob-klonazolam-pulver\/#breadcrumb"},"inLanguage":"en-US","potentialAction":[{"@type":"ReadAction","target":["https:\/\/medicinasinc.com\/da\/product\/kob-klonazolam-pulver\/"]}]},{"@type":"ImageObject","inLanguage":"en-US","@id":"https:\/\/medicinasinc.com\/da\/product\/kob-klonazolam-pulver\/#primaryimage","url":"https:\/\/medicinasinc.com\/da\/wp-content\/uploads\/sites\/8\/2022\/02\/Buy-Clonazolam-Powder.jpeg","contentUrl":"https:\/\/medicinasinc.com\/da\/wp-content\/uploads\/sites\/8\/2022\/02\/Buy-Clonazolam-Powder.jpeg","width":566,"height":600},{"@type":"BreadcrumbList","@id":"https:\/\/medicinasinc.com\/da\/product\/kob-klonazolam-pulver\/#breadcrumb","itemListElement":[{"@type":"ListItem","position":1,"name":"Butik","item":"https:\/\/medicinasinc.com\/da\/butik\/"},{"@type":"ListItem","position":2,"name":"K\u00f8b Clonazolam Powder"}]},{"@type":"WebSite","@id":"https:\/\/medicinasinc.com\/da\/#website","url":"https:\/\/medicinasinc.com\/da\/","name":"Medicinas Inc","description":"Health Medical Clinic","potentialAction":[{"@type":"SearchAction","target":{"@type":"EntryPoint","urlTemplate":"https:\/\/medicinasinc.com\/da\/?s={search_term_string}"},"query-input":{"@type":"PropertyValueSpecification","valueRequired":true,"valueName":"search_term_string"}}],"inLanguage":"en-US"}]}},"_links":{"self":[{"href":"https:\/\/medicinasinc.com\/da\/wp-json\/wp\/v2\/product\/5469","targetHints":{"allow":["GET"]}}],"collection":[{"href":"https:\/\/medicinasinc.com\/da\/wp-json\/wp\/v2\/product"}],"about":[{"href":"https:\/\/medicinasinc.com\/da\/wp-json\/wp\/v2\/types\/product"}],"replies":[{"embeddable":true,"href":"https:\/\/medicinasinc.com\/da\/wp-json\/wp\/v2\/comments?post=5469"}],"wp:featuredmedia":[{"embeddable":true,"href":"https:\/\/medicinasinc.com\/da\/wp-json\/wp\/v2\/media\/5479"}],"wp:attachment":[{"href":"https:\/\/medicinasinc.com\/da\/wp-json\/wp\/v2\/media?parent=5469"}],"wp:term":[{"taxonomy":"product_brand","embeddable":true,"href":"https:\/\/medicinasinc.com\/da\/wp-json\/wp\/v2\/product_brand?post=5469"},{"taxonomy":"product_cat","embeddable":true,"href":"https:\/\/medicinasinc.com\/da\/wp-json\/wp\/v2\/product_cat?post=5469"},{"taxonomy":"product_tag","embeddable":true,"href":"https:\/\/medicinasinc.com\/da\/wp-json\/wp\/v2\/product_tag?post=5469"}],"curies":[{"name":"wp","href":"https:\/\/api.w.org\/{rel}","templated":true}]}}