{"id":5468,"date":"2022-02-22T00:04:03","date_gmt":"2022-02-22T00:04:03","guid":{"rendered":"https:\/\/medicinasinc.com\/da\/?post_type=product&#038;p=5468"},"modified":"2022-03-20T00:35:16","modified_gmt":"2022-03-20T00:35:16","slug":"kob-4-cl-pvp-krystaller","status":"publish","type":"product","link":"https:\/\/medicinasinc.com\/da\/product\/kob-4-cl-pvp-krystaller\/","title":{"rendered":"K\u00f8b 4-CL-PVP krystaller"},"content":{"rendered":"<p>Hvad er 4-CL-PVP helt pr\u00e6cist?<\/p>\n<p>Den krystallinske \u00e6kvivalent af a-PVP er 4-CL-PVP. Det er et klassisk stimulans. 4-CL-PVP-forskningsunders\u00f8gelser giver ofte resultater af snakkesalighed, \u00f8get \u00e5rv\u00e5genhed, \u00f8get energi og andre stimulerende effekter. 4-CL-effekter PVP&#8217;er varer ofte mindre end tre timer. Derudover er stoffet rapporteret at generere milde til alvorlige euforiserende virkninger. Forskere, der leder efter en erstatning for a-PVP, vil finde 4-CL-PVP som en acceptabel erstatning. 4-CL-PVP er en genoptagelsesh\u00e6mmer af noradrenalin og dopamin. Dette faktum bidrager v\u00e6sentligt til dette kemikalies stimulerende egenskaber.<\/p>\n<p>Hvor kan jeg k\u00f8be 4-CL-PVP?<\/p>\n<p>Chemical Planet s\u00e6lger 4-CL-PVP af overordentlig h\u00f8j kvalitet. Typisk leveres vores 4-CL-PVP i krystalform. Hvis du ikke kan se den formular, du leder efter, bedes du kontakte os for at finde ud af, hvorn\u00e5r den vil v\u00e6re tilg\u00e6ngelig igen.<\/p>\n<p>Hvis du \u00f8nsker at k\u00f8be 4-Cl-PVP fra Chemical Planet, skal du v\u00e6re p\u00e5 mindst 18 \u00e5r gammel og fuldt ud i overensstemmelse med alle lokale forskningskemiske love. Vores forbindelser er kun beregnet til forskningsbrug og er ikke til menneske- eller dyrekonsum.<\/p>\n<p>&nbsp;<\/p>\n<p>Lovligheden af \u200b\u200b4-CL-PVP<\/p>\n<p>St\u00f8rstedelen af lande over hele verden har afholdt sig fra at erkl\u00e6re 4-CL-PVP for et forbudt kemikalie. Dette betyder, at det er uplanlagt de fleste steder. Hvis du har brug for yderligere oplysninger om den juridiske status for 4-CL-PVP, bedes du kontakte dine f\u00f8derale myndigheder.<\/p>\n<p>Opbevar altid et k\u00f8ligt, t\u00f8rt sted for at sikre den l\u00e6ngst mulige holdbarhed. Dette produkt er udelukkende beregnet til retsmedicinske og forskningsm\u00e6ssige form\u00e5l. Som s\u00e5dan er det IKKE beregnet til konsum eller nogen form for in vivo-fors\u00f8g p\u00e5 dyr eller nogen anden levende enhed.<\/p>\n","protected":false},"excerpt":{"rendered":"<p>4-CL-PVP krystaller til salg i Storbritannien, Europa og EU. K\u00f8b 4-CL-PVP krystaller online til den bedste pris, med gratis forsendelse tilg\u00e6ngelig over hele verden.<\/p>\n<p>Til salg er 4-CL-PVP krystaller.<\/p>\n<p>K\u00f8b 4-CL-PVP krystaller. online til den bedste pris, med gratis forsendelse tilg\u00e6ngelig over hele verden.<\/p>\n<p>K\u00f8b 4-CL-PVP-krystaller med rabat online.<\/p>\n<p>4-CL-PVP-krystaller er et nyt stimulerende middel og modstykke af den meget popul\u00e6re a-PVP.<\/p>\n","protected":false},"featured_media":5477,"comment_status":"open","ping_status":"closed","template":"","meta":[],"product_brand":[],"product_cat":[2014],"product_tag":[2739,2740,2738,2742,2743,2741,2744,2745,2747,2746],"class_list":{"0":"post-5468","1":"product","2":"type-product","3":"status-publish","4":"has-post-thumbnail","6":"product_cat-kb-forskningskemikalier","7":"product_tag-4-cl-pvp-effekt","8":"product_tag-4-cl-pvp-europa","9":"product_tag-4-cl-pvp-krystaller-til-salg","10":"product_tag-4-cl-pvp-order","11":"product_tag-4-cl-pvp-reddit","12":"product_tag-4-cl-pvp-til-salg","13":"product_tag-buy-4-cl-pvp","14":"product_tag-buy-4-cl-pvp-crystal-online","15":"product_tag-hvor-kan-kbes-4-cl-pvp-krystaller-online","16":"product_tag-kb-4-cl-pvp-krystaller-online","18":"first","19":"instock","20":"shipping-taxable","21":"purchasable","22":"product-type-variable","23":"has-default-attributes"},"yoast_head":"<!-- This site is optimized with the Yoast SEO plugin v27.3 - https:\/\/yoast.com\/product\/yoast-seo-wordpress\/ -->\n<title>K\u00f8b 4-CL-PVP-krystaller - 4-CL-PVP-krystaller - Bedste globale medicin<\/title>\n<meta name=\"description\" content=\"K\u00f8b 4-CL-PVP-krystaller til salg i Storbritannien, Europa, EU. K\u00f8b 4-CL-PVP-krystaller\u00a0online, gratis forsendelse i topkvalitet p\u00e5 verdensplan, billigste nogensinde, bedste pris at bestille.\" \/>\n<meta name=\"robots\" content=\"index, follow, max-snippet:-1, max-image-preview:large, max-video-preview:-1\" \/>\n<link rel=\"canonical\" href=\"https:\/\/medicinasinc.com\/da\/product\/kob-4-cl-pvp-krystaller\/\" \/>\n<meta property=\"og:locale\" content=\"en_US\" \/>\n<meta property=\"og:type\" content=\"article\" \/>\n<meta property=\"og:title\" content=\"K\u00f8b 4-CL-PVP-krystaller - 4-CL-PVP-krystaller - Bedste globale medicin\" \/>\n<meta property=\"og:description\" content=\"K\u00f8b 4-CL-PVP-krystaller til salg i Storbritannien, Europa, EU. K\u00f8b 4-CL-PVP-krystaller\u00a0online, gratis forsendelse i topkvalitet p\u00e5 verdensplan, billigste nogensinde, bedste pris at bestille.\" \/>\n<meta property=\"og:url\" content=\"https:\/\/medicinasinc.com\/da\/product\/kob-4-cl-pvp-krystaller\/\" \/>\n<meta property=\"og:site_name\" content=\"Medicinas Inc\" \/>\n<meta property=\"article:modified_time\" content=\"2022-03-20T00:35:16+00:00\" \/>\n<meta property=\"og:image\" content=\"https:\/\/medicinasinc.com\/da\/wp-content\/uploads\/sites\/8\/2022\/02\/Buy-4-CL-PVP-Crystals.jpg\" \/>\n\t<meta property=\"og:image:width\" content=\"275\" \/>\n\t<meta property=\"og:image:height\" content=\"183\" \/>\n\t<meta property=\"og:image:type\" content=\"image\/jpeg\" \/>\n<meta name=\"twitter:card\" content=\"summary_large_image\" \/>\n<meta name=\"twitter:label1\" content=\"Est. reading time\" \/>\n\t<meta name=\"twitter:data1\" content=\"2 minutes\" \/>\n<script type=\"application\/ld+json\" class=\"yoast-schema-graph\">{\"@context\":\"https:\\\/\\\/schema.org\",\"@graph\":[{\"@type\":\"WebPage\",\"@id\":\"https:\\\/\\\/medicinasinc.com\\\/da\\\/product\\\/kob-4-cl-pvp-krystaller\\\/\",\"url\":\"https:\\\/\\\/medicinasinc.com\\\/da\\\/product\\\/kob-4-cl-pvp-krystaller\\\/\",\"name\":\"K\u00f8b 4-CL-PVP-krystaller - 4-CL-PVP-krystaller - Bedste globale medicin\",\"isPartOf\":{\"@id\":\"https:\\\/\\\/medicinasinc.com\\\/da\\\/#website\"},\"primaryImageOfPage\":{\"@id\":\"https:\\\/\\\/medicinasinc.com\\\/da\\\/product\\\/kob-4-cl-pvp-krystaller\\\/#primaryimage\"},\"image\":{\"@id\":\"https:\\\/\\\/medicinasinc.com\\\/da\\\/product\\\/kob-4-cl-pvp-krystaller\\\/#primaryimage\"},\"thumbnailUrl\":\"https:\\\/\\\/medicinasinc.com\\\/da\\\/wp-content\\\/uploads\\\/sites\\\/8\\\/2022\\\/02\\\/Buy-4-CL-PVP-Crystals.jpg\",\"datePublished\":\"2022-02-22T00:04:03+00:00\",\"dateModified\":\"2022-03-20T00:35:16+00:00\",\"description\":\"K\u00f8b 4-CL-PVP-krystaller til salg i Storbritannien, Europa, EU. K\u00f8b 4-CL-PVP-krystaller\u00a0online, gratis forsendelse i topkvalitet p\u00e5 verdensplan, billigste nogensinde, bedste pris at bestille.\",\"breadcrumb\":{\"@id\":\"https:\\\/\\\/medicinasinc.com\\\/da\\\/product\\\/kob-4-cl-pvp-krystaller\\\/#breadcrumb\"},\"inLanguage\":\"en-US\",\"potentialAction\":[{\"@type\":\"ReadAction\",\"target\":[\"https:\\\/\\\/medicinasinc.com\\\/da\\\/product\\\/kob-4-cl-pvp-krystaller\\\/\"]}]},{\"@type\":\"ImageObject\",\"inLanguage\":\"en-US\",\"@id\":\"https:\\\/\\\/medicinasinc.com\\\/da\\\/product\\\/kob-4-cl-pvp-krystaller\\\/#primaryimage\",\"url\":\"https:\\\/\\\/medicinasinc.com\\\/da\\\/wp-content\\\/uploads\\\/sites\\\/8\\\/2022\\\/02\\\/Buy-4-CL-PVP-Crystals.jpg\",\"contentUrl\":\"https:\\\/\\\/medicinasinc.com\\\/da\\\/wp-content\\\/uploads\\\/sites\\\/8\\\/2022\\\/02\\\/Buy-4-CL-PVP-Crystals.jpg\",\"width\":275,\"height\":183},{\"@type\":\"BreadcrumbList\",\"@id\":\"https:\\\/\\\/medicinasinc.com\\\/da\\\/product\\\/kob-4-cl-pvp-krystaller\\\/#breadcrumb\",\"itemListElement\":[{\"@type\":\"ListItem\",\"position\":1,\"name\":\"Butik\",\"item\":\"https:\\\/\\\/medicinasinc.com\\\/da\\\/butik\\\/\"},{\"@type\":\"ListItem\",\"position\":2,\"name\":\"K\u00f8b 4-CL-PVP krystaller\"}]},{\"@type\":\"WebSite\",\"@id\":\"https:\\\/\\\/medicinasinc.com\\\/da\\\/#website\",\"url\":\"https:\\\/\\\/medicinasinc.com\\\/da\\\/\",\"name\":\"Medicinas Inc\",\"description\":\"Health Medical Clinic\",\"potentialAction\":[{\"@type\":\"SearchAction\",\"target\":{\"@type\":\"EntryPoint\",\"urlTemplate\":\"https:\\\/\\\/medicinasinc.com\\\/da\\\/?s={search_term_string}\"},\"query-input\":{\"@type\":\"PropertyValueSpecification\",\"valueRequired\":true,\"valueName\":\"search_term_string\"}}],\"inLanguage\":\"en-US\"}]}<\/script>\n<!-- \/ Yoast SEO plugin. -->","yoast_head_json":{"title":"K\u00f8b 4-CL-PVP-krystaller - 4-CL-PVP-krystaller - Bedste globale medicin","description":"K\u00f8b 4-CL-PVP-krystaller til salg i Storbritannien, Europa, EU. K\u00f8b 4-CL-PVP-krystaller\u00a0online, gratis forsendelse i topkvalitet p\u00e5 verdensplan, billigste nogensinde, bedste pris at bestille.","robots":{"index":"index","follow":"follow","max-snippet":"max-snippet:-1","max-image-preview":"max-image-preview:large","max-video-preview":"max-video-preview:-1"},"canonical":"https:\/\/medicinasinc.com\/da\/product\/kob-4-cl-pvp-krystaller\/","og_locale":"en_US","og_type":"article","og_title":"K\u00f8b 4-CL-PVP-krystaller - 4-CL-PVP-krystaller - Bedste globale medicin","og_description":"K\u00f8b 4-CL-PVP-krystaller til salg i Storbritannien, Europa, EU. K\u00f8b 4-CL-PVP-krystaller\u00a0online, gratis forsendelse i topkvalitet p\u00e5 verdensplan, billigste nogensinde, bedste pris at bestille.","og_url":"https:\/\/medicinasinc.com\/da\/product\/kob-4-cl-pvp-krystaller\/","og_site_name":"Medicinas Inc","article_modified_time":"2022-03-20T00:35:16+00:00","og_image":[{"width":275,"height":183,"url":"https:\/\/medicinasinc.com\/da\/wp-content\/uploads\/sites\/8\/2022\/02\/Buy-4-CL-PVP-Crystals.jpg","type":"image\/jpeg"}],"twitter_card":"summary_large_image","twitter_misc":{"Est. reading time":"2 minutes"},"schema":{"@context":"https:\/\/schema.org","@graph":[{"@type":"WebPage","@id":"https:\/\/medicinasinc.com\/da\/product\/kob-4-cl-pvp-krystaller\/","url":"https:\/\/medicinasinc.com\/da\/product\/kob-4-cl-pvp-krystaller\/","name":"K\u00f8b 4-CL-PVP-krystaller - 4-CL-PVP-krystaller - Bedste globale medicin","isPartOf":{"@id":"https:\/\/medicinasinc.com\/da\/#website"},"primaryImageOfPage":{"@id":"https:\/\/medicinasinc.com\/da\/product\/kob-4-cl-pvp-krystaller\/#primaryimage"},"image":{"@id":"https:\/\/medicinasinc.com\/da\/product\/kob-4-cl-pvp-krystaller\/#primaryimage"},"thumbnailUrl":"https:\/\/medicinasinc.com\/da\/wp-content\/uploads\/sites\/8\/2022\/02\/Buy-4-CL-PVP-Crystals.jpg","datePublished":"2022-02-22T00:04:03+00:00","dateModified":"2022-03-20T00:35:16+00:00","description":"K\u00f8b 4-CL-PVP-krystaller til salg i Storbritannien, Europa, EU. K\u00f8b 4-CL-PVP-krystaller\u00a0online, gratis forsendelse i topkvalitet p\u00e5 verdensplan, billigste nogensinde, bedste pris at bestille.","breadcrumb":{"@id":"https:\/\/medicinasinc.com\/da\/product\/kob-4-cl-pvp-krystaller\/#breadcrumb"},"inLanguage":"en-US","potentialAction":[{"@type":"ReadAction","target":["https:\/\/medicinasinc.com\/da\/product\/kob-4-cl-pvp-krystaller\/"]}]},{"@type":"ImageObject","inLanguage":"en-US","@id":"https:\/\/medicinasinc.com\/da\/product\/kob-4-cl-pvp-krystaller\/#primaryimage","url":"https:\/\/medicinasinc.com\/da\/wp-content\/uploads\/sites\/8\/2022\/02\/Buy-4-CL-PVP-Crystals.jpg","contentUrl":"https:\/\/medicinasinc.com\/da\/wp-content\/uploads\/sites\/8\/2022\/02\/Buy-4-CL-PVP-Crystals.jpg","width":275,"height":183},{"@type":"BreadcrumbList","@id":"https:\/\/medicinasinc.com\/da\/product\/kob-4-cl-pvp-krystaller\/#breadcrumb","itemListElement":[{"@type":"ListItem","position":1,"name":"Butik","item":"https:\/\/medicinasinc.com\/da\/butik\/"},{"@type":"ListItem","position":2,"name":"K\u00f8b 4-CL-PVP krystaller"}]},{"@type":"WebSite","@id":"https:\/\/medicinasinc.com\/da\/#website","url":"https:\/\/medicinasinc.com\/da\/","name":"Medicinas Inc","description":"Health Medical Clinic","potentialAction":[{"@type":"SearchAction","target":{"@type":"EntryPoint","urlTemplate":"https:\/\/medicinasinc.com\/da\/?s={search_term_string}"},"query-input":{"@type":"PropertyValueSpecification","valueRequired":true,"valueName":"search_term_string"}}],"inLanguage":"en-US"}]}},"_links":{"self":[{"href":"https:\/\/medicinasinc.com\/da\/wp-json\/wp\/v2\/product\/5468","targetHints":{"allow":["GET"]}}],"collection":[{"href":"https:\/\/medicinasinc.com\/da\/wp-json\/wp\/v2\/product"}],"about":[{"href":"https:\/\/medicinasinc.com\/da\/wp-json\/wp\/v2\/types\/product"}],"replies":[{"embeddable":true,"href":"https:\/\/medicinasinc.com\/da\/wp-json\/wp\/v2\/comments?post=5468"}],"wp:featuredmedia":[{"embeddable":true,"href":"https:\/\/medicinasinc.com\/da\/wp-json\/wp\/v2\/media\/5477"}],"wp:attachment":[{"href":"https:\/\/medicinasinc.com\/da\/wp-json\/wp\/v2\/media?parent=5468"}],"wp:term":[{"taxonomy":"product_brand","embeddable":true,"href":"https:\/\/medicinasinc.com\/da\/wp-json\/wp\/v2\/product_brand?post=5468"},{"taxonomy":"product_cat","embeddable":true,"href":"https:\/\/medicinasinc.com\/da\/wp-json\/wp\/v2\/product_cat?post=5468"},{"taxonomy":"product_tag","embeddable":true,"href":"https:\/\/medicinasinc.com\/da\/wp-json\/wp\/v2\/product_tag?post=5468"}],"curies":[{"name":"wp","href":"https:\/\/api.w.org\/{rel}","templated":true}]}}