{"id":5443,"date":"2022-02-21T23:37:16","date_gmt":"2022-02-21T23:37:16","guid":{"rendered":"https:\/\/medicinasinc.com\/da\/?post_type=product&#038;p=5443"},"modified":"2022-03-20T00:35:25","modified_gmt":"2022-03-20T00:35:25","slug":"kob-bufedron-pulver","status":"publish","type":"product","link":"https:\/\/medicinasinc.com\/da\/product\/kob-bufedron-pulver\/","title":{"rendered":"K\u00f8b Buphedrone pulver"},"content":{"rendered":"<p>K\u00f8b Buphedronpulver<\/p>\n<p>Gennemse vores online K\u00f8b Buphedronpulver eller krystalkatalog. Vi tilbyder produkter af h\u00f8j kvalitet til rimelige priser. Ordrer med en &#8220;subtotal&#8221; p\u00e5 mindst 10 g vil modtage 25 % rabat.<\/p>\n<p>Hvad er buphedron egentlig?<br \/> Dette velkendte forskningskemikalie er et stimulerende middel i phenethylamin- og cathinon-kemiske klasser. Buphedron er en beta-keton, der er relateret til de naturligt forekommende forbindelser cathinon og cathine. Det er ogs\u00e5 kendt som -methylamino-butyrophenone eller Phenylacetoethyl-methylamine.<\/p>\n<p>Buphedronpulver\/K\u00f8b buphedronpulver<\/p>\n<p>Pulveret bufedron<\/p>\n<p>Det er ogs\u00e5 relateret til metamfetamin, med -ketonsubstituenten (ved beta-carbonatomet) og en ethylgruppe, der erstatter methylgruppen ved aminens carbon-alfa. Dets virkninger p\u00e5 testpersoner er blevet sammenlignet med metamfetamins virkninger, med mere eufori og mindre fysisk stimulering observeret i unders\u00f8gelser. Det \u00f8ger dopaminfrigivelsen fra dopaminerge nerveterminaler i hjernen.<\/p>\n<p>Pulveret buphedron<\/p>\n<p>Cathinonerstatninger, som ethcathinon, er psykoaktive forbindelser, der almindeligvis bruges som rekreative stoffer.<\/p>\n<p>Nogle af dem har amfetaminlignende virkninger.<\/p>\n<p>3 Buphedron (hydrochlorid) er en substitueret cathinon med en ethylgruppe i alfapositionen og en methylgruppe i N-terminalen. Denne forbindelse er blevet fundet i stimulant-relaterede produkter. 2 Dets biologiske og toksikologiske egenskaber er endnu ikke fastlagt. Dette produkt er beregnet til retsmedicinsk brug.<\/p>\n","protected":false},"excerpt":{"rendered":"<div class=\"woocommerce-product-details__short-description\">\n<p><em>K\u00f8b<\/em>\u00a0ren h\u00f8jkvalitets\u00a0<em>Buphedrone Powder<\/em>\u00a0online med Bitcoin &#8211; <em>K\u00f8b<\/em>\u00a0lovlige l\u00e6gemidler online,\u00a0<em>k\u00f8b<\/em>\u00a0forskningskemikalier,\u00a0<em>k\u00f8b<\/em>\u00a0r\u00e5 farmaceutiske\u00a0<em>pulvere<\/em>.<\/p>\n<p>K\u00f8b Buphedronpulver i USA K\u00f8b i l\u00f8s v\u00e6gt Buphedron, ogs\u00e5 kendt som MABP, er et phenethylamin- og cathinon-kemisk-stimulerende middel.<\/p>\n<p>K\u00f8b buphedronpulver online.<\/p>\n<p>Buphedron, ogs\u00e5 kendt som -methylamino -butyrophenon (MABP), er et phenethylamin- og cathinonstimulerende middel, der f\u00f8rst blev syntetiseret i 1928.<\/p>\n<\/p><\/div>\n","protected":false},"featured_media":5455,"comment_status":"open","ping_status":"closed","template":"","meta":[],"product_brand":[],"product_cat":[2014],"product_tag":[2735,2726,2727,2731,2730,2732,2733,2728,2729,2737,2734,2736],"class_list":{"0":"post-5443","1":"product","2":"type-product","3":"status-publish","4":"has-post-thumbnail","6":"product_cat-kb-forskningskemikalier","7":"product_tag-ordre-bufedron-pulver","8":"product_tag-bufedron-pulver","9":"product_tag-bufedron-pulver-effekt","10":"product_tag-bufedron-pulver-italien","11":"product_tag-bufedron-pulver-tyskland","12":"product_tag-buphedrone-powder-reddit","13":"product_tag-buphedrone-powder-uk","14":"product_tag-bufedron-pulver-europa","15":"product_tag-bufedron-pulver-til-salg","16":"product_tag-hvor-kan-kbes-bufedron-pulver","17":"product_tag-k-c3-b8b-bufedron-pulver","18":"product_tag-kvalitets-bufedron-pulver","20":"first","21":"instock","22":"shipping-taxable","23":"purchasable","24":"product-type-variable"},"yoast_head":"<!-- This site is optimized with the Yoast SEO plugin v27.3 - https:\/\/yoast.com\/product\/yoast-seo-wordpress\/ -->\n<title>K\u00f8b Buphedrone pulver - Buphedrone pulver - Best Global Meds<\/title>\n<meta name=\"description\" content=\"K\u00f8b buphedronpulver til salg UK, EU, Europa (\u03b1-methylamino-butyrophenone eller MABP) krystal og pulver med 99,9 % renhed online med sikret .\" \/>\n<meta name=\"robots\" content=\"index, follow, max-snippet:-1, max-image-preview:large, max-video-preview:-1\" \/>\n<link rel=\"canonical\" href=\"https:\/\/medicinasinc.com\/da\/product\/kob-bufedron-pulver\/\" \/>\n<meta property=\"og:locale\" content=\"en_US\" \/>\n<meta property=\"og:type\" content=\"article\" \/>\n<meta property=\"og:title\" content=\"K\u00f8b Buphedrone pulver - Buphedrone pulver - Best Global Meds\" \/>\n<meta property=\"og:description\" content=\"K\u00f8b buphedronpulver til salg UK, EU, Europa (\u03b1-methylamino-butyrophenone eller MABP) krystal og pulver med 99,9 % renhed online med sikret .\" \/>\n<meta property=\"og:url\" content=\"https:\/\/medicinasinc.com\/da\/product\/kob-bufedron-pulver\/\" \/>\n<meta property=\"og:site_name\" content=\"Medicinas Inc\" \/>\n<meta property=\"article:modified_time\" content=\"2022-03-20T00:35:25+00:00\" \/>\n<meta property=\"og:image\" content=\"https:\/\/medicinasinc.com\/da\/wp-content\/uploads\/sites\/8\/2022\/02\/Buy-Buphedrone-powder.png\" \/>\n\t<meta property=\"og:image:width\" content=\"600\" \/>\n\t<meta property=\"og:image:height\" content=\"400\" \/>\n\t<meta property=\"og:image:type\" content=\"image\/png\" \/>\n<meta name=\"twitter:card\" content=\"summary_large_image\" \/>\n<meta name=\"twitter:label1\" content=\"Est. reading time\" \/>\n\t<meta name=\"twitter:data1\" content=\"1 minute\" \/>\n<script type=\"application\/ld+json\" class=\"yoast-schema-graph\">{\"@context\":\"https:\\\/\\\/schema.org\",\"@graph\":[{\"@type\":\"WebPage\",\"@id\":\"https:\\\/\\\/medicinasinc.com\\\/da\\\/product\\\/kob-bufedron-pulver\\\/\",\"url\":\"https:\\\/\\\/medicinasinc.com\\\/da\\\/product\\\/kob-bufedron-pulver\\\/\",\"name\":\"K\u00f8b Buphedrone pulver - Buphedrone pulver - Best Global Meds\",\"isPartOf\":{\"@id\":\"https:\\\/\\\/medicinasinc.com\\\/da\\\/#website\"},\"primaryImageOfPage\":{\"@id\":\"https:\\\/\\\/medicinasinc.com\\\/da\\\/product\\\/kob-bufedron-pulver\\\/#primaryimage\"},\"image\":{\"@id\":\"https:\\\/\\\/medicinasinc.com\\\/da\\\/product\\\/kob-bufedron-pulver\\\/#primaryimage\"},\"thumbnailUrl\":\"https:\\\/\\\/medicinasinc.com\\\/da\\\/wp-content\\\/uploads\\\/sites\\\/8\\\/2022\\\/02\\\/Buy-Buphedrone-powder.png\",\"datePublished\":\"2022-02-21T23:37:16+00:00\",\"dateModified\":\"2022-03-20T00:35:25+00:00\",\"description\":\"K\u00f8b buphedronpulver til salg UK, EU, Europa (\u03b1-methylamino-butyrophenone eller MABP) krystal og pulver med 99,9 % renhed online med sikret .\",\"breadcrumb\":{\"@id\":\"https:\\\/\\\/medicinasinc.com\\\/da\\\/product\\\/kob-bufedron-pulver\\\/#breadcrumb\"},\"inLanguage\":\"en-US\",\"potentialAction\":[{\"@type\":\"ReadAction\",\"target\":[\"https:\\\/\\\/medicinasinc.com\\\/da\\\/product\\\/kob-bufedron-pulver\\\/\"]}]},{\"@type\":\"ImageObject\",\"inLanguage\":\"en-US\",\"@id\":\"https:\\\/\\\/medicinasinc.com\\\/da\\\/product\\\/kob-bufedron-pulver\\\/#primaryimage\",\"url\":\"https:\\\/\\\/medicinasinc.com\\\/da\\\/wp-content\\\/uploads\\\/sites\\\/8\\\/2022\\\/02\\\/Buy-Buphedrone-powder.png\",\"contentUrl\":\"https:\\\/\\\/medicinasinc.com\\\/da\\\/wp-content\\\/uploads\\\/sites\\\/8\\\/2022\\\/02\\\/Buy-Buphedrone-powder.png\",\"width\":600,\"height\":400},{\"@type\":\"BreadcrumbList\",\"@id\":\"https:\\\/\\\/medicinasinc.com\\\/da\\\/product\\\/kob-bufedron-pulver\\\/#breadcrumb\",\"itemListElement\":[{\"@type\":\"ListItem\",\"position\":1,\"name\":\"Butik\",\"item\":\"https:\\\/\\\/medicinasinc.com\\\/da\\\/butik\\\/\"},{\"@type\":\"ListItem\",\"position\":2,\"name\":\"K\u00f8b Buphedrone pulver\"}]},{\"@type\":\"WebSite\",\"@id\":\"https:\\\/\\\/medicinasinc.com\\\/da\\\/#website\",\"url\":\"https:\\\/\\\/medicinasinc.com\\\/da\\\/\",\"name\":\"Medicinas Inc\",\"description\":\"Health Medical Clinic\",\"potentialAction\":[{\"@type\":\"SearchAction\",\"target\":{\"@type\":\"EntryPoint\",\"urlTemplate\":\"https:\\\/\\\/medicinasinc.com\\\/da\\\/?s={search_term_string}\"},\"query-input\":{\"@type\":\"PropertyValueSpecification\",\"valueRequired\":true,\"valueName\":\"search_term_string\"}}],\"inLanguage\":\"en-US\"}]}<\/script>\n<!-- \/ Yoast SEO plugin. -->","yoast_head_json":{"title":"K\u00f8b Buphedrone pulver - Buphedrone pulver - Best Global Meds","description":"K\u00f8b buphedronpulver til salg UK, EU, Europa (\u03b1-methylamino-butyrophenone eller MABP) krystal og pulver med 99,9 % renhed online med sikret .","robots":{"index":"index","follow":"follow","max-snippet":"max-snippet:-1","max-image-preview":"max-image-preview:large","max-video-preview":"max-video-preview:-1"},"canonical":"https:\/\/medicinasinc.com\/da\/product\/kob-bufedron-pulver\/","og_locale":"en_US","og_type":"article","og_title":"K\u00f8b Buphedrone pulver - Buphedrone pulver - Best Global Meds","og_description":"K\u00f8b buphedronpulver til salg UK, EU, Europa (\u03b1-methylamino-butyrophenone eller MABP) krystal og pulver med 99,9 % renhed online med sikret .","og_url":"https:\/\/medicinasinc.com\/da\/product\/kob-bufedron-pulver\/","og_site_name":"Medicinas Inc","article_modified_time":"2022-03-20T00:35:25+00:00","og_image":[{"width":600,"height":400,"url":"https:\/\/medicinasinc.com\/da\/wp-content\/uploads\/sites\/8\/2022\/02\/Buy-Buphedrone-powder.png","type":"image\/png"}],"twitter_card":"summary_large_image","twitter_misc":{"Est. reading time":"1 minute"},"schema":{"@context":"https:\/\/schema.org","@graph":[{"@type":"WebPage","@id":"https:\/\/medicinasinc.com\/da\/product\/kob-bufedron-pulver\/","url":"https:\/\/medicinasinc.com\/da\/product\/kob-bufedron-pulver\/","name":"K\u00f8b Buphedrone pulver - Buphedrone pulver - Best Global Meds","isPartOf":{"@id":"https:\/\/medicinasinc.com\/da\/#website"},"primaryImageOfPage":{"@id":"https:\/\/medicinasinc.com\/da\/product\/kob-bufedron-pulver\/#primaryimage"},"image":{"@id":"https:\/\/medicinasinc.com\/da\/product\/kob-bufedron-pulver\/#primaryimage"},"thumbnailUrl":"https:\/\/medicinasinc.com\/da\/wp-content\/uploads\/sites\/8\/2022\/02\/Buy-Buphedrone-powder.png","datePublished":"2022-02-21T23:37:16+00:00","dateModified":"2022-03-20T00:35:25+00:00","description":"K\u00f8b buphedronpulver til salg UK, EU, Europa (\u03b1-methylamino-butyrophenone eller MABP) krystal og pulver med 99,9 % renhed online med sikret .","breadcrumb":{"@id":"https:\/\/medicinasinc.com\/da\/product\/kob-bufedron-pulver\/#breadcrumb"},"inLanguage":"en-US","potentialAction":[{"@type":"ReadAction","target":["https:\/\/medicinasinc.com\/da\/product\/kob-bufedron-pulver\/"]}]},{"@type":"ImageObject","inLanguage":"en-US","@id":"https:\/\/medicinasinc.com\/da\/product\/kob-bufedron-pulver\/#primaryimage","url":"https:\/\/medicinasinc.com\/da\/wp-content\/uploads\/sites\/8\/2022\/02\/Buy-Buphedrone-powder.png","contentUrl":"https:\/\/medicinasinc.com\/da\/wp-content\/uploads\/sites\/8\/2022\/02\/Buy-Buphedrone-powder.png","width":600,"height":400},{"@type":"BreadcrumbList","@id":"https:\/\/medicinasinc.com\/da\/product\/kob-bufedron-pulver\/#breadcrumb","itemListElement":[{"@type":"ListItem","position":1,"name":"Butik","item":"https:\/\/medicinasinc.com\/da\/butik\/"},{"@type":"ListItem","position":2,"name":"K\u00f8b Buphedrone pulver"}]},{"@type":"WebSite","@id":"https:\/\/medicinasinc.com\/da\/#website","url":"https:\/\/medicinasinc.com\/da\/","name":"Medicinas Inc","description":"Health Medical Clinic","potentialAction":[{"@type":"SearchAction","target":{"@type":"EntryPoint","urlTemplate":"https:\/\/medicinasinc.com\/da\/?s={search_term_string}"},"query-input":{"@type":"PropertyValueSpecification","valueRequired":true,"valueName":"search_term_string"}}],"inLanguage":"en-US"}]}},"_links":{"self":[{"href":"https:\/\/medicinasinc.com\/da\/wp-json\/wp\/v2\/product\/5443","targetHints":{"allow":["GET"]}}],"collection":[{"href":"https:\/\/medicinasinc.com\/da\/wp-json\/wp\/v2\/product"}],"about":[{"href":"https:\/\/medicinasinc.com\/da\/wp-json\/wp\/v2\/types\/product"}],"replies":[{"embeddable":true,"href":"https:\/\/medicinasinc.com\/da\/wp-json\/wp\/v2\/comments?post=5443"}],"wp:featuredmedia":[{"embeddable":true,"href":"https:\/\/medicinasinc.com\/da\/wp-json\/wp\/v2\/media\/5455"}],"wp:attachment":[{"href":"https:\/\/medicinasinc.com\/da\/wp-json\/wp\/v2\/media?parent=5443"}],"wp:term":[{"taxonomy":"product_brand","embeddable":true,"href":"https:\/\/medicinasinc.com\/da\/wp-json\/wp\/v2\/product_brand?post=5443"},{"taxonomy":"product_cat","embeddable":true,"href":"https:\/\/medicinasinc.com\/da\/wp-json\/wp\/v2\/product_cat?post=5443"},{"taxonomy":"product_tag","embeddable":true,"href":"https:\/\/medicinasinc.com\/da\/wp-json\/wp\/v2\/product_tag?post=5443"}],"curies":[{"name":"wp","href":"https:\/\/api.w.org\/{rel}","templated":true}]}}