{"id":5442,"date":"2022-02-21T23:35:16","date_gmt":"2022-02-21T23:35:16","guid":{"rendered":"https:\/\/medicinasinc.com\/da\/?post_type=product&#038;p=5442"},"modified":"2022-03-20T00:35:33","modified_gmt":"2022-03-20T00:35:33","slug":"kob-alprazolam-pulver","status":"publish","type":"product","link":"https:\/\/medicinasinc.com\/da\/product\/kob-alprazolam-pulver\/","title":{"rendered":"K\u00f8b Alprazolam pulver"},"content":{"rendered":"<p>Salg af Alprazolam<\/p>\n<p>Alprazolam er et kraftfuldt benzodiazepin med en kort halveringstid, der afsp\u00e6nder centralnervesystemet. Denne medicin bruges mest til at behandle angst og panikangst. Den \u00f8gede geriatriske befolkning, der er s\u00e5rbar over for depression, s\u00e5vel som forekomsten af \u200b\u200bangstlidelser s\u00e5som fobi og generaliseret angst, driver eftersp\u00f8rgslen efter Alprazolam-pulver. Ydermere er industriens v\u00e6kst drevet af den hurtige og stressende livsstil, der f\u00f8rer til depression. Desuden er der i prognoseperioden planlagt forsknings- og udviklingsarbejde p\u00e5 Alprazolam for at udforske nye muligheder. Strenge regeringsbestemmelser og ugunstige l\u00e6gemiddeleffekter s\u00e5som l\u00e6gemiddelafh\u00e6ngighed h\u00e6mmer p\u00e5 den anden side v\u00e6kst. ALPRAZOLAM kan k\u00f8bes online, s\u00e5vel som ALPRAZOLAM til salg.<\/p>\n<p>Anvendelse<\/p>\n<p>Alprazolam bruges til at behandle angst- og panikangst (pludselige, uforudsigelige episoder med intens frygt og bekymring over disse episoder ). Alprazolam tilh\u00f8rer l\u00e6gemiddelklassen benzodiazepiner. Dette reducerer overdreven ophidselse i hjernen. Alprazolam bruges ogs\u00e5 til at behandle depression, angst i offentligheden og pr\u00e6menstruelt syndrom. Det kan bruges i smertefulde situationer. Diskuter med din l\u00e6ge de potentielle risici for din tilstand, hvis du bruger denne medicin.<\/p>\n<p>Dosis<\/p>\n<p>Alprazolam kommer i tabletform, tablet med forl\u00e6nget frigivelse og oralt henfaldende tabletform (en tablet, der hurtigt opl\u00f8ses i munden). Tabletten, oralt desintegrerende tablet og koncentrerede opl\u00f8sninger tages typisk to til fire gange om dagen. Fjerntabletten tages normalt \u00e9n gang dagligt om morgenen. V\u00e6r meget opm\u00e6rksom p\u00e5 noterne p\u00e5 din receptskema og sp\u00f8rg din apoteker eller l\u00e6ge om at forklare alt, hvad du ikke forst\u00e5r. Tag alprazolam n\u00f8jagtigt som anvist. For at tage den koncentrerede v\u00e6ske skal du kun bruge dr\u00e5beholderen, der fulgte med recepten. Fyld dr\u00e5beholderen med den n\u00f8dvendige dosis. Pres dr\u00e5beholderen ind i flydende eller halvfast mad s\u00e5som te, m\u00e6lk, sodavand, \u00e6blesuppe eller budding. Blend v\u00e6ske eller mad forsigtigt i et par sekunder. V\u00e6sken absorberes fuldst\u00e6ndigt af maden. Drik eller spis hele blandingen med det samme. Tag tabletten oralt fra flasken lige f\u00f8r din dosis skal. \u00c5bn flasken med t\u00f8rre h\u00e5ndflader, fjern tabletten og l\u00e6g den p\u00e5 din tunge med det samme. Tabletten kan opl\u00f8ses og sluges med spyt.<\/p>\n","protected":false},"excerpt":{"rendered":"<div class=\"woocommerce-product-details__short-description\">\n<p><em>K\u00f8b<\/em> Alprazolam Online &#8211; bestglobalmeds.com er den bedste leverand\u00f8r og leverand\u00f8r af <em>Alprazolam pulver<\/em>\u00a0hvor du kan\u00a0<em>k\u00f8be<\/em>\u00a0Xanax-pulver i engros. <em>Bestil<\/em>\u00a0Nu!<\/p>\n<p>Alprazolam-pulver kan k\u00f8bes online. \u00c6gte Alprazolam pulver til salg online \u2013 Alprazolam pulver til salg online | K\u00f8b Alprazolam pulver online | K\u00f8b Alprazolam pulver til salg online | K\u00f8b billigt Alprazolam pulver online | Hvor kan man k\u00f8be Alprazolam pulver online<\/p>\n<\/p><\/div>\n","protected":false},"featured_media":5453,"comment_status":"open","ping_status":"closed","template":"","meta":[],"product_brand":[],"product_cat":[2014],"product_tag":[2720,2721,1153,1152,2722,2723,2724,2719,2725],"class_list":{"0":"post-5442","1":"product","2":"type-product","3":"status-publish","4":"has-post-thumbnail","6":"product_cat-kb-forskningskemikalier","7":"product_tag-alprazolam-powder-effect","8":"product_tag-alprazolam-powder-europe","9":"product_tag-alprazolam-powder-for-sale","10":"product_tag-alprazolam-pulver","11":"product_tag-alprazolam-powder-reddit","12":"product_tag-alprazolam-pulver-dk","13":"product_tag-kb-alprazolam-pulver","14":"product_tag-alprazolam-pulver-kb","15":"product_tag-k-c3-b8b-alprazolam-pulver-europa","17":"first","18":"instock","19":"shipping-taxable","20":"purchasable","21":"product-type-variable","22":"has-default-attributes"},"yoast_head":"<!-- This site is optimized with the Yoast SEO plugin v27.3 - https:\/\/yoast.com\/product\/yoast-seo-wordpress\/ -->\n<title>K\u00f8b Alprazolam pulver - Alprazolam pulver - Best Global Meds<\/title>\n<meta name=\"description\" content=\"K\u00f8b Alprazolam pulver online. \u00c6gte Alprazolam pulver online \u2013 Alprazolam pulver til salg | K\u00f8b Alprazolam pulver online | K\u00f8b Alprazolam pulver til salg| K\u00f8b billigt Alprazolam pulver | Hvor kan man k\u00f8be Alprazolam pulver online\" \/>\n<meta name=\"robots\" content=\"index, follow, max-snippet:-1, max-image-preview:large, max-video-preview:-1\" \/>\n<link rel=\"canonical\" href=\"https:\/\/medicinasinc.com\/da\/product\/kob-alprazolam-pulver\/\" \/>\n<meta property=\"og:locale\" content=\"en_US\" \/>\n<meta property=\"og:type\" content=\"article\" \/>\n<meta property=\"og:title\" content=\"K\u00f8b Alprazolam pulver - Alprazolam pulver - Best Global Meds\" \/>\n<meta property=\"og:description\" content=\"K\u00f8b Alprazolam pulver online. \u00c6gte Alprazolam pulver online \u2013 Alprazolam pulver til salg | K\u00f8b Alprazolam pulver online | K\u00f8b Alprazolam pulver til salg| K\u00f8b billigt Alprazolam pulver | Hvor kan man k\u00f8be Alprazolam pulver online\" \/>\n<meta property=\"og:url\" content=\"https:\/\/medicinasinc.com\/da\/product\/kob-alprazolam-pulver\/\" \/>\n<meta property=\"og:site_name\" content=\"Medicinas Inc\" \/>\n<meta property=\"article:modified_time\" content=\"2022-03-20T00:35:33+00:00\" \/>\n<meta property=\"og:image\" content=\"https:\/\/medicinasinc.com\/da\/wp-content\/uploads\/sites\/8\/2022\/02\/Buy-Alprazolam-powder.jpg\" \/>\n\t<meta property=\"og:image:width\" content=\"259\" \/>\n\t<meta property=\"og:image:height\" content=\"194\" \/>\n\t<meta property=\"og:image:type\" content=\"image\/jpeg\" \/>\n<meta name=\"twitter:card\" content=\"summary_large_image\" \/>\n<meta name=\"twitter:label1\" content=\"Est. reading time\" \/>\n\t<meta name=\"twitter:data1\" content=\"2 minutes\" \/>\n<script type=\"application\/ld+json\" class=\"yoast-schema-graph\">{\"@context\":\"https:\\\/\\\/schema.org\",\"@graph\":[{\"@type\":\"WebPage\",\"@id\":\"https:\\\/\\\/medicinasinc.com\\\/da\\\/product\\\/kob-alprazolam-pulver\\\/\",\"url\":\"https:\\\/\\\/medicinasinc.com\\\/da\\\/product\\\/kob-alprazolam-pulver\\\/\",\"name\":\"K\u00f8b Alprazolam pulver - Alprazolam pulver - Best Global Meds\",\"isPartOf\":{\"@id\":\"https:\\\/\\\/medicinasinc.com\\\/da\\\/#website\"},\"primaryImageOfPage\":{\"@id\":\"https:\\\/\\\/medicinasinc.com\\\/da\\\/product\\\/kob-alprazolam-pulver\\\/#primaryimage\"},\"image\":{\"@id\":\"https:\\\/\\\/medicinasinc.com\\\/da\\\/product\\\/kob-alprazolam-pulver\\\/#primaryimage\"},\"thumbnailUrl\":\"https:\\\/\\\/medicinasinc.com\\\/da\\\/wp-content\\\/uploads\\\/sites\\\/8\\\/2022\\\/02\\\/Buy-Alprazolam-powder.jpg\",\"datePublished\":\"2022-02-21T23:35:16+00:00\",\"dateModified\":\"2022-03-20T00:35:33+00:00\",\"description\":\"K\u00f8b Alprazolam pulver online. \u00c6gte Alprazolam pulver online \u2013 Alprazolam pulver til salg | K\u00f8b Alprazolam pulver online | K\u00f8b Alprazolam pulver til salg| K\u00f8b billigt Alprazolam pulver | Hvor kan man k\u00f8be Alprazolam pulver online\",\"breadcrumb\":{\"@id\":\"https:\\\/\\\/medicinasinc.com\\\/da\\\/product\\\/kob-alprazolam-pulver\\\/#breadcrumb\"},\"inLanguage\":\"en-US\",\"potentialAction\":[{\"@type\":\"ReadAction\",\"target\":[\"https:\\\/\\\/medicinasinc.com\\\/da\\\/product\\\/kob-alprazolam-pulver\\\/\"]}]},{\"@type\":\"ImageObject\",\"inLanguage\":\"en-US\",\"@id\":\"https:\\\/\\\/medicinasinc.com\\\/da\\\/product\\\/kob-alprazolam-pulver\\\/#primaryimage\",\"url\":\"https:\\\/\\\/medicinasinc.com\\\/da\\\/wp-content\\\/uploads\\\/sites\\\/8\\\/2022\\\/02\\\/Buy-Alprazolam-powder.jpg\",\"contentUrl\":\"https:\\\/\\\/medicinasinc.com\\\/da\\\/wp-content\\\/uploads\\\/sites\\\/8\\\/2022\\\/02\\\/Buy-Alprazolam-powder.jpg\",\"width\":259,\"height\":194},{\"@type\":\"BreadcrumbList\",\"@id\":\"https:\\\/\\\/medicinasinc.com\\\/da\\\/product\\\/kob-alprazolam-pulver\\\/#breadcrumb\",\"itemListElement\":[{\"@type\":\"ListItem\",\"position\":1,\"name\":\"Butik\",\"item\":\"https:\\\/\\\/medicinasinc.com\\\/da\\\/butik\\\/\"},{\"@type\":\"ListItem\",\"position\":2,\"name\":\"K\u00f8b Alprazolam pulver\"}]},{\"@type\":\"WebSite\",\"@id\":\"https:\\\/\\\/medicinasinc.com\\\/da\\\/#website\",\"url\":\"https:\\\/\\\/medicinasinc.com\\\/da\\\/\",\"name\":\"Medicinas Inc\",\"description\":\"Health Medical Clinic\",\"potentialAction\":[{\"@type\":\"SearchAction\",\"target\":{\"@type\":\"EntryPoint\",\"urlTemplate\":\"https:\\\/\\\/medicinasinc.com\\\/da\\\/?s={search_term_string}\"},\"query-input\":{\"@type\":\"PropertyValueSpecification\",\"valueRequired\":true,\"valueName\":\"search_term_string\"}}],\"inLanguage\":\"en-US\"}]}<\/script>\n<!-- \/ Yoast SEO plugin. -->","yoast_head_json":{"title":"K\u00f8b Alprazolam pulver - Alprazolam pulver - Best Global Meds","description":"K\u00f8b Alprazolam pulver online. \u00c6gte Alprazolam pulver online \u2013 Alprazolam pulver til salg | K\u00f8b Alprazolam pulver online | K\u00f8b Alprazolam pulver til salg| K\u00f8b billigt Alprazolam pulver | Hvor kan man k\u00f8be Alprazolam pulver online","robots":{"index":"index","follow":"follow","max-snippet":"max-snippet:-1","max-image-preview":"max-image-preview:large","max-video-preview":"max-video-preview:-1"},"canonical":"https:\/\/medicinasinc.com\/da\/product\/kob-alprazolam-pulver\/","og_locale":"en_US","og_type":"article","og_title":"K\u00f8b Alprazolam pulver - Alprazolam pulver - Best Global Meds","og_description":"K\u00f8b Alprazolam pulver online. \u00c6gte Alprazolam pulver online \u2013 Alprazolam pulver til salg | K\u00f8b Alprazolam pulver online | K\u00f8b Alprazolam pulver til salg| K\u00f8b billigt Alprazolam pulver | Hvor kan man k\u00f8be Alprazolam pulver online","og_url":"https:\/\/medicinasinc.com\/da\/product\/kob-alprazolam-pulver\/","og_site_name":"Medicinas Inc","article_modified_time":"2022-03-20T00:35:33+00:00","og_image":[{"width":259,"height":194,"url":"https:\/\/medicinasinc.com\/da\/wp-content\/uploads\/sites\/8\/2022\/02\/Buy-Alprazolam-powder.jpg","type":"image\/jpeg"}],"twitter_card":"summary_large_image","twitter_misc":{"Est. reading time":"2 minutes"},"schema":{"@context":"https:\/\/schema.org","@graph":[{"@type":"WebPage","@id":"https:\/\/medicinasinc.com\/da\/product\/kob-alprazolam-pulver\/","url":"https:\/\/medicinasinc.com\/da\/product\/kob-alprazolam-pulver\/","name":"K\u00f8b Alprazolam pulver - Alprazolam pulver - Best Global Meds","isPartOf":{"@id":"https:\/\/medicinasinc.com\/da\/#website"},"primaryImageOfPage":{"@id":"https:\/\/medicinasinc.com\/da\/product\/kob-alprazolam-pulver\/#primaryimage"},"image":{"@id":"https:\/\/medicinasinc.com\/da\/product\/kob-alprazolam-pulver\/#primaryimage"},"thumbnailUrl":"https:\/\/medicinasinc.com\/da\/wp-content\/uploads\/sites\/8\/2022\/02\/Buy-Alprazolam-powder.jpg","datePublished":"2022-02-21T23:35:16+00:00","dateModified":"2022-03-20T00:35:33+00:00","description":"K\u00f8b Alprazolam pulver online. \u00c6gte Alprazolam pulver online \u2013 Alprazolam pulver til salg | K\u00f8b Alprazolam pulver online | K\u00f8b Alprazolam pulver til salg| K\u00f8b billigt Alprazolam pulver | Hvor kan man k\u00f8be Alprazolam pulver online","breadcrumb":{"@id":"https:\/\/medicinasinc.com\/da\/product\/kob-alprazolam-pulver\/#breadcrumb"},"inLanguage":"en-US","potentialAction":[{"@type":"ReadAction","target":["https:\/\/medicinasinc.com\/da\/product\/kob-alprazolam-pulver\/"]}]},{"@type":"ImageObject","inLanguage":"en-US","@id":"https:\/\/medicinasinc.com\/da\/product\/kob-alprazolam-pulver\/#primaryimage","url":"https:\/\/medicinasinc.com\/da\/wp-content\/uploads\/sites\/8\/2022\/02\/Buy-Alprazolam-powder.jpg","contentUrl":"https:\/\/medicinasinc.com\/da\/wp-content\/uploads\/sites\/8\/2022\/02\/Buy-Alprazolam-powder.jpg","width":259,"height":194},{"@type":"BreadcrumbList","@id":"https:\/\/medicinasinc.com\/da\/product\/kob-alprazolam-pulver\/#breadcrumb","itemListElement":[{"@type":"ListItem","position":1,"name":"Butik","item":"https:\/\/medicinasinc.com\/da\/butik\/"},{"@type":"ListItem","position":2,"name":"K\u00f8b Alprazolam pulver"}]},{"@type":"WebSite","@id":"https:\/\/medicinasinc.com\/da\/#website","url":"https:\/\/medicinasinc.com\/da\/","name":"Medicinas Inc","description":"Health Medical Clinic","potentialAction":[{"@type":"SearchAction","target":{"@type":"EntryPoint","urlTemplate":"https:\/\/medicinasinc.com\/da\/?s={search_term_string}"},"query-input":{"@type":"PropertyValueSpecification","valueRequired":true,"valueName":"search_term_string"}}],"inLanguage":"en-US"}]}},"_links":{"self":[{"href":"https:\/\/medicinasinc.com\/da\/wp-json\/wp\/v2\/product\/5442","targetHints":{"allow":["GET"]}}],"collection":[{"href":"https:\/\/medicinasinc.com\/da\/wp-json\/wp\/v2\/product"}],"about":[{"href":"https:\/\/medicinasinc.com\/da\/wp-json\/wp\/v2\/types\/product"}],"replies":[{"embeddable":true,"href":"https:\/\/medicinasinc.com\/da\/wp-json\/wp\/v2\/comments?post=5442"}],"wp:featuredmedia":[{"embeddable":true,"href":"https:\/\/medicinasinc.com\/da\/wp-json\/wp\/v2\/media\/5453"}],"wp:attachment":[{"href":"https:\/\/medicinasinc.com\/da\/wp-json\/wp\/v2\/media?parent=5442"}],"wp:term":[{"taxonomy":"product_brand","embeddable":true,"href":"https:\/\/medicinasinc.com\/da\/wp-json\/wp\/v2\/product_brand?post=5442"},{"taxonomy":"product_cat","embeddable":true,"href":"https:\/\/medicinasinc.com\/da\/wp-json\/wp\/v2\/product_cat?post=5442"},{"taxonomy":"product_tag","embeddable":true,"href":"https:\/\/medicinasinc.com\/da\/wp-json\/wp\/v2\/product_tag?post=5442"}],"curies":[{"name":"wp","href":"https:\/\/api.w.org\/{rel}","templated":true}]}}