{"id":5441,"date":"2022-02-21T23:32:20","date_gmt":"2022-02-21T23:32:20","guid":{"rendered":"https:\/\/medicinasinc.com\/da\/?post_type=product&#038;p=5441"},"modified":"2022-03-20T00:35:44","modified_gmt":"2022-03-20T00:35:44","slug":"kob-alpha-pvp","status":"publish","type":"product","link":"https:\/\/medicinasinc.com\/da\/product\/kob-alpha-pvp\/","title":{"rendered":"K\u00f8b Alpha-PVP"},"content":{"rendered":"<p>Online Alpha-PVP-k\u00f8b<\/p>\n<p>Alpha-PVP er et syntetisk stimulerende middel, der bruges inden for det medicinske omr\u00e5de til behandling af en r\u00e6kke sygdomme. Alpha er klassificeret som et prodrug i cathinon-klassen. Alpha PVP blev f\u00f8rst skabt som et designerl\u00e6gemiddel. Det er nu meget popul\u00e6rt blandt folk til andre form\u00e5l, s\u00e5som smertelindring. Dette syntetiske stimulans bruges til at tilfredsstille stofbrugeres behov. Det vandt popularitet 40 \u00e5r efter udgivelsen af \u200b\u200bdets f\u00f8rste produkt, i \u00e5r 2000. Det vigtigste at huske er, at det ikke blev brugt af selv et lille samfund af mennesker mellem disse \u00e5r. Siden 2000 og indtil nu er det imidlertid vokset i popularitet til det punkt, hvor det bruges af n\u00e6sten 70 % af verdens befolkning.<\/p>\n<p>\u00c5rsagen til alfa-PVP psykedeliske stoffers popularitet<\/p>\n<p>Hvor kan jeg f\u00e5 PVP? Alpha-PVP<\/p>\n<p>Alpha-PVP er medlem af den mest almindelige klasse af pro-drugs og er meget udbredt. Hoved\u00e5rsagen til dens popularitet er dens h\u00f8je styrke og hurtige handling. Det virker p\u00e5 samme m\u00e5de som andre stimulanser, idet det virker direkte p\u00e5 centralnervesystemet.<\/p>\n<p>Det virker dog hurtigt og frigiver hormoner for at udf\u00f8re de \u00f8nskede handlinger. P\u00e5 grund af sin virkem\u00e5de er Alpha PVP ogs\u00e5 kendt som et centralnervesystemstimulerende middel.<\/p>\n<p>Alpha-PVP psykedeliske l\u00e6gemidler til medicinske form\u00e5l<\/p>\n<p>Alpha-PVP hj\u00e6lper ogs\u00e5 det menneskelige sind i kontrollere flygtige f\u00f8lelser som gl\u00e6de, tristhed eller smerte. Dette stof hj\u00e6lper sindet med at forestille sig en normal ramme, hvori den kan fungere normalt og uden besv\u00e6r. P\u00e5 denne m\u00e5de bruges Alpha-PVP til at lindre enhver form for chok.<\/p>\n<p>Dette pro-drug bliver brugt i danseklubber og barer. Dette bruges dog kun i visse behandlinger efter l\u00e6gens anvisninger.<\/p>\n<p>L\u00e6gerne behandler patienterne med Alpha-PVP-baseret medicin. Den prim\u00e6re applikation er at behandle depression og angst.<\/p>\n<p>Dette er nogle af de vigtigste funktioner, der driver stigningen i Alpha-PVP-brug. Det vinder popularitet inden for begge bestr\u00e6belsesomr\u00e5der.<\/p>\n<p>S\u00e5dan k\u00f8ber du a-PVP sikkert \u2013 Beskrivelse<\/p>\n<p>Systematisk IUPAC-navn: 1-Phenyl-2-(1-pyrrolidinyl)-1 -pentanon Fuldt kemisk navn: alpha-Pyrrolidinopentiophenon<br \/> CAS-nr. 14530-33-7<br \/> MolekylformelC15H21NO Molekylmasse231,333 g\/mol ChemSpider Number9324063<\/p>\n<p>Pyrrolidinalopentiophenon, -Pyrrolidinalopentiophenon, PVP, alpha-PVP, O-2387, -keton-prolintane) er en stimulerende forbindelse opdaget i 1960&#8217;erne, som er relateret til pyrovaleron og er ketonanalogen af \u200b\u200bprolintan.<\/p>\n<p>I stor skala er vores online butik handler med Alpha-PVP. Du kan f\u00e5 de produkter, du \u00f8nsker, til meget lave priser. Du vil ogs\u00e5 modtage produktet i l\u00f8bet af kort tid takket v\u00e6re vores online leveringstjenester.<\/p>\n","protected":false},"excerpt":{"rendered":"<div class=\"woocommerce-product-details__short-description\">\n<p>s\u00f8ger at k\u00f8be billig A-pvp, k\u00f8b alpha-Pyrrolidinopentiophenone til salg Storbritannien, Europa i vores bestglobalemeds.com-butik med hurtig verdensomsp\u00e6ndende forsendelse! Den bedste A-pvp til bestilling finder du her! <em>\u03b1<\/em>&#8211;<em>PVP<\/em>(fulde navn er:<em>\u03b1<\/em>&#8211;<em>Pyrrolidinopentiophenone<\/em>) ogs\u00e5 kendt som\u00a0<em>alfa<\/em>-pyrrolidinovalerophenon, A-<em>PVP<\/em>,\u00a0<em>alpha<\/em>&#8211;<em>PVP<\/em>,<\/p>\n<p>Hvad pr\u00e6cis er a-PVP?<br \/> A-PVP (alpha-pyrrolidinovalerophenone, -PVP, alpha-PVP, O-2387, -keton-prolintane) er en stimulerende forbindelse udviklet i 1960&#8217;erne, der er relateret til pyrovaleron og er ketonanalog af prolintan.<\/p>\n<\/p><\/div>\n","protected":false},"featured_media":5451,"comment_status":"open","ping_status":"closed","template":"","meta":[],"product_brand":[],"product_cat":[2014],"product_tag":[2665,2666,2667,2683,2669,2674,2675,2676,2677,2668,2670,2671,2672,2678,2673,2681,2682,2685,2679,2680,2688,2686,2687,2689,2712,2713,2711,2691,2692,2693,2694,2699,2700,2701,2702,2707,2716,2663,2664,2717,2718,2690,2714,2704,2705,2703,2696,2697,2698,2695,2706,2708,2709,2710,2715,2684],"class_list":{"0":"post-5441","1":"product","2":"type-product","3":"status-publish","4":"has-post-thumbnail","6":"product_cat-kb-forskningskemikalier","7":"product_tag-a-pvp-powder-or-crystals","8":"product_tag-a-pvp","9":"product_tag-a-pvp-pulver","10":"product_tag-a-pvp-anmeldelse","11":"product_tag-a-pvp-crystal","12":"product_tag-a-pvp-crystal-review","13":"product_tag-a-pvp-crystal-supplier","14":"product_tag-a-pvp-crystal-uk","15":"product_tag-a-pvp-crystal-usa","16":"product_tag-a-pvp-buy-usa","17":"product_tag-a-pvp-krystal-australien","18":"product_tag-a-pvp-krystal-canada","19":"product_tag-a-pvp-krystal-dosering","20":"product_tag-en-pvp-krystal-leverand-c3-b8r","21":"product_tag-a-pvp-krystal-til-salg","22":"product_tag-a-pvp-pulvere","23":"product_tag-a-pvp-reddit","24":"product_tag-a-pvp-stimulanter-til-salg","25":"product_tag-a-pvp-til-salg","26":"product_tag-a-pvp-til-salg-online","27":"product_tag-alpha-pvp-effekt","28":"product_tag-alpha-pvp-til-salg","29":"product_tag-alpha-pvp-wiki","30":"product_tag-apvp-powder","31":"product_tag-bestille-en-pvp-krystal","32":"product_tag-bestil-en-pvp-online","33":"product_tag-bestille-a-pvp","34":"product_tag-buy-a-pvp-powder-for-sale","35":"product_tag-buy-a-pvp-big-crystal","36":"product_tag-buy-a-pvp-big-crystal-reports","37":"product_tag-buy-a-pvp-big-crystals","38":"product_tag-buy-a-pvp-big-crystalxp-net","39":"product_tag-buy-a-pvp-crystal-online","40":"product_tag-buy-a-pvp-online","41":"product_tag-buy-a-pvp-powder","42":"product_tag-buy-alpha-pvp","43":"product_tag-det-bedste-sted-at-kbe-en-pvp-online","44":"product_tag-a-pvp-kb","45":"product_tag-a-pvp-pulver-til-salg","46":"product_tag-hvor-kan-kbes-en-pvp","47":"product_tag-hvor-kan-kbes-en-pvp-online","48":"product_tag-k-c3-b8b-en-pvp","49":"product_tag-kb-en-pvp-online","50":"product_tag-buy-a-pvp-powder-anmeldelser","51":"product_tag-buy-a-pvp-pulvere","52":"product_tag-buy-a-pvp-pulver-produkter","53":"product_tag-kb-en-pvp-store-krystaller-fri","54":"product_tag-kb-en-pvp-butik-fremstillede-krystaller","55":"product_tag-kb-en-pvp-store-krystaller-online","56":"product_tag-kb-en-pvp-store-krystaller-til-salg","57":"product_tag-kb-en-pvp-stimulator","58":"product_tag-buy-apvp-overnight-shipping","59":"product_tag-buy-apvp-usa-kreditkort","60":"product_tag-mail-a-pvp","61":"product_tag-ren-en-pvp-krystal","62":"product_tag--pvp-stimulerende-midler","64":"first","65":"instock","66":"shipping-taxable","67":"purchasable","68":"product-type-variable"},"yoast_head":"<!-- This site is optimized with the Yoast SEO plugin v27.3 - https:\/\/yoast.com\/product\/yoast-seo-wordpress\/ -->\n<title>K\u00f8b Alpha-PVP - Alpha-PVP til salg - Bedste bedste globale medicin<\/title>\n<meta name=\"description\" content=\"K\u00f8b A-pvp, k\u00f8b alpha-Pyrrolidinopentiophenone til salg Storbritannien, Europa i vores bestglobalemeds.com butik med hurtig verdensomsp\u00e6ndende forsendelse! Den bedste A-pvp til bestilling finder du her!\" \/>\n<meta name=\"robots\" content=\"index, follow, max-snippet:-1, max-image-preview:large, max-video-preview:-1\" \/>\n<link rel=\"canonical\" href=\"https:\/\/medicinasinc.com\/da\/product\/kob-alpha-pvp\/\" \/>\n<meta property=\"og:locale\" content=\"en_US\" \/>\n<meta property=\"og:type\" content=\"article\" \/>\n<meta property=\"og:title\" content=\"K\u00f8b Alpha-PVP - Alpha-PVP til salg - Bedste bedste globale medicin\" \/>\n<meta property=\"og:description\" content=\"K\u00f8b A-pvp, k\u00f8b alpha-Pyrrolidinopentiophenone til salg Storbritannien, Europa i vores bestglobalemeds.com butik med hurtig verdensomsp\u00e6ndende forsendelse! Den bedste A-pvp til bestilling finder du her!\" \/>\n<meta property=\"og:url\" content=\"https:\/\/medicinasinc.com\/da\/product\/kob-alpha-pvp\/\" \/>\n<meta property=\"og:site_name\" content=\"Medicinas Inc\" \/>\n<meta property=\"article:modified_time\" content=\"2022-03-20T00:35:44+00:00\" \/>\n<meta property=\"og:image\" content=\"https:\/\/medicinasinc.com\/da\/wp-content\/uploads\/sites\/8\/2022\/02\/Buy-alpha-pvp.jpg\" \/>\n\t<meta property=\"og:image:width\" content=\"458\" \/>\n\t<meta property=\"og:image:height\" content=\"458\" \/>\n\t<meta property=\"og:image:type\" content=\"image\/jpeg\" \/>\n<meta name=\"twitter:card\" content=\"summary_large_image\" \/>\n<meta name=\"twitter:label1\" content=\"Est. reading time\" \/>\n\t<meta name=\"twitter:data1\" content=\"2 minutes\" \/>\n<script type=\"application\/ld+json\" class=\"yoast-schema-graph\">{\"@context\":\"https:\\\/\\\/schema.org\",\"@graph\":[{\"@type\":\"WebPage\",\"@id\":\"https:\\\/\\\/medicinasinc.com\\\/da\\\/product\\\/kob-alpha-pvp\\\/\",\"url\":\"https:\\\/\\\/medicinasinc.com\\\/da\\\/product\\\/kob-alpha-pvp\\\/\",\"name\":\"K\u00f8b Alpha-PVP - Alpha-PVP til salg - Bedste bedste globale medicin\",\"isPartOf\":{\"@id\":\"https:\\\/\\\/medicinasinc.com\\\/da\\\/#website\"},\"primaryImageOfPage\":{\"@id\":\"https:\\\/\\\/medicinasinc.com\\\/da\\\/product\\\/kob-alpha-pvp\\\/#primaryimage\"},\"image\":{\"@id\":\"https:\\\/\\\/medicinasinc.com\\\/da\\\/product\\\/kob-alpha-pvp\\\/#primaryimage\"},\"thumbnailUrl\":\"https:\\\/\\\/medicinasinc.com\\\/da\\\/wp-content\\\/uploads\\\/sites\\\/8\\\/2022\\\/02\\\/Buy-alpha-pvp.jpg\",\"datePublished\":\"2022-02-21T23:32:20+00:00\",\"dateModified\":\"2022-03-20T00:35:44+00:00\",\"description\":\"K\u00f8b A-pvp, k\u00f8b alpha-Pyrrolidinopentiophenone til salg Storbritannien, Europa i vores bestglobalemeds.com butik med hurtig verdensomsp\u00e6ndende forsendelse! Den bedste A-pvp til bestilling finder du her!\",\"breadcrumb\":{\"@id\":\"https:\\\/\\\/medicinasinc.com\\\/da\\\/product\\\/kob-alpha-pvp\\\/#breadcrumb\"},\"inLanguage\":\"en-US\",\"potentialAction\":[{\"@type\":\"ReadAction\",\"target\":[\"https:\\\/\\\/medicinasinc.com\\\/da\\\/product\\\/kob-alpha-pvp\\\/\"]}]},{\"@type\":\"ImageObject\",\"inLanguage\":\"en-US\",\"@id\":\"https:\\\/\\\/medicinasinc.com\\\/da\\\/product\\\/kob-alpha-pvp\\\/#primaryimage\",\"url\":\"https:\\\/\\\/medicinasinc.com\\\/da\\\/wp-content\\\/uploads\\\/sites\\\/8\\\/2022\\\/02\\\/Buy-alpha-pvp.jpg\",\"contentUrl\":\"https:\\\/\\\/medicinasinc.com\\\/da\\\/wp-content\\\/uploads\\\/sites\\\/8\\\/2022\\\/02\\\/Buy-alpha-pvp.jpg\",\"width\":458,\"height\":458},{\"@type\":\"BreadcrumbList\",\"@id\":\"https:\\\/\\\/medicinasinc.com\\\/da\\\/product\\\/kob-alpha-pvp\\\/#breadcrumb\",\"itemListElement\":[{\"@type\":\"ListItem\",\"position\":1,\"name\":\"Butik\",\"item\":\"https:\\\/\\\/medicinasinc.com\\\/da\\\/butik\\\/\"},{\"@type\":\"ListItem\",\"position\":2,\"name\":\"K\u00f8b Alpha-PVP\"}]},{\"@type\":\"WebSite\",\"@id\":\"https:\\\/\\\/medicinasinc.com\\\/da\\\/#website\",\"url\":\"https:\\\/\\\/medicinasinc.com\\\/da\\\/\",\"name\":\"Medicinas Inc\",\"description\":\"Health Medical Clinic\",\"potentialAction\":[{\"@type\":\"SearchAction\",\"target\":{\"@type\":\"EntryPoint\",\"urlTemplate\":\"https:\\\/\\\/medicinasinc.com\\\/da\\\/?s={search_term_string}\"},\"query-input\":{\"@type\":\"PropertyValueSpecification\",\"valueRequired\":true,\"valueName\":\"search_term_string\"}}],\"inLanguage\":\"en-US\"}]}<\/script>\n<!-- \/ Yoast SEO plugin. -->","yoast_head_json":{"title":"K\u00f8b Alpha-PVP - Alpha-PVP til salg - Bedste bedste globale medicin","description":"K\u00f8b A-pvp, k\u00f8b alpha-Pyrrolidinopentiophenone til salg Storbritannien, Europa i vores bestglobalemeds.com butik med hurtig verdensomsp\u00e6ndende forsendelse! Den bedste A-pvp til bestilling finder du her!","robots":{"index":"index","follow":"follow","max-snippet":"max-snippet:-1","max-image-preview":"max-image-preview:large","max-video-preview":"max-video-preview:-1"},"canonical":"https:\/\/medicinasinc.com\/da\/product\/kob-alpha-pvp\/","og_locale":"en_US","og_type":"article","og_title":"K\u00f8b Alpha-PVP - Alpha-PVP til salg - Bedste bedste globale medicin","og_description":"K\u00f8b A-pvp, k\u00f8b alpha-Pyrrolidinopentiophenone til salg Storbritannien, Europa i vores bestglobalemeds.com butik med hurtig verdensomsp\u00e6ndende forsendelse! Den bedste A-pvp til bestilling finder du her!","og_url":"https:\/\/medicinasinc.com\/da\/product\/kob-alpha-pvp\/","og_site_name":"Medicinas Inc","article_modified_time":"2022-03-20T00:35:44+00:00","og_image":[{"width":458,"height":458,"url":"https:\/\/medicinasinc.com\/da\/wp-content\/uploads\/sites\/8\/2022\/02\/Buy-alpha-pvp.jpg","type":"image\/jpeg"}],"twitter_card":"summary_large_image","twitter_misc":{"Est. reading time":"2 minutes"},"schema":{"@context":"https:\/\/schema.org","@graph":[{"@type":"WebPage","@id":"https:\/\/medicinasinc.com\/da\/product\/kob-alpha-pvp\/","url":"https:\/\/medicinasinc.com\/da\/product\/kob-alpha-pvp\/","name":"K\u00f8b Alpha-PVP - Alpha-PVP til salg - Bedste bedste globale medicin","isPartOf":{"@id":"https:\/\/medicinasinc.com\/da\/#website"},"primaryImageOfPage":{"@id":"https:\/\/medicinasinc.com\/da\/product\/kob-alpha-pvp\/#primaryimage"},"image":{"@id":"https:\/\/medicinasinc.com\/da\/product\/kob-alpha-pvp\/#primaryimage"},"thumbnailUrl":"https:\/\/medicinasinc.com\/da\/wp-content\/uploads\/sites\/8\/2022\/02\/Buy-alpha-pvp.jpg","datePublished":"2022-02-21T23:32:20+00:00","dateModified":"2022-03-20T00:35:44+00:00","description":"K\u00f8b A-pvp, k\u00f8b alpha-Pyrrolidinopentiophenone til salg Storbritannien, Europa i vores bestglobalemeds.com butik med hurtig verdensomsp\u00e6ndende forsendelse! Den bedste A-pvp til bestilling finder du her!","breadcrumb":{"@id":"https:\/\/medicinasinc.com\/da\/product\/kob-alpha-pvp\/#breadcrumb"},"inLanguage":"en-US","potentialAction":[{"@type":"ReadAction","target":["https:\/\/medicinasinc.com\/da\/product\/kob-alpha-pvp\/"]}]},{"@type":"ImageObject","inLanguage":"en-US","@id":"https:\/\/medicinasinc.com\/da\/product\/kob-alpha-pvp\/#primaryimage","url":"https:\/\/medicinasinc.com\/da\/wp-content\/uploads\/sites\/8\/2022\/02\/Buy-alpha-pvp.jpg","contentUrl":"https:\/\/medicinasinc.com\/da\/wp-content\/uploads\/sites\/8\/2022\/02\/Buy-alpha-pvp.jpg","width":458,"height":458},{"@type":"BreadcrumbList","@id":"https:\/\/medicinasinc.com\/da\/product\/kob-alpha-pvp\/#breadcrumb","itemListElement":[{"@type":"ListItem","position":1,"name":"Butik","item":"https:\/\/medicinasinc.com\/da\/butik\/"},{"@type":"ListItem","position":2,"name":"K\u00f8b Alpha-PVP"}]},{"@type":"WebSite","@id":"https:\/\/medicinasinc.com\/da\/#website","url":"https:\/\/medicinasinc.com\/da\/","name":"Medicinas Inc","description":"Health Medical Clinic","potentialAction":[{"@type":"SearchAction","target":{"@type":"EntryPoint","urlTemplate":"https:\/\/medicinasinc.com\/da\/?s={search_term_string}"},"query-input":{"@type":"PropertyValueSpecification","valueRequired":true,"valueName":"search_term_string"}}],"inLanguage":"en-US"}]}},"_links":{"self":[{"href":"https:\/\/medicinasinc.com\/da\/wp-json\/wp\/v2\/product\/5441","targetHints":{"allow":["GET"]}}],"collection":[{"href":"https:\/\/medicinasinc.com\/da\/wp-json\/wp\/v2\/product"}],"about":[{"href":"https:\/\/medicinasinc.com\/da\/wp-json\/wp\/v2\/types\/product"}],"replies":[{"embeddable":true,"href":"https:\/\/medicinasinc.com\/da\/wp-json\/wp\/v2\/comments?post=5441"}],"wp:featuredmedia":[{"embeddable":true,"href":"https:\/\/medicinasinc.com\/da\/wp-json\/wp\/v2\/media\/5451"}],"wp:attachment":[{"href":"https:\/\/medicinasinc.com\/da\/wp-json\/wp\/v2\/media?parent=5441"}],"wp:term":[{"taxonomy":"product_brand","embeddable":true,"href":"https:\/\/medicinasinc.com\/da\/wp-json\/wp\/v2\/product_brand?post=5441"},{"taxonomy":"product_cat","embeddable":true,"href":"https:\/\/medicinasinc.com\/da\/wp-json\/wp\/v2\/product_cat?post=5441"},{"taxonomy":"product_tag","embeddable":true,"href":"https:\/\/medicinasinc.com\/da\/wp-json\/wp\/v2\/product_tag?post=5441"}],"curies":[{"name":"wp","href":"https:\/\/api.w.org\/{rel}","templated":true}]}}