{"id":5440,"date":"2022-02-21T23:30:16","date_gmt":"2022-02-21T23:30:16","guid":{"rendered":"https:\/\/medicinasinc.com\/da\/?post_type=product&#038;p=5440"},"modified":"2022-03-20T00:35:53","modified_gmt":"2022-03-20T00:35:53","slug":"buy-ald-52-blottere","status":"publish","type":"product","link":"https:\/\/medicinasinc.com\/da\/product\/buy-ald-52-blottere\/","title":{"rendered":"K\u00f8b ALD-52 Blottere"},"content":{"rendered":"<p>ALD-52 Blotters kan k\u00f8bes online. Blottere indeholdende 100mcg ALD-52<\/p>\n<p>ALD-52 Blottere kan k\u00f8bes online.<\/p>\n<p>Blottere indeholdende 100mcg ALD-52<\/p>\n<p>ALD 52 Blotter, K\u00f8b ALD 52 Blotter <\/p>\n<p>ALD-52 er et mere moderne l\u00e6gemiddel, der er blevet konsolideret af forskellige res chems p\u00e5 grund af en forsinket ALD-52 historie og forskellige andre ALD-52 navne. ALD-52 er k\u00f8bt online af forskere til brug inden for medicin, rekreation og forskningsdom\u00e6ner. De psykotrope tilskrivninger af ALD-52 gjorde det utvivlsomt blandt laboratoriemedarbejdere og fageksperter. En bred vifte af typiske kunder v\u00e6lger at k\u00f8be tilg\u00e6ngelige for at blive k\u00f8bt for at f\u00e5 sp\u00e6nding, tilfredshed, bevare energien og \u00f8ge seksuel aktivitet.<\/p>\n<p>Det er vigtigt at v\u00e6lge ALD-52 fremstillet ved hj\u00e6lp af de bedste typer af fremskridt med metoder til fuldst\u00e6ndig kontrolleret indsamlingsforanstaltning. Omfattende str\u00e6kninger af bidrag til unders\u00f8gelsesfremstillede blandinger, der er tilg\u00e6ngelige for k\u00f8b, er gjort mulige p\u00e5 markedet for at kontrollere udf\u00f8relsesformen skabende foranstaltning i kinesiske laboratorier, hvor alle brusesalt fremstilles.<\/p>\n<p>Som en uovertruffen leverand\u00f8r arbejder vores organisation direkte med legitime kinesiske organisationer. Det giver dig mulighed for at bytte brusesalt af h\u00f8jeste fejlfrihed og kvalitet. ALD-52 blandes under streng overv\u00e5gning og i overensstemmelse med alle principper. Brug af de seneste konsistente data til r\u00e5dighed for at give den mest bl\u00e6ndende pris p\u00e5 det bedste sted til at k\u00f8be forskningstekniske materialer. ALD-52-pellets, ALD-52-blotching-overflader og ALD-52-pulvere transporteres i kinesiske laboratorier. Afsender af ALD-52 sender ALD-52 til ethvert land. Et t\u00e6t samarbejde med legitime ALD-52 leverand\u00f8rer sikrer, at resultaterne af dine tests og unders\u00f8gelser realiseres rettidigt.<\/p>\n<p>I lang tid har leverand\u00f8ren v\u00e6ret en p\u00e5lidelig producent af evalueringskemikalier. Kunder har givet siden et overv\u00e6ldende ry gennem hele res chems netv\u00e6rket. ald 52 til salg, ald 52 k\u00f8b, ald 52 k\u00f8b, ald-52 k\u00f8b Som p\u00e5lidelige RC-leverand\u00f8rer yder organisationen hj\u00e6lp i l\u00f8bet af dagen med erfarne ledere via live chat, som har betydelige data til at hj\u00e6lpe dig med enhver besv\u00e6rlig tilstand.<\/p>\n<p>P\u00e5 udest\u00e5ende unders\u00f8gelseskonstruerede forv\u00e6rringsprodukter, der kan k\u00f8bes online-samtaler, kan du finde positive reaktioner fra vores k\u00f8bere, som i \u00f8jeblikket er tilfredse med de tilbudte former for hj\u00e6lp og de bedste ting, der er k\u00f8bt fra denne online.<\/p>\n","protected":false},"excerpt":{"rendered":"<div class=\"char\">SPECIFIKATION<\/div>\n<div class=\"specification\">\n<div class=\"sprow\"><span class=\"spname\">Produktnavn:<\/span><span class=\"sptext \">ALD-52<\/span><\/div>\n<div class=\"sprow\"><span class=\"spname\">IUPAC-navn:<\/span><span class=\"sptext\">1-Acetyl-N, N-diethyllysergamide, ALD<\/span><\/div>\n<div class=\"sprow\"><span class=\"spname\">Andre navne:<\/span><span class=\"sptext\">N-acetyl-LSD, Acetyllysergsyrediethylamid, d-acetyllyserginsyrediethylamid, d-acetyldiethyllysergamid<\/span><\/div>\n<div class=\"sprow\"><span class=\"spname\">Cas Number:<\/span><span class=\"sptext\">3270-02-8<\/span><\/div>\n<div class=\"sprow\"><span class=\"spname\">Molekylformel:<\/span><span class=\"sptext\">C22H27N3O2<\/span><\/div>\n<div class=\"sprow\"><span class=\"spname\">Molarmasse:<\/span><span class=\"sptext\">365,477 g\u2022mol-1<\/span><\/div>\n<div class=\"sprow\"><span class=\"spname\">Effekt:<\/span><span class=\"sptext\">psykedelisk, hallucinogen<\/span><\/div>\n<div class=\"sprow\"><\/div>\n<\/p><\/div>\n<p>K\u00f8b ALD-52 Blotters online. <em>ALD<\/em>\u2013<em>52<\/em>\u00a0er N-acetylderivatet af LSD. <strong>100mcg<\/strong>\u00a0ALD-52 Blotters.<\/p>\n<p>ALD-52 til salg i Europa, k\u00f8b med Bitcoin, og modtag diskret forsendelse fra EU. ALD-52 blottere til salg, ALD-52 r\u00e5pulver til salg, leverand\u00f8r af forskningskemikalier<\/p>\n<p>Bestil en pr\u00f8ve til test eller k\u00f8b ALD-52 til salg med gratis levering i Storbritannien, USA eller Europa.<\/p>\n","protected":false},"featured_media":5449,"comment_status":"open","ping_status":"closed","template":"","meta":[],"product_brand":[],"product_cat":[2014],"product_tag":[2650,2651,2652,2659,2656,2658,2662,2660,2661,2657,2653,2654,2655],"class_list":{"0":"post-5440","1":"product","2":"type-product","3":"status-publish","4":"has-post-thumbnail","6":"product_cat-kb-forskningskemikalier","7":"product_tag-ald-52-blottere-til-salg","8":"product_tag-ald-52-blotters-online-salg","9":"product_tag-best-ald-52-blotters-online","10":"product_tag-bestil-ald-52-blotters-online","11":"product_tag-buy-pure-ald-52-blotters-online","12":"product_tag-discreet-vendor-ald-52","13":"product_tag-hvor-kan-bestilles-legit-ald-52-blotters-online","14":"product_tag-hvor-kan-kbes-ald-52-blotters-online","15":"product_tag-hvor-kan-kbes-rene-ald-52-blotters-online","16":"product_tag-kb-ordre-ald-52-blsere-online","17":"product_tag-buy-ald-52-blotters-til-videresalg","18":"product_tag-buy-ald-52-blotters-online","19":"product_tag-buy-legit-ald-52-blotters-online","21":"first","22":"instock","23":"shipping-taxable","24":"purchasable","25":"product-type-variable","26":"has-default-attributes"},"yoast_head":"<!-- This site is optimized with the Yoast SEO plugin v27.3 - https:\/\/yoast.com\/product\/yoast-seo-wordpress\/ -->\n<title>K\u00f8b ALD-52 Blotters - Kvalitet ALD-52 Blotters - Best Global Meds<\/title>\n<meta name=\"description\" content=\"K\u00f8b ALD-52 Blotters online. k\u00f8b ALD-52\u00a0til salg og f\u00e5 gratis levering i Storbritannien, USA eller Europa ALD-52 er N-acetyl-derivatet af LSD. 100mcg ALD-52 blottere.\" \/>\n<meta name=\"robots\" content=\"index, follow, max-snippet:-1, max-image-preview:large, max-video-preview:-1\" \/>\n<link rel=\"canonical\" href=\"https:\/\/medicinasinc.com\/da\/product\/buy-ald-52-blottere\/\" \/>\n<meta property=\"og:locale\" content=\"en_US\" \/>\n<meta property=\"og:type\" content=\"article\" \/>\n<meta property=\"og:title\" content=\"K\u00f8b ALD-52 Blotters - Kvalitet ALD-52 Blotters - Best Global Meds\" \/>\n<meta property=\"og:description\" content=\"K\u00f8b ALD-52 Blotters online. k\u00f8b ALD-52\u00a0til salg og f\u00e5 gratis levering i Storbritannien, USA eller Europa ALD-52 er N-acetyl-derivatet af LSD. 100mcg ALD-52 blottere.\" \/>\n<meta property=\"og:url\" content=\"https:\/\/medicinasinc.com\/da\/product\/buy-ald-52-blottere\/\" \/>\n<meta property=\"og:site_name\" content=\"Medicinas Inc\" \/>\n<meta property=\"article:modified_time\" content=\"2022-03-20T00:35:53+00:00\" \/>\n<meta property=\"og:image\" content=\"https:\/\/medicinasinc.com\/da\/wp-content\/uploads\/sites\/8\/2022\/02\/Buy-ALD-52-Blotters.jpg\" \/>\n\t<meta property=\"og:image:width\" content=\"350\" \/>\n\t<meta property=\"og:image:height\" content=\"350\" \/>\n\t<meta property=\"og:image:type\" content=\"image\/jpeg\" \/>\n<meta name=\"twitter:card\" content=\"summary_large_image\" \/>\n<meta name=\"twitter:label1\" content=\"Est. reading time\" \/>\n\t<meta name=\"twitter:data1\" content=\"2 minutes\" \/>\n<script type=\"application\/ld+json\" class=\"yoast-schema-graph\">{\"@context\":\"https:\\\/\\\/schema.org\",\"@graph\":[{\"@type\":\"WebPage\",\"@id\":\"https:\\\/\\\/medicinasinc.com\\\/da\\\/product\\\/buy-ald-52-blottere\\\/\",\"url\":\"https:\\\/\\\/medicinasinc.com\\\/da\\\/product\\\/buy-ald-52-blottere\\\/\",\"name\":\"K\u00f8b ALD-52 Blotters - Kvalitet ALD-52 Blotters - Best Global Meds\",\"isPartOf\":{\"@id\":\"https:\\\/\\\/medicinasinc.com\\\/da\\\/#website\"},\"primaryImageOfPage\":{\"@id\":\"https:\\\/\\\/medicinasinc.com\\\/da\\\/product\\\/buy-ald-52-blottere\\\/#primaryimage\"},\"image\":{\"@id\":\"https:\\\/\\\/medicinasinc.com\\\/da\\\/product\\\/buy-ald-52-blottere\\\/#primaryimage\"},\"thumbnailUrl\":\"https:\\\/\\\/medicinasinc.com\\\/da\\\/wp-content\\\/uploads\\\/sites\\\/8\\\/2022\\\/02\\\/Buy-ALD-52-Blotters.jpg\",\"datePublished\":\"2022-02-21T23:30:16+00:00\",\"dateModified\":\"2022-03-20T00:35:53+00:00\",\"description\":\"K\u00f8b ALD-52 Blotters online. k\u00f8b ALD-52\u00a0til salg og f\u00e5 gratis levering i Storbritannien, USA eller Europa ALD-52 er N-acetyl-derivatet af LSD. 100mcg ALD-52 blottere.\",\"breadcrumb\":{\"@id\":\"https:\\\/\\\/medicinasinc.com\\\/da\\\/product\\\/buy-ald-52-blottere\\\/#breadcrumb\"},\"inLanguage\":\"en-US\",\"potentialAction\":[{\"@type\":\"ReadAction\",\"target\":[\"https:\\\/\\\/medicinasinc.com\\\/da\\\/product\\\/buy-ald-52-blottere\\\/\"]}]},{\"@type\":\"ImageObject\",\"inLanguage\":\"en-US\",\"@id\":\"https:\\\/\\\/medicinasinc.com\\\/da\\\/product\\\/buy-ald-52-blottere\\\/#primaryimage\",\"url\":\"https:\\\/\\\/medicinasinc.com\\\/da\\\/wp-content\\\/uploads\\\/sites\\\/8\\\/2022\\\/02\\\/Buy-ALD-52-Blotters.jpg\",\"contentUrl\":\"https:\\\/\\\/medicinasinc.com\\\/da\\\/wp-content\\\/uploads\\\/sites\\\/8\\\/2022\\\/02\\\/Buy-ALD-52-Blotters.jpg\",\"width\":350,\"height\":350},{\"@type\":\"BreadcrumbList\",\"@id\":\"https:\\\/\\\/medicinasinc.com\\\/da\\\/product\\\/buy-ald-52-blottere\\\/#breadcrumb\",\"itemListElement\":[{\"@type\":\"ListItem\",\"position\":1,\"name\":\"Butik\",\"item\":\"https:\\\/\\\/medicinasinc.com\\\/da\\\/butik\\\/\"},{\"@type\":\"ListItem\",\"position\":2,\"name\":\"K\u00f8b ALD-52 Blottere\"}]},{\"@type\":\"WebSite\",\"@id\":\"https:\\\/\\\/medicinasinc.com\\\/da\\\/#website\",\"url\":\"https:\\\/\\\/medicinasinc.com\\\/da\\\/\",\"name\":\"Medicinas Inc\",\"description\":\"Health Medical Clinic\",\"potentialAction\":[{\"@type\":\"SearchAction\",\"target\":{\"@type\":\"EntryPoint\",\"urlTemplate\":\"https:\\\/\\\/medicinasinc.com\\\/da\\\/?s={search_term_string}\"},\"query-input\":{\"@type\":\"PropertyValueSpecification\",\"valueRequired\":true,\"valueName\":\"search_term_string\"}}],\"inLanguage\":\"en-US\"}]}<\/script>\n<!-- \/ Yoast SEO plugin. -->","yoast_head_json":{"title":"K\u00f8b ALD-52 Blotters - Kvalitet ALD-52 Blotters - Best Global Meds","description":"K\u00f8b ALD-52 Blotters online. k\u00f8b ALD-52\u00a0til salg og f\u00e5 gratis levering i Storbritannien, USA eller Europa ALD-52 er N-acetyl-derivatet af LSD. 100mcg ALD-52 blottere.","robots":{"index":"index","follow":"follow","max-snippet":"max-snippet:-1","max-image-preview":"max-image-preview:large","max-video-preview":"max-video-preview:-1"},"canonical":"https:\/\/medicinasinc.com\/da\/product\/buy-ald-52-blottere\/","og_locale":"en_US","og_type":"article","og_title":"K\u00f8b ALD-52 Blotters - Kvalitet ALD-52 Blotters - Best Global Meds","og_description":"K\u00f8b ALD-52 Blotters online. k\u00f8b ALD-52\u00a0til salg og f\u00e5 gratis levering i Storbritannien, USA eller Europa ALD-52 er N-acetyl-derivatet af LSD. 100mcg ALD-52 blottere.","og_url":"https:\/\/medicinasinc.com\/da\/product\/buy-ald-52-blottere\/","og_site_name":"Medicinas Inc","article_modified_time":"2022-03-20T00:35:53+00:00","og_image":[{"width":350,"height":350,"url":"https:\/\/medicinasinc.com\/da\/wp-content\/uploads\/sites\/8\/2022\/02\/Buy-ALD-52-Blotters.jpg","type":"image\/jpeg"}],"twitter_card":"summary_large_image","twitter_misc":{"Est. reading time":"2 minutes"},"schema":{"@context":"https:\/\/schema.org","@graph":[{"@type":"WebPage","@id":"https:\/\/medicinasinc.com\/da\/product\/buy-ald-52-blottere\/","url":"https:\/\/medicinasinc.com\/da\/product\/buy-ald-52-blottere\/","name":"K\u00f8b ALD-52 Blotters - Kvalitet ALD-52 Blotters - Best Global Meds","isPartOf":{"@id":"https:\/\/medicinasinc.com\/da\/#website"},"primaryImageOfPage":{"@id":"https:\/\/medicinasinc.com\/da\/product\/buy-ald-52-blottere\/#primaryimage"},"image":{"@id":"https:\/\/medicinasinc.com\/da\/product\/buy-ald-52-blottere\/#primaryimage"},"thumbnailUrl":"https:\/\/medicinasinc.com\/da\/wp-content\/uploads\/sites\/8\/2022\/02\/Buy-ALD-52-Blotters.jpg","datePublished":"2022-02-21T23:30:16+00:00","dateModified":"2022-03-20T00:35:53+00:00","description":"K\u00f8b ALD-52 Blotters online. k\u00f8b ALD-52\u00a0til salg og f\u00e5 gratis levering i Storbritannien, USA eller Europa ALD-52 er N-acetyl-derivatet af LSD. 100mcg ALD-52 blottere.","breadcrumb":{"@id":"https:\/\/medicinasinc.com\/da\/product\/buy-ald-52-blottere\/#breadcrumb"},"inLanguage":"en-US","potentialAction":[{"@type":"ReadAction","target":["https:\/\/medicinasinc.com\/da\/product\/buy-ald-52-blottere\/"]}]},{"@type":"ImageObject","inLanguage":"en-US","@id":"https:\/\/medicinasinc.com\/da\/product\/buy-ald-52-blottere\/#primaryimage","url":"https:\/\/medicinasinc.com\/da\/wp-content\/uploads\/sites\/8\/2022\/02\/Buy-ALD-52-Blotters.jpg","contentUrl":"https:\/\/medicinasinc.com\/da\/wp-content\/uploads\/sites\/8\/2022\/02\/Buy-ALD-52-Blotters.jpg","width":350,"height":350},{"@type":"BreadcrumbList","@id":"https:\/\/medicinasinc.com\/da\/product\/buy-ald-52-blottere\/#breadcrumb","itemListElement":[{"@type":"ListItem","position":1,"name":"Butik","item":"https:\/\/medicinasinc.com\/da\/butik\/"},{"@type":"ListItem","position":2,"name":"K\u00f8b ALD-52 Blottere"}]},{"@type":"WebSite","@id":"https:\/\/medicinasinc.com\/da\/#website","url":"https:\/\/medicinasinc.com\/da\/","name":"Medicinas Inc","description":"Health Medical Clinic","potentialAction":[{"@type":"SearchAction","target":{"@type":"EntryPoint","urlTemplate":"https:\/\/medicinasinc.com\/da\/?s={search_term_string}"},"query-input":{"@type":"PropertyValueSpecification","valueRequired":true,"valueName":"search_term_string"}}],"inLanguage":"en-US"}]}},"_links":{"self":[{"href":"https:\/\/medicinasinc.com\/da\/wp-json\/wp\/v2\/product\/5440","targetHints":{"allow":["GET"]}}],"collection":[{"href":"https:\/\/medicinasinc.com\/da\/wp-json\/wp\/v2\/product"}],"about":[{"href":"https:\/\/medicinasinc.com\/da\/wp-json\/wp\/v2\/types\/product"}],"replies":[{"embeddable":true,"href":"https:\/\/medicinasinc.com\/da\/wp-json\/wp\/v2\/comments?post=5440"}],"wp:featuredmedia":[{"embeddable":true,"href":"https:\/\/medicinasinc.com\/da\/wp-json\/wp\/v2\/media\/5449"}],"wp:attachment":[{"href":"https:\/\/medicinasinc.com\/da\/wp-json\/wp\/v2\/media?parent=5440"}],"wp:term":[{"taxonomy":"product_brand","embeddable":true,"href":"https:\/\/medicinasinc.com\/da\/wp-json\/wp\/v2\/product_brand?post=5440"},{"taxonomy":"product_cat","embeddable":true,"href":"https:\/\/medicinasinc.com\/da\/wp-json\/wp\/v2\/product_cat?post=5440"},{"taxonomy":"product_tag","embeddable":true,"href":"https:\/\/medicinasinc.com\/da\/wp-json\/wp\/v2\/product_tag?post=5440"}],"curies":[{"name":"wp","href":"https:\/\/api.w.org\/{rel}","templated":true}]}}