{"id":5418,"date":"2022-02-21T22:59:50","date_gmt":"2022-02-21T22:59:50","guid":{"rendered":"https:\/\/medicinasinc.com\/da\/?post_type=product&#038;p=5418"},"modified":"2022-03-20T00:36:10","modified_gmt":"2022-03-20T00:36:10","slug":"kob-acetyl-fentanyl-pulver-99-ren-online","status":"publish","type":"product","link":"https:\/\/medicinasinc.com\/da\/product\/kob-acetyl-fentanyl-pulver-99-ren-online\/","title":{"rendered":"K\u00f8b Acetyl Fentanyl Powder (99%+ Pure) Online"},"content":{"rendered":"<p>K\u00f8b Acetyl Fentanyl Powder (99%+ Pure) Online<\/p>\n<p>K\u00d8B ACTYL FENTANYL (HYDROCHLORID)<\/p>\n<p>Acetyl Fentanyl (Hydrochlorid) er et almindeligt ordineret syntetisk opioid.<\/p>\n<p>ACETYL FENTANYLS VIRKNING (HYDROCHLORID)<\/p>\n<p>N\u00e5r en bruger tager Acetyl Fentanyl (Hydrochlorid), kan en bruger opleve betydelig eufori, stigning i hum\u00f8r, smertelindring og sedation.<\/p>\n<p>Forstoppelse, s\u00f8vnighed , bevidstl\u00f8shed og respirationsdepression er alle mulige bivirkninger af denne medicin.<\/p>\n<p>ACETYL FENTANYL (HYDROCHLORID) &#8211; HVOR K\u00d8BES?<\/p>\n<p>Acetyl Fentanyl (Hydrochlorid) kan k\u00f8bes online p\u00e5 All Care Express onlineapotek. Dette produkt kan k\u00f8bes uden recept til de bedste priser, der er tilg\u00e6ngelige her. Bestil Acetyl Fentanyl (Hydrochlorid) online nu, og f\u00e5 det leveret til din d\u00f8r rettidigt.<\/p>\n","protected":false},"excerpt":{"rendered":"<p>K\u00f8b acetylfentanylpulver (99%+ rent) online. Bruges til sv\u00e6re, vedvarende smerter, som ikke kan kontrolleres med anden medicin. Denne medicin er en st\u00e6rk narkotisk smertestillende.<\/p>\n<p>K\u00f8b Acetyl Fentanyl Online -Fra bestglobalmeds.com online apotek til billige og overkommelige priser med sikker og hurtig forsendelse uden gebyr<\/p>\n","protected":false},"featured_media":5429,"comment_status":"open","ping_status":"closed","template":"","meta":[],"product_brand":[],"product_cat":[2014],"product_tag":[],"class_list":{"0":"post-5418","1":"product","2":"type-product","3":"status-publish","4":"has-post-thumbnail","6":"product_cat-kb-forskningskemikalier","8":"first","9":"instock","10":"shipping-taxable","11":"purchasable","12":"product-type-variable","13":"has-default-attributes"},"yoast_head":"<!-- This site is optimized with the Yoast SEO plugin v27.3 - https:\/\/yoast.com\/product\/yoast-seo-wordpress\/ -->\n<title>K\u00f8b acetylfentanylpulver (99%+ rent) online - bedste globale medicin<\/title>\n<meta name=\"description\" content=\"K\u00f8b Acetyl Fentanyl Powder (99%+ Pure) Online. Bruges til sv\u00e6re, vedvarende smerter, som ikke kan kontrolleres med anden medicin. Denne medicin er en st\u00e6rk narkotisk smertestillende medicin.\" \/>\n<meta name=\"robots\" content=\"index, follow, max-snippet:-1, max-image-preview:large, max-video-preview:-1\" \/>\n<link rel=\"canonical\" href=\"https:\/\/medicinasinc.com\/da\/product\/kob-acetyl-fentanyl-pulver-99-ren-online\/\" \/>\n<meta property=\"og:locale\" content=\"en_US\" \/>\n<meta property=\"og:type\" content=\"article\" \/>\n<meta property=\"og:title\" content=\"K\u00f8b acetylfentanylpulver (99%+ rent) online - bedste globale medicin\" \/>\n<meta property=\"og:description\" content=\"K\u00f8b Acetyl Fentanyl Powder (99%+ Pure) Online. Bruges til sv\u00e6re, vedvarende smerter, som ikke kan kontrolleres med anden medicin. Denne medicin er en st\u00e6rk narkotisk smertestillende medicin.\" \/>\n<meta property=\"og:url\" content=\"https:\/\/medicinasinc.com\/da\/product\/kob-acetyl-fentanyl-pulver-99-ren-online\/\" \/>\n<meta property=\"og:site_name\" content=\"Medicinas Inc\" \/>\n<meta property=\"article:modified_time\" content=\"2022-03-20T00:36:10+00:00\" \/>\n<meta property=\"og:image\" content=\"https:\/\/medicinasinc.com\/da\/wp-content\/uploads\/sites\/8\/2022\/02\/Buy-Acetyl-Fentanyl-Powder-99-Pure-online.jpg\" \/>\n\t<meta property=\"og:image:width\" content=\"600\" \/>\n\t<meta property=\"og:image:height\" content=\"600\" \/>\n\t<meta property=\"og:image:type\" content=\"image\/jpeg\" \/>\n<meta name=\"twitter:card\" content=\"summary_large_image\" \/>\n<meta name=\"twitter:label1\" content=\"Est. reading time\" \/>\n\t<meta name=\"twitter:data1\" content=\"1 minute\" \/>\n<script type=\"application\/ld+json\" class=\"yoast-schema-graph\">{\"@context\":\"https:\\\/\\\/schema.org\",\"@graph\":[{\"@type\":\"WebPage\",\"@id\":\"https:\\\/\\\/medicinasinc.com\\\/da\\\/product\\\/kob-acetyl-fentanyl-pulver-99-ren-online\\\/\",\"url\":\"https:\\\/\\\/medicinasinc.com\\\/da\\\/product\\\/kob-acetyl-fentanyl-pulver-99-ren-online\\\/\",\"name\":\"K\u00f8b acetylfentanylpulver (99%+ rent) online - bedste globale medicin\",\"isPartOf\":{\"@id\":\"https:\\\/\\\/medicinasinc.com\\\/da\\\/#website\"},\"primaryImageOfPage\":{\"@id\":\"https:\\\/\\\/medicinasinc.com\\\/da\\\/product\\\/kob-acetyl-fentanyl-pulver-99-ren-online\\\/#primaryimage\"},\"image\":{\"@id\":\"https:\\\/\\\/medicinasinc.com\\\/da\\\/product\\\/kob-acetyl-fentanyl-pulver-99-ren-online\\\/#primaryimage\"},\"thumbnailUrl\":\"https:\\\/\\\/medicinasinc.com\\\/da\\\/wp-content\\\/uploads\\\/sites\\\/8\\\/2022\\\/02\\\/Buy-Acetyl-Fentanyl-Powder-99-Pure-online.jpg\",\"datePublished\":\"2022-02-21T22:59:50+00:00\",\"dateModified\":\"2022-03-20T00:36:10+00:00\",\"description\":\"K\u00f8b Acetyl Fentanyl Powder (99%+ Pure) Online. Bruges til sv\u00e6re, vedvarende smerter, som ikke kan kontrolleres med anden medicin. Denne medicin er en st\u00e6rk narkotisk smertestillende medicin.\",\"breadcrumb\":{\"@id\":\"https:\\\/\\\/medicinasinc.com\\\/da\\\/product\\\/kob-acetyl-fentanyl-pulver-99-ren-online\\\/#breadcrumb\"},\"inLanguage\":\"en-US\",\"potentialAction\":[{\"@type\":\"ReadAction\",\"target\":[\"https:\\\/\\\/medicinasinc.com\\\/da\\\/product\\\/kob-acetyl-fentanyl-pulver-99-ren-online\\\/\"]}]},{\"@type\":\"ImageObject\",\"inLanguage\":\"en-US\",\"@id\":\"https:\\\/\\\/medicinasinc.com\\\/da\\\/product\\\/kob-acetyl-fentanyl-pulver-99-ren-online\\\/#primaryimage\",\"url\":\"https:\\\/\\\/medicinasinc.com\\\/da\\\/wp-content\\\/uploads\\\/sites\\\/8\\\/2022\\\/02\\\/Buy-Acetyl-Fentanyl-Powder-99-Pure-online.jpg\",\"contentUrl\":\"https:\\\/\\\/medicinasinc.com\\\/da\\\/wp-content\\\/uploads\\\/sites\\\/8\\\/2022\\\/02\\\/Buy-Acetyl-Fentanyl-Powder-99-Pure-online.jpg\",\"width\":600,\"height\":600},{\"@type\":\"BreadcrumbList\",\"@id\":\"https:\\\/\\\/medicinasinc.com\\\/da\\\/product\\\/kob-acetyl-fentanyl-pulver-99-ren-online\\\/#breadcrumb\",\"itemListElement\":[{\"@type\":\"ListItem\",\"position\":1,\"name\":\"Butik\",\"item\":\"https:\\\/\\\/medicinasinc.com\\\/da\\\/butik\\\/\"},{\"@type\":\"ListItem\",\"position\":2,\"name\":\"K\u00f8b Acetyl Fentanyl Powder (99%+ Pure) Online\"}]},{\"@type\":\"WebSite\",\"@id\":\"https:\\\/\\\/medicinasinc.com\\\/da\\\/#website\",\"url\":\"https:\\\/\\\/medicinasinc.com\\\/da\\\/\",\"name\":\"Medicinas Inc\",\"description\":\"Health Medical Clinic\",\"potentialAction\":[{\"@type\":\"SearchAction\",\"target\":{\"@type\":\"EntryPoint\",\"urlTemplate\":\"https:\\\/\\\/medicinasinc.com\\\/da\\\/?s={search_term_string}\"},\"query-input\":{\"@type\":\"PropertyValueSpecification\",\"valueRequired\":true,\"valueName\":\"search_term_string\"}}],\"inLanguage\":\"en-US\"}]}<\/script>\n<!-- \/ Yoast SEO plugin. -->","yoast_head_json":{"title":"K\u00f8b acetylfentanylpulver (99%+ rent) online - bedste globale medicin","description":"K\u00f8b Acetyl Fentanyl Powder (99%+ Pure) Online. Bruges til sv\u00e6re, vedvarende smerter, som ikke kan kontrolleres med anden medicin. Denne medicin er en st\u00e6rk narkotisk smertestillende medicin.","robots":{"index":"index","follow":"follow","max-snippet":"max-snippet:-1","max-image-preview":"max-image-preview:large","max-video-preview":"max-video-preview:-1"},"canonical":"https:\/\/medicinasinc.com\/da\/product\/kob-acetyl-fentanyl-pulver-99-ren-online\/","og_locale":"en_US","og_type":"article","og_title":"K\u00f8b acetylfentanylpulver (99%+ rent) online - bedste globale medicin","og_description":"K\u00f8b Acetyl Fentanyl Powder (99%+ Pure) Online. Bruges til sv\u00e6re, vedvarende smerter, som ikke kan kontrolleres med anden medicin. Denne medicin er en st\u00e6rk narkotisk smertestillende medicin.","og_url":"https:\/\/medicinasinc.com\/da\/product\/kob-acetyl-fentanyl-pulver-99-ren-online\/","og_site_name":"Medicinas Inc","article_modified_time":"2022-03-20T00:36:10+00:00","og_image":[{"width":600,"height":600,"url":"https:\/\/medicinasinc.com\/da\/wp-content\/uploads\/sites\/8\/2022\/02\/Buy-Acetyl-Fentanyl-Powder-99-Pure-online.jpg","type":"image\/jpeg"}],"twitter_card":"summary_large_image","twitter_misc":{"Est. reading time":"1 minute"},"schema":{"@context":"https:\/\/schema.org","@graph":[{"@type":"WebPage","@id":"https:\/\/medicinasinc.com\/da\/product\/kob-acetyl-fentanyl-pulver-99-ren-online\/","url":"https:\/\/medicinasinc.com\/da\/product\/kob-acetyl-fentanyl-pulver-99-ren-online\/","name":"K\u00f8b acetylfentanylpulver (99%+ rent) online - bedste globale medicin","isPartOf":{"@id":"https:\/\/medicinasinc.com\/da\/#website"},"primaryImageOfPage":{"@id":"https:\/\/medicinasinc.com\/da\/product\/kob-acetyl-fentanyl-pulver-99-ren-online\/#primaryimage"},"image":{"@id":"https:\/\/medicinasinc.com\/da\/product\/kob-acetyl-fentanyl-pulver-99-ren-online\/#primaryimage"},"thumbnailUrl":"https:\/\/medicinasinc.com\/da\/wp-content\/uploads\/sites\/8\/2022\/02\/Buy-Acetyl-Fentanyl-Powder-99-Pure-online.jpg","datePublished":"2022-02-21T22:59:50+00:00","dateModified":"2022-03-20T00:36:10+00:00","description":"K\u00f8b Acetyl Fentanyl Powder (99%+ Pure) Online. Bruges til sv\u00e6re, vedvarende smerter, som ikke kan kontrolleres med anden medicin. Denne medicin er en st\u00e6rk narkotisk smertestillende medicin.","breadcrumb":{"@id":"https:\/\/medicinasinc.com\/da\/product\/kob-acetyl-fentanyl-pulver-99-ren-online\/#breadcrumb"},"inLanguage":"en-US","potentialAction":[{"@type":"ReadAction","target":["https:\/\/medicinasinc.com\/da\/product\/kob-acetyl-fentanyl-pulver-99-ren-online\/"]}]},{"@type":"ImageObject","inLanguage":"en-US","@id":"https:\/\/medicinasinc.com\/da\/product\/kob-acetyl-fentanyl-pulver-99-ren-online\/#primaryimage","url":"https:\/\/medicinasinc.com\/da\/wp-content\/uploads\/sites\/8\/2022\/02\/Buy-Acetyl-Fentanyl-Powder-99-Pure-online.jpg","contentUrl":"https:\/\/medicinasinc.com\/da\/wp-content\/uploads\/sites\/8\/2022\/02\/Buy-Acetyl-Fentanyl-Powder-99-Pure-online.jpg","width":600,"height":600},{"@type":"BreadcrumbList","@id":"https:\/\/medicinasinc.com\/da\/product\/kob-acetyl-fentanyl-pulver-99-ren-online\/#breadcrumb","itemListElement":[{"@type":"ListItem","position":1,"name":"Butik","item":"https:\/\/medicinasinc.com\/da\/butik\/"},{"@type":"ListItem","position":2,"name":"K\u00f8b Acetyl Fentanyl Powder (99%+ Pure) Online"}]},{"@type":"WebSite","@id":"https:\/\/medicinasinc.com\/da\/#website","url":"https:\/\/medicinasinc.com\/da\/","name":"Medicinas Inc","description":"Health Medical Clinic","potentialAction":[{"@type":"SearchAction","target":{"@type":"EntryPoint","urlTemplate":"https:\/\/medicinasinc.com\/da\/?s={search_term_string}"},"query-input":{"@type":"PropertyValueSpecification","valueRequired":true,"valueName":"search_term_string"}}],"inLanguage":"en-US"}]}},"_links":{"self":[{"href":"https:\/\/medicinasinc.com\/da\/wp-json\/wp\/v2\/product\/5418","targetHints":{"allow":["GET"]}}],"collection":[{"href":"https:\/\/medicinasinc.com\/da\/wp-json\/wp\/v2\/product"}],"about":[{"href":"https:\/\/medicinasinc.com\/da\/wp-json\/wp\/v2\/types\/product"}],"replies":[{"embeddable":true,"href":"https:\/\/medicinasinc.com\/da\/wp-json\/wp\/v2\/comments?post=5418"}],"wp:featuredmedia":[{"embeddable":true,"href":"https:\/\/medicinasinc.com\/da\/wp-json\/wp\/v2\/media\/5429"}],"wp:attachment":[{"href":"https:\/\/medicinasinc.com\/da\/wp-json\/wp\/v2\/media?parent=5418"}],"wp:term":[{"taxonomy":"product_brand","embeddable":true,"href":"https:\/\/medicinasinc.com\/da\/wp-json\/wp\/v2\/product_brand?post=5418"},{"taxonomy":"product_cat","embeddable":true,"href":"https:\/\/medicinasinc.com\/da\/wp-json\/wp\/v2\/product_cat?post=5418"},{"taxonomy":"product_tag","embeddable":true,"href":"https:\/\/medicinasinc.com\/da\/wp-json\/wp\/v2\/product_tag?post=5418"}],"curies":[{"name":"wp","href":"https:\/\/api.w.org\/{rel}","templated":true}]}}