{"id":5417,"date":"2022-02-21T22:57:54","date_gmt":"2022-02-21T22:57:54","guid":{"rendered":"https:\/\/medicinasinc.com\/da\/?post_type=product&#038;p=5417"},"modified":"2022-03-20T00:36:22","modified_gmt":"2022-03-20T00:36:22","slug":"kob-5f-mdmb-2201-5f-mmb-pica-5f-amb-pica","status":"publish","type":"product","link":"https:\/\/medicinasinc.com\/da\/product\/kob-5f-mdmb-2201-5f-mmb-pica-5f-amb-pica\/","title":{"rendered":"K\u00f8b 5F MDMB 2201 &#8211; 5F-MMB-PICA, 5F-AMB-PICA"},"content":{"rendered":"<h1>K\u00f8b 5f MDMB 2201 Crystals Online.<\/h1>\n<p>K\u00f8b 5f MDMB 2201 Crystals Online.<\/p>\n<p>Det er et indazol 3-carboxamid, der begynder at blive set i syntetiske cannabisprodukter rundt om i verden .<\/p>\n<p>Farmakologi:<br \/> 5F-MDMB-2201 forst\u00e5s at v\u00e6re en meget potent CB1-agonist, men det vides ikke, om den har en st\u00e6rk selektivitet for CB1, eller om den er selektiv ved alle. Der vil v\u00e6re behov for flere test p\u00e5 dette omr\u00e5de.<\/p>\n<p>Lignende forbindelser:<br \/> 5F-AB-PINACA<br \/> PX-3<br \/> MDMB-FUBINACA<br \/> MDMB-CHMICA<br \/> APINACA<br \/> APICA<br \/> ADB-PINACA<br \/> ADBICA<br \/> ADB-FUBINACA<br \/> ADB-CHMINACA<br \/> AB-PINACA<br \/> AB-FUBINACA<br \/> AB-CHMINACA<br \/> AB-CHFUPYCA<br \/> 5F-APINACA<br \/> 5F-AMB<\/p>\n<p>Lovlighed:<br \/> 5F-MDMB-2201 vides ikke at v\u00e6re betragtes som et kontrolleret stof i ethvert land eller st\u00f8rre jurisdiktion i \u00f8jeblikket, men det kan betragtes som en analog af 5F-ADB eller relaterede forbindelser. Det kan g\u00f8re dets salg eller besiddelse ulovligt i visse jurisdiktioner, s\u00e5 der skal udvises forsigtighed ved import af dette kemikalie.<br \/> 5F-MDMB-2201 s\u00e6lges udelukkende som et forskningskemikalie og er derfor uegnet til menneske- eller dyrekonsum. Det b\u00f8r kun bruges af uddannet personale i laboratorie- eller retsmedicinske omgivelser.<\/p>\n","protected":false},"excerpt":{"rendered":"<p>K\u00f8b MMB-2201, 5F MDMB 2201 til salg Storbritannien, Europa (ogs\u00e5 kendt som 5F-MMB-PICA, 5F-AMB-PICA og I-AMB) er en potent indol-3-carboxamidbaseret syntetisk cannabinoid, som er blevet solgt som et designerl\u00e6gemiddel og som en aktiv ingrediens i syntetiske cannabisblandinger<\/p>\n<p>Online k\u00f8b af 5f MDMB 2201 Crystals. 5F-MDMB-2201 er en syntetisk cannabinoid fra indazolfamilien, der minder meget om den mere kendte 5F-MDMB-PINACA.<\/p>\n<p>K\u00f8b rent h\u00f8jkvalitets 5F-MDMB-2201 Powder online med Bitcoin &amp; #8211; K\u00f8b lovlige stoffer, forskningskemikalier og r\u00e5 farmaceutiske pulvere online.<\/p>\n<p>5F-MDMB-2201<\/p>\n<p>Bestil en pr\u00f8ve til test eller k\u00f8b 5f-mdmb-2201 til salg med gratis forsendelse til Storbritannien, USA eller Europa.<\/p>\n","protected":false},"featured_media":5427,"comment_status":"open","ping_status":"closed","template":"","meta":[],"product_brand":[],"product_cat":[2596],"product_tag":[2597,2598,2599,2600,2616,2601,2602,2605,2606,2611,2612,2613,2614,2610,2607,2608,2609,2615,2603,2604,2617,2618,2626,2627,2628,2619,2620,2621,2623,2624,2631,2622,2629,2625,2630],"class_list":{"0":"post-5417","1":"product","2":"type-product","3":"status-publish","4":"has-post-thumbnail","6":"product_cat-cannabinoider-til-salg","7":"product_tag-4f-adb-anmeldelse","8":"product_tag-4f-mdmb-binaca-uk","9":"product_tag-5f-pulver","10":"product_tag-5f-mdmb-2201","11":"product_tag-5f-mdmb-2201-gennemgang","12":"product_tag-5f-mdmb-2201-cannabinoider","13":"product_tag-5f-mdmb-2201-cannabinoider-til-salg","14":"product_tag-5f-mdmb-2201-powder","15":"product_tag-5f-mdmb-2201-powder-australia","16":"product_tag-5f-mdmb-2201-powder-supplier","17":"product_tag-5f-mdmb-2201-powder-uk","18":"product_tag-5f-mdmb-2201-powder-usa","19":"product_tag-5f-mdmb-2201-powder-vendor","20":"product_tag-5f-mdmb-2201-powder-review","21":"product_tag-5f-mdmb-2201-powder-canada","22":"product_tag-5f-mdmb-2201-pulver-dosering","23":"product_tag-5f-mdmb-2201-pulver-til-salg","24":"product_tag-5f-mdmb-2201-reddit","25":"product_tag-5f-mdmb-2201-til-salg","26":"product_tag-5f-mdmb-2201-til-salg-online","27":"product_tag-5f-mdmb-pinaca-kb","28":"product_tag-5f-sgt-151","29":"product_tag-ordre-5f-mdmb-2201","30":"product_tag-bestil-5f-mdmb-2201-online","31":"product_tag-ordre-5f-mdmb-2201-pulver","32":"product_tag-buy-5f-mdmb-2201","33":"product_tag-buy-5f-mdmb-2201-cannabinoids","34":"product_tag-buy-5f-mdmb-2201-online","35":"product_tag-buy-diclazepam-uk","36":"product_tag-c-liquid-chemical-suspension","37":"product_tag-hvor-kan-kbes-5f-mdmb-2201","38":"product_tag-kb-5f-mdmb-2201-pulver-online","39":"product_tag-ren-5f-mdmb-2201-pulver","40":"product_tag-mail-5f-mdmb-2201","41":"product_tag-sgt-151-legal","43":"first","44":"instock","45":"shipping-taxable","46":"purchasable","47":"product-type-variable","48":"has-default-attributes"},"yoast_head":"<!-- This site is optimized with the Yoast SEO plugin v27.3 - https:\/\/yoast.com\/product\/yoast-seo-wordpress\/ -->\n<title>K\u00f8b 5F MDMB 2201 - 5F-MMB-PICA, 5F-AMB-PICA og I-AMB<\/title>\n<meta name=\"description\" content=\"K\u00f8b MMB-2201, 5F MDMB 2201 til salg Storbritannien, Europa (ogs\u00e5 kendt som 5F-MMB-PICA, 5F-AMB-PICA og I-AMB) er en potent indol-3-carboxamid baseret syntetisk cannabinoid, som er blevet solgt som designerl\u00e6gemiddel og som aktiv ingrediens i syntetiske cannabisblandinger\" \/>\n<meta name=\"robots\" content=\"index, follow, max-snippet:-1, max-image-preview:large, max-video-preview:-1\" \/>\n<link rel=\"canonical\" href=\"https:\/\/medicinasinc.com\/da\/product\/kob-5f-mdmb-2201-5f-mmb-pica-5f-amb-pica\/\" \/>\n<meta property=\"og:locale\" content=\"en_US\" \/>\n<meta property=\"og:type\" content=\"article\" \/>\n<meta property=\"og:title\" content=\"K\u00f8b 5F MDMB 2201 - 5F-MMB-PICA, 5F-AMB-PICA og I-AMB\" \/>\n<meta property=\"og:description\" content=\"K\u00f8b MMB-2201, 5F MDMB 2201 til salg Storbritannien, Europa (ogs\u00e5 kendt som 5F-MMB-PICA, 5F-AMB-PICA og I-AMB) er en potent indol-3-carboxamid baseret syntetisk cannabinoid, som er blevet solgt som designerl\u00e6gemiddel og som aktiv ingrediens i syntetiske cannabisblandinger\" \/>\n<meta property=\"og:url\" content=\"https:\/\/medicinasinc.com\/da\/product\/kob-5f-mdmb-2201-5f-mmb-pica-5f-amb-pica\/\" \/>\n<meta property=\"og:site_name\" content=\"Medicinas Inc\" \/>\n<meta property=\"article:modified_time\" content=\"2022-03-20T00:36:22+00:00\" \/>\n<meta property=\"og:image\" content=\"https:\/\/medicinasinc.com\/da\/wp-content\/uploads\/sites\/8\/2022\/02\/Buy-5f-MDMB-2201.jpg\" \/>\n\t<meta property=\"og:image:width\" content=\"232\" \/>\n\t<meta property=\"og:image:height\" content=\"217\" \/>\n\t<meta property=\"og:image:type\" content=\"image\/jpeg\" \/>\n<meta name=\"twitter:card\" content=\"summary_large_image\" \/>\n<meta name=\"twitter:label1\" content=\"Est. reading time\" \/>\n\t<meta name=\"twitter:data1\" content=\"1 minute\" \/>\n<script type=\"application\/ld+json\" class=\"yoast-schema-graph\">{\"@context\":\"https:\\\/\\\/schema.org\",\"@graph\":[{\"@type\":\"WebPage\",\"@id\":\"https:\\\/\\\/medicinasinc.com\\\/da\\\/product\\\/kob-5f-mdmb-2201-5f-mmb-pica-5f-amb-pica\\\/\",\"url\":\"https:\\\/\\\/medicinasinc.com\\\/da\\\/product\\\/kob-5f-mdmb-2201-5f-mmb-pica-5f-amb-pica\\\/\",\"name\":\"K\u00f8b 5F MDMB 2201 - 5F-MMB-PICA, 5F-AMB-PICA og I-AMB\",\"isPartOf\":{\"@id\":\"https:\\\/\\\/medicinasinc.com\\\/da\\\/#website\"},\"primaryImageOfPage\":{\"@id\":\"https:\\\/\\\/medicinasinc.com\\\/da\\\/product\\\/kob-5f-mdmb-2201-5f-mmb-pica-5f-amb-pica\\\/#primaryimage\"},\"image\":{\"@id\":\"https:\\\/\\\/medicinasinc.com\\\/da\\\/product\\\/kob-5f-mdmb-2201-5f-mmb-pica-5f-amb-pica\\\/#primaryimage\"},\"thumbnailUrl\":\"https:\\\/\\\/medicinasinc.com\\\/da\\\/wp-content\\\/uploads\\\/sites\\\/8\\\/2022\\\/02\\\/Buy-5f-MDMB-2201.jpg\",\"datePublished\":\"2022-02-21T22:57:54+00:00\",\"dateModified\":\"2022-03-20T00:36:22+00:00\",\"description\":\"K\u00f8b MMB-2201, 5F MDMB 2201 til salg Storbritannien, Europa (ogs\u00e5 kendt som 5F-MMB-PICA, 5F-AMB-PICA og I-AMB) er en potent indol-3-carboxamid baseret syntetisk cannabinoid, som er blevet solgt som designerl\u00e6gemiddel og som aktiv ingrediens i syntetiske cannabisblandinger\",\"breadcrumb\":{\"@id\":\"https:\\\/\\\/medicinasinc.com\\\/da\\\/product\\\/kob-5f-mdmb-2201-5f-mmb-pica-5f-amb-pica\\\/#breadcrumb\"},\"inLanguage\":\"en-US\",\"potentialAction\":[{\"@type\":\"ReadAction\",\"target\":[\"https:\\\/\\\/medicinasinc.com\\\/da\\\/product\\\/kob-5f-mdmb-2201-5f-mmb-pica-5f-amb-pica\\\/\"]}]},{\"@type\":\"ImageObject\",\"inLanguage\":\"en-US\",\"@id\":\"https:\\\/\\\/medicinasinc.com\\\/da\\\/product\\\/kob-5f-mdmb-2201-5f-mmb-pica-5f-amb-pica\\\/#primaryimage\",\"url\":\"https:\\\/\\\/medicinasinc.com\\\/da\\\/wp-content\\\/uploads\\\/sites\\\/8\\\/2022\\\/02\\\/Buy-5f-MDMB-2201.jpg\",\"contentUrl\":\"https:\\\/\\\/medicinasinc.com\\\/da\\\/wp-content\\\/uploads\\\/sites\\\/8\\\/2022\\\/02\\\/Buy-5f-MDMB-2201.jpg\",\"width\":232,\"height\":217},{\"@type\":\"BreadcrumbList\",\"@id\":\"https:\\\/\\\/medicinasinc.com\\\/da\\\/product\\\/kob-5f-mdmb-2201-5f-mmb-pica-5f-amb-pica\\\/#breadcrumb\",\"itemListElement\":[{\"@type\":\"ListItem\",\"position\":1,\"name\":\"Butik\",\"item\":\"https:\\\/\\\/medicinasinc.com\\\/da\\\/butik\\\/\"},{\"@type\":\"ListItem\",\"position\":2,\"name\":\"K\u00f8b 5F MDMB 2201 &#8211; 5F-MMB-PICA, 5F-AMB-PICA\"}]},{\"@type\":\"WebSite\",\"@id\":\"https:\\\/\\\/medicinasinc.com\\\/da\\\/#website\",\"url\":\"https:\\\/\\\/medicinasinc.com\\\/da\\\/\",\"name\":\"Medicinas Inc\",\"description\":\"Health Medical Clinic\",\"potentialAction\":[{\"@type\":\"SearchAction\",\"target\":{\"@type\":\"EntryPoint\",\"urlTemplate\":\"https:\\\/\\\/medicinasinc.com\\\/da\\\/?s={search_term_string}\"},\"query-input\":{\"@type\":\"PropertyValueSpecification\",\"valueRequired\":true,\"valueName\":\"search_term_string\"}}],\"inLanguage\":\"en-US\"}]}<\/script>\n<!-- \/ Yoast SEO plugin. -->","yoast_head_json":{"title":"K\u00f8b 5F MDMB 2201 - 5F-MMB-PICA, 5F-AMB-PICA og I-AMB","description":"K\u00f8b MMB-2201, 5F MDMB 2201 til salg Storbritannien, Europa (ogs\u00e5 kendt som 5F-MMB-PICA, 5F-AMB-PICA og I-AMB) er en potent indol-3-carboxamid baseret syntetisk cannabinoid, som er blevet solgt som designerl\u00e6gemiddel og som aktiv ingrediens i syntetiske cannabisblandinger","robots":{"index":"index","follow":"follow","max-snippet":"max-snippet:-1","max-image-preview":"max-image-preview:large","max-video-preview":"max-video-preview:-1"},"canonical":"https:\/\/medicinasinc.com\/da\/product\/kob-5f-mdmb-2201-5f-mmb-pica-5f-amb-pica\/","og_locale":"en_US","og_type":"article","og_title":"K\u00f8b 5F MDMB 2201 - 5F-MMB-PICA, 5F-AMB-PICA og I-AMB","og_description":"K\u00f8b MMB-2201, 5F MDMB 2201 til salg Storbritannien, Europa (ogs\u00e5 kendt som 5F-MMB-PICA, 5F-AMB-PICA og I-AMB) er en potent indol-3-carboxamid baseret syntetisk cannabinoid, som er blevet solgt som designerl\u00e6gemiddel og som aktiv ingrediens i syntetiske cannabisblandinger","og_url":"https:\/\/medicinasinc.com\/da\/product\/kob-5f-mdmb-2201-5f-mmb-pica-5f-amb-pica\/","og_site_name":"Medicinas Inc","article_modified_time":"2022-03-20T00:36:22+00:00","og_image":[{"width":232,"height":217,"url":"https:\/\/medicinasinc.com\/da\/wp-content\/uploads\/sites\/8\/2022\/02\/Buy-5f-MDMB-2201.jpg","type":"image\/jpeg"}],"twitter_card":"summary_large_image","twitter_misc":{"Est. reading time":"1 minute"},"schema":{"@context":"https:\/\/schema.org","@graph":[{"@type":"WebPage","@id":"https:\/\/medicinasinc.com\/da\/product\/kob-5f-mdmb-2201-5f-mmb-pica-5f-amb-pica\/","url":"https:\/\/medicinasinc.com\/da\/product\/kob-5f-mdmb-2201-5f-mmb-pica-5f-amb-pica\/","name":"K\u00f8b 5F MDMB 2201 - 5F-MMB-PICA, 5F-AMB-PICA og I-AMB","isPartOf":{"@id":"https:\/\/medicinasinc.com\/da\/#website"},"primaryImageOfPage":{"@id":"https:\/\/medicinasinc.com\/da\/product\/kob-5f-mdmb-2201-5f-mmb-pica-5f-amb-pica\/#primaryimage"},"image":{"@id":"https:\/\/medicinasinc.com\/da\/product\/kob-5f-mdmb-2201-5f-mmb-pica-5f-amb-pica\/#primaryimage"},"thumbnailUrl":"https:\/\/medicinasinc.com\/da\/wp-content\/uploads\/sites\/8\/2022\/02\/Buy-5f-MDMB-2201.jpg","datePublished":"2022-02-21T22:57:54+00:00","dateModified":"2022-03-20T00:36:22+00:00","description":"K\u00f8b MMB-2201, 5F MDMB 2201 til salg Storbritannien, Europa (ogs\u00e5 kendt som 5F-MMB-PICA, 5F-AMB-PICA og I-AMB) er en potent indol-3-carboxamid baseret syntetisk cannabinoid, som er blevet solgt som designerl\u00e6gemiddel og som aktiv ingrediens i syntetiske cannabisblandinger","breadcrumb":{"@id":"https:\/\/medicinasinc.com\/da\/product\/kob-5f-mdmb-2201-5f-mmb-pica-5f-amb-pica\/#breadcrumb"},"inLanguage":"en-US","potentialAction":[{"@type":"ReadAction","target":["https:\/\/medicinasinc.com\/da\/product\/kob-5f-mdmb-2201-5f-mmb-pica-5f-amb-pica\/"]}]},{"@type":"ImageObject","inLanguage":"en-US","@id":"https:\/\/medicinasinc.com\/da\/product\/kob-5f-mdmb-2201-5f-mmb-pica-5f-amb-pica\/#primaryimage","url":"https:\/\/medicinasinc.com\/da\/wp-content\/uploads\/sites\/8\/2022\/02\/Buy-5f-MDMB-2201.jpg","contentUrl":"https:\/\/medicinasinc.com\/da\/wp-content\/uploads\/sites\/8\/2022\/02\/Buy-5f-MDMB-2201.jpg","width":232,"height":217},{"@type":"BreadcrumbList","@id":"https:\/\/medicinasinc.com\/da\/product\/kob-5f-mdmb-2201-5f-mmb-pica-5f-amb-pica\/#breadcrumb","itemListElement":[{"@type":"ListItem","position":1,"name":"Butik","item":"https:\/\/medicinasinc.com\/da\/butik\/"},{"@type":"ListItem","position":2,"name":"K\u00f8b 5F MDMB 2201 &#8211; 5F-MMB-PICA, 5F-AMB-PICA"}]},{"@type":"WebSite","@id":"https:\/\/medicinasinc.com\/da\/#website","url":"https:\/\/medicinasinc.com\/da\/","name":"Medicinas Inc","description":"Health Medical Clinic","potentialAction":[{"@type":"SearchAction","target":{"@type":"EntryPoint","urlTemplate":"https:\/\/medicinasinc.com\/da\/?s={search_term_string}"},"query-input":{"@type":"PropertyValueSpecification","valueRequired":true,"valueName":"search_term_string"}}],"inLanguage":"en-US"}]}},"_links":{"self":[{"href":"https:\/\/medicinasinc.com\/da\/wp-json\/wp\/v2\/product\/5417","targetHints":{"allow":["GET"]}}],"collection":[{"href":"https:\/\/medicinasinc.com\/da\/wp-json\/wp\/v2\/product"}],"about":[{"href":"https:\/\/medicinasinc.com\/da\/wp-json\/wp\/v2\/types\/product"}],"replies":[{"embeddable":true,"href":"https:\/\/medicinasinc.com\/da\/wp-json\/wp\/v2\/comments?post=5417"}],"wp:featuredmedia":[{"embeddable":true,"href":"https:\/\/medicinasinc.com\/da\/wp-json\/wp\/v2\/media\/5427"}],"wp:attachment":[{"href":"https:\/\/medicinasinc.com\/da\/wp-json\/wp\/v2\/media?parent=5417"}],"wp:term":[{"taxonomy":"product_brand","embeddable":true,"href":"https:\/\/medicinasinc.com\/da\/wp-json\/wp\/v2\/product_brand?post=5417"},{"taxonomy":"product_cat","embeddable":true,"href":"https:\/\/medicinasinc.com\/da\/wp-json\/wp\/v2\/product_cat?post=5417"},{"taxonomy":"product_tag","embeddable":true,"href":"https:\/\/medicinasinc.com\/da\/wp-json\/wp\/v2\/product_tag?post=5417"}],"curies":[{"name":"wp","href":"https:\/\/api.w.org\/{rel}","templated":true}]}}