{"id":5416,"date":"2022-02-21T22:57:03","date_gmt":"2022-02-21T22:57:03","guid":{"rendered":"https:\/\/medicinasinc.com\/da\/?post_type=product&#038;p=5416"},"modified":"2022-03-20T00:36:31","modified_gmt":"2022-03-20T00:36:31","slug":"kob-50mcg-lsd-tablets-online","status":"publish","type":"product","link":"https:\/\/medicinasinc.com\/da\/product\/kob-50mcg-lsd-tablets-online\/","title":{"rendered":"K\u00f8b 50mcg LSD tabletter online"},"content":{"rendered":"<p><strong>K\u00f8b LSD 50mcg piller online.<\/strong><\/p>\n<p>LSD 50mcg tabletter kan k\u00f8bes online.<\/p>\n<p>For at k\u00f8be eller bestille LSD tabletter kan du g\u00f8re det p\u00e5 vores LSD-tabletbutik: Hvis du leder efter LSD-tablets af h\u00f8j kvalitet, skal du ikke g\u00e5 l\u00e6ngere. Du har fundet det. De bedste LSD-tabletter p\u00e5 markedet lige nu er dem, der er lavet af os.<br \/> Lysergsyrediethylamid er dets generiske navn.<br \/> Over 80 almindelige navne eller gadenavne bruges til at beskrive LSD. Disse omfatter syre, blotter (ogs\u00e5 kaldet &#8220;cid&#8221;), doser (ogs\u00e5 kaldet &#8220;prikkerne&#8221;) og trips (ogs\u00e5 kaldet turene).<\/p>\n","protected":false},"excerpt":{"rendered":"<div class=\"woocommerce-product-details__short-description\">\n<p>\u00c6gte 50mcg LSD tabletter online \u2013 50mcg LSD tabletter til salg | K\u00f8b LSD tabletter online | K\u00f8b 50mcg LSD tabletter til salg| K\u00f8b billige 50mcg LSD tabletter | Hvor kan man k\u00f8be 50mcg LSD tabletter online.<\/p>\n<\/p><\/div>\n","protected":false},"featured_media":5425,"comment_status":"open","ping_status":"closed","template":"","meta":[],"product_brand":[],"product_cat":[703],"product_tag":[],"class_list":{"0":"post-5416","1":"product","2":"type-product","3":"status-publish","4":"has-post-thumbnail","6":"product_cat-kbe-psykedeliske-stoffer","8":"first","9":"instock","10":"shipping-taxable","11":"purchasable","12":"product-type-variable","13":"has-default-attributes"},"yoast_head":"<!-- This site is optimized with the Yoast SEO plugin v27.3 - https:\/\/yoast.com\/product\/yoast-seo-wordpress\/ -->\n<title>K\u00f8b 50mcg LSD-tabletter online - Bedste bedste globale medicin<\/title>\n<meta name=\"description\" content=\"\u00c6gte 50mcg LSD tabletter online \u2013 50mcg LSD tabletter til salg | K\u00f8b LSD tabletter online | K\u00f8b 50mcg LSD tabletter til salg| K\u00f8b billige 50mcg LSD tabletter | Hvor kan man k\u00f8be 50mcg LSD tabletter online.\" \/>\n<meta name=\"robots\" content=\"index, follow, max-snippet:-1, max-image-preview:large, max-video-preview:-1\" \/>\n<link rel=\"canonical\" href=\"https:\/\/medicinasinc.com\/da\/product\/kob-50mcg-lsd-tablets-online\/\" \/>\n<meta property=\"og:locale\" content=\"en_US\" \/>\n<meta property=\"og:type\" content=\"article\" \/>\n<meta property=\"og:title\" content=\"K\u00f8b 50mcg LSD-tabletter online - Bedste bedste globale medicin\" \/>\n<meta property=\"og:description\" content=\"\u00c6gte 50mcg LSD tabletter online \u2013 50mcg LSD tabletter til salg | K\u00f8b LSD tabletter online | K\u00f8b 50mcg LSD tabletter til salg| K\u00f8b billige 50mcg LSD tabletter | Hvor kan man k\u00f8be 50mcg LSD tabletter online.\" \/>\n<meta property=\"og:url\" content=\"https:\/\/medicinasinc.com\/da\/product\/kob-50mcg-lsd-tablets-online\/\" \/>\n<meta property=\"og:site_name\" content=\"Medicinas Inc\" \/>\n<meta property=\"article:modified_time\" content=\"2022-03-20T00:36:31+00:00\" \/>\n<meta property=\"og:image\" content=\"https:\/\/medicinasinc.com\/da\/wp-content\/uploads\/sites\/8\/2022\/02\/buy-50mcg-lsd-tablets-online.jpg\" \/>\n\t<meta property=\"og:image:width\" content=\"600\" \/>\n\t<meta property=\"og:image:height\" content=\"600\" \/>\n\t<meta property=\"og:image:type\" content=\"image\/jpeg\" \/>\n<meta name=\"twitter:card\" content=\"summary_large_image\" \/>\n<meta name=\"twitter:label1\" content=\"Est. reading time\" \/>\n\t<meta name=\"twitter:data1\" content=\"1 minute\" \/>\n<script type=\"application\/ld+json\" class=\"yoast-schema-graph\">{\"@context\":\"https:\\\/\\\/schema.org\",\"@graph\":[{\"@type\":\"WebPage\",\"@id\":\"https:\\\/\\\/medicinasinc.com\\\/da\\\/product\\\/kob-50mcg-lsd-tablets-online\\\/\",\"url\":\"https:\\\/\\\/medicinasinc.com\\\/da\\\/product\\\/kob-50mcg-lsd-tablets-online\\\/\",\"name\":\"K\u00f8b 50mcg LSD-tabletter online - Bedste bedste globale medicin\",\"isPartOf\":{\"@id\":\"https:\\\/\\\/medicinasinc.com\\\/da\\\/#website\"},\"primaryImageOfPage\":{\"@id\":\"https:\\\/\\\/medicinasinc.com\\\/da\\\/product\\\/kob-50mcg-lsd-tablets-online\\\/#primaryimage\"},\"image\":{\"@id\":\"https:\\\/\\\/medicinasinc.com\\\/da\\\/product\\\/kob-50mcg-lsd-tablets-online\\\/#primaryimage\"},\"thumbnailUrl\":\"https:\\\/\\\/medicinasinc.com\\\/da\\\/wp-content\\\/uploads\\\/sites\\\/8\\\/2022\\\/02\\\/buy-50mcg-lsd-tablets-online.jpg\",\"datePublished\":\"2022-02-21T22:57:03+00:00\",\"dateModified\":\"2022-03-20T00:36:31+00:00\",\"description\":\"\u00c6gte 50mcg LSD tabletter online \u2013 50mcg LSD tabletter til salg | K\u00f8b LSD tabletter online | K\u00f8b 50mcg LSD tabletter til salg| K\u00f8b billige 50mcg LSD tabletter | Hvor kan man k\u00f8be 50mcg LSD tabletter online.\",\"breadcrumb\":{\"@id\":\"https:\\\/\\\/medicinasinc.com\\\/da\\\/product\\\/kob-50mcg-lsd-tablets-online\\\/#breadcrumb\"},\"inLanguage\":\"en-US\",\"potentialAction\":[{\"@type\":\"ReadAction\",\"target\":[\"https:\\\/\\\/medicinasinc.com\\\/da\\\/product\\\/kob-50mcg-lsd-tablets-online\\\/\"]}]},{\"@type\":\"ImageObject\",\"inLanguage\":\"en-US\",\"@id\":\"https:\\\/\\\/medicinasinc.com\\\/da\\\/product\\\/kob-50mcg-lsd-tablets-online\\\/#primaryimage\",\"url\":\"https:\\\/\\\/medicinasinc.com\\\/da\\\/wp-content\\\/uploads\\\/sites\\\/8\\\/2022\\\/02\\\/buy-50mcg-lsd-tablets-online.jpg\",\"contentUrl\":\"https:\\\/\\\/medicinasinc.com\\\/da\\\/wp-content\\\/uploads\\\/sites\\\/8\\\/2022\\\/02\\\/buy-50mcg-lsd-tablets-online.jpg\",\"width\":600,\"height\":600},{\"@type\":\"BreadcrumbList\",\"@id\":\"https:\\\/\\\/medicinasinc.com\\\/da\\\/product\\\/kob-50mcg-lsd-tablets-online\\\/#breadcrumb\",\"itemListElement\":[{\"@type\":\"ListItem\",\"position\":1,\"name\":\"Butik\",\"item\":\"https:\\\/\\\/medicinasinc.com\\\/da\\\/butik\\\/\"},{\"@type\":\"ListItem\",\"position\":2,\"name\":\"K\u00f8b 50mcg LSD tabletter online\"}]},{\"@type\":\"WebSite\",\"@id\":\"https:\\\/\\\/medicinasinc.com\\\/da\\\/#website\",\"url\":\"https:\\\/\\\/medicinasinc.com\\\/da\\\/\",\"name\":\"Medicinas Inc\",\"description\":\"Health Medical Clinic\",\"potentialAction\":[{\"@type\":\"SearchAction\",\"target\":{\"@type\":\"EntryPoint\",\"urlTemplate\":\"https:\\\/\\\/medicinasinc.com\\\/da\\\/?s={search_term_string}\"},\"query-input\":{\"@type\":\"PropertyValueSpecification\",\"valueRequired\":true,\"valueName\":\"search_term_string\"}}],\"inLanguage\":\"en-US\"}]}<\/script>\n<!-- \/ Yoast SEO plugin. -->","yoast_head_json":{"title":"K\u00f8b 50mcg LSD-tabletter online - Bedste bedste globale medicin","description":"\u00c6gte 50mcg LSD tabletter online \u2013 50mcg LSD tabletter til salg | K\u00f8b LSD tabletter online | K\u00f8b 50mcg LSD tabletter til salg| K\u00f8b billige 50mcg LSD tabletter | Hvor kan man k\u00f8be 50mcg LSD tabletter online.","robots":{"index":"index","follow":"follow","max-snippet":"max-snippet:-1","max-image-preview":"max-image-preview:large","max-video-preview":"max-video-preview:-1"},"canonical":"https:\/\/medicinasinc.com\/da\/product\/kob-50mcg-lsd-tablets-online\/","og_locale":"en_US","og_type":"article","og_title":"K\u00f8b 50mcg LSD-tabletter online - Bedste bedste globale medicin","og_description":"\u00c6gte 50mcg LSD tabletter online \u2013 50mcg LSD tabletter til salg | K\u00f8b LSD tabletter online | K\u00f8b 50mcg LSD tabletter til salg| K\u00f8b billige 50mcg LSD tabletter | Hvor kan man k\u00f8be 50mcg LSD tabletter online.","og_url":"https:\/\/medicinasinc.com\/da\/product\/kob-50mcg-lsd-tablets-online\/","og_site_name":"Medicinas Inc","article_modified_time":"2022-03-20T00:36:31+00:00","og_image":[{"width":600,"height":600,"url":"https:\/\/medicinasinc.com\/da\/wp-content\/uploads\/sites\/8\/2022\/02\/buy-50mcg-lsd-tablets-online.jpg","type":"image\/jpeg"}],"twitter_card":"summary_large_image","twitter_misc":{"Est. reading time":"1 minute"},"schema":{"@context":"https:\/\/schema.org","@graph":[{"@type":"WebPage","@id":"https:\/\/medicinasinc.com\/da\/product\/kob-50mcg-lsd-tablets-online\/","url":"https:\/\/medicinasinc.com\/da\/product\/kob-50mcg-lsd-tablets-online\/","name":"K\u00f8b 50mcg LSD-tabletter online - Bedste bedste globale medicin","isPartOf":{"@id":"https:\/\/medicinasinc.com\/da\/#website"},"primaryImageOfPage":{"@id":"https:\/\/medicinasinc.com\/da\/product\/kob-50mcg-lsd-tablets-online\/#primaryimage"},"image":{"@id":"https:\/\/medicinasinc.com\/da\/product\/kob-50mcg-lsd-tablets-online\/#primaryimage"},"thumbnailUrl":"https:\/\/medicinasinc.com\/da\/wp-content\/uploads\/sites\/8\/2022\/02\/buy-50mcg-lsd-tablets-online.jpg","datePublished":"2022-02-21T22:57:03+00:00","dateModified":"2022-03-20T00:36:31+00:00","description":"\u00c6gte 50mcg LSD tabletter online \u2013 50mcg LSD tabletter til salg | K\u00f8b LSD tabletter online | K\u00f8b 50mcg LSD tabletter til salg| K\u00f8b billige 50mcg LSD tabletter | Hvor kan man k\u00f8be 50mcg LSD tabletter online.","breadcrumb":{"@id":"https:\/\/medicinasinc.com\/da\/product\/kob-50mcg-lsd-tablets-online\/#breadcrumb"},"inLanguage":"en-US","potentialAction":[{"@type":"ReadAction","target":["https:\/\/medicinasinc.com\/da\/product\/kob-50mcg-lsd-tablets-online\/"]}]},{"@type":"ImageObject","inLanguage":"en-US","@id":"https:\/\/medicinasinc.com\/da\/product\/kob-50mcg-lsd-tablets-online\/#primaryimage","url":"https:\/\/medicinasinc.com\/da\/wp-content\/uploads\/sites\/8\/2022\/02\/buy-50mcg-lsd-tablets-online.jpg","contentUrl":"https:\/\/medicinasinc.com\/da\/wp-content\/uploads\/sites\/8\/2022\/02\/buy-50mcg-lsd-tablets-online.jpg","width":600,"height":600},{"@type":"BreadcrumbList","@id":"https:\/\/medicinasinc.com\/da\/product\/kob-50mcg-lsd-tablets-online\/#breadcrumb","itemListElement":[{"@type":"ListItem","position":1,"name":"Butik","item":"https:\/\/medicinasinc.com\/da\/butik\/"},{"@type":"ListItem","position":2,"name":"K\u00f8b 50mcg LSD tabletter online"}]},{"@type":"WebSite","@id":"https:\/\/medicinasinc.com\/da\/#website","url":"https:\/\/medicinasinc.com\/da\/","name":"Medicinas Inc","description":"Health Medical Clinic","potentialAction":[{"@type":"SearchAction","target":{"@type":"EntryPoint","urlTemplate":"https:\/\/medicinasinc.com\/da\/?s={search_term_string}"},"query-input":{"@type":"PropertyValueSpecification","valueRequired":true,"valueName":"search_term_string"}}],"inLanguage":"en-US"}]}},"_links":{"self":[{"href":"https:\/\/medicinasinc.com\/da\/wp-json\/wp\/v2\/product\/5416","targetHints":{"allow":["GET"]}}],"collection":[{"href":"https:\/\/medicinasinc.com\/da\/wp-json\/wp\/v2\/product"}],"about":[{"href":"https:\/\/medicinasinc.com\/da\/wp-json\/wp\/v2\/types\/product"}],"replies":[{"embeddable":true,"href":"https:\/\/medicinasinc.com\/da\/wp-json\/wp\/v2\/comments?post=5416"}],"wp:featuredmedia":[{"embeddable":true,"href":"https:\/\/medicinasinc.com\/da\/wp-json\/wp\/v2\/media\/5425"}],"wp:attachment":[{"href":"https:\/\/medicinasinc.com\/da\/wp-json\/wp\/v2\/media?parent=5416"}],"wp:term":[{"taxonomy":"product_brand","embeddable":true,"href":"https:\/\/medicinasinc.com\/da\/wp-json\/wp\/v2\/product_brand?post=5416"},{"taxonomy":"product_cat","embeddable":true,"href":"https:\/\/medicinasinc.com\/da\/wp-json\/wp\/v2\/product_cat?post=5416"},{"taxonomy":"product_tag","embeddable":true,"href":"https:\/\/medicinasinc.com\/da\/wp-json\/wp\/v2\/product_tag?post=5416"}],"curies":[{"name":"wp","href":"https:\/\/api.w.org\/{rel}","templated":true}]}}