{"id":5390,"date":"2022-02-21T22:27:36","date_gmt":"2022-02-21T22:27:36","guid":{"rendered":"https:\/\/medicinasinc.com\/da\/?post_type=product&#038;p=5390"},"modified":"2022-03-20T00:36:40","modified_gmt":"2022-03-20T00:36:40","slug":"kob-5-methoxymethylone-pulver-online","status":"publish","type":"product","link":"https:\/\/medicinasinc.com\/da\/product\/kob-5-methoxymethylone-pulver-online\/","title":{"rendered":"K\u00f8b 5-Methoxymethylone pulver online"},"content":{"rendered":"<p>K\u00f8b pulveriseret 5-Methoxymethylone online.<\/p>\n<p>Cathinon-baseret designerl\u00e6gemiddel 2-A1MP eller 5-Methoxy-Methylone-pulver er en kemisk forbindelse, der er blevet tilbudt online som designermedicin. 5-Methoxy-MDMA er en beta-ketonform af dette l\u00e6gemiddel. Molekyl\u00e6r struktur ser ikke ud til at v\u00e6re forbundet med den mere udbredte betegnelse 2-AIMP\/2-A1MP. Tilf\u00f8jelsen af \u200b\u200ben methoxygruppe ved det 5. carbonatom i den aromatiske ring adskiller de to molekyler fra methylon. K\u00f8b 5-methoxymethylonpulver. Denne forbindelses toksicitet er stadig uklar. K\u00f8b 5-Methoxymethylone p\u00e5 internettet.<\/p>\n<p>Under gadenavnet 2-A1MP er 5-Methoxy-Methylone klassificeret som et kontrolleret stof i Ungarn.<\/p>\n<p>K\u00f8b 5-Methoxymethylone.<\/p>\n<p>Se ogs\u00e5<br \/> Lophophine<br \/> 5-Methylethylone<br \/> 5-Methyl-MDA<br \/> K\u00f8b BK-MMDMA-pulver online<\/p>\n<div class=\"product- n\u00e6ste-forrige\">\n<div class=\"product-prev\"><\/div><\/div>\n","protected":false},"excerpt":{"rendered":"<div class=\"woocommerce-product-details__short-description\">\n<p>K\u00f8b 5-Methoxymethyl One, K\u00f8b 5-Methoxymethylone-pulver online. \u00c6gte 5-Methoxymethylone online \u2013 5-Methoxymethylone til salg | K\u00f8b 5-Methoxymethylone online | K\u00f8b 5-Methoxymethylone pulver til salg| K\u00f8b billigt 5-Methoxymethylone pulver | Hvor kan man k\u00f8be 5-Methoxymethylone-pulver online.<\/p>\n<\/p><\/div>\n","protected":false},"featured_media":5402,"comment_status":"open","ping_status":"closed","template":"","meta":[],"product_brand":[],"product_cat":[2014],"product_tag":[],"class_list":{"0":"post-5390","1":"product","2":"type-product","3":"status-publish","4":"has-post-thumbnail","6":"product_cat-kb-forskningskemikalier","8":"first","9":"instock","10":"shipping-taxable","11":"purchasable","12":"product-type-variable","13":"has-default-attributes"},"yoast_head":"<!-- This site is optimized with the Yoast SEO plugin v27.3 - https:\/\/yoast.com\/product\/yoast-seo-wordpress\/ -->\n<title>K\u00f8b 5-Methoxymethylone-pulver online - Bedste bedste globale medicin<\/title>\n<meta name=\"description\" content=\"K\u00f8b 5-Methoxymethyl One, K\u00f8b 5-Methoxymethylone pulver online. \u00c6gte 5-Methoxymethylone online \u2013 5-Methoxymethylone til salg | K\u00f8b 5-Methoxymethylone online | K\u00f8b 5-Methoxymethylone pulver til salg| K\u00f8b billigt 5-Methoxymethylone pulver | Hvor kan man k\u00f8be 5-Methoxymethylone pulver online.\" \/>\n<meta name=\"robots\" content=\"index, follow, max-snippet:-1, max-image-preview:large, max-video-preview:-1\" \/>\n<link rel=\"canonical\" href=\"https:\/\/medicinasinc.com\/da\/product\/kob-5-methoxymethylone-pulver-online\/\" \/>\n<meta property=\"og:locale\" content=\"en_US\" \/>\n<meta property=\"og:type\" content=\"article\" \/>\n<meta property=\"og:title\" content=\"K\u00f8b 5-Methoxymethylone-pulver online - Bedste bedste globale medicin\" \/>\n<meta property=\"og:description\" content=\"K\u00f8b 5-Methoxymethyl One, K\u00f8b 5-Methoxymethylone pulver online. \u00c6gte 5-Methoxymethylone online \u2013 5-Methoxymethylone til salg | K\u00f8b 5-Methoxymethylone online | K\u00f8b 5-Methoxymethylone pulver til salg| K\u00f8b billigt 5-Methoxymethylone pulver | Hvor kan man k\u00f8be 5-Methoxymethylone pulver online.\" \/>\n<meta property=\"og:url\" content=\"https:\/\/medicinasinc.com\/da\/product\/kob-5-methoxymethylone-pulver-online\/\" \/>\n<meta property=\"og:site_name\" content=\"Medicinas Inc\" \/>\n<meta property=\"article:modified_time\" content=\"2022-03-20T00:36:40+00:00\" \/>\n<meta property=\"og:image\" content=\"https:\/\/medicinasinc.com\/da\/wp-content\/uploads\/sites\/8\/2022\/02\/buy-5-methoxymethylone-powder-online.jpg\" \/>\n\t<meta property=\"og:image:width\" content=\"600\" \/>\n\t<meta property=\"og:image:height\" content=\"600\" \/>\n\t<meta property=\"og:image:type\" content=\"image\/jpeg\" \/>\n<meta name=\"twitter:card\" content=\"summary_large_image\" \/>\n<meta name=\"twitter:label1\" content=\"Est. reading time\" \/>\n\t<meta name=\"twitter:data1\" content=\"1 minute\" \/>\n<script type=\"application\/ld+json\" class=\"yoast-schema-graph\">{\"@context\":\"https:\\\/\\\/schema.org\",\"@graph\":[{\"@type\":\"WebPage\",\"@id\":\"https:\\\/\\\/medicinasinc.com\\\/da\\\/product\\\/kob-5-methoxymethylone-pulver-online\\\/\",\"url\":\"https:\\\/\\\/medicinasinc.com\\\/da\\\/product\\\/kob-5-methoxymethylone-pulver-online\\\/\",\"name\":\"K\u00f8b 5-Methoxymethylone-pulver online - Bedste bedste globale medicin\",\"isPartOf\":{\"@id\":\"https:\\\/\\\/medicinasinc.com\\\/da\\\/#website\"},\"primaryImageOfPage\":{\"@id\":\"https:\\\/\\\/medicinasinc.com\\\/da\\\/product\\\/kob-5-methoxymethylone-pulver-online\\\/#primaryimage\"},\"image\":{\"@id\":\"https:\\\/\\\/medicinasinc.com\\\/da\\\/product\\\/kob-5-methoxymethylone-pulver-online\\\/#primaryimage\"},\"thumbnailUrl\":\"https:\\\/\\\/medicinasinc.com\\\/da\\\/wp-content\\\/uploads\\\/sites\\\/8\\\/2022\\\/02\\\/buy-5-methoxymethylone-powder-online.jpg\",\"datePublished\":\"2022-02-21T22:27:36+00:00\",\"dateModified\":\"2022-03-20T00:36:40+00:00\",\"description\":\"K\u00f8b 5-Methoxymethyl One, K\u00f8b 5-Methoxymethylone pulver online. \u00c6gte 5-Methoxymethylone online \u2013 5-Methoxymethylone til salg | K\u00f8b 5-Methoxymethylone online | K\u00f8b 5-Methoxymethylone pulver til salg| K\u00f8b billigt 5-Methoxymethylone pulver | Hvor kan man k\u00f8be 5-Methoxymethylone pulver online.\",\"breadcrumb\":{\"@id\":\"https:\\\/\\\/medicinasinc.com\\\/da\\\/product\\\/kob-5-methoxymethylone-pulver-online\\\/#breadcrumb\"},\"inLanguage\":\"en-US\",\"potentialAction\":[{\"@type\":\"ReadAction\",\"target\":[\"https:\\\/\\\/medicinasinc.com\\\/da\\\/product\\\/kob-5-methoxymethylone-pulver-online\\\/\"]}]},{\"@type\":\"ImageObject\",\"inLanguage\":\"en-US\",\"@id\":\"https:\\\/\\\/medicinasinc.com\\\/da\\\/product\\\/kob-5-methoxymethylone-pulver-online\\\/#primaryimage\",\"url\":\"https:\\\/\\\/medicinasinc.com\\\/da\\\/wp-content\\\/uploads\\\/sites\\\/8\\\/2022\\\/02\\\/buy-5-methoxymethylone-powder-online.jpg\",\"contentUrl\":\"https:\\\/\\\/medicinasinc.com\\\/da\\\/wp-content\\\/uploads\\\/sites\\\/8\\\/2022\\\/02\\\/buy-5-methoxymethylone-powder-online.jpg\",\"width\":600,\"height\":600},{\"@type\":\"BreadcrumbList\",\"@id\":\"https:\\\/\\\/medicinasinc.com\\\/da\\\/product\\\/kob-5-methoxymethylone-pulver-online\\\/#breadcrumb\",\"itemListElement\":[{\"@type\":\"ListItem\",\"position\":1,\"name\":\"Butik\",\"item\":\"https:\\\/\\\/medicinasinc.com\\\/da\\\/butik\\\/\"},{\"@type\":\"ListItem\",\"position\":2,\"name\":\"K\u00f8b 5-Methoxymethylone pulver online\"}]},{\"@type\":\"WebSite\",\"@id\":\"https:\\\/\\\/medicinasinc.com\\\/da\\\/#website\",\"url\":\"https:\\\/\\\/medicinasinc.com\\\/da\\\/\",\"name\":\"Medicinas Inc\",\"description\":\"Health Medical Clinic\",\"potentialAction\":[{\"@type\":\"SearchAction\",\"target\":{\"@type\":\"EntryPoint\",\"urlTemplate\":\"https:\\\/\\\/medicinasinc.com\\\/da\\\/?s={search_term_string}\"},\"query-input\":{\"@type\":\"PropertyValueSpecification\",\"valueRequired\":true,\"valueName\":\"search_term_string\"}}],\"inLanguage\":\"en-US\"}]}<\/script>\n<!-- \/ Yoast SEO plugin. -->","yoast_head_json":{"title":"K\u00f8b 5-Methoxymethylone-pulver online - Bedste bedste globale medicin","description":"K\u00f8b 5-Methoxymethyl One, K\u00f8b 5-Methoxymethylone pulver online. \u00c6gte 5-Methoxymethylone online \u2013 5-Methoxymethylone til salg | K\u00f8b 5-Methoxymethylone online | K\u00f8b 5-Methoxymethylone pulver til salg| K\u00f8b billigt 5-Methoxymethylone pulver | Hvor kan man k\u00f8be 5-Methoxymethylone pulver online.","robots":{"index":"index","follow":"follow","max-snippet":"max-snippet:-1","max-image-preview":"max-image-preview:large","max-video-preview":"max-video-preview:-1"},"canonical":"https:\/\/medicinasinc.com\/da\/product\/kob-5-methoxymethylone-pulver-online\/","og_locale":"en_US","og_type":"article","og_title":"K\u00f8b 5-Methoxymethylone-pulver online - Bedste bedste globale medicin","og_description":"K\u00f8b 5-Methoxymethyl One, K\u00f8b 5-Methoxymethylone pulver online. \u00c6gte 5-Methoxymethylone online \u2013 5-Methoxymethylone til salg | K\u00f8b 5-Methoxymethylone online | K\u00f8b 5-Methoxymethylone pulver til salg| K\u00f8b billigt 5-Methoxymethylone pulver | Hvor kan man k\u00f8be 5-Methoxymethylone pulver online.","og_url":"https:\/\/medicinasinc.com\/da\/product\/kob-5-methoxymethylone-pulver-online\/","og_site_name":"Medicinas Inc","article_modified_time":"2022-03-20T00:36:40+00:00","og_image":[{"width":600,"height":600,"url":"https:\/\/medicinasinc.com\/da\/wp-content\/uploads\/sites\/8\/2022\/02\/buy-5-methoxymethylone-powder-online.jpg","type":"image\/jpeg"}],"twitter_card":"summary_large_image","twitter_misc":{"Est. reading time":"1 minute"},"schema":{"@context":"https:\/\/schema.org","@graph":[{"@type":"WebPage","@id":"https:\/\/medicinasinc.com\/da\/product\/kob-5-methoxymethylone-pulver-online\/","url":"https:\/\/medicinasinc.com\/da\/product\/kob-5-methoxymethylone-pulver-online\/","name":"K\u00f8b 5-Methoxymethylone-pulver online - Bedste bedste globale medicin","isPartOf":{"@id":"https:\/\/medicinasinc.com\/da\/#website"},"primaryImageOfPage":{"@id":"https:\/\/medicinasinc.com\/da\/product\/kob-5-methoxymethylone-pulver-online\/#primaryimage"},"image":{"@id":"https:\/\/medicinasinc.com\/da\/product\/kob-5-methoxymethylone-pulver-online\/#primaryimage"},"thumbnailUrl":"https:\/\/medicinasinc.com\/da\/wp-content\/uploads\/sites\/8\/2022\/02\/buy-5-methoxymethylone-powder-online.jpg","datePublished":"2022-02-21T22:27:36+00:00","dateModified":"2022-03-20T00:36:40+00:00","description":"K\u00f8b 5-Methoxymethyl One, K\u00f8b 5-Methoxymethylone pulver online. \u00c6gte 5-Methoxymethylone online \u2013 5-Methoxymethylone til salg | K\u00f8b 5-Methoxymethylone online | K\u00f8b 5-Methoxymethylone pulver til salg| K\u00f8b billigt 5-Methoxymethylone pulver | Hvor kan man k\u00f8be 5-Methoxymethylone pulver online.","breadcrumb":{"@id":"https:\/\/medicinasinc.com\/da\/product\/kob-5-methoxymethylone-pulver-online\/#breadcrumb"},"inLanguage":"en-US","potentialAction":[{"@type":"ReadAction","target":["https:\/\/medicinasinc.com\/da\/product\/kob-5-methoxymethylone-pulver-online\/"]}]},{"@type":"ImageObject","inLanguage":"en-US","@id":"https:\/\/medicinasinc.com\/da\/product\/kob-5-methoxymethylone-pulver-online\/#primaryimage","url":"https:\/\/medicinasinc.com\/da\/wp-content\/uploads\/sites\/8\/2022\/02\/buy-5-methoxymethylone-powder-online.jpg","contentUrl":"https:\/\/medicinasinc.com\/da\/wp-content\/uploads\/sites\/8\/2022\/02\/buy-5-methoxymethylone-powder-online.jpg","width":600,"height":600},{"@type":"BreadcrumbList","@id":"https:\/\/medicinasinc.com\/da\/product\/kob-5-methoxymethylone-pulver-online\/#breadcrumb","itemListElement":[{"@type":"ListItem","position":1,"name":"Butik","item":"https:\/\/medicinasinc.com\/da\/butik\/"},{"@type":"ListItem","position":2,"name":"K\u00f8b 5-Methoxymethylone pulver online"}]},{"@type":"WebSite","@id":"https:\/\/medicinasinc.com\/da\/#website","url":"https:\/\/medicinasinc.com\/da\/","name":"Medicinas Inc","description":"Health Medical Clinic","potentialAction":[{"@type":"SearchAction","target":{"@type":"EntryPoint","urlTemplate":"https:\/\/medicinasinc.com\/da\/?s={search_term_string}"},"query-input":{"@type":"PropertyValueSpecification","valueRequired":true,"valueName":"search_term_string"}}],"inLanguage":"en-US"}]}},"_links":{"self":[{"href":"https:\/\/medicinasinc.com\/da\/wp-json\/wp\/v2\/product\/5390","targetHints":{"allow":["GET"]}}],"collection":[{"href":"https:\/\/medicinasinc.com\/da\/wp-json\/wp\/v2\/product"}],"about":[{"href":"https:\/\/medicinasinc.com\/da\/wp-json\/wp\/v2\/types\/product"}],"replies":[{"embeddable":true,"href":"https:\/\/medicinasinc.com\/da\/wp-json\/wp\/v2\/comments?post=5390"}],"wp:featuredmedia":[{"embeddable":true,"href":"https:\/\/medicinasinc.com\/da\/wp-json\/wp\/v2\/media\/5402"}],"wp:attachment":[{"href":"https:\/\/medicinasinc.com\/da\/wp-json\/wp\/v2\/media?parent=5390"}],"wp:term":[{"taxonomy":"product_brand","embeddable":true,"href":"https:\/\/medicinasinc.com\/da\/wp-json\/wp\/v2\/product_brand?post=5390"},{"taxonomy":"product_cat","embeddable":true,"href":"https:\/\/medicinasinc.com\/da\/wp-json\/wp\/v2\/product_cat?post=5390"},{"taxonomy":"product_tag","embeddable":true,"href":"https:\/\/medicinasinc.com\/da\/wp-json\/wp\/v2\/product_tag?post=5390"}],"curies":[{"name":"wp","href":"https:\/\/api.w.org\/{rel}","templated":true}]}}