{"id":5389,"date":"2022-02-21T22:26:02","date_gmt":"2022-02-21T22:26:02","guid":{"rendered":"https:\/\/medicinasinc.com\/da\/?post_type=product&#038;p=5389"},"modified":"2022-03-20T00:36:47","modified_gmt":"2022-03-20T00:36:47","slug":"kob-5-mapb-pulver-krystal","status":"publish","type":"product","link":"https:\/\/medicinasinc.com\/da\/product\/kob-5-mapb-pulver-krystal\/","title":{"rendered":"K\u00f8b 5-MAPB Powder &amp; Krystal"},"content":{"rendered":"<p>Har du brug for 5-mapb-krystal og \u00f8nsker at k\u00f8be det til en rimelig pris? Du kan derefter bes\u00f8ge vores online butik med kemikalier lige nu. Ved hj\u00e6lp af Bestglobalmed.com kan du k\u00f8be 5-mapb-krystal online til overkommelige omkostninger. I vores online kemibutik er vi en velkendt leverand\u00f8r og leverand\u00f8r, som altid st\u00e5r til din tjeneste. Bestil\u00a05-mapb-crystal\u00a0i dag!<\/p>\n<p>5-mapb-crystal er en type krystal.<\/p>\n<p>I struktur og effekter er 5-MAPB (1-(benzofuran-5-yl) )-N-methylpropan-2-amin) ligner MDMA, et syntetisk entactogen. 5&#8242;-(2-methylaminopropyl)benzofuran er et syntetisk entactogen fra den benzo-substituerede kemifamilie (forkortet til 5-MAPB).<\/p>\n<p>Hvordan p\u00e5virker 5-mapb-krystal kroppen?<\/p>\n<p>5-mapb-krystal har en euforisk, entaktogen, stimulerende og moderat psykedelisk indvirkning p\u00e5 den menneskelige krop, n\u00e5r den tages oralt.<\/p>\n<p>5 MAPB Crystal er kendt som hvad ellers?<\/p>\n<p>5 MAPB Crystal er ogs\u00e5 kendt som 5-MAPB.<\/p>\n<p>Hvordan vil du beskrive 5 MAPB Crystal?<\/p>\n<p>Kemisk er 5 MAPB Crystal et benzofuran (amfetamin) molekyle. <\/p>\n<p>Hvordan kan jeg f\u00e5 fingrene i nogle 5-mapb-krystaller?<\/p>\n<p>Du kan f\u00e5 5-mapb-krystaller fra vores officielle hjemmeside og f\u00e5 dem leveret til din angivne adresse inden for en f\u00e5 dage. Kun i USA, Storbritannien, Canada, Tyskland og Australien besk\u00e6ftiger vi os med 5-mapb-krystal. Tilslut lige nu!<\/p>\n<p>Vi er den bedste leverand\u00f8r og distribut\u00f8r af kemikalier af h\u00f8j kvalitet til en rimelig pris. Det er nemt for kunderne at f\u00f8le sig godt tilpas, n\u00e5r de arbejder med vores team af eksperter. Som et resultat er de i stand til at opretholde en tilstr\u00e6kkelig forsyning og modtage rettidig levering for at tilfredsstille deres behov. Kunder elsker og respekterer os, fordi vi tilbyder produkter af h\u00f8j kvalitet til rimelige priser og fremragende kundeservice. Det er ikke kun vores pligt, men vores ansvar, at opfylde eller overg\u00e5 dine forventninger. F\u00f8r du k\u00f8ber mdpt, beh\u00f8ver du ikke at g\u00e5 til en l\u00e6ge.<\/p>\n<p>Vi g\u00e5r langt for at sikre, at kunden er helt tilfreds. At sigte efter globalt omd\u00f8mme for sine produkter og tjenester betyder at fasts\u00e6tte priser i overensstemmelse med branchenormer.<\/p>\n<p>Derudover tilbyder vi lige opm\u00e6rksomhed til alle dine ordrer, uanset hvor store eller sm\u00e5 de er, og vi bestr\u00e6ber os p\u00e5 for at f\u00e5 din ordre afsendt s\u00e5 hurtigt som muligt.<\/p>\n<p>Efter at have gennemf\u00f8rt dine k\u00f8b, er vi sikre p\u00e5, at du ikke vil blive skuffet. For at give dig det h\u00f8jest mulige kvalitetsniveau, bruger vi kun materialer, der er indk\u00f8bt fra de bedst mulige kilder. Du modtager produktets indpakning i en diskret pakke.<\/p>\n<p>Vi har v\u00e6ret i stand til at etablere et solidt fodf\u00e6ste p\u00e5 det kemiske forskningsmarked takket v\u00e6re vores rigdom af viden. Som en f\u00f8rende leverand\u00f8r af forskningskemikalier tror vi p\u00e5 at opbygge langsigtede relationer med vores kunder baseret p\u00e5 tillid.<\/p>\n","protected":false},"excerpt":{"rendered":"<p>Du kan k\u00f8be\u00a05-MAPB Powder Crystal fra Bestglobalmedics.com til en rimelig pris, samt 5-MAPB Research Chemicals til salg. Kendt kemisk som 1-(benzofuran-5-yl), 5-MAPB er et syntetisk entactogen med virkninger og egenskaber, der minder meget om MDMA.<\/p>\n<p>5-MAPB Powder &amp; Krystal 1 oz. kan k\u00f8bes. En dosis p\u00e5 100-200 milligram 5-MAPB, et pulver, der ligner MDMA, anbefales.<\/p>\n<p>K\u00f8b Crystal 5-MAPB Hvis du leder efter 5-mapb-krystal til en god pris , stop med at lede. S\u00e5 kontakt vores kemikaliebutik med det samme via internettet.<\/p>\n","protected":false},"featured_media":5400,"comment_status":"open","ping_status":"closed","template":"","meta":[],"product_brand":[],"product_cat":[2014],"product_tag":[2569,2585,2583,2584,2573,2574,2575,2580,2581,2572,2577,2576,2579,2578,2582,2570,2571,2591,2592,2593,2586,2587,2595,2589,2588,2594,2590],"class_list":{"0":"post-5389","1":"product","2":"type-product","3":"status-publish","4":"has-post-thumbnail","6":"product_cat-kb-forskningskemikalier","7":"product_tag-5-mapb","8":"product_tag-5-mapb-gennemgang","9":"product_tag-5-mapb-forskningskemikalier","10":"product_tag-5-mapb-forskningskemikalier-til-salg","11":"product_tag-5-mapb-powder-australia","12":"product_tag-5-mapb-powder-canada","13":"product_tag-5-mapb-powder-dosage","14":"product_tag-5-mapb-powder-usa","15":"product_tag-5-mapb-powder-vendor","16":"product_tag-5-mapb-pulver","17":"product_tag-5-mapb-powder-review","18":"product_tag-5-mapb-pulver-til-salg","19":"product_tag-5-mapb-pulver-dk","20":"product_tag-5-mapb-pulverleverandr-c3-b8r","21":"product_tag-5-mapb-reddit","22":"product_tag-5-mapb-til-salg","23":"product_tag-5-mapb-til-salg-online","24":"product_tag-ordre-5-mapb","25":"product_tag-bestil-5-mapb-online","26":"product_tag-ordre-5-mapb-pulver","27":"product_tag-buy-5-mapb","28":"product_tag-buy-5-mapb-online","29":"product_tag-hvor-kan-kbes-5-mapb","30":"product_tag-kb-5-mapb-forskningskemikalier","31":"product_tag-kb-5-mapb-pulver-online","32":"product_tag-leje-5-mapb-pulver","33":"product_tag-mail-5-mapb","35":"first","36":"instock","37":"shipping-taxable","38":"purchasable","39":"product-type-variable","40":"has-default-attributes"},"yoast_head":"<!-- This site is optimized with the Yoast SEO plugin v27.3 - https:\/\/yoast.com\/product\/yoast-seo-wordpress\/ -->\n<title>K\u00f8b 5-MAPB Powder &amp; Crystal - Bedste bedste globale medicin<\/title>\n<meta name=\"description\" content=\"K\u00f8b 5-MAPB Powder Crystal Online, 5-MAPB Research Chemicals til salg, bestil 5-MAPB Crystal i USA, UK til en overkommelig pris fra Bestglobalmeds.com. 5-MAPB (1-(benzofuran-5-yl)-N-methylpropan-2-amin) er et entakogent designerl\u00e6gemiddel, der ligner MDMA i dets struktur og virkninger\" \/>\n<meta name=\"robots\" content=\"index, follow, max-snippet:-1, max-image-preview:large, max-video-preview:-1\" \/>\n<link rel=\"canonical\" href=\"https:\/\/medicinasinc.com\/da\/product\/kob-5-mapb-pulver-krystal\/\" \/>\n<meta property=\"og:locale\" content=\"en_US\" \/>\n<meta property=\"og:type\" content=\"article\" \/>\n<meta property=\"og:title\" content=\"K\u00f8b 5-MAPB Powder &amp; Crystal - Bedste bedste globale medicin\" \/>\n<meta property=\"og:description\" content=\"K\u00f8b 5-MAPB Powder Crystal Online, 5-MAPB Research Chemicals til salg, bestil 5-MAPB Crystal i USA, UK til en overkommelig pris fra Bestglobalmeds.com. 5-MAPB (1-(benzofuran-5-yl)-N-methylpropan-2-amin) er et entakogent designerl\u00e6gemiddel, der ligner MDMA i dets struktur og virkninger\" \/>\n<meta property=\"og:url\" content=\"https:\/\/medicinasinc.com\/da\/product\/kob-5-mapb-pulver-krystal\/\" \/>\n<meta property=\"og:site_name\" content=\"Medicinas Inc\" \/>\n<meta property=\"article:modified_time\" content=\"2022-03-20T00:36:47+00:00\" \/>\n<meta property=\"og:image\" content=\"https:\/\/medicinasinc.com\/da\/wp-content\/uploads\/sites\/8\/2022\/02\/Buy-5-MAPB-Powder-Crystal.jpg\" \/>\n\t<meta property=\"og:image:width\" content=\"600\" \/>\n\t<meta property=\"og:image:height\" content=\"488\" \/>\n\t<meta property=\"og:image:type\" content=\"image\/jpeg\" \/>\n<meta name=\"twitter:card\" content=\"summary_large_image\" \/>\n<meta name=\"twitter:label1\" content=\"Est. reading time\" \/>\n\t<meta name=\"twitter:data1\" content=\"2 minutes\" \/>\n<script type=\"application\/ld+json\" class=\"yoast-schema-graph\">{\"@context\":\"https:\\\/\\\/schema.org\",\"@graph\":[{\"@type\":\"WebPage\",\"@id\":\"https:\\\/\\\/medicinasinc.com\\\/da\\\/product\\\/kob-5-mapb-pulver-krystal\\\/\",\"url\":\"https:\\\/\\\/medicinasinc.com\\\/da\\\/product\\\/kob-5-mapb-pulver-krystal\\\/\",\"name\":\"K\u00f8b 5-MAPB Powder &amp; Crystal - Bedste bedste globale medicin\",\"isPartOf\":{\"@id\":\"https:\\\/\\\/medicinasinc.com\\\/da\\\/#website\"},\"primaryImageOfPage\":{\"@id\":\"https:\\\/\\\/medicinasinc.com\\\/da\\\/product\\\/kob-5-mapb-pulver-krystal\\\/#primaryimage\"},\"image\":{\"@id\":\"https:\\\/\\\/medicinasinc.com\\\/da\\\/product\\\/kob-5-mapb-pulver-krystal\\\/#primaryimage\"},\"thumbnailUrl\":\"https:\\\/\\\/medicinasinc.com\\\/da\\\/wp-content\\\/uploads\\\/sites\\\/8\\\/2022\\\/02\\\/Buy-5-MAPB-Powder-Crystal.jpg\",\"datePublished\":\"2022-02-21T22:26:02+00:00\",\"dateModified\":\"2022-03-20T00:36:47+00:00\",\"description\":\"K\u00f8b 5-MAPB Powder Crystal Online, 5-MAPB Research Chemicals til salg, bestil 5-MAPB Crystal i USA, UK til en overkommelig pris fra Bestglobalmeds.com. 5-MAPB (1-(benzofuran-5-yl)-N-methylpropan-2-amin) er et entakogent designerl\u00e6gemiddel, der ligner MDMA i dets struktur og virkninger\",\"breadcrumb\":{\"@id\":\"https:\\\/\\\/medicinasinc.com\\\/da\\\/product\\\/kob-5-mapb-pulver-krystal\\\/#breadcrumb\"},\"inLanguage\":\"en-US\",\"potentialAction\":[{\"@type\":\"ReadAction\",\"target\":[\"https:\\\/\\\/medicinasinc.com\\\/da\\\/product\\\/kob-5-mapb-pulver-krystal\\\/\"]}]},{\"@type\":\"ImageObject\",\"inLanguage\":\"en-US\",\"@id\":\"https:\\\/\\\/medicinasinc.com\\\/da\\\/product\\\/kob-5-mapb-pulver-krystal\\\/#primaryimage\",\"url\":\"https:\\\/\\\/medicinasinc.com\\\/da\\\/wp-content\\\/uploads\\\/sites\\\/8\\\/2022\\\/02\\\/Buy-5-MAPB-Powder-Crystal.jpg\",\"contentUrl\":\"https:\\\/\\\/medicinasinc.com\\\/da\\\/wp-content\\\/uploads\\\/sites\\\/8\\\/2022\\\/02\\\/Buy-5-MAPB-Powder-Crystal.jpg\",\"width\":600,\"height\":488},{\"@type\":\"BreadcrumbList\",\"@id\":\"https:\\\/\\\/medicinasinc.com\\\/da\\\/product\\\/kob-5-mapb-pulver-krystal\\\/#breadcrumb\",\"itemListElement\":[{\"@type\":\"ListItem\",\"position\":1,\"name\":\"Butik\",\"item\":\"https:\\\/\\\/medicinasinc.com\\\/da\\\/butik\\\/\"},{\"@type\":\"ListItem\",\"position\":2,\"name\":\"K\u00f8b 5-MAPB Powder &amp; Krystal\"}]},{\"@type\":\"WebSite\",\"@id\":\"https:\\\/\\\/medicinasinc.com\\\/da\\\/#website\",\"url\":\"https:\\\/\\\/medicinasinc.com\\\/da\\\/\",\"name\":\"Medicinas Inc\",\"description\":\"Health Medical Clinic\",\"potentialAction\":[{\"@type\":\"SearchAction\",\"target\":{\"@type\":\"EntryPoint\",\"urlTemplate\":\"https:\\\/\\\/medicinasinc.com\\\/da\\\/?s={search_term_string}\"},\"query-input\":{\"@type\":\"PropertyValueSpecification\",\"valueRequired\":true,\"valueName\":\"search_term_string\"}}],\"inLanguage\":\"en-US\"}]}<\/script>\n<!-- \/ Yoast SEO plugin. -->","yoast_head_json":{"title":"K\u00f8b 5-MAPB Powder &amp; Crystal - Bedste bedste globale medicin","description":"K\u00f8b 5-MAPB Powder Crystal Online, 5-MAPB Research Chemicals til salg, bestil 5-MAPB Crystal i USA, UK til en overkommelig pris fra Bestglobalmeds.com. 5-MAPB (1-(benzofuran-5-yl)-N-methylpropan-2-amin) er et entakogent designerl\u00e6gemiddel, der ligner MDMA i dets struktur og virkninger","robots":{"index":"index","follow":"follow","max-snippet":"max-snippet:-1","max-image-preview":"max-image-preview:large","max-video-preview":"max-video-preview:-1"},"canonical":"https:\/\/medicinasinc.com\/da\/product\/kob-5-mapb-pulver-krystal\/","og_locale":"en_US","og_type":"article","og_title":"K\u00f8b 5-MAPB Powder &amp; Crystal - Bedste bedste globale medicin","og_description":"K\u00f8b 5-MAPB Powder Crystal Online, 5-MAPB Research Chemicals til salg, bestil 5-MAPB Crystal i USA, UK til en overkommelig pris fra Bestglobalmeds.com. 5-MAPB (1-(benzofuran-5-yl)-N-methylpropan-2-amin) er et entakogent designerl\u00e6gemiddel, der ligner MDMA i dets struktur og virkninger","og_url":"https:\/\/medicinasinc.com\/da\/product\/kob-5-mapb-pulver-krystal\/","og_site_name":"Medicinas Inc","article_modified_time":"2022-03-20T00:36:47+00:00","og_image":[{"width":600,"height":488,"url":"https:\/\/medicinasinc.com\/da\/wp-content\/uploads\/sites\/8\/2022\/02\/Buy-5-MAPB-Powder-Crystal.jpg","type":"image\/jpeg"}],"twitter_card":"summary_large_image","twitter_misc":{"Est. reading time":"2 minutes"},"schema":{"@context":"https:\/\/schema.org","@graph":[{"@type":"WebPage","@id":"https:\/\/medicinasinc.com\/da\/product\/kob-5-mapb-pulver-krystal\/","url":"https:\/\/medicinasinc.com\/da\/product\/kob-5-mapb-pulver-krystal\/","name":"K\u00f8b 5-MAPB Powder &amp; Crystal - Bedste bedste globale medicin","isPartOf":{"@id":"https:\/\/medicinasinc.com\/da\/#website"},"primaryImageOfPage":{"@id":"https:\/\/medicinasinc.com\/da\/product\/kob-5-mapb-pulver-krystal\/#primaryimage"},"image":{"@id":"https:\/\/medicinasinc.com\/da\/product\/kob-5-mapb-pulver-krystal\/#primaryimage"},"thumbnailUrl":"https:\/\/medicinasinc.com\/da\/wp-content\/uploads\/sites\/8\/2022\/02\/Buy-5-MAPB-Powder-Crystal.jpg","datePublished":"2022-02-21T22:26:02+00:00","dateModified":"2022-03-20T00:36:47+00:00","description":"K\u00f8b 5-MAPB Powder Crystal Online, 5-MAPB Research Chemicals til salg, bestil 5-MAPB Crystal i USA, UK til en overkommelig pris fra Bestglobalmeds.com. 5-MAPB (1-(benzofuran-5-yl)-N-methylpropan-2-amin) er et entakogent designerl\u00e6gemiddel, der ligner MDMA i dets struktur og virkninger","breadcrumb":{"@id":"https:\/\/medicinasinc.com\/da\/product\/kob-5-mapb-pulver-krystal\/#breadcrumb"},"inLanguage":"en-US","potentialAction":[{"@type":"ReadAction","target":["https:\/\/medicinasinc.com\/da\/product\/kob-5-mapb-pulver-krystal\/"]}]},{"@type":"ImageObject","inLanguage":"en-US","@id":"https:\/\/medicinasinc.com\/da\/product\/kob-5-mapb-pulver-krystal\/#primaryimage","url":"https:\/\/medicinasinc.com\/da\/wp-content\/uploads\/sites\/8\/2022\/02\/Buy-5-MAPB-Powder-Crystal.jpg","contentUrl":"https:\/\/medicinasinc.com\/da\/wp-content\/uploads\/sites\/8\/2022\/02\/Buy-5-MAPB-Powder-Crystal.jpg","width":600,"height":488},{"@type":"BreadcrumbList","@id":"https:\/\/medicinasinc.com\/da\/product\/kob-5-mapb-pulver-krystal\/#breadcrumb","itemListElement":[{"@type":"ListItem","position":1,"name":"Butik","item":"https:\/\/medicinasinc.com\/da\/butik\/"},{"@type":"ListItem","position":2,"name":"K\u00f8b 5-MAPB Powder &amp; Krystal"}]},{"@type":"WebSite","@id":"https:\/\/medicinasinc.com\/da\/#website","url":"https:\/\/medicinasinc.com\/da\/","name":"Medicinas Inc","description":"Health Medical Clinic","potentialAction":[{"@type":"SearchAction","target":{"@type":"EntryPoint","urlTemplate":"https:\/\/medicinasinc.com\/da\/?s={search_term_string}"},"query-input":{"@type":"PropertyValueSpecification","valueRequired":true,"valueName":"search_term_string"}}],"inLanguage":"en-US"}]}},"_links":{"self":[{"href":"https:\/\/medicinasinc.com\/da\/wp-json\/wp\/v2\/product\/5389","targetHints":{"allow":["GET"]}}],"collection":[{"href":"https:\/\/medicinasinc.com\/da\/wp-json\/wp\/v2\/product"}],"about":[{"href":"https:\/\/medicinasinc.com\/da\/wp-json\/wp\/v2\/types\/product"}],"replies":[{"embeddable":true,"href":"https:\/\/medicinasinc.com\/da\/wp-json\/wp\/v2\/comments?post=5389"}],"wp:featuredmedia":[{"embeddable":true,"href":"https:\/\/medicinasinc.com\/da\/wp-json\/wp\/v2\/media\/5400"}],"wp:attachment":[{"href":"https:\/\/medicinasinc.com\/da\/wp-json\/wp\/v2\/media?parent=5389"}],"wp:term":[{"taxonomy":"product_brand","embeddable":true,"href":"https:\/\/medicinasinc.com\/da\/wp-json\/wp\/v2\/product_brand?post=5389"},{"taxonomy":"product_cat","embeddable":true,"href":"https:\/\/medicinasinc.com\/da\/wp-json\/wp\/v2\/product_cat?post=5389"},{"taxonomy":"product_tag","embeddable":true,"href":"https:\/\/medicinasinc.com\/da\/wp-json\/wp\/v2\/product_tag?post=5389"}],"curies":[{"name":"wp","href":"https:\/\/api.w.org\/{rel}","templated":true}]}}