{"id":5387,"date":"2022-02-21T22:22:34","date_gmt":"2022-02-21T22:22:34","guid":{"rendered":"https:\/\/medicinasinc.com\/da\/?post_type=product&#038;p=5387"},"modified":"2022-03-20T00:37:09","modified_gmt":"2022-03-20T00:37:09","slug":"kob-4-fa-pulver","status":"publish","type":"product","link":"https:\/\/medicinasinc.com\/da\/product\/kob-4-fa-pulver\/","title":{"rendered":"K\u00f8b 4-FA pulver"},"content":{"rendered":"<p>K\u00f8b 4-FA Powder.<\/p>\n<p>K\u00f8b billigt 4-FA Powder 1 oz Pure Online.<\/p>\n<p>4-FA (4-fluoramfetamin) er en amfetaminlignende medicin, der har f\u00f8rst for nylig dukket op p\u00e5 det hollandske marked. Fra 2007 til 2009 blev det prim\u00e6rt markedsf\u00f8rt som speed eller MDMA. Det skyldtes, at der p\u00e5 det tidspunkt var mangel p\u00e5 r\u00e5varer til disse specialister, s\u00e5 4-FA blev brugt som sk\u00e6respecialist. Under alle omst\u00e6ndigheder har s\u00e6lgere siden 2010 i stigende grad solgt 4-FA som 4-FA, hvilket antyder, at k\u00f8bere betragter det som en &#8220;beslutningsmedicinering.&#8221;<\/p>\n<p>4-FA er ogs\u00e5 kendt som 4-FMP , 4-Fluor, 4-Flava, 4-F og Flux. Det er et stof, der er klassificeret som et nyt psykoaktivt stof (NPS). Det er stoffer, der for nylig er blevet tilg\u00e6ngelige og er udviklet som et alternativ til traditionelle ulovlige stoffer. NPS er ogs\u00e5 kendt som forskningssyntetiske stoffer eller originall\u00e6gemidler. Ved at foretage mindre \u00e6ndringer i en g\u00e6ldende sammens\u00e6tningsstruktur \u00e6ndres stofnavnet og er som f\u00f8lge heraf ikke l\u00e6ngere omfattet af opiumsloven og dermed ulovligt. Dette g\u00f8r det sv\u00e6rere at forhindre oprettelse, transaktioner og ejerskab.<\/p>\n<p>4-FA findes oftest som et pulver eller en pille. 4-FA indtages oralt i pilleform. Kunder placerer enten pulveret i et etui eller et papir i bev\u00e6gelse (bombe) eller opl\u00f8ser det i nogle tilf\u00e6lde i en drik. Der er ingen grundl\u00e6ggende forskel mellem 4-FA-piller, 4-FA-pulvere og 4-FA-\u00e6sker.<\/p>\n<p>Beholdere er lavet af et kedeligt eller s\u00f8dt stof og kan v\u00e6re enkle eller have en r\u00e6kke forskellige toner. En sag kan fyldes med en lang r\u00e6kke stoffer. 4-FA, samt forskellige andre stoffer, for eksempel amfetamin (speed), MDMA, koffein eller slet ingenting. Nogle smarte butiksvarer er ogs\u00e5 i etuier. Kufferterne ligger normalt i en s\u00e6k, og pakken viser, hvad der er indeni. Hvis kunderne fylder deres egne beholdere, kan de bruge en mg-skala til at bestemme en n\u00f8jagtig portion. 4-fa til salg, hvor kan man k\u00f8be 4fa, k\u00f8b 4-fa, 4-fa til salg, 4-fa til salg, 4-fa til salg, 4-fa k\u00f8b, k\u00f8b 4fa, 4-fa k\u00f8b, 4-fa til salg, 4-fa til salg, 4 -fa til salg, 4-fa til salg, 4-fa til salg, 4-fa til salg, 4-fa til salg, 4-fa til salg, 4-fa til salg, 4-fa til salg<\/p>\n<p>Hvad nogen f\u00f8ler efter at have taget 4-FA f\u00f8rst, bestemmes af m\u00e5lingerne. For at l\u00e6re mere kan 4-FA testes ved en testadministration (se menu). Virkningerne af at indtage 4-FA tager mellem 20 og en time at manifestere. 4-FA afsluttes p\u00e5 4 til 8 timer, selvom nogle klienter rapporterer, at de endelige resultater kan vare op til 12 timer.<\/p>\n<p>gl\u00f8dende, klar, pasform og forsigtig<\/p>\n<p>A st\u00e6rk f\u00f8lelse af at h\u00f8re til<\/p>\n<p>Ber\u00f8ring og musik giver en ekstrem sanseoplevelse.<\/p>\n<p>Kontakt, snak og n\u00e6rhed er afg\u00f8rende.<\/p>\n","protected":false},"excerpt":{"rendered":"<p>K\u00f8b 4-FA Powder 1 oz Pure online billigt. 4-FA-pulver svarende til MDMA &amp; Oral metamfetamin<br \/> Anbefalet dosering: 200mg.<\/p>\n<p>I vores butik kan du k\u00f8be 4-FMA ren. P\u00e5 samme m\u00e5de som pulver fremstilles, er 4-FMA, ogs\u00e5 kendt som 4-Fluorometamfetamin, ogs\u00e5 et psykoaktivt stof.<\/p>\n<p>4-FA-pulver er ogs\u00e5 kendt som para-fluoramfetamin eller 4-fluoramfetamin, men det er ikke det samme. Folk, der studerer medicin, siger, at denne er meget god.<\/p>\n","protected":false},"featured_media":5396,"comment_status":"open","ping_status":"closed","template":"","meta":[],"product_brand":[],"product_cat":[2014],"product_tag":[2502,2503,2504,2505,2506,2507,2508],"class_list":{"0":"post-5387","1":"product","2":"type-product","3":"status-publish","4":"has-post-thumbnail","6":"product_cat-kb-forskningskemikalier","7":"product_tag-2-fluoramfetamin","8":"product_tag-4-fa-effekter","9":"product_tag-4-fa-forskningskemikalie","10":"product_tag-4-fluoramfetamin-lovlig-status","11":"product_tag-4-fluoramfetamin-syntese","12":"product_tag-er-4-fa-lovlig-i-os-2020","13":"product_tag-er-4-fma-lovlig","15":"first","16":"instock","17":"shipping-taxable","18":"purchasable","19":"product-type-variable","20":"has-default-attributes"},"yoast_head":"<!-- This site is optimized with the Yoast SEO plugin v27.3 - https:\/\/yoast.com\/product\/yoast-seo-wordpress\/ -->\n<title>K\u00f8b 4-FA-pulver - 4-fluoramfetamin - bedste bedste globale medicin<\/title>\n<meta name=\"description\" content=\"K\u00f8b 4-FA Powder 4-Fluoroamphetamin til salg Pure Online Billig. 4-FA-pulver svarende til MDMA &amp; Oral metamfetamin\" \/>\n<meta name=\"robots\" content=\"index, follow, max-snippet:-1, max-image-preview:large, max-video-preview:-1\" \/>\n<link rel=\"canonical\" href=\"https:\/\/medicinasinc.com\/da\/product\/kob-4-fa-pulver\/\" \/>\n<meta property=\"og:locale\" content=\"en_US\" \/>\n<meta property=\"og:type\" content=\"article\" \/>\n<meta property=\"og:title\" content=\"K\u00f8b 4-FA-pulver - 4-fluoramfetamin - bedste bedste globale medicin\" \/>\n<meta property=\"og:description\" content=\"K\u00f8b 4-FA Powder 4-Fluoroamphetamin til salg Pure Online Billig. 4-FA-pulver svarende til MDMA &amp; Oral metamfetamin\" \/>\n<meta property=\"og:url\" content=\"https:\/\/medicinasinc.com\/da\/product\/kob-4-fa-pulver\/\" \/>\n<meta property=\"og:site_name\" content=\"Medicinas Inc\" \/>\n<meta property=\"article:modified_time\" content=\"2022-03-20T00:37:09+00:00\" \/>\n<meta property=\"og:image\" content=\"https:\/\/medicinasinc.com\/da\/wp-content\/uploads\/sites\/8\/2022\/02\/Buy-4-FA-Powder.jpeg\" \/>\n\t<meta property=\"og:image:width\" content=\"510\" \/>\n\t<meta property=\"og:image:height\" content=\"365\" \/>\n\t<meta property=\"og:image:type\" content=\"image\/jpeg\" \/>\n<meta name=\"twitter:card\" content=\"summary_large_image\" \/>\n<meta name=\"twitter:label1\" content=\"Est. reading time\" \/>\n\t<meta name=\"twitter:data1\" content=\"2 minutes\" \/>\n<script type=\"application\/ld+json\" class=\"yoast-schema-graph\">{\"@context\":\"https:\\\/\\\/schema.org\",\"@graph\":[{\"@type\":\"WebPage\",\"@id\":\"https:\\\/\\\/medicinasinc.com\\\/da\\\/product\\\/kob-4-fa-pulver\\\/\",\"url\":\"https:\\\/\\\/medicinasinc.com\\\/da\\\/product\\\/kob-4-fa-pulver\\\/\",\"name\":\"K\u00f8b 4-FA-pulver - 4-fluoramfetamin - bedste bedste globale medicin\",\"isPartOf\":{\"@id\":\"https:\\\/\\\/medicinasinc.com\\\/da\\\/#website\"},\"primaryImageOfPage\":{\"@id\":\"https:\\\/\\\/medicinasinc.com\\\/da\\\/product\\\/kob-4-fa-pulver\\\/#primaryimage\"},\"image\":{\"@id\":\"https:\\\/\\\/medicinasinc.com\\\/da\\\/product\\\/kob-4-fa-pulver\\\/#primaryimage\"},\"thumbnailUrl\":\"https:\\\/\\\/medicinasinc.com\\\/da\\\/wp-content\\\/uploads\\\/sites\\\/8\\\/2022\\\/02\\\/Buy-4-FA-Powder.jpeg\",\"datePublished\":\"2022-02-21T22:22:34+00:00\",\"dateModified\":\"2022-03-20T00:37:09+00:00\",\"description\":\"K\u00f8b 4-FA Powder 4-Fluoroamphetamin til salg Pure Online Billig. 4-FA-pulver svarende til MDMA &amp; Oral metamfetamin\",\"breadcrumb\":{\"@id\":\"https:\\\/\\\/medicinasinc.com\\\/da\\\/product\\\/kob-4-fa-pulver\\\/#breadcrumb\"},\"inLanguage\":\"en-US\",\"potentialAction\":[{\"@type\":\"ReadAction\",\"target\":[\"https:\\\/\\\/medicinasinc.com\\\/da\\\/product\\\/kob-4-fa-pulver\\\/\"]}]},{\"@type\":\"ImageObject\",\"inLanguage\":\"en-US\",\"@id\":\"https:\\\/\\\/medicinasinc.com\\\/da\\\/product\\\/kob-4-fa-pulver\\\/#primaryimage\",\"url\":\"https:\\\/\\\/medicinasinc.com\\\/da\\\/wp-content\\\/uploads\\\/sites\\\/8\\\/2022\\\/02\\\/Buy-4-FA-Powder.jpeg\",\"contentUrl\":\"https:\\\/\\\/medicinasinc.com\\\/da\\\/wp-content\\\/uploads\\\/sites\\\/8\\\/2022\\\/02\\\/Buy-4-FA-Powder.jpeg\",\"width\":510,\"height\":365},{\"@type\":\"BreadcrumbList\",\"@id\":\"https:\\\/\\\/medicinasinc.com\\\/da\\\/product\\\/kob-4-fa-pulver\\\/#breadcrumb\",\"itemListElement\":[{\"@type\":\"ListItem\",\"position\":1,\"name\":\"Butik\",\"item\":\"https:\\\/\\\/medicinasinc.com\\\/da\\\/butik\\\/\"},{\"@type\":\"ListItem\",\"position\":2,\"name\":\"K\u00f8b 4-FA pulver\"}]},{\"@type\":\"WebSite\",\"@id\":\"https:\\\/\\\/medicinasinc.com\\\/da\\\/#website\",\"url\":\"https:\\\/\\\/medicinasinc.com\\\/da\\\/\",\"name\":\"Medicinas Inc\",\"description\":\"Health Medical Clinic\",\"potentialAction\":[{\"@type\":\"SearchAction\",\"target\":{\"@type\":\"EntryPoint\",\"urlTemplate\":\"https:\\\/\\\/medicinasinc.com\\\/da\\\/?s={search_term_string}\"},\"query-input\":{\"@type\":\"PropertyValueSpecification\",\"valueRequired\":true,\"valueName\":\"search_term_string\"}}],\"inLanguage\":\"en-US\"}]}<\/script>\n<!-- \/ Yoast SEO plugin. -->","yoast_head_json":{"title":"K\u00f8b 4-FA-pulver - 4-fluoramfetamin - bedste bedste globale medicin","description":"K\u00f8b 4-FA Powder 4-Fluoroamphetamin til salg Pure Online Billig. 4-FA-pulver svarende til MDMA &amp; Oral metamfetamin","robots":{"index":"index","follow":"follow","max-snippet":"max-snippet:-1","max-image-preview":"max-image-preview:large","max-video-preview":"max-video-preview:-1"},"canonical":"https:\/\/medicinasinc.com\/da\/product\/kob-4-fa-pulver\/","og_locale":"en_US","og_type":"article","og_title":"K\u00f8b 4-FA-pulver - 4-fluoramfetamin - bedste bedste globale medicin","og_description":"K\u00f8b 4-FA Powder 4-Fluoroamphetamin til salg Pure Online Billig. 4-FA-pulver svarende til MDMA &amp; Oral metamfetamin","og_url":"https:\/\/medicinasinc.com\/da\/product\/kob-4-fa-pulver\/","og_site_name":"Medicinas Inc","article_modified_time":"2022-03-20T00:37:09+00:00","og_image":[{"width":510,"height":365,"url":"https:\/\/medicinasinc.com\/da\/wp-content\/uploads\/sites\/8\/2022\/02\/Buy-4-FA-Powder.jpeg","type":"image\/jpeg"}],"twitter_card":"summary_large_image","twitter_misc":{"Est. reading time":"2 minutes"},"schema":{"@context":"https:\/\/schema.org","@graph":[{"@type":"WebPage","@id":"https:\/\/medicinasinc.com\/da\/product\/kob-4-fa-pulver\/","url":"https:\/\/medicinasinc.com\/da\/product\/kob-4-fa-pulver\/","name":"K\u00f8b 4-FA-pulver - 4-fluoramfetamin - bedste bedste globale medicin","isPartOf":{"@id":"https:\/\/medicinasinc.com\/da\/#website"},"primaryImageOfPage":{"@id":"https:\/\/medicinasinc.com\/da\/product\/kob-4-fa-pulver\/#primaryimage"},"image":{"@id":"https:\/\/medicinasinc.com\/da\/product\/kob-4-fa-pulver\/#primaryimage"},"thumbnailUrl":"https:\/\/medicinasinc.com\/da\/wp-content\/uploads\/sites\/8\/2022\/02\/Buy-4-FA-Powder.jpeg","datePublished":"2022-02-21T22:22:34+00:00","dateModified":"2022-03-20T00:37:09+00:00","description":"K\u00f8b 4-FA Powder 4-Fluoroamphetamin til salg Pure Online Billig. 4-FA-pulver svarende til MDMA &amp; Oral metamfetamin","breadcrumb":{"@id":"https:\/\/medicinasinc.com\/da\/product\/kob-4-fa-pulver\/#breadcrumb"},"inLanguage":"en-US","potentialAction":[{"@type":"ReadAction","target":["https:\/\/medicinasinc.com\/da\/product\/kob-4-fa-pulver\/"]}]},{"@type":"ImageObject","inLanguage":"en-US","@id":"https:\/\/medicinasinc.com\/da\/product\/kob-4-fa-pulver\/#primaryimage","url":"https:\/\/medicinasinc.com\/da\/wp-content\/uploads\/sites\/8\/2022\/02\/Buy-4-FA-Powder.jpeg","contentUrl":"https:\/\/medicinasinc.com\/da\/wp-content\/uploads\/sites\/8\/2022\/02\/Buy-4-FA-Powder.jpeg","width":510,"height":365},{"@type":"BreadcrumbList","@id":"https:\/\/medicinasinc.com\/da\/product\/kob-4-fa-pulver\/#breadcrumb","itemListElement":[{"@type":"ListItem","position":1,"name":"Butik","item":"https:\/\/medicinasinc.com\/da\/butik\/"},{"@type":"ListItem","position":2,"name":"K\u00f8b 4-FA pulver"}]},{"@type":"WebSite","@id":"https:\/\/medicinasinc.com\/da\/#website","url":"https:\/\/medicinasinc.com\/da\/","name":"Medicinas Inc","description":"Health Medical Clinic","potentialAction":[{"@type":"SearchAction","target":{"@type":"EntryPoint","urlTemplate":"https:\/\/medicinasinc.com\/da\/?s={search_term_string}"},"query-input":{"@type":"PropertyValueSpecification","valueRequired":true,"valueName":"search_term_string"}}],"inLanguage":"en-US"}]}},"_links":{"self":[{"href":"https:\/\/medicinasinc.com\/da\/wp-json\/wp\/v2\/product\/5387","targetHints":{"allow":["GET"]}}],"collection":[{"href":"https:\/\/medicinasinc.com\/da\/wp-json\/wp\/v2\/product"}],"about":[{"href":"https:\/\/medicinasinc.com\/da\/wp-json\/wp\/v2\/types\/product"}],"replies":[{"embeddable":true,"href":"https:\/\/medicinasinc.com\/da\/wp-json\/wp\/v2\/comments?post=5387"}],"wp:featuredmedia":[{"embeddable":true,"href":"https:\/\/medicinasinc.com\/da\/wp-json\/wp\/v2\/media\/5396"}],"wp:attachment":[{"href":"https:\/\/medicinasinc.com\/da\/wp-json\/wp\/v2\/media?parent=5387"}],"wp:term":[{"taxonomy":"product_brand","embeddable":true,"href":"https:\/\/medicinasinc.com\/da\/wp-json\/wp\/v2\/product_brand?post=5387"},{"taxonomy":"product_cat","embeddable":true,"href":"https:\/\/medicinasinc.com\/da\/wp-json\/wp\/v2\/product_cat?post=5387"},{"taxonomy":"product_tag","embeddable":true,"href":"https:\/\/medicinasinc.com\/da\/wp-json\/wp\/v2\/product_tag?post=5387"}],"curies":[{"name":"wp","href":"https:\/\/api.w.org\/{rel}","templated":true}]}}