{"id":5368,"date":"2022-02-21T21:54:21","date_gmt":"2022-02-21T21:54:21","guid":{"rendered":"https:\/\/medicinasinc.com\/da\/?post_type=product&#038;p=5368"},"modified":"2022-03-20T00:37:18","modified_gmt":"2022-03-20T00:37:18","slug":"kob-4-emc-4-ethylmethcathinone","status":"publish","type":"product","link":"https:\/\/medicinasinc.com\/da\/product\/kob-4-emc-4-ethylmethcathinone\/","title":{"rendered":"K\u00f8b 4-EMC 4-Ethylmethcathinone"},"content":{"rendered":"<h1 class=\"product_title entry-title\">K\u00f8b 4-EMC 4-Ethylmethcathinone Powder Online<\/h1>\n<p><strong>4-EMC kan k\u00f8bes online.<\/strong><\/p>\n<p> 2-methylaminopropan-1-on, monohydrochlorid er det fulde IUPAC-navn for 4-EMC, som tilh\u00f8rer klassen af \u200b\u200bforskningsforbindelser kendt som centralnervesystemstimulerende midler. 4-EMC er ogs\u00e5 kendt som 4-ethylphenol.<\/p>\n<p>Et entactogen og et stimulerende middel, 4-ethylmethcathinone (4-EMC) er et rekreativt designerl\u00e6gemiddel. er en 4-MEC strukturel isomer<\/p>\n<p>C12H17NO er \u200b\u200bmolekylformlen for 4-EMC, som tilh\u00f8rer de kemiske phenethylamin- og amfetaminfamilier. Der er 191.270 g\/md i opskriften. Hvor kan man k\u00f8be 4-EMC<\/p>\n<p>Vi introducerer et nyt kathinonprodukt, der kan bruges til sofistikerede videnskabelige unders\u00f8gelser p\u00e5 grund af den store eftersp\u00f8rgsel fra markedet. 4-ethylmethcathinon er en isomer version af mephedron, som i \u00f8jeblikket er forbudt, og alle de n\u00e6vnte forbindelser har stimulerende og entactogene virkninger.<\/p>\n<p>Dopamin og serotonin er de mest sandsynlige prim\u00e6re m\u00e5l for 4-EMC, som er typisk for denne kemiske klasse og anses for at h\u00e6mme genoptagelsen p\u00e5 den synaptiske kl\u00f8ft af vigtige neurotransmittere.<\/p>\n<p>Et krystallinsk pulver, stoffet kan let fremstilles til test uden risiko for at indf\u00f8re urenheder under normale forhold. Vandopl\u00f8seligt 4-EMC skal opbevares i et t\u00f8rt, luftt\u00e6t milj\u00f8.<\/p>\n<p>Forskere har en enest\u00e5ende mulighed for at kortl\u00e6gge stoffets profil fra bunden, fordi det tidligere ikke er blevet grundigt unders\u00f8gt og det meste af hvad vi ved, at det kommer gennem paralleller til lignende stoffer. N\u00e5r man udf\u00f8rer fors\u00f8g, er det vigtigt at huske p\u00e5 kemikaliets nyhed og give plads til fejl. Tilknytning til 4-EMC<\/p>\n","protected":false},"excerpt":{"rendered":"<p>Hvor kan man k\u00f8be pulveriseret 4-EMC 4-ethylmethcathinone? Et stimulerende middel og et entaktogen, det falder ind under den sidstn\u00e6vnte kategori. Strukturelle isomerer af 4-MEC kan findes her.<\/p>\n<p>4-EMC 4-Ethylmethcathinone Crystal Powder til salg i Europa, EU og Storbritannien. Et stimulerende middel og et entaktogen, det falder ind under den sidstn\u00e6vnte kategori. 4-MEC er en strukturel isomer af denne forbindelse.<\/p>\n<p>Cathinonfamilien omfatter 4-EMC (ogs\u00e5 kendt som 4-Ethylmethcathinone), et nyt forskningsmolekyle. Blandt kemiske forskere er 4-EMC et foretrukket valg p\u00e5 grund af dets stimulerende og entactogene egenskaber.<\/p>\n<h1>K\u00f8b 4-EMC online<\/h1>\n<p>n\u00e5r du k\u00f8ber 4-EMC online, \u00f8nskes en kvalitet Drug Online er forskningskemikalier af h\u00f8j kvalitet. Du kan k\u00f8be 4-EMC til salg online til engrospris fra p\u00e5lidelig leverand\u00f8r Top mark chemical.com Sikker forsendelse 4-EMC til USA, Holland, Irland, EU, UK og andre lande. <a href=\"https:\/\/www.bestglobalmeds.com\/product\/research-chemicals\/4-emc\/\">K\u00f8b 4-EMC online<\/a><\/p>\n<p>Cas-nr.: 1225622-14- 9<br \/> Formel: C12H17NO<br \/> IUPAC: 1-(4-ethylphenyl)-2-(methylamino)propan-1-on<br \/> Udseende: Hvide\/gullige krystaller<br \/> Renhed:<\/p>\n","protected":false},"featured_media":5380,"comment_status":"open","ping_status":"closed","template":"","meta":[],"product_brand":[],"product_cat":[2014],"product_tag":[2486,2485,2487,2497,2498,2489,2490,2491,2495,2501,2500,2496,2488,2492,2493,2494,2499],"class_list":{"0":"post-5368","1":"product","2":"type-product","3":"status-publish","4":"has-post-thumbnail","6":"product_cat-kb-forskningskemikalier","7":"product_tag-4-mec-supplier","8":"product_tag-4-mec-til-salg","9":"product_tag-4-mecs-leverandr-online","10":"product_tag-bestil-4-mec-online","11":"product_tag-bestil-billig-4-mec-online","12":"product_tag-buy-4-mec-crystal-online","13":"product_tag-buy-4-mec-crystals-with-worldwide-shipping","14":"product_tag-buy-4-mec-online","15":"product_tag-buy-research-chemicals-for-sale-online","16":"product_tag-hvor-kan-f-4-mec-krystaller-online","17":"product_tag-hvor-kan-kbes-4-mec-online","18":"product_tag-hvordan-kan-jeg-f-4-mec-forskningskemikalier","19":"product_tag-kb-4-mec","20":"product_tag-kb-4-mec-online-til-salg","21":"product_tag-buy-4-mec-research-chemicals-online","22":"product_tag-buy-4-meconline-usa","23":"product_tag-betroet-leverandr-for-4-mec-online","25":"first","26":"instock","27":"shipping-taxable","28":"purchasable","29":"product-type-variable","30":"has-default-attributes"},"yoast_head":"<!-- This site is optimized with the Yoast SEO plugin v27.3 - https:\/\/yoast.com\/product\/yoast-seo-wordpress\/ -->\n<title>K\u00f8b 4-Ethylmethcathinone - K\u00f8b 4-EMC - Bedste bedste globale medicin<\/title>\n<meta name=\"description\" content=\"K\u00f8b 4-EMC 4-ethylmethcathinone krystalpulver til salg online i Europa, EU, Storbritannien. Det tilh\u00f8rer klassen af \u200b\u200bstimulanser og entaktogener. Det er en strukturel isomer af 4-MEC.\" \/>\n<meta name=\"robots\" content=\"index, follow, max-snippet:-1, max-image-preview:large, max-video-preview:-1\" \/>\n<link rel=\"canonical\" href=\"https:\/\/medicinasinc.com\/da\/product\/kob-4-emc-4-ethylmethcathinone\/\" \/>\n<meta property=\"og:locale\" content=\"en_US\" \/>\n<meta property=\"og:type\" content=\"article\" \/>\n<meta property=\"og:title\" content=\"K\u00f8b 4-Ethylmethcathinone - K\u00f8b 4-EMC - Bedste bedste globale medicin\" \/>\n<meta property=\"og:description\" content=\"K\u00f8b 4-EMC 4-ethylmethcathinone krystalpulver til salg online i Europa, EU, Storbritannien. Det tilh\u00f8rer klassen af \u200b\u200bstimulanser og entaktogener. Det er en strukturel isomer af 4-MEC.\" \/>\n<meta property=\"og:url\" content=\"https:\/\/medicinasinc.com\/da\/product\/kob-4-emc-4-ethylmethcathinone\/\" \/>\n<meta property=\"og:site_name\" content=\"Medicinas Inc\" \/>\n<meta property=\"article:modified_time\" content=\"2022-03-20T00:37:18+00:00\" \/>\n<meta property=\"og:image\" content=\"https:\/\/medicinasinc.com\/da\/wp-content\/uploads\/sites\/8\/2022\/02\/Buy-4-EMC.jpg\" \/>\n\t<meta property=\"og:image:width\" content=\"230\" \/>\n\t<meta property=\"og:image:height\" content=\"230\" \/>\n\t<meta property=\"og:image:type\" content=\"image\/jpeg\" \/>\n<meta name=\"twitter:card\" content=\"summary_large_image\" \/>\n<meta name=\"twitter:label1\" content=\"Est. reading time\" \/>\n\t<meta name=\"twitter:data1\" content=\"2 minutes\" \/>\n<script type=\"application\/ld+json\" class=\"yoast-schema-graph\">{\"@context\":\"https:\\\/\\\/schema.org\",\"@graph\":[{\"@type\":\"WebPage\",\"@id\":\"https:\\\/\\\/medicinasinc.com\\\/da\\\/product\\\/kob-4-emc-4-ethylmethcathinone\\\/\",\"url\":\"https:\\\/\\\/medicinasinc.com\\\/da\\\/product\\\/kob-4-emc-4-ethylmethcathinone\\\/\",\"name\":\"K\u00f8b 4-Ethylmethcathinone - K\u00f8b 4-EMC - Bedste bedste globale medicin\",\"isPartOf\":{\"@id\":\"https:\\\/\\\/medicinasinc.com\\\/da\\\/#website\"},\"primaryImageOfPage\":{\"@id\":\"https:\\\/\\\/medicinasinc.com\\\/da\\\/product\\\/kob-4-emc-4-ethylmethcathinone\\\/#primaryimage\"},\"image\":{\"@id\":\"https:\\\/\\\/medicinasinc.com\\\/da\\\/product\\\/kob-4-emc-4-ethylmethcathinone\\\/#primaryimage\"},\"thumbnailUrl\":\"https:\\\/\\\/medicinasinc.com\\\/da\\\/wp-content\\\/uploads\\\/sites\\\/8\\\/2022\\\/02\\\/Buy-4-EMC.jpg\",\"datePublished\":\"2022-02-21T21:54:21+00:00\",\"dateModified\":\"2022-03-20T00:37:18+00:00\",\"description\":\"K\u00f8b 4-EMC 4-ethylmethcathinone krystalpulver til salg online i Europa, EU, Storbritannien. Det tilh\u00f8rer klassen af \u200b\u200bstimulanser og entaktogener. Det er en strukturel isomer af 4-MEC.\",\"breadcrumb\":{\"@id\":\"https:\\\/\\\/medicinasinc.com\\\/da\\\/product\\\/kob-4-emc-4-ethylmethcathinone\\\/#breadcrumb\"},\"inLanguage\":\"en-US\",\"potentialAction\":[{\"@type\":\"ReadAction\",\"target\":[\"https:\\\/\\\/medicinasinc.com\\\/da\\\/product\\\/kob-4-emc-4-ethylmethcathinone\\\/\"]}]},{\"@type\":\"ImageObject\",\"inLanguage\":\"en-US\",\"@id\":\"https:\\\/\\\/medicinasinc.com\\\/da\\\/product\\\/kob-4-emc-4-ethylmethcathinone\\\/#primaryimage\",\"url\":\"https:\\\/\\\/medicinasinc.com\\\/da\\\/wp-content\\\/uploads\\\/sites\\\/8\\\/2022\\\/02\\\/Buy-4-EMC.jpg\",\"contentUrl\":\"https:\\\/\\\/medicinasinc.com\\\/da\\\/wp-content\\\/uploads\\\/sites\\\/8\\\/2022\\\/02\\\/Buy-4-EMC.jpg\",\"width\":230,\"height\":230},{\"@type\":\"BreadcrumbList\",\"@id\":\"https:\\\/\\\/medicinasinc.com\\\/da\\\/product\\\/kob-4-emc-4-ethylmethcathinone\\\/#breadcrumb\",\"itemListElement\":[{\"@type\":\"ListItem\",\"position\":1,\"name\":\"Butik\",\"item\":\"https:\\\/\\\/medicinasinc.com\\\/da\\\/butik\\\/\"},{\"@type\":\"ListItem\",\"position\":2,\"name\":\"K\u00f8b 4-EMC 4-Ethylmethcathinone\"}]},{\"@type\":\"WebSite\",\"@id\":\"https:\\\/\\\/medicinasinc.com\\\/da\\\/#website\",\"url\":\"https:\\\/\\\/medicinasinc.com\\\/da\\\/\",\"name\":\"Medicinas Inc\",\"description\":\"Health Medical Clinic\",\"potentialAction\":[{\"@type\":\"SearchAction\",\"target\":{\"@type\":\"EntryPoint\",\"urlTemplate\":\"https:\\\/\\\/medicinasinc.com\\\/da\\\/?s={search_term_string}\"},\"query-input\":{\"@type\":\"PropertyValueSpecification\",\"valueRequired\":true,\"valueName\":\"search_term_string\"}}],\"inLanguage\":\"en-US\"}]}<\/script>\n<!-- \/ Yoast SEO plugin. -->","yoast_head_json":{"title":"K\u00f8b 4-Ethylmethcathinone - K\u00f8b 4-EMC - Bedste bedste globale medicin","description":"K\u00f8b 4-EMC 4-ethylmethcathinone krystalpulver til salg online i Europa, EU, Storbritannien. Det tilh\u00f8rer klassen af \u200b\u200bstimulanser og entaktogener. Det er en strukturel isomer af 4-MEC.","robots":{"index":"index","follow":"follow","max-snippet":"max-snippet:-1","max-image-preview":"max-image-preview:large","max-video-preview":"max-video-preview:-1"},"canonical":"https:\/\/medicinasinc.com\/da\/product\/kob-4-emc-4-ethylmethcathinone\/","og_locale":"en_US","og_type":"article","og_title":"K\u00f8b 4-Ethylmethcathinone - K\u00f8b 4-EMC - Bedste bedste globale medicin","og_description":"K\u00f8b 4-EMC 4-ethylmethcathinone krystalpulver til salg online i Europa, EU, Storbritannien. Det tilh\u00f8rer klassen af \u200b\u200bstimulanser og entaktogener. Det er en strukturel isomer af 4-MEC.","og_url":"https:\/\/medicinasinc.com\/da\/product\/kob-4-emc-4-ethylmethcathinone\/","og_site_name":"Medicinas Inc","article_modified_time":"2022-03-20T00:37:18+00:00","og_image":[{"width":230,"height":230,"url":"https:\/\/medicinasinc.com\/da\/wp-content\/uploads\/sites\/8\/2022\/02\/Buy-4-EMC.jpg","type":"image\/jpeg"}],"twitter_card":"summary_large_image","twitter_misc":{"Est. reading time":"2 minutes"},"schema":{"@context":"https:\/\/schema.org","@graph":[{"@type":"WebPage","@id":"https:\/\/medicinasinc.com\/da\/product\/kob-4-emc-4-ethylmethcathinone\/","url":"https:\/\/medicinasinc.com\/da\/product\/kob-4-emc-4-ethylmethcathinone\/","name":"K\u00f8b 4-Ethylmethcathinone - K\u00f8b 4-EMC - Bedste bedste globale medicin","isPartOf":{"@id":"https:\/\/medicinasinc.com\/da\/#website"},"primaryImageOfPage":{"@id":"https:\/\/medicinasinc.com\/da\/product\/kob-4-emc-4-ethylmethcathinone\/#primaryimage"},"image":{"@id":"https:\/\/medicinasinc.com\/da\/product\/kob-4-emc-4-ethylmethcathinone\/#primaryimage"},"thumbnailUrl":"https:\/\/medicinasinc.com\/da\/wp-content\/uploads\/sites\/8\/2022\/02\/Buy-4-EMC.jpg","datePublished":"2022-02-21T21:54:21+00:00","dateModified":"2022-03-20T00:37:18+00:00","description":"K\u00f8b 4-EMC 4-ethylmethcathinone krystalpulver til salg online i Europa, EU, Storbritannien. Det tilh\u00f8rer klassen af \u200b\u200bstimulanser og entaktogener. Det er en strukturel isomer af 4-MEC.","breadcrumb":{"@id":"https:\/\/medicinasinc.com\/da\/product\/kob-4-emc-4-ethylmethcathinone\/#breadcrumb"},"inLanguage":"en-US","potentialAction":[{"@type":"ReadAction","target":["https:\/\/medicinasinc.com\/da\/product\/kob-4-emc-4-ethylmethcathinone\/"]}]},{"@type":"ImageObject","inLanguage":"en-US","@id":"https:\/\/medicinasinc.com\/da\/product\/kob-4-emc-4-ethylmethcathinone\/#primaryimage","url":"https:\/\/medicinasinc.com\/da\/wp-content\/uploads\/sites\/8\/2022\/02\/Buy-4-EMC.jpg","contentUrl":"https:\/\/medicinasinc.com\/da\/wp-content\/uploads\/sites\/8\/2022\/02\/Buy-4-EMC.jpg","width":230,"height":230},{"@type":"BreadcrumbList","@id":"https:\/\/medicinasinc.com\/da\/product\/kob-4-emc-4-ethylmethcathinone\/#breadcrumb","itemListElement":[{"@type":"ListItem","position":1,"name":"Butik","item":"https:\/\/medicinasinc.com\/da\/butik\/"},{"@type":"ListItem","position":2,"name":"K\u00f8b 4-EMC 4-Ethylmethcathinone"}]},{"@type":"WebSite","@id":"https:\/\/medicinasinc.com\/da\/#website","url":"https:\/\/medicinasinc.com\/da\/","name":"Medicinas Inc","description":"Health Medical Clinic","potentialAction":[{"@type":"SearchAction","target":{"@type":"EntryPoint","urlTemplate":"https:\/\/medicinasinc.com\/da\/?s={search_term_string}"},"query-input":{"@type":"PropertyValueSpecification","valueRequired":true,"valueName":"search_term_string"}}],"inLanguage":"en-US"}]}},"_links":{"self":[{"href":"https:\/\/medicinasinc.com\/da\/wp-json\/wp\/v2\/product\/5368","targetHints":{"allow":["GET"]}}],"collection":[{"href":"https:\/\/medicinasinc.com\/da\/wp-json\/wp\/v2\/product"}],"about":[{"href":"https:\/\/medicinasinc.com\/da\/wp-json\/wp\/v2\/types\/product"}],"replies":[{"embeddable":true,"href":"https:\/\/medicinasinc.com\/da\/wp-json\/wp\/v2\/comments?post=5368"}],"wp:featuredmedia":[{"embeddable":true,"href":"https:\/\/medicinasinc.com\/da\/wp-json\/wp\/v2\/media\/5380"}],"wp:attachment":[{"href":"https:\/\/medicinasinc.com\/da\/wp-json\/wp\/v2\/media?parent=5368"}],"wp:term":[{"taxonomy":"product_brand","embeddable":true,"href":"https:\/\/medicinasinc.com\/da\/wp-json\/wp\/v2\/product_brand?post=5368"},{"taxonomy":"product_cat","embeddable":true,"href":"https:\/\/medicinasinc.com\/da\/wp-json\/wp\/v2\/product_cat?post=5368"},{"taxonomy":"product_tag","embeddable":true,"href":"https:\/\/medicinasinc.com\/da\/wp-json\/wp\/v2\/product_tag?post=5368"}],"curies":[{"name":"wp","href":"https:\/\/api.w.org\/{rel}","templated":true}]}}