{"id":5367,"date":"2022-02-21T21:52:55","date_gmt":"2022-02-21T21:52:55","guid":{"rendered":"https:\/\/medicinasinc.com\/da\/?post_type=product&#038;p=5367"},"modified":"2022-03-20T00:37:27","modified_gmt":"2022-03-20T00:37:27","slug":"4-chlormethcathinon-4-cmc-hcl-krystal","status":"publish","type":"product","link":"https:\/\/medicinasinc.com\/da\/product\/4-chlormethcathinon-4-cmc-hcl-krystal\/","title":{"rendered":"4-chlormethcathinon (4-CMC HCI) krystal"},"content":{"rendered":"<p>Online kan du k\u00f8be 4-CMC krystaller og pulver til en meget lav pris.<br \/> K\u00f8b en 4-CMC krystal fra butikken.<\/p>\n<p>4-CMC er en forkortelse for 4-Chloromethcathinone , og det betyder, at 4-Chloromethcathinone 4-CMC er en del af klassen af \u200b\u200bkemikalier kaldet cathinoner. Det er et stof. Tidligere har dette forskningskemikalie overhovedet ikke v\u00e6ret p\u00e5 markedet ret l\u00e6nge. Det betyder, at mange mennesker ikke har pr\u00f8vet det endnu.<\/p>\n<p>K\u00f8b efter 4-CMC Crystals, som er 4-Chloromethcathinone. Disse krystaller er lavet af de bedste forskningskemikalier og kommer med hurtig levering og gode priser. N\u00e5r du g\u00e5r ind p\u00e5 globalhomemed.com, kan du kun f\u00e5 medicin der.<\/p>\n<p>Men selvom 4-CMC er nyt, siges forel\u00f8bige tests med dette stof at vise \u00f8gede f\u00f8lelser, hurtigere tankeprocesser og h\u00f8j energiniveauer. Dette minder meget om 4-MMC, bk-MDMA og 3-MMC. 4-CMC er det samme. S\u00e5 hvis du har forsket med nogen af \u200b\u200bdisse kemikalier, s\u00e5 ved du ogs\u00e5, hvad du kan forvente af 4-CMC forskningseksperimenter.<\/p>\n<p>&nbsp;<\/p>\n<p>Hvor kan jeg k\u00f8be 4-CMC?<\/p>\n<p>Her hos Chemical Planet har vi en masse h\u00f8jkvalitets 4-CMC til salg. I de fleste tilf\u00e6lde kommer vores 4-CMC i krystalform. Kontakt os, hvis du ikke kan se den formular, du \u00f8nsker. Det kan v\u00e6re, at vi snart f\u00e5r det tilbage.<\/p>\n<p>K\u00f8b 4-CMC fra Chemical Planet, og du skal v\u00e6re mindst 18 \u00e5r gammel og i fuld overensstemmelse med lovene om kemisk forskning i dit land, hvis du \u00f8nsker at g\u00f8re det. Mennesker og dyr kan ikke bruge vores kemikalier. De er kun til forskning og ikke til brug for mennesker eller dyr.<\/p>\n<p>Lovligheden af \u200b\u200b4-CMC<\/p>\n<p>Folk i Kina og Sverige bryder sig ikke s\u00e5 meget om 4-CMC. Hvis du tager dette l\u00e6gemiddel i Tyskland, hedder det &#8220;Anlage I.&#8221; Mange andre lande har endnu ikke sat en dato for dette kemikalie. Det er mest fordi det er s\u00e5 nyt.<\/p>\n<p>Et k\u00f8ligt, t\u00f8rt sted er altid bedst for den bedste holdbarhed. Dette produkt er kun til retsmedicinsk og forskningsm\u00e6ssig brug. Det er ikke beregnet til at blive spist af mennesker eller testet p\u00e5 dyr eller noget andet levende.<\/p>\n","protected":false},"excerpt":{"rendered":"<p>K\u00f8b 4-CMC krystaller og pulver online til en billig pris fra en online butik. K\u00f8b 4-CMC krystaller og pulver i l\u00f8s v\u00e6gt, der er 99 procent rene. Bestil 4-Chloromethcathinone til salg i Storbritannien, Europa og resten af \u200b\u200bverden<\/p>\n<p>K\u00f8b 4-Chloromethcathinone (4-CMC HCl) hydrochloridkrystal til de bedste priser, og f\u00e5 det leveret overalt i verden. Foretag en bestilling p\u00e5 4-CMC i Storbritannien og Europa<\/p>\n<p>K\u00f8b 4-CMC krystaller og pulver online til en billig pris fra en online butik.<\/p>\n<p>K\u00f8b 4-CMC krystaller og pulver i l\u00f8s v\u00e6gt, der er 99 procent rent.<\/p>\n","protected":false},"featured_media":5378,"comment_status":"open","ping_status":"closed","template":"","meta":[],"product_brand":[],"product_cat":[2014],"product_tag":[2101,2337,2102,2395,2329,2125,2103,2326,2104,2327,2105,2398,2367,2126,2155,2331,2478,2477,2156,2332,2157,2158,2372,2160,2161,2165,2166,2167,2168,2172,2173,2174,2175,2176,2177,2178,2180,2182,2183,2187,2188,2193,2194,2195,2196,2199,2200,2201,2202,2203,2204,2481,2205,2206,2210,2207,2208,2209,2211,2212,2213,2214,2215,2216,2217,2218,2324,2379,2408,2409,2410,2383,2412,2468,2415,2419,2391,2219,2221,2222,2223,2225,2226,2233,2238,2240,2243,2244,2245,2246,2247,2248,2249,2250,2251,2252,2253,2254,2255,2256,2257,2259,2260,2261,2262,2264,2265,2266,2267,2483,2333,2403,2268,2271,2272,2277,2278,2185,2186,2190,2270,2189,2191,2273,2274,2275,2308,2276,2292,2197,2361,2293,2198,2279,2345,2280,2281,2282,2283,2284,2285,2286,2287,2288,2289,2290,2291,2295,2294,2346,2407,2480,2484,2309,2297,2298,2299,2300,2301,2302,2303,2304,2305,2306,2307,2421,2159,2220,2311,2422,2164,2258,2423,2424,2162,2425,2163,2316,2428,2179,2479,2234,2430,2169,2236,2235,2263,2181,2432,2170,2321,2171,2433,2239,2184,2434,2323,2314,2315,2319,2310,2312,2313,2317,2318,2320,2322,2325,2339,2328,2330,2344,2335,2336,2347,2338,2340,2341,2342,2343,2348,2349,2350,2351,2352,2353,2354,2355,2356,2357,2358,2359,2360,2362,2363,2364,2365,2366,2368,2369,2370,2371,2373,2374,2334,2482,2380,2381,2382,2411,2384,2385,2386,2387,2417,2389,2416,2388,2418,2390,2413,2420,2414,2392,2394,2396,2397,2399,2400,2401,2402,2404,2405,2406,2269,2192,2426,2427,2429,2431,2435,2436,2437,2438,2439,2440,2441,2442,2443,2444,2445,2446,2447,2476,2449,2450,2451,2452,2453,2454,2455,2456,2457,2458,2459,2460,2461,2462,2463,2464,2465,2466,2467,2469,2470,2471,2472,2473,2474,2475],"class_list":{"0":"post-5367","1":"product","2":"type-product","3":"status-publish","4":"has-post-thumbnail","6":"product_cat-kb-forskningskemikalier","7":"product_tag-2-fdck","8":"product_tag-magasin-2-fdck","9":"product_tag-2-mmc","10":"product_tag-butik-2-mmc","11":"product_tag-butik-3-mmc-piller","12":"product_tag-3-mmc-piller","13":"product_tag-3-cmc","14":"product_tag-butik-3-cmc","15":"product_tag-3-mm","16":"product_tag-butik-3-mma","17":"product_tag-3-mmc","18":"product_tag-butik-3-mmc","19":"product_tag-shop-3-mmc-piller","20":"product_tag-3-mmc-pills","21":"product_tag-4-cmc","22":"product_tag-butik-4-cmc","23":"product_tag-4-cmc-crystals-for-sale","24":"product_tag-4-cmc-krystaller","25":"product_tag-5-mmpa","26":"product_tag-butik-5-mmpa","27":"product_tag-a-php","28":"product_tag-a-pihp","29":"product_tag-shop-at-pihp","30":"product_tag-acheter-2-mmc","31":"product_tag-acheter-3-cmc","32":"product_tag-acheter-3-mmc-piller","33":"product_tag-acheter-4-cmc","34":"product_tag-acheter-5-mmpa","35":"product_tag-acheter-a-php","36":"product_tag-acquista-2-fdck","37":"product_tag-acquista-2-mmc","38":"product_tag-acquista-3-cmc","39":"product_tag-acquista-3-mma","40":"product_tag-acquista-3-mmc","41":"product_tag-acquista-3-mmc-pellets","42":"product_tag-acquista-3-mmc-pills","43":"product_tag-acquista-5-mmpa","44":"product_tag-acquista-a-pihp","45":"product_tag-acquista-eutylone","46":"product_tag-al-por-mayor-3-cmc","47":"product_tag-al-por-mayor-3-mma","48":"product_tag-al-por-mayor-5-mmpa","49":"product_tag-al-por-mayor-a-php","50":"product_tag-al-por-mayor-a-pihp","51":"product_tag-al-por-mayor-eutylone","52":"product_tag-bedste-3-cmc","53":"product_tag-bedste-3-mmc","54":"product_tag-bedste-4-cmc","55":"product_tag-best-a-pihp","56":"product_tag-bedste-hexedron","57":"product_tag-bedste-hexen","58":"product_tag-bestil-4-cmc-krystaller-online","59":"product_tag-bulk-2-fdck","60":"product_tag-bulk-2-mmc","61":"product_tag-bulk-3-mmc-pellets","62":"product_tag-bulk-3-cmc","63":"product_tag-bulk-3-mma","64":"product_tag-bulk-3-mmc","65":"product_tag-bulk-3-mmc-piller","66":"product_tag-bulk-4-cmc","67":"product_tag-bulk-5-mmpa","68":"product_tag-bulk-a-php","69":"product_tag-bulk-a-pihp","70":"product_tag-bulk-eutylon","71":"product_tag-bulk-hexedron","72":"product_tag-bulk-hexen","73":"product_tag-store-2-fdck","74":"product_tag-shop-2-fdck","75":"product_tag-take-off-2-fdck","76":"product_tag-take-off-2-mmc","77":"product_tag-take-off-3-cmc","78":"product_tag-shop-3-mmc","79":"product_tag-take-off-3-mmc","80":"product_tag-winkel-3-mmc-pellets","81":"product_tag-take-off-4-cmc","82":"product_tag-start-hexedron","83":"product_tag-butik-hexedron","84":"product_tag-buy-2-fdck","85":"product_tag-buy-3-cmc","86":"product_tag-buy-3-mma","87":"product_tag-buy-3-mmc","88":"product_tag-buy-3-mmc-pellets","89":"product_tag-buy-3-mmc-pills","90":"product_tag-buy-4-cmc","91":"product_tag-buy-eutylone","92":"product_tag-buy-hexen","93":"product_tag-comprar-2-fdck","94":"product_tag-comprar-2-mmc","95":"product_tag-comprar-3-cmc","96":"product_tag-comprar-3-mma","97":"product_tag-comprar-3-mmc","98":"product_tag-comprar-3-mmc-pellets","99":"product_tag-comprar-3-mmc-pills","100":"product_tag-comprar-4-cmc","101":"product_tag-comprar-5-mmpa","102":"product_tag-comprar-a-php","103":"product_tag-comprar-a-pihp","104":"product_tag-comprar-eutylone","105":"product_tag-comprar-hexedrone","106":"product_tag-comprar-hexen","107":"product_tag-cumpara-2-fdck","108":"product_tag-cumpara-3-mma","109":"product_tag-cumpara-3-mmc","110":"product_tag-cumpara-4-cmc","111":"product_tag-cumpara-5-mmpa","112":"product_tag-cumpara-a-pihp","113":"product_tag-cumpara-eutylone","114":"product_tag-cumpara-hexedrone","115":"product_tag-cumpara-hexen","116":"product_tag-det-bedste-sted-at-kbe-4-cmc-krystaller-online","117":"product_tag-store-a-php","118":"product_tag-butik-til-php","119":"product_tag-en-gros-2-fdck","120":"product_tag-en-gros-3-mmc","121":"product_tag-en-gros-4-cmc","122":"product_tag-en-gros-hexedrone","123":"product_tag-en-gros-hexen","124":"product_tag-engros-2-fdck","125":"product_tag-engros-2-mmc","126":"product_tag-engros-3-mmc-pellets","127":"product_tag-engros-3-mma","128":"product_tag-engros-3-mmc","129":"product_tag-engros-3-mmc-piller","130":"product_tag-engros-5-mmpa","131":"product_tag-engros-a-php","132":"product_tag-engros-a-pihp","133":"product_tag-ingrosso-eutylon","134":"product_tag-engros-eutylone","135":"product_tag-engros-heksedron","136":"product_tag-engros-hexedron","137":"product_tag-engros-hexen","138":"product_tag-engros-hexes","139":"product_tag-engros-hekse","140":"product_tag-eutylone","141":"product_tag-eutylone-butik","142":"product_tag-groothandel-2-fdck","143":"product_tag-groothandel-2-mmc","144":"product_tag-groothandel-3-cmc","145":"product_tag-groothandel-3-mma","146":"product_tag-groothandel-3-mmc","147":"product_tag-groothandel-3-mmc-pellets","148":"product_tag-groothandel-3-mmc-pills","149":"product_tag-groothandel-4-cmc","150":"product_tag-groothandel-5-mmpa","151":"product_tag-groothandel-a-php","152":"product_tag-groothandel-a-pihp","153":"product_tag-groothandel-eutylone","154":"product_tag-hekse","155":"product_tag-heksedron","156":"product_tag-heksedron-butik","157":"product_tag-butik-hexen","158":"product_tag-how-to-buy-4-cmc-crystals-online","159":"product_tag-hvor-kan-kbes-4-cmc-krystaller-online","160":"product_tag-ingroso-hekse","161":"product_tag-ingrosso-2-fdck","162":"product_tag-ingroso-2-mmc","163":"product_tag-ingrosso-3-cmc","164":"product_tag-ingrosso-3-mma","165":"product_tag-ingroso-3-mmc","166":"product_tag-ingrosso-3-mmc-pellets","167":"product_tag-ingrosso-3-mmc-piller","168":"product_tag-ingrosso-4-cmc","169":"product_tag-ingrosso-5-mmpa","170":"product_tag-ingroso-a-php","171":"product_tag-ingrosso-a-pihp","172":"product_tag-vasarold-meg-2-fdck","173":"product_tag-kb-2-fdck","174":"product_tag-kb-2-mmc","175":"product_tag-koop-2-mmc","176":"product_tag-vasarold-meg-2-mmc","177":"product_tag-k-c3-b8b-3-mmc-piller","178":"product_tag-kb-3-cmc","179":"product_tag-vasarold-meg-3-cmc","180":"product_tag-vasarold-meg-3-mma","181":"product_tag-kb-3-mma","182":"product_tag-vasarold-meg-3-mmc","183":"product_tag-kb-3-mmc","184":"product_tag-kb-3-mmc-piller","185":"product_tag-vasarold-meg-4-cmc","186":"product_tag-kb-4-cmc","187":"product_tag-kb-4-cmc-krystaller-online","188":"product_tag-kb-5-mmpa","189":"product_tag-vasarold-meg-a-php","190":"product_tag-kb-p-pihp","191":"product_tag-buy-a-pihp","192":"product_tag-kb-en-php","193":"product_tag-cumpara-a-php","194":"product_tag-kb-p-php","195":"product_tag-vasarold-meg-eutylon","196":"product_tag-kb-eutylon","197":"product_tag-kb-eutylone","198":"product_tag-acheter-hexen","199":"product_tag-vasarold-meg-hexedron","200":"product_tag-kb-hexedron","201":"product_tag-kb-hexen","202":"product_tag-vasarold-meg-hexen","203":"product_tag-kb-hexes","204":"product_tag-koop-3-mmc","205":"product_tag-koop-3-mmc-piller","206":"product_tag-kbe-a-php","207":"product_tag-koop-2-fdck","208":"product_tag-koop-3-cmc","209":"product_tag-koop-3-mma","210":"product_tag-koop-4-cmc","211":"product_tag-koop-5-mmpa","212":"product_tag-koop-a-pihp","213":"product_tag-koop-hexedrone","214":"product_tag-magasin-2-mmc","215":"product_tag-magazin-3-mma","216":"product_tag-magasin-3-mmc","217":"product_tag-magasin-3-mmc-piller","218":"product_tag-magazine-a-pihp","219":"product_tag-magasin-eutylone","220":"product_tag-magasin-hekse","221":"product_tag-magasinhekse","222":"product_tag-magazin-3-cmc","223":"product_tag-magazin-3-mmc","224":"product_tag-magazin-4-cmc","225":"product_tag-magazin-5-mmpa","226":"product_tag-magazin-a-php","227":"product_tag-nagykereskedelem-2-fdck","228":"product_tag-nagykereskedelem-2-mmc","229":"product_tag-nagykereskedelem-3-cmc","230":"product_tag-nagykereskedelem-3-mma","231":"product_tag-nagykereskedelem-3-mmc","232":"product_tag-nagykereskedelem-3-mmc-pellets","233":"product_tag-nagykereskedelem-3-mmc-pills","234":"product_tag-nagykereskedelem-4-cmc","235":"product_tag-nagykereskedelem-5-mmpa","236":"product_tag-nagykereskedelem-a-php","237":"product_tag-nagykereskedelem-a-pihp","238":"product_tag-nagykereskedelem-eutylone","239":"product_tag-nagykereskedelem-hexedrone","240":"product_tag-negozio-2-fdck","241":"product_tag-negozio-2-mmc","242":"product_tag-negozio-3-cmc","243":"product_tag-negozio-3-mma","244":"product_tag-negozio-3-mmc","245":"product_tag-negozio-3-mmc-pills","246":"product_tag-negozio-4-cmc","247":"product_tag-negozio-5-mmpa","248":"product_tag-negozio-a-php","249":"product_tag-negozio-eutylone","250":"product_tag-negozio-hexen","251":"product_tag-store-a-pihp","252":"product_tag-purchase-4-cmc-crystals-online","253":"product_tag-shop-2-mmc","254":"product_tag-shop-3-cmc","255":"product_tag-shop-3-mma","256":"product_tag-start-3-mm","257":"product_tag-shop-3-mmc-pellets","258":"product_tag-shop-3-mmc-pills","259":"product_tag-shop-4-cmc","260":"product_tag-shop-5-mmpa","261":"product_tag-uzlet-a-pihp","262":"product_tag-shop-a-pihp","263":"product_tag-uzlet-a-php","264":"product_tag-shop-a-php","265":"product_tag-take-off-eutylone","266":"product_tag-shop-eutylone","267":"product_tag-uzlet-3-mmc-pellets","268":"product_tag-uzlet-hexen","269":"product_tag-take-off-3-mmc-piller","270":"product_tag-shoppe-hekse","271":"product_tag-tienda-2-fdck","272":"product_tag-tienda-3-cmc","273":"product_tag-tienda-3-mma","274":"product_tag-tienda-3-mmc-pellets","275":"product_tag-tienda-3-mmc-pills","276":"product_tag-tienda-4-cmc","277":"product_tag-tienda-5-mmpa","278":"product_tag-tienda-a-pihp","279":"product_tag-tienda-eutylone","280":"product_tag-tienda-hexedrone","281":"product_tag-engros-3-cmc","282":"product_tag-engros-4-cmc","283":"product_tag-vasarold-meg-3-mmc-pellets","284":"product_tag-vasarold-meg-3-mmc-pills","285":"product_tag-vasarold-meg-5-mmpa","286":"product_tag-vasarold-meg-a-pihp","287":"product_tag-vente-en-gros-2-fdck","288":"product_tag-vente-en-gros-2-mmc","289":"product_tag-vente-en-gros-3-cmc","290":"product_tag-vente-en-gros-3-mma","291":"product_tag-vente-en-gros-3-mmc","292":"product_tag-vente-en-gros-3-mmc-pellets","293":"product_tag-vente-en-gros-3-mmc-pills","294":"product_tag-vente-en-gros-4-cmc","295":"product_tag-vente-en-gros-5-mmpa","296":"product_tag-vente-en-gros-a-php","297":"product_tag-vente-en-gros-a-pihp","298":"product_tag-vente-en-gros-eutylone","299":"product_tag-vente-en-gros-hexen","300":"product_tag-vinkel-hekse","301":"product_tag-wholesale-2-fdck","302":"product_tag-wholesale-2-mmc","303":"product_tag-wholesale-3-cmc","304":"product_tag-wholesale-3-mma","305":"product_tag-wholesale-3-mmc","306":"product_tag-wholesale-3-mmc-pellets","307":"product_tag-wholesale-3-mmc-pills","308":"product_tag-wholesale-4-cmc","309":"product_tag-wholesale-5-mmpa","310":"product_tag-wholesale-a-php","311":"product_tag-wholesale-a-pihp","312":"product_tag-wholesale-eutylone","313":"product_tag-wholesale-hexedrone","314":"product_tag-wholesale-hexen","315":"product_tag-winkel-2-fdck","316":"product_tag-winkel-2-mmc","317":"product_tag-winkel-3-cmc","318":"product_tag-winkel-3-mma","319":"product_tag-winkel-3-mmc","320":"product_tag-winkel-3-mmc-pills","321":"product_tag-winkel-4-cmc","322":"product_tag-winkel-5-mmpa","323":"product_tag-winkel-a-php","324":"product_tag-winkel-a-pihp","325":"product_tag-winkel-eutylone","326":"product_tag-winkel-hexedrone","328":"first","329":"instock","330":"shipping-taxable","331":"purchasable","332":"product-type-variable","333":"has-default-attributes"},"yoast_head":"<!-- This site is optimized with the Yoast SEO plugin v27.3 - https:\/\/yoast.com\/product\/yoast-seo-wordpress\/ -->\n<title>K\u00f8b 4-Chloromethcathinone (4-CMC HCl) Crystal - Bedste bedste globale medicin<\/title>\n<meta name=\"description\" content=\"K\u00f8b 4-CMC Crystal &amp; Pudder online billigt. K\u00f8b 4-CMC Crystal &amp; Pulver i l\u00f8s v\u00e6gt 99% renhed. Bestil 4-Chloromethcathinone til salg UK, Europa\" \/>\n<meta name=\"robots\" content=\"index, follow, max-snippet:-1, max-image-preview:large, max-video-preview:-1\" \/>\n<link rel=\"canonical\" href=\"https:\/\/medicinasinc.com\/da\/product\/4-chlormethcathinon-4-cmc-hcl-krystal\/\" \/>\n<meta property=\"og:locale\" content=\"en_US\" \/>\n<meta property=\"og:type\" content=\"article\" \/>\n<meta property=\"og:title\" content=\"K\u00f8b 4-Chloromethcathinone (4-CMC HCl) Crystal - Bedste bedste globale medicin\" \/>\n<meta property=\"og:description\" content=\"K\u00f8b 4-CMC Crystal &amp; Pudder online billigt. K\u00f8b 4-CMC Crystal &amp; Pulver i l\u00f8s v\u00e6gt 99% renhed. Bestil 4-Chloromethcathinone til salg UK, Europa\" \/>\n<meta property=\"og:url\" content=\"https:\/\/medicinasinc.com\/da\/product\/4-chlormethcathinon-4-cmc-hcl-krystal\/\" \/>\n<meta property=\"og:site_name\" content=\"Medicinas Inc\" \/>\n<meta property=\"article:modified_time\" content=\"2022-03-20T00:37:27+00:00\" \/>\n<meta property=\"og:image\" content=\"https:\/\/medicinasinc.com\/da\/wp-content\/uploads\/sites\/8\/2022\/02\/buy-4-Chloromethcathinone.jpg\" \/>\n\t<meta property=\"og:image:width\" content=\"2560\" \/>\n\t<meta property=\"og:image:height\" content=\"1887\" \/>\n\t<meta property=\"og:image:type\" content=\"image\/jpeg\" \/>\n<meta name=\"twitter:card\" content=\"summary_large_image\" \/>\n<meta name=\"twitter:label1\" content=\"Est. reading time\" \/>\n\t<meta name=\"twitter:data1\" content=\"2 minutes\" \/>\n<script type=\"application\/ld+json\" class=\"yoast-schema-graph\">{\"@context\":\"https:\\\/\\\/schema.org\",\"@graph\":[{\"@type\":\"WebPage\",\"@id\":\"https:\\\/\\\/medicinasinc.com\\\/da\\\/product\\\/4-chlormethcathinon-4-cmc-hcl-krystal\\\/\",\"url\":\"https:\\\/\\\/medicinasinc.com\\\/da\\\/product\\\/4-chlormethcathinon-4-cmc-hcl-krystal\\\/\",\"name\":\"K\u00f8b 4-Chloromethcathinone (4-CMC HCl) Crystal - Bedste bedste globale medicin\",\"isPartOf\":{\"@id\":\"https:\\\/\\\/medicinasinc.com\\\/da\\\/#website\"},\"primaryImageOfPage\":{\"@id\":\"https:\\\/\\\/medicinasinc.com\\\/da\\\/product\\\/4-chlormethcathinon-4-cmc-hcl-krystal\\\/#primaryimage\"},\"image\":{\"@id\":\"https:\\\/\\\/medicinasinc.com\\\/da\\\/product\\\/4-chlormethcathinon-4-cmc-hcl-krystal\\\/#primaryimage\"},\"thumbnailUrl\":\"https:\\\/\\\/medicinasinc.com\\\/da\\\/wp-content\\\/uploads\\\/sites\\\/8\\\/2022\\\/02\\\/buy-4-Chloromethcathinone.jpg\",\"datePublished\":\"2022-02-21T21:52:55+00:00\",\"dateModified\":\"2022-03-20T00:37:27+00:00\",\"description\":\"K\u00f8b 4-CMC Crystal &amp; Pudder online billigt. K\u00f8b 4-CMC Crystal &amp; Pulver i l\u00f8s v\u00e6gt 99% renhed. Bestil 4-Chloromethcathinone til salg UK, Europa\",\"breadcrumb\":{\"@id\":\"https:\\\/\\\/medicinasinc.com\\\/da\\\/product\\\/4-chlormethcathinon-4-cmc-hcl-krystal\\\/#breadcrumb\"},\"inLanguage\":\"en-US\",\"potentialAction\":[{\"@type\":\"ReadAction\",\"target\":[\"https:\\\/\\\/medicinasinc.com\\\/da\\\/product\\\/4-chlormethcathinon-4-cmc-hcl-krystal\\\/\"]}]},{\"@type\":\"ImageObject\",\"inLanguage\":\"en-US\",\"@id\":\"https:\\\/\\\/medicinasinc.com\\\/da\\\/product\\\/4-chlormethcathinon-4-cmc-hcl-krystal\\\/#primaryimage\",\"url\":\"https:\\\/\\\/medicinasinc.com\\\/da\\\/wp-content\\\/uploads\\\/sites\\\/8\\\/2022\\\/02\\\/buy-4-Chloromethcathinone.jpg\",\"contentUrl\":\"https:\\\/\\\/medicinasinc.com\\\/da\\\/wp-content\\\/uploads\\\/sites\\\/8\\\/2022\\\/02\\\/buy-4-Chloromethcathinone.jpg\",\"width\":2560,\"height\":1887},{\"@type\":\"BreadcrumbList\",\"@id\":\"https:\\\/\\\/medicinasinc.com\\\/da\\\/product\\\/4-chlormethcathinon-4-cmc-hcl-krystal\\\/#breadcrumb\",\"itemListElement\":[{\"@type\":\"ListItem\",\"position\":1,\"name\":\"Butik\",\"item\":\"https:\\\/\\\/medicinasinc.com\\\/da\\\/butik\\\/\"},{\"@type\":\"ListItem\",\"position\":2,\"name\":\"4-chlormethcathinon (4-CMC HCI) krystal\"}]},{\"@type\":\"WebSite\",\"@id\":\"https:\\\/\\\/medicinasinc.com\\\/da\\\/#website\",\"url\":\"https:\\\/\\\/medicinasinc.com\\\/da\\\/\",\"name\":\"Medicinas Inc\",\"description\":\"Health Medical Clinic\",\"potentialAction\":[{\"@type\":\"SearchAction\",\"target\":{\"@type\":\"EntryPoint\",\"urlTemplate\":\"https:\\\/\\\/medicinasinc.com\\\/da\\\/?s={search_term_string}\"},\"query-input\":{\"@type\":\"PropertyValueSpecification\",\"valueRequired\":true,\"valueName\":\"search_term_string\"}}],\"inLanguage\":\"en-US\"}]}<\/script>\n<!-- \/ Yoast SEO plugin. -->","yoast_head_json":{"title":"K\u00f8b 4-Chloromethcathinone (4-CMC HCl) Crystal - Bedste bedste globale medicin","description":"K\u00f8b 4-CMC Crystal &amp; Pudder online billigt. K\u00f8b 4-CMC Crystal &amp; Pulver i l\u00f8s v\u00e6gt 99% renhed. Bestil 4-Chloromethcathinone til salg UK, Europa","robots":{"index":"index","follow":"follow","max-snippet":"max-snippet:-1","max-image-preview":"max-image-preview:large","max-video-preview":"max-video-preview:-1"},"canonical":"https:\/\/medicinasinc.com\/da\/product\/4-chlormethcathinon-4-cmc-hcl-krystal\/","og_locale":"en_US","og_type":"article","og_title":"K\u00f8b 4-Chloromethcathinone (4-CMC HCl) Crystal - Bedste bedste globale medicin","og_description":"K\u00f8b 4-CMC Crystal &amp; Pudder online billigt. K\u00f8b 4-CMC Crystal &amp; Pulver i l\u00f8s v\u00e6gt 99% renhed. Bestil 4-Chloromethcathinone til salg UK, Europa","og_url":"https:\/\/medicinasinc.com\/da\/product\/4-chlormethcathinon-4-cmc-hcl-krystal\/","og_site_name":"Medicinas Inc","article_modified_time":"2022-03-20T00:37:27+00:00","og_image":[{"width":2560,"height":1887,"url":"https:\/\/medicinasinc.com\/da\/wp-content\/uploads\/sites\/8\/2022\/02\/buy-4-Chloromethcathinone.jpg","type":"image\/jpeg"}],"twitter_card":"summary_large_image","twitter_misc":{"Est. reading time":"2 minutes"},"schema":{"@context":"https:\/\/schema.org","@graph":[{"@type":"WebPage","@id":"https:\/\/medicinasinc.com\/da\/product\/4-chlormethcathinon-4-cmc-hcl-krystal\/","url":"https:\/\/medicinasinc.com\/da\/product\/4-chlormethcathinon-4-cmc-hcl-krystal\/","name":"K\u00f8b 4-Chloromethcathinone (4-CMC HCl) Crystal - Bedste bedste globale medicin","isPartOf":{"@id":"https:\/\/medicinasinc.com\/da\/#website"},"primaryImageOfPage":{"@id":"https:\/\/medicinasinc.com\/da\/product\/4-chlormethcathinon-4-cmc-hcl-krystal\/#primaryimage"},"image":{"@id":"https:\/\/medicinasinc.com\/da\/product\/4-chlormethcathinon-4-cmc-hcl-krystal\/#primaryimage"},"thumbnailUrl":"https:\/\/medicinasinc.com\/da\/wp-content\/uploads\/sites\/8\/2022\/02\/buy-4-Chloromethcathinone.jpg","datePublished":"2022-02-21T21:52:55+00:00","dateModified":"2022-03-20T00:37:27+00:00","description":"K\u00f8b 4-CMC Crystal &amp; Pudder online billigt. K\u00f8b 4-CMC Crystal &amp; Pulver i l\u00f8s v\u00e6gt 99% renhed. Bestil 4-Chloromethcathinone til salg UK, Europa","breadcrumb":{"@id":"https:\/\/medicinasinc.com\/da\/product\/4-chlormethcathinon-4-cmc-hcl-krystal\/#breadcrumb"},"inLanguage":"en-US","potentialAction":[{"@type":"ReadAction","target":["https:\/\/medicinasinc.com\/da\/product\/4-chlormethcathinon-4-cmc-hcl-krystal\/"]}]},{"@type":"ImageObject","inLanguage":"en-US","@id":"https:\/\/medicinasinc.com\/da\/product\/4-chlormethcathinon-4-cmc-hcl-krystal\/#primaryimage","url":"https:\/\/medicinasinc.com\/da\/wp-content\/uploads\/sites\/8\/2022\/02\/buy-4-Chloromethcathinone.jpg","contentUrl":"https:\/\/medicinasinc.com\/da\/wp-content\/uploads\/sites\/8\/2022\/02\/buy-4-Chloromethcathinone.jpg","width":2560,"height":1887},{"@type":"BreadcrumbList","@id":"https:\/\/medicinasinc.com\/da\/product\/4-chlormethcathinon-4-cmc-hcl-krystal\/#breadcrumb","itemListElement":[{"@type":"ListItem","position":1,"name":"Butik","item":"https:\/\/medicinasinc.com\/da\/butik\/"},{"@type":"ListItem","position":2,"name":"4-chlormethcathinon (4-CMC HCI) krystal"}]},{"@type":"WebSite","@id":"https:\/\/medicinasinc.com\/da\/#website","url":"https:\/\/medicinasinc.com\/da\/","name":"Medicinas Inc","description":"Health Medical Clinic","potentialAction":[{"@type":"SearchAction","target":{"@type":"EntryPoint","urlTemplate":"https:\/\/medicinasinc.com\/da\/?s={search_term_string}"},"query-input":{"@type":"PropertyValueSpecification","valueRequired":true,"valueName":"search_term_string"}}],"inLanguage":"en-US"}]}},"_links":{"self":[{"href":"https:\/\/medicinasinc.com\/da\/wp-json\/wp\/v2\/product\/5367","targetHints":{"allow":["GET"]}}],"collection":[{"href":"https:\/\/medicinasinc.com\/da\/wp-json\/wp\/v2\/product"}],"about":[{"href":"https:\/\/medicinasinc.com\/da\/wp-json\/wp\/v2\/types\/product"}],"replies":[{"embeddable":true,"href":"https:\/\/medicinasinc.com\/da\/wp-json\/wp\/v2\/comments?post=5367"}],"wp:featuredmedia":[{"embeddable":true,"href":"https:\/\/medicinasinc.com\/da\/wp-json\/wp\/v2\/media\/5378"}],"wp:attachment":[{"href":"https:\/\/medicinasinc.com\/da\/wp-json\/wp\/v2\/media?parent=5367"}],"wp:term":[{"taxonomy":"product_brand","embeddable":true,"href":"https:\/\/medicinasinc.com\/da\/wp-json\/wp\/v2\/product_brand?post=5367"},{"taxonomy":"product_cat","embeddable":true,"href":"https:\/\/medicinasinc.com\/da\/wp-json\/wp\/v2\/product_cat?post=5367"},{"taxonomy":"product_tag","embeddable":true,"href":"https:\/\/medicinasinc.com\/da\/wp-json\/wp\/v2\/product_tag?post=5367"}],"curies":[{"name":"wp","href":"https:\/\/api.w.org\/{rel}","templated":true}]}}