{"id":5366,"date":"2022-02-21T21:52:02","date_gmt":"2022-02-21T21:52:02","guid":{"rendered":"https:\/\/medicinasinc.com\/da\/?post_type=product&#038;p=5366"},"modified":"2022-03-20T00:37:40","modified_gmt":"2022-03-20T00:37:40","slug":"kob-3f-phenmetrazin","status":"publish","type":"product","link":"https:\/\/medicinasinc.com\/da\/product\/kob-3f-phenmetrazin\/","title":{"rendered":"K\u00f8b 3F-Phenmetrazin"},"content":{"rendered":"<p>Hvad st\u00e5r 3-FPM for?<\/p>\n<p>3-FPM er en forkortelse for 3-Fluorophenmetrazin, og det betyder 3-Fluorophenmetrazin. 3-FPM er et kemikalie, der bruges i forskning, og som har stor kraft til at f\u00e5 folk i gang. 3-FPM er en del af klassen af \u200b\u200bkemikalier kaldet phenolmorpholin, og det kan skade din krop. Resultaterne af 3-FPM eksperimenter menes normalt at v\u00e6re meget ens eller n\u00e6sten de samme som resultaterne af amfetaminfors\u00f8g. Eksperimenter med 3-FPM viser normalt, at folk er mere fokuserede og motiverede, deres tanker bev\u00e6ger sig hurtigere, og de f\u00f8ler sig glade. Disse resultater siges dog ofte at v\u00e6re mindre intense end resultaterne af amfetamin eller andre stoffer, der g\u00f8r dig mere opm\u00e6rksom. Mange mennesker bliver ikke nerv\u00f8se eller s\u00f8vnige, n\u00e5r de bruger 3-FPM.<\/p>\n<p>Hvor kan jeg k\u00f8be 3-FPM?<\/p>\n<p>Hos Best Globel Med har vi en masse meget god 3-FPM til salg. Vores 3-FPM kommer i b\u00e5de pulver- og pelletform, s\u00e5 du kan f\u00e5 det. Det er lige meget, hvilken af \u200b\u200bdisse to kemiske tilstande du foretr\u00e6kker. Vi har dig d\u00e6kket.<\/p>\n<p>Vi har en 3-FPM til salg, som kun er til forskning, ikke til salg. Det er ikke til brug i hjemmet. Folk, der k\u00f8ber 3-FPM hos os, skal v\u00e6re mindst 18 \u00e5r gamle og i fuld overensstemmelse med deres lands love.<\/p>\n<p>3-FPM er lovligt.<\/p>\n<p>3-FPM er ikke lovligt at k\u00f8be, s\u00e6lge eller eje i Israel, Schweiz eller USA, s\u00e5 du kan ikke g\u00f8re det. I Det Forenede Kongerige menes det at ligne phenmetrazin, som er et l\u00e6gemiddel, der ikke er sikkert for folk at tage.<\/p>\n<p>Et k\u00f8ligt, t\u00f8rt sted er altid bedst for den bedste holdbarhed. Dette produkt er kun til retsmedicinsk og forskningsm\u00e6ssig brug. Det er ikke beregnet til at blive spist af mennesker eller testet p\u00e5 dyr eller noget andet levende.<\/p>\n","protected":false},"excerpt":{"rendered":"<div class=\"woocommerce-product-details__short-description\">\n<p>K\u00d8B 3-FPM3-FPM (ogs\u00e5 kendt som 3-Fluorophenmetrazin, 3F-Phenmetrazin og PAL-593) er et nyt phenylmorphen-baseret stimulans.<\/p>\n<p>3-Fluorophenmetrazin, ogs\u00e5 kendt som 3F-Phenmetrazin, PAL-593 og 3-FPM, er et nyt phenylmorphen-klassestimulerende middel.<\/p>\n<p>K\u00f8b 3-FPM online<\/p>\n<p>3F-Phenmetrazin kan k\u00f8bes online.<\/p>\n<p>3F-Phenmetrazin er tilg\u00e6ngelig som et krystallinsk eller pulveriseret hvidt stof. 3F-phenmetrazin er opl\u00f8seligt i organiske opl\u00f8sningsmidler s\u00e5som methanol, ethanol, dimethylformamid (DMF) og dichlormethan (DCM), som b\u00f8r renses med en inert gas.<\/p>\n<\/p><\/div>\n","protected":false},"featured_media":5376,"comment_status":"open","ping_status":"closed","template":"","meta":[],"product_brand":[],"product_cat":[2014],"product_tag":[],"class_list":{"0":"post-5366","1":"product","2":"type-product","3":"status-publish","4":"has-post-thumbnail","6":"product_cat-kb-forskningskemikalier","8":"first","9":"instock","10":"shipping-taxable","11":"purchasable","12":"product-type-variable","13":"has-default-attributes"},"yoast_head":"<!-- This site is optimized with the Yoast SEO plugin v27.3 - https:\/\/yoast.com\/product\/yoast-seo-wordpress\/ -->\n<title>K\u00f8b 3F-phenmetrazin - bedste bedste globale medicin<\/title>\n<meta name=\"description\" content=\"K\u00d8B 3-FPM3-FPM til salg (ogs\u00e5 kendt som 3-Fluorophenmetrazin, 3F-Phenmetrazin og PAL-593) er et nyt stimulerende stof af phenylmorphen-klassen.\" \/>\n<meta name=\"robots\" content=\"index, follow, max-snippet:-1, max-image-preview:large, max-video-preview:-1\" \/>\n<link rel=\"canonical\" href=\"https:\/\/medicinasinc.com\/da\/product\/kob-3f-phenmetrazin\/\" \/>\n<meta property=\"og:locale\" content=\"en_US\" \/>\n<meta property=\"og:type\" content=\"article\" \/>\n<meta property=\"og:title\" content=\"K\u00f8b 3F-phenmetrazin - bedste bedste globale medicin\" \/>\n<meta property=\"og:description\" content=\"K\u00d8B 3-FPM3-FPM til salg (ogs\u00e5 kendt som 3-Fluorophenmetrazin, 3F-Phenmetrazin og PAL-593) er et nyt stimulerende stof af phenylmorphen-klassen.\" \/>\n<meta property=\"og:url\" content=\"https:\/\/medicinasinc.com\/da\/product\/kob-3f-phenmetrazin\/\" \/>\n<meta property=\"og:site_name\" content=\"Medicinas Inc\" \/>\n<meta property=\"article:modified_time\" content=\"2022-03-20T00:37:40+00:00\" \/>\n<meta property=\"og:image\" content=\"https:\/\/medicinasinc.com\/da\/wp-content\/uploads\/sites\/8\/2022\/02\/3fpm.jpg\" \/>\n\t<meta property=\"og:image:width\" content=\"600\" \/>\n\t<meta property=\"og:image:height\" content=\"600\" \/>\n\t<meta property=\"og:image:type\" content=\"image\/jpeg\" \/>\n<meta name=\"twitter:card\" content=\"summary_large_image\" \/>\n<meta name=\"twitter:label1\" content=\"Est. reading time\" \/>\n\t<meta name=\"twitter:data1\" content=\"2 minutes\" \/>\n<script type=\"application\/ld+json\" class=\"yoast-schema-graph\">{\"@context\":\"https:\\\/\\\/schema.org\",\"@graph\":[{\"@type\":\"WebPage\",\"@id\":\"https:\\\/\\\/medicinasinc.com\\\/da\\\/product\\\/kob-3f-phenmetrazin\\\/\",\"url\":\"https:\\\/\\\/medicinasinc.com\\\/da\\\/product\\\/kob-3f-phenmetrazin\\\/\",\"name\":\"K\u00f8b 3F-phenmetrazin - bedste bedste globale medicin\",\"isPartOf\":{\"@id\":\"https:\\\/\\\/medicinasinc.com\\\/da\\\/#website\"},\"primaryImageOfPage\":{\"@id\":\"https:\\\/\\\/medicinasinc.com\\\/da\\\/product\\\/kob-3f-phenmetrazin\\\/#primaryimage\"},\"image\":{\"@id\":\"https:\\\/\\\/medicinasinc.com\\\/da\\\/product\\\/kob-3f-phenmetrazin\\\/#primaryimage\"},\"thumbnailUrl\":\"https:\\\/\\\/medicinasinc.com\\\/da\\\/wp-content\\\/uploads\\\/sites\\\/8\\\/2022\\\/02\\\/3fpm.jpg\",\"datePublished\":\"2022-02-21T21:52:02+00:00\",\"dateModified\":\"2022-03-20T00:37:40+00:00\",\"description\":\"K\u00d8B 3-FPM3-FPM til salg (ogs\u00e5 kendt som 3-Fluorophenmetrazin, 3F-Phenmetrazin og PAL-593) er et nyt stimulerende stof af phenylmorphen-klassen.\",\"breadcrumb\":{\"@id\":\"https:\\\/\\\/medicinasinc.com\\\/da\\\/product\\\/kob-3f-phenmetrazin\\\/#breadcrumb\"},\"inLanguage\":\"en-US\",\"potentialAction\":[{\"@type\":\"ReadAction\",\"target\":[\"https:\\\/\\\/medicinasinc.com\\\/da\\\/product\\\/kob-3f-phenmetrazin\\\/\"]}]},{\"@type\":\"ImageObject\",\"inLanguage\":\"en-US\",\"@id\":\"https:\\\/\\\/medicinasinc.com\\\/da\\\/product\\\/kob-3f-phenmetrazin\\\/#primaryimage\",\"url\":\"https:\\\/\\\/medicinasinc.com\\\/da\\\/wp-content\\\/uploads\\\/sites\\\/8\\\/2022\\\/02\\\/3fpm.jpg\",\"contentUrl\":\"https:\\\/\\\/medicinasinc.com\\\/da\\\/wp-content\\\/uploads\\\/sites\\\/8\\\/2022\\\/02\\\/3fpm.jpg\",\"width\":600,\"height\":600},{\"@type\":\"BreadcrumbList\",\"@id\":\"https:\\\/\\\/medicinasinc.com\\\/da\\\/product\\\/kob-3f-phenmetrazin\\\/#breadcrumb\",\"itemListElement\":[{\"@type\":\"ListItem\",\"position\":1,\"name\":\"Butik\",\"item\":\"https:\\\/\\\/medicinasinc.com\\\/da\\\/butik\\\/\"},{\"@type\":\"ListItem\",\"position\":2,\"name\":\"K\u00f8b 3F-Phenmetrazin\"}]},{\"@type\":\"WebSite\",\"@id\":\"https:\\\/\\\/medicinasinc.com\\\/da\\\/#website\",\"url\":\"https:\\\/\\\/medicinasinc.com\\\/da\\\/\",\"name\":\"Medicinas Inc\",\"description\":\"Health Medical Clinic\",\"potentialAction\":[{\"@type\":\"SearchAction\",\"target\":{\"@type\":\"EntryPoint\",\"urlTemplate\":\"https:\\\/\\\/medicinasinc.com\\\/da\\\/?s={search_term_string}\"},\"query-input\":{\"@type\":\"PropertyValueSpecification\",\"valueRequired\":true,\"valueName\":\"search_term_string\"}}],\"inLanguage\":\"en-US\"}]}<\/script>\n<!-- \/ Yoast SEO plugin. -->","yoast_head_json":{"title":"K\u00f8b 3F-phenmetrazin - bedste bedste globale medicin","description":"K\u00d8B 3-FPM3-FPM til salg (ogs\u00e5 kendt som 3-Fluorophenmetrazin, 3F-Phenmetrazin og PAL-593) er et nyt stimulerende stof af phenylmorphen-klassen.","robots":{"index":"index","follow":"follow","max-snippet":"max-snippet:-1","max-image-preview":"max-image-preview:large","max-video-preview":"max-video-preview:-1"},"canonical":"https:\/\/medicinasinc.com\/da\/product\/kob-3f-phenmetrazin\/","og_locale":"en_US","og_type":"article","og_title":"K\u00f8b 3F-phenmetrazin - bedste bedste globale medicin","og_description":"K\u00d8B 3-FPM3-FPM til salg (ogs\u00e5 kendt som 3-Fluorophenmetrazin, 3F-Phenmetrazin og PAL-593) er et nyt stimulerende stof af phenylmorphen-klassen.","og_url":"https:\/\/medicinasinc.com\/da\/product\/kob-3f-phenmetrazin\/","og_site_name":"Medicinas Inc","article_modified_time":"2022-03-20T00:37:40+00:00","og_image":[{"width":600,"height":600,"url":"https:\/\/medicinasinc.com\/da\/wp-content\/uploads\/sites\/8\/2022\/02\/3fpm.jpg","type":"image\/jpeg"}],"twitter_card":"summary_large_image","twitter_misc":{"Est. reading time":"2 minutes"},"schema":{"@context":"https:\/\/schema.org","@graph":[{"@type":"WebPage","@id":"https:\/\/medicinasinc.com\/da\/product\/kob-3f-phenmetrazin\/","url":"https:\/\/medicinasinc.com\/da\/product\/kob-3f-phenmetrazin\/","name":"K\u00f8b 3F-phenmetrazin - bedste bedste globale medicin","isPartOf":{"@id":"https:\/\/medicinasinc.com\/da\/#website"},"primaryImageOfPage":{"@id":"https:\/\/medicinasinc.com\/da\/product\/kob-3f-phenmetrazin\/#primaryimage"},"image":{"@id":"https:\/\/medicinasinc.com\/da\/product\/kob-3f-phenmetrazin\/#primaryimage"},"thumbnailUrl":"https:\/\/medicinasinc.com\/da\/wp-content\/uploads\/sites\/8\/2022\/02\/3fpm.jpg","datePublished":"2022-02-21T21:52:02+00:00","dateModified":"2022-03-20T00:37:40+00:00","description":"K\u00d8B 3-FPM3-FPM til salg (ogs\u00e5 kendt som 3-Fluorophenmetrazin, 3F-Phenmetrazin og PAL-593) er et nyt stimulerende stof af phenylmorphen-klassen.","breadcrumb":{"@id":"https:\/\/medicinasinc.com\/da\/product\/kob-3f-phenmetrazin\/#breadcrumb"},"inLanguage":"en-US","potentialAction":[{"@type":"ReadAction","target":["https:\/\/medicinasinc.com\/da\/product\/kob-3f-phenmetrazin\/"]}]},{"@type":"ImageObject","inLanguage":"en-US","@id":"https:\/\/medicinasinc.com\/da\/product\/kob-3f-phenmetrazin\/#primaryimage","url":"https:\/\/medicinasinc.com\/da\/wp-content\/uploads\/sites\/8\/2022\/02\/3fpm.jpg","contentUrl":"https:\/\/medicinasinc.com\/da\/wp-content\/uploads\/sites\/8\/2022\/02\/3fpm.jpg","width":600,"height":600},{"@type":"BreadcrumbList","@id":"https:\/\/medicinasinc.com\/da\/product\/kob-3f-phenmetrazin\/#breadcrumb","itemListElement":[{"@type":"ListItem","position":1,"name":"Butik","item":"https:\/\/medicinasinc.com\/da\/butik\/"},{"@type":"ListItem","position":2,"name":"K\u00f8b 3F-Phenmetrazin"}]},{"@type":"WebSite","@id":"https:\/\/medicinasinc.com\/da\/#website","url":"https:\/\/medicinasinc.com\/da\/","name":"Medicinas Inc","description":"Health Medical Clinic","potentialAction":[{"@type":"SearchAction","target":{"@type":"EntryPoint","urlTemplate":"https:\/\/medicinasinc.com\/da\/?s={search_term_string}"},"query-input":{"@type":"PropertyValueSpecification","valueRequired":true,"valueName":"search_term_string"}}],"inLanguage":"en-US"}]}},"_links":{"self":[{"href":"https:\/\/medicinasinc.com\/da\/wp-json\/wp\/v2\/product\/5366","targetHints":{"allow":["GET"]}}],"collection":[{"href":"https:\/\/medicinasinc.com\/da\/wp-json\/wp\/v2\/product"}],"about":[{"href":"https:\/\/medicinasinc.com\/da\/wp-json\/wp\/v2\/types\/product"}],"replies":[{"embeddable":true,"href":"https:\/\/medicinasinc.com\/da\/wp-json\/wp\/v2\/comments?post=5366"}],"wp:featuredmedia":[{"embeddable":true,"href":"https:\/\/medicinasinc.com\/da\/wp-json\/wp\/v2\/media\/5376"}],"wp:attachment":[{"href":"https:\/\/medicinasinc.com\/da\/wp-json\/wp\/v2\/media?parent=5366"}],"wp:term":[{"taxonomy":"product_brand","embeddable":true,"href":"https:\/\/medicinasinc.com\/da\/wp-json\/wp\/v2\/product_brand?post=5366"},{"taxonomy":"product_cat","embeddable":true,"href":"https:\/\/medicinasinc.com\/da\/wp-json\/wp\/v2\/product_cat?post=5366"},{"taxonomy":"product_tag","embeddable":true,"href":"https:\/\/medicinasinc.com\/da\/wp-json\/wp\/v2\/product_tag?post=5366"}],"curies":[{"name":"wp","href":"https:\/\/api.w.org\/{rel}","templated":true}]}}