{"id":5340,"date":"2022-02-21T21:15:28","date_gmt":"2022-02-21T21:15:28","guid":{"rendered":"https:\/\/medicinasinc.com\/da\/?post_type=product&#038;p=5340"},"modified":"2022-03-20T00:38:19","modified_gmt":"2022-03-20T00:38:19","slug":"kob-2-mppp-online","status":"publish","type":"product","link":"https:\/\/medicinasinc.com\/da\/product\/kob-2-mppp-online\/","title":{"rendered":"K\u00f8b 2-MPPP online"},"content":{"rendered":"<p>K\u00f8b 2-MPPP online<\/p>\n<p>K\u00f8b 2-MPPP online<\/p>\n<p>2-methyl-1-phenyl-3-(piperidin-1-yl)<\/p>\n<p>Propan-1-on er et strukturelt relateret kemikalie til 2-aminopropan-1-on, bortset fra at nitrogenet er bundet til kulstoffet i den tredje position. Denne forbindelses fysiologiske og toksikologiske virkninger er ikke blevet unders\u00f8gt.<\/p>\n<p>2-methyl-1-phenyl-3-(piperidin-1-yl)<\/p>\n<p>Propan-1-on kan anvendes som referencepr\u00f8ve for forskere, der laver gaskromatografi\/massespektrometri (GC\/MS), Fourier transform infrar\u00f8d spektroskopi (FTIR) eller nuklear magnetisk resonans (NMR) analyser.<\/p>\n<p>Procedurer i laboratoriet<\/p>\n<p>Vi anbefaler at opbevare 2-methyl-1-phenyl-3-(piperidin-1-yl)propan-1-on ved -20\u00b0C til langtidsopbevaring. Det b\u00f8r forblive stabilt i minimum to \u00e5r.<\/p>\n<p>Det hvide krystallinske stof 2-methyl-1-phenyl-3-(piperidin-1-yl)propan-1-on medf\u00f8lger. 2-methyl-1-phenyl-3-(piperidin-1-yl) Propan-1-on er opl\u00f8selig i organiske opl\u00f8sningsmidler s\u00e5som methanol, dimethylsulfoxid (DMSO) og dichlormethan (DCM), som b\u00f8r renses med en inert gas f\u00f8r brug. 2-methyl-1-phenyl-3-(piperidin-1-yl)propan-1-on opl\u00f8ses ved ca. 22 mg\/ml i ethanol og DMF og ved ca. 15 mg\/ml i DMSO.<\/p>\n<p> Inden test udf\u00f8res, skal der foretages yderligere fortyndinger af stamopl\u00f8sningen i vandige buffere eller isotonisk saltvand. S\u00f8rg for, at der ikke er organisk opl\u00f8sningsmiddel tilovers, da organiske opl\u00f8sningsmidler kan have fysiologiske konsekvenser ved lave koncentrationer. Vandige opl\u00f8sninger uden organisk opl\u00f8sningsmiddel Det krystallinske faste stof 2-methyl-1-phenyl-3-(piperidin-1-yl)propan-1-on kan fremstilles med det samme i vandige buffere. 2-methyl-1-phenyl-3-(piperidin-1-yl)propan-1-on opl\u00f8ses ved en opl\u00f8selighed p\u00e5 ca. 11 mg\/ml i PBS, pH 6,4. Vi anbefaler ikke at opbevare den vandige opl\u00f8sning i k\u00f8leskabet i mere end \u00e9n dag.<\/p>\n<div id=\"wb_Text13\"><strong>Specifikationer<\/strong><\/div>\n<table id=\"Table1\" cellspacing=\"1\" cellpadding=\"0\">\n<tbody>\n<tr>\n<td class=\"cell0\">Synonymer<\/td>\n<td class=\"cell1\">2-MPPP<\/td>\n<\/tr>\n<tr>\n<td class=\"cell2\">IUPAC<\/td>\n<td class=\"cell3\">2-methyl-1-phenyl-3-(piperidin-1-yl)propan-1-on<\/td>\n<\/tr>\n<tr>\n<td class=\"cell0\">PubChem<\/td>\n<td class=\"cell1\">N\/A<\/td>\n<\/tr>\n<tr>\n<td class=\"cell4\">Cas#<\/td>\n<td class=\"cell5\">N\/A<\/td>\n<\/tr>\n<tr>\n<td class=\"cell0\">Molekylylformel<\/td>\n<td class=\"cell1\">C15H21NO<\/td>\n<\/tr>\n<tr>\n<td class=\"cell0\">Renhed<\/td>\n<td class=\"cell1\">99 %<\/td>\n<\/tr>\n<tr>\n<td class=\"cell0\">Forum\/udseende<\/td>\n<td class=\"cell1\">Hvid krystalpulver<\/td>\n<\/tr>\n<\/tbody>\n<\/table>\n<p><strong>Referencer<\/strong><\/p>\n<p>Indian journal of chemistry, 1981, vol. 20 B,\u00a0 # 4\u00a0 s. 303 \u2013 307<\/p>\n<p>Ruddy; Buckley<br \/> Journal of the American Chemical Society, 1950, vol. 72, s. 718.719<\/p>\n<p>Kjaer; Petersen<br \/> Acta Chemica Scandinavica (1947-1973), 1951 ,\u00a0 vol. 5, s. 1145,1148<\/p>\n<p>Nasarow; Tscherkasowa<br \/> Zhurnal Obshchei Khimii, 1958 , vol. 28, s. 122.124, 125<\/p>\n<div class=\"product-next-previous\">\n<div class=\"product-prev\"><\/div><\/div>\n","protected":false},"excerpt":{"rendered":"<div class=\"woocommerce-product-details__short-description\">\n<p>K\u00f8b 2-MPPP online. K\u00f8b 2-MPPP online p\u00e5 bestglobalmeds.com \u2013 2-methyl-1-phenyl-3-(piperidin-1-yl)propan-1-on, 2mpp hvidt krystalpulver til salg. vi har ogs\u00e5 den bedste kvalitet og de bedste priser.<\/p>\n<p><em>K\u00f8b 2<\/em>&#8211;<em>MPPP Online online<\/em> fra et licenseret apotek Best Global Meds. Vi tilbyder en bred vifte af l\u00e6gemidler til salg. Verdensomsp\u00e6ndende levering!<\/p>\n<\/p><\/div>\n","protected":false},"featured_media":5350,"comment_status":"open","ping_status":"closed","template":"","meta":[],"product_brand":[],"product_cat":[2014],"product_tag":[],"class_list":{"0":"post-5340","1":"product","2":"type-product","3":"status-publish","4":"has-post-thumbnail","6":"product_cat-kb-forskningskemikalier","8":"first","9":"instock","10":"shipping-taxable","11":"purchasable","12":"product-type-variable"},"yoast_head":"<!-- This site is optimized with the Yoast SEO plugin v27.3 - https:\/\/yoast.com\/product\/yoast-seo-wordpress\/ -->\n<title>K\u00f8b 2-MPPP online - Bedste bedste globale medicin<\/title>\n<meta name=\"description\" content=\"K\u00f8b 2-MPPP online. K\u00f8b 2-MPPP online p\u00e5 bestglobalmeds.com \u2013 2-methyl-1-phenyl-3-(piperidin-1-yl)propan-1-on, 2mpp hvidt krystalpulver til salg. vi har den bedste kvalitet og bedste priser\" \/>\n<meta name=\"robots\" content=\"index, follow, max-snippet:-1, max-image-preview:large, max-video-preview:-1\" \/>\n<link rel=\"canonical\" href=\"https:\/\/medicinasinc.com\/da\/product\/kob-2-mppp-online\/\" \/>\n<meta property=\"og:locale\" content=\"en_US\" \/>\n<meta property=\"og:type\" content=\"article\" \/>\n<meta property=\"og:title\" content=\"K\u00f8b 2-MPPP online - Bedste bedste globale medicin\" \/>\n<meta property=\"og:description\" content=\"K\u00f8b 2-MPPP online. K\u00f8b 2-MPPP online p\u00e5 bestglobalmeds.com \u2013 2-methyl-1-phenyl-3-(piperidin-1-yl)propan-1-on, 2mpp hvidt krystalpulver til salg. vi har den bedste kvalitet og bedste priser\" \/>\n<meta property=\"og:url\" content=\"https:\/\/medicinasinc.com\/da\/product\/kob-2-mppp-online\/\" \/>\n<meta property=\"og:site_name\" content=\"Medicinas Inc\" \/>\n<meta property=\"article:modified_time\" content=\"2022-03-20T00:38:19+00:00\" \/>\n<meta property=\"og:image\" content=\"https:\/\/medicinasinc.com\/da\/wp-content\/uploads\/sites\/8\/2022\/02\/2mppp.jpg\" \/>\n\t<meta property=\"og:image:width\" content=\"600\" \/>\n\t<meta property=\"og:image:height\" content=\"600\" \/>\n\t<meta property=\"og:image:type\" content=\"image\/jpeg\" \/>\n<meta name=\"twitter:card\" content=\"summary_large_image\" \/>\n<meta name=\"twitter:label1\" content=\"Est. reading time\" \/>\n\t<meta name=\"twitter:data1\" content=\"2 minutes\" \/>\n<script type=\"application\/ld+json\" class=\"yoast-schema-graph\">{\"@context\":\"https:\\\/\\\/schema.org\",\"@graph\":[{\"@type\":\"WebPage\",\"@id\":\"https:\\\/\\\/medicinasinc.com\\\/da\\\/product\\\/kob-2-mppp-online\\\/\",\"url\":\"https:\\\/\\\/medicinasinc.com\\\/da\\\/product\\\/kob-2-mppp-online\\\/\",\"name\":\"K\u00f8b 2-MPPP online - Bedste bedste globale medicin\",\"isPartOf\":{\"@id\":\"https:\\\/\\\/medicinasinc.com\\\/da\\\/#website\"},\"primaryImageOfPage\":{\"@id\":\"https:\\\/\\\/medicinasinc.com\\\/da\\\/product\\\/kob-2-mppp-online\\\/#primaryimage\"},\"image\":{\"@id\":\"https:\\\/\\\/medicinasinc.com\\\/da\\\/product\\\/kob-2-mppp-online\\\/#primaryimage\"},\"thumbnailUrl\":\"https:\\\/\\\/medicinasinc.com\\\/da\\\/wp-content\\\/uploads\\\/sites\\\/8\\\/2022\\\/02\\\/2mppp.jpg\",\"datePublished\":\"2022-02-21T21:15:28+00:00\",\"dateModified\":\"2022-03-20T00:38:19+00:00\",\"description\":\"K\u00f8b 2-MPPP online. K\u00f8b 2-MPPP online p\u00e5 bestglobalmeds.com \u2013 2-methyl-1-phenyl-3-(piperidin-1-yl)propan-1-on, 2mpp hvidt krystalpulver til salg. vi har den bedste kvalitet og bedste priser\",\"breadcrumb\":{\"@id\":\"https:\\\/\\\/medicinasinc.com\\\/da\\\/product\\\/kob-2-mppp-online\\\/#breadcrumb\"},\"inLanguage\":\"en-US\",\"potentialAction\":[{\"@type\":\"ReadAction\",\"target\":[\"https:\\\/\\\/medicinasinc.com\\\/da\\\/product\\\/kob-2-mppp-online\\\/\"]}]},{\"@type\":\"ImageObject\",\"inLanguage\":\"en-US\",\"@id\":\"https:\\\/\\\/medicinasinc.com\\\/da\\\/product\\\/kob-2-mppp-online\\\/#primaryimage\",\"url\":\"https:\\\/\\\/medicinasinc.com\\\/da\\\/wp-content\\\/uploads\\\/sites\\\/8\\\/2022\\\/02\\\/2mppp.jpg\",\"contentUrl\":\"https:\\\/\\\/medicinasinc.com\\\/da\\\/wp-content\\\/uploads\\\/sites\\\/8\\\/2022\\\/02\\\/2mppp.jpg\",\"width\":600,\"height\":600},{\"@type\":\"BreadcrumbList\",\"@id\":\"https:\\\/\\\/medicinasinc.com\\\/da\\\/product\\\/kob-2-mppp-online\\\/#breadcrumb\",\"itemListElement\":[{\"@type\":\"ListItem\",\"position\":1,\"name\":\"Butik\",\"item\":\"https:\\\/\\\/medicinasinc.com\\\/da\\\/butik\\\/\"},{\"@type\":\"ListItem\",\"position\":2,\"name\":\"K\u00f8b 2-MPPP online\"}]},{\"@type\":\"WebSite\",\"@id\":\"https:\\\/\\\/medicinasinc.com\\\/da\\\/#website\",\"url\":\"https:\\\/\\\/medicinasinc.com\\\/da\\\/\",\"name\":\"Medicinas Inc\",\"description\":\"Health Medical Clinic\",\"potentialAction\":[{\"@type\":\"SearchAction\",\"target\":{\"@type\":\"EntryPoint\",\"urlTemplate\":\"https:\\\/\\\/medicinasinc.com\\\/da\\\/?s={search_term_string}\"},\"query-input\":{\"@type\":\"PropertyValueSpecification\",\"valueRequired\":true,\"valueName\":\"search_term_string\"}}],\"inLanguage\":\"en-US\"}]}<\/script>\n<!-- \/ Yoast SEO plugin. -->","yoast_head_json":{"title":"K\u00f8b 2-MPPP online - Bedste bedste globale medicin","description":"K\u00f8b 2-MPPP online. K\u00f8b 2-MPPP online p\u00e5 bestglobalmeds.com \u2013 2-methyl-1-phenyl-3-(piperidin-1-yl)propan-1-on, 2mpp hvidt krystalpulver til salg. vi har den bedste kvalitet og bedste priser","robots":{"index":"index","follow":"follow","max-snippet":"max-snippet:-1","max-image-preview":"max-image-preview:large","max-video-preview":"max-video-preview:-1"},"canonical":"https:\/\/medicinasinc.com\/da\/product\/kob-2-mppp-online\/","og_locale":"en_US","og_type":"article","og_title":"K\u00f8b 2-MPPP online - Bedste bedste globale medicin","og_description":"K\u00f8b 2-MPPP online. K\u00f8b 2-MPPP online p\u00e5 bestglobalmeds.com \u2013 2-methyl-1-phenyl-3-(piperidin-1-yl)propan-1-on, 2mpp hvidt krystalpulver til salg. vi har den bedste kvalitet og bedste priser","og_url":"https:\/\/medicinasinc.com\/da\/product\/kob-2-mppp-online\/","og_site_name":"Medicinas Inc","article_modified_time":"2022-03-20T00:38:19+00:00","og_image":[{"width":600,"height":600,"url":"https:\/\/medicinasinc.com\/da\/wp-content\/uploads\/sites\/8\/2022\/02\/2mppp.jpg","type":"image\/jpeg"}],"twitter_card":"summary_large_image","twitter_misc":{"Est. reading time":"2 minutes"},"schema":{"@context":"https:\/\/schema.org","@graph":[{"@type":"WebPage","@id":"https:\/\/medicinasinc.com\/da\/product\/kob-2-mppp-online\/","url":"https:\/\/medicinasinc.com\/da\/product\/kob-2-mppp-online\/","name":"K\u00f8b 2-MPPP online - Bedste bedste globale medicin","isPartOf":{"@id":"https:\/\/medicinasinc.com\/da\/#website"},"primaryImageOfPage":{"@id":"https:\/\/medicinasinc.com\/da\/product\/kob-2-mppp-online\/#primaryimage"},"image":{"@id":"https:\/\/medicinasinc.com\/da\/product\/kob-2-mppp-online\/#primaryimage"},"thumbnailUrl":"https:\/\/medicinasinc.com\/da\/wp-content\/uploads\/sites\/8\/2022\/02\/2mppp.jpg","datePublished":"2022-02-21T21:15:28+00:00","dateModified":"2022-03-20T00:38:19+00:00","description":"K\u00f8b 2-MPPP online. K\u00f8b 2-MPPP online p\u00e5 bestglobalmeds.com \u2013 2-methyl-1-phenyl-3-(piperidin-1-yl)propan-1-on, 2mpp hvidt krystalpulver til salg. vi har den bedste kvalitet og bedste priser","breadcrumb":{"@id":"https:\/\/medicinasinc.com\/da\/product\/kob-2-mppp-online\/#breadcrumb"},"inLanguage":"en-US","potentialAction":[{"@type":"ReadAction","target":["https:\/\/medicinasinc.com\/da\/product\/kob-2-mppp-online\/"]}]},{"@type":"ImageObject","inLanguage":"en-US","@id":"https:\/\/medicinasinc.com\/da\/product\/kob-2-mppp-online\/#primaryimage","url":"https:\/\/medicinasinc.com\/da\/wp-content\/uploads\/sites\/8\/2022\/02\/2mppp.jpg","contentUrl":"https:\/\/medicinasinc.com\/da\/wp-content\/uploads\/sites\/8\/2022\/02\/2mppp.jpg","width":600,"height":600},{"@type":"BreadcrumbList","@id":"https:\/\/medicinasinc.com\/da\/product\/kob-2-mppp-online\/#breadcrumb","itemListElement":[{"@type":"ListItem","position":1,"name":"Butik","item":"https:\/\/medicinasinc.com\/da\/butik\/"},{"@type":"ListItem","position":2,"name":"K\u00f8b 2-MPPP online"}]},{"@type":"WebSite","@id":"https:\/\/medicinasinc.com\/da\/#website","url":"https:\/\/medicinasinc.com\/da\/","name":"Medicinas Inc","description":"Health Medical Clinic","potentialAction":[{"@type":"SearchAction","target":{"@type":"EntryPoint","urlTemplate":"https:\/\/medicinasinc.com\/da\/?s={search_term_string}"},"query-input":{"@type":"PropertyValueSpecification","valueRequired":true,"valueName":"search_term_string"}}],"inLanguage":"en-US"}]}},"_links":{"self":[{"href":"https:\/\/medicinasinc.com\/da\/wp-json\/wp\/v2\/product\/5340","targetHints":{"allow":["GET"]}}],"collection":[{"href":"https:\/\/medicinasinc.com\/da\/wp-json\/wp\/v2\/product"}],"about":[{"href":"https:\/\/medicinasinc.com\/da\/wp-json\/wp\/v2\/types\/product"}],"replies":[{"embeddable":true,"href":"https:\/\/medicinasinc.com\/da\/wp-json\/wp\/v2\/comments?post=5340"}],"wp:featuredmedia":[{"embeddable":true,"href":"https:\/\/medicinasinc.com\/da\/wp-json\/wp\/v2\/media\/5350"}],"wp:attachment":[{"href":"https:\/\/medicinasinc.com\/da\/wp-json\/wp\/v2\/media?parent=5340"}],"wp:term":[{"taxonomy":"product_brand","embeddable":true,"href":"https:\/\/medicinasinc.com\/da\/wp-json\/wp\/v2\/product_brand?post=5340"},{"taxonomy":"product_cat","embeddable":true,"href":"https:\/\/medicinasinc.com\/da\/wp-json\/wp\/v2\/product_cat?post=5340"},{"taxonomy":"product_tag","embeddable":true,"href":"https:\/\/medicinasinc.com\/da\/wp-json\/wp\/v2\/product_tag?post=5340"}],"curies":[{"name":"wp","href":"https:\/\/api.w.org\/{rel}","templated":true}]}}