{"id":5332,"date":"2022-02-21T21:05:55","date_gmt":"2022-02-21T21:05:55","guid":{"rendered":"https:\/\/medicinasinc.com\/da\/?post_type=product&#038;p=5332"},"modified":"2022-03-20T00:38:30","modified_gmt":"2022-03-20T00:38:30","slug":"kobe-2-fma-2-fluormetamfetamin-hydrochlorid","status":"publish","type":"product","link":"https:\/\/medicinasinc.com\/da\/product\/kobe-2-fma-2-fluormetamfetamin-hydrochlorid\/","title":{"rendered":"K\u00f8b 2-FMA 2-fluormetamfetamin (hydrochlorid)"},"content":{"rendered":"<p><strong>Online k\u00f8b af 2-FMA Purity Powder<\/strong><\/p>\n<p>2-Fluorometamphetamin (2-FMA) er et stimulerende middel i samme familie som metamfetamin og 2-fluoramfetamin. P\u00e5 trods af at der intet vides om de fysiologiske virkninger af fluormethoxy substituerede amfetaminer, er 2-FMA blevet fundet som en komponent i designermedicin, der markedsf\u00f8res som &#8220;legal high&#8221; erstatninger for kontrollerede stoffer.<\/p>\n<p>Denne forbindelses hydrochlorid version er designet til at blive brugt som en standard for retsmedicinsk unders\u00f8gelse af pr\u00f8ver indeholdende 2-FMA.<\/p>\n<div class=\"mb-5 row\">\n<div class=\"w-100 col\">\n<h5>Synonymer<\/h5>\n<div class=\"row\">\n<div class=\"col\">\n<div class=\"row\" data-attribute=\"synonyms\">\n<div class=\"text-lg-right vertical-rule product-info -left float-left pl-3 pr-2 pb-3 col-6 col-md-5 col-lg-4 col-xl-3\">Synonymer<\/div>\n<div class=\"float-right pl-3 text-xsm product-info-right col-6 col-md-7 col-lg-8 col-xl-9\">\n<ul class=\" p-0 mb-3 list-unstyled\">\n<li class=\"undefined text-lato-bold\"><span class=\"\">2-FMA<\/span><\/li>\n<\/ul><\/div><\/div><\/div><\/div><\/div><\/div>\n<div class=\"mb-5 row\">\n<div class=\"w-100 col\">\n<h5>Teknisk information<\/h5>\n<div class=\"row\">\n<div class=\"col\">\n<div class=\"row\" data-attribute=\"formalName\">\n<div class=\"text-lg-right vertical-rule product-info-left float-left pl-3 pr- 2 pb-3 col-6 col-md-5 col-lg-4 col-xl-3\">Formelt navn<\/div>\n<div class=\"float-right pl-3 text-xsm product-info-right col -6 col-md-7 col-lg-8 col-xl-9\">2-fluor-N-\u03b1-dimethyl-benzenethanamin, monohydrochlorid<\/div><\/div>\n<div class=\"row\" data-attribut=\"casNumber\">\n<div class=\"text-lg-right vertical-rule product-info-left float-left pl-3 pr-2 pb-3 col-6 col-md-5 col-lg-4 col- xl-3\">CAS-nummer<\/div>\n<div class=\"float-right pl-3 text-xsm product-info-right col-6 col-md-7 col-lg-8 col-xl-9\"> 1780004-19-4<\/div><\/div>\n<div class=\"row\" data-attribute=\"molecularFormula\">\n<div class=\"text-lg-right vertical-rule product-info-left float-left pl -3 pr-2 pb-3 col-6 col-md-5 col-lg-4 col-xl-3\">Molekyl\u00e6r formel<\/div>\n<div class=\"float-right pl-3 text-xsm product- info-right col-6 col-md-7 col-lg-8 col-xl-9\">C<sub><small>10<\/small><\/sub>H<sub><small>14<\/small><\/sub>FN \u2022 HCl<\/div><\/div>\n<div class=\"row\" data-attribute=\"formulaWeight\">\n<div class=\"text-lg-right vertical-rule product-info-left float-left pl-3 pr-2 pb-3 col-6 col-md-5 col-lg-4 col-xl-3\">Formelv\u00e6gt<\/div>\n<div class=\"float-right pl-3 text-xsm produkt -info-right col-6 col-md-7 col-lg-8 col-xl-9\">203.7<\/div><\/div>\n<div class=\"row\" data-attribute=\"purity\">\n<div class=\"text-lg-right vertical-rule product-info-left float-left pl-3 pr-2 pb-3 col-6 col-md-5 col-lg-4 col-xl-3\">Renhed<\/div>\n<div class=\"float-right pl-3 text-xsm product-info-right col-6 col-md-7 col-lg-8 col-xl-9\">\u226598%<\/div><\/div>\n<div class=\"row\" data-attribute=\"formulation\">\n<div class=\"text-lg-right vertical-rule product-info-left float-left pl-3 pr-2 pb-3 col- 6 col-md-5 col-lg-4 col-xl-3\">Formulering<\/div>\n<div class=\"float-right pl-3 text-xsm product-info-right col-6 col-md-7 col-lg-8 col-xl-9\">Et krystallinsk fast stof<\/div><\/div>\n<div class=\"row\" data-attribute=\"solubility\">\n<div class=\"text-lg-right vertical- Herske product-info-left float-left pl-3 pr-2 pb-3 col-6 col-md-5 col-lg-4 col-xl-3\">Opl\u00f8selighed<small>(F\u00e5 flere oplysninger om varians i opl\u00f8selighed)<\/small><\/div>\n<div class=\"float-right pl-3 text-xsm product-info-right col-6 col-md-7 col-lg-8 col-xl-9\">\n<ul class=\" p-0 mb-3 list-unstyled\">\n<li class=\"undefined text-lato-bold\"><span class=\"\">DMF: 20 mg\/ml<\/span><\/li>\n<li class=\" undefined text-lato-bold\"><span class=\"\">DMSO: 20 mg\/ml<\/span><\/li>\n<li class=\"undefined text-lato-bold\"><span class=\"\">Ethanol : 30 mg\/ml<\/span><\/li>\n<li class=\"undefined text-lato-bold\"><span class=\"\">PBS (pH 7,2): 10 mg\/ml<\/span><\/li>\n<\/ul><\/div><\/div>\n<div class=\"row\" data-attribute=\"smiles\">\n<div class=\"text-lg-right vertical-rule product-info-left float-left pl -3 pr-2 pb-3 col-6 col-md-5 col-lg-4 col-xl-3\">SMIL<\/div>\n<div class=\"float-right pl-3 text-xsm product-info -right col-6 col-md-7 col-lg-8 col- xl-9\">FC1=CC=CC=C1CC(C)NC.Cl<\/div><\/div>\n<div class=\"row\" data-attribute=\"inchi\">\n<div class=\"text-lg- h\u00f8jre vertikal-regel produktinfo-venstre float-venstre pl-3 pr-2 pb-3 col-6 col-md-5 col-lg-4 col-xl-3\">InChi-kode<\/div>\n<div>InChI=1S\/C10H14FN.ClH\/c1-8(12- 2)7-9-5-3-4-6-10(9)11;\/h3-6,8,12H,7H2,1-2H3;1H<\/div><\/div>\n<div class=\"row \" data-attribute=\"inchiKey\">\n<div class=\"text-lg-right vertical-rule product-info-left float-left pl-3 pr-2 pb-3 col-6 col-md-5 col-lg -4 col-xl-3\">InChi Key<\/div>\n<div class=\"float-right pl-3 text-xsm product-info-right col-6 col-md-7 col-lg-8 col-xl -9\">GTSVNAIEHCXQPM-UHFFFAOYSA-N<\/div><\/div><\/div><\/div><\/div><\/div>\n<div class=\"row\">\n<div class=\"col\">\n<h5>Forsendelses- og lageroplysninger<\/h5>\n<div class=\"row\">\n<div class=\"col\">\n<div class=\"row\" data-attribute=\"storageTemp\">\n<div class=\"text-lg -h\u00f8jre lodret-regel produkt-info-venstre float-venstre pl-3 pr-2 pb-3 col-6 col-md-5 c ol-lg-4 col-xl-3\">Opbevaring<\/div>\n<div class=\"float-right pl-3 text-xsm product-info-right col-6 col-md-7 col-lg-8 col -xl-9\">-20\u00b0C<\/div><\/div>\n<div class=\"row\" data-attribute=\"address\">\n<div class=\"text-lg-right vertical-rule product-info- left float-left pl-3 pr-2 pb-3 col-6 col-md-5 col-lg-4 col-xl-3\">Forsendelse<\/div>\n<div class=\"float-right pl-3 text -xsm product-info-right col-6 col-md-7 col-lg-8 col-xl-9\">Rumtemperatur\u00a0i det kontinentale USA; kan variere andre steder<\/div><\/div>\n<div class=\"row\" data-attribute=\"stabilityDisplay\">\n<div class=\"text-lg-right vertical-rule product-info-left float-left pl-3 pr-2 pb-3 col-6 col-md-5 col-lg-4 col-xl-3\">Stabilitet<\/div>\n<div class=\"float-right pl-3 text-xsm product-info-right col-6 col-md-7 col-lg-8 col-xl-9\">\u2265\u00a02 \u00e5r<\/div><\/div><\/div><\/div><\/div><\/div>\n<div>\n<div class=\"product-prev\"><\/div><\/div>\n","protected":false},"excerpt":{"rendered":"<p>K\u00f8b 2-FMA 2-Fluoromethamphetamin (hydrochlorid) til salg High Purity Powder Online. Engros 2-FMA-pulver (99%+ rent) \u2013 svarende til metamfetamin Anbefalet dosis 50-80 mg<\/p>\n<p>&nbsp;<\/p>\n","protected":false},"featured_media":5343,"comment_status":"open","ping_status":"closed","template":"","meta":[],"product_brand":[],"product_cat":[2014],"product_tag":[2022,2018,2016,2017,2019,2020,2021,2023,2015,2024,2025,2026],"class_list":{"0":"post-5332","1":"product","2":"type-product","3":"status-publish","4":"has-post-thumbnail","6":"product_cat-kb-forskningskemikalier","7":"product_tag-2-fma-usa","8":"product_tag-2-fma-legality-usa","9":"product_tag-2-fma-lovlighed","10":"product_tag-2-fma-lovlighed-2-fma-pulver","11":"product_tag-2-fma-piller","12":"product_tag-2-fma-pulver","13":"product_tag-2-fma-syntese","14":"product_tag-2-fma-vgttab","15":"product_tag-2-grimme","16":"product_tag-4-fluormetamfetamin","17":"product_tag-buy-2-fma","18":"product_tag-fluormetamfetamin-gadenavn","20":"first","21":"instock","22":"shipping-taxable","23":"purchasable","24":"product-type-variable","25":"has-default-attributes"},"yoast_head":"<!-- This site is optimized with the Yoast SEO plugin v27.3 - https:\/\/yoast.com\/product\/yoast-seo-wordpress\/ -->\n<title>K\u00f8b 2-FMA 2-Fluoromethamphetamin (hydrochlorid) - Bedste globale medicin<\/title>\n<meta name=\"description\" content=\"K\u00f8b 2-FMA 2-Fluoromethamphetamin (hydrochlorid) til salg High Purity Powder Online. Engros 2-FMA-pulver (99%+ rent) - svarende til metamfetamin Anbefalet dosis 50-80mg\" \/>\n<meta name=\"robots\" content=\"index, follow, max-snippet:-1, max-image-preview:large, max-video-preview:-1\" \/>\n<link rel=\"canonical\" href=\"https:\/\/medicinasinc.com\/da\/product\/kobe-2-fma-2-fluormetamfetamin-hydrochlorid\/\" \/>\n<meta property=\"og:locale\" content=\"en_US\" \/>\n<meta property=\"og:type\" content=\"article\" \/>\n<meta property=\"og:title\" content=\"K\u00f8b 2-FMA 2-Fluoromethamphetamin (hydrochlorid) - Bedste globale medicin\" \/>\n<meta property=\"og:description\" content=\"K\u00f8b 2-FMA 2-Fluoromethamphetamin (hydrochlorid) til salg High Purity Powder Online. Engros 2-FMA-pulver (99%+ rent) - svarende til metamfetamin Anbefalet dosis 50-80mg\" \/>\n<meta property=\"og:url\" content=\"https:\/\/medicinasinc.com\/da\/product\/kobe-2-fma-2-fluormetamfetamin-hydrochlorid\/\" \/>\n<meta property=\"og:site_name\" content=\"Medicinas Inc\" \/>\n<meta property=\"article:modified_time\" content=\"2022-03-20T00:38:30+00:00\" \/>\n<meta property=\"og:image\" content=\"https:\/\/medicinasinc.com\/da\/wp-content\/uploads\/sites\/8\/2022\/02\/Buy-2-FMA.jpg\" \/>\n\t<meta property=\"og:image:width\" content=\"750\" \/>\n\t<meta property=\"og:image:height\" content=\"1000\" \/>\n\t<meta property=\"og:image:type\" content=\"image\/jpeg\" \/>\n<meta name=\"twitter:card\" content=\"summary_large_image\" \/>\n<meta name=\"twitter:label1\" content=\"Est. reading time\" \/>\n\t<meta name=\"twitter:data1\" content=\"1 minute\" \/>\n<script type=\"application\/ld+json\" class=\"yoast-schema-graph\">{\"@context\":\"https:\\\/\\\/schema.org\",\"@graph\":[{\"@type\":\"WebPage\",\"@id\":\"https:\\\/\\\/medicinasinc.com\\\/da\\\/product\\\/kobe-2-fma-2-fluormetamfetamin-hydrochlorid\\\/\",\"url\":\"https:\\\/\\\/medicinasinc.com\\\/da\\\/product\\\/kobe-2-fma-2-fluormetamfetamin-hydrochlorid\\\/\",\"name\":\"K\u00f8b 2-FMA 2-Fluoromethamphetamin (hydrochlorid) - Bedste globale medicin\",\"isPartOf\":{\"@id\":\"https:\\\/\\\/medicinasinc.com\\\/da\\\/#website\"},\"primaryImageOfPage\":{\"@id\":\"https:\\\/\\\/medicinasinc.com\\\/da\\\/product\\\/kobe-2-fma-2-fluormetamfetamin-hydrochlorid\\\/#primaryimage\"},\"image\":{\"@id\":\"https:\\\/\\\/medicinasinc.com\\\/da\\\/product\\\/kobe-2-fma-2-fluormetamfetamin-hydrochlorid\\\/#primaryimage\"},\"thumbnailUrl\":\"https:\\\/\\\/medicinasinc.com\\\/da\\\/wp-content\\\/uploads\\\/sites\\\/8\\\/2022\\\/02\\\/Buy-2-FMA.jpg\",\"datePublished\":\"2022-02-21T21:05:55+00:00\",\"dateModified\":\"2022-03-20T00:38:30+00:00\",\"description\":\"K\u00f8b 2-FMA 2-Fluoromethamphetamin (hydrochlorid) til salg High Purity Powder Online. Engros 2-FMA-pulver (99%+ rent) - svarende til metamfetamin Anbefalet dosis 50-80mg\",\"breadcrumb\":{\"@id\":\"https:\\\/\\\/medicinasinc.com\\\/da\\\/product\\\/kobe-2-fma-2-fluormetamfetamin-hydrochlorid\\\/#breadcrumb\"},\"inLanguage\":\"en-US\",\"potentialAction\":[{\"@type\":\"ReadAction\",\"target\":[\"https:\\\/\\\/medicinasinc.com\\\/da\\\/product\\\/kobe-2-fma-2-fluormetamfetamin-hydrochlorid\\\/\"]}]},{\"@type\":\"ImageObject\",\"inLanguage\":\"en-US\",\"@id\":\"https:\\\/\\\/medicinasinc.com\\\/da\\\/product\\\/kobe-2-fma-2-fluormetamfetamin-hydrochlorid\\\/#primaryimage\",\"url\":\"https:\\\/\\\/medicinasinc.com\\\/da\\\/wp-content\\\/uploads\\\/sites\\\/8\\\/2022\\\/02\\\/Buy-2-FMA.jpg\",\"contentUrl\":\"https:\\\/\\\/medicinasinc.com\\\/da\\\/wp-content\\\/uploads\\\/sites\\\/8\\\/2022\\\/02\\\/Buy-2-FMA.jpg\",\"width\":750,\"height\":1000},{\"@type\":\"BreadcrumbList\",\"@id\":\"https:\\\/\\\/medicinasinc.com\\\/da\\\/product\\\/kobe-2-fma-2-fluormetamfetamin-hydrochlorid\\\/#breadcrumb\",\"itemListElement\":[{\"@type\":\"ListItem\",\"position\":1,\"name\":\"Butik\",\"item\":\"https:\\\/\\\/medicinasinc.com\\\/da\\\/butik\\\/\"},{\"@type\":\"ListItem\",\"position\":2,\"name\":\"K\u00f8b 2-FMA 2-fluormetamfetamin (hydrochlorid)\"}]},{\"@type\":\"WebSite\",\"@id\":\"https:\\\/\\\/medicinasinc.com\\\/da\\\/#website\",\"url\":\"https:\\\/\\\/medicinasinc.com\\\/da\\\/\",\"name\":\"Medicinas Inc\",\"description\":\"Health Medical Clinic\",\"potentialAction\":[{\"@type\":\"SearchAction\",\"target\":{\"@type\":\"EntryPoint\",\"urlTemplate\":\"https:\\\/\\\/medicinasinc.com\\\/da\\\/?s={search_term_string}\"},\"query-input\":{\"@type\":\"PropertyValueSpecification\",\"valueRequired\":true,\"valueName\":\"search_term_string\"}}],\"inLanguage\":\"en-US\"}]}<\/script>\n<!-- \/ Yoast SEO plugin. -->","yoast_head_json":{"title":"K\u00f8b 2-FMA 2-Fluoromethamphetamin (hydrochlorid) - Bedste globale medicin","description":"K\u00f8b 2-FMA 2-Fluoromethamphetamin (hydrochlorid) til salg High Purity Powder Online. Engros 2-FMA-pulver (99%+ rent) - svarende til metamfetamin Anbefalet dosis 50-80mg","robots":{"index":"index","follow":"follow","max-snippet":"max-snippet:-1","max-image-preview":"max-image-preview:large","max-video-preview":"max-video-preview:-1"},"canonical":"https:\/\/medicinasinc.com\/da\/product\/kobe-2-fma-2-fluormetamfetamin-hydrochlorid\/","og_locale":"en_US","og_type":"article","og_title":"K\u00f8b 2-FMA 2-Fluoromethamphetamin (hydrochlorid) - Bedste globale medicin","og_description":"K\u00f8b 2-FMA 2-Fluoromethamphetamin (hydrochlorid) til salg High Purity Powder Online. Engros 2-FMA-pulver (99%+ rent) - svarende til metamfetamin Anbefalet dosis 50-80mg","og_url":"https:\/\/medicinasinc.com\/da\/product\/kobe-2-fma-2-fluormetamfetamin-hydrochlorid\/","og_site_name":"Medicinas Inc","article_modified_time":"2022-03-20T00:38:30+00:00","og_image":[{"width":750,"height":1000,"url":"https:\/\/medicinasinc.com\/da\/wp-content\/uploads\/sites\/8\/2022\/02\/Buy-2-FMA.jpg","type":"image\/jpeg"}],"twitter_card":"summary_large_image","twitter_misc":{"Est. reading time":"1 minute"},"schema":{"@context":"https:\/\/schema.org","@graph":[{"@type":"WebPage","@id":"https:\/\/medicinasinc.com\/da\/product\/kobe-2-fma-2-fluormetamfetamin-hydrochlorid\/","url":"https:\/\/medicinasinc.com\/da\/product\/kobe-2-fma-2-fluormetamfetamin-hydrochlorid\/","name":"K\u00f8b 2-FMA 2-Fluoromethamphetamin (hydrochlorid) - Bedste globale medicin","isPartOf":{"@id":"https:\/\/medicinasinc.com\/da\/#website"},"primaryImageOfPage":{"@id":"https:\/\/medicinasinc.com\/da\/product\/kobe-2-fma-2-fluormetamfetamin-hydrochlorid\/#primaryimage"},"image":{"@id":"https:\/\/medicinasinc.com\/da\/product\/kobe-2-fma-2-fluormetamfetamin-hydrochlorid\/#primaryimage"},"thumbnailUrl":"https:\/\/medicinasinc.com\/da\/wp-content\/uploads\/sites\/8\/2022\/02\/Buy-2-FMA.jpg","datePublished":"2022-02-21T21:05:55+00:00","dateModified":"2022-03-20T00:38:30+00:00","description":"K\u00f8b 2-FMA 2-Fluoromethamphetamin (hydrochlorid) til salg High Purity Powder Online. Engros 2-FMA-pulver (99%+ rent) - svarende til metamfetamin Anbefalet dosis 50-80mg","breadcrumb":{"@id":"https:\/\/medicinasinc.com\/da\/product\/kobe-2-fma-2-fluormetamfetamin-hydrochlorid\/#breadcrumb"},"inLanguage":"en-US","potentialAction":[{"@type":"ReadAction","target":["https:\/\/medicinasinc.com\/da\/product\/kobe-2-fma-2-fluormetamfetamin-hydrochlorid\/"]}]},{"@type":"ImageObject","inLanguage":"en-US","@id":"https:\/\/medicinasinc.com\/da\/product\/kobe-2-fma-2-fluormetamfetamin-hydrochlorid\/#primaryimage","url":"https:\/\/medicinasinc.com\/da\/wp-content\/uploads\/sites\/8\/2022\/02\/Buy-2-FMA.jpg","contentUrl":"https:\/\/medicinasinc.com\/da\/wp-content\/uploads\/sites\/8\/2022\/02\/Buy-2-FMA.jpg","width":750,"height":1000},{"@type":"BreadcrumbList","@id":"https:\/\/medicinasinc.com\/da\/product\/kobe-2-fma-2-fluormetamfetamin-hydrochlorid\/#breadcrumb","itemListElement":[{"@type":"ListItem","position":1,"name":"Butik","item":"https:\/\/medicinasinc.com\/da\/butik\/"},{"@type":"ListItem","position":2,"name":"K\u00f8b 2-FMA 2-fluormetamfetamin (hydrochlorid)"}]},{"@type":"WebSite","@id":"https:\/\/medicinasinc.com\/da\/#website","url":"https:\/\/medicinasinc.com\/da\/","name":"Medicinas Inc","description":"Health Medical Clinic","potentialAction":[{"@type":"SearchAction","target":{"@type":"EntryPoint","urlTemplate":"https:\/\/medicinasinc.com\/da\/?s={search_term_string}"},"query-input":{"@type":"PropertyValueSpecification","valueRequired":true,"valueName":"search_term_string"}}],"inLanguage":"en-US"}]}},"_links":{"self":[{"href":"https:\/\/medicinasinc.com\/da\/wp-json\/wp\/v2\/product\/5332","targetHints":{"allow":["GET"]}}],"collection":[{"href":"https:\/\/medicinasinc.com\/da\/wp-json\/wp\/v2\/product"}],"about":[{"href":"https:\/\/medicinasinc.com\/da\/wp-json\/wp\/v2\/types\/product"}],"replies":[{"embeddable":true,"href":"https:\/\/medicinasinc.com\/da\/wp-json\/wp\/v2\/comments?post=5332"}],"wp:featuredmedia":[{"embeddable":true,"href":"https:\/\/medicinasinc.com\/da\/wp-json\/wp\/v2\/media\/5343"}],"wp:attachment":[{"href":"https:\/\/medicinasinc.com\/da\/wp-json\/wp\/v2\/media?parent=5332"}],"wp:term":[{"taxonomy":"product_brand","embeddable":true,"href":"https:\/\/medicinasinc.com\/da\/wp-json\/wp\/v2\/product_brand?post=5332"},{"taxonomy":"product_cat","embeddable":true,"href":"https:\/\/medicinasinc.com\/da\/wp-json\/wp\/v2\/product_cat?post=5332"},{"taxonomy":"product_tag","embeddable":true,"href":"https:\/\/medicinasinc.com\/da\/wp-json\/wp\/v2\/product_tag?post=5332"}],"curies":[{"name":"wp","href":"https:\/\/api.w.org\/{rel}","templated":true}]}}