{"id":5324,"date":"2022-02-21T20:59:08","date_gmt":"2022-02-21T20:59:08","guid":{"rendered":"https:\/\/medicinasinc.com\/da\/?post_type=product&#038;p=5324"},"modified":"2022-03-20T00:38:39","modified_gmt":"2022-03-20T00:38:39","slug":"kob-vicodin","status":"publish","type":"product","link":"https:\/\/medicinasinc.com\/da\/product\/kob-vicodin\/","title":{"rendered":"K\u00f8b Vicodin"},"content":{"rendered":"<p>Online k\u00f8b af Vicodin hydrocodon piller<\/p>\n<p>VICODIN\u00ae (Hydrocodon Bitartrate and Acetaminophen Tablets, USP 5 mg\/300 mg): En eller to tabletter hver fjerde til sjette time efter behov for smerter hos voksne. Den daglige maksimale dosis b\u00f8r ikke overstige otte piller.<\/p>\n<p>Online k\u00f8b af Vicodin hydrocodon piller<br \/> K\u00f8b Vicodin Online<\/p>\n<p>Vicodin indeholder en kombination af hydrocodon og acetaminophen. Hydrocodon er en opioid smertestillende medicin. Opioider omtales ofte som narkotika. Acetaminophen er et mindre potent analgetikum, der forst\u00e6rker virkningerne af hydrocodon. Vicodin kan k\u00f8bes online og vicodin er ogs\u00e5 tilg\u00e6ngelig til salg online. Vicodin-piller bruges til at behandle mild til moderat sv\u00e6r smerte. Vicodin kan ogs\u00e5 inkluderes til brug, der ikke er angivet i denne l\u00e6gemiddelvejledning.<\/p>\n<p>Brug<\/p>\n<p>Kombinationsmedicinen er beregnet til at behandle mild til moderat sv\u00e6r smerte. Dette giver smertelindring via morfin (hydrocodon) og non-opioid (acetaminophen). Hydrocodon \u00e6ndrer din krops opfattelse og reaktion p\u00e5 smerte i hjernen. Acetaminophen kan ogs\u00e5 hj\u00e6lpe med at reducere sv\u00e6rhedsgraden af \u200b\u200bfeber. Medicinen er ikke tilladt til b\u00f8rn under seks \u00e5r p\u00e5 grund af en \u00f8get risiko for bivirkninger (s\u00e5som langsom og overfladisk vejrtr\u00e6kning).<\/p>\n<p>Hvad er form\u00e5let med denne medicin?<\/p>\n<p>Hydrocodon kombineres med andre kemikalier, og til forskellige indikationer administreres adskillige kombinationsmedicin. Visse hydrocodon-kombinationsmedicin bruges til at behandle milde til sv\u00e6re smerter. Andre l\u00e6gemidler, der indeholder en hydrocodonkombination, bruges til at reducere hoste. Hydrocodon er et opioid (narkotisk) smertestillende middel og en familie af medicin kendt som hostestillende midler. Hydrocodon lindrer smerte ved at \u00e6ndre hjernens og nervesystemets reaktion p\u00e5 smerte. Hydrocodon lindrer hoste ved at h\u00e6mme hjerneaktivitet forbundet med hoste. Du tager hydrocodon sammen med mindst \u00e9n anden medicin, men monografien giver kun information om hydrocodon. L\u00e6s om de yderligere stoffer i den hydrocodon-medicin, du tager.<\/p>\n<p>Hvordan bruges?<\/p>\n<p>Hydrocodon-kombinationsprodukter er tilg\u00e6ngelige i f\u00f8lgende former: pille, gel, pasta, opl\u00f8sning ( klaring af v\u00e6ske), forl\u00e6nget frigivelsesgel (langtidsvirkende) og langtidsvirkende suspense (flydende) suspension til oral administration. Tabletten, kapslen, siruppen eller opl\u00f8sningen kan tages op til hver 4. til 6. time efter behov. Normalt tages depotkapsler og suspensioner med forl\u00e6nget frigivelse hver 12. time efter behov. Hvis du tager hydrocodon p\u00e5 regelm\u00e6ssig basis, skal det tages p\u00e5 samme tidspunkt hver dag. F\u00f8lg anvisningerne p\u00e5 din receptm\u00e6rke omhyggeligt og f\u00e5 afklaring fra din apoteker eller l\u00e6ge, hvis det er n\u00f8dvendigt. Ryst suspensionen med forl\u00e6nget udledning godt f\u00f8r brug for at sikre, at stoffet er j\u00e6vnt fordelt. Det anbefales ikke at kombinere depotsuspensionen med andre stoffer eller v\u00e6sker, s\u00e5som vand.<\/p>\n<p>Hvis du bruger en hydrocodonkombination, sirup eller suspension med forl\u00e6nget frigivelse, m\u00e5 du ikke bruge en tekop til husholdningsbrug. m\u00e5le din dosis. Hjemmetske er ikke pr\u00e6cise m\u00e5leinstrumenter, og tester du dine doser ved hj\u00e6lp af en husholdningsteske, risikerer du at tage for mange eller for f\u00e5 piller. Brug hellere en veldefineret m\u00e5leanordning, s\u00e5som en dr\u00e5be, skemedicin eller oral spr\u00f8jte.<\/p>\n<p>Denne kombinationsmedicin bruges til at behandle smerter, der sp\u00e6nder fra mild til sv\u00e6r. Det omfatter et opioid analgetikum (hydrocodon) samt et ikke-opioid analgetikum (acetaminophen). Hydrocodon \u00e6ndrer den m\u00e5de, din krop opfatter og reagerer p\u00e5 smerte ved at virke p\u00e5 hjernen. Acetaminophen kan ogs\u00e5 hj\u00e6lpe med at reducere feber.<\/p>\n<p>Dette produkt er ikke foresl\u00e5et til b\u00f8rn under seks \u00e5r p\u00e5 grund af en \u00f8get risiko for alvorlige bivirkninger (s\u00e5som overfladisk\/langsom vejrtr\u00e6kning).<\/p>\n<p>Er hydrocodon vicodin?, Er hydrocodon vicodin?, Er hydrocodone vicodin?, Er hydrocodone vicodin?, Er hydrocodone vicodin?, Er hydrocodone vicodin?, Er hydrocodone vicodin?, Er hydrocodon vicodin?, Er hydrocodon vicodin? er vicodin hydrocodon, er vicodin hydrocodon, er vicodin hydrocodon, er vicodin hydrocodon, er vicodin hydrocodon, er vicodin hydrocodon, er hydrocodon det samme som vicodin, hvad er forskellen mellem vicodin og hydrocodon, hvad er forskellen mellem vicodin og hydrocodon, vicodin vs hydrocodon Er vicodin og hydrocodon udskiftelige? svarer hydrocodon til vicodin eller percocet? Er vicodin st\u00e6rkere end hydrocodon? Er hydrocodon og vicodin det samme? Hvad er forskellen mellem vicodin og hydrocodon, hydrocodon og vicodin, vicodin hydrocodon, er hydrocodon det samme som vicodin, er vicodin det samme som hydrocodon, hydrocodon eller vicodin, vicodin versus hydrocodon, er hydrocodon vicodin?<\/p>\n","protected":false},"excerpt":{"rendered":"<div class=\"woocommerce-product-details__short-description\">\n<p>Hver Vicodin-tablet indeholder 300 mg Acetaminophen og tre forskellige Hydrocodon-dosisniveauer: 5 mg, 7,5 mg og 10 mg.<\/p>\n<p>Online apotek, hvor du kan k\u00f8be Vicodin hydrocodon tabletter.<\/p>\n<p>Informer din l\u00e6ge eller apotek, f\u00f8r du tager dette l\u00e6gemiddel, hvis du er allergisk over for det; eller til andre stoffer (s\u00e5som morfin, kodein); eller til enhver anden medicin.<\/p>\n<\/p><\/div>\n","protected":false},"featured_media":5335,"comment_status":"open","ping_status":"closed","template":"","meta":[],"product_brand":[],"product_cat":[1117],"product_tag":[1916,1917,1918,1919,1920,1951,1952,1922,1923,1924,1927,1928,1929,1930,1942,1943,1944,1931,1932,1933,1934,1936,1937,1938,1939,2011,2013,2012,2009,2008,2010,1935,1940,1941,1925,1926,1921,1945,1946,1947,1948,1949,1950,1778,1953,1954,1955,1956,1957,1958,1959,1960,1961,1962,1963,1964,1965,1966,1967,1968,1969,1970,1998,2000,1975,1976,1977,1978,1982,1983,1984,1985,1986,1997,1988,1987,1979,1980,1989,1971,1972,1973,1974,1990,1991,1992,1994,1995,1996,1993,1999,2006,1981,2001,2002,1787,2003,2004,2005,2007],"class_list":{"0":"post-5324","1":"product","2":"type-product","3":"status-publish","4":"has-post-thumbnail","6":"product_cat-kob-smerte-sove-sex-piller","7":"product_tag-1p466-vicodin","8":"product_tag-20-mg-vikodin","9":"product_tag-2172-pille-vicodin","10":"product_tag-5-325-vicodin","11":"product_tag-5-mg-vikodin","12":"product_tag-billeder-af-vicodin","13":"product_tag-bivirkninger-af-vicodin","14":"product_tag-buy-vicodin-from-canada","15":"product_tag-buy-vicodin-online","16":"product_tag-buy-vicodin-overnight-delivery","17":"product_tag-cwe-vicodin","18":"product_tag-darvocet-versus-vicodin","19":"product_tag-difference-between-norco-and-vicodin","20":"product_tag-effects-of-vicodin","21":"product_tag-er-hydrocodon-vicodin","22":"product_tag-er-percocet-strkere-end-vicodin","23":"product_tag-er-vicodin-en-opioid","24":"product_tag-erowid-vicodin","25":"product_tag-flexeril-og-vicodin","26":"product_tag-gabapentin-og-vicodin","27":"product_tag-generisk-navn-for-vicodin","28":"product_tag-how-long-does-vicodin-last","29":"product_tag-how-long-does-vicodin-stay-in-your-system","30":"product_tag-how-long-does-vicodin-stay-in-your-system-for-a-drug-test","31":"product_tag-how-long-does-vicodin-take-to-work","32":"product_tag-hvad-er-i-vicodin","33":"product_tag-hvad-er-forskellen-mellem-vicodin-og-percocet","34":"product_tag-hvad-er-vicodin","35":"product_tag-hvad-gr-vicodin-gr","36":"product_tag-hvordan-ser-en-vicodin-pille-lig-ud","37":"product_tag-hvordan-ligner-vicodin","38":"product_tag-hvordan-staver-du-vicodin","39":"product_tag-hydrocodon-vicodin","40":"product_tag-ip-109-pille-vicodin","41":"product_tag-kan-du-tage-advil-med-vicodin","42":"product_tag-kan-du-tage-vicodin-og-ibuprofen-sammen","43":"product_tag-kb-vicodin","44":"product_tag-naturlig-vikodin","45":"product_tag-norco-5-325-vs-vicodin","46":"product_tag-norco-vicodin","47":"product_tag-norco-vs-vicodin","48":"product_tag-oxycodon-vs-vicodin","49":"product_tag-percocet-og-vicodin","50":"product_tag-percocet-vs-vicodin","51":"product_tag-prustende-vicodin","52":"product_tag-symptomer-p-vicodin-abstinenser","53":"product_tag-tramadol-hcl-50mg-vs-vicodin","54":"product_tag-tramadol-vs-vicodin","55":"product_tag-vicodin","56":"product_tag-vicodin-10","57":"product_tag-vicodin-10-milligram","58":"product_tag-vicodin-10mg","59":"product_tag-vicodin-30-mg","60":"product_tag-vicodin-5","61":"product_tag-vicodin-5-300","62":"product_tag-vicodin-5-300-mg","63":"product_tag-vicodin-5-325-mg","64":"product_tag-vicodin-7-5","65":"product_tag-vicodin-750","66":"product_tag-vicodin-afhngighed","67":"product_tag-vicodin-alkohol","68":"product_tag-vicodin-alternativer","69":"product_tag-vicodin-bivirkninger","70":"product_tag-vicodin-anvendelser","71":"product_tag-vicodin-dosage","72":"product_tag-vicodin-dosage-5-325","73":"product_tag-vicodin-dose","74":"product_tag-vicodin-doses","75":"product_tag-vicodin-es","76":"product_tag-vicodin-for-migraines","77":"product_tag-vicodin-generic","78":"product_tag-vicodin-generic-name","79":"product_tag-vicodin-hj","80":"product_tag-vicodin-holdbarhed","81":"product_tag-vicodin-hp","82":"product_tag-vicodin-huset","83":"product_tag-vicodin-lgemiddel","84":"product_tag-vicodin-lgemidler","85":"product_tag-vicodin-mexico","86":"product_tag-vicodin-og-advil","87":"product_tag-vicodin-og-alkohol","88":"product_tag-vicodin-og-oxycontin-er-eksempler-p","89":"product_tag-vicodin-og-xanax","90":"product_tag-vicodin-online","91":"product_tag-vicodin-online-overnight","92":"product_tag-vicodin-overdosis","93":"product_tag-vicodin-pille","94":"product_tag-vicodin-piller","95":"product_tag-vicodin-schedule","96":"product_tag-vicodin-smertestillende-piller","97":"product_tag-vicodin-styrker","98":"product_tag-vicodin-tilbagetrkning","99":"product_tag-vicodin-virkninger","100":"product_tag-vicodin-vs-norco","101":"product_tag-vicodin-vs-oxycodon","102":"product_tag-vicodin-vs-percocet","103":"product_tag-vicodin-vs-kodein","104":"product_tag-vicodin-vs-tramadol","105":"product_tag-vicodin-vs-tylenol-3","106":"product_tag-vicodin-xanax","108":"first","109":"instock","110":"shipping-taxable","111":"purchasable","112":"product-type-variable","113":"has-default-attributes"},"yoast_head":"<!-- This site is optimized with the Yoast SEO plugin v27.3 - https:\/\/yoast.com\/product\/yoast-seo-wordpress\/ -->\n<title>K\u00f8b Vicodin hydrocodon piller online - Bedste globale medicin<\/title>\n<meta name=\"description\" content=\"K\u00f8b Vicodin hydrocodon piller online. Hver\u00a0Vicodin\u00a0tablet har 300\u00a0mg\u00a0Acetaminophen og kommer i tre forskellige\u00a0doseringsniveauer af\u00a0Hydrocodone: 5\u00a0mg, 7,5\u00a0mg og 10\u00a0mg.\" \/>\n<meta name=\"robots\" content=\"index, follow, max-snippet:-1, max-image-preview:large, max-video-preview:-1\" \/>\n<link rel=\"canonical\" href=\"https:\/\/medicinasinc.com\/da\/product\/kob-vicodin\/\" \/>\n<meta property=\"og:locale\" content=\"en_US\" \/>\n<meta property=\"og:type\" content=\"article\" \/>\n<meta property=\"og:title\" content=\"K\u00f8b Vicodin hydrocodon piller online - Bedste globale medicin\" \/>\n<meta property=\"og:description\" content=\"K\u00f8b Vicodin hydrocodon piller online. Hver\u00a0Vicodin\u00a0tablet har 300\u00a0mg\u00a0Acetaminophen og kommer i tre forskellige\u00a0doseringsniveauer af\u00a0Hydrocodone: 5\u00a0mg, 7,5\u00a0mg og 10\u00a0mg.\" \/>\n<meta property=\"og:url\" content=\"https:\/\/medicinasinc.com\/da\/product\/kob-vicodin\/\" \/>\n<meta property=\"og:site_name\" content=\"Medicinas Inc\" \/>\n<meta property=\"article:modified_time\" content=\"2022-03-20T00:38:39+00:00\" \/>\n<meta property=\"og:image\" content=\"https:\/\/medicinasinc.com\/da\/wp-content\/uploads\/sites\/8\/2022\/02\/Buy-Vicodin.jpg\" \/>\n\t<meta property=\"og:image:width\" content=\"428\" \/>\n\t<meta property=\"og:image:height\" content=\"293\" \/>\n\t<meta property=\"og:image:type\" content=\"image\/jpeg\" \/>\n<meta name=\"twitter:card\" content=\"summary_large_image\" \/>\n<meta name=\"twitter:label1\" content=\"Est. reading time\" \/>\n\t<meta name=\"twitter:data1\" content=\"4 minutes\" \/>\n<script type=\"application\/ld+json\" class=\"yoast-schema-graph\">{\"@context\":\"https:\\\/\\\/schema.org\",\"@graph\":[{\"@type\":\"WebPage\",\"@id\":\"https:\\\/\\\/medicinasinc.com\\\/da\\\/product\\\/kob-vicodin\\\/\",\"url\":\"https:\\\/\\\/medicinasinc.com\\\/da\\\/product\\\/kob-vicodin\\\/\",\"name\":\"K\u00f8b Vicodin hydrocodon piller online - Bedste globale medicin\",\"isPartOf\":{\"@id\":\"https:\\\/\\\/medicinasinc.com\\\/da\\\/#website\"},\"primaryImageOfPage\":{\"@id\":\"https:\\\/\\\/medicinasinc.com\\\/da\\\/product\\\/kob-vicodin\\\/#primaryimage\"},\"image\":{\"@id\":\"https:\\\/\\\/medicinasinc.com\\\/da\\\/product\\\/kob-vicodin\\\/#primaryimage\"},\"thumbnailUrl\":\"https:\\\/\\\/medicinasinc.com\\\/da\\\/wp-content\\\/uploads\\\/sites\\\/8\\\/2022\\\/02\\\/Buy-Vicodin.jpg\",\"datePublished\":\"2022-02-21T20:59:08+00:00\",\"dateModified\":\"2022-03-20T00:38:39+00:00\",\"description\":\"K\u00f8b Vicodin hydrocodon piller online. Hver\u00a0Vicodin\u00a0tablet har 300\u00a0mg\u00a0Acetaminophen og kommer i tre forskellige\u00a0doseringsniveauer af\u00a0Hydrocodone: 5\u00a0mg, 7,5\u00a0mg og 10\u00a0mg.\",\"breadcrumb\":{\"@id\":\"https:\\\/\\\/medicinasinc.com\\\/da\\\/product\\\/kob-vicodin\\\/#breadcrumb\"},\"inLanguage\":\"en-US\",\"potentialAction\":[{\"@type\":\"ReadAction\",\"target\":[\"https:\\\/\\\/medicinasinc.com\\\/da\\\/product\\\/kob-vicodin\\\/\"]}]},{\"@type\":\"ImageObject\",\"inLanguage\":\"en-US\",\"@id\":\"https:\\\/\\\/medicinasinc.com\\\/da\\\/product\\\/kob-vicodin\\\/#primaryimage\",\"url\":\"https:\\\/\\\/medicinasinc.com\\\/da\\\/wp-content\\\/uploads\\\/sites\\\/8\\\/2022\\\/02\\\/Buy-Vicodin.jpg\",\"contentUrl\":\"https:\\\/\\\/medicinasinc.com\\\/da\\\/wp-content\\\/uploads\\\/sites\\\/8\\\/2022\\\/02\\\/Buy-Vicodin.jpg\",\"width\":428,\"height\":293},{\"@type\":\"BreadcrumbList\",\"@id\":\"https:\\\/\\\/medicinasinc.com\\\/da\\\/product\\\/kob-vicodin\\\/#breadcrumb\",\"itemListElement\":[{\"@type\":\"ListItem\",\"position\":1,\"name\":\"Butik\",\"item\":\"https:\\\/\\\/medicinasinc.com\\\/da\\\/butik\\\/\"},{\"@type\":\"ListItem\",\"position\":2,\"name\":\"K\u00f8b Vicodin\"}]},{\"@type\":\"WebSite\",\"@id\":\"https:\\\/\\\/medicinasinc.com\\\/da\\\/#website\",\"url\":\"https:\\\/\\\/medicinasinc.com\\\/da\\\/\",\"name\":\"Medicinas Inc\",\"description\":\"Health Medical Clinic\",\"potentialAction\":[{\"@type\":\"SearchAction\",\"target\":{\"@type\":\"EntryPoint\",\"urlTemplate\":\"https:\\\/\\\/medicinasinc.com\\\/da\\\/?s={search_term_string}\"},\"query-input\":{\"@type\":\"PropertyValueSpecification\",\"valueRequired\":true,\"valueName\":\"search_term_string\"}}],\"inLanguage\":\"en-US\"}]}<\/script>\n<!-- \/ Yoast SEO plugin. -->","yoast_head_json":{"title":"K\u00f8b Vicodin hydrocodon piller online - Bedste globale medicin","description":"K\u00f8b Vicodin hydrocodon piller online. Hver\u00a0Vicodin\u00a0tablet har 300\u00a0mg\u00a0Acetaminophen og kommer i tre forskellige\u00a0doseringsniveauer af\u00a0Hydrocodone: 5\u00a0mg, 7,5\u00a0mg og 10\u00a0mg.","robots":{"index":"index","follow":"follow","max-snippet":"max-snippet:-1","max-image-preview":"max-image-preview:large","max-video-preview":"max-video-preview:-1"},"canonical":"https:\/\/medicinasinc.com\/da\/product\/kob-vicodin\/","og_locale":"en_US","og_type":"article","og_title":"K\u00f8b Vicodin hydrocodon piller online - Bedste globale medicin","og_description":"K\u00f8b Vicodin hydrocodon piller online. Hver\u00a0Vicodin\u00a0tablet har 300\u00a0mg\u00a0Acetaminophen og kommer i tre forskellige\u00a0doseringsniveauer af\u00a0Hydrocodone: 5\u00a0mg, 7,5\u00a0mg og 10\u00a0mg.","og_url":"https:\/\/medicinasinc.com\/da\/product\/kob-vicodin\/","og_site_name":"Medicinas Inc","article_modified_time":"2022-03-20T00:38:39+00:00","og_image":[{"width":428,"height":293,"url":"https:\/\/medicinasinc.com\/da\/wp-content\/uploads\/sites\/8\/2022\/02\/Buy-Vicodin.jpg","type":"image\/jpeg"}],"twitter_card":"summary_large_image","twitter_misc":{"Est. reading time":"4 minutes"},"schema":{"@context":"https:\/\/schema.org","@graph":[{"@type":"WebPage","@id":"https:\/\/medicinasinc.com\/da\/product\/kob-vicodin\/","url":"https:\/\/medicinasinc.com\/da\/product\/kob-vicodin\/","name":"K\u00f8b Vicodin hydrocodon piller online - Bedste globale medicin","isPartOf":{"@id":"https:\/\/medicinasinc.com\/da\/#website"},"primaryImageOfPage":{"@id":"https:\/\/medicinasinc.com\/da\/product\/kob-vicodin\/#primaryimage"},"image":{"@id":"https:\/\/medicinasinc.com\/da\/product\/kob-vicodin\/#primaryimage"},"thumbnailUrl":"https:\/\/medicinasinc.com\/da\/wp-content\/uploads\/sites\/8\/2022\/02\/Buy-Vicodin.jpg","datePublished":"2022-02-21T20:59:08+00:00","dateModified":"2022-03-20T00:38:39+00:00","description":"K\u00f8b Vicodin hydrocodon piller online. Hver\u00a0Vicodin\u00a0tablet har 300\u00a0mg\u00a0Acetaminophen og kommer i tre forskellige\u00a0doseringsniveauer af\u00a0Hydrocodone: 5\u00a0mg, 7,5\u00a0mg og 10\u00a0mg.","breadcrumb":{"@id":"https:\/\/medicinasinc.com\/da\/product\/kob-vicodin\/#breadcrumb"},"inLanguage":"en-US","potentialAction":[{"@type":"ReadAction","target":["https:\/\/medicinasinc.com\/da\/product\/kob-vicodin\/"]}]},{"@type":"ImageObject","inLanguage":"en-US","@id":"https:\/\/medicinasinc.com\/da\/product\/kob-vicodin\/#primaryimage","url":"https:\/\/medicinasinc.com\/da\/wp-content\/uploads\/sites\/8\/2022\/02\/Buy-Vicodin.jpg","contentUrl":"https:\/\/medicinasinc.com\/da\/wp-content\/uploads\/sites\/8\/2022\/02\/Buy-Vicodin.jpg","width":428,"height":293},{"@type":"BreadcrumbList","@id":"https:\/\/medicinasinc.com\/da\/product\/kob-vicodin\/#breadcrumb","itemListElement":[{"@type":"ListItem","position":1,"name":"Butik","item":"https:\/\/medicinasinc.com\/da\/butik\/"},{"@type":"ListItem","position":2,"name":"K\u00f8b Vicodin"}]},{"@type":"WebSite","@id":"https:\/\/medicinasinc.com\/da\/#website","url":"https:\/\/medicinasinc.com\/da\/","name":"Medicinas Inc","description":"Health Medical Clinic","potentialAction":[{"@type":"SearchAction","target":{"@type":"EntryPoint","urlTemplate":"https:\/\/medicinasinc.com\/da\/?s={search_term_string}"},"query-input":{"@type":"PropertyValueSpecification","valueRequired":true,"valueName":"search_term_string"}}],"inLanguage":"en-US"}]}},"_links":{"self":[{"href":"https:\/\/medicinasinc.com\/da\/wp-json\/wp\/v2\/product\/5324","targetHints":{"allow":["GET"]}}],"collection":[{"href":"https:\/\/medicinasinc.com\/da\/wp-json\/wp\/v2\/product"}],"about":[{"href":"https:\/\/medicinasinc.com\/da\/wp-json\/wp\/v2\/types\/product"}],"replies":[{"embeddable":true,"href":"https:\/\/medicinasinc.com\/da\/wp-json\/wp\/v2\/comments?post=5324"}],"wp:featuredmedia":[{"embeddable":true,"href":"https:\/\/medicinasinc.com\/da\/wp-json\/wp\/v2\/media\/5335"}],"wp:attachment":[{"href":"https:\/\/medicinasinc.com\/da\/wp-json\/wp\/v2\/media?parent=5324"}],"wp:term":[{"taxonomy":"product_brand","embeddable":true,"href":"https:\/\/medicinasinc.com\/da\/wp-json\/wp\/v2\/product_brand?post=5324"},{"taxonomy":"product_cat","embeddable":true,"href":"https:\/\/medicinasinc.com\/da\/wp-json\/wp\/v2\/product_cat?post=5324"},{"taxonomy":"product_tag","embeddable":true,"href":"https:\/\/medicinasinc.com\/da\/wp-json\/wp\/v2\/product_tag?post=5324"}],"curies":[{"name":"wp","href":"https:\/\/api.w.org\/{rel}","templated":true}]}}