{"id":5323,"date":"2022-02-21T20:57:56","date_gmt":"2022-02-21T20:57:56","guid":{"rendered":"https:\/\/medicinasinc.com\/da\/?post_type=product&#038;p=5323"},"modified":"2022-03-20T00:38:47","modified_gmt":"2022-03-20T00:38:47","slug":"kob-ultram-tramadol-200-mg","status":"publish","type":"product","link":"https:\/\/medicinasinc.com\/da\/product\/kob-ultram-tramadol-200-mg\/","title":{"rendered":"K\u00f8b Ultram Tramadol 200 mg"},"content":{"rendered":"<p>200mg tramadol<\/p>\n<p>Tramadol er et helt unikt muskelafslappende middel med en mild mu-opioid effekt (i forhold til andre opioider) og en mild monoaminerg effekt (i sammenligning med tricykliske antidepressiva). Tramadol har en tolerabel bivirkningsprofil sammenlignet med tricykliske antidepressiva og antiepileptiske l\u00e6gemidler.<\/p>\n<p>Tolerance og afh\u00e6ngighed er ualmindelige medicinske konsekvenser, selvom de findes. Tramadols aktivitet er ikke begr\u00e6nset til neuropati; det mindsker ogs\u00e5 ubehagelige (nociceptive) fornemmelser, hvilket g\u00f8r det til en af \u200b\u200bde fire typer smerte.<\/p>\n<p>Beskrivelse:<\/p>\n<p>Tramadol er ikke for sarte sj\u00e6le, da det er en potent psykoaktiv stof. Den smertestillende effekt tager 15-30 minutter at tr\u00e6de i kraft og varer i 6 timer. Det kan ogs\u00e5 bruges sammen med paracetamol. Tramadol er et beroligende middel.<\/p>\n<p>Tramadol, som en ekstremt potent medicin, skal tages n\u00f8jagtigt som foreskrevet. L\u00e6gen er i sidste ende ansvarlig for at bestemme behandlingens varighed. Ulovlig stofbrug kan have alvorlige, endda d\u00f8delige, konsekvenser. Mens du er p\u00e5 Tramadol-terapi, b\u00f8r du undg\u00e5 at k\u00f8re bil eller andre opgaver, der kr\u00e6ver en h\u00f8j grad af koncentration.<\/p>\n<p>P\u00e5 grund af det faktum, at tramadol er en opioidagonist, har det potentiale til at skabe b\u00e5de mentale og fysiske afh\u00e6ngighed. Den internationale konvention klassificerer dette kemikalie som et narkotikum. Som f\u00f8lge heraf er det kun tilg\u00e6ngeligt p\u00e5 recept fra en l\u00e6ge. Ikke-opioid smertestillende medicin ordineres kun, n\u00e5r ikke-opioid medicin er ineffektiv.<\/p>\n<p>Medikamenter:<\/p>\n<p>Tag tramadol gennem munden, som din l\u00e6ge ordinerer, ofte hver 4. til 6. time efter behov. Tramadol er sikkert at tage med eller uden mad. Hvis du oplever kvalme, kan tramadol taget sammen med mad hj\u00e6lpe. Yderligere kvalmestillende foranstaltninger kan tages op med din l\u00e6ge eller apotek (s\u00e5som at ligge ned i 1 til 2 timer med s\u00e5 lidt hovedbev\u00e6gelse som muligt). Vores hjemmeside giver dig mulighed for at k\u00f8be tramadol 200mg online.<\/p>\n<p>Dosis er baseret p\u00e5 din medicinske tilstand og reaktion p\u00e5 behandlingen. For at minimere risikoen for u\u00f8nskede virkninger kan din l\u00e6ge foresl\u00e5 dig at begynde med en lav dosis tramadol og gradvist \u00f8ge den. Overhold i henhold til din l\u00e6ges r\u00e5d. Den h\u00f8jeste anbefalede daglige dosis er 400 mg. Den anbefalede maksimale dosis for personer over 75 \u00e5r er 300 mg dagligt. For\u00f8g ikke din tramadol-dosis, brug den ikke oftere eller i l\u00e6ngere tid end foreskrevet. N\u00e5r tramadol er ordineret, b\u00f8r det seponeres med det samme.<\/p>\n<p>Det anbefales, at billig tramadol online bruges ekstremt forsigtigt hos<\/p>\n<p>Personer, der er opioidafh\u00e6ngige; dem, der har p\u00e5draget sig en hjerneskade, chok eller et nedsat bevidsthedsniveau af en ukendt \u00e5rsag; og<\/p>\n<p>Yderligere til \u00e5ndedr\u00e6tscenter eller \u00e5ndedr\u00e6tsfunktionsforstyrrelser,<\/p>\n<p>en tilsvarende stigning i intrakranielt tryk (ICP).<br \/> funktionsfejl i nyre- og leversystemet<\/p>\n<p>Tramadolhydrochlorid b\u00f8r tages med forsigtighed hos personer, der er opiatf\u00f8lsomme.<\/p>\n","protected":false},"excerpt":{"rendered":"<p>Online apotek for at k\u00f8be Ultram Tramadol 200mg tabletter<\/p>\n<p>Tramadol Ultram K\u00f8b online.<\/p>\n<p>Bestil Tramadol Torsk natten over. Billig levering af Tramadol natten over<\/p>\n<p>L\u00e6r hvor du kan bestille Tramadol online uden recept til den billigste pris. &#8230; Tabletter tilg\u00e6ngelige i f\u00f8lgende styrker: 50 mg, 100 mg, 150 mg og 200 mg.<\/p>\n<div class=\"product-next-previous\">\n<div class=\"product-prev\"><\/div>\n<\/p><\/div>\n","protected":false},"featured_media":5333,"comment_status":"open","ping_status":"closed","template":"","meta":[],"product_brand":[],"product_cat":[1117],"product_tag":[1907,1908,1909,1905,1906,1904,1913,1911,1912,1910,1915,1914],"class_list":{"0":"post-5323","1":"product","2":"type-product","3":"status-publish","4":"has-post-thumbnail","6":"product_cat-kob-smerte-sove-sex-piller","7":"product_tag-billig-tramadol-uden-recept","8":"product_tag-billig-ultram-uden-recept","9":"product_tag-generic-ultram-er","10":"product_tag-kb-tramadol-online-billigt","11":"product_tag-kb-tramadol-online-overnight","12":"product_tag-kb-tramadol-i-florida","13":"product_tag-tramadol-bivirkninger-hunde","14":"product_tag-tramadol-hcl-50mg-brugt","15":"product_tag-tramadol-hydrochlorid-paracetamol","16":"product_tag-nat-tramadol","17":"product_tag-ultram-er-200","18":"product_tag-ultram-lgemiddel-interaktioner","20":"first","21":"instock","22":"shipping-taxable","23":"purchasable","24":"product-type-variable","25":"has-default-attributes"},"yoast_head":"<!-- This site is optimized with the Yoast SEO plugin v27.3 - https:\/\/yoast.com\/product\/yoast-seo-wordpress\/ -->\n<title>K\u00f8b Ultram Tramadol 200 mg piller online - Bedste globale medicin<\/title>\n<meta name=\"description\" content=\"K\u00f8b Tramadol Ultram 200 mg\u00a0online. Bestil Tramadol\u00a0Overnight Cod. Detaljer:\u00a0Billig Tramadol\u00a0Online levering natten over\" \/>\n<meta name=\"robots\" content=\"index, follow, max-snippet:-1, max-image-preview:large, max-video-preview:-1\" \/>\n<link rel=\"canonical\" href=\"https:\/\/medicinasinc.com\/da\/product\/kob-ultram-tramadol-200-mg\/\" \/>\n<meta property=\"og:locale\" content=\"en_US\" \/>\n<meta property=\"og:type\" content=\"article\" \/>\n<meta property=\"og:title\" content=\"K\u00f8b Ultram Tramadol 200 mg piller online - Bedste globale medicin\" \/>\n<meta property=\"og:description\" content=\"K\u00f8b Tramadol Ultram 200 mg\u00a0online. Bestil Tramadol\u00a0Overnight Cod. Detaljer:\u00a0Billig Tramadol\u00a0Online levering natten over\" \/>\n<meta property=\"og:url\" content=\"https:\/\/medicinasinc.com\/da\/product\/kob-ultram-tramadol-200-mg\/\" \/>\n<meta property=\"og:site_name\" content=\"Medicinas Inc\" \/>\n<meta property=\"article:modified_time\" content=\"2022-03-20T00:38:47+00:00\" \/>\n<meta property=\"og:image\" content=\"https:\/\/medicinasinc.com\/da\/wp-content\/uploads\/sites\/8\/2022\/02\/Buy-Ultram-Tramadol-200mg.jpg\" \/>\n\t<meta property=\"og:image:width\" content=\"300\" \/>\n\t<meta property=\"og:image:height\" content=\"225\" \/>\n\t<meta property=\"og:image:type\" content=\"image\/jpeg\" \/>\n<meta name=\"twitter:card\" content=\"summary_large_image\" \/>\n<meta name=\"twitter:label1\" content=\"Est. reading time\" \/>\n\t<meta name=\"twitter:data1\" content=\"2 minutes\" \/>\n<script type=\"application\/ld+json\" class=\"yoast-schema-graph\">{\"@context\":\"https:\\\/\\\/schema.org\",\"@graph\":[{\"@type\":\"WebPage\",\"@id\":\"https:\\\/\\\/medicinasinc.com\\\/da\\\/product\\\/kob-ultram-tramadol-200-mg\\\/\",\"url\":\"https:\\\/\\\/medicinasinc.com\\\/da\\\/product\\\/kob-ultram-tramadol-200-mg\\\/\",\"name\":\"K\u00f8b Ultram Tramadol 200 mg piller online - Bedste globale medicin\",\"isPartOf\":{\"@id\":\"https:\\\/\\\/medicinasinc.com\\\/da\\\/#website\"},\"primaryImageOfPage\":{\"@id\":\"https:\\\/\\\/medicinasinc.com\\\/da\\\/product\\\/kob-ultram-tramadol-200-mg\\\/#primaryimage\"},\"image\":{\"@id\":\"https:\\\/\\\/medicinasinc.com\\\/da\\\/product\\\/kob-ultram-tramadol-200-mg\\\/#primaryimage\"},\"thumbnailUrl\":\"https:\\\/\\\/medicinasinc.com\\\/da\\\/wp-content\\\/uploads\\\/sites\\\/8\\\/2022\\\/02\\\/Buy-Ultram-Tramadol-200mg.jpg\",\"datePublished\":\"2022-02-21T20:57:56+00:00\",\"dateModified\":\"2022-03-20T00:38:47+00:00\",\"description\":\"K\u00f8b Tramadol Ultram 200 mg\u00a0online. Bestil Tramadol\u00a0Overnight Cod. Detaljer:\u00a0Billig Tramadol\u00a0Online levering natten over\",\"breadcrumb\":{\"@id\":\"https:\\\/\\\/medicinasinc.com\\\/da\\\/product\\\/kob-ultram-tramadol-200-mg\\\/#breadcrumb\"},\"inLanguage\":\"en-US\",\"potentialAction\":[{\"@type\":\"ReadAction\",\"target\":[\"https:\\\/\\\/medicinasinc.com\\\/da\\\/product\\\/kob-ultram-tramadol-200-mg\\\/\"]}]},{\"@type\":\"ImageObject\",\"inLanguage\":\"en-US\",\"@id\":\"https:\\\/\\\/medicinasinc.com\\\/da\\\/product\\\/kob-ultram-tramadol-200-mg\\\/#primaryimage\",\"url\":\"https:\\\/\\\/medicinasinc.com\\\/da\\\/wp-content\\\/uploads\\\/sites\\\/8\\\/2022\\\/02\\\/Buy-Ultram-Tramadol-200mg.jpg\",\"contentUrl\":\"https:\\\/\\\/medicinasinc.com\\\/da\\\/wp-content\\\/uploads\\\/sites\\\/8\\\/2022\\\/02\\\/Buy-Ultram-Tramadol-200mg.jpg\",\"width\":300,\"height\":225},{\"@type\":\"BreadcrumbList\",\"@id\":\"https:\\\/\\\/medicinasinc.com\\\/da\\\/product\\\/kob-ultram-tramadol-200-mg\\\/#breadcrumb\",\"itemListElement\":[{\"@type\":\"ListItem\",\"position\":1,\"name\":\"Butik\",\"item\":\"https:\\\/\\\/medicinasinc.com\\\/da\\\/butik\\\/\"},{\"@type\":\"ListItem\",\"position\":2,\"name\":\"K\u00f8b Ultram Tramadol 200 mg\"}]},{\"@type\":\"WebSite\",\"@id\":\"https:\\\/\\\/medicinasinc.com\\\/da\\\/#website\",\"url\":\"https:\\\/\\\/medicinasinc.com\\\/da\\\/\",\"name\":\"Medicinas Inc\",\"description\":\"Health Medical Clinic\",\"potentialAction\":[{\"@type\":\"SearchAction\",\"target\":{\"@type\":\"EntryPoint\",\"urlTemplate\":\"https:\\\/\\\/medicinasinc.com\\\/da\\\/?s={search_term_string}\"},\"query-input\":{\"@type\":\"PropertyValueSpecification\",\"valueRequired\":true,\"valueName\":\"search_term_string\"}}],\"inLanguage\":\"en-US\"}]}<\/script>\n<!-- \/ Yoast SEO plugin. -->","yoast_head_json":{"title":"K\u00f8b Ultram Tramadol 200 mg piller online - Bedste globale medicin","description":"K\u00f8b Tramadol Ultram 200 mg\u00a0online. Bestil Tramadol\u00a0Overnight Cod. Detaljer:\u00a0Billig Tramadol\u00a0Online levering natten over","robots":{"index":"index","follow":"follow","max-snippet":"max-snippet:-1","max-image-preview":"max-image-preview:large","max-video-preview":"max-video-preview:-1"},"canonical":"https:\/\/medicinasinc.com\/da\/product\/kob-ultram-tramadol-200-mg\/","og_locale":"en_US","og_type":"article","og_title":"K\u00f8b Ultram Tramadol 200 mg piller online - Bedste globale medicin","og_description":"K\u00f8b Tramadol Ultram 200 mg\u00a0online. Bestil Tramadol\u00a0Overnight Cod. Detaljer:\u00a0Billig Tramadol\u00a0Online levering natten over","og_url":"https:\/\/medicinasinc.com\/da\/product\/kob-ultram-tramadol-200-mg\/","og_site_name":"Medicinas Inc","article_modified_time":"2022-03-20T00:38:47+00:00","og_image":[{"width":300,"height":225,"url":"https:\/\/medicinasinc.com\/da\/wp-content\/uploads\/sites\/8\/2022\/02\/Buy-Ultram-Tramadol-200mg.jpg","type":"image\/jpeg"}],"twitter_card":"summary_large_image","twitter_misc":{"Est. reading time":"2 minutes"},"schema":{"@context":"https:\/\/schema.org","@graph":[{"@type":"WebPage","@id":"https:\/\/medicinasinc.com\/da\/product\/kob-ultram-tramadol-200-mg\/","url":"https:\/\/medicinasinc.com\/da\/product\/kob-ultram-tramadol-200-mg\/","name":"K\u00f8b Ultram Tramadol 200 mg piller online - Bedste globale medicin","isPartOf":{"@id":"https:\/\/medicinasinc.com\/da\/#website"},"primaryImageOfPage":{"@id":"https:\/\/medicinasinc.com\/da\/product\/kob-ultram-tramadol-200-mg\/#primaryimage"},"image":{"@id":"https:\/\/medicinasinc.com\/da\/product\/kob-ultram-tramadol-200-mg\/#primaryimage"},"thumbnailUrl":"https:\/\/medicinasinc.com\/da\/wp-content\/uploads\/sites\/8\/2022\/02\/Buy-Ultram-Tramadol-200mg.jpg","datePublished":"2022-02-21T20:57:56+00:00","dateModified":"2022-03-20T00:38:47+00:00","description":"K\u00f8b Tramadol Ultram 200 mg\u00a0online. Bestil Tramadol\u00a0Overnight Cod. Detaljer:\u00a0Billig Tramadol\u00a0Online levering natten over","breadcrumb":{"@id":"https:\/\/medicinasinc.com\/da\/product\/kob-ultram-tramadol-200-mg\/#breadcrumb"},"inLanguage":"en-US","potentialAction":[{"@type":"ReadAction","target":["https:\/\/medicinasinc.com\/da\/product\/kob-ultram-tramadol-200-mg\/"]}]},{"@type":"ImageObject","inLanguage":"en-US","@id":"https:\/\/medicinasinc.com\/da\/product\/kob-ultram-tramadol-200-mg\/#primaryimage","url":"https:\/\/medicinasinc.com\/da\/wp-content\/uploads\/sites\/8\/2022\/02\/Buy-Ultram-Tramadol-200mg.jpg","contentUrl":"https:\/\/medicinasinc.com\/da\/wp-content\/uploads\/sites\/8\/2022\/02\/Buy-Ultram-Tramadol-200mg.jpg","width":300,"height":225},{"@type":"BreadcrumbList","@id":"https:\/\/medicinasinc.com\/da\/product\/kob-ultram-tramadol-200-mg\/#breadcrumb","itemListElement":[{"@type":"ListItem","position":1,"name":"Butik","item":"https:\/\/medicinasinc.com\/da\/butik\/"},{"@type":"ListItem","position":2,"name":"K\u00f8b Ultram Tramadol 200 mg"}]},{"@type":"WebSite","@id":"https:\/\/medicinasinc.com\/da\/#website","url":"https:\/\/medicinasinc.com\/da\/","name":"Medicinas Inc","description":"Health Medical Clinic","potentialAction":[{"@type":"SearchAction","target":{"@type":"EntryPoint","urlTemplate":"https:\/\/medicinasinc.com\/da\/?s={search_term_string}"},"query-input":{"@type":"PropertyValueSpecification","valueRequired":true,"valueName":"search_term_string"}}],"inLanguage":"en-US"}]}},"_links":{"self":[{"href":"https:\/\/medicinasinc.com\/da\/wp-json\/wp\/v2\/product\/5323","targetHints":{"allow":["GET"]}}],"collection":[{"href":"https:\/\/medicinasinc.com\/da\/wp-json\/wp\/v2\/product"}],"about":[{"href":"https:\/\/medicinasinc.com\/da\/wp-json\/wp\/v2\/types\/product"}],"replies":[{"embeddable":true,"href":"https:\/\/medicinasinc.com\/da\/wp-json\/wp\/v2\/comments?post=5323"}],"wp:featuredmedia":[{"embeddable":true,"href":"https:\/\/medicinasinc.com\/da\/wp-json\/wp\/v2\/media\/5333"}],"wp:attachment":[{"href":"https:\/\/medicinasinc.com\/da\/wp-json\/wp\/v2\/media?parent=5323"}],"wp:term":[{"taxonomy":"product_brand","embeddable":true,"href":"https:\/\/medicinasinc.com\/da\/wp-json\/wp\/v2\/product_brand?post=5323"},{"taxonomy":"product_cat","embeddable":true,"href":"https:\/\/medicinasinc.com\/da\/wp-json\/wp\/v2\/product_cat?post=5323"},{"taxonomy":"product_tag","embeddable":true,"href":"https:\/\/medicinasinc.com\/da\/wp-json\/wp\/v2\/product_tag?post=5323"}],"curies":[{"name":"wp","href":"https:\/\/api.w.org\/{rel}","templated":true}]}}