{"id":5322,"date":"2022-02-21T20:57:13","date_gmt":"2022-02-21T20:57:13","guid":{"rendered":"https:\/\/medicinasinc.com\/da\/?post_type=product&#038;p=5322"},"modified":"2022-03-20T00:38:58","modified_gmt":"2022-03-20T00:38:58","slug":"tramadol-100mg","status":"publish","type":"product","link":"https:\/\/medicinasinc.com\/da\/product\/tramadol-100mg\/","title":{"rendered":"Tramadol 100mg"},"content":{"rendered":"<p>Tramadol 100mg mod sv\u00e6re smerter<\/p>\n<p>Visse skader kr\u00e6ver \u00e5revis at hele, i hvilket tidsrum ofret skal udholde ubehag. Smerten forbundet med skaden kan variere fra mild til sv\u00e6r, afh\u00e6ngigt af s\u00e5rets dybde og st\u00f8rrelse. Skudsmerten kan dog af og til forstyrre den enkeltes faste rutine. I s\u00e5danne tilf\u00e6lde bliver folk n\u00f8dt til at udt\u00e6nke et middel til at overleve. De kan opn\u00e5 den tilsigtede overlevelse ved at lindre en del af smerten. De kan k\u00f8be tramadol 100mg online fra en r\u00e6kke forskellige kilder for at f\u00e5 \u00f8jeblikkelig smertelindring.<\/p>\n<p>Tramadol 100mg er effektiv<\/p>\n<p>K\u00f8b Tramadol 100mg online for at hj\u00e6lpe med at lindre smerter og give dem mulighed for at forts\u00e6tte med deres rutine. Tramadol virker dog anderledes end den anden medicin. Tablettens prim\u00e6re funktion er at lindre smerter, ikke at helbrede skaden. Tabletterne har en effekt p\u00e5 hjernens smertenerver. Det bed\u00f8ver venerne og forhindrer dem i at opleve smerte. Som et resultat vil f\u00f8lelsesl\u00f8sheden hj\u00e6lpe dem med at overleve dagen uden at forstyrre deres normale rutine.<\/p>\n<p>Alvorlige bivirkninger<\/p>\n<p>Smertebed\u00f8velse opst\u00e5r i hjernen, og tabletterne \u00e6ndrer m\u00e5den. hjernens funktioner, hvilket resulterer i en r\u00e6kke vanskeligheder. Alvorlige bivirkninger omfatter f\u00f8lelsesl\u00f8shed i hjernen, forbig\u00e5ende hukommelsestab og andre lidelser af denne art. Svimmelhed og andre vanskeligheder vil v\u00e6re en almindelig begivenhed. Som f\u00f8lge heraf skal den enkeltes dosis af tabletterne justeres for at undg\u00e5 alvorlige bivirkninger.<\/p>\n<p>Den anbefalede daglige dosis af tabletten er mellem 50 og 300 mg, og den b\u00f8r kun bruges. En gang om dagen. Du kan f\u00e5 tramadol online fra en r\u00e6kke forskellige websteder, men indtagelse b\u00f8r v\u00e6re baseret p\u00e5 en l\u00e6ges anbefaling. L\u00e6gens r\u00e5d vil v\u00e6re afg\u00f8rende for at forhindre u\u00f8nskede konsekvenser.<\/p>\n","protected":false},"excerpt":{"rendered":"<div class=\"woocommerce-product-details__short-description\">\n<p>Tramadol SR 100 mg piller kan k\u00f8bes online. K\u00f8b Tramadol online Tramal SR 100mg uden recept til en pris, der er 80 % mindre, end hvad du ville betale p\u00e5 et amerikansk apotek.<\/p>\n<\/p><\/div>\n","protected":false},"featured_media":5331,"comment_status":"open","ping_status":"closed","template":"","meta":[],"product_brand":[],"product_cat":[1117],"product_tag":[],"class_list":{"0":"post-5322","1":"product","2":"type-product","3":"status-publish","4":"has-post-thumbnail","6":"product_cat-kob-smerte-sove-sex-piller","8":"first","9":"instock","10":"shipping-taxable","11":"purchasable","12":"product-type-variable","13":"has-default-attributes"},"yoast_head":"<!-- This site is optimized with the Yoast SEO plugin v27.3 - https:\/\/yoast.com\/product\/yoast-seo-wordpress\/ -->\n<title>K\u00f8b Tramal SR 100mg piller online - Bedste bedste globale medicin<\/title>\n<meta name=\"description\" content=\"K\u00f8b Tramal SR 100mg piller online. K\u00f8b Tramadol Online Tramal SR 100mg uden recept til 80 % lavere pris end amerikanske apoteker.\" \/>\n<meta name=\"robots\" content=\"index, follow, max-snippet:-1, max-image-preview:large, max-video-preview:-1\" \/>\n<link rel=\"canonical\" href=\"https:\/\/medicinasinc.com\/da\/product\/tramadol-100mg\/\" \/>\n<meta property=\"og:locale\" content=\"en_US\" \/>\n<meta property=\"og:type\" content=\"article\" \/>\n<meta property=\"og:title\" content=\"K\u00f8b Tramal SR 100mg piller online - Bedste bedste globale medicin\" \/>\n<meta property=\"og:description\" content=\"K\u00f8b Tramal SR 100mg piller online. K\u00f8b Tramadol Online Tramal SR 100mg uden recept til 80 % lavere pris end amerikanske apoteker.\" \/>\n<meta property=\"og:url\" content=\"https:\/\/medicinasinc.com\/da\/product\/tramadol-100mg\/\" \/>\n<meta property=\"og:site_name\" content=\"Medicinas Inc\" \/>\n<meta property=\"article:modified_time\" content=\"2022-03-20T00:38:58+00:00\" \/>\n<meta property=\"og:image\" content=\"https:\/\/medicinasinc.com\/da\/wp-content\/uploads\/sites\/8\/2022\/02\/Tramadol-100mg-1.jpg\" \/>\n\t<meta property=\"og:image:width\" content=\"600\" \/>\n\t<meta property=\"og:image:height\" content=\"358\" \/>\n\t<meta property=\"og:image:type\" content=\"image\/jpeg\" \/>\n<meta name=\"twitter:card\" content=\"summary_large_image\" \/>\n<meta name=\"twitter:label1\" content=\"Est. reading time\" \/>\n\t<meta name=\"twitter:data1\" content=\"2 minutes\" \/>\n<script type=\"application\/ld+json\" class=\"yoast-schema-graph\">{\"@context\":\"https:\\\/\\\/schema.org\",\"@graph\":[{\"@type\":\"WebPage\",\"@id\":\"https:\\\/\\\/medicinasinc.com\\\/da\\\/product\\\/tramadol-100mg\\\/\",\"url\":\"https:\\\/\\\/medicinasinc.com\\\/da\\\/product\\\/tramadol-100mg\\\/\",\"name\":\"K\u00f8b Tramal SR 100mg piller online - Bedste bedste globale medicin\",\"isPartOf\":{\"@id\":\"https:\\\/\\\/medicinasinc.com\\\/da\\\/#website\"},\"primaryImageOfPage\":{\"@id\":\"https:\\\/\\\/medicinasinc.com\\\/da\\\/product\\\/tramadol-100mg\\\/#primaryimage\"},\"image\":{\"@id\":\"https:\\\/\\\/medicinasinc.com\\\/da\\\/product\\\/tramadol-100mg\\\/#primaryimage\"},\"thumbnailUrl\":\"https:\\\/\\\/medicinasinc.com\\\/da\\\/wp-content\\\/uploads\\\/sites\\\/8\\\/2022\\\/02\\\/Tramadol-100mg-1.jpg\",\"datePublished\":\"2022-02-21T20:57:13+00:00\",\"dateModified\":\"2022-03-20T00:38:58+00:00\",\"description\":\"K\u00f8b Tramal SR 100mg piller online. K\u00f8b Tramadol Online Tramal SR 100mg uden recept til 80 % lavere pris end amerikanske apoteker.\",\"breadcrumb\":{\"@id\":\"https:\\\/\\\/medicinasinc.com\\\/da\\\/product\\\/tramadol-100mg\\\/#breadcrumb\"},\"inLanguage\":\"en-US\",\"potentialAction\":[{\"@type\":\"ReadAction\",\"target\":[\"https:\\\/\\\/medicinasinc.com\\\/da\\\/product\\\/tramadol-100mg\\\/\"]}]},{\"@type\":\"ImageObject\",\"inLanguage\":\"en-US\",\"@id\":\"https:\\\/\\\/medicinasinc.com\\\/da\\\/product\\\/tramadol-100mg\\\/#primaryimage\",\"url\":\"https:\\\/\\\/medicinasinc.com\\\/da\\\/wp-content\\\/uploads\\\/sites\\\/8\\\/2022\\\/02\\\/Tramadol-100mg-1.jpg\",\"contentUrl\":\"https:\\\/\\\/medicinasinc.com\\\/da\\\/wp-content\\\/uploads\\\/sites\\\/8\\\/2022\\\/02\\\/Tramadol-100mg-1.jpg\",\"width\":600,\"height\":358},{\"@type\":\"BreadcrumbList\",\"@id\":\"https:\\\/\\\/medicinasinc.com\\\/da\\\/product\\\/tramadol-100mg\\\/#breadcrumb\",\"itemListElement\":[{\"@type\":\"ListItem\",\"position\":1,\"name\":\"Butik\",\"item\":\"https:\\\/\\\/medicinasinc.com\\\/da\\\/butik\\\/\"},{\"@type\":\"ListItem\",\"position\":2,\"name\":\"Tramadol 100mg\"}]},{\"@type\":\"WebSite\",\"@id\":\"https:\\\/\\\/medicinasinc.com\\\/da\\\/#website\",\"url\":\"https:\\\/\\\/medicinasinc.com\\\/da\\\/\",\"name\":\"Medicinas Inc\",\"description\":\"Health Medical Clinic\",\"potentialAction\":[{\"@type\":\"SearchAction\",\"target\":{\"@type\":\"EntryPoint\",\"urlTemplate\":\"https:\\\/\\\/medicinasinc.com\\\/da\\\/?s={search_term_string}\"},\"query-input\":{\"@type\":\"PropertyValueSpecification\",\"valueRequired\":true,\"valueName\":\"search_term_string\"}}],\"inLanguage\":\"en-US\"}]}<\/script>\n<!-- \/ Yoast SEO plugin. -->","yoast_head_json":{"title":"K\u00f8b Tramal SR 100mg piller online - Bedste bedste globale medicin","description":"K\u00f8b Tramal SR 100mg piller online. K\u00f8b Tramadol Online Tramal SR 100mg uden recept til 80 % lavere pris end amerikanske apoteker.","robots":{"index":"index","follow":"follow","max-snippet":"max-snippet:-1","max-image-preview":"max-image-preview:large","max-video-preview":"max-video-preview:-1"},"canonical":"https:\/\/medicinasinc.com\/da\/product\/tramadol-100mg\/","og_locale":"en_US","og_type":"article","og_title":"K\u00f8b Tramal SR 100mg piller online - Bedste bedste globale medicin","og_description":"K\u00f8b Tramal SR 100mg piller online. K\u00f8b Tramadol Online Tramal SR 100mg uden recept til 80 % lavere pris end amerikanske apoteker.","og_url":"https:\/\/medicinasinc.com\/da\/product\/tramadol-100mg\/","og_site_name":"Medicinas Inc","article_modified_time":"2022-03-20T00:38:58+00:00","og_image":[{"width":600,"height":358,"url":"https:\/\/medicinasinc.com\/da\/wp-content\/uploads\/sites\/8\/2022\/02\/Tramadol-100mg-1.jpg","type":"image\/jpeg"}],"twitter_card":"summary_large_image","twitter_misc":{"Est. reading time":"2 minutes"},"schema":{"@context":"https:\/\/schema.org","@graph":[{"@type":"WebPage","@id":"https:\/\/medicinasinc.com\/da\/product\/tramadol-100mg\/","url":"https:\/\/medicinasinc.com\/da\/product\/tramadol-100mg\/","name":"K\u00f8b Tramal SR 100mg piller online - Bedste bedste globale medicin","isPartOf":{"@id":"https:\/\/medicinasinc.com\/da\/#website"},"primaryImageOfPage":{"@id":"https:\/\/medicinasinc.com\/da\/product\/tramadol-100mg\/#primaryimage"},"image":{"@id":"https:\/\/medicinasinc.com\/da\/product\/tramadol-100mg\/#primaryimage"},"thumbnailUrl":"https:\/\/medicinasinc.com\/da\/wp-content\/uploads\/sites\/8\/2022\/02\/Tramadol-100mg-1.jpg","datePublished":"2022-02-21T20:57:13+00:00","dateModified":"2022-03-20T00:38:58+00:00","description":"K\u00f8b Tramal SR 100mg piller online. K\u00f8b Tramadol Online Tramal SR 100mg uden recept til 80 % lavere pris end amerikanske apoteker.","breadcrumb":{"@id":"https:\/\/medicinasinc.com\/da\/product\/tramadol-100mg\/#breadcrumb"},"inLanguage":"en-US","potentialAction":[{"@type":"ReadAction","target":["https:\/\/medicinasinc.com\/da\/product\/tramadol-100mg\/"]}]},{"@type":"ImageObject","inLanguage":"en-US","@id":"https:\/\/medicinasinc.com\/da\/product\/tramadol-100mg\/#primaryimage","url":"https:\/\/medicinasinc.com\/da\/wp-content\/uploads\/sites\/8\/2022\/02\/Tramadol-100mg-1.jpg","contentUrl":"https:\/\/medicinasinc.com\/da\/wp-content\/uploads\/sites\/8\/2022\/02\/Tramadol-100mg-1.jpg","width":600,"height":358},{"@type":"BreadcrumbList","@id":"https:\/\/medicinasinc.com\/da\/product\/tramadol-100mg\/#breadcrumb","itemListElement":[{"@type":"ListItem","position":1,"name":"Butik","item":"https:\/\/medicinasinc.com\/da\/butik\/"},{"@type":"ListItem","position":2,"name":"Tramadol 100mg"}]},{"@type":"WebSite","@id":"https:\/\/medicinasinc.com\/da\/#website","url":"https:\/\/medicinasinc.com\/da\/","name":"Medicinas Inc","description":"Health Medical Clinic","potentialAction":[{"@type":"SearchAction","target":{"@type":"EntryPoint","urlTemplate":"https:\/\/medicinasinc.com\/da\/?s={search_term_string}"},"query-input":{"@type":"PropertyValueSpecification","valueRequired":true,"valueName":"search_term_string"}}],"inLanguage":"en-US"}]}},"_links":{"self":[{"href":"https:\/\/medicinasinc.com\/da\/wp-json\/wp\/v2\/product\/5322","targetHints":{"allow":["GET"]}}],"collection":[{"href":"https:\/\/medicinasinc.com\/da\/wp-json\/wp\/v2\/product"}],"about":[{"href":"https:\/\/medicinasinc.com\/da\/wp-json\/wp\/v2\/types\/product"}],"replies":[{"embeddable":true,"href":"https:\/\/medicinasinc.com\/da\/wp-json\/wp\/v2\/comments?post=5322"}],"wp:featuredmedia":[{"embeddable":true,"href":"https:\/\/medicinasinc.com\/da\/wp-json\/wp\/v2\/media\/5331"}],"wp:attachment":[{"href":"https:\/\/medicinasinc.com\/da\/wp-json\/wp\/v2\/media?parent=5322"}],"wp:term":[{"taxonomy":"product_brand","embeddable":true,"href":"https:\/\/medicinasinc.com\/da\/wp-json\/wp\/v2\/product_brand?post=5322"},{"taxonomy":"product_cat","embeddable":true,"href":"https:\/\/medicinasinc.com\/da\/wp-json\/wp\/v2\/product_cat?post=5322"},{"taxonomy":"product_tag","embeddable":true,"href":"https:\/\/medicinasinc.com\/da\/wp-json\/wp\/v2\/product_tag?post=5322"}],"curies":[{"name":"wp","href":"https:\/\/api.w.org\/{rel}","templated":true}]}}