{"id":5310,"date":"2022-02-21T18:38:01","date_gmt":"2022-02-21T18:38:01","guid":{"rendered":"https:\/\/medicinasinc.com\/da\/?post_type=product&#038;p=5310"},"modified":"2022-03-20T00:39:09","modified_gmt":"2022-03-20T00:39:09","slug":"kob-roxicodon-30-mg","status":"publish","type":"product","link":"https:\/\/medicinasinc.com\/da\/product\/kob-roxicodon-30-mg\/","title":{"rendered":"K\u00f8b Roxicodon 30 mg"},"content":{"rendered":"<p>Online k\u00f8b af Roxicodon 30 mg piller<\/p>\n<p>ROXICODONE (oxycodon HCl) tabletter er beregnet til behandling af moderate til sv\u00e6re smerter, der kr\u00e6ver et opioidanalgetikum, og for hvilke ikke-opioide alternativer er ineffektive.<\/p>\n<p>Brugsrestriktioner<\/p>\n<p>P\u00e5 grund af farerne ved opioidafh\u00e6ngighed, misbrug og misbrug, selv ved godkendte doser, skal ROXICODONE reserveres til patienter, der ikke reagerer p\u00e5 alternative behandlingsvalg (f.eks. ikke-opioide analgetika eller opioidkombinationsprodukter):<\/p>\n<p>Er ikke blevet tolereret og vil sandsynligvis ikke blive tilladt<br \/> Har undladt at administrere passende analgesi eller sandsynligvis ikke administrere tilstr\u00e6kkelig analgesi<\/p>\n<p>Dette materiale er kun beregnet til sundhedspersonale i USA.<br \/> Fuldst\u00e6ndig receptinformation for USA, inklusive en indrammet advarsel.<\/p>\n<p>Vejledning til medicin<\/p>\n<div class=\"product -next-previous\">\n<div class=\"product-prev\">\n<div class=\"contraindica\">\n<div class=\"contraindica tion\">\n<div class=\"kontraindikation\">\n<div class=\"kontraindikation\">\n<div class=\"kontraindikation\">\n<div class=\"kontraindikation\">\n<div class=\"kontraindikation\">\n<h2><b>VIGTIG SIKKERHEDSINFORMATION<\/b><\/h2>\n<div class=\"scroll-wrapper scrolling-table scrollbar-chrome\">\n<div class=\"scrolling-table scrollbar-chrome scroll-content\">\n<table border=\"1\">\n<tbody>\n<tr>\n<td valign=\"top\" width=\"623\">\n<ul>\n<li>ADVARSEL: AFH\u00c6NGIGHED, MISBRUG OG MISBRUG; RISIKO EVALUERING OG AFB\u00c6RKNINGSSTRATEGI (REMS); LIVSTRUENDE \u00c5NDEDRETTSDEPRESSION; UHELDIG INDTAGELSE; NEONATAL OPIOID TILBAGETR\u00c6NKNINGSSYNDROM; INTERAKTION MED CYTOCHROM P450 3A4; og RISICI VED SAMTYDLIG BRUG MED BENSubstancemisbrug, -misbrug og -misbrug\n<p>ROXICODONE uds\u00e6tter patienter og andre brugere for farerne ved opioidafh\u00e6ngighed, misbrug og misbrug, som alle kan resultere i d\u00f8dsfald som f\u00f8lge af overdosis. F\u00f8r du giver ROXICODONE, skal du vurdere hver patients risiko og overv\u00e5ge alle patienter med j\u00e6vne mellemrum for udvikling af visse adf\u00e6rd og tilstande.<\/p>\n<p>Risikovurdering og afb\u00f8dningsstrategi for opioidanalgetika (REMS)<\/p>\n<p>The Food og Drug Administration (FDA) kr\u00e6ver en REMS for opioidanalgetika for at verificere, at fordelene opvejer farerne ved afh\u00e6ngighed, misbrug og misbrug. Farmaceutiske virksomheder, der har godkendt opioidanalgetika, er forpligtet til at stille REMS-kompatible uddannelsesprogrammer til r\u00e5dighed for sundhedsudbydere. Sundhedsudbydere opfordres kraftigt til at: \u2022 gennemf\u00f8re et REMS-kompatibelt uddannelsesprogram; \u2022 r\u00e5dgive patienter og\/eller plejere om sikker brug, alvorlige risici, opbevaring og bortskaffelse af disse produkter med hver recept; \u2022 understrege over for patienter og p\u00e5r\u00f8rende vigtigheden af \u200b\u200bat l\u00e6se medicinvejledningen, hver gang den udleveres af deres farmaceut; og \u2022 overveje yderligere v\u00e6rkt\u00f8jer til at forbedre patient-, husholdnings- og samfundssikkerheden.<\/p>\n<p>Livstruende respirationsdepression<\/p>\n<p>ROXICODONE kan for\u00e5rsage alvorlig, livstruende eller d\u00f8delig respirationsdepression. Hold \u00f8je med \u00e5ndedr\u00e6tsdepression, is\u00e6r n\u00e5r du starter ROXICODONE eller \u00f8ger dosis.<\/p>\n<p>Indtagelse ved et uheld<\/p>\n<p>Utilsigtet ROXICODONE-indtagelse, is\u00e6r af unge, kan resultere i en d\u00f8delig ROXICODONE-overdosis. <\/p>\n<p>Syndrom ved neonatal opioidabstinens<\/p>\n<p>L\u00e6ngerevarende brug af ROXICODONE under graviditet kan resultere i nyf\u00f8dt opioidabstinenssyndrom, som kan v\u00e6re fatalt, hvis det ikke diagnosticeres og behandles hurtigt, og har behov for behandling i henhold til neonatologi &#8211; specifikke procedurer. Hvis l\u00e6ngerevarende opioidbrug er n\u00f8dvendig hos en gravid kvinde, skal du informere hende om faren ved neonatalt opioidabstinenssyndrom og sikre, at korrekt behandling er tilg\u00e6ngelig.<\/p>\n<p>Interaktion med Cytochrome P450 3A4<\/p>\n<p>Samtidig brug af ROXICODONE og alle cytokrom P450 3A4-h\u00e6mmere kan resultere i en stigning i plasma-oxycodonkoncentrationer, hvilket kan forv\u00e6rre eller forl\u00e6nge ubehagelige reaktioner og kan resultere i potentielt d\u00f8delig respirationsdepression. Derudover kan standsning af en samtidig anvendt cytokrom P450 3A4-inducer resultere i en stigning i plasmaniveauerne af oxycodon. Patienter, der f\u00e5r ROXICODONE og en hvilken som helst CYP3A4-h\u00e6mmer eller -inducer, b\u00f8r overv\u00e5ges n\u00f8je.<\/p>\n<p>Konsekvenser af samtidig brug med benzodiazepiner eller andre centralnervesystemdepressiva<\/p>\n<p>Samtidig brug af opioider med benzodiazepiner eller andre CNS-depressive midler alkohol, kan resultere i ekstrem d\u00f8sighed, respirationsdepression, koma eller d\u00f8d.<\/p>\n<p>Samtidig administration af ROXICODONE med benzodiazepiner eller andre CNS-depressiva b\u00f8r forbeholdes personer, som ikke reagerer p\u00e5 alternative terapeutiske alternativer. <br \/> Hold doser og varigheder p\u00e5 et minimum.<br \/> Hold \u00f8je med tegn og symptomer p\u00e5 respirationsdepression og sedation hos patienter.<\/li>\n<\/ul>\n<\/td>\n<\/tr>\n<\/li>\n<p> tbody&gt; <\/table>\n<\/p><\/div><\/div>\n<p>&nbsp;<\/p>\n<h2>KOTRAINDIKATIONER<\/h2>\n<p>ROXICODONE er kontraindiceret til patienter med:<\/p>\n<ul>\n<li>Betydende respirationsdepression<\/li>\n<li>Akut eller sv\u00e6r bronkial astma i uoverv\u00e5gede omgivelser eller i frav\u00e6r af genoplivningsmidler udstyr<\/li>\n<li>Kendt eller formodet gastrointestinal obstruktion, herunder paralytisk ileus<\/li>\n<li>Kendt overf\u00f8lsomhed over for oxycodon<\/li>\n<\/ul>\n<h2>\u00a0ADVARSLER OG FORHOLDSREGLER<\/h2>\n<ul>\n<li>ROXICODONE indeholder oxycodon, et skema II-kontrolleret stof. Som et opioid uds\u00e6tter ROXICODONE brugere for risici for afh\u00e6ngighed, misbrug og misbrug.<\/li>\n<li>Vurder hver patients risiko for opioidafh\u00e6ngighed, misbrug eller misbrug f\u00f8r ordinering af ROXICODONE, og overv\u00e5g alle patienter, der f\u00e5r ROXICODONE for udvikling af disse adf\u00e6rd og tilstande.<\/li>\n<li>For at sikre, at fordelene ved opioidanalgetika opvejer risikoen for afh\u00e6ngighed, misbrug og misbrug, har Food and Drug Administration (FDA) kr\u00e6vet en risikovurderings- og afb\u00f8dningsstrategi ( REMS) for disse produkter. I henhold til kravene i REMS skal l\u00e6gemiddelvirksomheder med godkendte opioidanalgetika stille REMS-kompatible uddannelsesprogrammer til r\u00e5dighed for sundhedsudbydere.<\/li>\n<li>Alvorlig, livstruende eller d\u00f8delig respirationsdepression er blevet rapporteret ved brug af opioider, selv n\u00e5r de bruges som anbefalet. Patienter med kronisk lungesygdom, \u00e6ldre, kakektiske eller sv\u00e6kkede patienter kan have \u00f8get risiko. Overv\u00e5g n\u00f8je, is\u00e6r under initiering og titrering.<\/li>\n<li>Opioider kan for\u00e5rsage s\u00f8vnrelaterede vejrtr\u00e6kningsforstyrrelser, herunder central s\u00f8vnapn\u00f8 (CSA) og s\u00f8vnrelateret hypox\u00e6mi. Opioidbrug \u00f8ger risikoen for CSA p\u00e5 en dosisafh\u00e6ngig m\u00e5de.<\/li>\n<li>Vilsigtet indtagelse af selv \u00e9n dosis ROXICODONE, is\u00e6r af b\u00f8rn, kan resultere i respirationsdepression og d\u00f8d p\u00e5 grund af en overdosis af ROXICODONE. Instruer patienterne i at tage skridt til at opbevare ROXICODONE sikkert. Udl\u00f8bet, u\u00f8nsket eller ubrugt ROXICODONE b\u00f8r bortskaffes ved at skylle den ubrugte medicin ud i toilettet, hvis en medicintilbagetagelsesmulighed ikke er let tilg\u00e6ngelig.<\/li>\n<li>Neonatalt opioidabstinenssyndrom (NOWS) kan forekomme efter l\u00e6ngere tids brug af opioider under graviditeten. Observer nyf\u00f8dte for tegn p\u00e5 NU, og forvalt derefter; NOWS kan v\u00e6re livstruende, hvis det ikke genkendes og behandles hos nyf\u00f8dte.<\/li>\n<li>Ved brug af CYP3A4-h\u00e6mmere eller seponering af CYP3A4-inducere hos ROXICODONE-behandlede patienter, overv\u00e5g patienter n\u00f8je med hyppige intervaller og overvej dosisreduktion af ROXICODONE indtil stabilt l\u00e6gemiddel effekter opn\u00e5s. N\u00e5r du bruger ROXICODONE sammen med CYP3A4-inducere eller seponering af CYP3A4-h\u00e6mmere, skal du overv\u00e5ge patienter n\u00f8je med hyppige intervaller og overveje at \u00f8ge opioiddoseringen, hvis det er n\u00f8dvendigt for at opretholde tilstr\u00e6kkelig analgesi, eller hvis der opst\u00e5r symptomer p\u00e5 opioidabstinenser.<\/li>\n<li>Dynk sedation, respirationsdepression, koma, og d\u00f8den kan skyldes samtidig brug af ROXICODONE og benzodiazepiner eller andre CNS-depressiva (herunder alkohol og ulovlige stoffer).<\/li>\n<li>Der er rapporteret tilf\u00e6lde af binyrebarkinsufficiens med opioidbrug, oftere efter mere end \u00e9n gang m\u00e5neds brug. Hvis binyrebarkinsufficiens diagnosticeres, behandles med fysiologisk erstatning af kortikosteroider og patienten afv\u00e6nnes af opioidet, indtil binyrefunktionen kommer sig.<\/li>\n<li><strong>ROXICODONE<\/strong>\u00a0kan for\u00e5rsage alvorlig hypotension, herunder ortostatisk hypotension og synkope hos ambulante patienter. Overv\u00e5g under initiering og\/eller titrering af ROXICODONE. Undg\u00e5 brug til patienter med cirkulatorisk shock.<\/li>\n<li>Anvendelse til patienter med \u00f8get intrakranielt tryk, hjernetumorer, hovedskade eller nedsat bevidsthed kan reducere respirationsdriften og den deraf f\u00f8lgende CO<sub>2<\/sub>-retention kan yderligere \u00f8ge det intrakranielle tryk. Brug af\u00a0<strong>ROXICODONE<\/strong>\u00a0b\u00f8r undg\u00e5s hos patienter med nedsat bevidsthed eller koma.<\/li>\n<li>ROXICODONE er kontraindiceret til patienter med kendt eller mist\u00e6nkt gastrointestinal obstruktion, herunder paralytisk ileus. Oxycodonet i ROXICODONE kan for\u00e5rsage spasmer i Oddis lukkemuskel.<\/li>\n<li>Oxycodonet i ROXICODONE kan \u00f8ge hyppigheden af \u200b\u200banfald hos patienter med anfaldssygdomme og kan \u00f8ge risikoen for anfald i andre kliniske sammenh\u00e6nge forbundet med anfald. . Overv\u00e5g patienter med en historie med anfaldssygdomme for forv\u00e6rret kontrol over anfald.<\/li>\n<li>Afbryd ikke brat <strong>ROXICODONE<\/strong> hos en patient, der er fysisk afh\u00e6ngig af opioider. N\u00e5r ROXICODONE seponeres hos en fysisk afh\u00e6ngig patient, nedtrappes dosis gradvist. Hurtig nedtrapning af oxycodon hos en patient, der er fysisk afh\u00e6ngig af opioider, kan f\u00f8re til abstinenssyndrom og tilbagevenden af \u200b\u200bsmerte.<\/li>\n<li>Undg\u00e5 brugen af \u200b\u200bROXICODONE med blandede agonister\/antagonister eller partielle agonistanalgetika p\u00e5 grund af risikoen for udf\u00e6ldning af abstinenssymptomer.<\/li>\n<li>Advar patienter om ikke at k\u00f8re bil eller betjene farlige maskiner, medmindre de er tolerante over for virkningerne af ROXICODONE og ved, hvordan de vil reagere p\u00e5 medicinen.<\/li>\n<li>Opioider kan for\u00e5rsage en sj\u00e6lden men potentielt livstruende tilstand som f\u00f8lge af samtidig administration af serotonerge l\u00e6gemidler. Advar patienterne om symptomerne p\u00e5 serotonergt syndrom og s\u00f8g l\u00e6gehj\u00e6lp med det samme, hvis der opst\u00e5r symptomer.<\/li>\n<li>Anvendelse af ROXICODONE anbefales ikke til patienter, der tager MAO-h\u00e6mmere eller inden for 14 dage efter at have stoppet en s\u00e5dan behandling.<\/li>\n<\/ul>\n<h2>Effekter af Roxicodon<\/h2>\n<p>Alvorlige bivirkninger forbundet med ROXICODONE-brug omfatter respirationsdepression, respirationsstop, kredsl\u00f8bsdepression, hjertestop, hypotension og\/eller shock. De mest almindelige bivirkninger omfatter kvalme, forstoppelse, opkastning, hovedpine, kl\u00f8e, s\u00f8vnl\u00f8shed, svimmelhed, asteni og somnolens.<\/p>\n<p>Dette er ikke en komplet liste over potentielle bivirkninger forbundet med ROXICODONE. Se venligst Fuld ordinationsinformation for en komplet liste.<\/p>\n<p>&nbsp;<\/p>\n<p>&nbsp;<\/p>\n<\/p><\/div><\/div><\/div><\/div>\n<p> div&gt; <\/p><\/div><\/div>\n<div class=\"scroll-wrapper scrolling-table scrollbar-chrome\">\n<div class=\"scrolling-table scrollbar-chrome scroll-content\">\n<table>\n<tbody>\n<tr>\n<td><strong>Beskrivelse<\/strong><\/td>\n<td>Bl\u00e5 tabletter med delek\u00e6rv<\/td>\n<\/tr>\n<tr>\n<td><strong>Generisk navn<\/strong><\/td>\n<td>Oxycodonhydrochlorid tabletter USP<\/td>\n<\/tr>\n<tr>\n<td><strong>Dosisstyrke<\/strong><\/td>\n<td>30 mg<\/td>\n<\/tr>\n<tr>\n<td><strong>Identifikationskode<\/strong><\/td>\n<td>Bl\u00e5 tablet med delek\u00e6rv (identificeret 54 199) [pr\u00e6get 54 199 p\u00e5 den ene side]<\/td>\n<\/tr>\n<\/tbody>\n<\/table>\n<p><strong>roxicodon piller, k\u00f8b roxicodon piller, liste over runde bl\u00e5 roxicodon piller, piller der ligner roxicodon, roxicodon piller skifter, roxicodon piller 30, breaking time release piller roxicodon, hvordan man er en narkohandler, der s\u00e6lger piller,icodone piller, der indeholder roxicodon, kodeinsirup piller roxicodon, hvordan meget er roxicodon 30mg piller i mexico, hvad er der i de falske k 9 roxicodon piller?, 30mg roxicodon bl\u00e5 piller,roxicodon, oxycodon 5 mg, pink pille, m 30 pille, m 30 bl\u00e5 pille, k 56 pille, rtoxycodone 14, rtoxycodone pille, percocet 30 mg, molly priser, kan du tage, roxy 30, oxicodona, u17 pille, oxycodon dosering<\/strong><\/p>\n<\/p><\/div><\/div><\/div><\/div>\n<div>\n<div class=\"product-prev\"><\/div><\/div>\n","protected":false},"excerpt":{"rendered":"<p>K\u00f8b Roxicodone 30 mg tabletter i Det Forenede Kongerige og Europa fra vores bestglobalmeds.com onlineapotek med hurtig verdensomsp\u00e6ndende forsendelse! Det bedste sted at f\u00e5 OxyContin er lige her!<\/p>\n","protected":false},"featured_media":5321,"comment_status":"open","ping_status":"closed","template":"","meta":[],"product_brand":[],"product_cat":[1117],"product_tag":[1879,1881,1903,1884,1885,1886,1882,1883,1887,1894,1888,1889,1890,1648,1670,1891,1880,1750,1892,1893,1895,1896,1897,1898,1899,1900,1901,1902],"class_list":{"0":"post-5310","1":"product","2":"type-product","3":"status-publish","4":"has-post-thumbnail","6":"product_cat-kob-smerte-sove-sex-piller","7":"product_tag-30mg-roxicodon-bl-piller","8":"product_tag-buy-roxicodone-pills","9":"product_tag-hvad-er-i-de-falske-k-9-roxicodon-piller","10":"product_tag-hvor-meget-er-roxicodon-30mg-piller-i-mexico","11":"product_tag-hvordan-at-vre-en-narkohandler-slger-roxicodon-piller","12":"product_tag-k-56-pille","13":"product_tag-kan-du-tage","14":"product_tag-kodein-sirup-piller-roxicodon","15":"product_tag-liste-over-runde-bl-roxicodon-piller","16":"product_tag-lyserd-pille","17":"product_tag-m-30-bl-pille","18":"product_tag-m-30-pille","19":"product_tag-molly-priser","20":"product_tag-oxicodona","21":"product_tag-oxycodon-5-mg","22":"product_tag-oxycodon-dosering","23":"product_tag-breaking-time-release-piller-roxicodon","24":"product_tag-percocet-30-mg","25":"product_tag-piller-der-indeholder-roxicodon","26":"product_tag-piller-der-ligner-roxicodon","27":"product_tag-roxicodon","28":"product_tag-roxicodon-piller","29":"product_tag-roxicodon-piller-30","30":"product_tag-roxicodon-piller-skifte","31":"product_tag-roxy-30","32":"product_tag-roxycodon","33":"product_tag-t-194-pille","34":"product_tag-u17-pille","36":"first","37":"instock","38":"shipping-taxable","39":"purchasable","40":"product-type-variable","41":"has-default-attributes"},"yoast_head":"<!-- This site is optimized with the Yoast SEO plugin v27.3 - https:\/\/yoast.com\/product\/yoast-seo-wordpress\/ -->\n<title>K\u00f8b Roxicodon 30 mg - Bedste bedste globale medicin<\/title>\n<meta name=\"description\" content=\"K\u00f8b Roxicodone 30 mg tabletter UK, Europa i vores bestglobalmeds.com online shop med hurtig levering over hele verden! Den bedste OxyContin til bestilling finder du her!\" \/>\n<meta name=\"robots\" content=\"index, follow, max-snippet:-1, max-image-preview:large, max-video-preview:-1\" \/>\n<link rel=\"canonical\" href=\"https:\/\/medicinasinc.com\/da\/product\/kob-roxicodon-30-mg\/\" \/>\n<meta property=\"og:locale\" content=\"en_US\" \/>\n<meta property=\"og:type\" content=\"article\" \/>\n<meta property=\"og:title\" content=\"K\u00f8b Roxicodon 30 mg - Bedste bedste globale medicin\" \/>\n<meta property=\"og:description\" content=\"K\u00f8b Roxicodone 30 mg tabletter UK, Europa i vores bestglobalmeds.com online shop med hurtig levering over hele verden! Den bedste OxyContin til bestilling finder du her!\" \/>\n<meta property=\"og:url\" content=\"https:\/\/medicinasinc.com\/da\/product\/kob-roxicodon-30-mg\/\" \/>\n<meta property=\"og:site_name\" content=\"Medicinas Inc\" \/>\n<meta property=\"article:modified_time\" content=\"2022-03-20T00:39:09+00:00\" \/>\n<meta property=\"og:image\" content=\"https:\/\/medicinasinc.com\/da\/wp-content\/uploads\/sites\/8\/2022\/02\/Roxicodone-30-mg.png\" \/>\n\t<meta property=\"og:image:width\" content=\"400\" \/>\n\t<meta property=\"og:image:height\" content=\"300\" \/>\n\t<meta property=\"og:image:type\" content=\"image\/png\" \/>\n<meta name=\"twitter:card\" content=\"summary_large_image\" \/>\n<meta name=\"twitter:label1\" content=\"Est. reading time\" \/>\n\t<meta name=\"twitter:data1\" content=\"7 minutes\" \/>\n<script type=\"application\/ld+json\" class=\"yoast-schema-graph\">{\"@context\":\"https:\\\/\\\/schema.org\",\"@graph\":[{\"@type\":\"WebPage\",\"@id\":\"https:\\\/\\\/medicinasinc.com\\\/da\\\/product\\\/kob-roxicodon-30-mg\\\/\",\"url\":\"https:\\\/\\\/medicinasinc.com\\\/da\\\/product\\\/kob-roxicodon-30-mg\\\/\",\"name\":\"K\u00f8b Roxicodon 30 mg - Bedste bedste globale medicin\",\"isPartOf\":{\"@id\":\"https:\\\/\\\/medicinasinc.com\\\/da\\\/#website\"},\"primaryImageOfPage\":{\"@id\":\"https:\\\/\\\/medicinasinc.com\\\/da\\\/product\\\/kob-roxicodon-30-mg\\\/#primaryimage\"},\"image\":{\"@id\":\"https:\\\/\\\/medicinasinc.com\\\/da\\\/product\\\/kob-roxicodon-30-mg\\\/#primaryimage\"},\"thumbnailUrl\":\"https:\\\/\\\/medicinasinc.com\\\/da\\\/wp-content\\\/uploads\\\/sites\\\/8\\\/2022\\\/02\\\/Roxicodone-30-mg.png\",\"datePublished\":\"2022-02-21T18:38:01+00:00\",\"dateModified\":\"2022-03-20T00:39:09+00:00\",\"description\":\"K\u00f8b Roxicodone 30 mg tabletter UK, Europa i vores bestglobalmeds.com online shop med hurtig levering over hele verden! Den bedste OxyContin til bestilling finder du her!\",\"breadcrumb\":{\"@id\":\"https:\\\/\\\/medicinasinc.com\\\/da\\\/product\\\/kob-roxicodon-30-mg\\\/#breadcrumb\"},\"inLanguage\":\"en-US\",\"potentialAction\":[{\"@type\":\"ReadAction\",\"target\":[\"https:\\\/\\\/medicinasinc.com\\\/da\\\/product\\\/kob-roxicodon-30-mg\\\/\"]}]},{\"@type\":\"ImageObject\",\"inLanguage\":\"en-US\",\"@id\":\"https:\\\/\\\/medicinasinc.com\\\/da\\\/product\\\/kob-roxicodon-30-mg\\\/#primaryimage\",\"url\":\"https:\\\/\\\/medicinasinc.com\\\/da\\\/wp-content\\\/uploads\\\/sites\\\/8\\\/2022\\\/02\\\/Roxicodone-30-mg.png\",\"contentUrl\":\"https:\\\/\\\/medicinasinc.com\\\/da\\\/wp-content\\\/uploads\\\/sites\\\/8\\\/2022\\\/02\\\/Roxicodone-30-mg.png\",\"width\":400,\"height\":300},{\"@type\":\"BreadcrumbList\",\"@id\":\"https:\\\/\\\/medicinasinc.com\\\/da\\\/product\\\/kob-roxicodon-30-mg\\\/#breadcrumb\",\"itemListElement\":[{\"@type\":\"ListItem\",\"position\":1,\"name\":\"Butik\",\"item\":\"https:\\\/\\\/medicinasinc.com\\\/da\\\/butik\\\/\"},{\"@type\":\"ListItem\",\"position\":2,\"name\":\"K\u00f8b Roxicodon 30 mg\"}]},{\"@type\":\"WebSite\",\"@id\":\"https:\\\/\\\/medicinasinc.com\\\/da\\\/#website\",\"url\":\"https:\\\/\\\/medicinasinc.com\\\/da\\\/\",\"name\":\"Medicinas Inc\",\"description\":\"Health Medical Clinic\",\"potentialAction\":[{\"@type\":\"SearchAction\",\"target\":{\"@type\":\"EntryPoint\",\"urlTemplate\":\"https:\\\/\\\/medicinasinc.com\\\/da\\\/?s={search_term_string}\"},\"query-input\":{\"@type\":\"PropertyValueSpecification\",\"valueRequired\":true,\"valueName\":\"search_term_string\"}}],\"inLanguage\":\"en-US\"}]}<\/script>\n<!-- \/ Yoast SEO plugin. -->","yoast_head_json":{"title":"K\u00f8b Roxicodon 30 mg - Bedste bedste globale medicin","description":"K\u00f8b Roxicodone 30 mg tabletter UK, Europa i vores bestglobalmeds.com online shop med hurtig levering over hele verden! Den bedste OxyContin til bestilling finder du her!","robots":{"index":"index","follow":"follow","max-snippet":"max-snippet:-1","max-image-preview":"max-image-preview:large","max-video-preview":"max-video-preview:-1"},"canonical":"https:\/\/medicinasinc.com\/da\/product\/kob-roxicodon-30-mg\/","og_locale":"en_US","og_type":"article","og_title":"K\u00f8b Roxicodon 30 mg - Bedste bedste globale medicin","og_description":"K\u00f8b Roxicodone 30 mg tabletter UK, Europa i vores bestglobalmeds.com online shop med hurtig levering over hele verden! Den bedste OxyContin til bestilling finder du her!","og_url":"https:\/\/medicinasinc.com\/da\/product\/kob-roxicodon-30-mg\/","og_site_name":"Medicinas Inc","article_modified_time":"2022-03-20T00:39:09+00:00","og_image":[{"width":400,"height":300,"url":"https:\/\/medicinasinc.com\/da\/wp-content\/uploads\/sites\/8\/2022\/02\/Roxicodone-30-mg.png","type":"image\/png"}],"twitter_card":"summary_large_image","twitter_misc":{"Est. reading time":"7 minutes"},"schema":{"@context":"https:\/\/schema.org","@graph":[{"@type":"WebPage","@id":"https:\/\/medicinasinc.com\/da\/product\/kob-roxicodon-30-mg\/","url":"https:\/\/medicinasinc.com\/da\/product\/kob-roxicodon-30-mg\/","name":"K\u00f8b Roxicodon 30 mg - Bedste bedste globale medicin","isPartOf":{"@id":"https:\/\/medicinasinc.com\/da\/#website"},"primaryImageOfPage":{"@id":"https:\/\/medicinasinc.com\/da\/product\/kob-roxicodon-30-mg\/#primaryimage"},"image":{"@id":"https:\/\/medicinasinc.com\/da\/product\/kob-roxicodon-30-mg\/#primaryimage"},"thumbnailUrl":"https:\/\/medicinasinc.com\/da\/wp-content\/uploads\/sites\/8\/2022\/02\/Roxicodone-30-mg.png","datePublished":"2022-02-21T18:38:01+00:00","dateModified":"2022-03-20T00:39:09+00:00","description":"K\u00f8b Roxicodone 30 mg tabletter UK, Europa i vores bestglobalmeds.com online shop med hurtig levering over hele verden! Den bedste OxyContin til bestilling finder du her!","breadcrumb":{"@id":"https:\/\/medicinasinc.com\/da\/product\/kob-roxicodon-30-mg\/#breadcrumb"},"inLanguage":"en-US","potentialAction":[{"@type":"ReadAction","target":["https:\/\/medicinasinc.com\/da\/product\/kob-roxicodon-30-mg\/"]}]},{"@type":"ImageObject","inLanguage":"en-US","@id":"https:\/\/medicinasinc.com\/da\/product\/kob-roxicodon-30-mg\/#primaryimage","url":"https:\/\/medicinasinc.com\/da\/wp-content\/uploads\/sites\/8\/2022\/02\/Roxicodone-30-mg.png","contentUrl":"https:\/\/medicinasinc.com\/da\/wp-content\/uploads\/sites\/8\/2022\/02\/Roxicodone-30-mg.png","width":400,"height":300},{"@type":"BreadcrumbList","@id":"https:\/\/medicinasinc.com\/da\/product\/kob-roxicodon-30-mg\/#breadcrumb","itemListElement":[{"@type":"ListItem","position":1,"name":"Butik","item":"https:\/\/medicinasinc.com\/da\/butik\/"},{"@type":"ListItem","position":2,"name":"K\u00f8b Roxicodon 30 mg"}]},{"@type":"WebSite","@id":"https:\/\/medicinasinc.com\/da\/#website","url":"https:\/\/medicinasinc.com\/da\/","name":"Medicinas Inc","description":"Health Medical Clinic","potentialAction":[{"@type":"SearchAction","target":{"@type":"EntryPoint","urlTemplate":"https:\/\/medicinasinc.com\/da\/?s={search_term_string}"},"query-input":{"@type":"PropertyValueSpecification","valueRequired":true,"valueName":"search_term_string"}}],"inLanguage":"en-US"}]}},"_links":{"self":[{"href":"https:\/\/medicinasinc.com\/da\/wp-json\/wp\/v2\/product\/5310","targetHints":{"allow":["GET"]}}],"collection":[{"href":"https:\/\/medicinasinc.com\/da\/wp-json\/wp\/v2\/product"}],"about":[{"href":"https:\/\/medicinasinc.com\/da\/wp-json\/wp\/v2\/types\/product"}],"replies":[{"embeddable":true,"href":"https:\/\/medicinasinc.com\/da\/wp-json\/wp\/v2\/comments?post=5310"}],"wp:featuredmedia":[{"embeddable":true,"href":"https:\/\/medicinasinc.com\/da\/wp-json\/wp\/v2\/media\/5321"}],"wp:attachment":[{"href":"https:\/\/medicinasinc.com\/da\/wp-json\/wp\/v2\/media?parent=5310"}],"wp:term":[{"taxonomy":"product_brand","embeddable":true,"href":"https:\/\/medicinasinc.com\/da\/wp-json\/wp\/v2\/product_brand?post=5310"},{"taxonomy":"product_cat","embeddable":true,"href":"https:\/\/medicinasinc.com\/da\/wp-json\/wp\/v2\/product_cat?post=5310"},{"taxonomy":"product_tag","embeddable":true,"href":"https:\/\/medicinasinc.com\/da\/wp-json\/wp\/v2\/product_tag?post=5310"}],"curies":[{"name":"wp","href":"https:\/\/api.w.org\/{rel}","templated":true}]}}