{"id":5309,"date":"2022-02-21T18:36:34","date_gmt":"2022-02-21T18:36:34","guid":{"rendered":"https:\/\/medicinasinc.com\/da\/?post_type=product&#038;p=5309"},"modified":"2022-03-20T00:39:17","modified_gmt":"2022-03-20T00:39:17","slug":"kob-restoril-30-mg-temazepam-piller","status":"publish","type":"product","link":"https:\/\/medicinasinc.com\/da\/product\/kob-restoril-30-mg-temazepam-piller\/","title":{"rendered":"K\u00f8b Restoril 30 mg Temazepam piller"},"content":{"rendered":"<div class=\"product-next-previous\">\n<div>\n<p>Onlineapotek til k\u00f8b af Restoril Temezepam-tabletter (30 mg)<br \/> Restoril: Hvad er det, og hvordan bruges det?<\/p>\n<p> Restoril er en receptpligtig medicin, der bruges til at behandle s\u00f8vnl\u00f8shedsproblemer. Restoril kan tages alene eller i kombination med andre l\u00e6gemidler.<\/p>\n<p>Restoril er en beroligende\/hypnotisk medicin.<\/p>\n<p>Restoril vides ikke at v\u00e6re sikker eller effektiv hos b\u00f8rn.<\/p>\n<p>Hvad er de sandsynlige risici forbundet med Restoril?<\/p>\n<p>Restoril kan have store bivirkninger, herunder f\u00f8lgende:<\/p>\n<p>Forvirring, agitation, aggressivitet, hallucinationer, angst, hukommelsesproblemer, og trist stemning er alle symptomer p\u00e5 skizofreni.<\/p>\n<p>&nbsp;<\/p>\n<p>Temazepam fungerer ligesom mange andre lignende og relaterede benzodiazepiner som en GABA-modulator og er i stand til at fremkalde en r\u00e6kke effekter, inklusive d\u00f8sighed, hypnose, skeletmuskul\u00e6r afslapning, antikonvulsiv aktivitet og angstd\u00e6mpende virkning 6,7,13,14.<\/p>\n<p>Selvom den kemiske syntese af temazepam blev opdaget i 1965 9, begyndte dens udbredte moderne brug f\u00f8rst f\u00f8r medicinens reelle brug som en s\u00f8vnl\u00f8shedsbehandling blev anerkendt og godkendt senere. F\u00f8r temazepam blev en almindeligt ordineret medicin til civile, blev den \u2013 og bliver fortsat \u2013 brugt af det amerikanske milit\u00e6r som en beroligende-hypnotisk medicin, der skal tages af soldater, piloter og andre for at opn\u00e5 den n\u00f8dvendige hvile til medicinsk bedring eller planlagte man\u00f8vrer og operationer 10. Uanset hvad er temazepam vokset til at v\u00e6re et af de oftest ordinerede l\u00e6gemidler p\u00e5 verdensplan med millioner af recepter, der udskrives hvert \u00e5r. Desv\u00e6rre, p\u00e5 grund af dets udbredte brug og den iboende karakter af dets farmakologiske virkninger, har temazepam \u2013 ligesom mange andre benzodiazepiner \u2013 et betydeligt potentiale for misbrug og er i stand til at f\u00e5 brugere til at udvikle stoftolerance, fysisk afh\u00e6ngighed og afh\u00e6ngighed.<\/p>\n<p>Grupper godkendt, unders\u00f8gelsesstrukturSm\u00e5 molekyler<\/p>\n<div class=\"structure\"><a class=\"moldbi-vector-thumbnail\" href=\"https:\/\/go.drugbank.com\/structures\/DB00231\/image.svg\"><img decoding=\"async\" src=\"https:\/\/go.drugbank.com\/structures\/DB00231\/thumb.svg\" alt=\"Thumb\" \/><\/a><\/div>\n<dl class=\"right-dl col- xl-6 col-lg-12\"><\/dl>\n<\/p><\/div>\n<div class=\"product-prev\"><strong>temazepam (restoril), temazepam restoril, restoril temazepam, temazepam (restoril) bivirkninger, temazepam (restoril, k\u00f8b restoril temazepam online, k\u00f8b temazepam (restoril), generisk restoril temazepam, temazepam restoril k\u00f8b, restoril (temazepam) 30mg til salg, er temazepam det samme som restoril, temazepam (restoril) davis, temazepam (restoril) pilleflaske e, hvor kan du k\u00f8be temazepam (restoril), temazepam (restoril) cvs, temazepam (restoril) buy, temazepam samme som restoril, temazepam (restoril)\u00a0<img decoding=\"async\" class=\"emoji\" role=\"img\" src=\"https:\/ \/sworg\/images\/core\/emoji\/13.1.0\/svg\/2714.svg\" alt=\"\u2714\" \/>\u00a0<img decoding=\"async\" class=\"emoji\" role=\"img\" src=\"https:\/\/sworg\/images \/core\/emoji\/13.1.0\/svg\/2714.svg\" alt=\"\u2714\" \/>\u00a0<img decoding=\"async\" class=\"emoji\" role=\"img\" src=\"https:\/\/sworg\/images\/core\/emoji\/ 13.1.0\/svg\/2714.svg\" alt=\"\u2714\" \/>, restoril temazepam 30mg, sikkert alternativ til restoril (temazepam), temazepam (restoril) pris, temazepam (restoril) otc, temazepam restoril bivirkninger, temazepam (m\u00e6rke) navn restoril), restoril (temazepam)<\/strong><\/div><\/div>\n<div class=\"product-next-previous\">\n<div class=\"product-prev\"><\/div><\/div>\n","protected":false},"excerpt":{"rendered":"<p>K\u00f8b Restoril 30mg Temezepam-tabletter kan k\u00f8bes online.<\/p>\n<p>M\u00e6rkenavn:\u00a0<strong>Restoril<\/strong><br \/> Generisk:\u00a0<strong>Temazepam<\/strong><br \/> Styrke Tilg\u00e6ngelig: 30mg<br \/> Emballage: Blister<br \/> Fremstillet af: Novartis<\/p>\n<p>&nbsp;<\/p>\n","protected":false},"featured_media":5319,"comment_status":"open","ping_status":"closed","template":"","meta":[],"product_brand":[],"product_cat":[1117],"product_tag":[1854,1860,1853,1855,1878,1851,1852,1856,1857,1858,1859,1861,1862,1863,1864,1865,1866,1872,1867,1868,1869,1870,1871,1873,1874,1876,1875,1877],"class_list":{"0":"post-5309","1":"product","2":"type-product","3":"status-publish","4":"has-post-thumbnail","6":"product_cat-kob-smerte-sove-sex-piller","7":"product_tag-er-temazepam-det-samme-som-restoril","8":"product_tag-restoril-tablet-online","9":"product_tag-generisk-restoril-temazepam","10":"product_tag-hndkbserstatning-for-temazepam","11":"product_tag-hvor-kan-du-kbe-temazepam-restoril","12":"product_tag-kb-restoril-temazepam-online","13":"product_tag-kb-temazepam-restoril","14":"product_tag-restoril-temazepam-30mg-til-salg","15":"product_tag-restoril-15-mg","16":"product_tag-restoril-15-mg-online","17":"product_tag-restoril-30-mg-pris","18":"product_tag-restoril-temazepam","19":"product_tag-restoril-temazepam-30mg","20":"product_tag-sikkert-alternativ-til-restoril-temazepam","21":"product_tag-temazepam-brand-name-restoril","22":"product_tag-temazepam-restoril","23":"product_tag-temazepam-restoril---","24":"product_tag-temazepam-restoril-bivirkninger","25":"product_tag-temazepam-restoril-cvs","26":"product_tag-temazepam-restoril-davis","27":"product_tag-temazepam-restoril-otc","28":"product_tag-temazepam-restoril-pille-flaske","29":"product_tag-temazepam-restoril-pris","30":"product_tag-temazepam-30-mg","31":"product_tag-temazepam-30-mg-bivirkninger","32":"product_tag-temazepam-samme-som-restoril","33":"product_tag-temazepam-restoril-kb","34":"product_tag-temazepam-vgttab","36":"first","37":"instock","38":"shipping-taxable","39":"purchasable","40":"product-type-variable","41":"has-default-attributes"},"yoast_head":"<!-- This site is optimized with the Yoast SEO plugin v27.3 - https:\/\/yoast.com\/product\/yoast-seo-wordpress\/ -->\n<title>K\u00f8b Restoril 30 mg Temazepam piller - Bedste bedste globale medicin<\/title>\n<meta name=\"description\" content=\"Pille med p\u00e5tryk RESTORIL 30 mg M TIL S\u00d8VN er bl\u00e5\/r\u00f8dbrun, kapselformet og er blevet identificeret som Restoril 30 mg. K\u00f8b RESTORIL 30 mg M TIL S\u00d8VN.\" \/>\n<meta name=\"robots\" content=\"index, follow, max-snippet:-1, max-image-preview:large, max-video-preview:-1\" \/>\n<link rel=\"canonical\" href=\"https:\/\/medicinasinc.com\/da\/product\/kob-restoril-30-mg-temazepam-piller\/\" \/>\n<meta property=\"og:locale\" content=\"en_US\" \/>\n<meta property=\"og:type\" content=\"article\" \/>\n<meta property=\"og:title\" content=\"K\u00f8b Restoril 30 mg Temazepam piller - Bedste bedste globale medicin\" \/>\n<meta property=\"og:description\" content=\"Pille med p\u00e5tryk RESTORIL 30 mg M TIL S\u00d8VN er bl\u00e5\/r\u00f8dbrun, kapselformet og er blevet identificeret som Restoril 30 mg. K\u00f8b RESTORIL 30 mg M TIL S\u00d8VN.\" \/>\n<meta property=\"og:url\" content=\"https:\/\/medicinasinc.com\/da\/product\/kob-restoril-30-mg-temazepam-piller\/\" \/>\n<meta property=\"og:site_name\" content=\"Medicinas Inc\" \/>\n<meta property=\"article:modified_time\" content=\"2022-03-20T00:39:17+00:00\" \/>\n<meta property=\"og:image\" content=\"https:\/\/medicinasinc.com\/da\/wp-content\/uploads\/sites\/8\/2022\/02\/Buy-Restoril-30-mg-Temazepam-pills.jpg\" \/>\n\t<meta property=\"og:image:width\" content=\"2064\" \/>\n\t<meta property=\"og:image:height\" content=\"1073\" \/>\n\t<meta property=\"og:image:type\" content=\"image\/jpeg\" \/>\n<meta name=\"twitter:card\" content=\"summary_large_image\" \/>\n<meta name=\"twitter:label1\" content=\"Est. reading time\" \/>\n\t<meta name=\"twitter:data1\" content=\"3 minutes\" \/>\n<script type=\"application\/ld+json\" class=\"yoast-schema-graph\">{\"@context\":\"https:\\\/\\\/schema.org\",\"@graph\":[{\"@type\":\"WebPage\",\"@id\":\"https:\\\/\\\/medicinasinc.com\\\/da\\\/product\\\/kob-restoril-30-mg-temazepam-piller\\\/\",\"url\":\"https:\\\/\\\/medicinasinc.com\\\/da\\\/product\\\/kob-restoril-30-mg-temazepam-piller\\\/\",\"name\":\"K\u00f8b Restoril 30 mg Temazepam piller - Bedste bedste globale medicin\",\"isPartOf\":{\"@id\":\"https:\\\/\\\/medicinasinc.com\\\/da\\\/#website\"},\"primaryImageOfPage\":{\"@id\":\"https:\\\/\\\/medicinasinc.com\\\/da\\\/product\\\/kob-restoril-30-mg-temazepam-piller\\\/#primaryimage\"},\"image\":{\"@id\":\"https:\\\/\\\/medicinasinc.com\\\/da\\\/product\\\/kob-restoril-30-mg-temazepam-piller\\\/#primaryimage\"},\"thumbnailUrl\":\"https:\\\/\\\/medicinasinc.com\\\/da\\\/wp-content\\\/uploads\\\/sites\\\/8\\\/2022\\\/02\\\/Buy-Restoril-30-mg-Temazepam-pills.jpg\",\"datePublished\":\"2022-02-21T18:36:34+00:00\",\"dateModified\":\"2022-03-20T00:39:17+00:00\",\"description\":\"Pille med p\u00e5tryk RESTORIL 30 mg M TIL S\u00d8VN er bl\u00e5\\\/r\u00f8dbrun, kapselformet og er blevet identificeret som Restoril 30 mg. K\u00f8b RESTORIL 30 mg M TIL S\u00d8VN.\",\"breadcrumb\":{\"@id\":\"https:\\\/\\\/medicinasinc.com\\\/da\\\/product\\\/kob-restoril-30-mg-temazepam-piller\\\/#breadcrumb\"},\"inLanguage\":\"en-US\",\"potentialAction\":[{\"@type\":\"ReadAction\",\"target\":[\"https:\\\/\\\/medicinasinc.com\\\/da\\\/product\\\/kob-restoril-30-mg-temazepam-piller\\\/\"]}]},{\"@type\":\"ImageObject\",\"inLanguage\":\"en-US\",\"@id\":\"https:\\\/\\\/medicinasinc.com\\\/da\\\/product\\\/kob-restoril-30-mg-temazepam-piller\\\/#primaryimage\",\"url\":\"https:\\\/\\\/medicinasinc.com\\\/da\\\/wp-content\\\/uploads\\\/sites\\\/8\\\/2022\\\/02\\\/Buy-Restoril-30-mg-Temazepam-pills.jpg\",\"contentUrl\":\"https:\\\/\\\/medicinasinc.com\\\/da\\\/wp-content\\\/uploads\\\/sites\\\/8\\\/2022\\\/02\\\/Buy-Restoril-30-mg-Temazepam-pills.jpg\",\"width\":2064,\"height\":1073},{\"@type\":\"BreadcrumbList\",\"@id\":\"https:\\\/\\\/medicinasinc.com\\\/da\\\/product\\\/kob-restoril-30-mg-temazepam-piller\\\/#breadcrumb\",\"itemListElement\":[{\"@type\":\"ListItem\",\"position\":1,\"name\":\"Butik\",\"item\":\"https:\\\/\\\/medicinasinc.com\\\/da\\\/butik\\\/\"},{\"@type\":\"ListItem\",\"position\":2,\"name\":\"K\u00f8b Restoril 30 mg Temazepam piller\"}]},{\"@type\":\"WebSite\",\"@id\":\"https:\\\/\\\/medicinasinc.com\\\/da\\\/#website\",\"url\":\"https:\\\/\\\/medicinasinc.com\\\/da\\\/\",\"name\":\"Medicinas Inc\",\"description\":\"Health Medical Clinic\",\"potentialAction\":[{\"@type\":\"SearchAction\",\"target\":{\"@type\":\"EntryPoint\",\"urlTemplate\":\"https:\\\/\\\/medicinasinc.com\\\/da\\\/?s={search_term_string}\"},\"query-input\":{\"@type\":\"PropertyValueSpecification\",\"valueRequired\":true,\"valueName\":\"search_term_string\"}}],\"inLanguage\":\"en-US\"}]}<\/script>\n<!-- \/ Yoast SEO plugin. -->","yoast_head_json":{"title":"K\u00f8b Restoril 30 mg Temazepam piller - Bedste bedste globale medicin","description":"Pille med p\u00e5tryk RESTORIL 30 mg M TIL S\u00d8VN er bl\u00e5\/r\u00f8dbrun, kapselformet og er blevet identificeret som Restoril 30 mg. K\u00f8b RESTORIL 30 mg M TIL S\u00d8VN.","robots":{"index":"index","follow":"follow","max-snippet":"max-snippet:-1","max-image-preview":"max-image-preview:large","max-video-preview":"max-video-preview:-1"},"canonical":"https:\/\/medicinasinc.com\/da\/product\/kob-restoril-30-mg-temazepam-piller\/","og_locale":"en_US","og_type":"article","og_title":"K\u00f8b Restoril 30 mg Temazepam piller - Bedste bedste globale medicin","og_description":"Pille med p\u00e5tryk RESTORIL 30 mg M TIL S\u00d8VN er bl\u00e5\/r\u00f8dbrun, kapselformet og er blevet identificeret som Restoril 30 mg. K\u00f8b RESTORIL 30 mg M TIL S\u00d8VN.","og_url":"https:\/\/medicinasinc.com\/da\/product\/kob-restoril-30-mg-temazepam-piller\/","og_site_name":"Medicinas Inc","article_modified_time":"2022-03-20T00:39:17+00:00","og_image":[{"width":2064,"height":1073,"url":"https:\/\/medicinasinc.com\/da\/wp-content\/uploads\/sites\/8\/2022\/02\/Buy-Restoril-30-mg-Temazepam-pills.jpg","type":"image\/jpeg"}],"twitter_card":"summary_large_image","twitter_misc":{"Est. reading time":"3 minutes"},"schema":{"@context":"https:\/\/schema.org","@graph":[{"@type":"WebPage","@id":"https:\/\/medicinasinc.com\/da\/product\/kob-restoril-30-mg-temazepam-piller\/","url":"https:\/\/medicinasinc.com\/da\/product\/kob-restoril-30-mg-temazepam-piller\/","name":"K\u00f8b Restoril 30 mg Temazepam piller - Bedste bedste globale medicin","isPartOf":{"@id":"https:\/\/medicinasinc.com\/da\/#website"},"primaryImageOfPage":{"@id":"https:\/\/medicinasinc.com\/da\/product\/kob-restoril-30-mg-temazepam-piller\/#primaryimage"},"image":{"@id":"https:\/\/medicinasinc.com\/da\/product\/kob-restoril-30-mg-temazepam-piller\/#primaryimage"},"thumbnailUrl":"https:\/\/medicinasinc.com\/da\/wp-content\/uploads\/sites\/8\/2022\/02\/Buy-Restoril-30-mg-Temazepam-pills.jpg","datePublished":"2022-02-21T18:36:34+00:00","dateModified":"2022-03-20T00:39:17+00:00","description":"Pille med p\u00e5tryk RESTORIL 30 mg M TIL S\u00d8VN er bl\u00e5\/r\u00f8dbrun, kapselformet og er blevet identificeret som Restoril 30 mg. K\u00f8b RESTORIL 30 mg M TIL S\u00d8VN.","breadcrumb":{"@id":"https:\/\/medicinasinc.com\/da\/product\/kob-restoril-30-mg-temazepam-piller\/#breadcrumb"},"inLanguage":"en-US","potentialAction":[{"@type":"ReadAction","target":["https:\/\/medicinasinc.com\/da\/product\/kob-restoril-30-mg-temazepam-piller\/"]}]},{"@type":"ImageObject","inLanguage":"en-US","@id":"https:\/\/medicinasinc.com\/da\/product\/kob-restoril-30-mg-temazepam-piller\/#primaryimage","url":"https:\/\/medicinasinc.com\/da\/wp-content\/uploads\/sites\/8\/2022\/02\/Buy-Restoril-30-mg-Temazepam-pills.jpg","contentUrl":"https:\/\/medicinasinc.com\/da\/wp-content\/uploads\/sites\/8\/2022\/02\/Buy-Restoril-30-mg-Temazepam-pills.jpg","width":2064,"height":1073},{"@type":"BreadcrumbList","@id":"https:\/\/medicinasinc.com\/da\/product\/kob-restoril-30-mg-temazepam-piller\/#breadcrumb","itemListElement":[{"@type":"ListItem","position":1,"name":"Butik","item":"https:\/\/medicinasinc.com\/da\/butik\/"},{"@type":"ListItem","position":2,"name":"K\u00f8b Restoril 30 mg Temazepam piller"}]},{"@type":"WebSite","@id":"https:\/\/medicinasinc.com\/da\/#website","url":"https:\/\/medicinasinc.com\/da\/","name":"Medicinas Inc","description":"Health Medical Clinic","potentialAction":[{"@type":"SearchAction","target":{"@type":"EntryPoint","urlTemplate":"https:\/\/medicinasinc.com\/da\/?s={search_term_string}"},"query-input":{"@type":"PropertyValueSpecification","valueRequired":true,"valueName":"search_term_string"}}],"inLanguage":"en-US"}]}},"_links":{"self":[{"href":"https:\/\/medicinasinc.com\/da\/wp-json\/wp\/v2\/product\/5309","targetHints":{"allow":["GET"]}}],"collection":[{"href":"https:\/\/medicinasinc.com\/da\/wp-json\/wp\/v2\/product"}],"about":[{"href":"https:\/\/medicinasinc.com\/da\/wp-json\/wp\/v2\/types\/product"}],"replies":[{"embeddable":true,"href":"https:\/\/medicinasinc.com\/da\/wp-json\/wp\/v2\/comments?post=5309"}],"wp:featuredmedia":[{"embeddable":true,"href":"https:\/\/medicinasinc.com\/da\/wp-json\/wp\/v2\/media\/5319"}],"wp:attachment":[{"href":"https:\/\/medicinasinc.com\/da\/wp-json\/wp\/v2\/media?parent=5309"}],"wp:term":[{"taxonomy":"product_brand","embeddable":true,"href":"https:\/\/medicinasinc.com\/da\/wp-json\/wp\/v2\/product_brand?post=5309"},{"taxonomy":"product_cat","embeddable":true,"href":"https:\/\/medicinasinc.com\/da\/wp-json\/wp\/v2\/product_cat?post=5309"},{"taxonomy":"product_tag","embeddable":true,"href":"https:\/\/medicinasinc.com\/da\/wp-json\/wp\/v2\/product_tag?post=5309"}],"curies":[{"name":"wp","href":"https:\/\/api.w.org\/{rel}","templated":true}]}}