{"id":5296,"date":"2022-02-21T18:20:49","date_gmt":"2022-02-21T18:20:49","guid":{"rendered":"https:\/\/medicinasinc.com\/da\/?post_type=product&#038;p=5296"},"modified":"2022-03-20T00:39:26","modified_gmt":"2022-03-20T00:39:26","slug":"kob-phenida-10mg-piller","status":"publish","type":"product","link":"https:\/\/medicinasinc.com\/da\/product\/kob-phenida-10mg-piller\/","title":{"rendered":"K\u00f8b Phenida 10mg piller"},"content":{"rendered":"<p>Phenida (methylphenidat hcl) 10mg piller kan k\u00f8bes p\u00e5 internettet.<\/p>\n<p>Vi har det bedste onlineapotek, hvor du kan k\u00f8be Phenida, s\u00e5 k\u00f8b det nu.<\/p>\n<p>PHENIDA er et l\u00e6gemiddel, der hj\u00e6lper mennesker med ADD\/ADHD. Det er her, du kan finde mere information om ADD\/ADHD og andre phenida.<\/p>\n<p>ADD\/ADHD:<\/p>\n<p>Hvis du har ADHD, er du muligvis ikke i stand til at fastholde din opm\u00e6rksomhed. for aktiv, eller ikke v\u00e6re i stand til at kontrollere din adf\u00e6rd. En persons alder og udvikling kan ikke g\u00f8re disse problemer til ADHD, hvis de er uden for normalomr\u00e5det for den p\u00e5g\u00e6ldende persons alder eller udvikling.<\/p>\n<p>Medikamenter mod ADD og ADHD? Dette websted s\u00e6lger phenida (methylphenidat hcl) 10 mg.<\/p>\n<p>Attentionsdeficit hyperactivity disorder (ADHD) er en af \u200b\u200bde mest almindelige lidelser i barndommen, og den kan ogs\u00e5 vare gennem teenage\u00e5rene og voksen\u00e5rene. Blandt symptomerne er problemer med at holde fokus og v\u00e6re opm\u00e6rksom, problemer med at kontrollere adf\u00e6rd og hyperaktivitet (overaktivitet).<\/p>\n<p>For at k\u00f8be ADD (Attention Deficit Disorder) tabletter online uden recept, kan du g\u00e5 til hjemmesiden .<\/p>\n<p>F\u00f8lgende er de forskellige typer methylphenidat: methylphenidat HCL, methylphenidat HCL, methylphenidat HCL ER, methylphenidat HCL, methylphenidat HCL, methylphenidat HCL, methylphenidat HCL 20mg, methylphenidat, HCLphenidate, HCL10mg. N\u00e5r du k\u00f8ber methylphenidat hcl-tabletter, hvad er det s\u00e5? methylphenidat hcl er 20 mg, methylphenidat hcl 18mg, methylphenidat hcl er cd, methylphenidat hcl er 10 mg, methylphenidat hcl doseringsformer og methylphenidat hcl vs methylphenidat hcl er nogle af de sp\u00f8rgsm\u00e5l, folk stiller mig.<\/p>\n","protected":false},"excerpt":{"rendered":"<div class=\"woocommerce-product-details__short-description\">\n<p>Phenida 10 mg piller kan k\u00f8bes online. h\u00e5ndk\u00f8b sovepiller, onlineapotek uk, steroidpiller til salg, st\u00e6rke sovemedicin, smertestillende medicin.<\/p>\n<\/p><\/div>\n","protected":false},"featured_media":5307,"comment_status":"open","ping_status":"closed","template":"","meta":[],"product_brand":[],"product_cat":[1117],"product_tag":[1794,1795,1796,1797,1799,1800,1801,1808,1807,1809,1805,1804,1846,1847,1848,1849,1829,1806,1798,1802,1803,1811,1812,1814,1815,1827,1816,1817,1818,1819,1820,1821,1822,1823,1824,1825,1826,1828,1810,1813,1830,1831,1832,1835,1834,1833,1842,1837,1836,1839,1841,1840,1843,1844,1838,1845,1850],"class_list":{"0":"post-5296","1":"product","2":"type-product","3":"status-publish","4":"has-post-thumbnail","6":"product_cat-kob-smerte-sove-sex-piller","7":"product_tag-accepterer-paypal","8":"product_tag-adhd","9":"product_tag-bedste-phenida-methylphenidat-hcl-10mg-online","10":"product_tag-bulgarien-phenida","11":"product_tag-buy-phenida-methylphenidate-hcl-10mg-online","12":"product_tag-buy-phenida-online","13":"product_tag-buy-phenidano-prescription","14":"product_tag-er-phenida-samme-som-ritalin","15":"product_tag-er-phenida-samme-adderal","16":"product_tag-er-phenida-samme-asadder","17":"product_tag-generic-phenida","18":"product_tag-generisk-ritalin-phenida","19":"product_tag-hvad-betyder-phenida","20":"product_tag-hvad-er-methylphenidat-hcl","21":"product_tag-hvad-er-phenida","22":"product_tag-hvor-kan-kbes-phenida","23":"product_tag-ingen-recepter","24":"product_tag-er-focalin-ogs-kaldet-phenida","25":"product_tag-kb-phenida","26":"product_tag-kb-phenida-10mg","27":"product_tag-buyphenidakreditkort","28":"product_tag-methylphenidat-hcl-10mg","29":"product_tag-methylphenidat-hcl-18mg","30":"product_tag-methylphenidat-hcl-20mg","31":"product_tag-methylphenidat-hcl-5mg","32":"product_tag-methylphenidat-hcl-bivirkninger","33":"product_tag-methylphenidat-hcl-cd","34":"product_tag-methylphenidat-hcl-doseringsformer","35":"product_tag-methylphenidat-hcl-er","36":"product_tag-methylphenidat-hcl-er-10-mg","37":"product_tag-methylphenidat-hcl-er-18-mg","38":"product_tag-methylphenidat-hcl-er-20-mg","39":"product_tag-methylphenidat-hcl-er-27-mg","40":"product_tag-methylphenidat-hcl-er-36-mg","41":"product_tag-methylphenidat-hcl-er-54-mg","42":"product_tag-methylphenidat-hcl-er-cd","43":"product_tag-methylphenidat-hcl-er-tabletter","44":"product_tag-methylphenidat-vs-methylphenidat-hcl","45":"product_tag-methylphenidat-hcl","46":"product_tag-methylphenidat-hcl-20-mg","47":"product_tag-ordenshmning","48":"product_tag-phenida","49":"product_tag-phenida-methylphenidat-hcl-10mg","50":"product_tag-phenida-methylphenidat-hcl-10mg-gennemgang","51":"product_tag-phenida-methylphenidat-hcl-10mg-pris","52":"product_tag-phenida-methylphenidat-hcl-10mg-til-salg-online","53":"product_tag-phenida-anmeldelser","54":"product_tag-phenida-bulgerien","55":"product_tag-phenida-flaske","56":"product_tag-phenida-online","57":"product_tag-phenida-online-trusted-pharmacy-bitcoin","58":"product_tag-phenida-online-trusted-pharmacy","59":"product_tag-phenida-ritalin","60":"product_tag-phenida-ritalin-zafa","61":"product_tag-phenida-uden-recept","62":"product_tag-phenida-zafa","63":"product_tag-zafa-phenida","65":"first","66":"instock","67":"shipping-taxable","68":"purchasable","69":"product-type-variable","70":"has-default-attributes"},"yoast_head":"<!-- This site is optimized with the Yoast SEO plugin v27.3 - https:\/\/yoast.com\/product\/yoast-seo-wordpress\/ -->\n<title>K\u00f8b Phenida 10mg piller - bedste bedste globale medicin<\/title>\n<meta name=\"description\" content=\"K\u00f8b Phenida 10mg piller online. h\u00e5ndk\u00f8b sovemedicin, bestil piller online, steroider piller til salg, st\u00e6rke sovemedicin, smertestillende medicin, online apotek dk.\" \/>\n<meta name=\"robots\" content=\"index, follow, max-snippet:-1, max-image-preview:large, max-video-preview:-1\" \/>\n<link rel=\"canonical\" href=\"https:\/\/medicinasinc.com\/da\/product\/kob-phenida-10mg-piller\/\" \/>\n<meta property=\"og:locale\" content=\"en_US\" \/>\n<meta property=\"og:type\" content=\"article\" \/>\n<meta property=\"og:title\" content=\"K\u00f8b Phenida 10mg piller - bedste bedste globale medicin\" \/>\n<meta property=\"og:description\" content=\"K\u00f8b Phenida 10mg piller online. h\u00e5ndk\u00f8b sovemedicin, bestil piller online, steroider piller til salg, st\u00e6rke sovemedicin, smertestillende medicin, online apotek dk.\" \/>\n<meta property=\"og:url\" content=\"https:\/\/medicinasinc.com\/da\/product\/kob-phenida-10mg-piller\/\" \/>\n<meta property=\"og:site_name\" content=\"Medicinas Inc\" \/>\n<meta property=\"article:modified_time\" content=\"2022-03-20T00:39:26+00:00\" \/>\n<meta property=\"og:image\" content=\"https:\/\/medicinasinc.com\/da\/wp-content\/uploads\/sites\/8\/2022\/02\/buy-phenida-10mg-pills-online.jpg\" \/>\n\t<meta property=\"og:image:width\" content=\"600\" \/>\n\t<meta property=\"og:image:height\" content=\"600\" \/>\n\t<meta property=\"og:image:type\" content=\"image\/jpeg\" \/>\n<meta name=\"twitter:card\" content=\"summary_large_image\" \/>\n<meta name=\"twitter:label1\" content=\"Est. reading time\" \/>\n\t<meta name=\"twitter:data1\" content=\"2 minutes\" \/>\n<script type=\"application\/ld+json\" class=\"yoast-schema-graph\">{\"@context\":\"https:\\\/\\\/schema.org\",\"@graph\":[{\"@type\":\"WebPage\",\"@id\":\"https:\\\/\\\/medicinasinc.com\\\/da\\\/product\\\/kob-phenida-10mg-piller\\\/\",\"url\":\"https:\\\/\\\/medicinasinc.com\\\/da\\\/product\\\/kob-phenida-10mg-piller\\\/\",\"name\":\"K\u00f8b Phenida 10mg piller - bedste bedste globale medicin\",\"isPartOf\":{\"@id\":\"https:\\\/\\\/medicinasinc.com\\\/da\\\/#website\"},\"primaryImageOfPage\":{\"@id\":\"https:\\\/\\\/medicinasinc.com\\\/da\\\/product\\\/kob-phenida-10mg-piller\\\/#primaryimage\"},\"image\":{\"@id\":\"https:\\\/\\\/medicinasinc.com\\\/da\\\/product\\\/kob-phenida-10mg-piller\\\/#primaryimage\"},\"thumbnailUrl\":\"https:\\\/\\\/medicinasinc.com\\\/da\\\/wp-content\\\/uploads\\\/sites\\\/8\\\/2022\\\/02\\\/buy-phenida-10mg-pills-online.jpg\",\"datePublished\":\"2022-02-21T18:20:49+00:00\",\"dateModified\":\"2022-03-20T00:39:26+00:00\",\"description\":\"K\u00f8b Phenida 10mg piller online. h\u00e5ndk\u00f8b sovemedicin, bestil piller online, steroider piller til salg, st\u00e6rke sovemedicin, smertestillende medicin, online apotek dk.\",\"breadcrumb\":{\"@id\":\"https:\\\/\\\/medicinasinc.com\\\/da\\\/product\\\/kob-phenida-10mg-piller\\\/#breadcrumb\"},\"inLanguage\":\"en-US\",\"potentialAction\":[{\"@type\":\"ReadAction\",\"target\":[\"https:\\\/\\\/medicinasinc.com\\\/da\\\/product\\\/kob-phenida-10mg-piller\\\/\"]}]},{\"@type\":\"ImageObject\",\"inLanguage\":\"en-US\",\"@id\":\"https:\\\/\\\/medicinasinc.com\\\/da\\\/product\\\/kob-phenida-10mg-piller\\\/#primaryimage\",\"url\":\"https:\\\/\\\/medicinasinc.com\\\/da\\\/wp-content\\\/uploads\\\/sites\\\/8\\\/2022\\\/02\\\/buy-phenida-10mg-pills-online.jpg\",\"contentUrl\":\"https:\\\/\\\/medicinasinc.com\\\/da\\\/wp-content\\\/uploads\\\/sites\\\/8\\\/2022\\\/02\\\/buy-phenida-10mg-pills-online.jpg\",\"width\":600,\"height\":600},{\"@type\":\"BreadcrumbList\",\"@id\":\"https:\\\/\\\/medicinasinc.com\\\/da\\\/product\\\/kob-phenida-10mg-piller\\\/#breadcrumb\",\"itemListElement\":[{\"@type\":\"ListItem\",\"position\":1,\"name\":\"Butik\",\"item\":\"https:\\\/\\\/medicinasinc.com\\\/da\\\/butik\\\/\"},{\"@type\":\"ListItem\",\"position\":2,\"name\":\"K\u00f8b Phenida 10mg piller\"}]},{\"@type\":\"WebSite\",\"@id\":\"https:\\\/\\\/medicinasinc.com\\\/da\\\/#website\",\"url\":\"https:\\\/\\\/medicinasinc.com\\\/da\\\/\",\"name\":\"Medicinas Inc\",\"description\":\"Health Medical Clinic\",\"potentialAction\":[{\"@type\":\"SearchAction\",\"target\":{\"@type\":\"EntryPoint\",\"urlTemplate\":\"https:\\\/\\\/medicinasinc.com\\\/da\\\/?s={search_term_string}\"},\"query-input\":{\"@type\":\"PropertyValueSpecification\",\"valueRequired\":true,\"valueName\":\"search_term_string\"}}],\"inLanguage\":\"en-US\"}]}<\/script>\n<!-- \/ Yoast SEO plugin. -->","yoast_head_json":{"title":"K\u00f8b Phenida 10mg piller - bedste bedste globale medicin","description":"K\u00f8b Phenida 10mg piller online. h\u00e5ndk\u00f8b sovemedicin, bestil piller online, steroider piller til salg, st\u00e6rke sovemedicin, smertestillende medicin, online apotek dk.","robots":{"index":"index","follow":"follow","max-snippet":"max-snippet:-1","max-image-preview":"max-image-preview:large","max-video-preview":"max-video-preview:-1"},"canonical":"https:\/\/medicinasinc.com\/da\/product\/kob-phenida-10mg-piller\/","og_locale":"en_US","og_type":"article","og_title":"K\u00f8b Phenida 10mg piller - bedste bedste globale medicin","og_description":"K\u00f8b Phenida 10mg piller online. h\u00e5ndk\u00f8b sovemedicin, bestil piller online, steroider piller til salg, st\u00e6rke sovemedicin, smertestillende medicin, online apotek dk.","og_url":"https:\/\/medicinasinc.com\/da\/product\/kob-phenida-10mg-piller\/","og_site_name":"Medicinas Inc","article_modified_time":"2022-03-20T00:39:26+00:00","og_image":[{"width":600,"height":600,"url":"https:\/\/medicinasinc.com\/da\/wp-content\/uploads\/sites\/8\/2022\/02\/buy-phenida-10mg-pills-online.jpg","type":"image\/jpeg"}],"twitter_card":"summary_large_image","twitter_misc":{"Est. reading time":"2 minutes"},"schema":{"@context":"https:\/\/schema.org","@graph":[{"@type":"WebPage","@id":"https:\/\/medicinasinc.com\/da\/product\/kob-phenida-10mg-piller\/","url":"https:\/\/medicinasinc.com\/da\/product\/kob-phenida-10mg-piller\/","name":"K\u00f8b Phenida 10mg piller - bedste bedste globale medicin","isPartOf":{"@id":"https:\/\/medicinasinc.com\/da\/#website"},"primaryImageOfPage":{"@id":"https:\/\/medicinasinc.com\/da\/product\/kob-phenida-10mg-piller\/#primaryimage"},"image":{"@id":"https:\/\/medicinasinc.com\/da\/product\/kob-phenida-10mg-piller\/#primaryimage"},"thumbnailUrl":"https:\/\/medicinasinc.com\/da\/wp-content\/uploads\/sites\/8\/2022\/02\/buy-phenida-10mg-pills-online.jpg","datePublished":"2022-02-21T18:20:49+00:00","dateModified":"2022-03-20T00:39:26+00:00","description":"K\u00f8b Phenida 10mg piller online. h\u00e5ndk\u00f8b sovemedicin, bestil piller online, steroider piller til salg, st\u00e6rke sovemedicin, smertestillende medicin, online apotek dk.","breadcrumb":{"@id":"https:\/\/medicinasinc.com\/da\/product\/kob-phenida-10mg-piller\/#breadcrumb"},"inLanguage":"en-US","potentialAction":[{"@type":"ReadAction","target":["https:\/\/medicinasinc.com\/da\/product\/kob-phenida-10mg-piller\/"]}]},{"@type":"ImageObject","inLanguage":"en-US","@id":"https:\/\/medicinasinc.com\/da\/product\/kob-phenida-10mg-piller\/#primaryimage","url":"https:\/\/medicinasinc.com\/da\/wp-content\/uploads\/sites\/8\/2022\/02\/buy-phenida-10mg-pills-online.jpg","contentUrl":"https:\/\/medicinasinc.com\/da\/wp-content\/uploads\/sites\/8\/2022\/02\/buy-phenida-10mg-pills-online.jpg","width":600,"height":600},{"@type":"BreadcrumbList","@id":"https:\/\/medicinasinc.com\/da\/product\/kob-phenida-10mg-piller\/#breadcrumb","itemListElement":[{"@type":"ListItem","position":1,"name":"Butik","item":"https:\/\/medicinasinc.com\/da\/butik\/"},{"@type":"ListItem","position":2,"name":"K\u00f8b Phenida 10mg piller"}]},{"@type":"WebSite","@id":"https:\/\/medicinasinc.com\/da\/#website","url":"https:\/\/medicinasinc.com\/da\/","name":"Medicinas Inc","description":"Health Medical Clinic","potentialAction":[{"@type":"SearchAction","target":{"@type":"EntryPoint","urlTemplate":"https:\/\/medicinasinc.com\/da\/?s={search_term_string}"},"query-input":{"@type":"PropertyValueSpecification","valueRequired":true,"valueName":"search_term_string"}}],"inLanguage":"en-US"}]}},"_links":{"self":[{"href":"https:\/\/medicinasinc.com\/da\/wp-json\/wp\/v2\/product\/5296","targetHints":{"allow":["GET"]}}],"collection":[{"href":"https:\/\/medicinasinc.com\/da\/wp-json\/wp\/v2\/product"}],"about":[{"href":"https:\/\/medicinasinc.com\/da\/wp-json\/wp\/v2\/types\/product"}],"replies":[{"embeddable":true,"href":"https:\/\/medicinasinc.com\/da\/wp-json\/wp\/v2\/comments?post=5296"}],"wp:featuredmedia":[{"embeddable":true,"href":"https:\/\/medicinasinc.com\/da\/wp-json\/wp\/v2\/media\/5307"}],"wp:attachment":[{"href":"https:\/\/medicinasinc.com\/da\/wp-json\/wp\/v2\/media?parent=5296"}],"wp:term":[{"taxonomy":"product_brand","embeddable":true,"href":"https:\/\/medicinasinc.com\/da\/wp-json\/wp\/v2\/product_brand?post=5296"},{"taxonomy":"product_cat","embeddable":true,"href":"https:\/\/medicinasinc.com\/da\/wp-json\/wp\/v2\/product_cat?post=5296"},{"taxonomy":"product_tag","embeddable":true,"href":"https:\/\/medicinasinc.com\/da\/wp-json\/wp\/v2\/product_tag?post=5296"}],"curies":[{"name":"wp","href":"https:\/\/api.w.org\/{rel}","templated":true}]}}