{"id":5295,"date":"2022-02-21T18:18:17","date_gmt":"2022-02-21T18:18:17","guid":{"rendered":"https:\/\/medicinasinc.com\/da\/?post_type=product&#038;p=5295"},"modified":"2022-03-20T00:39:40","modified_gmt":"2022-03-20T00:39:40","slug":"kob-percocet-10mg-piller","status":"publish","type":"product","link":"https:\/\/medicinasinc.com\/da\/product\/kob-percocet-10mg-piller\/","title":{"rendered":"K\u00f8b Percocet 10mg piller"},"content":{"rendered":"<h1 style=\"text-align: center\">K\u00f8b Percocet 10mg piller online.<\/h1>\n<div class=\"Section\" style=\"text-align: center\">\n<h1>BESKRIVELSE<\/h1>\n<p><span class=\"Bold\">Oxycodonhydrochlorid og Acetaminophen er tilg\u00e6ngelige i tabletter til oral administration.<\/span><\/p>\n<p>Hver tablet til oral administration indeholder oxycodonhydrochlorid og acetaminophen i f\u00f8lgende styrker :<\/p>\n<p>Oxycodonhydrochlorid, USP\u00a0\u00a0\u00a0\u00a0\u00a0\u00a0\u00a0\u00a0\u00a0\u00a0\u00a0\u00a0 2,5 mg*<br \/> (*2,5 mg oxycodon\u00a0hydrochlorid svarer til 2,2409 mg oxycodon.)<br \/> Acetaminophen, USP\u00a0\u00a0\u00a0\u00a0\u00a0\u00a0\u00a0\u00a0\u00a0\u00a0\u00a0\u00a0\u00a0\u00a0\u00a0\u00a0\u00a0\u00a0\u00a0\u00a0\u00a0\u00a0\u00a0\u00a0\u00a0\u00a0\u00a0\u00a0\u00a0\u00a0\u00a0\u00a0\u00a0\u00a0\u00a0\u00a0\u00a0\u00a0\u00a0\u00a0\u00a0\u00a0\u00a0\u00a0\u00a0\u00a0\u00a0\u00a0\u00a0\u00a0\u00a0\u00a0\u00a0Oxycodonhydrochlorid, USP\u00a0\u00a0\u00a0\u00a0\u00a0\u00a0\u00a0\u00a0\u00a0\u00a0\u00a0\u00a0 5 mg*<br \/> (*5 mg oxycodon\u00a0hydrochlorid svarer til 4,4815 mg oxycodon.)<br \/> Acetaminophen, USP\u00a0\u00a0\u00a0\u00a0\u00a0\u00a0\u00a0\u00a0\u00a0\u00a0\u00a0\u00a0\u00a0\u00a0\u00a0\u00a0\u00a0 \u00a0\u00a0\u00a0\u00a0\u00a0\u00a0\u00a0\u00a0\u00a0\u00a0\u00a0\u00a0\u00a0\u00a0\u00a0\u00a0\u00a0\u00a0\u00a0\u00a0 \u00a0\u00a0\u00a0\u00a0\u00a0\u00a0\u00a0\u00a0\u00a0 \u00a0\u00a0\u00a0\u00a0\u00a0\u00a0\u00a0\u00a0\u00a0 \u00a0\u00a0\u00a0\u00a0\u00a0\u00a0\u00a0\u00a0\u00a0 \u00a0\u00a0\u00a0\u00a0\u00a0\u00a0\u00a0\u00a0\u00a0 \u00a0\u00a0\u00a0\u00a0\u00a0\u00a0 mg br \/&gt; (*7,5 mg oxycodon\u00a0hydrochlorid svarer til 6,7228 mg oxycodon.)<br \/> Acetaminophen, USP\u00a0\u00a0\u00a0\u00a0\u00a0\u00a0\u00a0\u00a0\u00a0\u00a0\u00a0\u00a0\u00a0\u00a0 \u00a0\u00a0\u00a0\u00a0\u00a0\u00a0\u00a0\u00a0\u00a0\u00a0\u00a0\u00a0 325 mg<\/p>\n<p>Oxycodon H ydrochlorid, USP\u00a0\u00a0\u00a0\u00a0\u00a0\u00a0\u00a0\u00a0\u00a0\u00a0\u00a0\u00a0 10 mg*<br \/> (*10 mg oxycodon\u00a0hydrochlorid svarer til 8,9637 mg oxycodon.)<br \/> Acetaminophen, USP\u00a0\u00a0\u00a0\u00a0\u00a0\u00a0\u00a0\u00a0\u00a0\u00a0\u00a0\u00a0\u00a0\u00a0\u00a0\u00a0 \u00a0\u00a0\u00a0\u00a0\u00a0\u00a0\u00a0\u00a0 \u00a0\u00a0\u00a0\u00a0\u00a0\u00a0\u00a0\u00a0 \u00a0\u00a0\u00a0\u00a0\u00a0\u00a0\u00a0\u00a0 \u00a0\u00a0\u00a0\u00a0\u00a0\u00a0\u00a0\u00a0 \u00a0\u00a0\u00a0\u00a0\u00a0\u00a0\u00a0\u00a0\u00a0 \u00a0\u00a0\u00a0\u00a0\u00a0\u00a0\u00a0\u00a0 \u00a0\u00a0\u00a0\u00a0\u00a0\u00a0\u00a0\u00a0styrke \u00a0\u00a0\u00a0\u00a0\u00a0\u00a0strong&gt;\u00a0indeholder ogs\u00e5 f\u00f8lgende inaktive ingredienser: Kolloid siliciumdioxid, croscarmellosenatrium, mikrokrystallinsk cellulose, povidon, pr\u00e6gelatineret majsstivelse og stearinsyre. Kan ogs\u00e5 indeholde crospovidon. Derudover indeholder styrken p\u00e5 2,5 mg\/325 mg FD&amp;C Red No. 40 Aluminium Lake, og styrken p\u00e5 5 mg\/325 mg indeholder FD&amp;C Blue No. 1 Aluminium Lake. Styrken p\u00e5 7,5 mg\/325 mg indeholder FD&amp;C Yellow No. 6 Aluminium Lake. Styrken p\u00e5 10 mg\/325 mg indeholder D&amp;C Yellow No. 10 Aluminium Lake. Styrken p\u00e5 7,5 mg\/325 mg og styrken p\u00e5 10 mg\/325 mg kan ogs\u00e5 indeholde majsstivelse.<\/p>\n<p>Oxycodonhydrochlorid og acetaminophen-tabletter indeholder oxycodon, 14-hydroxydihydrocodeinon, et semisyntetisk opioidanalgetikum, der forekommer som et hvidt til r\u00e5hvidt fint krystallinsk pulver. Den molekyl\u00e6re formel for oxycodonhydrochlorid er C<span class=\"Sub\">18<\/span>H<span class=\"Sub\">21<\/span>NO<span class=\"Sub\">4<\/span>\u00a0\u2219 HCl, og molekylv\u00e6gten er 351,82. Det er afledt af opiumalkaloidet, thebaine, og kan repr\u00e6senteres af f\u00f8lgende strukturformel:<\/p>\n<div class=\"Figure\"><img decoding=\"async\" src=\"https:\/\/www.endo.com\/Image%20Library \/Endo\/EndoPharma\/Products\/Prescribing_Information\/pert-oxy-and-apap-tab-usp-1.jpg\" alt=\"oxycodon hydrochlorid kemisk struktur\" \/><\/div>\n<p>Oxycodon hydrochlorid og acetaminophen tabletter indeholder acetaminophen, 4&#8242;-hydroxyacetanilid, er et ikke-opiat, ikke-salicylat smertestillende og feberneds\u00e6ttende middel, der forekommer som et hvidt, lugtfrit, krystallinsk pulver. Den molekyl\u00e6re formel for acetaminophen er C<span class=\"Sub\">8<\/span>H<span class=\"Sub\">9<\/span>NO<span class=\"Sub\">2<\/span>\u00a0og molekylv\u00e6gten er 151,16. Det kan repr\u00e6senteres af f\u00f8lgende strukturformel:<\/p>\n<div class=\"Figure\"><img decoding=\"async\" src=\"https:\/\/www.endo.com\/Image%20Library\/Endo\/EndoPharma\/Products\/Prescribing_Information\/pert -oxy-and-apap-tab-usp-2.jpg\" alt=\"Acetaminophen-strukturformel\" \/>&nbsp;<\/p>\n<p class=\"MultiMediaCaption\">Acetaminophen-strukturformel<\/p>\n<\/p><\/div><\/div>\n<div class=\"Section\" style=\"text-align: center\">\n<p>Hver tablet, til oral administration, indeholder oxycodonhydrochlorid og acetaminophen i f\u00f8lgende styrker:<\/p>\n<p>Oxycodonhydrochlorid, USP\u00a02,5 mg*<br \/> Acetaminophen, USP 325 mg<br \/> *2,5 mg oxycodon-HCl svarer til 2,2409 mg oxycodon.<\/p>\n<p>Oxycodonhydrochlorid, USP\u00a05 mg*<br \/> Acetaminophen, USP 325 mg<br \/> *5 mg oxycodon HCl svarer til 4,4815 mg oxycodon.<\/p>\n<p>Oxycodonhydrochlorid, USP\u00a07,5 mg*<br \/> Acetaminophen, USP 325 mg<br \/> *7,5 mg oxycodon HCl svarer til 6,7228 mg oxycodon.<\/p>\n<p>Oxycodonhydrochlorid, USP\u00a010 mg*<br \/> Acetami nophen, USP 325 mg<br \/> *10 mg oxycodon HCl svarer til 8,9637 mg oxycodon.<\/p>\n<p>Alle styrker af PERCOCET indeholder ogs\u00e5 f\u00f8lgende inaktive ingredienser: Kolloid siliciumdioxid, croscarmellosenatrium, crospovidon, mikrokrystallinsk cellulose, povidon, pr\u00e6gelatineret majsstivelse og stearinsyre. Derudover indeholder styrken p\u00e5 2,5 mg\/325 mg FD&amp;C Red No. 40 Aluminium Lake, og styrken p\u00e5 5 mg\/325 mg indeholder FD&amp;C Blue No. 1 Aluminium Lake. Styrken p\u00e5 7,5 mg\/325 mg indeholder FD&amp;C Yellow No. 6 Aluminium Lake. Styrken p\u00e5 10 mg\/325 mg indeholder D&amp;C Yellow No. 10 Aluminium Lake. Styrkerne 7,5 mg\/325 mg og 10 mg\/325 mg kan ogs\u00e5 indeholde majsstivelse.<\/p>\n<p>Oxycodon, 14-hydroxydihydrocodeinon, er et semisyntetisk opioidanalgetikum, der forekommer som et hvidt, lugtfrit, krystallinsk pulver med saltvand , bitter smag. Molekylformlen for oxycodonhydrochlorid er C<sub>18<\/sub>H<sub>21<\/sub>NO<sub>4<\/sub>\u2022HCl, og molekylv\u00e6gten er 351,82. Det er afledt af opiumalkaloidet thebaine og kan repr\u00e6senteres af f\u00f8lgende strukturformel:<\/p>\n<p>&nbsp;<\/p>\n<table class=\"blackpic\" width=\"256\" cellspacing=\"0\">\n<tbody>\n<tr>\n<td><img loading=\"lazy\" decoding=\"async\" title=\"Oxycodon - strukturel formel illustration\" src=\"https:\/\/images.rxlist.com\/images\/rxlist\/oxyapap1.gif\" alt=\"Oxycodon - strukturel formel illustration\" width=\"256\" height=\"154\" \/><\/td>\n<\/tr>\n<\/tbody>\n<\/table>\n<p>&nbsp;<\/p>\n<p>Acetaminophen, 4&#8242;-hydroxyacetanilid, er en\u00a0ikke -opiat, ikke-salicylat smertestillende og feberneds\u00e6ttende, som forekommer som et hvidt, lugtfrit, krystallinsk pulver med en let bitter smag. Molekylformlen for acetaminophen er C<sub>8<\/sub>H<sub>9<\/sub>NO<sub>2<\/sub>\u00a0og molekylv\u00e6gten er 151,17. Det kan repr\u00e6senteres af f\u00f8lgende strukturformel:<\/p>\n<p>&nbsp;<\/p>\n<table class=\"blackpic\" width=\"232\" cellspacing=\"0\">\n<tbody>\n<tr>\n<td> <img decoding=\"async\" title=\"Acetaminophen - illustration af strukturformlen\" src=\"https:\/\/images.rxlist.com\/images\/rxlist\/oxyapap2.gif\" alt=\"Acetaminophen - illustration af strukturformlen\" width=\"232\" height=\"106 \" \/><\/td>\n<\/tr>\n<\/tbody>\n<\/table><\/div>\n<p style=\"text-align: center\">K\u00f8b Percocet 10mg piller online. Andre\u00a0piller\u00a0som oxycodon er ogs\u00e5 tilg\u00e6ngelige. H\u00e5ndk\u00f8bssovepiller til salg til meget billige priser.<\/p>\n<p style=\"text-align: center\"><strong>hvor l\u00e6nge bliver percocet i dit system, hvor l\u00e6nge bliver percocet i dit system , hvordan ser en percocet ud, hvordan f\u00f8les percocet, hvor l\u00e6nge bliver percocet i din urin, hvordan er en percocet, hvordan ser percocet ud, hvad bruges percocet til, hvordan f\u00e5r man ordineret percocet, hvor lang tid tager percocet ophold i urinen, hvad er der i percocet, hvor l\u00e6nge holder percocet, hvordan ser en percocet 10 ud, hvor l\u00e6nge varer percocet-abstinenser, hvilken farve er percocet, hvorfor f\u00e5r percocet dig til at kl\u00f8, hvad g\u00f8r percocet ved dig, hvad f\u00f8les en percocet high som, hvordan ser percocet piller ud, hvor meget er percocet, hvordan ser en percocet 30 ud, hvor meget kan jeg s\u00e6lge percocet 5 325 for, hvor mange percocet at overdosis, hvad er st\u00e6rkere norco eller percocet, percocet kl\u00f8e hvordan man stopper, hvor meget koster percocet uden forsikring, hvor l\u00e6nge holder percocet high, hvor l\u00e6nge bliver en percocet i dit system, hvilket er st\u00e6rkere oxycodon eller percocet, hvad er st\u00e6rkere vicodin eller percocet, hvor kan man f\u00e5 percocet, hvordan f\u00e5r percocet dig til at f\u00f8le sig<\/strong><\/p>\n","protected":false},"excerpt":{"rendered":"<div class=\"woocommerce-product-details__short-description\">\n<p>K\u00f8b Percocet 10 mg piller online. St\u00e6rke sovepiller, smertestillende medicin, onlineapotek dk, , smertestillende medicin til salg, smertestillende medicin, k\u00f8b af online medicin, k\u00f8b smertestillende medicin online, k\u00f8b smertestillende medicin online.<\/p>\n<\/p><\/div>\n","protected":false},"featured_media":5305,"comment_status":"open","ping_status":"closed","template":"","meta":[],"product_brand":[],"product_cat":[1117],"product_tag":[1721,1722,1780,1725,1784,1723,1732,1727,1728,1785,1729,1793,1792,1791,1731,1730,1790,1789,1788,1733,1724,1783,1734,1735,1691,1736,1738,1739,1740,1741,1743,1742,1744,1745,1746,1747,1748,1749,1750,1751,1752,1753,1754,1755,1756,1757,1758,1760,1774,1761,1763,1764,1776,1765,1766,1767,1759,1768,1770,1771,1772,1773,1775,1769,1762,1779,1777,1778,1782,1781,1737,1786,1787,1726],"class_list":{"0":"post-5295","1":"product","2":"type-product","3":"status-publish","4":"has-post-thumbnail","6":"product_cat-kob-smerte-sove-sex-piller","7":"product_tag-30-mg-percocet","8":"product_tag-5mg-percocet","9":"product_tag-billeder-af-percocet-piller","10":"product_tag-billig-percocet-piller","11":"product_tag-bivirkninger-af-percocet","12":"product_tag-bl-percocet","13":"product_tag-er-oxycodon-det-samme-som-percocet","14":"product_tag-falsk-percocet","15":"product_tag-falske-percocet-piller","16":"product_tag-street-value-of-percocet","17":"product_tag-generic-percocet","18":"product_tag-gul-percoce","19":"product_tag-hvad-bruges-percocet-til","20":"product_tag-hvad-er-percocet","21":"product_tag-hvor-lnge-bliver-percocet-i-din-urin","22":"product_tag-hvor-lnge-bliver-percocet-i-dit-system","23":"product_tag-hvordan-fles-percocet-som","24":"product_tag-hvordan-ligner-en-percocet-ud","25":"product_tag-hvordan-ligner-percocet-piller","26":"product_tag-kle-percocet","27":"product_tag-kb-percocet-online","28":"product_tag-pink-percocet","29":"product_tag-molly-percocet","30":"product_tag-molly-percocet-sang","31":"product_tag-oxycodon-vs-percocet","32":"product_tag-oxycontin-vs-percocet","33":"product_tag-percocet-10","34":"product_tag-percocet-10-billeder","35":"product_tag-percocet-10-gul","36":"product_tag-percocet-10-325","37":"product_tag-percocet-10-325-efectos-hvid","38":"product_tag-percocet-10-325-effekter","39":"product_tag-percocet-10-325-espanol","40":"product_tag-percocet-10mg","41":"product_tag-percocet-15","42":"product_tag-percocet-15-mg","43":"product_tag-percocet-20-mg","44":"product_tag-percocet-30","45":"product_tag-percocet-30-mg","46":"product_tag-percocet-325","47":"product_tag-percocet-5","48":"product_tag-percocet-5-mg","49":"product_tag-percocet-5-325","50":"product_tag-percocet-5-325-pris","51":"product_tag-percocet-512","52":"product_tag-percocet-7-5","53":"product_tag-percocet-7-5-325-effekter","54":"product_tag-percocet-and-xanax","55":"product_tag-percocet-bivirkninger","56":"product_tag-percocet-dosage","57":"product_tag-percocet-effekter","58":"product_tag-percocet-flelse","59":"product_tag-percocet-gade-vrdi","60":"product_tag-percocet-hj","61":"product_tag-percocet-in-spanish","62":"product_tag-percocet-molly","63":"product_tag-percocet-og-alkohol","64":"product_tag-percocet-online","65":"product_tag-percocet-pille","66":"product_tag-percocet-piller","67":"product_tag-percocet-piller-til-salg","68":"product_tag-percocet-pills-images","69":"product_tag-percocet-sang","70":"product_tag-percocet-smertestillende-piller","71":"product_tag-percocet-stof","72":"product_tag-percocet-tilbagetrkning","73":"product_tag-percocet-vs-tramadol","74":"product_tag-percocet-vs-vicodin","75":"product_tag-piller-der-ligner-percocet-5mg","76":"product_tag-piller-der-ligner-percocet","77":"product_tag-smerte-piller-til-salg-percocet","78":"product_tag-tramadol-vs-percocet","79":"product_tag-vicodin-vs-percocet","80":"product_tag-virkninger-af-percocet","82":"first","83":"instock","84":"shipping-taxable","85":"purchasable","86":"product-type-variable","87":"has-default-attributes"},"yoast_head":"<!-- This site is optimized with the Yoast SEO plugin v27.3 - https:\/\/yoast.com\/product\/yoast-seo-wordpress\/ -->\n<title>K\u00f8b Percocet 10mg piller - Bedste bedste globale medicin<\/title>\n<meta name=\"description\" content=\"K\u00f8b Percocet 10mg piller online. St\u00e6rke sovemedicin, smertestillende medicin, online apotek dk, , smertestillende medicin til salg, smertestillende medicin, online medicin k\u00f8b, k\u00f8b smertestillende medicin online, k\u00f8b smertestillende medicin online.\" \/>\n<meta name=\"robots\" content=\"index, follow, max-snippet:-1, max-image-preview:large, max-video-preview:-1\" \/>\n<link rel=\"canonical\" href=\"https:\/\/medicinasinc.com\/da\/product\/kob-percocet-10mg-piller\/\" \/>\n<meta property=\"og:locale\" content=\"en_US\" \/>\n<meta property=\"og:type\" content=\"article\" \/>\n<meta property=\"og:title\" content=\"K\u00f8b Percocet 10mg piller - Bedste bedste globale medicin\" \/>\n<meta property=\"og:description\" content=\"K\u00f8b Percocet 10mg piller online. St\u00e6rke sovemedicin, smertestillende medicin, online apotek dk, , smertestillende medicin til salg, smertestillende medicin, online medicin k\u00f8b, k\u00f8b smertestillende medicin online, k\u00f8b smertestillende medicin online.\" \/>\n<meta property=\"og:url\" content=\"https:\/\/medicinasinc.com\/da\/product\/kob-percocet-10mg-piller\/\" \/>\n<meta property=\"og:site_name\" content=\"Medicinas Inc\" \/>\n<meta property=\"article:modified_time\" content=\"2022-03-20T00:39:40+00:00\" \/>\n<meta property=\"og:image\" content=\"https:\/\/medicinasinc.com\/da\/wp-content\/uploads\/sites\/8\/2022\/02\/Buy-Percocet-10mg-pills.jpg\" \/>\n\t<meta property=\"og:image:width\" content=\"600\" \/>\n\t<meta property=\"og:image:height\" content=\"400\" \/>\n\t<meta property=\"og:image:type\" content=\"image\/jpeg\" \/>\n<meta name=\"twitter:card\" content=\"summary_large_image\" \/>\n<meta name=\"twitter:label1\" content=\"Est. reading time\" \/>\n\t<meta name=\"twitter:data1\" content=\"5 minutes\" \/>\n<script type=\"application\/ld+json\" class=\"yoast-schema-graph\">{\"@context\":\"https:\\\/\\\/schema.org\",\"@graph\":[{\"@type\":\"WebPage\",\"@id\":\"https:\\\/\\\/medicinasinc.com\\\/da\\\/product\\\/kob-percocet-10mg-piller\\\/\",\"url\":\"https:\\\/\\\/medicinasinc.com\\\/da\\\/product\\\/kob-percocet-10mg-piller\\\/\",\"name\":\"K\u00f8b Percocet 10mg piller - Bedste bedste globale medicin\",\"isPartOf\":{\"@id\":\"https:\\\/\\\/medicinasinc.com\\\/da\\\/#website\"},\"primaryImageOfPage\":{\"@id\":\"https:\\\/\\\/medicinasinc.com\\\/da\\\/product\\\/kob-percocet-10mg-piller\\\/#primaryimage\"},\"image\":{\"@id\":\"https:\\\/\\\/medicinasinc.com\\\/da\\\/product\\\/kob-percocet-10mg-piller\\\/#primaryimage\"},\"thumbnailUrl\":\"https:\\\/\\\/medicinasinc.com\\\/da\\\/wp-content\\\/uploads\\\/sites\\\/8\\\/2022\\\/02\\\/Buy-Percocet-10mg-pills.jpg\",\"datePublished\":\"2022-02-21T18:18:17+00:00\",\"dateModified\":\"2022-03-20T00:39:40+00:00\",\"description\":\"K\u00f8b Percocet 10mg piller online. St\u00e6rke sovemedicin, smertestillende medicin, online apotek dk, , smertestillende medicin til salg, smertestillende medicin, online medicin k\u00f8b, k\u00f8b smertestillende medicin online, k\u00f8b smertestillende medicin online.\",\"breadcrumb\":{\"@id\":\"https:\\\/\\\/medicinasinc.com\\\/da\\\/product\\\/kob-percocet-10mg-piller\\\/#breadcrumb\"},\"inLanguage\":\"en-US\",\"potentialAction\":[{\"@type\":\"ReadAction\",\"target\":[\"https:\\\/\\\/medicinasinc.com\\\/da\\\/product\\\/kob-percocet-10mg-piller\\\/\"]}]},{\"@type\":\"ImageObject\",\"inLanguage\":\"en-US\",\"@id\":\"https:\\\/\\\/medicinasinc.com\\\/da\\\/product\\\/kob-percocet-10mg-piller\\\/#primaryimage\",\"url\":\"https:\\\/\\\/medicinasinc.com\\\/da\\\/wp-content\\\/uploads\\\/sites\\\/8\\\/2022\\\/02\\\/Buy-Percocet-10mg-pills.jpg\",\"contentUrl\":\"https:\\\/\\\/medicinasinc.com\\\/da\\\/wp-content\\\/uploads\\\/sites\\\/8\\\/2022\\\/02\\\/Buy-Percocet-10mg-pills.jpg\",\"width\":600,\"height\":400},{\"@type\":\"BreadcrumbList\",\"@id\":\"https:\\\/\\\/medicinasinc.com\\\/da\\\/product\\\/kob-percocet-10mg-piller\\\/#breadcrumb\",\"itemListElement\":[{\"@type\":\"ListItem\",\"position\":1,\"name\":\"Butik\",\"item\":\"https:\\\/\\\/medicinasinc.com\\\/da\\\/butik\\\/\"},{\"@type\":\"ListItem\",\"position\":2,\"name\":\"K\u00f8b Percocet 10mg piller\"}]},{\"@type\":\"WebSite\",\"@id\":\"https:\\\/\\\/medicinasinc.com\\\/da\\\/#website\",\"url\":\"https:\\\/\\\/medicinasinc.com\\\/da\\\/\",\"name\":\"Medicinas Inc\",\"description\":\"Health Medical Clinic\",\"potentialAction\":[{\"@type\":\"SearchAction\",\"target\":{\"@type\":\"EntryPoint\",\"urlTemplate\":\"https:\\\/\\\/medicinasinc.com\\\/da\\\/?s={search_term_string}\"},\"query-input\":{\"@type\":\"PropertyValueSpecification\",\"valueRequired\":true,\"valueName\":\"search_term_string\"}}],\"inLanguage\":\"en-US\"}]}<\/script>\n<!-- \/ Yoast SEO plugin. -->","yoast_head_json":{"title":"K\u00f8b Percocet 10mg piller - Bedste bedste globale medicin","description":"K\u00f8b Percocet 10mg piller online. St\u00e6rke sovemedicin, smertestillende medicin, online apotek dk, , smertestillende medicin til salg, smertestillende medicin, online medicin k\u00f8b, k\u00f8b smertestillende medicin online, k\u00f8b smertestillende medicin online.","robots":{"index":"index","follow":"follow","max-snippet":"max-snippet:-1","max-image-preview":"max-image-preview:large","max-video-preview":"max-video-preview:-1"},"canonical":"https:\/\/medicinasinc.com\/da\/product\/kob-percocet-10mg-piller\/","og_locale":"en_US","og_type":"article","og_title":"K\u00f8b Percocet 10mg piller - Bedste bedste globale medicin","og_description":"K\u00f8b Percocet 10mg piller online. St\u00e6rke sovemedicin, smertestillende medicin, online apotek dk, , smertestillende medicin til salg, smertestillende medicin, online medicin k\u00f8b, k\u00f8b smertestillende medicin online, k\u00f8b smertestillende medicin online.","og_url":"https:\/\/medicinasinc.com\/da\/product\/kob-percocet-10mg-piller\/","og_site_name":"Medicinas Inc","article_modified_time":"2022-03-20T00:39:40+00:00","og_image":[{"width":600,"height":400,"url":"https:\/\/medicinasinc.com\/da\/wp-content\/uploads\/sites\/8\/2022\/02\/Buy-Percocet-10mg-pills.jpg","type":"image\/jpeg"}],"twitter_card":"summary_large_image","twitter_misc":{"Est. reading time":"5 minutes"},"schema":{"@context":"https:\/\/schema.org","@graph":[{"@type":"WebPage","@id":"https:\/\/medicinasinc.com\/da\/product\/kob-percocet-10mg-piller\/","url":"https:\/\/medicinasinc.com\/da\/product\/kob-percocet-10mg-piller\/","name":"K\u00f8b Percocet 10mg piller - Bedste bedste globale medicin","isPartOf":{"@id":"https:\/\/medicinasinc.com\/da\/#website"},"primaryImageOfPage":{"@id":"https:\/\/medicinasinc.com\/da\/product\/kob-percocet-10mg-piller\/#primaryimage"},"image":{"@id":"https:\/\/medicinasinc.com\/da\/product\/kob-percocet-10mg-piller\/#primaryimage"},"thumbnailUrl":"https:\/\/medicinasinc.com\/da\/wp-content\/uploads\/sites\/8\/2022\/02\/Buy-Percocet-10mg-pills.jpg","datePublished":"2022-02-21T18:18:17+00:00","dateModified":"2022-03-20T00:39:40+00:00","description":"K\u00f8b Percocet 10mg piller online. St\u00e6rke sovemedicin, smertestillende medicin, online apotek dk, , smertestillende medicin til salg, smertestillende medicin, online medicin k\u00f8b, k\u00f8b smertestillende medicin online, k\u00f8b smertestillende medicin online.","breadcrumb":{"@id":"https:\/\/medicinasinc.com\/da\/product\/kob-percocet-10mg-piller\/#breadcrumb"},"inLanguage":"en-US","potentialAction":[{"@type":"ReadAction","target":["https:\/\/medicinasinc.com\/da\/product\/kob-percocet-10mg-piller\/"]}]},{"@type":"ImageObject","inLanguage":"en-US","@id":"https:\/\/medicinasinc.com\/da\/product\/kob-percocet-10mg-piller\/#primaryimage","url":"https:\/\/medicinasinc.com\/da\/wp-content\/uploads\/sites\/8\/2022\/02\/Buy-Percocet-10mg-pills.jpg","contentUrl":"https:\/\/medicinasinc.com\/da\/wp-content\/uploads\/sites\/8\/2022\/02\/Buy-Percocet-10mg-pills.jpg","width":600,"height":400},{"@type":"BreadcrumbList","@id":"https:\/\/medicinasinc.com\/da\/product\/kob-percocet-10mg-piller\/#breadcrumb","itemListElement":[{"@type":"ListItem","position":1,"name":"Butik","item":"https:\/\/medicinasinc.com\/da\/butik\/"},{"@type":"ListItem","position":2,"name":"K\u00f8b Percocet 10mg piller"}]},{"@type":"WebSite","@id":"https:\/\/medicinasinc.com\/da\/#website","url":"https:\/\/medicinasinc.com\/da\/","name":"Medicinas Inc","description":"Health Medical Clinic","potentialAction":[{"@type":"SearchAction","target":{"@type":"EntryPoint","urlTemplate":"https:\/\/medicinasinc.com\/da\/?s={search_term_string}"},"query-input":{"@type":"PropertyValueSpecification","valueRequired":true,"valueName":"search_term_string"}}],"inLanguage":"en-US"}]}},"_links":{"self":[{"href":"https:\/\/medicinasinc.com\/da\/wp-json\/wp\/v2\/product\/5295","targetHints":{"allow":["GET"]}}],"collection":[{"href":"https:\/\/medicinasinc.com\/da\/wp-json\/wp\/v2\/product"}],"about":[{"href":"https:\/\/medicinasinc.com\/da\/wp-json\/wp\/v2\/types\/product"}],"replies":[{"embeddable":true,"href":"https:\/\/medicinasinc.com\/da\/wp-json\/wp\/v2\/comments?post=5295"}],"wp:featuredmedia":[{"embeddable":true,"href":"https:\/\/medicinasinc.com\/da\/wp-json\/wp\/v2\/media\/5305"}],"wp:attachment":[{"href":"https:\/\/medicinasinc.com\/da\/wp-json\/wp\/v2\/media?parent=5295"}],"wp:term":[{"taxonomy":"product_brand","embeddable":true,"href":"https:\/\/medicinasinc.com\/da\/wp-json\/wp\/v2\/product_brand?post=5295"},{"taxonomy":"product_cat","embeddable":true,"href":"https:\/\/medicinasinc.com\/da\/wp-json\/wp\/v2\/product_cat?post=5295"},{"taxonomy":"product_tag","embeddable":true,"href":"https:\/\/medicinasinc.com\/da\/wp-json\/wp\/v2\/product_tag?post=5295"}],"curies":[{"name":"wp","href":"https:\/\/api.w.org\/{rel}","templated":true}]}}