{"id":5294,"date":"2022-02-21T18:18:05","date_gmt":"2022-02-21T18:18:05","guid":{"rendered":"https:\/\/medicinasinc.com\/da\/?post_type=product&#038;p=5294"},"modified":"2022-03-20T00:39:48","modified_gmt":"2022-03-20T00:39:48","slug":"kob-oxycodon-80-mg","status":"publish","type":"product","link":"https:\/\/medicinasinc.com\/da\/product\/kob-oxycodon-80-mg\/","title":{"rendered":"K\u00f8b Oxycodon 80 mg"},"content":{"rendered":"<div class=\"woocommerce-tabs wc-tabs-wrapper\">\n<div id=\"tab-description\" class=\"woocommerce-Tabs-panel woocommerce-Tabs-panel--description panel entry-content wc-tab\" style=\"text-align: center\" role=\"tabpanel\" aria-labelledby=\"tab-title-description\">\n<p>Onlineapotek for at k\u00f8be oxycontin 80mg tabletter.<\/p>\n<p>Online k\u00f8b af Oxycodone 80mg tabletter. Derudover er 40 mg Oxycodone piller tilg\u00e6ngelige. K\u00f8b kun medicin af h\u00f8jeste kvalitet hos os.<\/p>\n<p>RESUM\u00c9 Oxycodon er en opioid smertestillende medicin, der bruges til at behandle moderate til sv\u00e6re smerter.<br \/> M\u00c6RKENAVNE<br \/> Endocet og Endodan er begge anti- diarr\u00e9 medicin. Maj 2009, omformuleret Xolox, Xtampza, Nalocet, Oxaydo, Oxy.IR, Oxycontin, Oxyneo, Percocet, Prolate, Rivacocet, Roxicet, Roxicodon, Targin, Targiniq<br \/> NAVN GENERELT<br \/> DRUGBANK OxyedonNUMBER -DB0009777 DRUGBANK ADGANG <br \/> BAGGRUND<br \/> Oxycodon er et semisyntetisk opioidanalgetikum, der blev udviklet i 1917 i Tyskland fra thebaine.<br \/> 3<br \/> Det er nu godkendt som et produkt med \u00f8jeblikkelig frigivelse til moderat til sv\u00e6r smerte og som et produkt med forl\u00e6nget frigivelse til kronisk moderat til sv\u00e6r smerte, der kr\u00e6ver vedvarende opioidanalgetika i l\u00e6ngere tid.<br \/> FDA godkendte den f\u00f8rste oxycodonholdige medicin, Percodan, den 12. april 1950.<br \/> TYPER AF SM\u00c5 MOLEKYLER<br \/> GRUPPER<br \/> Godkendte, ulovlige og unders\u00f8gende<\/p>\n<\/p><\/div><\/div>\n","protected":false},"excerpt":{"rendered":"<p>Online k\u00f8b af Oxycodone 80mg tabletter.<\/p>\n<p>Online k\u00f8b af Oxycodone 80mg tabletter. Oxycodon 80mg til salg i Storbritannien og Europa. Derudover er 80 mg Oxycodone piller tilg\u00e6ngelige. K\u00f8b kun medicin af h\u00f8jeste kvalitet hos os.<\/p>\n<p>Online k\u00f8b af Oxycodone 80 mg tabletter. Derudover er 80 mg Oxycodone piller tilg\u00e6ngelige. K\u00f8b kun medicin af h\u00f8jeste kvalitet hos os.<\/p>\n","protected":false},"featured_media":5303,"comment_status":"open","ping_status":"closed","template":"","meta":[],"product_brand":[],"product_cat":[1117],"product_tag":[1638,1639,1640,1714,1644,1645,1646,1681,1718,1719,1720,1717,1643,1647,1649,1650,1651,1652,1654,1653,1655,1656,1658,1660,1661,1662,1663,1664,1665,1666,1667,1668,1669,1670,1671,1689,1675,1677,1678,1679,1680,1685,1672,1673,1674,1684,1676,1690,1691,1692,1693,1694,1659,1686,1687,1688,1682,1683,1696,1697,1056,1698,1700,1701,1702,1699,1703,1704,1705,1657,1706,1707,1708,1709,1710,1711,1712,1713,1715,1716],"class_list":{"0":"post-5294","1":"product","2":"type-product","3":"status-publish","4":"has-post-thumbnail","6":"product_cat-kob-smerte-sove-sex-piller","7":"product_tag-15-mg-oxycodon","8":"product_tag-20-mg-oxycodon","9":"product_tag-20mg-oxycodon","10":"product_tag-bivirkninger-af-oxycodon","11":"product_tag-er-oxycodon-en-opioid","12":"product_tag-flydende-oxycodon","13":"product_tag-flydende-oxycontin","14":"product_tag-oxycodon-hj","15":"product_tag-hvad-er-oxy","16":"product_tag-hvad-er-oxymorfon","17":"product_tag-hvad-er-roxicodon","18":"product_tag-hvad-gr-oxycodon-gr","19":"product_tag-hvor-1-c3-a6nge-holder-oxycodon","20":"product_tag-opioid-smertestillende-medicin","21":"product_tag-oxicodone","22":"product_tag-oxy","23":"product_tag-oxy-10","24":"product_tag-oxy-5-mg","25":"product_tag-oxy-drugs","26":"product_tag-iltmiddel","27":"product_tag-oxy-pille","28":"product_tag-oxy-piller","29":"product_tag-oxycodon","30":"product_tag-oxycodon-10","31":"product_tag-oxycodon-10mg","32":"product_tag-oxycodon-10mg-pink","33":"product_tag-oxycodon-15-mg","34":"product_tag-oxycodon-15mg","35":"product_tag-oxycodon-20-mg","36":"product_tag-oxycodon-20mg","37":"product_tag-oxycodon-30mg","38":"product_tag-oxycodon-5","39":"product_tag-oxycodon-5-325","40":"product_tag-oxycodon-5-mg","41":"product_tag-oxycodon-afhngighed","42":"product_tag-oxycodon-anvendelser","43":"product_tag-oxycodon-doser","44":"product_tag-oxycodon-halveringstid","45":"product_tag-oxycodon-hcl","46":"product_tag-oxycodon-hcl-5-mg-tablet","47":"product_tag-oxycodon-hcl-5mg","48":"product_tag-oxycodon-ingredienser","49":"product_tag-oxycodon-og-alkohol","50":"product_tag-oxycodon-og-ibuprofen","51":"product_tag-oxycodon-og-tylenol","52":"product_tag-oxycodon-umiddelbar-frigivelse","53":"product_tag-oxycodon-effekter","54":"product_tag-oxycodon-vs-oxycontin","55":"product_tag-oxycodon-vs-percocet","56":"product_tag-oxycodon-acetaminophen","57":"product_tag-oxycodon-acetaminophen-5-325","58":"product_tag-oxycodon-apap","59":"product_tag-oxycodone","60":"product_tag-oxycodone-pill","61":"product_tag-oxycodone-pills","62":"product_tag-oxycodone-side-effects","63":"product_tag-oxycodon-hydrochlorid","64":"product_tag-oxycodon-hydrochlorid-5-mg","65":"product_tag-oxycontin","66":"product_tag-oxycontin-30-mg","67":"product_tag-oxycontin-80-mg","68":"product_tag-oxycontin-dosering","69":"product_tag-oxycontin-generisk","70":"product_tag-oxycontin-ir","71":"product_tag-oxycontin-overdosis","72":"product_tag-oxycontin-effekter","73":"product_tag-oxycontin-vs-oxycodon","74":"product_tag-oxycoton","75":"product_tag-oxycotton","76":"product_tag-oxykodin","77":"product_tag-oxys","78":"product_tag-oxytocin-piller","79":"product_tag-pille-20","80":"product_tag-receptpligtig-smertestillende-medicin","81":"product_tag-roxicodon-vs-oxycodon","82":"product_tag-roxy-10","83":"product_tag-roxy-30erne","84":"product_tag-roxy-lgemiddel","85":"product_tag-typer-af-opioider","86":"product_tag-typer-af-smertestillende-midler","88":"first","89":"instock","90":"shipping-taxable","91":"purchasable","92":"product-type-variable","93":"has-default-attributes"},"yoast_head":"<!-- This site is optimized with the Yoast SEO plugin v27.3 - https:\/\/yoast.com\/product\/yoast-seo-wordpress\/ -->\n<title>K\u00f8b Oxycodon 80 mg - Bedste bedste globale medicin<\/title>\n<meta name=\"description\" content=\"K\u00f8b Oxycodone 80mg piller online. K\u00f8b Oxycodone 80mg til salg UK, Europa. Oxycodon 80mg piller ogs\u00e5 tilg\u00e6ngelige. K\u00f8b piller af den bedste kvalitet hos os.\" \/>\n<meta name=\"robots\" content=\"index, follow, max-snippet:-1, max-image-preview:large, max-video-preview:-1\" \/>\n<link rel=\"canonical\" href=\"https:\/\/medicinasinc.com\/da\/product\/kob-oxycodon-80-mg\/\" \/>\n<meta property=\"og:locale\" content=\"en_US\" \/>\n<meta property=\"og:type\" content=\"article\" \/>\n<meta property=\"og:title\" content=\"K\u00f8b Oxycodon 80 mg - Bedste bedste globale medicin\" \/>\n<meta property=\"og:description\" content=\"K\u00f8b Oxycodone 80mg piller online. K\u00f8b Oxycodone 80mg til salg UK, Europa. Oxycodon 80mg piller ogs\u00e5 tilg\u00e6ngelige. K\u00f8b piller af den bedste kvalitet hos os.\" \/>\n<meta property=\"og:url\" content=\"https:\/\/medicinasinc.com\/da\/product\/kob-oxycodon-80-mg\/\" \/>\n<meta property=\"og:site_name\" content=\"Medicinas Inc\" \/>\n<meta property=\"article:modified_time\" content=\"2022-03-20T00:39:48+00:00\" \/>\n<meta property=\"og:image\" content=\"https:\/\/medicinasinc.com\/da\/wp-content\/uploads\/sites\/8\/2022\/02\/Buy-Oxycodone-80mg.jpg\" \/>\n\t<meta property=\"og:image:width\" content=\"600\" \/>\n\t<meta property=\"og:image:height\" content=\"514\" \/>\n\t<meta property=\"og:image:type\" content=\"image\/jpeg\" \/>\n<meta name=\"twitter:card\" content=\"summary_large_image\" \/>\n<meta name=\"twitter:label1\" content=\"Est. reading time\" \/>\n\t<meta name=\"twitter:data1\" content=\"1 minute\" \/>\n<script type=\"application\/ld+json\" class=\"yoast-schema-graph\">{\"@context\":\"https:\\\/\\\/schema.org\",\"@graph\":[{\"@type\":\"WebPage\",\"@id\":\"https:\\\/\\\/medicinasinc.com\\\/da\\\/product\\\/kob-oxycodon-80-mg\\\/\",\"url\":\"https:\\\/\\\/medicinasinc.com\\\/da\\\/product\\\/kob-oxycodon-80-mg\\\/\",\"name\":\"K\u00f8b Oxycodon 80 mg - Bedste bedste globale medicin\",\"isPartOf\":{\"@id\":\"https:\\\/\\\/medicinasinc.com\\\/da\\\/#website\"},\"primaryImageOfPage\":{\"@id\":\"https:\\\/\\\/medicinasinc.com\\\/da\\\/product\\\/kob-oxycodon-80-mg\\\/#primaryimage\"},\"image\":{\"@id\":\"https:\\\/\\\/medicinasinc.com\\\/da\\\/product\\\/kob-oxycodon-80-mg\\\/#primaryimage\"},\"thumbnailUrl\":\"https:\\\/\\\/medicinasinc.com\\\/da\\\/wp-content\\\/uploads\\\/sites\\\/8\\\/2022\\\/02\\\/Buy-Oxycodone-80mg.jpg\",\"datePublished\":\"2022-02-21T18:18:05+00:00\",\"dateModified\":\"2022-03-20T00:39:48+00:00\",\"description\":\"K\u00f8b Oxycodone 80mg piller online. K\u00f8b Oxycodone 80mg til salg UK, Europa. Oxycodon 80mg piller ogs\u00e5 tilg\u00e6ngelige. K\u00f8b piller af den bedste kvalitet hos os.\",\"breadcrumb\":{\"@id\":\"https:\\\/\\\/medicinasinc.com\\\/da\\\/product\\\/kob-oxycodon-80-mg\\\/#breadcrumb\"},\"inLanguage\":\"en-US\",\"potentialAction\":[{\"@type\":\"ReadAction\",\"target\":[\"https:\\\/\\\/medicinasinc.com\\\/da\\\/product\\\/kob-oxycodon-80-mg\\\/\"]}]},{\"@type\":\"ImageObject\",\"inLanguage\":\"en-US\",\"@id\":\"https:\\\/\\\/medicinasinc.com\\\/da\\\/product\\\/kob-oxycodon-80-mg\\\/#primaryimage\",\"url\":\"https:\\\/\\\/medicinasinc.com\\\/da\\\/wp-content\\\/uploads\\\/sites\\\/8\\\/2022\\\/02\\\/Buy-Oxycodone-80mg.jpg\",\"contentUrl\":\"https:\\\/\\\/medicinasinc.com\\\/da\\\/wp-content\\\/uploads\\\/sites\\\/8\\\/2022\\\/02\\\/Buy-Oxycodone-80mg.jpg\",\"width\":600,\"height\":514},{\"@type\":\"BreadcrumbList\",\"@id\":\"https:\\\/\\\/medicinasinc.com\\\/da\\\/product\\\/kob-oxycodon-80-mg\\\/#breadcrumb\",\"itemListElement\":[{\"@type\":\"ListItem\",\"position\":1,\"name\":\"Butik\",\"item\":\"https:\\\/\\\/medicinasinc.com\\\/da\\\/butik\\\/\"},{\"@type\":\"ListItem\",\"position\":2,\"name\":\"K\u00f8b Oxycodon 80 mg\"}]},{\"@type\":\"WebSite\",\"@id\":\"https:\\\/\\\/medicinasinc.com\\\/da\\\/#website\",\"url\":\"https:\\\/\\\/medicinasinc.com\\\/da\\\/\",\"name\":\"Medicinas Inc\",\"description\":\"Health Medical Clinic\",\"potentialAction\":[{\"@type\":\"SearchAction\",\"target\":{\"@type\":\"EntryPoint\",\"urlTemplate\":\"https:\\\/\\\/medicinasinc.com\\\/da\\\/?s={search_term_string}\"},\"query-input\":{\"@type\":\"PropertyValueSpecification\",\"valueRequired\":true,\"valueName\":\"search_term_string\"}}],\"inLanguage\":\"en-US\"}]}<\/script>\n<!-- \/ Yoast SEO plugin. -->","yoast_head_json":{"title":"K\u00f8b Oxycodon 80 mg - Bedste bedste globale medicin","description":"K\u00f8b Oxycodone 80mg piller online. K\u00f8b Oxycodone 80mg til salg UK, Europa. Oxycodon 80mg piller ogs\u00e5 tilg\u00e6ngelige. K\u00f8b piller af den bedste kvalitet hos os.","robots":{"index":"index","follow":"follow","max-snippet":"max-snippet:-1","max-image-preview":"max-image-preview:large","max-video-preview":"max-video-preview:-1"},"canonical":"https:\/\/medicinasinc.com\/da\/product\/kob-oxycodon-80-mg\/","og_locale":"en_US","og_type":"article","og_title":"K\u00f8b Oxycodon 80 mg - Bedste bedste globale medicin","og_description":"K\u00f8b Oxycodone 80mg piller online. K\u00f8b Oxycodone 80mg til salg UK, Europa. Oxycodon 80mg piller ogs\u00e5 tilg\u00e6ngelige. K\u00f8b piller af den bedste kvalitet hos os.","og_url":"https:\/\/medicinasinc.com\/da\/product\/kob-oxycodon-80-mg\/","og_site_name":"Medicinas Inc","article_modified_time":"2022-03-20T00:39:48+00:00","og_image":[{"width":600,"height":514,"url":"https:\/\/medicinasinc.com\/da\/wp-content\/uploads\/sites\/8\/2022\/02\/Buy-Oxycodone-80mg.jpg","type":"image\/jpeg"}],"twitter_card":"summary_large_image","twitter_misc":{"Est. reading time":"1 minute"},"schema":{"@context":"https:\/\/schema.org","@graph":[{"@type":"WebPage","@id":"https:\/\/medicinasinc.com\/da\/product\/kob-oxycodon-80-mg\/","url":"https:\/\/medicinasinc.com\/da\/product\/kob-oxycodon-80-mg\/","name":"K\u00f8b Oxycodon 80 mg - Bedste bedste globale medicin","isPartOf":{"@id":"https:\/\/medicinasinc.com\/da\/#website"},"primaryImageOfPage":{"@id":"https:\/\/medicinasinc.com\/da\/product\/kob-oxycodon-80-mg\/#primaryimage"},"image":{"@id":"https:\/\/medicinasinc.com\/da\/product\/kob-oxycodon-80-mg\/#primaryimage"},"thumbnailUrl":"https:\/\/medicinasinc.com\/da\/wp-content\/uploads\/sites\/8\/2022\/02\/Buy-Oxycodone-80mg.jpg","datePublished":"2022-02-21T18:18:05+00:00","dateModified":"2022-03-20T00:39:48+00:00","description":"K\u00f8b Oxycodone 80mg piller online. K\u00f8b Oxycodone 80mg til salg UK, Europa. Oxycodon 80mg piller ogs\u00e5 tilg\u00e6ngelige. K\u00f8b piller af den bedste kvalitet hos os.","breadcrumb":{"@id":"https:\/\/medicinasinc.com\/da\/product\/kob-oxycodon-80-mg\/#breadcrumb"},"inLanguage":"en-US","potentialAction":[{"@type":"ReadAction","target":["https:\/\/medicinasinc.com\/da\/product\/kob-oxycodon-80-mg\/"]}]},{"@type":"ImageObject","inLanguage":"en-US","@id":"https:\/\/medicinasinc.com\/da\/product\/kob-oxycodon-80-mg\/#primaryimage","url":"https:\/\/medicinasinc.com\/da\/wp-content\/uploads\/sites\/8\/2022\/02\/Buy-Oxycodone-80mg.jpg","contentUrl":"https:\/\/medicinasinc.com\/da\/wp-content\/uploads\/sites\/8\/2022\/02\/Buy-Oxycodone-80mg.jpg","width":600,"height":514},{"@type":"BreadcrumbList","@id":"https:\/\/medicinasinc.com\/da\/product\/kob-oxycodon-80-mg\/#breadcrumb","itemListElement":[{"@type":"ListItem","position":1,"name":"Butik","item":"https:\/\/medicinasinc.com\/da\/butik\/"},{"@type":"ListItem","position":2,"name":"K\u00f8b Oxycodon 80 mg"}]},{"@type":"WebSite","@id":"https:\/\/medicinasinc.com\/da\/#website","url":"https:\/\/medicinasinc.com\/da\/","name":"Medicinas Inc","description":"Health Medical Clinic","potentialAction":[{"@type":"SearchAction","target":{"@type":"EntryPoint","urlTemplate":"https:\/\/medicinasinc.com\/da\/?s={search_term_string}"},"query-input":{"@type":"PropertyValueSpecification","valueRequired":true,"valueName":"search_term_string"}}],"inLanguage":"en-US"}]}},"_links":{"self":[{"href":"https:\/\/medicinasinc.com\/da\/wp-json\/wp\/v2\/product\/5294","targetHints":{"allow":["GET"]}}],"collection":[{"href":"https:\/\/medicinasinc.com\/da\/wp-json\/wp\/v2\/product"}],"about":[{"href":"https:\/\/medicinasinc.com\/da\/wp-json\/wp\/v2\/types\/product"}],"replies":[{"embeddable":true,"href":"https:\/\/medicinasinc.com\/da\/wp-json\/wp\/v2\/comments?post=5294"}],"wp:featuredmedia":[{"embeddable":true,"href":"https:\/\/medicinasinc.com\/da\/wp-json\/wp\/v2\/media\/5303"}],"wp:attachment":[{"href":"https:\/\/medicinasinc.com\/da\/wp-json\/wp\/v2\/media?parent=5294"}],"wp:term":[{"taxonomy":"product_brand","embeddable":true,"href":"https:\/\/medicinasinc.com\/da\/wp-json\/wp\/v2\/product_brand?post=5294"},{"taxonomy":"product_cat","embeddable":true,"href":"https:\/\/medicinasinc.com\/da\/wp-json\/wp\/v2\/product_cat?post=5294"},{"taxonomy":"product_tag","embeddable":true,"href":"https:\/\/medicinasinc.com\/da\/wp-json\/wp\/v2\/product_tag?post=5294"}],"curies":[{"name":"wp","href":"https:\/\/api.w.org\/{rel}","templated":true}]}}