{"id":5293,"date":"2022-02-21T18:15:16","date_gmt":"2022-02-21T18:15:16","guid":{"rendered":"https:\/\/medicinasinc.com\/da\/?post_type=product&#038;p=5293"},"modified":"2022-03-20T00:39:57","modified_gmt":"2022-03-20T00:39:57","slug":"kobe-oxycodon-40mg-piller","status":"publish","type":"product","link":"https:\/\/medicinasinc.com\/da\/product\/kobe-oxycodon-40mg-piller\/","title":{"rendered":"K\u00f8b OxyCodone 40mg piller"},"content":{"rendered":"<p>Online k\u00f8b af Oxycodone 40mg tabletter.<\/p>\n<p>Online k\u00f8b af Oxycodone 40mg tabletter. Derudover s\u00e6lger vi kodein. P\u00e5 verdensplan anvendes smertestillende og anden medicin.<\/p>\n<p>Onlineapotek til k\u00f8b af OxyCodone 40mg tabletter.<\/p>\n<p>K\u00f8b Oxycodone Online | K\u00f8b Oxycodon 40mg uden recept<\/p>\n<p>Du kan f\u00e5 ekspreslevering ved at bruge et kreditkort.<\/p>\n<p>Denne medicin bruges til at hj\u00e6lpe med lindring af sv\u00e6re, vedvarende smerter (som f.eks. pga. kr\u00e6ft).<\/p>\n<p>Oxycodon er et opioidanalgetikum. Det virker ved at \u00e6ndre, hvordan din krop opfatter og reagerer p\u00e5 smerter i hjernen.<\/p>\n<p>De h\u00f8jere doser af denne medicin (mere end 40 mg pr. tablet) b\u00f8r kun bruges, hvis du har taget moderate til h\u00f8je doser af opioid smertestillende medicin p\u00e5 regelm\u00e6ssig basis. Disse styrker kan resultere i overdosis (og m\u00e5ske d\u00f8d), hvis de tages af en person, der ikke har brugt opioider p\u00e5 en konsekvent basis.<\/p>\n<p>Undg\u00e5 at bruge oxycodon med forl\u00e6nget frigivelse til at behandle smerte, der er minimal eller vil forsvinde inden for en f\u00e5 dage. Dette l\u00e6gemiddel er ikke beregnet til brug p\u00e5 &#8220;efter behov&#8221;.<\/p>\n","protected":false},"excerpt":{"rendered":"<div class=\"woocommerce-product-details__short-description\">\n<p>Onlineapotek for at k\u00f8be OxyCodone 40 mg tabletter. K\u00f8b Oxycodon online | K\u00f8b Oxycodon 40mg uden recept Du kan opn\u00e5 ekspreslevering ved at bruge en bankoverf\u00f8rsel.<\/p>\n<p>K\u00f8b Oxycodon 40mg Pills Online i Storbritannien og Europa, Bestil Billige Oxycodon Pills Online med&#8230; Du kan k\u00f8be oxycodon-tabletter online uden recept (ingen RX).<\/p>\n<\/p><\/div>\n","protected":false},"featured_media":5301,"comment_status":"open","ping_status":"closed","template":"","meta":[],"product_brand":[],"product_cat":[1117],"product_tag":[1638,1639,1640,1714,1641,1642,1644,1645,1646,1681,1718,1719,1720,1717,1643,1647,1648,1649,1650,1651,1652,1654,1653,1655,1656,1658,1660,1661,1662,1663,1664,1665,1666,1667,1668,1669,1670,1671,1689,1675,1677,1678,1679,1680,1685,1672,1673,1674,1684,1676,1690,1691,1692,1693,1694,1659,1686,1687,1688,1682,1683,1695,1696,1697,1056,1698,1700,1701,1702,1699,1703,1704,1705,1657,1706,1707,1708,1709,1710,1711,1712,1713,1715,1716],"class_list":{"0":"post-5293","1":"product","2":"type-product","3":"status-publish","4":"has-post-thumbnail","6":"product_cat-kob-smerte-sove-sex-piller","7":"product_tag-15-mg-oxycodon","8":"product_tag-20-mg-oxycodon","9":"product_tag-20mg-oxycodon","10":"product_tag-bivirkninger-af-oxycodon","11":"product_tag-dihydrohydroxycodeinone","12":"product_tag-dihydroxycodeinon","13":"product_tag-er-oxycodon-en-opioid","14":"product_tag-flydende-oxycodon","15":"product_tag-flydende-oxycontin","16":"product_tag-oxycodon-hj","17":"product_tag-hvad-er-oxy","18":"product_tag-hvad-er-oxymorfon","19":"product_tag-hvad-er-roxicodon","20":"product_tag-hvad-gr-oxycodon-gr","21":"product_tag-hvor-1-c3-a6nge-holder-oxycodon","22":"product_tag-opioid-smertestillende-medicin","23":"product_tag-oxicodona","24":"product_tag-oxicodone","25":"product_tag-oxy","26":"product_tag-oxy-10","27":"product_tag-oxy-5-mg","28":"product_tag-oxy-drugs","29":"product_tag-iltmiddel","30":"product_tag-oxy-pille","31":"product_tag-oxy-piller","32":"product_tag-oxycodon","33":"product_tag-oxycodon-10","34":"product_tag-oxycodon-10mg","35":"product_tag-oxycodon-10mg-pink","36":"product_tag-oxycodon-15-mg","37":"product_tag-oxycodon-15mg","38":"product_tag-oxycodon-20-mg","39":"product_tag-oxycodon-20mg","40":"product_tag-oxycodon-30mg","41":"product_tag-oxycodon-5","42":"product_tag-oxycodon-5-325","43":"product_tag-oxycodon-5-mg","44":"product_tag-oxycodon-afhngighed","45":"product_tag-oxycodon-anvendelser","46":"product_tag-oxycodon-doser","47":"product_tag-oxycodon-halveringstid","48":"product_tag-oxycodon-hcl","49":"product_tag-oxycodon-hcl-5-mg-tablet","50":"product_tag-oxycodon-hcl-5mg","51":"product_tag-oxycodon-ingredienser","52":"product_tag-oxycodon-og-alkohol","53":"product_tag-oxycodon-og-ibuprofen","54":"product_tag-oxycodon-og-tylenol","55":"product_tag-oxycodon-umiddelbar-frigivelse","56":"product_tag-oxycodon-effekter","57":"product_tag-oxycodon-vs-oxycontin","58":"product_tag-oxycodon-vs-percocet","59":"product_tag-oxycodon-acetaminophen","60":"product_tag-oxycodon-acetaminophen-5-325","61":"product_tag-oxycodon-apap","62":"product_tag-oxycodone","63":"product_tag-oxycodone-pill","64":"product_tag-oxycodone-pills","65":"product_tag-oxycodone-side-effects","66":"product_tag-oxycodon-hydrochlorid","67":"product_tag-oxycodon-hydrochlorid-5-mg","68":"product_tag-oxycodonum","69":"product_tag-oxycontin","70":"product_tag-oxycontin-30-mg","71":"product_tag-oxycontin-80-mg","72":"product_tag-oxycontin-dosering","73":"product_tag-oxycontin-generisk","74":"product_tag-oxycontin-ir","75":"product_tag-oxycontin-overdosis","76":"product_tag-oxycontin-effekter","77":"product_tag-oxycontin-vs-oxycodon","78":"product_tag-oxycoton","79":"product_tag-oxycotton","80":"product_tag-oxykodin","81":"product_tag-oxys","82":"product_tag-oxytocin-piller","83":"product_tag-pille-20","84":"product_tag-receptpligtig-smertestillende-medicin","85":"product_tag-roxicodon-vs-oxycodon","86":"product_tag-roxy-10","87":"product_tag-roxy-30erne","88":"product_tag-roxy-lgemiddel","89":"product_tag-typer-af-opioider","90":"product_tag-typer-af-smertestillende-midler","92":"first","93":"instock","94":"shipping-taxable","95":"purchasable","96":"product-type-variable","97":"has-default-attributes"},"yoast_head":"<!-- This site is optimized with the Yoast SEO plugin v27.3 - https:\/\/yoast.com\/product\/yoast-seo-wordpress\/ -->\n<title>K\u00f8b OxyCodone 40 mg piller - Bedste bedste globale medicin<\/title>\n<meta name=\"description\" content=\"K\u00f8b Oxycodon 40 mg piller til salg Storbritannien, Europa online,\u00a0bestil\u00a0billige\u00a0oxycodon 40 mg piller online\u00a0med ... Du kan\u00a0k\u00f8be oxycodon online-tabletter\u00a0uden recept (ingen RX).\" \/>\n<meta name=\"robots\" content=\"index, follow, max-snippet:-1, max-image-preview:large, max-video-preview:-1\" \/>\n<link rel=\"canonical\" href=\"https:\/\/medicinasinc.com\/da\/product\/kobe-oxycodon-40mg-piller\/\" \/>\n<meta property=\"og:locale\" content=\"en_US\" \/>\n<meta property=\"og:type\" content=\"article\" \/>\n<meta property=\"og:title\" content=\"K\u00f8b OxyCodone 40 mg piller - Bedste bedste globale medicin\" \/>\n<meta property=\"og:description\" content=\"K\u00f8b Oxycodon 40 mg piller til salg Storbritannien, Europa online,\u00a0bestil\u00a0billige\u00a0oxycodon 40 mg piller online\u00a0med ... Du kan\u00a0k\u00f8be oxycodon online-tabletter\u00a0uden recept (ingen RX).\" \/>\n<meta property=\"og:url\" content=\"https:\/\/medicinasinc.com\/da\/product\/kobe-oxycodon-40mg-piller\/\" \/>\n<meta property=\"og:site_name\" content=\"Medicinas Inc\" \/>\n<meta property=\"article:modified_time\" content=\"2022-03-20T00:39:57+00:00\" \/>\n<meta property=\"og:image\" content=\"https:\/\/medicinasinc.com\/da\/wp-content\/uploads\/sites\/8\/2022\/02\/Buy-OxyCodone-40mg.jpg\" \/>\n\t<meta property=\"og:image:width\" content=\"600\" \/>\n\t<meta property=\"og:image:height\" content=\"400\" \/>\n\t<meta property=\"og:image:type\" content=\"image\/jpeg\" \/>\n<meta name=\"twitter:card\" content=\"summary_large_image\" \/>\n<meta name=\"twitter:label1\" content=\"Est. reading time\" \/>\n\t<meta name=\"twitter:data1\" content=\"1 minute\" \/>\n<script type=\"application\/ld+json\" class=\"yoast-schema-graph\">{\"@context\":\"https:\\\/\\\/schema.org\",\"@graph\":[{\"@type\":\"WebPage\",\"@id\":\"https:\\\/\\\/medicinasinc.com\\\/da\\\/product\\\/kobe-oxycodon-40mg-piller\\\/\",\"url\":\"https:\\\/\\\/medicinasinc.com\\\/da\\\/product\\\/kobe-oxycodon-40mg-piller\\\/\",\"name\":\"K\u00f8b OxyCodone 40 mg piller - Bedste bedste globale medicin\",\"isPartOf\":{\"@id\":\"https:\\\/\\\/medicinasinc.com\\\/da\\\/#website\"},\"primaryImageOfPage\":{\"@id\":\"https:\\\/\\\/medicinasinc.com\\\/da\\\/product\\\/kobe-oxycodon-40mg-piller\\\/#primaryimage\"},\"image\":{\"@id\":\"https:\\\/\\\/medicinasinc.com\\\/da\\\/product\\\/kobe-oxycodon-40mg-piller\\\/#primaryimage\"},\"thumbnailUrl\":\"https:\\\/\\\/medicinasinc.com\\\/da\\\/wp-content\\\/uploads\\\/sites\\\/8\\\/2022\\\/02\\\/Buy-OxyCodone-40mg.jpg\",\"datePublished\":\"2022-02-21T18:15:16+00:00\",\"dateModified\":\"2022-03-20T00:39:57+00:00\",\"description\":\"K\u00f8b Oxycodon 40 mg piller til salg Storbritannien, Europa online,\u00a0bestil\u00a0billige\u00a0oxycodon 40 mg piller online\u00a0med ... Du kan\u00a0k\u00f8be oxycodon online-tabletter\u00a0uden recept (ingen RX).\",\"breadcrumb\":{\"@id\":\"https:\\\/\\\/medicinasinc.com\\\/da\\\/product\\\/kobe-oxycodon-40mg-piller\\\/#breadcrumb\"},\"inLanguage\":\"en-US\",\"potentialAction\":[{\"@type\":\"ReadAction\",\"target\":[\"https:\\\/\\\/medicinasinc.com\\\/da\\\/product\\\/kobe-oxycodon-40mg-piller\\\/\"]}]},{\"@type\":\"ImageObject\",\"inLanguage\":\"en-US\",\"@id\":\"https:\\\/\\\/medicinasinc.com\\\/da\\\/product\\\/kobe-oxycodon-40mg-piller\\\/#primaryimage\",\"url\":\"https:\\\/\\\/medicinasinc.com\\\/da\\\/wp-content\\\/uploads\\\/sites\\\/8\\\/2022\\\/02\\\/Buy-OxyCodone-40mg.jpg\",\"contentUrl\":\"https:\\\/\\\/medicinasinc.com\\\/da\\\/wp-content\\\/uploads\\\/sites\\\/8\\\/2022\\\/02\\\/Buy-OxyCodone-40mg.jpg\",\"width\":600,\"height\":400},{\"@type\":\"BreadcrumbList\",\"@id\":\"https:\\\/\\\/medicinasinc.com\\\/da\\\/product\\\/kobe-oxycodon-40mg-piller\\\/#breadcrumb\",\"itemListElement\":[{\"@type\":\"ListItem\",\"position\":1,\"name\":\"Butik\",\"item\":\"https:\\\/\\\/medicinasinc.com\\\/da\\\/butik\\\/\"},{\"@type\":\"ListItem\",\"position\":2,\"name\":\"K\u00f8b OxyCodone 40mg piller\"}]},{\"@type\":\"WebSite\",\"@id\":\"https:\\\/\\\/medicinasinc.com\\\/da\\\/#website\",\"url\":\"https:\\\/\\\/medicinasinc.com\\\/da\\\/\",\"name\":\"Medicinas Inc\",\"description\":\"Health Medical Clinic\",\"potentialAction\":[{\"@type\":\"SearchAction\",\"target\":{\"@type\":\"EntryPoint\",\"urlTemplate\":\"https:\\\/\\\/medicinasinc.com\\\/da\\\/?s={search_term_string}\"},\"query-input\":{\"@type\":\"PropertyValueSpecification\",\"valueRequired\":true,\"valueName\":\"search_term_string\"}}],\"inLanguage\":\"en-US\"}]}<\/script>\n<!-- \/ Yoast SEO plugin. -->","yoast_head_json":{"title":"K\u00f8b OxyCodone 40 mg piller - Bedste bedste globale medicin","description":"K\u00f8b Oxycodon 40 mg piller til salg Storbritannien, Europa online,\u00a0bestil\u00a0billige\u00a0oxycodon 40 mg piller online\u00a0med ... Du kan\u00a0k\u00f8be oxycodon online-tabletter\u00a0uden recept (ingen RX).","robots":{"index":"index","follow":"follow","max-snippet":"max-snippet:-1","max-image-preview":"max-image-preview:large","max-video-preview":"max-video-preview:-1"},"canonical":"https:\/\/medicinasinc.com\/da\/product\/kobe-oxycodon-40mg-piller\/","og_locale":"en_US","og_type":"article","og_title":"K\u00f8b OxyCodone 40 mg piller - Bedste bedste globale medicin","og_description":"K\u00f8b Oxycodon 40 mg piller til salg Storbritannien, Europa online,\u00a0bestil\u00a0billige\u00a0oxycodon 40 mg piller online\u00a0med ... Du kan\u00a0k\u00f8be oxycodon online-tabletter\u00a0uden recept (ingen RX).","og_url":"https:\/\/medicinasinc.com\/da\/product\/kobe-oxycodon-40mg-piller\/","og_site_name":"Medicinas Inc","article_modified_time":"2022-03-20T00:39:57+00:00","og_image":[{"width":600,"height":400,"url":"https:\/\/medicinasinc.com\/da\/wp-content\/uploads\/sites\/8\/2022\/02\/Buy-OxyCodone-40mg.jpg","type":"image\/jpeg"}],"twitter_card":"summary_large_image","twitter_misc":{"Est. reading time":"1 minute"},"schema":{"@context":"https:\/\/schema.org","@graph":[{"@type":"WebPage","@id":"https:\/\/medicinasinc.com\/da\/product\/kobe-oxycodon-40mg-piller\/","url":"https:\/\/medicinasinc.com\/da\/product\/kobe-oxycodon-40mg-piller\/","name":"K\u00f8b OxyCodone 40 mg piller - Bedste bedste globale medicin","isPartOf":{"@id":"https:\/\/medicinasinc.com\/da\/#website"},"primaryImageOfPage":{"@id":"https:\/\/medicinasinc.com\/da\/product\/kobe-oxycodon-40mg-piller\/#primaryimage"},"image":{"@id":"https:\/\/medicinasinc.com\/da\/product\/kobe-oxycodon-40mg-piller\/#primaryimage"},"thumbnailUrl":"https:\/\/medicinasinc.com\/da\/wp-content\/uploads\/sites\/8\/2022\/02\/Buy-OxyCodone-40mg.jpg","datePublished":"2022-02-21T18:15:16+00:00","dateModified":"2022-03-20T00:39:57+00:00","description":"K\u00f8b Oxycodon 40 mg piller til salg Storbritannien, Europa online,\u00a0bestil\u00a0billige\u00a0oxycodon 40 mg piller online\u00a0med ... Du kan\u00a0k\u00f8be oxycodon online-tabletter\u00a0uden recept (ingen RX).","breadcrumb":{"@id":"https:\/\/medicinasinc.com\/da\/product\/kobe-oxycodon-40mg-piller\/#breadcrumb"},"inLanguage":"en-US","potentialAction":[{"@type":"ReadAction","target":["https:\/\/medicinasinc.com\/da\/product\/kobe-oxycodon-40mg-piller\/"]}]},{"@type":"ImageObject","inLanguage":"en-US","@id":"https:\/\/medicinasinc.com\/da\/product\/kobe-oxycodon-40mg-piller\/#primaryimage","url":"https:\/\/medicinasinc.com\/da\/wp-content\/uploads\/sites\/8\/2022\/02\/Buy-OxyCodone-40mg.jpg","contentUrl":"https:\/\/medicinasinc.com\/da\/wp-content\/uploads\/sites\/8\/2022\/02\/Buy-OxyCodone-40mg.jpg","width":600,"height":400},{"@type":"BreadcrumbList","@id":"https:\/\/medicinasinc.com\/da\/product\/kobe-oxycodon-40mg-piller\/#breadcrumb","itemListElement":[{"@type":"ListItem","position":1,"name":"Butik","item":"https:\/\/medicinasinc.com\/da\/butik\/"},{"@type":"ListItem","position":2,"name":"K\u00f8b OxyCodone 40mg piller"}]},{"@type":"WebSite","@id":"https:\/\/medicinasinc.com\/da\/#website","url":"https:\/\/medicinasinc.com\/da\/","name":"Medicinas Inc","description":"Health Medical Clinic","potentialAction":[{"@type":"SearchAction","target":{"@type":"EntryPoint","urlTemplate":"https:\/\/medicinasinc.com\/da\/?s={search_term_string}"},"query-input":{"@type":"PropertyValueSpecification","valueRequired":true,"valueName":"search_term_string"}}],"inLanguage":"en-US"}]}},"_links":{"self":[{"href":"https:\/\/medicinasinc.com\/da\/wp-json\/wp\/v2\/product\/5293","targetHints":{"allow":["GET"]}}],"collection":[{"href":"https:\/\/medicinasinc.com\/da\/wp-json\/wp\/v2\/product"}],"about":[{"href":"https:\/\/medicinasinc.com\/da\/wp-json\/wp\/v2\/types\/product"}],"replies":[{"embeddable":true,"href":"https:\/\/medicinasinc.com\/da\/wp-json\/wp\/v2\/comments?post=5293"}],"wp:featuredmedia":[{"embeddable":true,"href":"https:\/\/medicinasinc.com\/da\/wp-json\/wp\/v2\/media\/5301"}],"wp:attachment":[{"href":"https:\/\/medicinasinc.com\/da\/wp-json\/wp\/v2\/media?parent=5293"}],"wp:term":[{"taxonomy":"product_brand","embeddable":true,"href":"https:\/\/medicinasinc.com\/da\/wp-json\/wp\/v2\/product_brand?post=5293"},{"taxonomy":"product_cat","embeddable":true,"href":"https:\/\/medicinasinc.com\/da\/wp-json\/wp\/v2\/product_cat?post=5293"},{"taxonomy":"product_tag","embeddable":true,"href":"https:\/\/medicinasinc.com\/da\/wp-json\/wp\/v2\/product_tag?post=5293"}],"curies":[{"name":"wp","href":"https:\/\/api.w.org\/{rel}","templated":true}]}}