{"id":5265,"date":"2022-02-20T22:55:20","date_gmt":"2022-02-20T22:55:20","guid":{"rendered":"https:\/\/medicinasinc.com\/da\/?post_type=product&#038;p=5265"},"modified":"2022-03-20T00:40:05","modified_gmt":"2022-03-20T00:40:05","slug":"kob-mogadon-nitrazepam-5mg-piller","status":"publish","type":"product","link":"https:\/\/medicinasinc.com\/da\/product\/kob-mogadon-nitrazepam-5mg-piller\/","title":{"rendered":"K\u00f8b Mogadon Nitrazepam 5mg piller"},"content":{"rendered":"<p>Online k\u00f8b af Mogadon Nitrazepam 5mg piller<br \/> Mogadon koster 0,31 USD pr. pille hos os p\u00e5 PocketPills. Mogadon kan v\u00e6re billigere, hvis din forsikring d\u00e6kker det. For at f\u00e5 hele prisen p\u00e5 Mogadon skal du desuden inkludere i udleverings- og forsendelsesomkostninger.<\/p>\n<p>Hvor meget koster Mogadon-udleveringsgebyret?<\/p>\n<p>Omkostningerne ved at udlevere Mogadon hos os er blot 7 USD . Pocketpills str\u00e6ber efter at give dig de laveste Mogadon-priser i Canada.<br \/> Husk, at vi leverer GRATIS FRAGT p\u00e5 alle ordrer globalt.<\/p>\n<div>\n<div>\n<div>\n<div class=\"margin- tl\">\n<div class=\"drugcontent-wrapper\">\n<div class=\"h4\">\n<ul>\n<li>Husk, vi tilbyder dig GRATIS forsendelse i Canada.<\/li>\n<\/ul><\/div><\/div><\/div><\/div><\/div><\/div>\n<div class=\"product-next-previous\">\n<div class=\"product-prev\"><\/div><\/div>\n","protected":false},"excerpt":{"rendered":"<p>Mogadon Nitrazepam 5mg piller til salg i Storbritannien og Europa. besv\u00e6r med at falde i s\u00f8vn, gentagne ophidselser i l\u00f8bet af natten og opv\u00e5gning tidligt om morgenen. Derudover bruges det til at overv\u00e5ge myokloniske anfald.<\/p>\n<p>Mogadon K\u00f8b online &#8211; Piller af h\u00f8jeste kvalitet K\u00f8b nitrazepam online uden recept, bestil og f\u00e5 din Mogadon leveret internationalt gennem hurtig levering.<\/p>\n<p>k\u00f8b nitrazepam xr 30 mg<\/p>\n<p>k\u00f8b nitrazepam natten over k\u00f8b nitrazepam uden recept online k\u00f8b nitrazepam i Costa Rica, Europa, Dubai, Kina, EU og i hele verden. Tabletter af generisk nitrazepam<\/p>\n","protected":false},"featured_media":5995,"comment_status":"open","ping_status":"closed","template":"","meta":[],"product_brand":[],"product_cat":[1117],"product_tag":[1630,1629,1631,1632,1633,1634,1635,1636,1637],"class_list":{"0":"post-5265","1":"product","2":"type-product","3":"status-publish","4":"has-post-thumbnail","6":"product_cat-kob-smerte-sove-sex-piller","7":"product_tag-buy-cheap-mogadon-nitrazepam","8":"product_tag-kb-nitrazepam-10mg-kb-mogadon-online-nitrazepam-5mg-til-salg-kb-mogadon-10mg","9":"product_tag-mogadon-nitrazepam","10":"product_tag-mogadon-nitrazepam-hvordan-stopper-man","11":"product_tag-mogadon-nitrazepam-abstinenser","12":"product_tag-nitrazepam-mogadon","13":"product_tag-reddit-mogadon-nitrazepam","14":"product_tag-reddit-mogadon-nitrazepam-withdrawal","15":"product_tag-reddit-nitrazepam-mogadon-tilbagetrkning","17":"first","18":"instock","19":"shipping-taxable","20":"purchasable","21":"product-type-variable","22":"has-default-attributes"},"yoast_head":"<!-- This site is optimized with the Yoast SEO plugin v27.3 - https:\/\/yoast.com\/product\/yoast-seo-wordpress\/ -->\n<title>K\u00f8b Mogadon Nitrazepam 5mg piller - bedste globale medicin<\/title>\n<meta name=\"description\" content=\"K\u00f8b Mogadon Nitrazepam 5mg piller til salg UK, Europa online. problemer med at nikke af, successive ophidselser i l\u00f8bet af natten og ophidselse tidligt om morgenen. Det bruges desuden til at overv\u00e5ge myokloniske anfald.\" \/>\n<meta name=\"robots\" content=\"index, follow, max-snippet:-1, max-image-preview:large, max-video-preview:-1\" \/>\n<link rel=\"canonical\" href=\"https:\/\/medicinasinc.com\/da\/product\/kob-mogadon-nitrazepam-5mg-piller\/\" \/>\n<meta property=\"og:locale\" content=\"en_US\" \/>\n<meta property=\"og:type\" content=\"article\" \/>\n<meta property=\"og:title\" content=\"K\u00f8b Mogadon Nitrazepam 5mg piller - bedste globale medicin\" \/>\n<meta property=\"og:description\" content=\"K\u00f8b Mogadon Nitrazepam 5mg piller til salg UK, Europa online. problemer med at nikke af, successive ophidselser i l\u00f8bet af natten og ophidselse tidligt om morgenen. Det bruges desuden til at overv\u00e5ge myokloniske anfald.\" \/>\n<meta property=\"og:url\" content=\"https:\/\/medicinasinc.com\/da\/product\/kob-mogadon-nitrazepam-5mg-piller\/\" \/>\n<meta property=\"og:site_name\" content=\"Medicinas Inc\" \/>\n<meta property=\"article:modified_time\" content=\"2022-03-20T00:40:05+00:00\" \/>\n<meta property=\"og:image\" content=\"https:\/\/medicinasinc.com\/da\/wp-content\/uploads\/sites\/8\/2022\/02\/Buy-Mogadon-Nitrazepam-5mg-pills.jpg\" \/>\n\t<meta property=\"og:image:width\" content=\"640\" \/>\n\t<meta property=\"og:image:height\" content=\"480\" \/>\n\t<meta property=\"og:image:type\" content=\"image\/jpeg\" \/>\n<meta name=\"twitter:card\" content=\"summary_large_image\" \/>\n<meta name=\"twitter:label1\" content=\"Est. reading time\" \/>\n\t<meta name=\"twitter:data1\" content=\"1 minute\" \/>\n<script type=\"application\/ld+json\" class=\"yoast-schema-graph\">{\"@context\":\"https:\\\/\\\/schema.org\",\"@graph\":[{\"@type\":\"WebPage\",\"@id\":\"https:\\\/\\\/medicinasinc.com\\\/da\\\/product\\\/kob-mogadon-nitrazepam-5mg-piller\\\/\",\"url\":\"https:\\\/\\\/medicinasinc.com\\\/da\\\/product\\\/kob-mogadon-nitrazepam-5mg-piller\\\/\",\"name\":\"K\u00f8b Mogadon Nitrazepam 5mg piller - bedste globale medicin\",\"isPartOf\":{\"@id\":\"https:\\\/\\\/medicinasinc.com\\\/da\\\/#website\"},\"primaryImageOfPage\":{\"@id\":\"https:\\\/\\\/medicinasinc.com\\\/da\\\/product\\\/kob-mogadon-nitrazepam-5mg-piller\\\/#primaryimage\"},\"image\":{\"@id\":\"https:\\\/\\\/medicinasinc.com\\\/da\\\/product\\\/kob-mogadon-nitrazepam-5mg-piller\\\/#primaryimage\"},\"thumbnailUrl\":\"https:\\\/\\\/medicinasinc.com\\\/da\\\/wp-content\\\/uploads\\\/sites\\\/8\\\/2022\\\/02\\\/Buy-Mogadon-Nitrazepam-5mg-pills.jpg\",\"datePublished\":\"2022-02-20T22:55:20+00:00\",\"dateModified\":\"2022-03-20T00:40:05+00:00\",\"description\":\"K\u00f8b Mogadon Nitrazepam 5mg piller til salg UK, Europa online. problemer med at nikke af, successive ophidselser i l\u00f8bet af natten og ophidselse tidligt om morgenen. Det bruges desuden til at overv\u00e5ge myokloniske anfald.\",\"breadcrumb\":{\"@id\":\"https:\\\/\\\/medicinasinc.com\\\/da\\\/product\\\/kob-mogadon-nitrazepam-5mg-piller\\\/#breadcrumb\"},\"inLanguage\":\"en-US\",\"potentialAction\":[{\"@type\":\"ReadAction\",\"target\":[\"https:\\\/\\\/medicinasinc.com\\\/da\\\/product\\\/kob-mogadon-nitrazepam-5mg-piller\\\/\"]}]},{\"@type\":\"ImageObject\",\"inLanguage\":\"en-US\",\"@id\":\"https:\\\/\\\/medicinasinc.com\\\/da\\\/product\\\/kob-mogadon-nitrazepam-5mg-piller\\\/#primaryimage\",\"url\":\"https:\\\/\\\/medicinasinc.com\\\/da\\\/wp-content\\\/uploads\\\/sites\\\/8\\\/2022\\\/02\\\/Buy-Mogadon-Nitrazepam-5mg-pills.jpg\",\"contentUrl\":\"https:\\\/\\\/medicinasinc.com\\\/da\\\/wp-content\\\/uploads\\\/sites\\\/8\\\/2022\\\/02\\\/Buy-Mogadon-Nitrazepam-5mg-pills.jpg\",\"width\":640,\"height\":480,\"caption\":\"Buy Mogadon Nitrazepam 5mg pills\"},{\"@type\":\"BreadcrumbList\",\"@id\":\"https:\\\/\\\/medicinasinc.com\\\/da\\\/product\\\/kob-mogadon-nitrazepam-5mg-piller\\\/#breadcrumb\",\"itemListElement\":[{\"@type\":\"ListItem\",\"position\":1,\"name\":\"Butik\",\"item\":\"https:\\\/\\\/medicinasinc.com\\\/da\\\/butik\\\/\"},{\"@type\":\"ListItem\",\"position\":2,\"name\":\"K\u00f8b Mogadon Nitrazepam 5mg piller\"}]},{\"@type\":\"WebSite\",\"@id\":\"https:\\\/\\\/medicinasinc.com\\\/da\\\/#website\",\"url\":\"https:\\\/\\\/medicinasinc.com\\\/da\\\/\",\"name\":\"Medicinas Inc\",\"description\":\"Health Medical Clinic\",\"potentialAction\":[{\"@type\":\"SearchAction\",\"target\":{\"@type\":\"EntryPoint\",\"urlTemplate\":\"https:\\\/\\\/medicinasinc.com\\\/da\\\/?s={search_term_string}\"},\"query-input\":{\"@type\":\"PropertyValueSpecification\",\"valueRequired\":true,\"valueName\":\"search_term_string\"}}],\"inLanguage\":\"en-US\"}]}<\/script>\n<!-- \/ Yoast SEO plugin. -->","yoast_head_json":{"title":"K\u00f8b Mogadon Nitrazepam 5mg piller - bedste globale medicin","description":"K\u00f8b Mogadon Nitrazepam 5mg piller til salg UK, Europa online. problemer med at nikke af, successive ophidselser i l\u00f8bet af natten og ophidselse tidligt om morgenen. Det bruges desuden til at overv\u00e5ge myokloniske anfald.","robots":{"index":"index","follow":"follow","max-snippet":"max-snippet:-1","max-image-preview":"max-image-preview:large","max-video-preview":"max-video-preview:-1"},"canonical":"https:\/\/medicinasinc.com\/da\/product\/kob-mogadon-nitrazepam-5mg-piller\/","og_locale":"en_US","og_type":"article","og_title":"K\u00f8b Mogadon Nitrazepam 5mg piller - bedste globale medicin","og_description":"K\u00f8b Mogadon Nitrazepam 5mg piller til salg UK, Europa online. problemer med at nikke af, successive ophidselser i l\u00f8bet af natten og ophidselse tidligt om morgenen. Det bruges desuden til at overv\u00e5ge myokloniske anfald.","og_url":"https:\/\/medicinasinc.com\/da\/product\/kob-mogadon-nitrazepam-5mg-piller\/","og_site_name":"Medicinas Inc","article_modified_time":"2022-03-20T00:40:05+00:00","og_image":[{"width":640,"height":480,"url":"https:\/\/medicinasinc.com\/da\/wp-content\/uploads\/sites\/8\/2022\/02\/Buy-Mogadon-Nitrazepam-5mg-pills.jpg","type":"image\/jpeg"}],"twitter_card":"summary_large_image","twitter_misc":{"Est. reading time":"1 minute"},"schema":{"@context":"https:\/\/schema.org","@graph":[{"@type":"WebPage","@id":"https:\/\/medicinasinc.com\/da\/product\/kob-mogadon-nitrazepam-5mg-piller\/","url":"https:\/\/medicinasinc.com\/da\/product\/kob-mogadon-nitrazepam-5mg-piller\/","name":"K\u00f8b Mogadon Nitrazepam 5mg piller - bedste globale medicin","isPartOf":{"@id":"https:\/\/medicinasinc.com\/da\/#website"},"primaryImageOfPage":{"@id":"https:\/\/medicinasinc.com\/da\/product\/kob-mogadon-nitrazepam-5mg-piller\/#primaryimage"},"image":{"@id":"https:\/\/medicinasinc.com\/da\/product\/kob-mogadon-nitrazepam-5mg-piller\/#primaryimage"},"thumbnailUrl":"https:\/\/medicinasinc.com\/da\/wp-content\/uploads\/sites\/8\/2022\/02\/Buy-Mogadon-Nitrazepam-5mg-pills.jpg","datePublished":"2022-02-20T22:55:20+00:00","dateModified":"2022-03-20T00:40:05+00:00","description":"K\u00f8b Mogadon Nitrazepam 5mg piller til salg UK, Europa online. problemer med at nikke af, successive ophidselser i l\u00f8bet af natten og ophidselse tidligt om morgenen. Det bruges desuden til at overv\u00e5ge myokloniske anfald.","breadcrumb":{"@id":"https:\/\/medicinasinc.com\/da\/product\/kob-mogadon-nitrazepam-5mg-piller\/#breadcrumb"},"inLanguage":"en-US","potentialAction":[{"@type":"ReadAction","target":["https:\/\/medicinasinc.com\/da\/product\/kob-mogadon-nitrazepam-5mg-piller\/"]}]},{"@type":"ImageObject","inLanguage":"en-US","@id":"https:\/\/medicinasinc.com\/da\/product\/kob-mogadon-nitrazepam-5mg-piller\/#primaryimage","url":"https:\/\/medicinasinc.com\/da\/wp-content\/uploads\/sites\/8\/2022\/02\/Buy-Mogadon-Nitrazepam-5mg-pills.jpg","contentUrl":"https:\/\/medicinasinc.com\/da\/wp-content\/uploads\/sites\/8\/2022\/02\/Buy-Mogadon-Nitrazepam-5mg-pills.jpg","width":640,"height":480,"caption":"Buy Mogadon Nitrazepam 5mg pills"},{"@type":"BreadcrumbList","@id":"https:\/\/medicinasinc.com\/da\/product\/kob-mogadon-nitrazepam-5mg-piller\/#breadcrumb","itemListElement":[{"@type":"ListItem","position":1,"name":"Butik","item":"https:\/\/medicinasinc.com\/da\/butik\/"},{"@type":"ListItem","position":2,"name":"K\u00f8b Mogadon Nitrazepam 5mg piller"}]},{"@type":"WebSite","@id":"https:\/\/medicinasinc.com\/da\/#website","url":"https:\/\/medicinasinc.com\/da\/","name":"Medicinas Inc","description":"Health Medical Clinic","potentialAction":[{"@type":"SearchAction","target":{"@type":"EntryPoint","urlTemplate":"https:\/\/medicinasinc.com\/da\/?s={search_term_string}"},"query-input":{"@type":"PropertyValueSpecification","valueRequired":true,"valueName":"search_term_string"}}],"inLanguage":"en-US"}]}},"_links":{"self":[{"href":"https:\/\/medicinasinc.com\/da\/wp-json\/wp\/v2\/product\/5265","targetHints":{"allow":["GET"]}}],"collection":[{"href":"https:\/\/medicinasinc.com\/da\/wp-json\/wp\/v2\/product"}],"about":[{"href":"https:\/\/medicinasinc.com\/da\/wp-json\/wp\/v2\/types\/product"}],"replies":[{"embeddable":true,"href":"https:\/\/medicinasinc.com\/da\/wp-json\/wp\/v2\/comments?post=5265"}],"wp:featuredmedia":[{"embeddable":true,"href":"https:\/\/medicinasinc.com\/da\/wp-json\/wp\/v2\/media\/5995"}],"wp:attachment":[{"href":"https:\/\/medicinasinc.com\/da\/wp-json\/wp\/v2\/media?parent=5265"}],"wp:term":[{"taxonomy":"product_brand","embeddable":true,"href":"https:\/\/medicinasinc.com\/da\/wp-json\/wp\/v2\/product_brand?post=5265"},{"taxonomy":"product_cat","embeddable":true,"href":"https:\/\/medicinasinc.com\/da\/wp-json\/wp\/v2\/product_cat?post=5265"},{"taxonomy":"product_tag","embeddable":true,"href":"https:\/\/medicinasinc.com\/da\/wp-json\/wp\/v2\/product_tag?post=5265"}],"curies":[{"name":"wp","href":"https:\/\/api.w.org\/{rel}","templated":true}]}}