{"id":5264,"date":"2022-02-20T22:53:05","date_gmt":"2022-02-20T22:53:05","guid":{"rendered":"https:\/\/medicinasinc.com\/da\/?post_type=product&#038;p=5264"},"modified":"2022-03-20T00:40:16","modified_gmt":"2022-03-20T00:40:16","slug":"kob-motrin-ibuprofen-600mg-piller","status":"publish","type":"product","link":"https:\/\/medicinasinc.com\/da\/product\/kob-motrin-ibuprofen-600mg-piller\/","title":{"rendered":"K\u00f8b Motrin Ibuprofen 600mg piller"},"content":{"rendered":"<p>Motrin \u2013 Ibuprofen 600mg piller kan k\u00f8bes online.<br \/> Motrin Ibuprofen 600mg piller kan k\u00f8bes online.<\/p>\n<p>Ibuprofen 600mg f\u00e5s som tablet. Det er medlem af klassen af \u200b\u200bmedicin kendt som NSAID&#8217;er &#8211; ikke-steroide antiinflammatoriske l\u00e6gemidler. Det bruges til at behandle slidgigt, leddegigt, spinal arthritis, h\u00e6vede led, frossen skulder, bursitis, senebet\u00e6ndelse, seneskedehindebet\u00e6ndelse, ubehag i l\u00e6nden og forstuvninger og forstr\u00e6kninger.<\/p>\n<p>Ibuprofen 600 mg tabletter b\u00f8r opbevares ude af b\u00f8rns syn og r\u00e6kkevidde. Det skal opbevares i sin originale emballage og opbevares ved en temperatur p\u00e5 h\u00f8jst 25 grader Celsius.<\/p>\n","protected":false},"excerpt":{"rendered":"<div class=\"woocommerce-product-details__short-description\">\n<p>Motrin \u2013 Ibuprofen 600mg piller kan k\u00f8bes online. K\u00f8b Ibuprofen Online til ekstremt lave omkostninger. Engrosordrer kvalificerer til gratis forsendelse. Hvis du har ledt efter at k\u00f8be receptpligtig medicin online uden recept, er din s\u00f8gning f\u00e6rdig.<\/p>\n<p>Ibuprofen 600mg er tilg\u00e6ngelig i tabletform. Det er medlem af klassen af \u200b\u200bmedicin kendt som NSAID&#8217;er &#8211; Ikke-steroide antiinflammatoriske l\u00e6gemidler.<\/p>\n<p>Ibuprofen 600 mg tabletter, ibuprofen 600 mg receptpligtig styrke, ibuprofen 600 mg i h\u00e5ndk\u00f8b, ibuprofen 600 mg dosis til voksne, ibuprofen 600 mg pris pr. pille, ibuprofen 600 mg st\u00f8vler, motrin 600 mg, 600 mg ibuprofen h\u00e5ndk\u00f8b dk<\/p>\n<\/p><\/div>\n","protected":false},"featured_media":5282,"comment_status":"open","ping_status":"closed","template":"","meta":[],"product_brand":[],"product_cat":[1117],"product_tag":[1571,1572,1575,1576,1578,1579,1580,1602,1601,1573,1608,1609,1605,1606,1603,1604,1607,1577,1581,1582,1627,1628,1583,1585,1586,1588,1587,1584,1589,1590,1597,1592,1593,1594,1595,1596,1591,1574,1598,1599,1600,1610,1611,1612,1613,1616,1623,1622,1618,1619,1620,1621,1614,1615,1617,1624,1625,1626],"class_list":{"0":"post-5264","1":"product","2":"type-product","3":"status-publish","4":"has-post-thumbnail","6":"product_cat-kob-smerte-sove-sex-piller","7":"product_tag-600-mg-ibuprofen-hndkb-uk","8":"product_tag-advil-motrin-ibuprofen","9":"product_tag-are-motrin-and-ibuprofen-the-same","10":"product_tag-are-motrin-and-ibuprofen-the-same-thing","11":"product_tag-difference-between-motrin-and-ibuprofen","12":"product_tag-does-motrin-contain-ibuprofen","13":"product_tag-does-motrin-have-ibuprofen","14":"product_tag-er-ibuprofen-det-samme-som-motrin","15":"product_tag-er-ibuprofen-motrin","16":"product_tag-er-ibuprofen-og-motrin-det-samme","17":"product_tag-er-motrin-samme-som-ibuprofen","18":"product_tag-er-motrin-det-samme-som-ibuprofen","19":"product_tag-is-motrin-ibuprofen","20":"product_tag-er-motrin-ibuprofen-eller-acetaminophen","21":"product_tag-er-motrin-og-ibuprofen-det-samme","22":"product_tag-er-motrin-og-ibuprofen-det-samme-ting","23":"product_tag-er-motrin-lignende-ibuprofen","24":"product_tag-forskel-mellem-ibuprofen-og-motrin","25":"product_tag-har-motrin-ibuprofen-i-det","26":"product_tag-how-much-ibuprofen-in-motrin","27":"product_tag-hvad-er-forskellen-mellem-ibuprofen-og-motrin","28":"product_tag-hvad-er-forskellen-mellem-motrin-og-ibuprofen","29":"product_tag-ibuprofen-200mg-tabletter","30":"product_tag-ibuprofen-600-mg-dosering-til-voksne","31":"product_tag-ibuprofen-600-mg-i-hndkb","32":"product_tag-ibuprofen-600-mg-price-per-pill","33":"product_tag-ibuprofen-600-mg-receptpligtig-styrke","34":"product_tag-ibuprofen-600-mg-stvler","35":"product_tag-ibuprofen-600mg-tabletter","36":"product_tag-ibuprofen-advil-motrin","37":"product_tag-ibuprofen-samme-som-motrin","38":"product_tag-ibuprofen-is-motrin","39":"product_tag-ibuprofen-motrin","40":"product_tag-ibuprofen-motrin-600-mg","41":"product_tag-ibuprofen-motrin-800-mg","42":"product_tag-ibuprofen-motrin-800mg","43":"product_tag-ibuprofen-og-motrin","44":"product_tag-er-ibuprofen-og-mod-det-samme-ting","45":"product_tag-ibuprofen-vs-motrin","46":"product_tag-is-ibuprofen-and-motrin-the-same","47":"product_tag-is-ibuprofen-and-motrin-the-same-thing","48":"product_tag-is-motrin-the-same-thing-as-ibuprofen","49":"product_tag-motrin-600-mg","50":"product_tag-motrin-600-mg-vs-ibuprofen","51":"product_tag-motrin-800-vs-ibuprofen","52":"product_tag-motrin-and-ibuprofen-the-same-thing","53":"product_tag-motrin-det-samme-som-ibuprofen","54":"product_tag-motrin-er-ibuprofen","55":"product_tag-motrin-ib","56":"product_tag-motrin-ibuprofen","57":"product_tag-motrin-ibuprofen-200-mg","58":"product_tag-motrin-ibuprofen-dosering","59":"product_tag-motrin-og-ibuprofen","60":"product_tag-motrin-og-ibuprofen-det-samme","61":"product_tag-motrin-og-ibuprofen-sammen","62":"product_tag-motrin-versus-ibuprofen","63":"product_tag-motrin-vs-advil-vs-ibuprofen","64":"product_tag-motrin-vs-ibuprofen","66":"first","67":"instock","68":"shipping-taxable","69":"purchasable","70":"product-type-variable","71":"has-default-attributes"},"yoast_head":"<!-- This site is optimized with the Yoast SEO plugin v27.3 - https:\/\/yoast.com\/product\/yoast-seo-wordpress\/ -->\n<title>K\u00f8b Motrin Ibuprofen 600 mg piller - Bedste bedste globale medicin<\/title>\n<meta name=\"description\" content=\"K\u00f8b Motrin Ibuprofen 600 mg piller online. K\u00f8b Ibuprofen 600mg Online til meget billige priser. Gratis fragt p\u00e5 engrosordrer. Hvis du har ledt efter at k\u00f8be medicin online receptfrit, s\u00e5 er din s\u00f8gning slut.\" \/>\n<meta name=\"robots\" content=\"index, follow, max-snippet:-1, max-image-preview:large, max-video-preview:-1\" \/>\n<link rel=\"canonical\" href=\"https:\/\/medicinasinc.com\/da\/product\/kob-motrin-ibuprofen-600mg-piller\/\" \/>\n<meta property=\"og:locale\" content=\"en_US\" \/>\n<meta property=\"og:type\" content=\"article\" \/>\n<meta property=\"og:title\" content=\"K\u00f8b Motrin Ibuprofen 600 mg piller - Bedste bedste globale medicin\" \/>\n<meta property=\"og:description\" content=\"K\u00f8b Motrin Ibuprofen 600 mg piller online. K\u00f8b Ibuprofen 600mg Online til meget billige priser. Gratis fragt p\u00e5 engrosordrer. Hvis du har ledt efter at k\u00f8be medicin online receptfrit, s\u00e5 er din s\u00f8gning slut.\" \/>\n<meta property=\"og:url\" content=\"https:\/\/medicinasinc.com\/da\/product\/kob-motrin-ibuprofen-600mg-piller\/\" \/>\n<meta property=\"og:site_name\" content=\"Medicinas Inc\" \/>\n<meta property=\"article:modified_time\" content=\"2022-03-20T00:40:16+00:00\" \/>\n<meta property=\"og:image\" content=\"https:\/\/medicinasinc.com\/da\/wp-content\/uploads\/sites\/8\/2022\/02\/Buy-Motrin-Ibuprofen-600mg.jpg\" \/>\n\t<meta property=\"og:image:width\" content=\"1200\" \/>\n\t<meta property=\"og:image:height\" content=\"1200\" \/>\n\t<meta property=\"og:image:type\" content=\"image\/jpeg\" \/>\n<meta name=\"twitter:card\" content=\"summary_large_image\" \/>\n<meta name=\"twitter:label1\" content=\"Est. reading time\" \/>\n\t<meta name=\"twitter:data1\" content=\"1 minute\" \/>\n<script type=\"application\/ld+json\" class=\"yoast-schema-graph\">{\"@context\":\"https:\\\/\\\/schema.org\",\"@graph\":[{\"@type\":\"WebPage\",\"@id\":\"https:\\\/\\\/medicinasinc.com\\\/da\\\/product\\\/kob-motrin-ibuprofen-600mg-piller\\\/\",\"url\":\"https:\\\/\\\/medicinasinc.com\\\/da\\\/product\\\/kob-motrin-ibuprofen-600mg-piller\\\/\",\"name\":\"K\u00f8b Motrin Ibuprofen 600 mg piller - Bedste bedste globale medicin\",\"isPartOf\":{\"@id\":\"https:\\\/\\\/medicinasinc.com\\\/da\\\/#website\"},\"primaryImageOfPage\":{\"@id\":\"https:\\\/\\\/medicinasinc.com\\\/da\\\/product\\\/kob-motrin-ibuprofen-600mg-piller\\\/#primaryimage\"},\"image\":{\"@id\":\"https:\\\/\\\/medicinasinc.com\\\/da\\\/product\\\/kob-motrin-ibuprofen-600mg-piller\\\/#primaryimage\"},\"thumbnailUrl\":\"https:\\\/\\\/medicinasinc.com\\\/da\\\/wp-content\\\/uploads\\\/sites\\\/8\\\/2022\\\/02\\\/Buy-Motrin-Ibuprofen-600mg.jpg\",\"datePublished\":\"2022-02-20T22:53:05+00:00\",\"dateModified\":\"2022-03-20T00:40:16+00:00\",\"description\":\"K\u00f8b Motrin Ibuprofen 600 mg piller online. K\u00f8b Ibuprofen 600mg Online til meget billige priser. Gratis fragt p\u00e5 engrosordrer. Hvis du har ledt efter at k\u00f8be medicin online receptfrit, s\u00e5 er din s\u00f8gning slut.\",\"breadcrumb\":{\"@id\":\"https:\\\/\\\/medicinasinc.com\\\/da\\\/product\\\/kob-motrin-ibuprofen-600mg-piller\\\/#breadcrumb\"},\"inLanguage\":\"en-US\",\"potentialAction\":[{\"@type\":\"ReadAction\",\"target\":[\"https:\\\/\\\/medicinasinc.com\\\/da\\\/product\\\/kob-motrin-ibuprofen-600mg-piller\\\/\"]}]},{\"@type\":\"ImageObject\",\"inLanguage\":\"en-US\",\"@id\":\"https:\\\/\\\/medicinasinc.com\\\/da\\\/product\\\/kob-motrin-ibuprofen-600mg-piller\\\/#primaryimage\",\"url\":\"https:\\\/\\\/medicinasinc.com\\\/da\\\/wp-content\\\/uploads\\\/sites\\\/8\\\/2022\\\/02\\\/Buy-Motrin-Ibuprofen-600mg.jpg\",\"contentUrl\":\"https:\\\/\\\/medicinasinc.com\\\/da\\\/wp-content\\\/uploads\\\/sites\\\/8\\\/2022\\\/02\\\/Buy-Motrin-Ibuprofen-600mg.jpg\",\"width\":1200,\"height\":1200},{\"@type\":\"BreadcrumbList\",\"@id\":\"https:\\\/\\\/medicinasinc.com\\\/da\\\/product\\\/kob-motrin-ibuprofen-600mg-piller\\\/#breadcrumb\",\"itemListElement\":[{\"@type\":\"ListItem\",\"position\":1,\"name\":\"Butik\",\"item\":\"https:\\\/\\\/medicinasinc.com\\\/da\\\/butik\\\/\"},{\"@type\":\"ListItem\",\"position\":2,\"name\":\"K\u00f8b Motrin Ibuprofen 600mg piller\"}]},{\"@type\":\"WebSite\",\"@id\":\"https:\\\/\\\/medicinasinc.com\\\/da\\\/#website\",\"url\":\"https:\\\/\\\/medicinasinc.com\\\/da\\\/\",\"name\":\"Medicinas Inc\",\"description\":\"Health Medical Clinic\",\"potentialAction\":[{\"@type\":\"SearchAction\",\"target\":{\"@type\":\"EntryPoint\",\"urlTemplate\":\"https:\\\/\\\/medicinasinc.com\\\/da\\\/?s={search_term_string}\"},\"query-input\":{\"@type\":\"PropertyValueSpecification\",\"valueRequired\":true,\"valueName\":\"search_term_string\"}}],\"inLanguage\":\"en-US\"}]}<\/script>\n<!-- \/ Yoast SEO plugin. -->","yoast_head_json":{"title":"K\u00f8b Motrin Ibuprofen 600 mg piller - Bedste bedste globale medicin","description":"K\u00f8b Motrin Ibuprofen 600 mg piller online. K\u00f8b Ibuprofen 600mg Online til meget billige priser. Gratis fragt p\u00e5 engrosordrer. Hvis du har ledt efter at k\u00f8be medicin online receptfrit, s\u00e5 er din s\u00f8gning slut.","robots":{"index":"index","follow":"follow","max-snippet":"max-snippet:-1","max-image-preview":"max-image-preview:large","max-video-preview":"max-video-preview:-1"},"canonical":"https:\/\/medicinasinc.com\/da\/product\/kob-motrin-ibuprofen-600mg-piller\/","og_locale":"en_US","og_type":"article","og_title":"K\u00f8b Motrin Ibuprofen 600 mg piller - Bedste bedste globale medicin","og_description":"K\u00f8b Motrin Ibuprofen 600 mg piller online. K\u00f8b Ibuprofen 600mg Online til meget billige priser. Gratis fragt p\u00e5 engrosordrer. Hvis du har ledt efter at k\u00f8be medicin online receptfrit, s\u00e5 er din s\u00f8gning slut.","og_url":"https:\/\/medicinasinc.com\/da\/product\/kob-motrin-ibuprofen-600mg-piller\/","og_site_name":"Medicinas Inc","article_modified_time":"2022-03-20T00:40:16+00:00","og_image":[{"width":1200,"height":1200,"url":"https:\/\/medicinasinc.com\/da\/wp-content\/uploads\/sites\/8\/2022\/02\/Buy-Motrin-Ibuprofen-600mg.jpg","type":"image\/jpeg"}],"twitter_card":"summary_large_image","twitter_misc":{"Est. reading time":"1 minute"},"schema":{"@context":"https:\/\/schema.org","@graph":[{"@type":"WebPage","@id":"https:\/\/medicinasinc.com\/da\/product\/kob-motrin-ibuprofen-600mg-piller\/","url":"https:\/\/medicinasinc.com\/da\/product\/kob-motrin-ibuprofen-600mg-piller\/","name":"K\u00f8b Motrin Ibuprofen 600 mg piller - Bedste bedste globale medicin","isPartOf":{"@id":"https:\/\/medicinasinc.com\/da\/#website"},"primaryImageOfPage":{"@id":"https:\/\/medicinasinc.com\/da\/product\/kob-motrin-ibuprofen-600mg-piller\/#primaryimage"},"image":{"@id":"https:\/\/medicinasinc.com\/da\/product\/kob-motrin-ibuprofen-600mg-piller\/#primaryimage"},"thumbnailUrl":"https:\/\/medicinasinc.com\/da\/wp-content\/uploads\/sites\/8\/2022\/02\/Buy-Motrin-Ibuprofen-600mg.jpg","datePublished":"2022-02-20T22:53:05+00:00","dateModified":"2022-03-20T00:40:16+00:00","description":"K\u00f8b Motrin Ibuprofen 600 mg piller online. K\u00f8b Ibuprofen 600mg Online til meget billige priser. Gratis fragt p\u00e5 engrosordrer. Hvis du har ledt efter at k\u00f8be medicin online receptfrit, s\u00e5 er din s\u00f8gning slut.","breadcrumb":{"@id":"https:\/\/medicinasinc.com\/da\/product\/kob-motrin-ibuprofen-600mg-piller\/#breadcrumb"},"inLanguage":"en-US","potentialAction":[{"@type":"ReadAction","target":["https:\/\/medicinasinc.com\/da\/product\/kob-motrin-ibuprofen-600mg-piller\/"]}]},{"@type":"ImageObject","inLanguage":"en-US","@id":"https:\/\/medicinasinc.com\/da\/product\/kob-motrin-ibuprofen-600mg-piller\/#primaryimage","url":"https:\/\/medicinasinc.com\/da\/wp-content\/uploads\/sites\/8\/2022\/02\/Buy-Motrin-Ibuprofen-600mg.jpg","contentUrl":"https:\/\/medicinasinc.com\/da\/wp-content\/uploads\/sites\/8\/2022\/02\/Buy-Motrin-Ibuprofen-600mg.jpg","width":1200,"height":1200},{"@type":"BreadcrumbList","@id":"https:\/\/medicinasinc.com\/da\/product\/kob-motrin-ibuprofen-600mg-piller\/#breadcrumb","itemListElement":[{"@type":"ListItem","position":1,"name":"Butik","item":"https:\/\/medicinasinc.com\/da\/butik\/"},{"@type":"ListItem","position":2,"name":"K\u00f8b Motrin Ibuprofen 600mg piller"}]},{"@type":"WebSite","@id":"https:\/\/medicinasinc.com\/da\/#website","url":"https:\/\/medicinasinc.com\/da\/","name":"Medicinas Inc","description":"Health Medical Clinic","potentialAction":[{"@type":"SearchAction","target":{"@type":"EntryPoint","urlTemplate":"https:\/\/medicinasinc.com\/da\/?s={search_term_string}"},"query-input":{"@type":"PropertyValueSpecification","valueRequired":true,"valueName":"search_term_string"}}],"inLanguage":"en-US"}]}},"_links":{"self":[{"href":"https:\/\/medicinasinc.com\/da\/wp-json\/wp\/v2\/product\/5264","targetHints":{"allow":["GET"]}}],"collection":[{"href":"https:\/\/medicinasinc.com\/da\/wp-json\/wp\/v2\/product"}],"about":[{"href":"https:\/\/medicinasinc.com\/da\/wp-json\/wp\/v2\/types\/product"}],"replies":[{"embeddable":true,"href":"https:\/\/medicinasinc.com\/da\/wp-json\/wp\/v2\/comments?post=5264"}],"wp:featuredmedia":[{"embeddable":true,"href":"https:\/\/medicinasinc.com\/da\/wp-json\/wp\/v2\/media\/5282"}],"wp:attachment":[{"href":"https:\/\/medicinasinc.com\/da\/wp-json\/wp\/v2\/media?parent=5264"}],"wp:term":[{"taxonomy":"product_brand","embeddable":true,"href":"https:\/\/medicinasinc.com\/da\/wp-json\/wp\/v2\/product_brand?post=5264"},{"taxonomy":"product_cat","embeddable":true,"href":"https:\/\/medicinasinc.com\/da\/wp-json\/wp\/v2\/product_cat?post=5264"},{"taxonomy":"product_tag","embeddable":true,"href":"https:\/\/medicinasinc.com\/da\/wp-json\/wp\/v2\/product_tag?post=5264"}],"curies":[{"name":"wp","href":"https:\/\/api.w.org\/{rel}","templated":true}]}}