{"id":5263,"date":"2022-02-20T22:51:56","date_gmt":"2022-02-20T22:51:56","guid":{"rendered":"https:\/\/medicinasinc.com\/da\/?post_type=product&#038;p=5263"},"modified":"2022-03-20T00:40:24","modified_gmt":"2022-03-20T00:40:24","slug":"buy-naze-2mg-clonazepam","status":"publish","type":"product","link":"https:\/\/medicinasinc.com\/da\/product\/buy-naze-2mg-clonazepam\/","title":{"rendered":"K\u00f8b Naze 2mg Clonazepam"},"content":{"rendered":"<p>Online k\u00f8b af Naze 2mg Clonazepam tabletter<\/p>\n<p>Clonazepam bruges til at behandle anfald (epilepsi eller anfald) og uventede h\u00e6ndelser af alvorlig frygt, samt angst for disse anfald (panikangst), med eller uden en frygt for offentlige steder (agorafobi).<br \/> Clonazepam er medlem af klassen af \u200b\u200bmedicin kendt som benzodiazepiner. Clonazepams pr\u00e6cise virkningsmetode er ukendt; det menes dog at forbedre funktionen af \u200b\u200bet signalkemikalie i hjernen kaldet gamma-aminosm\u00f8rsyre (GABA), som hj\u00e6lper med at berolige den overdrevne elektriske nerveaktivitet, der for\u00e5rsager anfald (anfald) og panikangst.<\/p>\n<p>K\u00f8b Naze (Clonazepam) 2mg online uden recept fra vores butik via bankoverf\u00f8rsel. Diskret forsendelse natten over leveres fra Europa, Storbritannien og USA.<\/p>\n<p>Naze 2mg Clonazepam-piller kan k\u00f8bes online.<\/p>\n<p>Tag clonazepam n\u00f8jagtigt som foreskrevet af din l\u00e6ge.<\/p>\n<p>Naze\u00a0(Clonazepam)\u00a02mg. Du kan f\u00e5 Naze (Clonazepam) 2 mg tabletter uden recept online (ingen RX). Produktet er prissat som f\u00f8lger: pr. pille.<\/p>\n","protected":false},"excerpt":{"rendered":"<p>K\u00f8b Naze (Clonazepam) 2mg online uden recept fra vores butik via bankoverf\u00f8rsel. Diskret forsendelse natten over leveres fra Europa, Storbritannien og USA.<\/p>\n<p>Naze 2mg Clonazepam-piller kan k\u00f8bes online.<\/p>\n<p>Tag clonazepam n\u00f8jagtigt som foreskrevet af din l\u00e6ge.<\/p>\n<p>Naze\u00a0(Clonazepam)\u00a02mg. Du kan f\u00e5 Naze (Clonazepam) 2 mg tabletter uden recept online (ingen RX)<\/p>\n<div class=\"ULSxyf\">\n<div class=\"EyBRub\">\n<div>\n<div id=\"_QM5vYYzICdD2gQa--6GgAw40\" class=\"yp\" data-jiis=\"up\" data-async-type=\"kp_feedback\" data-ved=\"2ahUKEwiM6ImnxNjzAhVQe8AKHb59CDQQ68cEegQIKhAA\"><\/div>\n<\/p><\/div>\n<div class=\"LnbJhc\" data-count=\"11 \" data-iu=\"1\" data-hveid=\"CCoQAQ\" data-ved=\"2ahUKEwiM6ImnxNjzAhVQe8AKHb59CDQQyA0oAHoECCoQAQ\"><\/div>\n<\/p><\/div>\n<\/p><\/div>\n<p>&nbsp;<\/p>\n","protected":false},"featured_media":5280,"comment_status":"open","ping_status":"closed","template":"","meta":[],"product_brand":[],"product_cat":[1117],"product_tag":[1563,1564,1565,1566,1568,1567,1569,1570],"class_list":{"0":"post-5263","1":"product","2":"type-product","3":"status-publish","4":"has-post-thumbnail","6":"product_cat-kob-smerte-sove-sex-piller","7":"product_tag-clonazepam-anvendelser","8":"product_tag-naze-2mg-alternativ","9":"product_tag-naze-2mg-online","10":"product_tag-naze-2mg-pris-i-pakistan","11":"product_tag-naze-2mg-tablet-bruger","12":"product_tag-naze-2mg-tablet-pakistan","13":"product_tag-naze-tablet-anvendelser","14":"product_tag-naze-tablet-2mg-bivirkninger","16":"first","17":"instock","18":"shipping-taxable","19":"purchasable","20":"product-type-variable","21":"has-default-attributes"},"yoast_head":"<!-- This site is optimized with the Yoast SEO plugin v27.3 - https:\/\/yoast.com\/product\/yoast-seo-wordpress\/ -->\n<title>K\u00f8b Naze 2mg Clonazepam piller - Bedste bedste globale medicin<\/title>\n<meta name=\"description\" content=\"K\u00f8b Naze\u00a0(Clonazepam)\u00a02mg online med bankoverf\u00f8rsel uden recept fra vores butik. Diskret levering natten over tilg\u00e6ngelig fra Europa, Storbritannien og USA.\" \/>\n<meta name=\"robots\" content=\"index, follow, max-snippet:-1, max-image-preview:large, max-video-preview:-1\" \/>\n<link rel=\"canonical\" href=\"https:\/\/medicinasinc.com\/da\/product\/buy-naze-2mg-clonazepam\/\" \/>\n<meta property=\"og:locale\" content=\"en_US\" \/>\n<meta property=\"og:type\" content=\"article\" \/>\n<meta property=\"og:title\" content=\"K\u00f8b Naze 2mg Clonazepam piller - Bedste bedste globale medicin\" \/>\n<meta property=\"og:description\" content=\"K\u00f8b Naze\u00a0(Clonazepam)\u00a02mg online med bankoverf\u00f8rsel uden recept fra vores butik. Diskret levering natten over tilg\u00e6ngelig fra Europa, Storbritannien og USA.\" \/>\n<meta property=\"og:url\" content=\"https:\/\/medicinasinc.com\/da\/product\/buy-naze-2mg-clonazepam\/\" \/>\n<meta property=\"og:site_name\" content=\"Medicinas Inc\" \/>\n<meta property=\"article:modified_time\" content=\"2022-03-20T00:40:24+00:00\" \/>\n<meta property=\"og:image\" content=\"https:\/\/medicinasinc.com\/da\/wp-content\/uploads\/sites\/8\/2022\/02\/buy-naze-2mg-clonazepam-pills-online.jpg\" \/>\n\t<meta property=\"og:image:width\" content=\"600\" \/>\n\t<meta property=\"og:image:height\" content=\"600\" \/>\n\t<meta property=\"og:image:type\" content=\"image\/jpeg\" \/>\n<meta name=\"twitter:card\" content=\"summary_large_image\" \/>\n<meta name=\"twitter:label1\" content=\"Est. reading time\" \/>\n\t<meta name=\"twitter:data1\" content=\"1 minute\" \/>\n<script type=\"application\/ld+json\" class=\"yoast-schema-graph\">{\"@context\":\"https:\\\/\\\/schema.org\",\"@graph\":[{\"@type\":\"WebPage\",\"@id\":\"https:\\\/\\\/medicinasinc.com\\\/da\\\/product\\\/buy-naze-2mg-clonazepam\\\/\",\"url\":\"https:\\\/\\\/medicinasinc.com\\\/da\\\/product\\\/buy-naze-2mg-clonazepam\\\/\",\"name\":\"K\u00f8b Naze 2mg Clonazepam piller - Bedste bedste globale medicin\",\"isPartOf\":{\"@id\":\"https:\\\/\\\/medicinasinc.com\\\/da\\\/#website\"},\"primaryImageOfPage\":{\"@id\":\"https:\\\/\\\/medicinasinc.com\\\/da\\\/product\\\/buy-naze-2mg-clonazepam\\\/#primaryimage\"},\"image\":{\"@id\":\"https:\\\/\\\/medicinasinc.com\\\/da\\\/product\\\/buy-naze-2mg-clonazepam\\\/#primaryimage\"},\"thumbnailUrl\":\"https:\\\/\\\/medicinasinc.com\\\/da\\\/wp-content\\\/uploads\\\/sites\\\/8\\\/2022\\\/02\\\/buy-naze-2mg-clonazepam-pills-online.jpg\",\"datePublished\":\"2022-02-20T22:51:56+00:00\",\"dateModified\":\"2022-03-20T00:40:24+00:00\",\"description\":\"K\u00f8b Naze\u00a0(Clonazepam)\u00a02mg online med bankoverf\u00f8rsel uden recept fra vores butik. Diskret levering natten over tilg\u00e6ngelig fra Europa, Storbritannien og USA.\",\"breadcrumb\":{\"@id\":\"https:\\\/\\\/medicinasinc.com\\\/da\\\/product\\\/buy-naze-2mg-clonazepam\\\/#breadcrumb\"},\"inLanguage\":\"en-US\",\"potentialAction\":[{\"@type\":\"ReadAction\",\"target\":[\"https:\\\/\\\/medicinasinc.com\\\/da\\\/product\\\/buy-naze-2mg-clonazepam\\\/\"]}]},{\"@type\":\"ImageObject\",\"inLanguage\":\"en-US\",\"@id\":\"https:\\\/\\\/medicinasinc.com\\\/da\\\/product\\\/buy-naze-2mg-clonazepam\\\/#primaryimage\",\"url\":\"https:\\\/\\\/medicinasinc.com\\\/da\\\/wp-content\\\/uploads\\\/sites\\\/8\\\/2022\\\/02\\\/buy-naze-2mg-clonazepam-pills-online.jpg\",\"contentUrl\":\"https:\\\/\\\/medicinasinc.com\\\/da\\\/wp-content\\\/uploads\\\/sites\\\/8\\\/2022\\\/02\\\/buy-naze-2mg-clonazepam-pills-online.jpg\",\"width\":600,\"height\":600},{\"@type\":\"BreadcrumbList\",\"@id\":\"https:\\\/\\\/medicinasinc.com\\\/da\\\/product\\\/buy-naze-2mg-clonazepam\\\/#breadcrumb\",\"itemListElement\":[{\"@type\":\"ListItem\",\"position\":1,\"name\":\"Butik\",\"item\":\"https:\\\/\\\/medicinasinc.com\\\/da\\\/butik\\\/\"},{\"@type\":\"ListItem\",\"position\":2,\"name\":\"K\u00f8b Naze 2mg Clonazepam\"}]},{\"@type\":\"WebSite\",\"@id\":\"https:\\\/\\\/medicinasinc.com\\\/da\\\/#website\",\"url\":\"https:\\\/\\\/medicinasinc.com\\\/da\\\/\",\"name\":\"Medicinas Inc\",\"description\":\"Health Medical Clinic\",\"potentialAction\":[{\"@type\":\"SearchAction\",\"target\":{\"@type\":\"EntryPoint\",\"urlTemplate\":\"https:\\\/\\\/medicinasinc.com\\\/da\\\/?s={search_term_string}\"},\"query-input\":{\"@type\":\"PropertyValueSpecification\",\"valueRequired\":true,\"valueName\":\"search_term_string\"}}],\"inLanguage\":\"en-US\"}]}<\/script>\n<!-- \/ Yoast SEO plugin. -->","yoast_head_json":{"title":"K\u00f8b Naze 2mg Clonazepam piller - Bedste bedste globale medicin","description":"K\u00f8b Naze\u00a0(Clonazepam)\u00a02mg online med bankoverf\u00f8rsel uden recept fra vores butik. Diskret levering natten over tilg\u00e6ngelig fra Europa, Storbritannien og USA.","robots":{"index":"index","follow":"follow","max-snippet":"max-snippet:-1","max-image-preview":"max-image-preview:large","max-video-preview":"max-video-preview:-1"},"canonical":"https:\/\/medicinasinc.com\/da\/product\/buy-naze-2mg-clonazepam\/","og_locale":"en_US","og_type":"article","og_title":"K\u00f8b Naze 2mg Clonazepam piller - Bedste bedste globale medicin","og_description":"K\u00f8b Naze\u00a0(Clonazepam)\u00a02mg online med bankoverf\u00f8rsel uden recept fra vores butik. Diskret levering natten over tilg\u00e6ngelig fra Europa, Storbritannien og USA.","og_url":"https:\/\/medicinasinc.com\/da\/product\/buy-naze-2mg-clonazepam\/","og_site_name":"Medicinas Inc","article_modified_time":"2022-03-20T00:40:24+00:00","og_image":[{"width":600,"height":600,"url":"https:\/\/medicinasinc.com\/da\/wp-content\/uploads\/sites\/8\/2022\/02\/buy-naze-2mg-clonazepam-pills-online.jpg","type":"image\/jpeg"}],"twitter_card":"summary_large_image","twitter_misc":{"Est. reading time":"1 minute"},"schema":{"@context":"https:\/\/schema.org","@graph":[{"@type":"WebPage","@id":"https:\/\/medicinasinc.com\/da\/product\/buy-naze-2mg-clonazepam\/","url":"https:\/\/medicinasinc.com\/da\/product\/buy-naze-2mg-clonazepam\/","name":"K\u00f8b Naze 2mg Clonazepam piller - Bedste bedste globale medicin","isPartOf":{"@id":"https:\/\/medicinasinc.com\/da\/#website"},"primaryImageOfPage":{"@id":"https:\/\/medicinasinc.com\/da\/product\/buy-naze-2mg-clonazepam\/#primaryimage"},"image":{"@id":"https:\/\/medicinasinc.com\/da\/product\/buy-naze-2mg-clonazepam\/#primaryimage"},"thumbnailUrl":"https:\/\/medicinasinc.com\/da\/wp-content\/uploads\/sites\/8\/2022\/02\/buy-naze-2mg-clonazepam-pills-online.jpg","datePublished":"2022-02-20T22:51:56+00:00","dateModified":"2022-03-20T00:40:24+00:00","description":"K\u00f8b Naze\u00a0(Clonazepam)\u00a02mg online med bankoverf\u00f8rsel uden recept fra vores butik. Diskret levering natten over tilg\u00e6ngelig fra Europa, Storbritannien og USA.","breadcrumb":{"@id":"https:\/\/medicinasinc.com\/da\/product\/buy-naze-2mg-clonazepam\/#breadcrumb"},"inLanguage":"en-US","potentialAction":[{"@type":"ReadAction","target":["https:\/\/medicinasinc.com\/da\/product\/buy-naze-2mg-clonazepam\/"]}]},{"@type":"ImageObject","inLanguage":"en-US","@id":"https:\/\/medicinasinc.com\/da\/product\/buy-naze-2mg-clonazepam\/#primaryimage","url":"https:\/\/medicinasinc.com\/da\/wp-content\/uploads\/sites\/8\/2022\/02\/buy-naze-2mg-clonazepam-pills-online.jpg","contentUrl":"https:\/\/medicinasinc.com\/da\/wp-content\/uploads\/sites\/8\/2022\/02\/buy-naze-2mg-clonazepam-pills-online.jpg","width":600,"height":600},{"@type":"BreadcrumbList","@id":"https:\/\/medicinasinc.com\/da\/product\/buy-naze-2mg-clonazepam\/#breadcrumb","itemListElement":[{"@type":"ListItem","position":1,"name":"Butik","item":"https:\/\/medicinasinc.com\/da\/butik\/"},{"@type":"ListItem","position":2,"name":"K\u00f8b Naze 2mg Clonazepam"}]},{"@type":"WebSite","@id":"https:\/\/medicinasinc.com\/da\/#website","url":"https:\/\/medicinasinc.com\/da\/","name":"Medicinas Inc","description":"Health Medical Clinic","potentialAction":[{"@type":"SearchAction","target":{"@type":"EntryPoint","urlTemplate":"https:\/\/medicinasinc.com\/da\/?s={search_term_string}"},"query-input":{"@type":"PropertyValueSpecification","valueRequired":true,"valueName":"search_term_string"}}],"inLanguage":"en-US"}]}},"_links":{"self":[{"href":"https:\/\/medicinasinc.com\/da\/wp-json\/wp\/v2\/product\/5263","targetHints":{"allow":["GET"]}}],"collection":[{"href":"https:\/\/medicinasinc.com\/da\/wp-json\/wp\/v2\/product"}],"about":[{"href":"https:\/\/medicinasinc.com\/da\/wp-json\/wp\/v2\/types\/product"}],"replies":[{"embeddable":true,"href":"https:\/\/medicinasinc.com\/da\/wp-json\/wp\/v2\/comments?post=5263"}],"wp:featuredmedia":[{"embeddable":true,"href":"https:\/\/medicinasinc.com\/da\/wp-json\/wp\/v2\/media\/5280"}],"wp:attachment":[{"href":"https:\/\/medicinasinc.com\/da\/wp-json\/wp\/v2\/media?parent=5263"}],"wp:term":[{"taxonomy":"product_brand","embeddable":true,"href":"https:\/\/medicinasinc.com\/da\/wp-json\/wp\/v2\/product_brand?post=5263"},{"taxonomy":"product_cat","embeddable":true,"href":"https:\/\/medicinasinc.com\/da\/wp-json\/wp\/v2\/product_cat?post=5263"},{"taxonomy":"product_tag","embeddable":true,"href":"https:\/\/medicinasinc.com\/da\/wp-json\/wp\/v2\/product_tag?post=5263"}],"curies":[{"name":"wp","href":"https:\/\/api.w.org\/{rel}","templated":true}]}}