{"id":5262,"date":"2022-02-20T22:49:49","date_gmt":"2022-02-20T22:49:49","guid":{"rendered":"https:\/\/medicinasinc.com\/da\/?post_type=product&#038;p=5262"},"modified":"2022-03-20T00:40:33","modified_gmt":"2022-03-20T00:40:33","slug":"buy-onax-2mg-alprazolam","status":"publish","type":"product","link":"https:\/\/medicinasinc.com\/da\/product\/buy-onax-2mg-alprazolam\/","title":{"rendered":"K\u00f8b Onax 2mg Alprazolam"},"content":{"rendered":"<p>K\u00f8b Onax 2mg Alprazolam piller online | K\u00f8b Onax online | K\u00f8b Onax-st\u00e6nger<\/p>\n<p>Hvad er Onax? Onax k\u00f8b online<\/p>\n<p>Onax 2mg barer (Alprazolam) er kendt for deres beroligende effekt. Det bruges til at behandle s\u00f8vnmangel p\u00e5 ethvert tidspunkt af dagen eller natten. Xanax XR er et benzodiazepin, der bruges til at behandle angst, panikangst og depression. Hvis du k\u00f8ber Onax 2mg barer hos os, skal du s\u00f8rge for, at du virkelig har brug for dem, og at Onax er foresl\u00e5et af en l\u00e6ge. PandaPharmacy.com er ikke ansvarlig for nogen skader eller u\u00f8nskede virkninger for\u00e5rsaget af Xanax 3mg.<\/p>\n<p>Misbrug af stoffet kan resultere i en begr\u00e6nset grad af fysisk eller psykisk afh\u00e6ngighed sammenlignet med skema 3-stofferne. Du kan f\u00e5 Onax 2mg barer online hos os uanset betalingsmetode. Vi accepterer ogs\u00e5 PayPal. Bortset fra PayPal kan postanvisninger bruges til at k\u00f8be Onax 2mg barer. V\u00e6r opm\u00e6rksom p\u00e5, at dette stof er ekstremt skadeligt og kan f\u00f8re til afh\u00e6ngighed. Vores Onax ville v\u00e6re af overlegen kvalitet. L\u00e6s venligst vores &#8220;&#8221; for at f\u00e5 de fleste af l\u00f8sningerne p\u00e5 de sp\u00f8rgsm\u00e5l, der er opst\u00e5et i dit hoved.<\/p>\n<p>Hvad er Onax? Onax k\u00f8b online<\/p>\n<p>Onax 2mg barer (Alprazolam) er velkendte for deres beroligende egenskaber. Det bruges til at behandle s\u00f8vnmangel p\u00e5 ethvert tidspunkt af dagen eller natten. Xanax XR er et benzodiazepin, der bruges til at behandle angst, panikangst og depression. Hvis du k\u00f8ber Onax 2mg barer hos os, skal du s\u00f8rge for, at du virkelig har brug for dem, og at Onax er godkendt af din l\u00e6ge. PandaPharmacy.com er ikke ansvarlig for skader eller negative virkninger for\u00e5rsaget af Xanax 3mg.<\/p>\n<p>Misbrug af stoffet kan resultere i en begr\u00e6nset grad af fysisk eller psykisk afh\u00e6ngighed sammenlignet med skema 3-stofferne.<\/p>\n<p>Du kan f\u00e5 Onax 2mg barer online hos os uanset betalingsmetode. Vi accepterer ogs\u00e5 PayPal. Bortset fra PayPal kan postanvisninger bruges til at k\u00f8be Onax 2mg barer. V\u00e6r opm\u00e6rksom p\u00e5, at dette stof er ekstremt skadeligt og kan f\u00f8re til afh\u00e6ngighed. Vores Onax ville v\u00e6re af overlegen kvalitet. L\u00e6s venligst vores &#8221; for at f\u00e5 svar p\u00e5 de fleste af de problemer, der er opst\u00e5et i dine tanker. Bestil<\/p>\n","protected":false},"excerpt":{"rendered":"<p>Online k\u00f8b af Onax 2mg Alprazolam tabletter. Alprazolam bruges til at behandle angst, vanvid og den uro, der er forbundet med elendighed. Online k\u00f8b af Onax 2mg Alprazolam tabletter&#8221;. Alprazolam 2mg Onax<\/p>\n<p>Onax 2mg barer\/tabletter til at k\u00f8be<\/p>\n<p>Onax (Alprazolam) bruges til at behandle angst, panikanfald, s\u00f8vnl\u00f8shed (s\u00f8vnbesv\u00e6r) og angst forbundet med depression.<\/p>\n<p>Du kan k\u00f8be Onax 2mg online hos os; vores Onax 2mg piller er af h\u00f8jeste kvalitet. Onax 2mg er det officielle navn p\u00e5 medicinen. Disse piller vil blive sendt p\u00e5 en diskret m\u00e5de.<\/p>\n<p>K\u00f8b Onax 2mg barer (Alprazolam), som er kendt for sin beroligende effekt. Det bruges til at bek\u00e6mpe s\u00f8vnmangel p\u00e5 ethvert tidspunkt af dagen eller natten.<\/p>\n","protected":false},"featured_media":5278,"comment_status":"open","ping_status":"closed","template":"","meta":[],"product_brand":[],"product_cat":[1117],"product_tag":[1520,1521,1524,1557,1558,1559,1560,1522,1523,1525,1526,1527,1528,1529,1532,1530,1531,1533,1534,1535,1536,1540,1541,1551,1542,1543,1544,1545,1546,1547,1537,1538,1539,1548,1549,1550,1552,1553,1554,1555,1556,1561,1562],"class_list":{"0":"post-5262","1":"product","2":"type-product","3":"status-publish","4":"has-post-thumbnail","6":"product_cat-kob-smerte-sove-sex-piller","7":"product_tag-are-onax-bars-good","8":"product_tag-buy-onax","9":"product_tag-dj-onax","10":"product_tag-hvid-bar-pille-onax","11":"product_tag-hvid-pille-onax","12":"product_tag-hvid-pille-onax-2","13":"product_tag-hvid-rektangel-pille-onax-2","14":"product_tag-buy-onax-2mg","15":"product_tag-kb-onax-online","16":"product_tag-lang-hvid-pille-onax","17":"product_tag-ocean-lgemidler-onax","18":"product_tag-onax","19":"product_tag-onax-2","20":"product_tag-onax-2-bars","21":"product_tag-onax-2-hvid-pille","22":"product_tag-onax-2-pille-id","23":"product_tag-onax-2-pille-identifikator","24":"product_tag-onax-2mg","25":"product_tag-onax-2mg-bar","26":"product_tag-onax-2mg-barer","27":"product_tag-onax-ag-it-lsninger","28":"product_tag-onax-dr-germantown","29":"product_tag-onax-headache","30":"product_tag-onax-hvid-pille","31":"product_tag-onax-llc","32":"product_tag-onax-orv-park-mojave-ca-billeder","33":"product_tag-onax-pc-ames","34":"product_tag-onax-pex","35":"product_tag-onax-pille","36":"product_tag-onax-punta-cana","37":"product_tag-onax-stnger","38":"product_tag-onax-bars-3mg","39":"product_tag-onax-stnger-til-salg","40":"product_tag-onax-statuer","41":"product_tag-onax-vlack-kitchenaid-mixer","42":"product_tag-onax-vs-xanax","43":"product_tag-onax-xanax","44":"product_tag-onax-xanax-stnger","45":"product_tag-pille-onax-2","46":"product_tag-reddit-onax","47":"product_tag-reddit-onax-til-din-nse","48":"product_tag-xanax-2mg-onax","49":"product_tag-xanax-bars-onax","51":"first","52":"instock","53":"shipping-taxable","54":"purchasable","55":"product-type-variable","56":"has-default-attributes"},"yoast_head":"<!-- This site is optimized with the Yoast SEO plugin v27.3 - https:\/\/yoast.com\/product\/yoast-seo-wordpress\/ -->\n<title>K\u00f8b Onax 2mg Alprazolam piller - Bedste bedste globale medicin<\/title>\n<meta name=\"description\" content=\"k\u00f8b onax 2mg barer\/tabletter:\u00a0Onax\u00a0(Alprazolam) behandler angst, panikangst, s\u00f8vnl\u00f8shed (s\u00f8vnbesv\u00e6r) og angst for\u00e5rsaget af depression.\" \/>\n<meta name=\"robots\" content=\"index, follow, max-snippet:-1, max-image-preview:large, max-video-preview:-1\" \/>\n<link rel=\"canonical\" href=\"https:\/\/medicinasinc.com\/da\/product\/buy-onax-2mg-alprazolam\/\" \/>\n<meta property=\"og:locale\" content=\"en_US\" \/>\n<meta property=\"og:type\" content=\"article\" \/>\n<meta property=\"og:title\" content=\"K\u00f8b Onax 2mg Alprazolam piller - Bedste bedste globale medicin\" \/>\n<meta property=\"og:description\" content=\"k\u00f8b onax 2mg barer\/tabletter:\u00a0Onax\u00a0(Alprazolam) behandler angst, panikangst, s\u00f8vnl\u00f8shed (s\u00f8vnbesv\u00e6r) og angst for\u00e5rsaget af depression.\" \/>\n<meta property=\"og:url\" content=\"https:\/\/medicinasinc.com\/da\/product\/buy-onax-2mg-alprazolam\/\" \/>\n<meta property=\"og:site_name\" content=\"Medicinas Inc\" \/>\n<meta property=\"article:modified_time\" content=\"2022-03-20T00:40:33+00:00\" \/>\n<meta property=\"og:image\" content=\"https:\/\/medicinasinc.com\/da\/wp-content\/uploads\/sites\/8\/2022\/02\/Buy-Onax-2mg.jpg\" \/>\n\t<meta property=\"og:image:width\" content=\"400\" \/>\n\t<meta property=\"og:image:height\" content=\"300\" \/>\n\t<meta property=\"og:image:type\" content=\"image\/jpeg\" \/>\n<meta name=\"twitter:card\" content=\"summary_large_image\" \/>\n<meta name=\"twitter:label1\" content=\"Est. reading time\" \/>\n\t<meta name=\"twitter:data1\" content=\"2 minutes\" \/>\n<script type=\"application\/ld+json\" class=\"yoast-schema-graph\">{\"@context\":\"https:\\\/\\\/schema.org\",\"@graph\":[{\"@type\":\"WebPage\",\"@id\":\"https:\\\/\\\/medicinasinc.com\\\/da\\\/product\\\/buy-onax-2mg-alprazolam\\\/\",\"url\":\"https:\\\/\\\/medicinasinc.com\\\/da\\\/product\\\/buy-onax-2mg-alprazolam\\\/\",\"name\":\"K\u00f8b Onax 2mg Alprazolam piller - Bedste bedste globale medicin\",\"isPartOf\":{\"@id\":\"https:\\\/\\\/medicinasinc.com\\\/da\\\/#website\"},\"primaryImageOfPage\":{\"@id\":\"https:\\\/\\\/medicinasinc.com\\\/da\\\/product\\\/buy-onax-2mg-alprazolam\\\/#primaryimage\"},\"image\":{\"@id\":\"https:\\\/\\\/medicinasinc.com\\\/da\\\/product\\\/buy-onax-2mg-alprazolam\\\/#primaryimage\"},\"thumbnailUrl\":\"https:\\\/\\\/medicinasinc.com\\\/da\\\/wp-content\\\/uploads\\\/sites\\\/8\\\/2022\\\/02\\\/Buy-Onax-2mg.jpg\",\"datePublished\":\"2022-02-20T22:49:49+00:00\",\"dateModified\":\"2022-03-20T00:40:33+00:00\",\"description\":\"k\u00f8b onax 2mg barer\\\/tabletter:\u00a0Onax\u00a0(Alprazolam) behandler angst, panikangst, s\u00f8vnl\u00f8shed (s\u00f8vnbesv\u00e6r) og angst for\u00e5rsaget af depression.\",\"breadcrumb\":{\"@id\":\"https:\\\/\\\/medicinasinc.com\\\/da\\\/product\\\/buy-onax-2mg-alprazolam\\\/#breadcrumb\"},\"inLanguage\":\"en-US\",\"potentialAction\":[{\"@type\":\"ReadAction\",\"target\":[\"https:\\\/\\\/medicinasinc.com\\\/da\\\/product\\\/buy-onax-2mg-alprazolam\\\/\"]}]},{\"@type\":\"ImageObject\",\"inLanguage\":\"en-US\",\"@id\":\"https:\\\/\\\/medicinasinc.com\\\/da\\\/product\\\/buy-onax-2mg-alprazolam\\\/#primaryimage\",\"url\":\"https:\\\/\\\/medicinasinc.com\\\/da\\\/wp-content\\\/uploads\\\/sites\\\/8\\\/2022\\\/02\\\/Buy-Onax-2mg.jpg\",\"contentUrl\":\"https:\\\/\\\/medicinasinc.com\\\/da\\\/wp-content\\\/uploads\\\/sites\\\/8\\\/2022\\\/02\\\/Buy-Onax-2mg.jpg\",\"width\":400,\"height\":300},{\"@type\":\"BreadcrumbList\",\"@id\":\"https:\\\/\\\/medicinasinc.com\\\/da\\\/product\\\/buy-onax-2mg-alprazolam\\\/#breadcrumb\",\"itemListElement\":[{\"@type\":\"ListItem\",\"position\":1,\"name\":\"Butik\",\"item\":\"https:\\\/\\\/medicinasinc.com\\\/da\\\/butik\\\/\"},{\"@type\":\"ListItem\",\"position\":2,\"name\":\"K\u00f8b Onax 2mg Alprazolam\"}]},{\"@type\":\"WebSite\",\"@id\":\"https:\\\/\\\/medicinasinc.com\\\/da\\\/#website\",\"url\":\"https:\\\/\\\/medicinasinc.com\\\/da\\\/\",\"name\":\"Medicinas Inc\",\"description\":\"Health Medical Clinic\",\"potentialAction\":[{\"@type\":\"SearchAction\",\"target\":{\"@type\":\"EntryPoint\",\"urlTemplate\":\"https:\\\/\\\/medicinasinc.com\\\/da\\\/?s={search_term_string}\"},\"query-input\":{\"@type\":\"PropertyValueSpecification\",\"valueRequired\":true,\"valueName\":\"search_term_string\"}}],\"inLanguage\":\"en-US\"}]}<\/script>\n<!-- \/ Yoast SEO plugin. -->","yoast_head_json":{"title":"K\u00f8b Onax 2mg Alprazolam piller - Bedste bedste globale medicin","description":"k\u00f8b onax 2mg barer\/tabletter:\u00a0Onax\u00a0(Alprazolam) behandler angst, panikangst, s\u00f8vnl\u00f8shed (s\u00f8vnbesv\u00e6r) og angst for\u00e5rsaget af depression.","robots":{"index":"index","follow":"follow","max-snippet":"max-snippet:-1","max-image-preview":"max-image-preview:large","max-video-preview":"max-video-preview:-1"},"canonical":"https:\/\/medicinasinc.com\/da\/product\/buy-onax-2mg-alprazolam\/","og_locale":"en_US","og_type":"article","og_title":"K\u00f8b Onax 2mg Alprazolam piller - Bedste bedste globale medicin","og_description":"k\u00f8b onax 2mg barer\/tabletter:\u00a0Onax\u00a0(Alprazolam) behandler angst, panikangst, s\u00f8vnl\u00f8shed (s\u00f8vnbesv\u00e6r) og angst for\u00e5rsaget af depression.","og_url":"https:\/\/medicinasinc.com\/da\/product\/buy-onax-2mg-alprazolam\/","og_site_name":"Medicinas Inc","article_modified_time":"2022-03-20T00:40:33+00:00","og_image":[{"width":400,"height":300,"url":"https:\/\/medicinasinc.com\/da\/wp-content\/uploads\/sites\/8\/2022\/02\/Buy-Onax-2mg.jpg","type":"image\/jpeg"}],"twitter_card":"summary_large_image","twitter_misc":{"Est. reading time":"2 minutes"},"schema":{"@context":"https:\/\/schema.org","@graph":[{"@type":"WebPage","@id":"https:\/\/medicinasinc.com\/da\/product\/buy-onax-2mg-alprazolam\/","url":"https:\/\/medicinasinc.com\/da\/product\/buy-onax-2mg-alprazolam\/","name":"K\u00f8b Onax 2mg Alprazolam piller - Bedste bedste globale medicin","isPartOf":{"@id":"https:\/\/medicinasinc.com\/da\/#website"},"primaryImageOfPage":{"@id":"https:\/\/medicinasinc.com\/da\/product\/buy-onax-2mg-alprazolam\/#primaryimage"},"image":{"@id":"https:\/\/medicinasinc.com\/da\/product\/buy-onax-2mg-alprazolam\/#primaryimage"},"thumbnailUrl":"https:\/\/medicinasinc.com\/da\/wp-content\/uploads\/sites\/8\/2022\/02\/Buy-Onax-2mg.jpg","datePublished":"2022-02-20T22:49:49+00:00","dateModified":"2022-03-20T00:40:33+00:00","description":"k\u00f8b onax 2mg barer\/tabletter:\u00a0Onax\u00a0(Alprazolam) behandler angst, panikangst, s\u00f8vnl\u00f8shed (s\u00f8vnbesv\u00e6r) og angst for\u00e5rsaget af depression.","breadcrumb":{"@id":"https:\/\/medicinasinc.com\/da\/product\/buy-onax-2mg-alprazolam\/#breadcrumb"},"inLanguage":"en-US","potentialAction":[{"@type":"ReadAction","target":["https:\/\/medicinasinc.com\/da\/product\/buy-onax-2mg-alprazolam\/"]}]},{"@type":"ImageObject","inLanguage":"en-US","@id":"https:\/\/medicinasinc.com\/da\/product\/buy-onax-2mg-alprazolam\/#primaryimage","url":"https:\/\/medicinasinc.com\/da\/wp-content\/uploads\/sites\/8\/2022\/02\/Buy-Onax-2mg.jpg","contentUrl":"https:\/\/medicinasinc.com\/da\/wp-content\/uploads\/sites\/8\/2022\/02\/Buy-Onax-2mg.jpg","width":400,"height":300},{"@type":"BreadcrumbList","@id":"https:\/\/medicinasinc.com\/da\/product\/buy-onax-2mg-alprazolam\/#breadcrumb","itemListElement":[{"@type":"ListItem","position":1,"name":"Butik","item":"https:\/\/medicinasinc.com\/da\/butik\/"},{"@type":"ListItem","position":2,"name":"K\u00f8b Onax 2mg Alprazolam"}]},{"@type":"WebSite","@id":"https:\/\/medicinasinc.com\/da\/#website","url":"https:\/\/medicinasinc.com\/da\/","name":"Medicinas Inc","description":"Health Medical Clinic","potentialAction":[{"@type":"SearchAction","target":{"@type":"EntryPoint","urlTemplate":"https:\/\/medicinasinc.com\/da\/?s={search_term_string}"},"query-input":{"@type":"PropertyValueSpecification","valueRequired":true,"valueName":"search_term_string"}}],"inLanguage":"en-US"}]}},"_links":{"self":[{"href":"https:\/\/medicinasinc.com\/da\/wp-json\/wp\/v2\/product\/5262","targetHints":{"allow":["GET"]}}],"collection":[{"href":"https:\/\/medicinasinc.com\/da\/wp-json\/wp\/v2\/product"}],"about":[{"href":"https:\/\/medicinasinc.com\/da\/wp-json\/wp\/v2\/types\/product"}],"replies":[{"embeddable":true,"href":"https:\/\/medicinasinc.com\/da\/wp-json\/wp\/v2\/comments?post=5262"}],"wp:featuredmedia":[{"embeddable":true,"href":"https:\/\/medicinasinc.com\/da\/wp-json\/wp\/v2\/media\/5278"}],"wp:attachment":[{"href":"https:\/\/medicinasinc.com\/da\/wp-json\/wp\/v2\/media?parent=5262"}],"wp:term":[{"taxonomy":"product_brand","embeddable":true,"href":"https:\/\/medicinasinc.com\/da\/wp-json\/wp\/v2\/product_brand?post=5262"},{"taxonomy":"product_cat","embeddable":true,"href":"https:\/\/medicinasinc.com\/da\/wp-json\/wp\/v2\/product_cat?post=5262"},{"taxonomy":"product_tag","embeddable":true,"href":"https:\/\/medicinasinc.com\/da\/wp-json\/wp\/v2\/product_tag?post=5262"}],"curies":[{"name":"wp","href":"https:\/\/api.w.org\/{rel}","templated":true}]}}