{"id":5239,"date":"2022-02-20T22:28:45","date_gmt":"2022-02-20T22:28:45","guid":{"rendered":"https:\/\/medicinasinc.com\/da\/?post_type=product&#038;p=5239"},"modified":"2022-03-20T00:40:42","modified_gmt":"2022-03-20T00:40:42","slug":"kob-magnus-mr-morfin-30mg-online","status":"publish","type":"product","link":"https:\/\/medicinasinc.com\/da\/product\/kob-magnus-mr-morfin-30mg-online\/","title":{"rendered":"K\u00f8b Magnus MR Morfin 30mg online"},"content":{"rendered":"<div id=\"productDescription\" class=\"productGeneral biggerText\">\n<p>Magnus MR Morfin 30 mg k\u00f8b online<br \/> Magnus MR (morfinsulfat) 30 mg kapsel K\u00f8b Magnus MR (morfinsulfat) 30 mg kapsel sikkert online<\/p>\n<p>Magnus MR (morfinsulfat) 30 mg kapsel \u2013 bestil uden recept \u2013 levering natten over<\/p>\n<p>Magnus MR (morfinsulfat) 30 mg til salg i USA \u2013 p\u00e5lideligt smerteapotek<\/p>\n<p>Magnus MR til salg (morfinsulfat) 30mg online til de laveste priser i EUROPA &amp; AMERIKA<\/p>\n<p>Hvor og hvordan k\u00f8ber man sikkert Magnus MR (morfinsulfat) 30mg online i dag<\/p>\n<p>1. Rhotard Morphine SR 30mg Tabletter Morphgesic SR 30mg Tabletter til salg<\/p>\n<p>2. Sammens\u00e6tning i kvalitativ og kvantitativ henseende<br \/> Morphgesic SR 30mg Tabletter\/Rhotard Morphine SR 30mg Tabletter<br \/> 30 mg morfinsulfat er indeholdt i hver pille.<br \/> Hj\u00e6lpestoffer med veldefineret effekt:<br \/> Glucose (63.000 mg pr. tablet).<\/p>\n<p>3. Farmakologisk formulering<br \/> Tabletter med kontrolleret frigivelse<br \/> Hver 30 mg tablet er en bikonveks rund filmovertrukket tablet i en violet farve.<\/p>\n<p>4. Kliniske specifikationer<br \/> 4.1 Indikationer for brug<br \/> Rhotard Morphine SR \/ Morphgesic SR tabletter er beregnet til voksne til behandling af st\u00e6rke smerter i en l\u00e6ngere periode.<\/p>\n<p>4.2 Administrationsdosering og teknik <br \/> Dosering B\u00f8rnepopulation<br \/> Brugen af \u200b\u200bRhotard Morphine SR \/ Morphgesic SR-piller til b\u00f8rn anbefales ikke.<\/p>\n<p>Voksne: Dosering bestemmes af smertens intensitet og patientens tidligere historie af smertestillende brug. Typisk skal tabletterne tages to gange dagligt med 12 timers mellemrum. Til patienter med st\u00e6rke smerter er en startdosis p\u00e5 en eller to 10 mg tabletter (10 mg) to gange dagligt indiceret. Det anbefales, at efterh\u00e5nden som smertens sv\u00e6rhedsgrad \u00f8ges, \u00f8ges doseringen af \u200b\u200bmorfin for at opn\u00e5 den \u00f8nskede lindring. Doseringen kan justeres ved at kombinere tabletter med forskellige styrker (10, 30, 60 og 100 mg) eller ved at bruge tabletter med en st\u00f8rre styrke alene.<br \/> Det foresl\u00e5s, at patienter, der er blevet skiftet fra et andet oralt morfinpr\u00e6parat. med biotilg\u00e6ngelighed sammenlignelig med oral morfinv\u00e6ske, f\u00e5 den samme totale morfindosis i en 24-timers periode. Hele denne dosis skal deles i to og indgives morgen og aften. Titrering af dosis og klinisk unders\u00f8gelse kan v\u00e6re n\u00f8dvendig.<br \/> Hvis en patient fik parenteral morfin inden skiftet til Rhotard Morphine SR\/Morphgesic SR tabletter, kan en st\u00f8rre dosis morfin v\u00e6re n\u00f8dvendig. Individuelle dosisjusteringer vil v\u00e6re p\u00e5kr\u00e6vet for at kompensere for ethvert tab af analgetisk effekt p\u00e5 grund af oral levering.<br \/> Det anbefales ikke at administrere Rhotard Morphine SR\/Morphgesic SR-piller inden for de f\u00f8rste 24 timer efter operationen for at lindre postoperative smerter. Efter denne indledende periode b\u00f8r dosis bestemmes af l\u00e6gen.<br \/> Supplerende parenteral morfin kan v\u00e6re p\u00e5kr\u00e6vet hos nogle patienter, hvilket er helt passende. Der b\u00f8r dog udvises forsigtighed med hensyn til den totale morfindosis s\u00e5vel som den forsinkede virkning af morfin i Rhotard Morphine SR\/Morphgesic SR-formuleringen.<br \/> Rhotard Morphine SR\/Morphgesic SR-tabletter b\u00f8r anvendes med forsigtighed postoperativt (som med alle andre morfinpr\u00e6parater), men is\u00e6r efter abdominal kirurgi.<br \/> Motiliteten i maven skulle v\u00e6re genoptaget og b\u00f8r opretholdes.<\/p>\n<p>Administrationsteknik<br \/> Rhotard Morphine SR \/ Morphgesic SR orale tabletter b\u00f8r ikke tygges.<\/p>\n<p>5.1 Egenskaber farmakodynamisk<br \/> Gruppe af farmakoterapeutiske midler: Opioider<br \/> N02A er ATC-koden.<\/p>\n<p>Effektivitetsmekanisme<br \/> MAGNUS MR SULFATE ER 30 MG virker som agonist p\u00e5 opiatreceptorer i centralnervesystemet, prim\u00e6rt Mu og i mindre grad Kappa-receptorer. Supraspinal analgesi, respirationsdepression og eufori antages at v\u00e6re medieret af Mu-receptorer, mens spinal analgesi, miose og sedation menes at v\u00e6re medieret af Kappa-receptorer.<\/p>\n<p>Centralnervesystemet: Morfins prim\u00e6re terapeutiske virkninger er analgesi og d\u00f8sighed (dvs. s\u00f8vnighed og anxiolyse). MAGNUS MR SULFATE ER 30 MG virker beroligende p\u00e5 hjernestammens respirationscentre. Morfin virker direkte p\u00e5 hostecentret i medulla og undertrykker hosterefleksen. Hostestillende virkninger er mulige ved lavere doser end dem, der kr\u00e6ves til analgesi. Morfin fremkalder miose i fuldst\u00e6ndig m\u00f8rke. Mens pr\u00e6cise pupiller er tegn p\u00e5 opioidoverdosis, er de ikke diagnostiske (f.eks. kan pontinl\u00e6sioner af h\u00e6moragisk eller isk\u00e6misk oprindelse give lignende resultater). Hypoxi kan vise sig som markant mydriasis snarere end miosis i forbindelse med morfinoverdosis.<\/p>\n<p>MAGNUS MR SULFATE ER 30 MG og lignende analgetika har potentiale til at for\u00e5rsage fysisk og psykisk afh\u00e6ngighed og b\u00f8r anvendes med forsigtighed. Derudover kan der udvikles tolerance.<\/p>\n<p>Glatte muskler i mave-tarmkanalen og andre glatte muskler<br \/> MAGNUS MR SULFATE ER 30 MG h\u00e6mmer motiliteten ved at \u00f8ge den glatte muskeltonus i maven og duodenal antrum. Madford\u00f8jelsen bremses i tyndtarmen, og fremdrivende sammentr\u00e6kninger reduceres. Forstoppelse er for\u00e5rsaget af et fald i de peristaltiske fremdriftsb\u00f8lger i tyktarmen og en stigning i tonus til det punkt, hvor der opst\u00e5r spasmer. Morfin \u00f8ger generelt den glatte muskeltonus, is\u00e6r i mave-tarm- og galdesystemets lukkemuskler. Morfin kan for\u00e5rsage spasmer i Oddi-sfinkteren og dermed \u00f8get intrabili\u00e6rt tryk.<\/p>\n<p>MAGNUS MR SULFATE ER 30 MG kan for\u00e5rsage histaminfrigivelse med eller uden ledsagende perifer vasodilatation. Kl\u00f8e, r\u00f8dmen, r\u00f8de \u00f8jne, svedtendens og\/eller ortostatisk hypotension er alle tegn p\u00e5 histaminfrigivelse og\/eller perifer vasodilatation.<\/p>\n<p>Endokrinologi<br \/> Opioider har vist sig at have en effekt p\u00e5 hypothalamus- hypofyse-binyre- eller -gonadeakser. Adskillige \u00e6ndringer kan observeres, herunder en stigning i serumprolaktin og fald i plasmakortisol og testosteron i n\u00e6rv\u00e6r af unormalt lave eller normale ACTH-, LH- eller FSH-niveauer. Visse pr\u00e6menopausale kvinder kan have utilstr\u00e6kkelig \u00f8strogen. Disse hormonelle \u00e6ndringer kan give kliniske tegn.<\/p>\n<p>Yderligere farmakologiske konsekvenser<br \/> In vitro- og dyreforskning viser, at naturlige opioider, s\u00e5som morfin, har en r\u00e6kke forskellige virkninger p\u00e5 immunsystemets komponenter; den kliniske relevans af disse fund er imidlertid usikker.<\/p>\n<p>Oral, subkutan, intramuskul\u00e6r, intraven\u00f8s, intraspinal og rektal administration er tilg\u00e6ngelige. Parenterale doser kan administreres som intermitterende injektioner eller som kontinuerlige eller intermitterende infusioner, afh\u00e6ngigt af patientens smertestillende behov.<\/p>\n<p>ANVENDELSER<br \/> Denne medicin bruges til at hj\u00e6lpe med lindring af alvorlige, vedvarende smerter (f.eks. som p\u00e5 grund af kr\u00e6ft). Morfin er klassificeret som et opioid (narkotisk) analgetikum. Det virker ved at \u00e6ndre, hvordan din krop opfatter og reagerer p\u00e5 smerter i hjernen.<\/p>\n<p>De h\u00f8jere doser af denne medicin (100 mg eller mere pr. tablet) b\u00f8r kun bruges, hvis du har taget moderate til h\u00f8je doser af opioid smertestillende medicin p\u00e5 regelm\u00e6ssig basis. Disse styrker kan resultere i overdosis (og m\u00e5ske d\u00f8d), hvis de tages af en person, der ikke har brugt opioider p\u00e5 en konsekvent basis.<\/p>\n<p>Undg\u00e5 at bruge morfin med forl\u00e6nget frigivelse til at behandle smerte, der er moderat eller vil forsvinde inden for en f\u00e5 dage. Dette l\u00e6gemiddel er ikke beregnet til brug p\u00e5 &#8220;efter behov&#8221;.<\/p>\n<p>MAGNUS MR SULFATE ER 30 MG TABLET BRUGSANVISNING<\/p>\n<p>F\u00f8r du begynder at bruge morfin, og hver gang du f\u00e5r en refill, l\u00e6s medicinvejledningen udstedt af din apoteker. Kontakt din l\u00e6ge eller apotek, hvis du har sp\u00f8rgsm\u00e5l.<\/p>\n<p>Tag dette l\u00e6gemiddel med j\u00e6vne mellemrum, ikke som n\u00f8dvendigt ved sv\u00e6re (gennembruds)smerter, som din l\u00e6ge har anbefalet. Tag denne medicin med eller uden m\u00e5ltider, normalt hver 8. til 12. time, som anbefalet af din l\u00e6ge. Visse m\u00e6rker b\u00f8r kun tages \u00e9n gang hver 12. time. Oplever du kvalme, kan det v\u00e6re en fordel at tage denne medicin med m\u00e5ltider. Kontakt din l\u00e6ge eller apotek for andre strategier til at lindre kvalme (s\u00e5som at ligge ned i 1 til 2 timer med s\u00e5 lidt hovedbev\u00e6gelse som muligt). Kontakt din l\u00e6ge, hvis kvalmen varer ved.<\/p>\n<p>Forbrug tabletterne i deres helhed. Tabletten m\u00e5 ikke kn\u00e6kkes, knuses, tygges eller opl\u00f8ses. Dette kan resultere i hele frigivelsen af \u200b\u200bl\u00e6gemidlet, hvilket \u00f8ger faren for morfinoverdosis.<\/p>\n<p>Dosis bestemmes af din sygehistorie og reaktion p\u00e5 behandlingen. H\u00e6v ikke din dosis eller tag denne medicin oftere eller i l\u00e6ngere tid end foresl\u00e5et, da din risiko for at opleve bivirkninger kan stige. N\u00e5r du bliver bedt om det, skal du afbryde medicinen ordentligt.<\/p>\n<p>Hvis du brat stopper med at bruge dette l\u00e6gemiddel, kan du opleve abstinenssymptomer (s\u00e5som rastl\u00f8shed, \u00f8jne, der l\u00f8ber i vand, l\u00f8bende n\u00e6se, kvalme, svedtendens, muskelsmerter). For at hj\u00e6lpe med at undg\u00e5 abstinenser kan din l\u00e6ge gradvist neds\u00e6tte din dosis. Abstinenssymptomer er mere tilb\u00f8jelige til at opst\u00e5, hvis du har taget morfin i en l\u00e6ngere periode eller i store doser. Informer straks din l\u00e6ge eller apotek, hvis du har abstinenssymptomer.<\/p>\n<p>N\u00e5r denne medicin bruges i l\u00e6ngere tid, kan den miste sin effektivitet. Kontakt din l\u00e6ge, hvis dette l\u00e6gemiddel holder op med at virke korrekt.<\/p>\n<p>Mens denne medicin er til gavn for et stort antal mennesker, kan det lejlighedsvis resultere i afh\u00e6ngighed. Denne risiko kan v\u00e6re \u00f8get, hvis du har en stofmisbrugsforstyrrelse (s\u00e5som overdreven brug af stof\/alkohol eller afh\u00e6ngighed). For at minimere faren for afh\u00e6ngighed skal du bruge dette stof n\u00f8jagtigt som anvist. Kontakt din l\u00e6ge eller apotek for yderligere oplysninger.<\/p>\n<\/p><\/div>\n<div class=\"product-next-previous\">\n<div class=\"product-prev\"><\/div><\/div>\n","protected":false},"excerpt":{"rendered":"<div class=\"woocommerce-product-details__short-description\">\n<p>Magnus MR Morphine 30mg kan k\u00f8bes online. Morfin virker som et opioid smertestillende middel ved at virke som en agonist p\u00e5 m\u00e6ttede opioidreceptorer i CNS og andre organer.<\/p>\n<p>Magnus MR (Morphine Sulfate) 30 mg piller er tilg\u00e6ngelige uden recept online (ingen RX). Morfin 30mg til salg i Storbritannien og Europa<\/p>\n<\/p><\/div>\n","protected":false},"featured_media":5258,"comment_status":"closed","ping_status":"closed","template":"","meta":[],"product_brand":[],"product_cat":[1117],"product_tag":[1514,1515,1516,1517,1518,1519],"class_list":{"0":"post-5239","1":"product","2":"type-product","3":"status-publish","4":"has-post-thumbnail","6":"product_cat-kob-smerte-sove-sex-piller","7":"product_tag-kb-magnus-mr-30mg-morfin-sulfat","8":"product_tag-magnus-mr-morfin-sulfat-30mg","9":"product_tag-magnus-mr-morfin-sulfat-gadepris","10":"product_tag-magnus-mr-morfin-sulfat-gadepris-for-flaske","11":"product_tag-magnus-mr-30-mg-morfin-sulfat","12":"product_tag-magnus-mr-morfin-30mg","14":"first","15":"instock","16":"shipping-taxable","17":"purchasable","18":"product-type-variable"},"yoast_head":"<!-- This site is optimized with the Yoast SEO plugin v27.3 - https:\/\/yoast.com\/product\/yoast-seo-wordpress\/ -->\n<title>K\u00f8b Magnus MR Morfin 30mg - Bedste bedste globale medicin<\/title>\n<meta name=\"description\" content=\"Du kan\u00a0k\u00f8be Magnus MR\u00a0(Morphine\u00a0Sulfate)\u00a030mg\u00a0kapsler\u00a0online\u00a0uden recept (ingen RX). Morfin 30mg til salg UK, Europa\" \/>\n<meta name=\"robots\" content=\"index, follow, max-snippet:-1, max-image-preview:large, max-video-preview:-1\" \/>\n<link rel=\"canonical\" href=\"https:\/\/medicinasinc.com\/da\/product\/kob-magnus-mr-morfin-30mg-online\/\" \/>\n<meta property=\"og:locale\" content=\"en_US\" \/>\n<meta property=\"og:type\" content=\"article\" \/>\n<meta property=\"og:title\" content=\"K\u00f8b Magnus MR Morfin 30mg - Bedste bedste globale medicin\" \/>\n<meta property=\"og:description\" content=\"Du kan\u00a0k\u00f8be Magnus MR\u00a0(Morphine\u00a0Sulfate)\u00a030mg\u00a0kapsler\u00a0online\u00a0uden recept (ingen RX). Morfin 30mg til salg UK, Europa\" \/>\n<meta property=\"og:url\" content=\"https:\/\/medicinasinc.com\/da\/product\/kob-magnus-mr-morfin-30mg-online\/\" \/>\n<meta property=\"og:site_name\" content=\"Medicinas Inc\" \/>\n<meta property=\"article:modified_time\" content=\"2022-03-20T00:40:42+00:00\" \/>\n<meta property=\"og:image\" content=\"https:\/\/medicinasinc.com\/da\/wp-content\/uploads\/sites\/8\/2022\/02\/Buy-Magnus-MR-Morphine-30mg.jpg\" \/>\n\t<meta property=\"og:image:width\" content=\"600\" \/>\n\t<meta property=\"og:image:height\" content=\"600\" \/>\n\t<meta property=\"og:image:type\" content=\"image\/jpeg\" \/>\n<meta name=\"twitter:card\" content=\"summary_large_image\" \/>\n<meta name=\"twitter:label1\" content=\"Est. reading time\" \/>\n\t<meta name=\"twitter:data1\" content=\"7 minutes\" \/>\n<script type=\"application\/ld+json\" class=\"yoast-schema-graph\">{\"@context\":\"https:\\\/\\\/schema.org\",\"@graph\":[{\"@type\":\"WebPage\",\"@id\":\"https:\\\/\\\/medicinasinc.com\\\/da\\\/product\\\/kob-magnus-mr-morfin-30mg-online\\\/\",\"url\":\"https:\\\/\\\/medicinasinc.com\\\/da\\\/product\\\/kob-magnus-mr-morfin-30mg-online\\\/\",\"name\":\"K\u00f8b Magnus MR Morfin 30mg - Bedste bedste globale medicin\",\"isPartOf\":{\"@id\":\"https:\\\/\\\/medicinasinc.com\\\/da\\\/#website\"},\"primaryImageOfPage\":{\"@id\":\"https:\\\/\\\/medicinasinc.com\\\/da\\\/product\\\/kob-magnus-mr-morfin-30mg-online\\\/#primaryimage\"},\"image\":{\"@id\":\"https:\\\/\\\/medicinasinc.com\\\/da\\\/product\\\/kob-magnus-mr-morfin-30mg-online\\\/#primaryimage\"},\"thumbnailUrl\":\"https:\\\/\\\/medicinasinc.com\\\/da\\\/wp-content\\\/uploads\\\/sites\\\/8\\\/2022\\\/02\\\/Buy-Magnus-MR-Morphine-30mg.jpg\",\"datePublished\":\"2022-02-20T22:28:45+00:00\",\"dateModified\":\"2022-03-20T00:40:42+00:00\",\"description\":\"Du kan\u00a0k\u00f8be Magnus MR\u00a0(Morphine\u00a0Sulfate)\u00a030mg\u00a0kapsler\u00a0online\u00a0uden recept (ingen RX). Morfin 30mg til salg UK, Europa\",\"breadcrumb\":{\"@id\":\"https:\\\/\\\/medicinasinc.com\\\/da\\\/product\\\/kob-magnus-mr-morfin-30mg-online\\\/#breadcrumb\"},\"inLanguage\":\"en-US\",\"potentialAction\":[{\"@type\":\"ReadAction\",\"target\":[\"https:\\\/\\\/medicinasinc.com\\\/da\\\/product\\\/kob-magnus-mr-morfin-30mg-online\\\/\"]}]},{\"@type\":\"ImageObject\",\"inLanguage\":\"en-US\",\"@id\":\"https:\\\/\\\/medicinasinc.com\\\/da\\\/product\\\/kob-magnus-mr-morfin-30mg-online\\\/#primaryimage\",\"url\":\"https:\\\/\\\/medicinasinc.com\\\/da\\\/wp-content\\\/uploads\\\/sites\\\/8\\\/2022\\\/02\\\/Buy-Magnus-MR-Morphine-30mg.jpg\",\"contentUrl\":\"https:\\\/\\\/medicinasinc.com\\\/da\\\/wp-content\\\/uploads\\\/sites\\\/8\\\/2022\\\/02\\\/Buy-Magnus-MR-Morphine-30mg.jpg\",\"width\":600,\"height\":600},{\"@type\":\"BreadcrumbList\",\"@id\":\"https:\\\/\\\/medicinasinc.com\\\/da\\\/product\\\/kob-magnus-mr-morfin-30mg-online\\\/#breadcrumb\",\"itemListElement\":[{\"@type\":\"ListItem\",\"position\":1,\"name\":\"Butik\",\"item\":\"https:\\\/\\\/medicinasinc.com\\\/da\\\/butik\\\/\"},{\"@type\":\"ListItem\",\"position\":2,\"name\":\"K\u00f8b Magnus MR Morfin 30mg online\"}]},{\"@type\":\"WebSite\",\"@id\":\"https:\\\/\\\/medicinasinc.com\\\/da\\\/#website\",\"url\":\"https:\\\/\\\/medicinasinc.com\\\/da\\\/\",\"name\":\"Medicinas Inc\",\"description\":\"Health Medical Clinic\",\"potentialAction\":[{\"@type\":\"SearchAction\",\"target\":{\"@type\":\"EntryPoint\",\"urlTemplate\":\"https:\\\/\\\/medicinasinc.com\\\/da\\\/?s={search_term_string}\"},\"query-input\":{\"@type\":\"PropertyValueSpecification\",\"valueRequired\":true,\"valueName\":\"search_term_string\"}}],\"inLanguage\":\"en-US\"}]}<\/script>\n<!-- \/ Yoast SEO plugin. -->","yoast_head_json":{"title":"K\u00f8b Magnus MR Morfin 30mg - Bedste bedste globale medicin","description":"Du kan\u00a0k\u00f8be Magnus MR\u00a0(Morphine\u00a0Sulfate)\u00a030mg\u00a0kapsler\u00a0online\u00a0uden recept (ingen RX). Morfin 30mg til salg UK, Europa","robots":{"index":"index","follow":"follow","max-snippet":"max-snippet:-1","max-image-preview":"max-image-preview:large","max-video-preview":"max-video-preview:-1"},"canonical":"https:\/\/medicinasinc.com\/da\/product\/kob-magnus-mr-morfin-30mg-online\/","og_locale":"en_US","og_type":"article","og_title":"K\u00f8b Magnus MR Morfin 30mg - Bedste bedste globale medicin","og_description":"Du kan\u00a0k\u00f8be Magnus MR\u00a0(Morphine\u00a0Sulfate)\u00a030mg\u00a0kapsler\u00a0online\u00a0uden recept (ingen RX). Morfin 30mg til salg UK, Europa","og_url":"https:\/\/medicinasinc.com\/da\/product\/kob-magnus-mr-morfin-30mg-online\/","og_site_name":"Medicinas Inc","article_modified_time":"2022-03-20T00:40:42+00:00","og_image":[{"width":600,"height":600,"url":"https:\/\/medicinasinc.com\/da\/wp-content\/uploads\/sites\/8\/2022\/02\/Buy-Magnus-MR-Morphine-30mg.jpg","type":"image\/jpeg"}],"twitter_card":"summary_large_image","twitter_misc":{"Est. reading time":"7 minutes"},"schema":{"@context":"https:\/\/schema.org","@graph":[{"@type":"WebPage","@id":"https:\/\/medicinasinc.com\/da\/product\/kob-magnus-mr-morfin-30mg-online\/","url":"https:\/\/medicinasinc.com\/da\/product\/kob-magnus-mr-morfin-30mg-online\/","name":"K\u00f8b Magnus MR Morfin 30mg - Bedste bedste globale medicin","isPartOf":{"@id":"https:\/\/medicinasinc.com\/da\/#website"},"primaryImageOfPage":{"@id":"https:\/\/medicinasinc.com\/da\/product\/kob-magnus-mr-morfin-30mg-online\/#primaryimage"},"image":{"@id":"https:\/\/medicinasinc.com\/da\/product\/kob-magnus-mr-morfin-30mg-online\/#primaryimage"},"thumbnailUrl":"https:\/\/medicinasinc.com\/da\/wp-content\/uploads\/sites\/8\/2022\/02\/Buy-Magnus-MR-Morphine-30mg.jpg","datePublished":"2022-02-20T22:28:45+00:00","dateModified":"2022-03-20T00:40:42+00:00","description":"Du kan\u00a0k\u00f8be Magnus MR\u00a0(Morphine\u00a0Sulfate)\u00a030mg\u00a0kapsler\u00a0online\u00a0uden recept (ingen RX). Morfin 30mg til salg UK, Europa","breadcrumb":{"@id":"https:\/\/medicinasinc.com\/da\/product\/kob-magnus-mr-morfin-30mg-online\/#breadcrumb"},"inLanguage":"en-US","potentialAction":[{"@type":"ReadAction","target":["https:\/\/medicinasinc.com\/da\/product\/kob-magnus-mr-morfin-30mg-online\/"]}]},{"@type":"ImageObject","inLanguage":"en-US","@id":"https:\/\/medicinasinc.com\/da\/product\/kob-magnus-mr-morfin-30mg-online\/#primaryimage","url":"https:\/\/medicinasinc.com\/da\/wp-content\/uploads\/sites\/8\/2022\/02\/Buy-Magnus-MR-Morphine-30mg.jpg","contentUrl":"https:\/\/medicinasinc.com\/da\/wp-content\/uploads\/sites\/8\/2022\/02\/Buy-Magnus-MR-Morphine-30mg.jpg","width":600,"height":600},{"@type":"BreadcrumbList","@id":"https:\/\/medicinasinc.com\/da\/product\/kob-magnus-mr-morfin-30mg-online\/#breadcrumb","itemListElement":[{"@type":"ListItem","position":1,"name":"Butik","item":"https:\/\/medicinasinc.com\/da\/butik\/"},{"@type":"ListItem","position":2,"name":"K\u00f8b Magnus MR Morfin 30mg online"}]},{"@type":"WebSite","@id":"https:\/\/medicinasinc.com\/da\/#website","url":"https:\/\/medicinasinc.com\/da\/","name":"Medicinas Inc","description":"Health Medical Clinic","potentialAction":[{"@type":"SearchAction","target":{"@type":"EntryPoint","urlTemplate":"https:\/\/medicinasinc.com\/da\/?s={search_term_string}"},"query-input":{"@type":"PropertyValueSpecification","valueRequired":true,"valueName":"search_term_string"}}],"inLanguage":"en-US"}]}},"_links":{"self":[{"href":"https:\/\/medicinasinc.com\/da\/wp-json\/wp\/v2\/product\/5239","targetHints":{"allow":["GET"]}}],"collection":[{"href":"https:\/\/medicinasinc.com\/da\/wp-json\/wp\/v2\/product"}],"about":[{"href":"https:\/\/medicinasinc.com\/da\/wp-json\/wp\/v2\/types\/product"}],"replies":[{"embeddable":true,"href":"https:\/\/medicinasinc.com\/da\/wp-json\/wp\/v2\/comments?post=5239"}],"wp:featuredmedia":[{"embeddable":true,"href":"https:\/\/medicinasinc.com\/da\/wp-json\/wp\/v2\/media\/5258"}],"wp:attachment":[{"href":"https:\/\/medicinasinc.com\/da\/wp-json\/wp\/v2\/media?parent=5239"}],"wp:term":[{"taxonomy":"product_brand","embeddable":true,"href":"https:\/\/medicinasinc.com\/da\/wp-json\/wp\/v2\/product_brand?post=5239"},{"taxonomy":"product_cat","embeddable":true,"href":"https:\/\/medicinasinc.com\/da\/wp-json\/wp\/v2\/product_cat?post=5239"},{"taxonomy":"product_tag","embeddable":true,"href":"https:\/\/medicinasinc.com\/da\/wp-json\/wp\/v2\/product_tag?post=5239"}],"curies":[{"name":"wp","href":"https:\/\/api.w.org\/{rel}","templated":true}]}}